{"id":25818,"date":"2023-09-15T09:51:43","date_gmt":"2023-09-15T09:51:43","guid":{"rendered":"https:\/\/staging.registrarcorp.com\/fda-regulations-2\/"},"modified":"2024-09-03T19:42:12","modified_gmt":"2024-09-03T19:42:12","slug":"fda-regulations-2","status":"publish","type":"page","link":"https:\/\/staging.registrarcorp.com\/pt-br\/fda-regulations-2\/","title":{"rendered":"Assist\u00eancia com os regulamentos da FDA dos EUA"},"content":{"rendered":"<div class=\"wpb-content-wrapper\">[vc_section el_id=&#8221;section-hero&#8221;][vc_row full_width=&#8221;stretch_row&#8221; css=&#8221;.vc_custom_1696937528435{padding-top: 70px !important;padding-bottom: 50px !important;background-color: #ffffff !important;}&#8221;][vc_column width=&#8221;1\/2&#8243;][vc_column_text fnt_family=&#8221;Montserrat&#8221; fnt_size=&#8221;46px&#8221;]\n<h1 style=\"font-weight: bold; line-height: 58px;\"><span style=\"color: #003873;\">Seu recurso abrangente para conformidade com a FDA <\/span><span style=\"color: #0081ff;\">dos EUA.<\/span><\/h1>\n[\/vc_column_text][vc_raw_html]PHAgY2xhc3M9InRleHRDb2xsYWJQYXJhZ3JhcGggaGlkZGVuIj48c3BhbiBjbGFzcz0iY29sbGFiLW5hbWUiPjwvc3Bhbj4gZXNjb2xoZXUgYSBSZWdpc3RyYXIgQ29ycCBjb21vIHNldSBmb3JuZWNlZG9yIHJlY29tZW5kYWRvIGRlIHNlcnZpw6dvcyBkZSBjb25mb3JtaWRhZGUgY29tIGEgRkRBLjwvcD4=[\/vc_raw_html][vc_btn title=&#8221;Obtenha assist\u00eancia especializada&#8221; style=&#8221;flat&#8221; shape=&#8221;square&#8221; color=&#8221;blue&#8221; size=&#8221;lg&#8221; align=&#8221;left&#8221; i_align=&#8221;right&#8221; i_icon_fontawesome=&#8221;fas fa-arrow-right&#8221; add_icon=&#8221;true&#8221; el_class=&#8221;primary-btn btnTextBold&#8221; css=&#8221;.vc_custom_1695222817639{padding-top: 38px !important;}&#8221; link=&#8221;url:%23getStarted|&#8221;][\/vc_column][vc_column width=&#8221;1\/2&#8243;][vc_raw_html]PGRpdiBjbGFzcz0iY29sbGFiLWJveCI+CjwhLS1oMyBjbGFzcz0idGV4dENvbGxhYkhlYWRlciI+SW4gY29sbGFib3JhdGlvbiB3aXRoPC9oMyEtLT4KPGltZyBjbGFzcz0iY29sbGFiLWxvZ28iIHNyYz0iIj4KPC9kaXY+[\/vc_raw_html][\/vc_column][\/vc_row][vc_row][vc_column][vc_raw_js]JTNDc2NyaXB0JTIwc3JjJTNEJTIyJTJGd3AtY29udGVudCUyRnRoZW1lcyUyRmJvb3RzY29yZS1jaGlsZC1tYWluJTJGanMlMkZyZWZlcnJhbE9yZ2FuaXphdGlvbnMuanMlMjIlM0UlM0MlMkZzY3JpcHQlM0UlMEElM0NzY3JpcHQlMjBzcmMlM0QlMjIlMkZ3cC1jb250ZW50JTJGdGhlbWVzJTJGYm9vdHNjb3JlLWNoaWxkLW1haW4lMkZqcyUyRmZkYV9yZWd1bGF0aW9ucy5qcyUyMiUzRSUzQyUyRnNjcmlwdCUzRQ==[\/vc_raw_js][\/vc_column][\/vc_row][\/vc_section][vc_row full_width=&#8221;stretch_row&#8221; css=&#8221;.vc_custom_1694771914892{padding-top: 50px !important;padding-bottom: 50px !important;background-color: #eceff1 !important;}&#8221; el_class=&#8221;vertical-text-align&#8221;][vc_column width=&#8221;1\/2&#8243;][vc_single_image image=&#8221;23203&#8243; img_size=&#8221;full&#8221;][\/vc_column][vc_column width=&#8221;1\/2&#8243; el_class=&#8221;col-txt-center&#8221;][vc_custom_heading text=&#8221;Desde 2003, a Registrar Corp tem ajudado mais de 30.000 empresas em todo o mundo com as regulamenta\u00e7\u00f5es da FDA dos EUA.&#8221; font_container=&#8221;tag:h2|font_size:32px|text_align:left|color:%23003873|line_height:46px&#8221; google_fonts=&#8221;font_family:Montserrat%3Aregular%2C700|font_style:700%20bold%20regular%3A700%3Anormal&#8221;][\/vc_column][\/vc_row][vc_row full_width=&#8221;stretch_row&#8221; disable_element=&#8221;yes&#8221; css=&#8221;.vc_custom_1701683297857{padding-bottom: 50px !important;background-color: #ffffff !important;}&#8221;][vc_column][vc_custom_heading text=&#8221;Servi\u00e7os que fornecemos&#8221; font_container=&#8221;tag:h2|font_size:32px|text_align:center|color:%23003873|line_height:40px&#8221; google_fonts=&#8221;font_family:Montserrat%3Aregular%2C700|font_style:700%20bold%20regular%3A700%3Anormal&#8221;][vc_raw_html css=&#8221;.vc_custom_1697113721172{padding-top: 50px !important;background-color: #ffffff !important;}&#8221;]PGRpdiBjbGFzcz0icmVmLXNlcnZpY2VzIj4KPGRpdiBjbGFzcz0ic2VydmljZU5hbWUgZC1mbGV4Ij48L2Rpdj4KPC9kaXY+[\/vc_raw_html][\/vc_column][\/vc_row][vc_row full_width=&#8221;stretch_row&#8221; disable_element=&#8221;yes&#8221; css=&#8221;.vc_custom_1701683308509{padding-bottom: 50px !important;background-color: #ffffff !important;}&#8221; el_class=&#8221;ifNotRef&#8221;][vc_column][vc_row_inner css=&#8221;.vc_custom_1697113548397{padding-top: 50px !important;}&#8221;][vc_column_inner width=&#8221;1\/4&#8243;][vc_single_image image=&#8221;23231&#8243; img_size=&#8221;full&#8221; alignment=&#8221;center&#8221; el_class=&#8221;ref-fda-reg&#8221;][\/vc_column_inner][vc_column_inner width=&#8221;1\/4&#8243;][vc_single_image image=&#8221;23303&#8243; img_size=&#8221;full&#8221; alignment=&#8221;center&#8221;][\/vc_column_inner][vc_column_inner width=&#8221;1\/4&#8243;][vc_single_image image=&#8221;23222&#8243; img_size=&#8221;full&#8221; alignment=&#8221;center&#8221;][\/vc_column_inner][vc_column_inner width=&#8221;1\/4&#8243;][vc_single_image image=&#8221;23240&#8243; img_size=&#8221;full&#8221; alignment=&#8221;center&#8221;][\/vc_column_inner][\/vc_row_inner][vc_row_inner][vc_column_inner width=&#8221;1\/4&#8243;][vc_custom_heading text=&#8221;Registro na FDA&#8221; font_container=&#8221;tag:h2|font_size:24px|text_align:center|color:%230081ff|line_height:34px&#8221; google_fonts=&#8221;font_family:Montserrat%3Aregular%2C700|font_style:400%20regular%3A400%3Anormal&#8221; el_class=&#8221;ref-fda-reg&#8221;][\/vc_column_inner][vc_column_inner width=&#8221;1\/4&#8243;][vc_custom_heading text=&#8221;Servi\u00e7os de seguran\u00e7a alimentar&#8221; font_container=&#8221;tag:h2|font_size:24px|text_align:center|color:%230081ff|line_height:34px&#8221; google_fonts=&#8221;font_family:Montserrat%3Aregular%2C700|font_style:400%20regular%3A400%3Anormal&#8221;][\/vc_column_inner][vc_column_inner width=&#8221;1\/4&#8243;][vc_custom_heading text=&#8221;Registro FCE&#8221; font_container=&#8221;tag:h2|font_size:24px|text_align:center|color:%230081ff|line_height:34px&#8221; google_fonts=&#8221;font_family:Montserrat%3Aregular%2C700|font_style:400%20regular%3A400%3Anormal&#8221;][\/vc_column_inner][vc_column_inner width=&#8221;1\/4&#8243;][vc_custom_heading text=&#8221;Revis\u00e3o de &amp; ingredientes do r\u00f3tulo&#8221; font_container=&#8221;tag:h2|font_size:24px|text_align:center|color:%230081ff|line_height:34px&#8221; google_fonts=&#8221;font_family:Montserrat%3Aregular%2C700|font_style:400%20regular%3A400%3Anormal&#8221;][\/vc_column_inner][\/vc_row_inner][vc_row_inner][vc_column_inner width=&#8221;1\/4&#8243;][vc_single_image image=&#8221;23294&#8243; img_size=&#8221;full&#8221; alignment=&#8221;center&#8221;][\/vc_column_inner][vc_column_inner width=&#8221;1\/4&#8243;][vc_single_image image=&#8221;23213&#8243; img_size=&#8221;full&#8221; alignment=&#8221;center&#8221;][\/vc_column_inner][vc_column_inner width=&#8221;1\/4&#8243;][vc_single_image image=&#8221;23285&#8243; img_size=&#8221;full&#8221; alignment=&#8221;center&#8221;][\/vc_column_inner][vc_column_inner width=&#8221;1\/4&#8243;][vc_single_image image=&#8221;23276&#8243; img_size=&#8221;full&#8221; alignment=&#8221;center&#8221;][\/vc_column_inner][\/vc_row_inner][vc_row_inner][vc_column_inner width=&#8221;1\/4&#8243;][vc_custom_heading text=&#8221;Registro TTB&#8221; font_container=&#8221;tag:h2|font_size:24px|text_align:center|color:%230081ff|line_height:34px&#8221; google_fonts=&#8221;font_family:Montserrat%3Aregular%2C700|font_style:400%20regular%3A400%3Anormal&#8221;][\/vc_column_inner][vc_column_inner width=&#8221;1\/4&#8243;][vc_custom_heading text=&#8221;Prior Notice&#8221; font_container=&#8221;tag:h2|font_size:24px|text_align:center|color:%230081ff|line_height:34px&#8221; google_fonts=&#8221;font_family:Montserrat%3Aregular%2C700|font_style:400%20regular%3A400%3Anormal&#8221;][\/vc_column_inner][vc_column_inner width=&#8221;1\/4&#8243;][vc_custom_heading text=&#8221;Alertas de importa\u00e7\u00e3o&#8221; font_container=&#8221;tag:h2|font_size:24px|text_align:center|color:%230081ff|line_height:34px&#8221; google_fonts=&#8221;font_family:Montserrat%3Aregular%2C700|font_style:400%20regular%3A400%3Anormal&#8221;][\/vc_column_inner][vc_column_inner width=&#8221;1\/4&#8243;][vc_custom_heading text=&#8221;Assist\u00eancia \u00e0 deten\u00e7\u00e3o&#8221; font_container=&#8221;tag:h2|font_size:24px|text_align:center|color:%230081ff|line_height:34px&#8221; google_fonts=&#8221;font_family:Montserrat%3Aregular%2C700|font_style:400%20regular%3A400%3Anormal&#8221;][\/vc_column_inner][\/vc_row_inner][vc_row_inner css=&#8221;.vc_custom_1694774756148{padding-top: 30px !important;}&#8221;][vc_column_inner width=&#8221;1\/4&#8243;][vc_single_image image=&#8221;23249&#8243; img_size=&#8221;full&#8221; alignment=&#8221;center&#8221;][\/vc_column_inner][vc_column_inner width=&#8221;1\/4&#8243;][vc_single_image image=&#8221;23267&#8243; img_size=&#8221;full&#8221; alignment=&#8221;center&#8221;][\/vc_column_inner][vc_column_inner width=&#8221;1\/4&#8243;][vc_single_image image=&#8221;23285&#8243; img_size=&#8221;full&#8221; alignment=&#8221;center&#8221;][\/vc_column_inner][\/vc_row_inner][vc_row_inner][vc_column_inner width=&#8221;1\/4&#8243;][vc_custom_heading text=&#8221;ComplyHub .&#8221; font_container=&#8221;tag:h2|font_size:24px|text_align:center|color:%230081ff|line_height:34px&#8221; google_fonts=&#8221;font_family:Montserrat%3Aregular%2C700|font_style:400%20regular%3A400%3Anormal&#8221;][\/vc_column_inner][vc_column_inner width=&#8221;1\/4&#8243;][vc_custom_heading text=&#8221;A la Calc&#8221; font_container=&#8221;tag:h2|font_size:24px|text_align:center|color:%230081ff|line_height:34px&#8221; google_fonts=&#8221;font_family:Montserrat%3Aregular%2C700|font_style:400%20regular%3A400%3Anormal&#8221;][\/vc_column_inner][vc_column_inner width=&#8221;1\/4&#8243;][vc_custom_heading text=&#8221;Treinamentos on-line&#8221; font_container=&#8221;tag:h2|font_size:24px|text_align:center|color:%230081ff|line_height:34px&#8221; google_fonts=&#8221;font_family:Montserrat%3Aregular%2C700|font_style:400%20regular%3A400%3Anormal&#8221;][\/vc_column_inner][\/vc_row_inner][\/vc_column][\/vc_row][vc_row full_width=&#8221;stretch_row&#8221; css=&#8221;.vc_custom_1697537165754{padding-bottom: 30px !important;background-color: #cde8fa !important;}&#8221; el_class=&#8221;vertical-text-align tile-span&#8221; el_id=&#8221;getStarted&#8221;][vc_column css=&#8221;.vc_custom_1683805777928{padding-top: 75px !important;}&#8221;][vc_column_text fnt_family=&#8221;Montserrat&#8221; fnt_size=&#8221;46px&#8221;]\n<h2 style=\"font-weight: bold;\"><span style=\"color: #003873;\">Seu parceiro em conformidade. Obtenha assist\u00eancia especializada com as regulamenta\u00e7\u00f5es da FDA dos EUA da Registrar Corp.<\/span><\/h2>\n[\/vc_column_text][vc_raw_html el_class=&#8221;form-box&#8221;]W2dyYXZpdHlmb3JtcyBpZD00NSB0aXRsZT1mYWxzZSBkZXNjcmlwdGlvbj1mYWxzZV0=[\/vc_raw_html][\/vc_column][\/vc_row]\n<\/div>","protected":false},"excerpt":{"rendered":"<p>[vc_section el_id=&#8221;section-hero&#8221;][vc_row full_width=&#8221;stretch_row&#8221; css=&#8221;.vc_custom_1696937528435{padding-top: 70px !important;padding-bottom: 50px !important;background-color: #ffffff !important;}&#8221;][vc_column width=&#8221;1\/2&#8243;][vc_column_text fnt_family=&#8221;Montserrat&#8221; fnt_size=&#8221;46px&#8221;] Seu recurso abrangente para conformidade com a FDA dos EUA. [\/vc_column_text][vc_raw_html]PHAgY2xhc3M9InRleHRDb2xsYWJQYXJhZ3JhcGggaGlkZGVuIj48c3BhbiBjbGFzcz0iY29sbGFiLW5hbWUiPjwvc3Bhbj4gZXNjb2xoZXUgYSBSZWdpc3RyYXIgQ29ycCBjb21vIHNldSBmb3JuZWNlZG9yIHJlY29tZW5kYWRvIGRlIHNlcnZpw6dvcyBkZSBjb25mb3JtaWRhZGUgY29tIGEgRkRBLjwvcD4=[\/vc_raw_html][vc_btn title=&#8221;Obtenha assist\u00eancia especializada&#8221; style=&#8221;flat&#8221; shape=&#8221;square&#8221; color=&#8221;blue&#8221; size=&#8221;lg&#8221; align=&#8221;left&#8221; i_align=&#8221;right&#8221; i_icon_fontawesome=&#8221;fas fa-arrow-right&#8221; add_icon=&#8221;true&#8221; el_class=&#8221;primary-btn btnTextBold&#8221; css=&#8221;.vc_custom_1695222817639{padding-top: 38px !important;}&#8221; link=&#8221;url:%23getStarted|&#8221;][\/vc_column][vc_column width=&#8221;1\/2&#8243;][vc_raw_html]PGRpdiBjbGFzcz0iY29sbGFiLWJveCI+CjwhLS1oMyBjbGFzcz0idGV4dENvbGxhYkhlYWRlciI+SW4gY29sbGFib3JhdGlvbiB3aXRoPC9oMyEtLT4KPGltZyBjbGFzcz0iY29sbGFiLWxvZ28iIHNyYz0iIj4KPC9kaXY+[\/vc_raw_html][\/vc_column][\/vc_row][vc_row][vc_column][vc_raw_js]JTNDc2NyaXB0JTIwc3JjJTNEJTIyJTJGd3AtY29udGVudCUyRnRoZW1lcyUyRmJvb3RzY29yZS1jaGlsZC1tYWluJTJGanMlMkZyZWZlcnJhbE9yZ2FuaXphdGlvbnMuanMlMjIlM0UlM0MlMkZzY3JpcHQlM0UlMEElM0NzY3JpcHQlMjBzcmMlM0QlMjIlMkZ3cC1jb250ZW50JTJGdGhlbWVzJTJGYm9vdHNjb3JlLWNoaWxkLW1haW4lMkZqcyUyRmZkYV9yZWd1bGF0aW9ucy5qcyUyMiUzRSUzQyUyRnNjcmlwdCUzRQ==[\/vc_raw_js][\/vc_column][\/vc_row][\/vc_section][vc_row full_width=&#8221;stretch_row&#8221; css=&#8221;.vc_custom_1694771914892{padding-top: 50px !important;padding-bottom: 50px !important;background-color: #eceff1 !important;}&#8221; el_class=&#8221;vertical-text-align&#8221;][vc_column width=&#8221;1\/2&#8243;][vc_single_image image=&#8221;23203&#8243; img_size=&#8221;full&#8221;][\/vc_column][vc_column<\/p>\n","protected":false},"author":33,"featured_media":0,"parent":0,"menu_order":0,"comment_status":"closed","ping_status":"closed","template":"page-templates\/page-sidebar-none.php","meta":{"_acf_changed":false,"content-type":"","footnotes":""},"class_list":["post-25818","page","type-page","status-publish","hentry"],"acf":[],"_links":{"self":[{"href":"https:\/\/staging.registrarcorp.com\/pt-br\/wp-json\/wp\/v2\/pages\/25818","targetHints":{"allow":["GET"]}}],"collection":[{"href":"https:\/\/staging.registrarcorp.com\/pt-br\/wp-json\/wp\/v2\/pages"}],"about":[{"href":"https:\/\/staging.registrarcorp.com\/pt-br\/wp-json\/wp\/v2\/types\/page"}],"author":[{"embeddable":true,"href":"https:\/\/staging.registrarcorp.com\/pt-br\/wp-json\/wp\/v2\/users\/33"}],"replies":[{"embeddable":true,"href":"https:\/\/staging.registrarcorp.com\/pt-br\/wp-json\/wp\/v2\/comments?post=25818"}],"version-history":[{"count":0,"href":"https:\/\/staging.registrarcorp.com\/pt-br\/wp-json\/wp\/v2\/pages\/25818\/revisions"}],"wp:attachment":[{"href":"https:\/\/staging.registrarcorp.com\/pt-br\/wp-json\/wp\/v2\/media?parent=25818"}],"curies":[{"name":"wp","href":"https:\/\/api.w.org\/{rel}","templated":true}]}}