{"id":25374,"date":"2023-11-30T16:17:48","date_gmt":"2023-11-30T16:17:48","guid":{"rendered":"https:\/\/staging.registrarcorp.com\/certdox\/"},"modified":"2025-05-27T20:49:42","modified_gmt":"2025-05-27T20:49:42","slug":"certdox","status":"publish","type":"page","link":"https:\/\/staging.registrarcorp.com\/pt-br\/certdox\/","title":{"rendered":"CertDox"},"content":{"rendered":"<div class=\"wpb-content-wrapper\">[vc_section full_width=&#8221;stretch_row&#8221; el_class=&#8221;pt-resp-topmost-section p-resp-section&#8221; el_id=&#8221;headerRow&#8221; css=&#8221;.vc_custom_1747986791199{padding-top: 120px !important;padding-bottom: 80px !important;background-color: #ffffff !important;}&#8221;][vc_row el_class=&#8221;hero-section max-breakpoint-md&#8221;][vc_column width=&#8221;1\/2&#8243;][vc_column_text fnt_family_h1=&#8221;Montserrat&#8221; fnt_size_h1=&#8221;46px&#8221;]\n<h1 style=\"font-weight: bold;\"><span style=\"color: #003873;\">Seu recurso para certifica\u00e7\u00e3o e conformidade regulat\u00f3ria.<\/span><\/h1>\n[\/vc_column_text][vc_column_text css=&#8221;&#8221; fnt_family=&#8221;Montserrat&#8221; fnt_size=&#8221;24&#8243; el_class=&#8221;rc-body-paragraph-m-resp&#8221;]A Registrar Corp tem o prazer de fazer parceria com a CertDox. Podemos ajud\u00e1-lo a cumprir os requisitos regulat\u00f3rios e de certifica\u00e7\u00e3o de seguran\u00e7a alimentar usando nossos treinamentos on-line de n\u00edvel internacional e o software inovador de receita e nutri\u00e7\u00e3o, A la Calc.<\/p>\n<p>Use o c\u00f3digo <strong>CERTDOX15<\/strong> na finaliza\u00e7\u00e3o da compra para receber seu desconto de 15%.[\/vc_column_text][vc_row_inner][vc_column_inner][vc_btn title=&#8221;Explorar cursos&#8221; color=&#8221;sky&#8221; i_align=&#8221;right&#8221; i_icon_fontawesome=&#8221;fas fa-arrow-right&#8221; css=&#8221;.vc_custom_1747985944889{margin-right: 32px !important;}&#8221; add_icon=&#8221;true&#8221; link=&#8221;url:https%3A%2F%2Fstaging.registrarcorp.com%2Fpt-br%2Fcompliance-training%2F%3Futm_source%3Drc-website%26utm_medium%3Dwebpage%26utm_campaign%3Dcertdox_referral|target:_blank|&#8221; el_class=&#8221;primary-btn&#8221;][vc_btn title=&#8221;Descubra a la Calc&#8221; color=&#8221;vista-blue&#8221; i_align=&#8221;right&#8221; i_icon_fontawesome=&#8221;fas fa-arrow-right&#8221; css=&#8221;&#8221; add_icon=&#8221;true&#8221; link=&#8221;url:https%3A%2F%2Fstaging.registrarcorp.com%2Fpt-br%2Fsoftware%2Frecipe-analysis-and-nutrition-software%2F%3Futm_source%3Drc-website%26utm_medium%3Dwebpage%26utm_campaign%3Dcertdox_referral|target:_blank|&#8221; el_class=&#8221;primary-btn-reverse&#8221;][\/vc_column_inner][\/vc_row_inner][\/vc_column][vc_column width=&#8221;1\/2&#8243; el_class=&#8221;container-right&#8221;][vc_single_image image=&#8221;25173&#8243; img_size=&#8221;full&#8221; alignment=&#8221;center&#8221; css=&#8221;.vc_custom_1747985300738{margin-bottom: 0px !important;}&#8221;][\/vc_column][\/vc_row][\/vc_section][vc_section full_width=&#8221;stretch_row&#8221; content_placement=&#8221;middle&#8221; css=&#8221;.vc_custom_1747985346064{background-color: #cde8fa !important;}&#8221; el_class=&#8221;p-resp-section p-resp-section&#8211;smaller&#8221;][vc_row content_placement=&#8221;middle&#8221;][vc_column width=&#8221;1\/2&#8243; el_class=&#8221;mb-mobile-32&#8243;][vc_single_image image=&#8221;25191&#8243; img_size=&#8221;full&#8221; css=&#8221;.vc_custom_1747986730449{margin-bottom: 0px !important;padding-right: 70px !important;}&#8221; el_class=&#8221;text-center text-lg-start pr-mobile-unset&#8221;][\/vc_column][vc_column width=&#8221;1\/2&#8243;][vc_column_text css=&#8221;.vc_custom_1747985471706{margin-bottom: 0px !important;}&#8221; fnt_family_h2=&#8221;Montserrat&#8221; fnt_size_h2=&#8221;32&#8243;]\n<h2><strong><span style=\"color: #003873;\"><span style=\"font-weight: bold;\"><span class=\"no-translate\">30,000<\/span><span style=\"color: #f54f45;\"><span class=\"no-translate\">+<\/span><\/span><\/span> clientes em todo o mundo confiam em n\u00f3s todos os anos para proteger suas empresas e ajudar a colocar seus produtos no mercado.<\/span><\/strong><\/h2>\n[\/vc_column_text][\/vc_column][\/vc_row][\/vc_section][vc_section full_width=&#8221;stretch_row&#8221; css=&#8221;.vc_custom_1747985519474{background-color: #F2F5F7 !important;}&#8221; el_class=&#8221;p-resp-section&#8221;][vc_row el_class=&#8221;mb-mobile-32&#8243; css=&#8221;.vc_custom_1747985629531{margin-bottom: 48px !important;}&#8221;][vc_column][vc_column_text css=&#8221;.vc_custom_1747985662774{margin-bottom: 0px !important;}&#8221; el_class=&#8221;text-center rc-heading-s-resp&#8221;]Recursos de treinamento e conformidade[\/vc_column_text][\/vc_column][\/vc_row][vc_row content_placement=&#8221;middle&#8221; el_class=&#8221;card-row mb-mobile-32&#8243; css=&#8221;.vc_custom_1747985604537{margin-bottom: 64px !important;}&#8221;][vc_column width=&#8221;1\/2&#8243; el_class=&#8221;container-left&#8221;][vc_raw_html css=&#8221;&#8221;]PGRpdiBjbGFzcz0ibGVmdC1jYXJkIiBzdHlsZT0id2lkdGg6IDEwMCU7YmFja2dyb3VuZDogI2ZmZjttaW4taGVpZ2h0OiAyODBweDsiPgogICAgPGRpdiBjbGFzcz0ibGVmdC1kaXYiIHN0eWxlPSJ3aWR0aDozMCU7aGVpZ2h0OjI4MHB4O2Zsb2F0OmxlZnQiPgogICAgICAgIDxpbWcgc3JjPSIvd3AtY29udGVudC91cGxvYWRzLzIwMjMvMTEvQWRvYmVTdG9ja18yMDE4MDk5MjUtMS5wbmciPgogICAgPC9kaXY+CiAgICA8ZGl2IGNsYXNzPSJyaWdodC1kaXYiIHN0eWxlPSJ3aWR0aDo3MCU7aGVpZ2h0OjI4MHB4O2Zsb2F0OmxlZnQ7cGFkZGluZzoyNXB4OyI+CiAgICAgICAgPGgyIHN0eWxlPSJjb2xvcjogIzAwMzg3MyAhaW1wb3J0YW50O2ZvbnQtc2l6ZToyNHB4OyBmb250LXdlaWdodDogYm9sZDsiPlRyZWluYW1lbnRvcyBvbi1saW5lPC9oMj4KICAgICAgICA8cCBzdHlsZT0iY29sb3I6ICMwMDM4NzM7Zm9udC1zaXplOjE4cHg7bGluZS1oZWlnaHQ6MjhweCI+TmF2ZWd1ZSBwZWxvcyByZXF1aXNpdG9zIGUgcmVndWxhbWVudG9zIGRlIGNlcnRpZmljYcOnw6NvIGRlIHNlZ3VyYW7Dp2EgYWxpbWVudGFyIHBhcmEgbWFudGVyLXNlIGVtIGNvbmZvcm1pZGFkZS4gRmHDp2Egbm9zc29zIHRyZWluYW1lbnRvcyBvbi1saW5lIGVjb27DtG1pY29zIGEgcXVhbHF1ZXIgaG9yYSwgZW0gcXVhbHF1ZXIgbHVnYXIuPC9wPgogICAgICAgIDxkaXYgY2xhc3M9InByaW1hcnktYnRuIHZjX2J0bjMtaW5saW5lIj48YSBjbGFzcz0idmNfZ2VuZXJhbCB2Y19idG4zIHZjX2J0bjMtc2l6ZS1tZCB2Y19idG4zLXNoYXBlLXJvdW5kZWQgdmNfYnRuMy1zdHlsZS1tb2Rlcm4gdmNfYnRuMy1pY29uLXJpZ2h0IHZjX2J0bjMtY29sb3Itc2t5IiBocmVmPSJodHRwczovL3N0YWdpbmcucmVnaXN0cmFyY29ycC5jb20vcHQtYnIvY29tcGxpYW5jZS10cmFpbmluZy8\/dXRtX3NvdXJjZT1yYy13ZWJzaXRlJnV0bV9tZWRpdW09d2VicGFnZSZ1dG1fY2FtcGFpZ249Y2VydGRveF9yZWZlcnJhbCIgdGl0bGU9IiIgdGFyZ2V0PSJfYmxhbmsiPkV4cGxvcmFyIGN1cnNvcyA8aSBjbGFzcz0idmNfYnRuMy1pY29uIGZhcyBmYS1hcnJvdy1yaWdodCI+PC9pPjwvYT48L2Rpdj4KICAgIDwvZGl2Pgo8L2Rpdj4=[\/vc_raw_html][\/vc_column][vc_column width=&#8221;1\/2&#8243; el_class=&#8221;container-right&#8221;][vc_raw_html css=&#8221;&#8221;]PGRpdiBjbGFzcz0icmlnaHQtY2FyZCIgc3R5bGU9IndpZHRoOiAxMDAlO2JhY2tncm91bmQ6ICNmZmY7bWluLWhlaWdodDogMjgwcHg7Ij4KICAgIDxkaXYgY2xhc3M9ImxlZnQtZGl2IiBzdHlsZT0id2lkdGg6MzAlO2hlaWdodDoyODBweDtmbG9hdDpsZWZ0Ij4KICAgICAgICA8aW1nIHNyYz0iL3dwLWNvbnRlbnQvdXBsb2Fkcy8yMDIzLzExL0Fkb2JlU3RvY2tfMTQxNTIyMzQwLTItMS5wbmciPgogICAgPC9kaXY+CiAgICA8ZGl2IGNsYXNzPSJyaWdodC1kaXYiIHN0eWxlPSJ3aWR0aDo3MCU7aGVpZ2h0OjI4MHB4O2Zsb2F0OmxlZnQ7cGFkZGluZzoyNXB4OyI+CiAgICAgICAgPGgyIHN0eWxlPSJjb2xvcjogIzAwMzg3MyAhaW1wb3J0YW50O2ZvbnQtc2l6ZToyNHB4OyBmb250LXdlaWdodDogYm9sZDsiPkEgbGEgQ2FsYzwvaDI+CiAgICAgICAgPHAgc3R5bGU9ImNvbG9yOiAjMDAzODczO2ZvbnQtc2l6ZToxOHB4O2xpbmUtaGVpZ2h0OjI4cHgiPkFuYWxpc2UgZSBjb21wYXJlIHJlY2VpdGFzLCBjYWxjdWxlIGZhdG9zIG51dHJpY2lvbmFpcywgaWRlbnRpZmlxdWUgYWzDqXJnZW5vcywgY3VzdG9zIGUgY3JpZSByw7N0dWxvcyBkZSBhbGltZW50b3MgY29tIGVzc2Egc29sdcOnw6NvIGRlIHNvZnR3YXJlIGRlIGF1dG9hdGVuZGltZW50by48L3A+CiAgICAgICAgPGRpdiBjbGFzcz0icHJpbWFyeS1idG4gdmNfYnRuMy1pbmxpbmUiPjxhIGNsYXNzPSJ2Y19nZW5lcmFsIHZjX2J0bjMgdmNfYnRuMy1zaXplLW1kIHZjX2J0bjMtc2hhcGUtcm91bmRlZCB2Y19idG4zLXN0eWxlLW1vZGVybiB2Y19idG4zLWljb24tcmlnaHQgdmNfYnRuMy1jb2xvci1za3kiIGhyZWY9Imh0dHBzOi8vc3RhZ2luZy5yZWdpc3RyYXJjb3JwLmNvbS9wdC1ici9zb2Z0d2FyZS9yZWNpcGUtYW5hbHlzaXMtYW5kLW51dHJpdGlvbi1zb2Z0d2FyZS8\/dXRtX3NvdXJjZT1yYy13ZWJzaXRlJnV0bV9tZWRpdW09d2VicGFnZSZ1dG1fY2FtcGFpZ249Y2VydGRveF9yZWZlcnJhbCIgdGl0bGU9IiIgdGFyZ2V0PSJfYmxhbmsiPkluc2NyZXZhLXNlIDxpIGNsYXNzPSJ2Y19idG4zLWljb24gZmFzIGZhLWFycm93LXJpZ2h0Ij48L2k+PC9hPjwvZGl2PgogICAgPC9kaXY+CjwvZGl2Pg==[\/vc_raw_html][\/vc_column][\/vc_row][vc_row el_class=&#8221;mb-mobile-32&#8243; css=&#8221;.vc_custom_1747985629531{margin-bottom: 48px !important;}&#8221;][vc_column][vc_column_text css=&#8221;.vc_custom_1747985700838{margin-bottom: 0px !important;}&#8221; el_class=&#8221;text-center rc-heading-s-resp&#8221;]Cursos populares de treinamento on-line[\/vc_column_text][\/vc_column][\/vc_row][vc_row el_class=&#8221;mb-mobile-32&#8243; css=&#8221;.vc_custom_1747985629531{margin-bottom: 48px !important;}&#8221;][vc_column][vc_column_text css=&#8221;.vc_custom_1747985768687{margin-bottom: 0px !important;}&#8221; el_class=&#8221;featured-courses&#8221;]\n\t\t\t\t<a href=\"https:\/\/staging.registrarcorp.com\/pt-br\/compliance-training\/food-beverage\/pcqi-training\/?utm_source=rc-website&#038;utm_medium=webpage&#038;utm_campaign=certdox_referral\" class=\"rc-ct-card\">\n\t\t\t\t\t<div class=\"rc-ct-card__header\">\n\t\t\t\t\t\t<i class=\"rc-ct-card__icon course-single-icon\"><\/i><span class=\"rc-ct-card__badge \">new<\/span>\n\t\t\t\t\t<\/div>\n\t\t\t\t\t<div class=\"rc-ct-card__title\">\n\t\t\t\t\t\tTreinamento e certificado PCQI 2.0 \u2014 Aprovado pela FSPCA\n\t\t\t\t\t<\/div>\n\t\t\t\t\t<div class=\"rc-ct-card__content\">\n\t\t\t\t\t\tObtenha treinamento PCQI compat\u00edvel com a FDA: 100% no seu pr\u00f3prio ritmo, reconhecido pela FSPCA e com a confian\u00e7a de mais de 30 mil profissionais. Obtenha habilidades do mundo real com uma garantia de satisfa\u00e7\u00e3o.\n\t\t\t\t\t<\/div>\n\t\t\t\t\t<div class=\"rc-ct-card__footer\">\n\t\t\t\t\t\t<div class=\"rc-ct-card__footer-top\">\n\t\t\t\t\t\t\t<svg class=\"rc-ct-card__footer-top-icon\" stroke=\"#A0AAB1\" fill=\"none\" viewBox=\"0 0 24 24\" xmlns=\"http:\/\/www.w3.org\/2000\/svg\"><path d=\"M4 5H11M9 3V5C9 9.418 6.761 13 4 13M5 9C5 11.144 7.952 12.908 11.7 13M12 20L16 11L20 20M19.1004 18H12.9004\" stroke-width=\"2\" stroke-linecap=\"round\" stroke-linejoin=\"round\"\/><\/svg>\n\t\t\t\t\t\t\tDispon\u00edvel em Anglais\n\t\t\t\t\t\t<\/div>\n\t\t\t\t\t\t<div class=\"rc-ct-card__footer-bottom\">\n\t\t\t\t\t\t\t<div class=\"rc-ct-card__review\">\n\t\t\t\t\t\t\t\t\n\t\t\t\t<img decoding=\"async\" class=\"rc-ct-card__review_img\"\n\t\t\t\t src=\"https:\/\/cdn.trustpilot.net\/brand-assets\/4.1.0\/stars\/stars-5.svg\"\n\t\t\t\t alt=\"5 rating image\"\n\t\t\t\t\/>\n\t\t\t\t<div class=\"rc-ct-card__review_no\">257 avalia\u00e7\u00f5es<\/div>\n\t\t\t\n\t\t\t\t\t\t\t<\/div>\n\t\t\t\t\t\t\t<div class=\"rc-ct-card__price\">\n\t\t\t\t\t\t\t\t<span>$<strong>799<\/strong> USD<\/span>\n\t\t\t\t\t\t\t<\/div>\n\t\t\t\t\t\t<\/div>\n\t\t\t\t\t<\/div>\n\t\t\t\t<\/a>\n\t\t\t\r\n\n\t\t\t\t<a href=\"https:\/\/staging.registrarcorp.com\/pt-br\/compliance-training\/food-beverage\/sqf-internal-auditor-training\/?utm_source=rc-website&#038;utm_medium=webpage&#038;utm_campaign=certdox_referral\" class=\"rc-ct-card\">\n\t\t\t\t\t<div class=\"rc-ct-card__header\">\n\t\t\t\t\t\t<i class=\"rc-ct-card__icon course-single-icon\"><\/i><span class=\"rc-ct-card__badge \">bestseller<\/span>\n\t\t\t\t\t<\/div>\n\t\t\t\t\t<div class=\"rc-ct-card__title\">\n\t\t\t\t\t\tAuditoria interna para SQF 10\n\t\t\t\t\t<\/div>\n\t\t\t\t\t<div class=\"rc-ct-card__content\">\n\t\t\t\t\t\tTorne-se proficiente em auditoria interna SQF com nosso Treinamento de Auditor Interno SQF on-line. Inclui auditorias simuladas, modelos e suporte.\n\t\t\t\t\t<\/div>\n\t\t\t\t\t<div class=\"rc-ct-card__footer\">\n\t\t\t\t\t\t<div class=\"rc-ct-card__footer-top\">\n\t\t\t\t\t\t\t<svg class=\"rc-ct-card__footer-top-icon\" stroke=\"#A0AAB1\" fill=\"none\" viewBox=\"0 0 24 24\" xmlns=\"http:\/\/www.w3.org\/2000\/svg\"><path d=\"M4 5H11M9 3V5C9 9.418 6.761 13 4 13M5 9C5 11.144 7.952 12.908 11.7 13M12 20L16 11L20 20M19.1004 18H12.9004\" stroke-width=\"2\" stroke-linecap=\"round\" stroke-linejoin=\"round\"\/><\/svg>\n\t\t\t\t\t\t\tDispon\u00edvel em Anglais\n\t\t\t\t\t\t<\/div>\n\t\t\t\t\t\t<div class=\"rc-ct-card__footer-bottom\">\n\t\t\t\t\t\t\t<div class=\"rc-ct-card__review\">\n\t\t\t\t\t\t\t\t\n\t\t\t\t\t\t\t<\/div>\n\t\t\t\t\t\t\t<div class=\"rc-ct-card__price\">\n\t\t\t\t\t\t\t\t<span>$<strong>649<\/strong> USD<\/span>\n\t\t\t\t\t\t\t<\/div>\n\t\t\t\t\t\t<\/div>\n\t\t\t\t\t<\/div>\n\t\t\t\t<\/a>\n\t\t\t\r\n\n\t\t\t\t<a href=\"https:\/\/staging.registrarcorp.com\/pt-br\/compliance-training\/food-beverage\/haccp-certification\/?utm_source=rc-website&#038;utm_medium=webpage&#038;utm_campaign=certdox_referral\" class=\"rc-ct-card\">\n\t\t\t\t\t<div class=\"rc-ct-card__header\">\n\t\t\t\t\t\t<i class=\"rc-ct-card__icon course-single-icon\"><\/i><span class=\"rc-ct-card__badge \">bestseller<\/span>\n\t\t\t\t\t<\/div>\n\t\t\t\t\t<div class=\"rc-ct-card__title\">\n\t\t\t\t\t\tTreinamento e certifica\u00e7\u00e3o HACCP on-line\n\t\t\t\t\t<\/div>\n\t\t\t\t\t<div class=\"rc-ct-card__content\">\n\t\t\t\t\t\tObtenha a certifica\u00e7\u00e3o HACCP com treinamento 100% individualizado, confiado por mais de 30 mil profissionais. Fortale\u00e7a a conformidade, evite riscos de auditoria e aprenda com uma garantia de satisfa\u00e7\u00e3o.\n\t\t\t\t\t<\/div>\n\t\t\t\t\t<div class=\"rc-ct-card__footer\">\n\t\t\t\t\t\t<div class=\"rc-ct-card__footer-top\">\n\t\t\t\t\t\t\t<svg class=\"rc-ct-card__footer-top-icon\" stroke=\"#A0AAB1\" fill=\"none\" viewBox=\"0 0 24 24\" xmlns=\"http:\/\/www.w3.org\/2000\/svg\"><path d=\"M4 5H11M9 3V5C9 9.418 6.761 13 4 13M5 9C5 11.144 7.952 12.908 11.7 13M12 20L16 11L20 20M19.1004 18H12.9004\" stroke-width=\"2\" stroke-linecap=\"round\" stroke-linejoin=\"round\"\/><\/svg>\n\t\t\t\t\t\t\tDispon\u00edvel em Anglais e 2 outros idiomas\n\t\t\t\t\t\t<\/div>\n\t\t\t\t\t\t<div class=\"rc-ct-card__footer-bottom\">\n\t\t\t\t\t\t\t<div class=\"rc-ct-card__review\">\n\t\t\t\t\t\t\t\t\n\t\t\t\t<img decoding=\"async\" class=\"rc-ct-card__review_img\"\n\t\t\t\t src=\"https:\/\/cdn.trustpilot.net\/brand-assets\/4.1.0\/stars\/stars-5.svg\"\n\t\t\t\t alt=\"5 rating image\"\n\t\t\t\t\/>\n\t\t\t\t<div class=\"rc-ct-card__review_no\">29 avalia\u00e7\u00f5es<\/div>\n\t\t\t\n\t\t\t\t\t\t\t<\/div>\n\t\t\t\t\t\t\t<div class=\"rc-ct-card__price\">\n\t\t\t\t\t\t\t\t<span>$<strong>499<\/strong> USD<\/span>\n\t\t\t\t\t\t\t<\/div>\n\t\t\t\t\t\t<\/div>\n\t\t\t\t\t<\/div>\n\t\t\t\t<\/a>\n\t\t\t\r\n\n\t\t\t\t<a href=\"https:\/\/staging.registrarcorp.com\/pt-br\/compliance-training\/food-beverage\/food-safety-culture\/?utm_source=rc-website&#038;utm_medium=webpage&#038;utm_campaign=certdox_referral\" class=\"rc-ct-card\">\n\t\t\t\t\t<div class=\"rc-ct-card__header\">\n\t\t\t\t\t\t<i class=\"rc-ct-card__icon course-single-icon\"><\/i>\n\t\t\t\t\t<\/div>\n\t\t\t\t\t<div class=\"rc-ct-card__title\">\n\t\t\t\t\t\tCultura de seguran\u00e7a alimentar\n\t\t\t\t\t<\/div>\n\t\t\t\t\t<div class=\"rc-ct-card__content\">\n\t\t\t\t\t\tAtender aos requisitos da GFSI. Saiba como medir e melhorar a cultura de seguran\u00e7a alimentar da sua empresa neste curso de treinamento individualizado.\n\t\t\t\t\t<\/div>\n\t\t\t\t\t<div class=\"rc-ct-card__footer\">\n\t\t\t\t\t\t<div class=\"rc-ct-card__footer-top\">\n\t\t\t\t\t\t\t<svg class=\"rc-ct-card__footer-top-icon\" stroke=\"#A0AAB1\" fill=\"none\" viewBox=\"0 0 24 24\" xmlns=\"http:\/\/www.w3.org\/2000\/svg\"><path d=\"M4 5H11M9 3V5C9 9.418 6.761 13 4 13M5 9C5 11.144 7.952 12.908 11.7 13M12 20L16 11L20 20M19.1004 18H12.9004\" stroke-width=\"2\" stroke-linecap=\"round\" stroke-linejoin=\"round\"\/><\/svg>\n\t\t\t\t\t\t\tDispon\u00edvel em Anglais\n\t\t\t\t\t\t<\/div>\n\t\t\t\t\t\t<div class=\"rc-ct-card__footer-bottom\">\n\t\t\t\t\t\t\t<div class=\"rc-ct-card__review\">\n\t\t\t\t\t\t\t\t\n\t\t\t\t\t\t\t<\/div>\n\t\t\t\t\t\t\t<div class=\"rc-ct-card__price\">\n\t\t\t\t\t\t\t\t<span>$<strong>399<\/strong> USD<\/span>\n\t\t\t\t\t\t\t<\/div>\n\t\t\t\t\t\t<\/div>\n\t\t\t\t\t<\/div>\n\t\t\t\t<\/a>\n\t\t\t\r\n\n\t\t\t\t<a href=\"https:\/\/staging.registrarcorp.com\/pt-br\/compliance-training\/food-beverage\/good-manufacturing-practices\/?utm_source=rc-website&#038;utm_medium=webpage&#038;utm_campaign=certdox_referral\" class=\"rc-ct-card\">\n\t\t\t\t\t<div class=\"rc-ct-card__header\">\n\t\t\t\t\t\t<i class=\"rc-ct-card__icon course-single-icon\"><\/i>\n\t\t\t\t\t<\/div>\n\t\t\t\t\t<div class=\"rc-ct-card__title\">\n\t\t\t\t\t\tTreinamento de conformidade de boas pr\u00e1ticas de fabrica\u00e7\u00e3o (BPF) para funcion\u00e1rios\n\t\t\t\t\t<\/div>\n\t\t\t\t\t<div class=\"rc-ct-card__content\">\n\t\t\t\t\t\tAtender aos requisitos do esquema FSMA e GFSI para treinar funcion\u00e1rios sobre BPFs. O portal de administra\u00e7\u00e3o facilita a atribui\u00e7\u00e3o de cursos e o acompanhamento do progresso dos funcion\u00e1rios.\n\t\t\t\t\t<\/div>\n\t\t\t\t\t<div class=\"rc-ct-card__footer\">\n\t\t\t\t\t\t<div class=\"rc-ct-card__footer-top\">\n\t\t\t\t\t\t\t<svg class=\"rc-ct-card__footer-top-icon\" stroke=\"#A0AAB1\" fill=\"none\" viewBox=\"0 0 24 24\" xmlns=\"http:\/\/www.w3.org\/2000\/svg\"><path d=\"M4 5H11M9 3V5C9 9.418 6.761 13 4 13M5 9C5 11.144 7.952 12.908 11.7 13M12 20L16 11L20 20M19.1004 18H12.9004\" stroke-width=\"2\" stroke-linecap=\"round\" stroke-linejoin=\"round\"\/><\/svg>\n\t\t\t\t\t\t\tDispon\u00edvel em Anglais e Espagnol\n\t\t\t\t\t\t<\/div>\n\t\t\t\t\t\t<div class=\"rc-ct-card__footer-bottom\">\n\t\t\t\t\t\t\t<div class=\"rc-ct-card__review\">\n\t\t\t\t\t\t\t\t\n\t\t\t\t\t\t\t<\/div>\n\t\t\t\t\t\t\t<div class=\"rc-ct-card__price\">\n\t\t\t\t\t\t\t\t<span>$<strong>25<\/strong> USD<\/span>\n\t\t\t\t\t\t\t<\/div>\n\t\t\t\t\t\t<\/div>\n\t\t\t\t\t<\/div>\n\t\t\t\t<\/a>\n\t\t\t\r\n\n\t\t\t\t<a href=\"https:\/\/staging.registrarcorp.com\/pt-br\/compliance-training\/food-beverage\/food-defense\/?utm_source=rc-website&#038;utm_medium=webpage&#038;utm_campaign=certdox_referral\" class=\"rc-ct-card\">\n\t\t\t\t\t<div class=\"rc-ct-card__header\">\n\t\t\t\t\t\t<i class=\"rc-ct-card__icon course-single-icon\"><\/i>\n\t\t\t\t\t<\/div>\n\t\t\t\t\t<div class=\"rc-ct-card__title\">\n\t\t\t\t\t\tDefesa alimentar para funcion\u00e1rios\n\t\t\t\t\t<\/div>\n\t\t\t\t\t<div class=\"rc-ct-card__content\">\n\t\t\t\t\t\tEste curso apresenta aos funcion\u00e1rios o Programa de Defesa Alimentar e o plano de Defesa Alimentar e seu papel em manter os alimentos seguros contra contamina\u00e7\u00e3o intencional.\n\t\t\t\t\t<\/div>\n\t\t\t\t\t<div class=\"rc-ct-card__footer\">\n\t\t\t\t\t\t<div class=\"rc-ct-card__footer-top\">\n\t\t\t\t\t\t\t<svg class=\"rc-ct-card__footer-top-icon\" stroke=\"#A0AAB1\" fill=\"none\" viewBox=\"0 0 24 24\" xmlns=\"http:\/\/www.w3.org\/2000\/svg\"><path d=\"M4 5H11M9 3V5C9 9.418 6.761 13 4 13M5 9C5 11.144 7.952 12.908 11.7 13M12 20L16 11L20 20M19.1004 18H12.9004\" stroke-width=\"2\" stroke-linecap=\"round\" stroke-linejoin=\"round\"\/><\/svg>\n\t\t\t\t\t\t\tDispon\u00edvel em Espagnol e Anglais\n\t\t\t\t\t\t<\/div>\n\t\t\t\t\t\t<div class=\"rc-ct-card__footer-bottom\">\n\t\t\t\t\t\t\t<div class=\"rc-ct-card__review\">\n\t\t\t\t\t\t\t\t\n\t\t\t\t\t\t\t<\/div>\n\t\t\t\t\t\t\t<div class=\"rc-ct-card__price\">\n\t\t\t\t\t\t\t\t<span>$<strong>25<\/strong> USD<\/span>\n\t\t\t\t\t\t\t<\/div>\n\t\t\t\t\t\t<\/div>\n\t\t\t\t\t<\/div>\n\t\t\t\t<\/a>\n\t\t\t\r\n[\/vc_column_text][\/vc_column][\/vc_row][\/vc_section]\n<\/div>","protected":false},"excerpt":{"rendered":"<p>[vc_section full_width=&#8221;stretch_row&#8221; el_class=&#8221;pt-resp-topmost-section p-resp-section&#8221; el_id=&#8221;headerRow&#8221; css=&#8221;.vc_custom_1747986791199{padding-top: 120px !important;padding-bottom: 80px !important;background-color: #ffffff !important;}&#8221;][vc_row el_class=&#8221;hero-section max-breakpoint-md&#8221;][vc_column width=&#8221;1\/2&#8243;][vc_column_text fnt_family_h1=&#8221;Montserrat&#8221; fnt_size_h1=&#8221;46px&#8221;] Seu recurso para certifica\u00e7\u00e3o e conformidade regulat\u00f3ria. [\/vc_column_text][vc_column_text css=&#8221;&#8221; fnt_family=&#8221;Montserrat&#8221; fnt_size=&#8221;24&#8243; el_class=&#8221;rc-body-paragraph-m-resp&#8221;]A Registrar Corp tem o prazer de fazer parceria com a CertDox. Podemos ajud\u00e1-lo a cumprir os requisitos regulat\u00f3rios e de certifica\u00e7\u00e3o de seguran\u00e7a alimentar usando nossos<\/p>\n","protected":false},"author":40,"featured_media":0,"parent":0,"menu_order":0,"comment_status":"closed","ping_status":"closed","template":"page-templates\/page-sidebar-none.php","meta":{"_acf_changed":false,"content-type":"","footnotes":""},"class_list":["post-25374","page","type-page","status-publish","hentry"],"acf":[],"_links":{"self":[{"href":"https:\/\/staging.registrarcorp.com\/pt-br\/wp-json\/wp\/v2\/pages\/25374","targetHints":{"allow":["GET"]}}],"collection":[{"href":"https:\/\/staging.registrarcorp.com\/pt-br\/wp-json\/wp\/v2\/pages"}],"about":[{"href":"https:\/\/staging.registrarcorp.com\/pt-br\/wp-json\/wp\/v2\/types\/page"}],"author":[{"embeddable":true,"href":"https:\/\/staging.registrarcorp.com\/pt-br\/wp-json\/wp\/v2\/users\/40"}],"replies":[{"embeddable":true,"href":"https:\/\/staging.registrarcorp.com\/pt-br\/wp-json\/wp\/v2\/comments?post=25374"}],"version-history":[{"count":0,"href":"https:\/\/staging.registrarcorp.com\/pt-br\/wp-json\/wp\/v2\/pages\/25374\/revisions"}],"wp:attachment":[{"href":"https:\/\/staging.registrarcorp.com\/pt-br\/wp-json\/wp\/v2\/media?parent=25374"}],"curies":[{"name":"wp","href":"https:\/\/api.w.org\/{rel}","templated":true}]}}