{"id":22652,"date":"2023-07-25T20:36:24","date_gmt":"2023-07-25T20:36:24","guid":{"rendered":"https:\/\/staging.registrarcorp.com\/medical-device-questionnaire-for-fda-regulations\/"},"modified":"2024-10-01T18:13:35","modified_gmt":"2024-10-01T18:13:35","slug":"medical-device-questionnaire-for-fda-regulations","status":"publish","type":"page","link":"https:\/\/staging.registrarcorp.com\/pt-br\/medical-device-questionnaire-for-fda-regulations\/","title":{"rendered":"Question\u00e1rio de dispositivos m\u00e9dicos para regulamenta\u00e7\u00f5es da FDA"},"content":{"rendered":"<div class=\"wpb-content-wrapper\">[vc_section full_width=&#8221;stretch_row&#8221; el_id=&#8221;section-app&#8221;][vc_row el_class=&#8221;tile-box&#8221; css=&#8221;.vc_custom_1690317267847{margin-top: 50px !important;}&#8221;][vc_column][vc_row_inner][vc_column_inner][vc_column_text]\n<h2>Question\u00e1rio de dispositivos m\u00e9dicos para regulamenta\u00e7\u00f5es da FDA<\/h2>\n<p class=\"page-text\">A Registrar Corp pode ajudar a fornecer orienta\u00e7\u00e3o quanto aos requisitos da FDA para seus dispositivos espec\u00edficos (incluindo crit\u00e9rio de aplica\u00e7\u00e3o da lei ou autoriza\u00e7\u00e3o de uso emergencial). Basta preencher o formul\u00e1rio abaixo:<\/p>\n[\/vc_column_text][vc_raw_html]W2dyYXZpdHlmb3JtcyBpZD0iNTAiIHRpdGxlPSJmYWxzZSIgZGVzY3JpcHRpb249ImZhbHNlIiBhamF4PSJ0cnVlIiBmaWVsZF92YWx1ZXM9ImZsb3dfdHlwZT1tZWRpY2FsX2RldmljZV9nZW5lcmFsJnF1ZXN0aW9uX3R5cGU9TWVkaWNhbCBEZXZpY2UiXQ==[\/vc_raw_html][\/vc_column_inner][\/vc_row_inner][vc_raw_js]JTNDc2NyaXB0JTIwc3JjJTNEJTIyJTJGd3AtY29udGVudCUyRnRoZW1lcyUyRmJvb3RzY29yZS1jaGlsZC1tYWluJTJGanMlMkZxdWVzdGlvbm5haXJlLmpzJTNGdiUzRDElMjIlM0UlM0MlMkZzY3JpcHQlM0U=[\/vc_raw_js][\/vc_column][\/vc_row][\/vc_section]\n<\/div>","protected":false},"excerpt":{"rendered":"<p>[vc_section full_width=&#8221;stretch_row&#8221; el_id=&#8221;section-app&#8221;][vc_row el_class=&#8221;tile-box&#8221; css=&#8221;.vc_custom_1690317267847{margin-top: 50px !important;}&#8221;][vc_column][vc_row_inner][vc_column_inner][vc_column_text] Question\u00e1rio de dispositivos m\u00e9dicos para regulamenta\u00e7\u00f5es da FDA A Registrar Corp pode ajudar a fornecer orienta\u00e7\u00e3o quanto aos requisitos da FDA para seus dispositivos espec\u00edficos (incluindo crit\u00e9rio de aplica\u00e7\u00e3o da lei ou autoriza\u00e7\u00e3o de uso emergencial). Basta preencher o formul\u00e1rio abaixo: [\/vc_column_text][vc_raw_html]W2dyYXZpdHlmb3JtcyBpZD0iNTAiIHRpdGxlPSJmYWxzZSIgZGVzY3JpcHRpb249ImZhbHNlIiBhamF4PSJ0cnVlIiBmaWVsZF92YWx1ZXM9ImZsb3dfdHlwZT1tZWRpY2FsX2RldmljZV9nZW5lcmFsJnF1ZXN0aW9uX3R5cGU9TWVkaWNhbCBEZXZpY2UiXQ==[\/vc_raw_html][\/vc_column_inner][\/vc_row_inner][vc_raw_js]JTNDc2NyaXB0JTIwc3JjJTNEJTIyJTJGd3AtY29udGVudCUyRnRoZW1lcyUyRmJvb3RzY29yZS1jaGlsZC1tYWluJTJGanMlMkZxdWVzdGlvbm5haXJlLmpzJTNGdiUzRDElMjIlM0UlM0MlMkZzY3JpcHQlM0U=[\/vc_raw_js][\/vc_column][\/vc_row][\/vc_section]<\/p>\n","protected":false},"author":40,"featured_media":0,"parent":0,"menu_order":0,"comment_status":"closed","ping_status":"closed","template":"page-templates\/page-sidebar-none.php","meta":{"_acf_changed":false,"content-type":"","footnotes":""},"class_list":["post-22652","page","type-page","status-publish","hentry"],"acf":[],"_links":{"self":[{"href":"https:\/\/staging.registrarcorp.com\/pt-br\/wp-json\/wp\/v2\/pages\/22652","targetHints":{"allow":["GET"]}}],"collection":[{"href":"https:\/\/staging.registrarcorp.com\/pt-br\/wp-json\/wp\/v2\/pages"}],"about":[{"href":"https:\/\/staging.registrarcorp.com\/pt-br\/wp-json\/wp\/v2\/types\/page"}],"author":[{"embeddable":true,"href":"https:\/\/staging.registrarcorp.com\/pt-br\/wp-json\/wp\/v2\/users\/40"}],"replies":[{"embeddable":true,"href":"https:\/\/staging.registrarcorp.com\/pt-br\/wp-json\/wp\/v2\/comments?post=22652"}],"version-history":[{"count":0,"href":"https:\/\/staging.registrarcorp.com\/pt-br\/wp-json\/wp\/v2\/pages\/22652\/revisions"}],"wp:attachment":[{"href":"https:\/\/staging.registrarcorp.com\/pt-br\/wp-json\/wp\/v2\/media?parent=22652"}],"curies":[{"name":"wp","href":"https:\/\/api.w.org\/{rel}","templated":true}]}}