{"id":22631,"date":"2023-07-24T12:34:49","date_gmt":"2023-07-24T12:34:49","guid":{"rendered":"https:\/\/staging.registrarcorp.com\/resources\/events\/"},"modified":"2026-04-03T12:55:32","modified_gmt":"2026-04-03T12:55:32","slug":"events","status":"publish","type":"page","link":"https:\/\/staging.registrarcorp.com\/pt-br\/resources\/events\/","title":{"rendered":"Webinars e eventos"},"content":{"rendered":"<div class=\"wpb-content-wrapper\">[vc_row full_width=&#8221;stretch_row&#8221; disable_element=&#8221;yes&#8221; el_id=&#8221;headerRow&#8221; el_class=&#8221;topContainer row-wdith vertical-text-align hero-section&#8221; css=&#8221;.vc_custom_1775219634336{padding-top: 50px !important;padding-bottom: 40px !important;background-color: #eeefef !important;}&#8221;][vc_column width=&#8221;1\/2&#8243; el_class=&#8221;col-txt-center&#8221;][vc_custom_heading text=&#8221;Junte-se a n\u00f3s em nosso pr\u00f3ximo evento, on-line ou presencialmente.&#8221; font_container=&#8221;tag:h1|font_size:46px|text_align:left|color:%23003873|line_height:56px&#8221; google_fonts=&#8221;font_family:Montserrat%3Aregular%2C700|font_style:700%20bold%20regular%3A700%3Anormal&#8221; css=&#8221;&#8221;][vc_column_text fnt_family=&#8221;Montserrat&#8221; fnt_size=&#8221;24px&#8221;]A Registrar Corp realiza uma variedade de eventos em todo o mundo. Como l\u00edder global em conformidade regulat\u00f3ria, oferecemos insights atualizados do setor e melhores pr\u00e1ticas em v\u00e1rios idiomas.[\/vc_column_text][vc_btn title=&#8221;Veja nossa programa\u00e7\u00e3o de eventos&#8221; color=&#8221;sky&#8221; i_align=&#8221;right&#8221; i_icon_fontawesome=&#8221;fas fa-arrow-right&#8221; add_icon=&#8221;true&#8221; el_class=&#8221;primary-btn&#8221; link=&#8221;url:%23efeira-de-com%C3%A9rcio-de-ventila%C3%A7%C3%B5es|&#8221;][\/vc_column][vc_column width=&#8221;1\/2&#8243;][vc_single_image image=&#8221;11753&#8243; img_size=&#8221;full&#8221;][\/vc_column][\/vc_row]\n<\/div>","protected":false},"excerpt":{"rendered":"<p>[vc_row full_width=&#8221;stretch_row&#8221; disable_element=&#8221;yes&#8221; el_id=&#8221;headerRow&#8221; el_class=&#8221;topContainer row-wdith vertical-text-align hero-section&#8221; css=&#8221;.vc_custom_1775219634336{padding-top: 50px !important;padding-bottom: 40px !important;background-color: #eeefef !important;}&#8221;][vc_column width=&#8221;1\/2&#8243; el_class=&#8221;col-txt-center&#8221;][vc_custom_heading text=&#8221;Junte-se a n\u00f3s em nosso pr\u00f3ximo evento, on-line ou presencialmente.&#8221; font_container=&#8221;tag:h1|font_size:46px|text_align:left|color:%23003873|line_height:56px&#8221; google_fonts=&#8221;font_family:Montserrat%3Aregular%2C700|font_style:700%20bold%20regular%3A700%3Anormal&#8221; css=&#8221;&#8221;][vc_column_text fnt_family=&#8221;Montserrat&#8221; fnt_size=&#8221;24px&#8221;]A Registrar Corp realiza uma variedade de eventos em todo o mundo. Como l\u00edder global em conformidade regulat\u00f3ria, oferecemos insights atualizados do setor e<\/p>\n","protected":false},"author":33,"featured_media":0,"parent":47545,"menu_order":0,"comment_status":"closed","ping_status":"closed","template":"page-templates\/page-events.php","meta":{"_acf_changed":false,"content-type":"","footnotes":""},"class_list":["post-22631","page","type-page","status-publish","hentry"],"acf":[],"_links":{"self":[{"href":"https:\/\/staging.registrarcorp.com\/pt-br\/wp-json\/wp\/v2\/pages\/22631","targetHints":{"allow":["GET"]}}],"collection":[{"href":"https:\/\/staging.registrarcorp.com\/pt-br\/wp-json\/wp\/v2\/pages"}],"about":[{"href":"https:\/\/staging.registrarcorp.com\/pt-br\/wp-json\/wp\/v2\/types\/page"}],"author":[{"embeddable":true,"href":"https:\/\/staging.registrarcorp.com\/pt-br\/wp-json\/wp\/v2\/users\/33"}],"replies":[{"embeddable":true,"href":"https:\/\/staging.registrarcorp.com\/pt-br\/wp-json\/wp\/v2\/comments?post=22631"}],"version-history":[{"count":0,"href":"https:\/\/staging.registrarcorp.com\/pt-br\/wp-json\/wp\/v2\/pages\/22631\/revisions"}],"up":[{"embeddable":true,"href":"https:\/\/staging.registrarcorp.com\/pt-br\/wp-json\/wp\/v2\/pages\/47545"}],"wp:attachment":[{"href":"https:\/\/staging.registrarcorp.com\/pt-br\/wp-json\/wp\/v2\/media?parent=22631"}],"curies":[{"name":"wp","href":"https:\/\/api.w.org\/{rel}","templated":true}]}}