{"id":14956,"date":"2023-03-15T17:24:39","date_gmt":"2023-03-15T17:24:39","guid":{"rendered":"https:\/\/staging.registrarcorp.com\/roles\/"},"modified":"2024-09-27T13:23:21","modified_gmt":"2024-09-27T13:23:21","slug":"roles","status":"publish","type":"page","link":"https:\/\/staging.registrarcorp.com\/pt-br\/roles\/","title":{"rendered":"Fun\u00e7\u00f5es"},"content":{"rendered":"<div class=\"wpb-content-wrapper\">[vc_row full_width=&#8221;stretch_row&#8221; css=&#8221;.vc_custom_1726760550789{padding-top: 100px !important;background-color: #f4f4f4 !important;}&#8221; el_class=&#8221;topContainer row-wdith hero-section&#8221; el_id=&#8221;headerRow&#8221;][vc_column width=&#8221;1\/2&#8243;][vc_column_text fnt_family=&#8221;Montserrat&#8221; fnt_family_h1=&#8221;Montserrat&#8221; fnt_size_h1=&#8221;56&#8243;]\n<h1><span style=\"color: #003873;\"><strong>Encontre as solu\u00e7\u00f5es de <\/strong><\/span><span style=\"color: #0081ff;\"><strong>conformidade certas <\/strong><\/span><span style=\"color: #003873;\"><strong>para sua fun\u00e7\u00e3o.<\/strong><\/span><\/h1>\n[\/vc_column_text][vc_column_text fnt_family=&#8221;Montserrat&#8221; fnt_size=&#8221;24&#8243;]A Registrar Corp foi criada por profissionais de regulamenta\u00e7\u00e3o para profissionais de regulamenta\u00e7\u00e3o. Criamos servi\u00e7os, solu\u00e7\u00f5es de software e programas de treinamento adaptados \u00e0s suas necessidades, para que voc\u00ea possa manter sua empresa em conformidade e funcionando sem problemas.[\/vc_column_text][vc_btn title=&#8221;Explorar fun\u00e7\u00f5es&#8221; color=&#8221;sky&#8221; i_align=&#8221;right&#8221; i_icon_fontawesome=&#8221;fas fa-arrow-right&#8221; css=&#8221;.vc_custom_1681739171513{margin-top: 30px !important;}&#8221; add_icon=&#8221;true&#8221; link=&#8221;url:%23tabSection|&#8221; el_class=&#8221;primary-btn&#8221;][\/vc_column][vc_column width=&#8221;1\/2&#8243; el_class=&#8221;container-right&#8221;][vc_single_image image=&#8221;711&#8243; img_size=&#8221;full&#8221; alignment=&#8221;center&#8221;][\/vc_column][\/vc_row][vc_section disable_element=&#8221;yes&#8221; css=&#8221;.vc_custom_1699275551203{padding-top: 50px !important;padding-right: 0px !important;padding-bottom: 50px !important;padding-left: 0px !important;}&#8221;][vc_row el_class=&#8221;count-wrap&#8221;][vc_column width=&#8221;1\/2&#8243;][vc_column_text el_class=&#8221;text-col&#8221;]\n<p style=\"font-size: 20px; font-weight: bold; text-align: left;\">A Registrar Corp traz mais de 20 anos de experi\u00eancia e conhecimento para a conformidade regulat\u00f3ria.<\/p>\n[\/vc_column_text][\/vc_column][vc_column width=&#8221;1\/2&#8243;][vc_row_inner el_class=&#8221;stats-count&#8221; css=&#8221;.vc_custom_1685446330345{padding-right: 0px !important;padding-left: 0px !important;}&#8221;][vc_column_inner width=&#8221;1\/4&#8243;][vc_column_text]\n<p style=\"text-align: center; font-size: 32px; font-weight: bold; margin-bottom: unset;\">19<\/p>\n<p style=\"text-align: center; font-size: 24px;\">\nEscrit\u00f3rios mundiais<\/p>\n[\/vc_column_text][\/vc_column_inner][vc_column_inner width=&#8221;1\/4&#8243;][vc_column_text]\n<p style=\"text-align: center; font-size: 32px; font-weight: bold; margin-bottom: unset;\">Mais de 175<\/p>\n<p style=\"text-align: center; font-size: 24px;\">Pa\u00edses<\/p>\n[\/vc_column_text][\/vc_column_inner][vc_column_inner width=&#8221;1\/4&#8243;][vc_column_text]\n<p style=\"text-align: center; font-size: 32px; font-weight: bold; margin-bottom: unset;\">Mais de 30.000<\/p>\n<p style=\"text-align: center; font-size: 24px;\">Clientes<\/p>\n[\/vc_column_text][\/vc_column_inner][vc_column_inner width=&#8221;1\/4&#8243;][vc_column_text]\n<p style=\"text-align: center; font-size: 32px; font-weight: bold; margin-bottom: unset;\">4.7<\/p>\n<p style=\"text-align: center; font-size: 24px;\">\nPontua\u00e7\u00e3o Trustpilot<\/p>\n[\/vc_column_text][\/vc_column_inner][\/vc_row_inner][\/vc_column][\/vc_row][\/vc_section][vc_section css=&#8221;.vc_custom_1685446271065{padding-top: 50px !important;padding-right: 0px !important;padding-bottom: 50px !important;padding-left: 0px !important;}&#8221;][vc_row el_class=&#8221;count-wrap&#8221; el_id=&#8221;dataRow&#8221;][vc_column][vc_row_inner el_class=&#8221;stats-count&#8221; css=&#8221;.vc_custom_1685446330345{padding-right: 0px !important;padding-left: 0px !important;}&#8221;][vc_column_inner width=&#8221;1\/5&#8243;][vc_single_image image=&#8221;24452&#8243; img_size=&#8221;114&#215;65&#8243; alignment=&#8221;center&#8221;][\/vc_column_inner][vc_column_inner width=&#8221;1\/5&#8243;][vc_single_image image=&#8221;24462&#8243; img_size=&#8221;81&#215;81&#8243; alignment=&#8221;center&#8221;][\/vc_column_inner][vc_column_inner width=&#8221;1\/5&#8243;][vc_single_image image=&#8221;24480&#8243; img_size=&#8221;70&#215;72&#8243; alignment=&#8221;center&#8221;][\/vc_column_inner][vc_column_inner width=&#8221;1\/5&#8243;][vc_single_image image=&#8221;24507&#8243; img_size=&#8221;81&#215;81&#8243; alignment=&#8221;center&#8221;][\/vc_column_inner][vc_column_inner width=&#8221;1\/5&#8243;][vc_single_image image=&#8221;24498&#8243; img_size=&#8221;61&#215;81&#8243; alignment=&#8221;center&#8221;][\/vc_column_inner][\/vc_row_inner][vc_row_inner el_class=&#8221;stats-count&#8221; css=&#8221;.vc_custom_1685446330345{padding-right: 0px !important;padding-left: 0px !important;}&#8221;][vc_column_inner width=&#8221;1\/5&#8243;][vc_column_text css=&#8221;&#8221;]\n<p style=\"text-align: center; font-size: 40px; line-height: 60px; color: #003873; font-weight: bold; margin-bottom: unset;\"><span style=\"color: #f54f45;\">Mais de 30.000<\/span><\/p>\n<p style=\"text-align: center; font-size: 24px;\">Clientes<\/p>\n[\/vc_column_text][\/vc_column_inner][vc_column_inner width=&#8221;1\/5&#8243;][vc_column_text css=&#8221;&#8221;]\n<p style=\"text-align: center; font-size: 40px; line-height: 60px; color: #003873; font-weight: bold; margin-bottom: unset;\"><span style=\"color: #f54f45;\">Mais de 175<\/span><\/p>\n<p style=\"text-align: center; font-size: 24px;\">Pa\u00edses<\/p>\n[\/vc_column_text][\/vc_column_inner][vc_column_inner width=&#8221;1\/5&#8243;][vc_column_text css=&#8221;&#8221;]\n<p style=\"text-align: center; font-size: 40px; line-height: 60px; color: #003873; font-weight: bold; margin-bottom: unset;\">20<\/p>\n<p style=\"text-align: center; font-size: 24px;\">Escrit\u00f3rios mundiais<\/p>\n[\/vc_column_text][\/vc_column_inner][vc_column_inner width=&#8221;1\/5&#8243;][vc_column_text css=&#8221;&#8221;]\n<p style=\"text-align: center; font-size: 40px; line-height: 60px; color: #003873; font-weight: bold; margin-bottom: unset;\">4,7\/5<\/p>\n<p style=\"text-align: center; font-size: 24px;\">Classifica\u00e7\u00e3o do cliente<\/p>\n[\/vc_column_text][\/vc_column_inner][vc_column_inner width=&#8221;1\/5&#8243;][vc_column_text css=&#8221;&#8221;]\n<p style=\"text-align: center; font-size: 40px; line-height: 60px; color: #003873; font-weight: bold; margin-bottom: unset;\"><span style=\"color: #f54f45;\">Mais de 20<\/span><\/p>\n<p style=\"text-align: center; font-size: 24px;\">Anos de servi\u00e7o<\/p>\n[\/vc_column_text][\/vc_column_inner][\/vc_row_inner][\/vc_column][\/vc_row][\/vc_section][vc_section][vc_row full_width=&#8221;stretch_row&#8221; css=&#8221;.vc_custom_1689781988716{background-color: #ffffff !important;}&#8221; el_class=&#8221;tabs-section&#8221; el_id=&#8221;tabSection&#8221;][vc_column][vc_tta_tabs section_title_tag=&#8221;h2&#8243; style=&#8221;flat&#8221; shape=&#8221;square&#8221; color=&#8221;white&#8221; alignment=&#8221;center&#8221; active_section=&#8221;1&#8243; css=&#8221;.vc_custom_1681805628851{background-color: #ffffff !important;}&#8221;][vc_tta_section tab_id=&#8221;regulatory-compliance&#8221; el_class=&#8221;pr-0&#8243; title=&#8221;Conformidade regulat\u00f3ria&#8221;][vc_row_inner content_placement=&#8221;middle&#8221; css=&#8221;.vc_custom_1679910686166{background-color: #ffffff !important;}&#8221; el_class=&#8221;pr-0&#8243;][vc_column_inner width=&#8221;1\/2&#8243;][vc_column_text]\n<h2>Conformidade regulat\u00f3ria<\/h2>\n<p><span data-contrast=\"auto\">Conformidade \u00e9 mais do que um trabalho em tempo integral<\/span><span data-contrast=\"none\">,<\/span><span data-contrast=\"auto\">\u00e9 um esfor\u00e7o em equipe. A ampla gama de ofertas da Registrar Corp permite que voc\u00ea fique em dia com a carga de trabalho. Os importadores podem criar e implementar planos de FSVP, automatizar a conformidade do fornecedor e enviar produtos para o exterior com o suporte de uma equipe regulat\u00f3ria profissional.<\/span>[\/vc_column_text][vc_column_text el_class=&#8221;image-text-content&#8221;]<img decoding=\"async\" class=\"size-full wp-image-177 alignleft\" src=\"\/wp-content\/uploads\/2023\/07\/import-export_Secured-1.png\" alt=\"\" width=\"50\" height=\"39\"><strong>Se voc\u00ea planeja exportar produtos para os EUA, oferecemos registro regulat\u00f3rio e renova\u00e7\u00e3o, assist\u00eancia \u00e0 deten\u00e7\u00e3o e plataformas robustas de software e treinamento on-line.<\/strong>[\/vc_column_text][vc_btn title=&#8221;Solu\u00e7\u00f5es de conformidade regulat\u00f3ria&#8221; color=&#8221;sky&#8221; i_align=&#8221;right&#8221; i_icon_fontawesome=&#8221;fas fa-arrow-right&#8221; css=&#8221;.vc_custom_1681739318907{margin-top: 30px !important;}&#8221; add_icon=&#8221;true&#8221; link=&#8221;url:https%3A%2F%2Fstaging.registrarcorp.com%2Fpt-br%2Froles%2Fregulatory-compliance%2F|&#8221; el_class=&#8221;primary-btn&#8221;][\/vc_column_inner][vc_column_inner el_class=&#8221;pr-0&#8243; width=&#8221;1\/2&#8243;][vc_single_image image=&#8221;703&#8243; img_size=&#8221;full&#8221; alignment=&#8221;center&#8221; css=&#8221;.vc_custom_1681739331970{padding-top: 20px !important;}&#8221;][\/vc_column_inner][\/vc_row_inner][\/vc_tta_section][vc_tta_section title=&#8221;Garantia de qualidade&#8221; tab_id=&#8221;quality-assurance&#8221; el_class=&#8221;pr-0&#8243;][vc_row_inner content_placement=&#8221;middle&#8221; el_class=&#8221;pr-0&#8243;][vc_column_inner width=&#8221;1\/2&#8243;][vc_column_text]\n<h2>Garantia de qualidade<\/h2>\n<p><span data-contrast=\"auto\">Voc\u00ea precisa de solu\u00e7\u00f5es que possam ajudar sua empresa a atender e manter padr\u00f5es de qualidade durante todo o processo de produ\u00e7\u00e3o. Garantir a conformidade do produto com servi\u00e7os como assist\u00eancia para corantes aditivos, inspe\u00e7\u00f5es simuladas e envios de arquivos mestre. Facilite melhores padr\u00f5es de produ\u00e7\u00e3o com uma solu\u00e7\u00e3o regulat\u00f3ria e de formula\u00e7\u00e3o de servi\u00e7o completo que permite o desenvolvimento colaborativo.<\/span><span data-ccp-props=\"{&quot;201341983&quot;:0,&quot;335559685&quot;:0,&quot;335559731&quot;:0,&quot;335559740&quot;:276}\"><\/span>[\/vc_column_text][vc_column_text el_class=&#8221;image-text-content&#8221;]<img decoding=\"async\" class=\"size-full wp-image-177 alignleft\" src=\"\/wp-content\/uploads\/2023\/07\/foodbev_food-5682630.png\" alt=\"\" width=\"50\" height=\"39\"><strong>A Registrar Corp tamb\u00e9m ser\u00e1 uma das primeiras empresas a oferecer registro de cosm\u00e9ticos e listas de produtos da FDA.<\/strong>[\/vc_column_text][vc_btn title=&#8221;Solu\u00e7\u00f5es de garantia de qualidade&#8221; color=&#8221;sky&#8221; i_align=&#8221;right&#8221; i_icon_fontawesome=&#8221;fas fa-arrow-right&#8221; css=&#8221;.vc_custom_1681739414782{margin-top: 30px !important;}&#8221; add_icon=&#8221;true&#8221; link=&#8221;url:https%3A%2F%2Fstaging.registrarcorp.com%2Fpt-br%2Froles%2Fquality-assurance%2F|&#8221; el_class=&#8221;primary-btn&#8221;][\/vc_column_inner][vc_column_inner width=&#8221;1\/2&#8243;][vc_single_image image=&#8221;695&#8243; img_size=&#8221;full&#8221; alignment=&#8221;center&#8221; css=&#8221;.vc_custom_1681739423148{padding-top: 20px !important;}&#8221;][\/vc_column_inner][\/vc_row_inner][\/vc_tta_section][vc_tta_section title=&#8221;Fun\u00e7\u00f5es de seguran\u00e7a&#8221; tab_id=&#8221;safety-roles&#8221; el_class=&#8221;pr-0&#8243;][vc_row_inner content_placement=&#8221;middle&#8221; css=&#8221;.vc_custom_1679910718025{background-color: #ffffff !important;}&#8221; el_class=&#8221;pr-0&#8243;][vc_column_inner width=&#8221;1\/2&#8243;][vc_column_text]\n<h2>Fun\u00e7\u00f5es de seguran\u00e7a<\/h2>\n<p><span data-contrast=\"auto\">Mantenha seus consumidores<\/span><span data-contrast=\"none\">\u2014<\/span><span data-contrast=\"auto\">e sua empresa<\/span><span data-contrast=\"none\">\u2014<\/span><span data-contrast=\"auto\">seguros mantendo padr\u00f5es regulat\u00f3rios em cada etapa do processo de produ\u00e7\u00e3o. Monitore a conformidade de suas instala\u00e7\u00f5es e acompanhe as remessas em tempo real com a plataforma de conformidade automatizada da Registrar Corp.<\/span><span data-ccp-props=\"{&quot;201341983&quot;:0,&quot;335559685&quot;:0,&quot;335559731&quot;:0,&quot;335559740&quot;:276}\"><\/span>[\/vc_column_text][vc_column_text el_class=&#8221;image-text-content&#8221;]<img decoding=\"async\" class=\"size-full wp-image-177 alignleft\" src=\"\/wp-content\/uploads\/2023\/07\/foodbev_lab-test-5682636.png\" alt=\"\" width=\"50\" height=\"39\"><strong>Escolha servi\u00e7os de conformidade personalizados, como registro de instala\u00e7\u00f5es de alimentos, designa\u00e7\u00e3o de agente dos EUA e planos e implementa\u00e7\u00e3o de seguran\u00e7a alimentar. Forne\u00e7a treinamentos econ\u00f4micos para os funcion\u00e1rios da linha de frente sobre as melhores pr\u00e1ticas de seguran\u00e7a alimentar..<\/strong>[\/vc_column_text][vc_btn title=&#8221;Solu\u00e7\u00f5es de seguran\u00e7a&#8221; color=&#8221;sky&#8221; i_align=&#8221;right&#8221; i_icon_fontawesome=&#8221;fas fa-arrow-right&#8221; css=&#8221;.vc_custom_1681739497244{margin-top: 30px !important;}&#8221; add_icon=&#8221;true&#8221; link=&#8221;url:https%3A%2F%2Fstaging.registrarcorp.com%2Fpt-br%2Froles%2Fsafety%2F|&#8221; el_class=&#8221;primary-btn&#8221;][\/vc_column_inner][vc_column_inner width=&#8221;1\/2&#8243;][vc_single_image image=&#8221;687&#8243; img_size=&#8221;full&#8221; alignment=&#8221;center&#8221;][\/vc_column_inner][\/vc_row_inner][\/vc_tta_section][vc_tta_section title=&#8221;Pesquisa e desenvolvimento&#8221; tab_id=&#8221;reseach-and-development&#8221; el_class=&#8221;pr-0&#8243;][vc_row_inner content_placement=&#8221;middle&#8221;][vc_column_inner width=&#8221;1\/2&#8243;][vc_column_text]\n<h2>Pesquisa e desenvolvimento<\/h2>\n<p><span data-contrast=\"auto\">Fazer malabarismo com v\u00e1rios sistemas de formula\u00e7\u00e3o pode ter resultados abaixo do ideal. Re\u00fana sua equipe de&amp; PD e processos em uma plataforma \u00fanica e segura. Nossas solu\u00e7\u00f5es de software permitem supervisionar a produ\u00e7\u00e3o e gerenciar fornecedores, colaborar no desenvolvimento de produtos cosm\u00e9ticos <\/span><span data-contrast=\"auto\">e manter a conformidade de rotulagem de forma f\u00e1cil e eficiente.<\/span><span data-ccp-props=\"{&quot;201341983&quot;:0,&quot;335559740&quot;:276}\"><\/span>[\/vc_column_text][vc_column_text el_class=&#8221;image-text-content&#8221;]<img decoding=\"async\" class=\"size-full wp-image-177 alignleft\" src=\"\/wp-content\/uploads\/2023\/07\/Pharma_test-samples-1113244.png\" alt=\"\" width=\"50\" height=\"39\"><strong>Tamb\u00e9m podemos atend\u00ea-lo identificando poss\u00edveis problemas de conformidade com nosso servi\u00e7o de revis\u00e3o de r\u00f3tulos e ingredientes.<\/strong>[\/vc_column_text][vc_btn title=&#8221;Solu\u00e7\u00f5es de P&amp;D&#8221; color=&#8221;sky&#8221; i_align=&#8221;right&#8221; i_icon_fontawesome=&#8221;fas fa-arrow-right&#8221; css=&#8221;.vc_custom_1681739581179{margin-top: 30px !important;}&#8221; add_icon=&#8221;true&#8221; link=&#8221;url:https%3A%2F%2Fstaging.registrarcorp.com%2Fpt-br%2Froles%2Fresearch-development%2F|&#8221; el_class=&#8221;primary-btn&#8221;][\/vc_column_inner][vc_column_inner width=&#8221;1\/2&#8243;][vc_single_image image=&#8221;679&#8243; img_size=&#8221;full&#8221; alignment=&#8221;center&#8221; css=&#8221;.vc_custom_1681739589565{padding-top: 20px !important;}&#8221;][\/vc_column_inner][\/vc_row_inner][\/vc_tta_section][vc_tta_section title=&#8221;Executivos&#8221; tab_id=&#8221;executives&#8221; el_class=&#8221;pr-0&#8243;][vc_row_inner content_placement=&#8221;middle&#8221;][vc_column_inner width=&#8221;1\/2&#8243;][vc_column_text]\n<h2>Executivos<\/h2>\n<p><span data-contrast=\"auto\">Construir um neg\u00f3cio bem-sucedido e em conformidade. As solu\u00e7\u00f5es abrangentes da Registrar Corp simplificam as opera\u00e7\u00f5es internas para que voc\u00ea possa se concentrar em melhorar. Acelere a efici\u00eancia com suporte profissional para registro na FDA, planos de seguran\u00e7a alimentar, aviso pr\u00e9vio e muito mais.<\/span><span data-ccp-props=\"{&quot;201341983&quot;:0,&quot;335559685&quot;:0,&quot;335559731&quot;:0,&quot;335559740&quot;:276}\"><\/span>[\/vc_column_text][vc_column_text el_class=&#8221;image-text-content&#8221;]<img decoding=\"async\" class=\"size-full wp-image-177 alignleft\" src=\"\/wp-content\/uploads\/2023\/07\/Tabletphones_smartphone-3311727.png\" alt=\"\" width=\"50\" height=\"39\"><strong>Aproveite as vantagens de nossas solu\u00e7\u00f5es de software para simplificar a conformidade dos fornecedores, aumentar o treinamento regulamentar de sua equipe e otimizar o desenvolvimento de produtos cosm\u00e9ticos.<\/strong>[\/vc_column_text][vc_btn title=&#8221;Solu\u00e7\u00f5es executivas&#8221; color=&#8221;sky&#8221; i_align=&#8221;right&#8221; i_icon_fontawesome=&#8221;fas fa-arrow-right&#8221; css=&#8221;.vc_custom_1681739658805{margin-top: 30px !important;}&#8221; add_icon=&#8221;true&#8221; link=&#8221;url:https%3A%2F%2Fstaging.registrarcorp.com%2Fpt-br%2Froles%2Fexecutives%2F|&#8221; el_class=&#8221;primary-btn&#8221;][\/vc_column_inner][vc_column_inner width=&#8221;1\/2&#8243;][vc_single_image image=&#8221;671&#8243; img_size=&#8221;full&#8221; alignment=&#8221;center&#8221; css=&#8221;.vc_custom_1681739665977{padding-top: 20px !important;}&#8221;][\/vc_column_inner][\/vc_row_inner][\/vc_tta_section][\/vc_tta_tabs][\/vc_column][\/vc_row][\/vc_section][vc_section el_class=&#8221;lorem-ipsum-section&#8221;][vc_row][vc_column]<div id=\"section-338\" class=\"el-109495435264ad9058464f4 ss-element gusta-section-vc-element \"><div class=\"section-container\">[vc_row el_class=\"lorem-ipsum-section\"][vc_column css=\".vc_custom_1689087893301{padding-top: 60px !important;padding-bottom: 60px !important;}\"][vc_row_inner][vc_column_inner width=\"2\/3\"][vc_column_text css=\"\"]\r\n<h2 style=\"color: #003873; font-size: 40px; font-weight: bold;\">Nossa biblioteca de recursos<\/h2>\r\n<span style=\"color: #003873; font-size: 18px;\">Com mais de 20 anos de experi\u00eancia regulat\u00f3ria, temos o que \u00e9 preciso para atender \u00e0s suas necessidades de importa\u00e7\u00e3o e exporta\u00e7\u00e3o.\r\n<\/span>\r\n\r\n<span style=\"color: #003873; font-size: 18px;\">Nosso conjunto abrangente de servi\u00e7os, software e treinamento online simplifica a conformidade para que voc\u00ea possa fazer neg\u00f3cios melhor.\r\n<\/span>[\/vc_column_text][\/vc_column_inner][vc_column_inner width=\"1\/3\"]\n            <link rel=\"stylesheet\" href=\"\/wp-content\/plugins\/mpc-massive\/assets\/fonts\/mi\/mi.min.css\">\n            <div id=\"icon-list-resources\" class=\"mpc-icon-list mpc-icon--right mpc-inited\"><ul class=\"mpc-list__ul\"><li class=\"mpc-list__item mpc-parent-hover mpc-transition\">\n                        <div class=\"mpc-list__icon\">\n                            <div class=\"mpc-icon mpc-transition mpc-effect-none mpc-icon-hover mpc-inited icon-arrow\">\n                            <div class=\"mpc-icon-wrap\">\n                                <i class=\"mpc-icon-part mpc-regular mpc-transition mi mi-arrow_forward\"><\/i>\n                                <i class=\"mpc-icon-part mpc-hover mpc-transition mi mi-arrow_forward\"><\/i>\n                            <\/div>\n                            <\/div>\n                        <\/div>\n                        <span class=\"mpc-list__title\">\n                            <a href=\"https:\/\/staging.registrarcorp.com\/blog\/\">Blog<\/a>\n                        <\/span>\n                    <\/li><li class=\"mpc-list__item mpc-parent-hover mpc-transition\">\n                        <div class=\"mpc-list__icon\">\n                            <div class=\"mpc-icon mpc-transition mpc-effect-none mpc-icon-hover mpc-inited icon-arrow\">\n                            <div class=\"mpc-icon-wrap\">\n                                <i class=\"mpc-icon-part mpc-regular mpc-transition mi mi-arrow_forward\"><\/i>\n                                <i class=\"mpc-icon-part mpc-hover mpc-transition mi mi-arrow_forward\"><\/i>\n                            <\/div>\n                            <\/div>\n                        <\/div>\n                        <span class=\"mpc-list__title\">\n                            <a href=\"https:\/\/staging.registrarcorp.com\/resources\/events\/\">Webinar\/eventos<\/a>\n                        <\/span>\n                    <\/li><li class=\"mpc-list__item mpc-parent-hover mpc-transition\">\n                        <div class=\"mpc-list__icon\">\n                            <div class=\"mpc-icon mpc-transition mpc-effect-none mpc-icon-hover mpc-inited icon-arrow\">\n                            <div class=\"mpc-icon-wrap\">\n                                <i class=\"mpc-icon-part mpc-regular mpc-transition mi mi-arrow_forward\"><\/i>\n                                <i class=\"mpc-icon-part mpc-hover mpc-transition mi mi-arrow_forward\"><\/i>\n                            <\/div>\n                            <\/div>\n                        <\/div>\n                        <span class=\"mpc-list__title\">\n                            <a href=\"https:\/\/staging.registrarcorp.com\/resources\/case-studies\/\">Estudos de caso<\/a>\n                        <\/span>\n                    <\/li><\/ul><\/div>[\/vc_column_inner][\/vc_row_inner][\/vc_column][\/vc_row]<\/div><\/div>[\/vc_column][\/vc_row][\/vc_section][vc_row css=&#8221;.vc_custom_1681739690722{margin-top: -35px !important;}&#8221;][vc_column]<div id=\"section-292\" class=\"el-1587595336643d4fae30eff ss-element gusta-section-vc-element \"><div class=\"section-container\">[vc_row full_width=\"stretch_row\" el_id=\"bottomRow\" css=\".vc_custom_1738666549366{padding-top: 45px !important;padding-bottom: 45px !important;background-color: #8ed6ff !important;}\"][vc_column_text css=\"\" el_class=\"are-you-ready-heading\"]\r\n<div style=\"color: #003873;\">Voc\u00ea est\u00e1 pronto para uma melhor conformidade?<\/div>\r\n[vc_btn title=\"Comece j\u00e1\" shape=\"square\" color=\"default\" align=\"left\" i_align=\"right\" i_icon_fontawesome=\"fas fa-arrow-right\" add_icon=\"true\" link=\"url:https%3A%2F%2Fstaging.registrarcorp.com%2Fpt-br%2Fcontact%2F%23contact-us|\" el_class=\"get-started-btn\"][\/vc_column_text][\/vc_row]<\/div><\/div>[\/vc_column][\/vc_row]\n<\/div>","protected":false},"excerpt":{"rendered":"<p>[vc_row full_width=&#8221;stretch_row&#8221; css=&#8221;.vc_custom_1726760550789{padding-top: 100px !important;background-color: #f4f4f4 !important;}&#8221; el_class=&#8221;topContainer row-wdith hero-section&#8221; el_id=&#8221;headerRow&#8221;][vc_column width=&#8221;1\/2&#8243;][vc_column_text fnt_family=&#8221;Montserrat&#8221; fnt_family_h1=&#8221;Montserrat&#8221; fnt_size_h1=&#8221;56&#8243;] Encontre as solu\u00e7\u00f5es de conformidade certas para sua fun\u00e7\u00e3o. [\/vc_column_text][vc_column_text fnt_family=&#8221;Montserrat&#8221; fnt_size=&#8221;24&#8243;]A Registrar Corp foi criada por profissionais de regulamenta\u00e7\u00e3o para profissionais de regulamenta\u00e7\u00e3o. Criamos servi\u00e7os, solu\u00e7\u00f5es de software e programas de treinamento adaptados \u00e0s suas necessidades, para que voc\u00ea<\/p>\n","protected":false},"author":40,"featured_media":0,"parent":0,"menu_order":0,"comment_status":"closed","ping_status":"closed","template":"page-templates\/page-sidebar-none.php","meta":{"_acf_changed":false,"content-type":"","footnotes":""},"class_list":["post-14956","page","type-page","status-publish","hentry"],"acf":[],"_links":{"self":[{"href":"https:\/\/staging.registrarcorp.com\/pt-br\/wp-json\/wp\/v2\/pages\/14956","targetHints":{"allow":["GET"]}}],"collection":[{"href":"https:\/\/staging.registrarcorp.com\/pt-br\/wp-json\/wp\/v2\/pages"}],"about":[{"href":"https:\/\/staging.registrarcorp.com\/pt-br\/wp-json\/wp\/v2\/types\/page"}],"author":[{"embeddable":true,"href":"https:\/\/staging.registrarcorp.com\/pt-br\/wp-json\/wp\/v2\/users\/40"}],"replies":[{"embeddable":true,"href":"https:\/\/staging.registrarcorp.com\/pt-br\/wp-json\/wp\/v2\/comments?post=14956"}],"version-history":[{"count":0,"href":"https:\/\/staging.registrarcorp.com\/pt-br\/wp-json\/wp\/v2\/pages\/14956\/revisions"}],"wp:attachment":[{"href":"https:\/\/staging.registrarcorp.com\/pt-br\/wp-json\/wp\/v2\/media?parent=14956"}],"curies":[{"name":"wp","href":"https:\/\/api.w.org\/{rel}","templated":true}]}}