{"id":14826,"date":"2023-03-15T18:05:37","date_gmt":"2023-03-15T18:05:37","guid":{"rendered":"https:\/\/staging.registrarcorp.com\/products\/"},"modified":"2025-06-05T20:19:23","modified_gmt":"2025-06-05T20:19:23","slug":"software","status":"publish","type":"page","link":"https:\/\/staging.registrarcorp.com\/pt-br\/software\/","title":{"rendered":"Software"},"content":{"rendered":"<div class=\"wpb-content-wrapper\">[vc_row full_width=&#8221;stretch_row&#8221; css=&#8221;.vc_custom_1726759688505{padding-top: 50px !important;background-color: #f4f4f4 !important;}&#8221; el_class=&#8221;topContainer row-wdith hero-section&#8221; el_id=&#8221;headerRow&#8221;][vc_column width=&#8221;1\/2&#8243;][vc_column_text css=&#8221;&#8221; fnt_family_h1=&#8221;Montserrat&#8221; fnt_size_h1=&#8221;56&#8243;]\n<h1><span style=\"color: #003873;\"><strong>Nosso software.<\/strong><\/span><br \/><span style=\"color: #0081ff;\"><strong> Sua solu\u00e7\u00e3o.<\/strong><\/span><\/h1>\n[\/vc_column_text][vc_column_text]Fique por dentro das regulamenta\u00e7\u00f5es governamentais com o software seguro da Registrar Corp. Nosso conjunto abrangente de solu\u00e7\u00f5es econ\u00f4micas e f\u00e1ceis de usar acelera a conformidade e simplifica o gerenciamento da cadeia de suprimentos.[\/vc_column_text][vc_btn title=&#8221;Explore nossos produtos&#8221; color=&#8221;sky&#8221; i_align=&#8221;right&#8221; i_icon_fontawesome=&#8221;fas fa-arrow-right&#8221; css=&#8221;.vc_custom_1689067563361{margin-top: 30px !important;}&#8221; add_icon=&#8221;true&#8221; link=&#8221;url:%23tabSection|&#8221; el_class=&#8221;primary-btn&#8221;][\/vc_column][vc_column width=&#8221;1\/2&#8243; el_class=&#8221;container-right&#8221;][vc_single_image image=&#8221;663&#8243; img_size=&#8221;full&#8221; alignment=&#8221;center&#8221;][\/vc_column][\/vc_row][vc_section disable_element=&#8221;yes&#8221; css=&#8221;.vc_custom_1699276967612{padding-top: 50px !important;padding-right: 0px !important;padding-bottom: 50px !important;padding-left: 0px !important;}&#8221;][vc_row el_class=&#8221;count-wrap&#8221;][vc_column width=&#8221;1\/2&#8243;][vc_column_text el_class=&#8221;text-col&#8221;]\n<p style=\"font-size: 20px; font-weight: bold; text-align: left;\">A Registrar Corp traz mais de 20 anos de experi\u00eancia e conhecimento para a conformidade regulamentar.<\/p>\n[\/vc_column_text][\/vc_column][vc_column width=&#8221;1\/2&#8243;][vc_row_inner el_class=&#8221;stats-count&#8221; css=&#8221;.vc_custom_1685446330345{padding-right: 0px !important;padding-left: 0px !important;}&#8221;][vc_column_inner width=&#8221;1\/4&#8243;][vc_column_text]\n<p style=\"text-align: center; font-size: 32px; font-weight: bold; margin-bottom: unset;\">19<\/p>\n<p style=\"text-align: center; font-size: 24px;\">Escrit\u00f3rios<br \/>em todo o mundo<\/p>\n[\/vc_column_text][\/vc_column_inner][vc_column_inner width=&#8221;1\/4&#8243;][vc_column_text]\n<p style=\"text-align: center; font-size: 32px; font-weight: bold; margin-bottom: unset;\">Mais de 175<\/p>\n<p style=\"text-align: center; font-size: 24px;\">Pa\u00edses<\/p>\n[\/vc_column_text][\/vc_column_inner][vc_column_inner width=&#8221;1\/4&#8243;][vc_column_text]\n<p style=\"text-align: center; font-size: 32px; font-weight: bold; margin-bottom: unset;\">Mais de 30.000<\/p>\n<p style=\"text-align: center; font-size: 24px;\">Clientes<\/p>\n[\/vc_column_text][\/vc_column_inner][vc_column_inner width=&#8221;1\/4&#8243;][vc_column_text]\n<p style=\"text-align: center; font-size: 32px; font-weight: bold; margin-bottom: unset;\">4.7<\/p>\n<p style=\"text-align: center; font-size: 24px;\">Trustpilot<br \/>Pontua\u00e7\u00e3o[\/vc_column_text][\/vc_column_inner][\/vc_row_inner][\/vc_column][\/vc_row][\/vc_section][vc_section css=&#8221;.vc_custom_1685446271065{padding-top: 50px !important;padding-right: 0px !important;padding-bottom: 50px !important;padding-left: 0px !important;}&#8221;][vc_row el_class=&#8221;count-wrap&#8221; el_id=&#8221;dataRow&#8221;][vc_column][vc_row_inner css=&#8221;.vc_custom_1700590040031{padding-right: 0px !important;padding-left: 0px !important;}&#8221;][vc_column_inner width=&#8221;1\/5&#8243;][vc_single_image image=&#8221;24452&#8243; img_size=&#8221;114&#215;65&#8243; alignment=&#8221;center&#8221;][vc_column_text css=&#8221;&#8221;]\n<p style=\"text-align: center; font-size: 40px; line-height: 60px; color: #003873; font-weight: bold; margin-bottom: unset;\"><span style=\"color: #f54f45;\">Mais<\/span> de 30.000<\/p>\n<p style=\"text-align: center; font-size: 24px;\">Clientes<\/p>\n[\/vc_column_text][\/vc_column_inner][vc_column_inner width=&#8221;1\/5&#8243;][vc_single_image image=&#8221;24462&#8243; img_size=&#8221;81&#215;81&#8243; alignment=&#8221;center&#8221;][vc_column_text css=&#8221;&#8221;]\n<p style=\"text-align: center; font-size: 40px; line-height: 60px; color: #003873; font-weight: bold; margin-bottom: unset;\"><span style=\"color: #f54f45;\">Mais<\/span> de 175<\/p>\n<p style=\"text-align: center; font-size: 24px;\">Pa\u00edses<\/p>\n[\/vc_column_text][\/vc_column_inner][vc_column_inner width=&#8221;1\/5&#8243;][vc_single_image image=&#8221;24480&#8243; img_size=&#8221;70&#215;72&#8243; alignment=&#8221;center&#8221;][vc_column_text css=&#8221;&#8221;]\n<p style=\"text-align: center; font-size: 40px; line-height: 60px; color: #003873; font-weight: bold; margin-bottom: unset;\">20<\/p>\n<p style=\"text-align: center; font-size: 24px;\">Escrit\u00f3rios em todo o mundo<\/p>\n[\/vc_column_text][\/vc_column_inner][vc_column_inner width=&#8221;1\/5&#8243;][vc_single_image image=&#8221;24507&#8243; img_size=&#8221;81&#215;81&#8243; alignment=&#8221;center&#8221;][vc_column_text css=&#8221;&#8221;]\n<p style=\"text-align: center; font-size: 40px; line-height: 60px; color: #003873; font-weight: bold; margin-bottom: unset;\">4,7\/5<\/p>\n<p style=\"text-align: center; font-size: 24px;\">Classifica\u00e7\u00e3o do cliente<\/p>\n[\/vc_column_text][\/vc_column_inner][vc_column_inner width=&#8221;1\/5&#8243;][vc_single_image image=&#8221;24498&#8243; img_size=&#8221;61&#215;81&#8243; alignment=&#8221;center&#8221;][vc_column_text css=&#8221;&#8221;]\n<p style=\"text-align: center; font-size: 40px; line-height: 60px; color: #003873; font-weight: bold; margin-bottom: unset;\"><span style=\"color: #f54f45;\">Mais<\/span> de 20<\/p>\n<p style=\"text-align: center; font-size: 24px;\">Anos de servi\u00e7o<\/p>\n[\/vc_column_text][\/vc_column_inner][\/vc_row_inner][\/vc_column][\/vc_row][\/vc_section][vc_row full_width=&#8221;stretch_row&#8221; content_placement=&#8221;middle&#8221; el_id=&#8221;helpRow&#8221; css=&#8221;.vc_custom_1686308745414{padding-top: 30px !important;padding-bottom: 80px !important;background-color: #ffffff !important;}&#8221;][vc_column width=&#8221;1\/2&#8243;][vc_single_image image=&#8221;655&#8243; img_size=&#8221;full&#8221;][\/vc_column][vc_column width=&#8221;1\/2&#8243;][vc_custom_heading text=&#8221;Como ajudamos&#8221; font_container=&#8221;tag:h2|text_align:left|color:%23003873&#8243; google_fonts=&#8221;font_family:Montserrat%3Aregular%2C700|font_style:700%20bold%20regular%3A700%3Anormal&#8221; css=&#8221;&#8221;][vc_column_text fnt_family=&#8221;Montserrat&#8221; fnt_size=&#8221;18&#8243; el_class=&#8221;how-we-help-text&#8221;]Como um parceiro l\u00edder em consultoria regulat\u00f3ria desde 2003, nossas solu\u00e7\u00f5es de software podem ajud\u00e1-lo a gerenciar seus fornecedores, conectar-se com profissionais atuais e potenciais do setor e monitorar e manter a conformidade de forma r\u00e1pida e eficiente.[\/vc_column_text][\/vc_column][\/vc_row][vc_row full_width=&#8221;stretch_row&#8221; css_animation=&#8221;fadeIn&#8221; el_id=&#8221;tabSection&#8221; css=&#8221;.vc_custom_1687297168043{padding-bottom: 30px !important;background-color: #ffffff !important;}&#8221; el_class=&#8221;tabs-section&#8221;][vc_column css=&#8221;.vc_custom_1686571213247{padding-bottom: 0px !important;}&#8221;][vc_tta_tabs section_title_tag=&#8221;h2&#8243; style=&#8221;flat&#8221; shape=&#8221;square&#8221; color=&#8221;white&#8221; alignment=&#8221;center&#8221; active_section=&#8221;1&#8243; css=&#8221;.vc_custom_1686315256478{background-color: #ffffff !important;}&#8221;][vc_tta_section title=&#8221;ComplyHub (&#8221; tab_id=&#8221;comply-hub&#8221;][vc_row_inner content_placement=&#8221;middle&#8221; css=&#8221;.vc_custom_1686553221874{padding-top: 25px !important;padding-bottom: 25px !important;}&#8221;][vc_column_inner width=&#8221;1\/2&#8243;][vc_column_text]\n<h2>ComplyHub (<\/h2>\n<p>O software mais abrangente do mundo para conformidade FSVP 24 horas por dia, 7 dias por semana. O poderoso software ComplyHub permite que importadores de alimentos e bebidas nos EUA, sujeitos ao Programa de Verifica\u00e7\u00e3o de Fornecedores Estrangeiros (Foreign Supplier Verification Program, FSVP) da FDA, alcancem e mantenham a conformidade com o FSVP da FDA.[\/vc_column_text][vc_btn title=&#8221;Demonstra\u00e7\u00e3o de conformidade automatizada&#8221; color=&#8221;sky&#8221; i_align=&#8221;right&#8221; i_icon_fontawesome=&#8221;fas fa-arrow-right&#8221; css=&#8221;.vc_custom_1736426446062{margin-top: 30px !important;}&#8221; add_icon=&#8221;true&#8221; link=&#8221;url:https%3A%2F%2Fstaging.registrarcorp.com%2Fpt-br%2Fsoftware%2Fcomplyhub%2F|&#8221; el_class=&#8221;primary-btn&#8221;][\/vc_column_inner][vc_column_inner width=&#8221;1\/2&#8243;][vc_single_image image=&#8221;647&#8243; img_size=&#8221;full&#8221; alignment=&#8221;right&#8221;][\/vc_column_inner][\/vc_row_inner][\/vc_tta_section][vc_tta_section title=&#8221;Treinamento on-line&#8221; tab_id=&#8221;online-training&#8221;][vc_row_inner content_placement=&#8221;middle&#8221; css=&#8221;.vc_custom_1686553238315{padding-top: 25px !important;padding-bottom: 25px !important;}&#8221;][vc_column_inner width=&#8221;1\/2&#8243;][vc_column_text]\n<h2>Treinamentos on-line<\/h2>\n<p>Prepare-se e prepare sua equipe para uma melhor conformidade com as ofertas de cursos de treinamento on-line individualizados da Registrar Corp. Oferecemos centenas de cursos, incluindo HACCP, Profissional SQF, PCQI, FSSC 22000, BRCGS, ISO 22000, ISO 13485 e ISO 9001.[\/vc_column_text][vc_btn title=&#8221;Iniciar treinamento&#8221; color=&#8221;sky&#8221; i_align=&#8221;right&#8221; i_icon_fontawesome=&#8221;fas fa-arrow-right&#8221; css=&#8221;.vc_custom_1681738323395{margin-top: 30px !important;}&#8221; add_icon=&#8221;true&#8221; link=&#8221;url:https%3A%2F%2Fstaging.registrarcorp.com%2Fpt-br%2Fabout-us%2Fpartners%2Fattachment%2Fonline-training-2%2F|&#8221; el_class=&#8221;primary-btn&#8221;][\/vc_column_inner][vc_column_inner width=&#8221;1\/2&#8243;][vc_single_image image=&#8221;9941&#8243; img_size=&#8221;full&#8221; alignment=&#8221;right&#8221;][\/vc_column_inner][\/vc_row_inner][\/vc_tta_section][vc_tta_section title=&#8221;Cosmetri&#8221; tab_id=&#8221;Cosmetri&#8221;][vc_row_inner content_placement=&#8221;middle&#8221; css=&#8221;.vc_custom_1686313202789{padding-top: 25px !important;padding-bottom: 25px !important;}&#8221;][vc_column_inner width=&#8221;1\/2&#8243;][vc_column_text]\n<h2>Cosmetri<\/h2>\n<p>Produzir produtos de cuidados pessoais seguros e eficazes. O Cosmetri da Registrar Corp oferece uma solu\u00e7\u00e3o regulat\u00f3ria e de formula\u00e7\u00e3o consistente para fabricantes de cosm\u00e9ticos e laborat\u00f3rios de pesquisa e&amp;desenvolvimento, permitindo que colaborem e desenvolvam produtos cosm\u00e9ticos compat\u00edveis.[\/vc_column_text][vc_btn title=&#8221;Saiba mais sobre Cosmetri&#8221; color=&#8221;sky&#8221; i_align=&#8221;right&#8221; i_icon_fontawesome=&#8221;fas fa-arrow-right&#8221; css=&#8221;.vc_custom_1681738300399{margin-top: 30px !important;}&#8221; add_icon=&#8221;true&#8221; link=&#8221;url:https%3A%2F%2Fwww.cosmetri.com%2F|target:_blank|&#8221; el_class=&#8221;primary-btn&#8221;][\/vc_column_inner][vc_column_inner width=&#8221;1\/2&#8243;][vc_single_image image=&#8221;639&#8243; img_size=&#8221;full&#8221; alignment=&#8221;right&#8221;][\/vc_column_inner][\/vc_row_inner][\/vc_tta_section][vc_tta_section title=&#8221;A la Calc&#8221; tab_id=&#8221;a-la-calc&#8221;][vc_row_inner content_placement=&#8221;middle&#8221; css=&#8221;.vc_custom_1686571128420{padding-top: 25px !important;padding-bottom: 0px !important;}&#8221;][vc_column_inner width=&#8221;1\/2&#8243;][vc_column_text]\n<h2>A la Calc<\/h2>\n<p>Manter a conformidade com a rotulagem de fatos nutricionais. A solu\u00e7\u00e3o de software de receita propriet\u00e1ria conta com a confian\u00e7a de mais de 10 mil profissionais da ind\u00fastria aliment\u00edcia, oferecendo uma plataforma segura para an\u00e1lise e c\u00e1lculo de custos de receitas, c\u00e1lculos nutricionais, declara\u00e7\u00f5es de al\u00e9rgenos e muito mais.[\/vc_column_text][vc_btn title=&#8221;Explore A la Calc&#8221; color=&#8221;sky&#8221; i_align=&#8221;right&#8221; i_icon_fontawesome=&#8221;fas fa-arrow-right&#8221; css=&#8221;.vc_custom_1736426716294{margin-top: 30px !important;margin-bottom: 0px !important;}&#8221; add_icon=&#8221;true&#8221; link=&#8221;url:https%3A%2F%2Fstaging.registrarcorp.com%2Fpt-br%2Fsoftware%2Frecipe-analysis-and-nutrition-software%2F|&#8221; el_class=&#8221;primary-btn&#8221;][\/vc_column_inner][vc_column_inner width=&#8221;1\/2&#8243;][vc_single_image image=&#8221;631&#8243; img_size=&#8221;full&#8221; alignment=&#8221;right&#8221;][\/vc_column_inner][\/vc_row_inner][\/vc_tta_section][\/vc_tta_tabs][\/vc_column][\/vc_row][vc_row full_width=&#8221;stretch_row&#8221; css=&#8221;.vc_custom_1684831987836{padding-bottom: 50px !important;background-color: #ffffff !important;}&#8221; el_class=&#8221;business-model-tabs&#8221;][vc_column][vc_row_inner content_placement=&#8221;middle&#8221;][vc_column_inner width=&#8221;1\/4&#8243;][vc_single_image image=&#8221;2550&#8243; img_size=&#8221;large&#8221; css=&#8221;.vc_custom_1700590218428{margin-bottom: 35px !important;}&#8221;][\/vc_column_inner][vc_column_inner width=&#8221;1\/2&#8243;][vc_custom_heading text=&#8221;Tornando a conformidade r\u00e1pida e f\u00e1cil h\u00e1 20 anos.&#8221; font_container=&#8221;tag:h2|text_align:left|color:%23003873&#8243; google_fonts=&#8221;font_family:Montserrat%3Aregular%2C700|font_style:700%20bold%20regular%3A700%3Anormal&#8221;][vc_column_text fnt_family=&#8221;Montserrat&#8221; fnt_size=&#8221;18&#8243;]Desde 2003, nossa equipe dedicada de profissionais de conformidade e do setor tem trabalhado incansavelmente para manter as cadeias de suprimentos saud\u00e1veis. Deixe-nos ajud\u00e1-lo a simplificar a conformidade regulat\u00f3ria hoje.[\/vc_column_text][\/vc_column_inner][vc_column_inner width=&#8221;1\/4&#8243;][vc_single_image image=&#8221;2550&#8243; img_size=&#8221;large&#8221; css=&#8221;.vc_custom_1700590262521{margin-bottom: 35px !important;}&#8221;][\/vc_column_inner][\/vc_row_inner][\/vc_column][\/vc_row][vc_section css=&#8221;.vc_custom_1684404283119{padding-top: 0px !important;}&#8221;][vc_row full_width=&#8221;stretch_row&#8221; el_id=&#8221;bottomRow&#8221; css=&#8221;.vc_custom_1684406733405{padding-top: 45px !important;padding-bottom: 45px !important;background-color: #00ed9e !important;}&#8221;][vc_column width=&#8221;2\/3&#8243;][vc_column_text el_class=&#8221;are-you-ready-heading&#8221;]<span style=\"color: #003873;\">Voc\u00ea est\u00e1 pronto para uma melhor conformidade?<\/span>[\/vc_column_text][\/vc_column][vc_column width=&#8221;1\/3&#8243;][vc_btn title=&#8221;Comece j\u00e1&#8221; shape=&#8221;square&#8221; color=&#8221;default&#8221; align=&#8221;center&#8221; i_align=&#8221;right&#8221; i_icon_fontawesome=&#8221;fas fa-arrow-right&#8221; add_icon=&#8221;true&#8221; link=&#8221;url:%23|&#8221; el_class=&#8221;get-started-btn&#8221;][\/vc_column][\/vc_row][\/vc_section]\n<\/div>","protected":false},"excerpt":{"rendered":"<p>[vc_row full_width=&#8221;stretch_row&#8221; css=&#8221;.vc_custom_1726759688505{padding-top: 50px !important;background-color: #f4f4f4 !important;}&#8221; el_class=&#8221;topContainer row-wdith hero-section&#8221; el_id=&#8221;headerRow&#8221;][vc_column width=&#8221;1\/2&#8243;][vc_column_text css=&#8221;&#8221; fnt_family_h1=&#8221;Montserrat&#8221; fnt_size_h1=&#8221;56&#8243;] Nosso software. Sua solu\u00e7\u00e3o. [\/vc_column_text][vc_column_text]Fique por dentro das regulamenta\u00e7\u00f5es governamentais com o software seguro da Registrar Corp. Nosso conjunto abrangente de solu\u00e7\u00f5es econ\u00f4micas e f\u00e1ceis de usar acelera a conformidade e simplifica o gerenciamento da cadeia de suprimentos.[\/vc_column_text][vc_btn title=&#8221;Explore nossos<\/p>\n","protected":false},"author":40,"featured_media":0,"parent":0,"menu_order":0,"comment_status":"closed","ping_status":"closed","template":"page-templates\/page-sidebar-none.php","meta":{"_acf_changed":false,"content-type":"","footnotes":""},"class_list":["post-14826","page","type-page","status-publish","hentry"],"acf":[],"_links":{"self":[{"href":"https:\/\/staging.registrarcorp.com\/pt-br\/wp-json\/wp\/v2\/pages\/14826","targetHints":{"allow":["GET"]}}],"collection":[{"href":"https:\/\/staging.registrarcorp.com\/pt-br\/wp-json\/wp\/v2\/pages"}],"about":[{"href":"https:\/\/staging.registrarcorp.com\/pt-br\/wp-json\/wp\/v2\/types\/page"}],"author":[{"embeddable":true,"href":"https:\/\/staging.registrarcorp.com\/pt-br\/wp-json\/wp\/v2\/users\/40"}],"replies":[{"embeddable":true,"href":"https:\/\/staging.registrarcorp.com\/pt-br\/wp-json\/wp\/v2\/comments?post=14826"}],"version-history":[{"count":0,"href":"https:\/\/staging.registrarcorp.com\/pt-br\/wp-json\/wp\/v2\/pages\/14826\/revisions"}],"wp:attachment":[{"href":"https:\/\/staging.registrarcorp.com\/pt-br\/wp-json\/wp\/v2\/media?parent=14826"}],"curies":[{"name":"wp","href":"https:\/\/api.w.org\/{rel}","templated":true}]}}