{"id":14241,"date":"2023-05-04T10:35:01","date_gmt":"2023-05-04T10:35:01","guid":{"rendered":"https:\/\/staging.registrarcorp.com\/associations\/"},"modified":"2025-10-22T08:50:25","modified_gmt":"2025-10-22T08:50:25","slug":"associations","status":"publish","type":"page","link":"https:\/\/staging.registrarcorp.com\/pt-br\/about-us\/associations\/","title":{"rendered":"Associa\u00e7\u00f5es"},"content":{"rendered":"<div class=\"wpb-content-wrapper\">[vc_row css=&#8221;.vc_custom_1726759403579{border-bottom-width: 0.5px !important;padding-top: 40px !important;border-bottom-style: solid !important;border-color: #003873 !important;}&#8221; el_class=&#8221;vertical-text-align hero-section&#8221;][vc_column width=&#8221;2\/3&#8243; el_class=&#8221;col-txt-center&#8221; css=&#8221;.vc_custom_1685525415508{margin-top: -50px !important;}&#8221;][vc_custom_heading text=&#8221;Conex\u00f5es mais fortes por meio de associa\u00e7\u00f5es profissionais.&#8221; font_container=&#8221;tag:h1|font_size:40|text_align:left|color:%23003873&#8243; google_fonts=&#8221;font_family:Montserrat%3Aregular%2C700|font_style:700%20bold%20regular%3A700%3Anormal&#8221;][vc_column_text css=&#8221;&#8221; fnt_family=&#8221;Montserrat&#8221; fnt_size=&#8221;18px&#8221; el_class=&#8221;sub-heading-width&#8221;]A Registrar Corp tem orgulho de participar e apoiar algumas das maiores associa\u00e7\u00f5es comerciais sem fins lucrativos e suas bases de membros em todo o mundo.[\/vc_column_text][\/vc_column][vc_column width=&#8221;1\/3&#8243;][vc_single_image image=&#8221;1270&#8243; img_size=&#8221;large&#8221;][\/vc_column][\/vc_row][vc_row full_width=&#8221;stretch_row&#8221; css=&#8221;.vc_custom_1760709803594{padding-top: 50px !important;}&#8221; el_class=&#8221;tablet-full-width-columns&#8221;][vc_column width=&#8221;1\/3&#8243; css=&#8221;.vc_custom_1683194818793{padding-right: 100px !important;}&#8221;][vc_column_text css=&#8221;&#8221;]\n<h2><a href=\"https:\/\/www.afpa.com\/\" target=\"_blank\" rel=\"noopener\">Associa\u00e7\u00e3o de Processadores de Alimentos de Alberta(AFPA)<\/a><\/h2>\n<p><span class=\"p-content\">A AFPA \u00e9 uma organiza\u00e7\u00e3o sem fins lucrativos que representa todos os segmentos da ind\u00fastria de alimentos e bebidas na prov\u00edncia de Alberta, Canad\u00e1. Eles ajudam os membros a construir uma vantagem competitiva por meio de treinamento de qualidade, oportunidades de networking, promo\u00e7\u00e3o eficaz e sendo a voz representativa do setor de processamento de alimentos de Alberta.<\/span>[\/vc_column_text][\/vc_column][vc_column width=&#8221;1\/3&#8243; css=&#8221;.vc_custom_1683194953094{padding-right: 100px !important;}&#8221;][vc_column_text css=&#8221;&#8221;]\n<h2><a href=\"https:\/\/www.afdo.org\/\" target=\"_blank\" rel=\"noopener\">Associa\u00e7\u00e3o de Funcion\u00e1rios de Alimentos e Medicamentos (AFDO)<\/a><\/h2>\n<p><span class=\"p-content\">A AFDO \u00e9 uma organiza\u00e7\u00e3o internacional sem fins lucrativos na vanguarda da simplifica\u00e7\u00e3o e simplifica\u00e7\u00e3o dos regulamentos em alimentos e bebidas, medicamentos, dispositivos m\u00e9dicos, cosm\u00e9ticos e produtos de consumo. A AFDO trabalha para proteger a sa\u00fade p\u00fablica e a seguran\u00e7a, promovendo uniformidade e melhorando as regulamenta\u00e7\u00f5es regionais, nacionais e internacionais.<\/span>[\/vc_column_text][\/vc_column][vc_column width=&#8221;1\/3&#8243; css=&#8221;.vc_custom_1683194959754{padding-right: 100px !important;}&#8221;][vc_column_text css=&#8221;&#8221;]\n<h2><a href=\"https:\/\/www.bbb.org\/\" target=\"_blank\" rel=\"noopener\">Better Business Bureau (BBB)<\/a><\/h2>\n<p><span class=\"p-content\">A BBB \u00e9 uma organiza\u00e7\u00e3o privada e sem fins lucrativos focada no avan\u00e7o da confian\u00e7a no mercado, avaliando empresas e acreditando empresas que se comprometem com o C\u00f3digo de Pr\u00e1ticas de Neg\u00f3cios da BBB. A BBB determinou que a Registrar Corp atende aos padr\u00f5es de credenciamento da BBB, que incluem um compromisso de fazer um esfor\u00e7o de boa-f\u00e9 para resolver quaisquer reclama\u00e7\u00f5es de consumidores.\u00a0<\/span>[\/vc_column_text][\/vc_column][\/vc_row][vc_row full_width=&#8221;stretch_row&#8221; css=&#8221;.vc_custom_1760709813361{padding-top: 50px !important;}&#8221; el_class=&#8221;tablet-full-width-columns&#8221;][vc_column width=&#8221;1\/3&#8243; css=&#8221;.vc_custom_1683194978392{padding-right: 100px !important;}&#8221;][vc_column_text css=&#8221;&#8221;]\n<h2><a href=\"https:\/\/cew.org\/\" target=\"_blank\" rel=\"noopener\">Cosm\u00e9ticosExecutivoMulheres (DEC)<\/a><\/h2>\n<p><span class=\"p-content\">A CEW \u00e9 uma organiza\u00e7\u00e3o internacional para mais de 9.000 l\u00edderes diversificados de marcas de beleza, varejistas, perfumarias, meios de comunica\u00e7\u00e3o e fornecedores l\u00edderes e independentes. O objetivo \u00e9 informar e conectar os membros do setor por meio de conte\u00fado exclusivo, pesquisa selecionada, eventos exclusivos e networking.\u00a0<\/span>[\/vc_column_text][\/vc_column][vc_column width=&#8221;1\/3&#8243; css=&#8221;.vc_custom_1683194984700{padding-right: 100px !important;}&#8221;][vc_column_text css=&#8221;&#8221;]\n<h2><a href=\"https:\/\/cbfanc.org\/\" target=\"_blank\" rel=\"noopener\">Associa\u00e7\u00e3o de Despachantes e Despachantes Alfandeg\u00e1rios do NorteCalif\u00f3rnia(CBFANC)<\/a><\/h2>\n<p><span class=\"p-content\">O CBFANC trabalha para garantir que os bens e servi\u00e7os fluam de forma perfeita e segura atrav\u00e9s das fronteiras do norte da Calif\u00f3rnia. O objetivo \u00e9 garantir que seus membros possam manter sua equipe atualizada sobre novos regulamentos, organizando eventos educacionais e credenciados pelo CSS ao longo do ano.\u00a0<\/span>[\/vc_column_text][\/vc_column][vc_column width=&#8221;1\/3&#8243; css=&#8221;.vc_custom_1683194991655{padding-right: 100px !important;}&#8221;][vc_column_text css=&#8221;&#8221;]\n<h2><a href=\"#\">Despachantes aduaneiros e frete internacionalEncaminhadoresAssocia\u00e7\u00e3o deVirg\u00ednia (CBIFFAde AV)<\/a><\/h2>\n<p><span class=\"p-content\">A CBIFFA da VA tem como objetivo cultivar rela\u00e7\u00f5es entre agentes de carga internacionais e despachantes aduaneiros e manter a \u00e9tica profissional em seu mais alto padr\u00e3o. A associa\u00e7\u00e3o mant\u00e9m contato pr\u00f3ximo com ag\u00eancias governamentais, a comunidade comercial local, os Portos da Virg\u00ednia e a alf\u00e2ndega dos EUA para oferecer treinamento cont\u00ednuo.<\/span>[\/vc_column_text][\/vc_column][\/vc_row][vc_row full_width=&#8221;stretch_row&#8221; css=&#8221;.vc_custom_1760709820636{padding-top: 50px !important;}&#8221; el_class=&#8221;tablet-full-width-columns&#8221;][vc_column width=&#8221;1\/3&#8243; css=&#8221;.vc_custom_1683195002022{padding-right: 100px !important;}&#8221;][vc_column_text css=&#8221;&#8221;]\n<h2><a href=\"https:\/\/www.ukfdea.com\/\" target=\"_blank\" rel=\"noopener\">Associa\u00e7\u00e3o de Exportadores de Alimentos e Bebidas(FDEA)<\/a><\/h2>\n<p><span class=\"p-content\">A FDEA \u00e9 uma organiza\u00e7\u00e3o comercial sem fins lucrativos do Reino Unido e a \u00fanica dedicada a representar empresas de alimentos e bebidas do Reino Unido para compradores internacionais e o governo do Reino Unido. Os membros da FDEA se beneficiam do acesso a pesquisas de mercado, informa\u00e7\u00f5es sobre oportunidades de exporta\u00e7\u00e3o e eventos regionais e internacionais.<\/span>[\/vc_column_text][\/vc_column][vc_column width=&#8221;1\/3&#8243; css=&#8221;.vc_custom_1683195090140{padding-right: 100px !important;}&#8221;][vc_column_text css=&#8221;&#8221;]\n<h2><a href=\"https:\/\/www.ffa.com.vn\/\" target=\"_blank\" rel=\"noopener\">Food and Foodstuffs Association (FFA)<\/a><\/h2>\n<p><span class=\"p-content\">A FFA representa a voz das empresas nos setores de alimentos, g\u00eaneros aliment\u00edcios e bebidas no Vietn\u00e3, atuando como uma ponte entre membros e o governo. A associa\u00e7\u00e3o tamb\u00e9m atende aos membros, disseminando informa\u00e7\u00f5es sobre regulamentos e melhores pr\u00e1ticas do setor, treinamento profissional, networking facilitado e eventos promocionais.\u00a0<\/span>[\/vc_column_text][\/vc_column][vc_column width=&#8221;1\/3&#8243; css=&#8221;.vc_custom_1683195132588{padding-right: 100px !important;}&#8221;][vc_column_text css=&#8221;&#8221;]\n<h2><a href=\"https:\/\/www.foodsouthaustralia.com.au\/\" target=\"_blank\" rel=\"noopener\">Alimentos Sul da Austr\u00e1lia<\/a><\/h2>\n<p><span class=\"p-content\">A Food South Australia \u00e9 uma organiza\u00e7\u00e3o independente liderada pelo setor que representa empresas de alimentos e bebidas de todos os tamanhos e est\u00e1gios em todo o sul da Austr\u00e1lia. Ele \u00e9 regido por um conselho de l\u00edderes do setor e faz parceria com o governo do sul da Austr\u00e1lia para apoiar o crescimento de todo o setor.<\/span>[\/vc_column_text][\/vc_column][\/vc_row][vc_row full_width=&#8221;stretch_row&#8221; css=&#8221;.vc_custom_1760709828368{padding-top: 50px !important;}&#8221; el_class=&#8221;tablet-full-width-columns&#8221;][vc_column width=&#8221;1\/3&#8243; css=&#8221;.vc_custom_1683195002022{padding-right: 100px !important;}&#8221;][vc_column_text css=&#8221;&#8221;]\n<h2><a href=\"https:\/\/www.soapguild.org\/\" target=\"_blank\" rel=\"noopener\">Feito \u00e0 m\u00e3oSabonete e cosm\u00e9ticosGuilda (HSCG)<\/a><\/h2>\n<p><span class=\"p-content\">A maior associa\u00e7\u00e3o de membros desse tipo, a HSCG foi fundada em 1998 para apoiar fabricantes de sabonetes artesanais nos EUA. Hoje, a HSCG atende aos setores de sabonetes artesanais, cosm\u00e9ticos e velas e tem milhares de membros em todo o mundo, incluindo fabricantes, fornecedores e empresas que vendem produtos de marca pr\u00f3pria.<\/span>[\/vc_column_text][\/vc_column][vc_column width=&#8221;1\/3&#8243; css=&#8221;.vc_custom_1683195090140{padding-right: 100px !important;}&#8221;][vc_column_text css=&#8221;&#8221;]\n<h2><a href=\"https:\/\/independentbeauty.org\/\" target=\"_blank\" rel=\"noopener\">Beleza independenteAssocia\u00e7\u00e3o (IBA)<\/a><\/h2>\n<p><span class=\"p-content\">A IBA \u00e9 uma associa\u00e7\u00e3o sem fins lucrativos que oferece conformidade legal e regulat\u00f3ria, sustentabilidade ambiental e pr\u00e1ticas comerciais \u00e9ticas para o setor de cosm\u00e9ticos e cuidados pessoais. Ela promove o sucesso empresarial de empresas independentes por meio de educa\u00e7\u00e3o, servi\u00e7os aos membros, legisla\u00e7\u00e3o razo\u00e1vel e oportunidades de networking.\u00a0<\/span>[\/vc_column_text][\/vc_column][vc_column width=&#8221;1\/3&#8243; css=&#8221;.vc_custom_1683195132588{padding-right: 100px !important;}&#8221;][vc_column_text css=&#8221;&#8221;]\n<h2><a href=\"https:\/\/www.intacc.org\/en\/main-eng\/\" target=\"_blank\" rel=\"noopener\">C\u00e2mara Internacional de Com\u00e9rcio Est\u00e9tico (International Aestheticians Chamber of Commerce, INTACC)<\/a><\/h2>\n<p><span class=\"p-content\">A C\u00e2mara de Com\u00e9rcio Internacional de Est\u00e9tica re\u00fane os principais l\u00edderes empresariais, especialistas e talentos de elite de todo o mundo da China, Macau, Reino Unido, Coreia do Sul, Mal\u00e1sia, Taiwan, Jap\u00e3o, Dubai e Tail\u00e2ndia. Nosso grupo tem mais de 330 unidades de marcas de cosm\u00e9ticos, incluindo produtos de vitaminas nutricionais de diferentes pa\u00edses, e \u00e9 respons\u00e1vel por promover a qualidade dos produtos e servi\u00e7os.<\/span>[\/vc_column_text][\/vc_column][\/vc_row][vc_row full_width=&#8221;stretch_row&#8221; css=&#8221;.vc_custom_1760709836905{padding-top: 50px !important;}&#8221; el_class=&#8221;tablet-full-width-columns&#8221;][vc_column width=&#8221;1\/3&#8243; css=&#8221;.vc_custom_1683195049244{padding-right: 100px !important;}&#8221;][vc_column_text css=&#8221;&#8221;]\n<h2><a href=\"https:\/\/www.lacbffa.org\/\" target=\"_blank\" rel=\"noopener\">Associa\u00e7\u00e3o de despachantes aduaneiros e despachantes de frete de Los Angeles (LACBFFA)<\/a><\/h2>\n<p><span class=\"p-content\">O LACBFFA representa os interesses comerciais comuns dos despachantes aduaneiros e despachantes como profissionais na negocia\u00e7\u00e3o com o governo, transportadoras, ind\u00fastria e entre si. A principal organiza\u00e7\u00e3o para com\u00e9rcio internacional no sul da Calif\u00f3rnia, organiza ativamente e participa de semin\u00e1rios, workshops, confer\u00eancias e cursos de treinamento relevantes para seus membros.\u00a0<\/span>[\/vc_column_text][\/vc_column][vc_column width=&#8221;1\/3&#8243; css=&#8221;.vc_custom_1683195083388{padding-right: 100px !important;}&#8221;][vc_column_text css=&#8221;&#8221;]\n<h2><a href=\"https:\/\/www.ncbfaa.org\/\" target=\"_blank\" rel=\"noopener\">Associa\u00e7\u00e3o Nacional de Despachantes e Agentes Aduaneiros da Am\u00e9rica(NCBFAA)<\/a><\/h2>\n<p><span class=\"p-content\">Sediada em Washington DC, a NCBFAA apoia mais de 1.200 empresas associadas em com\u00e9rcio internacional, atendendo a mais de 250.000 importadores e exportadores. Os membros da associa\u00e7\u00e3o lidam com mais de 97% das entradas de mercadorias importadas para os EUA, tornando-a a voz nacional do setor de com\u00e9rcio internacional.\u00a0<\/span>[\/vc_column_text][\/vc_column][vc_column width=&#8221;1\/3&#8243; css=&#8221;.vc_custom_1683195125226{padding-right: 100px !important;}&#8221;][vc_column_text css=&#8221;&#8221;]\n<h2><a href=\"https:\/\/www.personalcarecouncil.org\/\" target=\"_blank\" rel=\"noopener\">Conselho de Produtos de Cuidados Pessoais (PCPC)<\/a><\/h2>\n<p><span class=\"p-content\">A PCPC \u00e9 a principal associa\u00e7\u00e3o comercial nacional que representa empresas globais de cosm\u00e9ticos e produtos de higiene pessoal. Ela atua como a voz do setor em quest\u00f5es cient\u00edficas, jur\u00eddicas, regulat\u00f3rias, legislativas e internacionais, e suas empresas-membro representam mais de 90% do setor de beleza dos EUA.<\/span>[\/vc_column_text][\/vc_column][\/vc_row][vc_row full_width=&#8221;stretch_row&#8221; css=&#8221;.vc_custom_1760709845557{padding-top: 50px !important;}&#8221; el_class=&#8221;tablet-full-width-columns&#8221;][vc_column width=&#8221;1\/3&#8243; css=&#8221;.vc_custom_1683195010949{padding-right: 100px !important;}&#8221;][vc_column_text css=&#8221;&#8221;]\n<h2><a href=\"https:\/\/www.raps.org\/\" target=\"_blank\" rel=\"noopener\">Regulat\u00f3rioAssuntosProfissionaisSociedade (RAPS)<\/a><\/h2>\n<p><span class=\"p-content\">A RAPS \u00e9 a maior organiza\u00e7\u00e3o internacional de e para profissionais envolvidos na regulamenta\u00e7\u00e3o de produtos de sa\u00fade e relacionados, incluindo dispositivos m\u00e9dicos, produtos farmac\u00eauticos, biol\u00f3gicos e nutricionais. O RAPS ajudou a estabelecer a profiss\u00e3o regulat\u00f3ria e continua a apoiar profissionais e liderar a inova\u00e7\u00e3o no setor.\u00a0<\/span>[\/vc_column_text][\/vc_column][vc_column width=&#8221;1\/3&#8243; css=&#8221;.vc_custom_1683195074663{padding-right: 100px !important;}&#8221;][vc_column_text css=&#8221;&#8221;]\n<h2><a href=\"https:\/\/www.specialtyfood.com\/\" target=\"_blank\" rel=\"noopener\">Specialty Food Association (SFA)<\/a><\/h2>\n<p><span class=\"p-content\">A SFA \u00e9 uma comunidade pr\u00f3spera de artes\u00e3os especializados em alimentos, importadores e empreendedores, bem como distribuidores, varejistas e outros profissionais do setor. A organiza\u00e7\u00e3o sem fins lucrativos foi fundada em 1952 e representa mais de 3.000 empresas. Al\u00e9m dos eventos e networking dos membros, a SFA \u00e9 propriet\u00e1ria e produz o Winter and Summer Fancy Food Show, e apresenta o Sofi Awards, que homenageia a excel\u00eancia em alimentos especiais.<\/span>[\/vc_column_text][\/vc_column][vc_column width=&#8221;1\/3&#8243; css=&#8221;.vc_custom_1683195118422{padding-right: 100px !important;}&#8221;][vc_column_text css=&#8221;&#8221;]\n<h2><a href=\"https:\/\/www.aboutseafood.com\/\" target=\"_blank\" rel=\"noopener\">As Pescas NacionaisInstituto (NFI)<\/a><\/h2>\n<p><span class=\"p-content\">A NFI \u00e9 uma organiza\u00e7\u00e3o sem fins lucrativos comprometida em educar os consumidores sobre seguran\u00e7a, sustentabilidade e nutri\u00e7\u00e3o de frutos do mar. As diversas empresas membro da associa\u00e7\u00e3o variam de restauradores de frutos do mar a supermercados, profissionais de marketing, embarca\u00e7\u00f5es de pesca e ag\u00eancias governamentais. A NFI apoia a aquicultura respons\u00e1vel, a cobertura precisa da m\u00eddia sobre a nutri\u00e7\u00e3o dos frutos do mar e o livre com\u00e9rcio.<\/span>[\/vc_column_text][\/vc_column][\/vc_row][vc_row full_width=&#8221;stretch_row&#8221; css=&#8221;.vc_custom_1760709851996{padding-top: 50px !important;padding-bottom: 50px !important;}&#8221; el_class=&#8221;tablet-full-width-columns&#8221;][vc_column width=&#8221;1\/3&#8243; css=&#8221;.vc_custom_1683195028692{padding-right: 100px !important;}&#8221;][vc_column_text css=&#8221;&#8221;]\n<h2><a href=\"https:\/\/wita.org\/\" target=\"_blank\" rel=\"noopener\">WashingtonInternacionalAssocia\u00e7\u00e3o comercial(WITA)<\/a><\/h2>\n<p><span class=\"p-content\">A WITA \u00e9 uma organiza\u00e7\u00e3o sem fins lucrativos e n\u00e3o partid\u00e1ria dedicada a criar um f\u00f3rum neutro no capital do pa\u00eds para quest\u00f5es relacionadas e pol\u00edticas de com\u00e9rcio internacional. \u00c9 amplamente considerado o principal f\u00f3rum comercial de Washington e um centro central para profissionais de com\u00e9rcio nacional e internacional. A WITA hospeda programas educacionais e oferece oportunidades de networking e desenvolvimento profissional.<\/span>[\/vc_column_text][\/vc_column][vc_column width=&#8221;1\/3&#8243; css=&#8221;.vc_custom_1683195068576{padding-right: 100px !important;}&#8221;][\/vc_column][vc_column width=&#8221;1\/3&#8243; css=&#8221;.vc_custom_1683293309719{padding-right: 100px !important;}&#8221;][\/vc_column][\/vc_row]\n<\/div>","protected":false},"excerpt":{"rendered":"<p>[vc_row css=&#8221;.vc_custom_1726759403579{border-bottom-width: 0.5px !important;padding-top: 40px !important;border-bottom-style: solid !important;border-color: #003873 !important;}&#8221; el_class=&#8221;vertical-text-align hero-section&#8221;][vc_column width=&#8221;2\/3&#8243; el_class=&#8221;col-txt-center&#8221; css=&#8221;.vc_custom_1685525415508{margin-top: -50px !important;}&#8221;][vc_custom_heading text=&#8221;Conex\u00f5es mais fortes por meio de associa\u00e7\u00f5es profissionais.&#8221; font_container=&#8221;tag:h1|font_size:40|text_align:left|color:%23003873&#8243; google_fonts=&#8221;font_family:Montserrat%3Aregular%2C700|font_style:700%20bold%20regular%3A700%3Anormal&#8221;][vc_column_text css=&#8221;&#8221; fnt_family=&#8221;Montserrat&#8221; fnt_size=&#8221;18px&#8221; el_class=&#8221;sub-heading-width&#8221;]A Registrar Corp tem orgulho de participar e apoiar algumas das maiores associa\u00e7\u00f5es comerciais sem fins lucrativos e suas bases de membros em todo o<\/p>\n","protected":false},"author":33,"featured_media":0,"parent":14824,"menu_order":0,"comment_status":"closed","ping_status":"closed","template":"page-templates\/page-sidebar-none.php","meta":{"_acf_changed":false,"content-type":"","footnotes":""},"class_list":["post-14241","page","type-page","status-publish","hentry"],"acf":[],"_links":{"self":[{"href":"https:\/\/staging.registrarcorp.com\/pt-br\/wp-json\/wp\/v2\/pages\/14241","targetHints":{"allow":["GET"]}}],"collection":[{"href":"https:\/\/staging.registrarcorp.com\/pt-br\/wp-json\/wp\/v2\/pages"}],"about":[{"href":"https:\/\/staging.registrarcorp.com\/pt-br\/wp-json\/wp\/v2\/types\/page"}],"author":[{"embeddable":true,"href":"https:\/\/staging.registrarcorp.com\/pt-br\/wp-json\/wp\/v2\/users\/33"}],"replies":[{"embeddable":true,"href":"https:\/\/staging.registrarcorp.com\/pt-br\/wp-json\/wp\/v2\/comments?post=14241"}],"version-history":[{"count":0,"href":"https:\/\/staging.registrarcorp.com\/pt-br\/wp-json\/wp\/v2\/pages\/14241\/revisions"}],"up":[{"embeddable":true,"href":"https:\/\/staging.registrarcorp.com\/pt-br\/wp-json\/wp\/v2\/pages\/14824"}],"wp:attachment":[{"href":"https:\/\/staging.registrarcorp.com\/pt-br\/wp-json\/wp\/v2\/media?parent=14241"}],"curies":[{"name":"wp","href":"https:\/\/api.w.org\/{rel}","templated":true}]}}