{"id":13911,"date":"2023-05-15T12:47:29","date_gmt":"2023-05-15T12:47:29","guid":{"rendered":"https:\/\/staging.registrarcorp.com\/other-industries\/"},"modified":"2025-06-03T19:44:36","modified_gmt":"2025-06-03T19:44:36","slug":"other-industries","status":"publish","type":"page","link":"https:\/\/staging.registrarcorp.com\/pt-br\/industries\/other-industries\/","title":{"rendered":"Outros setores"},"content":{"rendered":"<div class=\"wpb-content-wrapper\">[vc_section full_width=&#8221;stretch_row&#8221; css=&#8221;.vc_custom_1684235389613{padding-top: 80px !important;padding-bottom: 50px !important;background-color: #ffffff !important;}&#8221;][vc_row content_placement=&#8221;middle&#8221; el_class=&#8221;hero-section&#8221;][vc_column width=&#8221;1\/2&#8243;][vc_custom_heading text=&#8221;Servi\u00e7os de conformidade e registro&#8221; font_container=&#8221;tag:h1|font_size:46|text_align:left|color:%23003873&#8243; google_fonts=&#8221;font_family:Montserrat%3Aregular%2C700|font_style:700%20bold%20regular%3A700%3Anormal&#8221; css=&#8221;.vc_custom_1742480651459{margin-bottom: 0px !important;}&#8221;][vc_custom_heading text=&#8221;para outros setores.&#8221; font_container=&#8221;tag:h2|font_size:46|text_align:left|color:%230081ff&#8221; google_fonts=&#8221;font_family:Montserrat%3Aregular%2C700|font_style:700%20bold%20regular%3A700%3Anormal&#8221;][vc_column_text fnt_family=&#8221;Montserrat&#8221; fnt_size=&#8221;24&#8243;]Ajudamos a manter seu setor em conformidade. A Registrar Corp oferece servi\u00e7os de apoio regulat\u00f3rio da FDA para fabricantes de eletr\u00f4nicos ou dispositivos emissores de radia\u00e7\u00e3o (RED), tabaco e produtos biol\u00f3gicos.[\/vc_column_text][vc_btn title=&#8221;Explore nossas ofertas&#8221; i_align=&#8221;right&#8221; i_icon_fontawesome=&#8221;fas fa-arrow-right&#8221; add_icon=&#8221;true&#8221; link=&#8221;url:%23red|&#8221; el_class=&#8221;primary-btn&#8221;][\/vc_column][vc_column width=&#8221;1\/2&#8243;][vc_single_image image=&#8221;53670&#8243; img_size=&#8221;full&#8221; alignment=&#8221;center&#8221; css=&#8221;&#8221;][\/vc_column][\/vc_row][\/vc_section][vc_section content_placement=&#8221;middle&#8221; css=&#8221;.vc_custom_1703687096566{padding-top: 80px !important;padding-bottom: 50px !important;}&#8221; el_id=&#8221;red&#8221;][vc_row content_placement=&#8221;middle&#8221;][vc_column width=&#8221;1\/2&#8243;][vc_single_image image=&#8221;53679&#8243; img_size=&#8221;full&#8221; alignment=&#8221;center&#8221; css=&#8221;&#8221;][\/vc_column][vc_column width=&#8221;1\/2&#8243;][vc_custom_heading text=&#8221;Dispositivos eletr\u00f4nicos ou emissores de radia\u00e7\u00e3o (REDs)&#8221; font_container=&#8221;tag:h2|font_size:40|text_align:left|color:%23003873&#8243; google_fonts=&#8221;font_family:Montserrat%3Aregular%2C700|font_style:700%20bold%20regular%3A700%3Anormal&#8221;][vc_column_text css=&#8221;.vc_custom_1684322315077{margin-bottom: 30px !important;}&#8221; fnt_family=&#8221;Montserrat&#8221; fnt_size=&#8221;18&#8243;]Fique por dentro dos requisitos da FDA para REDs. A Registrar Corp apoia fabricantes de eletr\u00f4nicos oferecendo servi\u00e7os de conformidade com a FDA, incluindo agente designado dos EUA para servi\u00e7o de processo, suporte ao n\u00famero de acesso da FDA, an\u00e1lises de r\u00f3tulos e envio de relat\u00f3rios anuais e de produtos.[\/vc_column_text][vc_btn title=&#8221;Mais sobre REDs&#8221; i_align=&#8221;right&#8221; i_icon_fontawesome=&#8221;fas fa-arrow-right&#8221; add_icon=&#8221;true&#8221; link=&#8221;url:https%3A%2F%2Fstaging.registrarcorp.com%2Fpt-br%2Fservices%2Fradiation-emitting-device-reporting%2F|&#8221; el_class=&#8221;secondary-btn&#8221;][\/vc_column][\/vc_row][\/vc_section][vc_section full_width=&#8221;stretch_row&#8221; css=&#8221;.vc_custom_1703687049088{padding-top: 80px !important;padding-bottom: 50px !important;background-color: #ffffff !important;}&#8221; el_id=&#8221;tobacco&#8221;][vc_row content_placement=&#8221;middle&#8221; css=&#8221;.vc_custom_1684236240540{padding-top: 80px !important;padding-bottom: 50px !important;}&#8221;][vc_column width=&#8221;1\/2&#8243;][vc_custom_heading text=&#8221;Tabaco&#8221; font_container=&#8221;tag:h2|font_size:40|text_align:left|color:%23003873&#8243; google_fonts=&#8221;font_family:Montserrat%3Aregular%2C700|font_style:700%20bold%20regular%3A700%3Anormal&#8221;][vc_column_text fnt_family=&#8221;Montserrat&#8221; fnt_size=&#8221;16&#8243;]Registre seus produtos de tabaco para entrar no mercado dos EUA. Nossa equipe de profissionais regulat\u00f3rios pode ajud\u00e1-lo com o registro e renova\u00e7\u00e3o do estabelecimento da FDA, envios de listas de produtos e relat\u00f3rios de ingredientes.[\/vc_column_text][vc_btn title=&#8221;Registre-se hoje&#8221; i_align=&#8221;right&#8221; i_icon_fontawesome=&#8221;fas fa-arrow-right&#8221; add_icon=&#8221;true&#8221; link=&#8221;url:https%3A%2F%2Fstaging.registrarcorp.com%2Fpt-br%2Ffda-registration-form%2F|title:Registre-se%20hoje|&#8221; el_class=&#8221;secondary-btn&#8221;][\/vc_column][vc_column width=&#8221;1\/2&#8243;][vc_single_image image=&#8221;53689&#8243; img_size=&#8221;full&#8221; css=&#8221;&#8221;][\/vc_column][\/vc_row][\/vc_section][vc_section css=&#8221;.vc_custom_1703687065060{padding-top: 80px !important;padding-bottom: 50px !important;}&#8221; el_id=&#8221;biologics&#8221;][vc_row content_placement=&#8221;middle&#8221;][vc_column width=&#8221;1\/2&#8243;][vc_single_image image=&#8221;53698&#8243; img_size=&#8221;full&#8221; alignment=&#8221;center&#8221; css=&#8221;&#8221;][\/vc_column][vc_column width=&#8221;1\/2&#8243;][vc_custom_heading text=&#8221;Produtos biol\u00f3gicos&#8221; font_container=&#8221;tag:h2|font_size:40|text_align:left|color:%23003873&#8243; google_fonts=&#8221;font_family:Montserrat%3Aregular%2C700|font_style:700%20bold%20regular%3A700%3Anormal&#8221;][vc_column_text fnt_family=&#8221;Montserrat&#8221; fnt_size=&#8221;16&#8243;]Se voc\u00ea fabrique produtos alerg\u00eanicos, hemoderivados ou vacinas, a Registrar Corp pode ajud\u00e1-lo a manter a conformidade com a FDA. Apoiamos empresas de produtos biol\u00f3gicos com registro da FDA para estabelecimento de sangue, renova\u00e7\u00e3o anual e registro e listagem de c\u00e9lulas humanas, tecidos e produtos celulares e baseados em tecidos (HCT\/Ps).[\/vc_column_text][vc_btn title=&#8221;Registre-se hoje&#8221; i_align=&#8221;right&#8221; i_icon_fontawesome=&#8221;fas fa-arrow-right&#8221; add_icon=&#8221;true&#8221; link=&#8221;url:https%3A%2F%2Fstaging.registrarcorp.com%2Fpt-br%2Ffda-registration-form%2F|&#8221; el_class=&#8221;secondary-btn&#8221;][\/vc_column][\/vc_row][\/vc_section][vc_section full_width=&#8221;stretch_row&#8221; css=&#8221;.vc_custom_1684236524972{padding-top: 80px !important;padding-bottom: 50px !important;background-color: #003873 !important;}&#8221;][vc_row content_placement=&#8221;middle&#8221;][vc_column width=&#8221;1\/2&#8243;][vc_custom_heading text=&#8221;Trabalhe com a Registrar Corp hoje.&#8221; font_container=&#8221;tag:h2|font_size:56|text_align:left|color:%23ffffff&#8221; google_fonts=&#8221;font_family:Montserrat%3Aregular%2C700|font_style:700%20bold%20regular%3A700%3Anormal&#8221;][vc_column_text fnt_family=&#8221;Montserrat&#8221; fnt_size=&#8221;24&#8243; grad_text_color1=&#8221;#ffffff&#8221;]Com 20 anos de experi\u00eancia, temos o compromisso de ajudar sua empresa a alcan\u00e7ar a conformidade com a FDA.[\/vc_column_text][vc_btn title=&#8221;Come\u00e7ar&#8221; color=&#8221;sky&#8221; i_align=&#8221;right&#8221; i_icon_fontawesome=&#8221;fas fa-arrow-right&#8221; add_icon=&#8221;true&#8221; link=&#8221;url:https%3A%2F%2Fstaging.registrarcorp.com%2Fpt-br%2Fcontact%2F|&#8221; el_class=&#8221;primary-btn-white&#8221;][\/vc_column][vc_column width=&#8221;1\/2&#8243;][vc_single_image image=&#8221;53707&#8243; img_size=&#8221;large&#8221; alignment=&#8221;center&#8221; css=&#8221;&#8221;][\/vc_column][\/vc_row][\/vc_section][vc_section full_width=&#8221;stretch_row&#8221; css=&#8221;.vc_custom_1727969053335{background-color: #eceff1 !important;}&#8221; el_class=&#8221;faq-accordion-section&#8221;][vc_row content_placement=&#8221;bottom&#8221; css=&#8221;.vc_custom_1700031769606{padding-top: 50px !important;}&#8221;][vc_column width=&#8221;2\/3&#8243;][vc_custom_heading text=&#8221;Perguntas frequentes&#8221; font_container=&#8221;tag:h2|font_size:40|text_align:left|color:%23003873&#8243; google_fonts=&#8221;font_family:Montserrat%3Aregular%2C700|font_style:700%20bold%20regular%3A700%3Anormal&#8221;][\/vc_column][vc_column width=&#8221;1\/3&#8243;][vc_single_image image=&#8221;1011&#8243; img_size=&#8221;medium&#8221; alignment=&#8221;right&#8221; el_class=&#8221;hide-row&#8221;][\/vc_column][\/vc_row][vc_row css=&#8221;.vc_custom_1684137364661{padding-bottom: 50px !important;}&#8221;][vc_column][vc_separator color=&#8221;black&#8221;][vc_tta_accordion section_title_tag=&#8221;h2&#8243; c_icon=&#8221;chevron&#8221; active_section=&#8221;1&#8243; no_fill=&#8221;true&#8221; collapsible_all=&#8221;true&#8221; css=&#8221;.vc_custom_1735640790470{background-color: #eceff1 !important;}&#8221; el_class=&#8221;accordion&#8221;][vc_tta_section title=&#8221;O que \u00e9 um produto eletr\u00f4nico emissor de radia\u00e7\u00e3o?&#8221; tab_id=&#8221;what-is-a-radiation&#8221; el_class=&#8221;accordion-class&#8221;][vc_column_text fnt_family=&#8221;Montserrat&#8221; fnt_size=&#8221;24&#8243; grad_text_color1=&#8221;#003873&#8243;]Os REDs s\u00e3o definidos pela FDA como qualquer produto que contenha um circuito eletr\u00f4nico e gere qualquer tipo de radia\u00e7\u00e3o, como radia\u00e7\u00e3o X (raios X), micro-ondas, ondas de r\u00e1dio (radiofrequ\u00eancia (RF)), laser, luz vis\u00edvel, som, ultrassom ou luz ultravioleta. Alguns exemplos de VERMELHOS incluem sistemas de raios X de diagn\u00f3stico, produtos a laser, shows de luz a laser e fornos de micro-ondas.<\/p>\n<p>Os termos e defini\u00e7\u00f5es legais para REDs podem ser encontrados <a href=\"https:\/\/www.govinfo.gov\/content\/pkg\/USCODE-2010-title21\/html\/USCODE-2010-title21-chap9-subchapV-partC-sec360ii.htm\" target=\"_blank\" rel=\"noopener\">aqui <\/a>.[\/vc_column_text][\/vc_tta_section][vc_tta_section title=&#8221;Como a FDA verifica a conformidade com os requisitos de produtos eletr\u00f4nicos emissores de radia\u00e7\u00e3o?&#8221; tab_id=&#8221;how-does-FDA-verify-compliance-with-Radiation&#8221; el_class=&#8221;accordion-class&#8221;][vc_column_text]Os revisores de entrada da FDA usam as informa\u00e7\u00f5es fornecidas \u00e0 FDA pelos importadores antes da entrada, que incluem:<\/p>\n<ul>\n<li>Fabricante Declarado<\/li>\n<li>Descri\u00e7\u00e3o do produto<\/li>\n<li>Afirma\u00e7\u00f5es de conformidade (A de C)<\/li>\n<\/ul>\n<p>Essas declara\u00e7\u00f5es de entrada s\u00e3o ent\u00e3o verificadas quanto \u00e0 conformidade, comparando-as com as informa\u00e7\u00f5es nos sistemas de dados internos da FDA. [\/vc_column_text][\/vc_tta_section][vc_tta_section title=&#8221;Existem requisitos adicionais para produtos eletr\u00f4nicos m\u00e9dicos emissores de radia\u00e7\u00e3o?&#8221; tab_id=&#8221;are-there-additional-requirements&#8221; el_class=&#8221;accordion-class&#8221;][vc_column_text]Sim. Os REDs m\u00e9dicos tamb\u00e9m devem atender aos regulamentos da FDA para dispositivos m\u00e9dicos, assim como aos regulamentos RED. [\/vc_column_text][\/vc_tta_section][vc_tta_section title=&#8221;O que \u00e9 um produto de tabaco?&#8221; tab_id=&#8221;what-is-a-tobacco-product&#8221; el_class=&#8221;accordion-class&#8221;][vc_column_text]A FDA define \u201cproduto de tabaco\u201d como \u201cqualquer produto feito ou derivado do tabaco que se destine ao consumo humano, incluindo qualquer componente, pe\u00e7a ou acess\u00f3rio de um produto de tabaco (exceto mat\u00e9rias-primas que n\u00e3o o tabaco usado na fabrica\u00e7\u00e3o de um componente, pe\u00e7a ou acess\u00f3rio de um produto de tabaco).\u201d<\/p>\n<p>Isso pode incluir, entre outros, cigarros eletr\u00f4nicos, charutos, tabaco hookah, tabaco de cachimbo e tabaco roll your own (RYO). [\/vc_column_text][\/vc_tta_section][vc_tta_section title=&#8221;Como a FDA verifica os requisitos de tabaco no momento da importa\u00e7\u00e3o?&#8221; tab_id=&#8221;how-does-FDA-verify-tobacco&#8221; el_class=&#8221;accordion-class&#8221;][vc_column_text]A FDA verificar\u00e1 a conformidade com os seguintes requisitos para produtos de tabaco no momento da importa\u00e7\u00e3o:<\/p>\n<ul>\n<li>Autoriza\u00e7\u00e3o de comercializa\u00e7\u00e3o<\/li>\n<li>Rotulagem<\/li>\n<li>Taxas de usu\u00e1rio<\/li>\n<\/ul>\n[\/vc_column_text][\/vc_tta_section][vc_tta_section title=&#8221;Como a FDA verifica a conformidade com os requisitos de tabaco?&#8221; tab_id=&#8221;how-does-the-FDA-verify-compliance-with-tobacco&#8221; el_class=&#8221;accordion-class&#8221;][vc_column_text]A FDA examina os r\u00f3tulos dos produtos de tabaco para confirmar a conformidade regulat\u00f3ria. Os r\u00f3tulos, r\u00f3tulos ou an\u00fancios de produtos de tabaco ser\u00e3o analisados quanto a:<\/p>\n<ul>\n<li>Requisitos gerais de rotulagem<\/li>\n<li>Aviso de nicotina<\/li>\n<li>Descritores de risco modific\u00e1veis, como &#8220;baixo&#8221;, &#8220;suave&#8221; ou &#8220;leve&#8221;, ou descritores semelhantes, e nenhuma ordem da FDA em vigor<\/li>\n<li>Avisos publicit\u00e1rios para tabaco sem fuma\u00e7a<\/li>\n<li>Rotulagem para fins terap\u00eauticos<\/li>\n<li>Sabores artificiais ou naturais (que n\u00e3o sejam de tabaco ou mentol), ervas ou especiarias que caracterizam o sabor do produto de tabaco ou fuma\u00e7a de tabaco<\/li>\n<\/ul>\n[\/vc_column_text][\/vc_tta_section][\/vc_tta_accordion][\/vc_column][\/vc_row][\/vc_section]\n<\/div>","protected":false},"excerpt":{"rendered":"<p>[vc_section full_width=&#8221;stretch_row&#8221; css=&#8221;.vc_custom_1684235389613{padding-top: 80px !important;padding-bottom: 50px !important;background-color: #ffffff !important;}&#8221;][vc_row content_placement=&#8221;middle&#8221; el_class=&#8221;hero-section&#8221;][vc_column width=&#8221;1\/2&#8243;][vc_custom_heading text=&#8221;Servi\u00e7os de conformidade e registro&#8221; font_container=&#8221;tag:h1|font_size:46|text_align:left|color:%23003873&#8243; google_fonts=&#8221;font_family:Montserrat%3Aregular%2C700|font_style:700%20bold%20regular%3A700%3Anormal&#8221; css=&#8221;.vc_custom_1742480651459{margin-bottom: 0px !important;}&#8221;][vc_custom_heading text=&#8221;para outros setores.&#8221; font_container=&#8221;tag:h2|font_size:46|text_align:left|color:%230081ff&#8221; google_fonts=&#8221;font_family:Montserrat%3Aregular%2C700|font_style:700%20bold%20regular%3A700%3Anormal&#8221;][vc_column_text fnt_family=&#8221;Montserrat&#8221; fnt_size=&#8221;24&#8243;]Ajudamos a manter seu setor em conformidade. A Registrar Corp oferece servi\u00e7os de apoio regulat\u00f3rio da FDA para fabricantes de eletr\u00f4nicos ou dispositivos emissores de radia\u00e7\u00e3o (RED),<\/p>\n","protected":false},"author":33,"featured_media":0,"parent":14868,"menu_order":0,"comment_status":"closed","ping_status":"closed","template":"page-templates\/page-sidebar-none.php","meta":{"_acf_changed":false,"content-type":"","footnotes":""},"class_list":["post-13911","page","type-page","status-publish","hentry"],"acf":[],"_links":{"self":[{"href":"https:\/\/staging.registrarcorp.com\/pt-br\/wp-json\/wp\/v2\/pages\/13911","targetHints":{"allow":["GET"]}}],"collection":[{"href":"https:\/\/staging.registrarcorp.com\/pt-br\/wp-json\/wp\/v2\/pages"}],"about":[{"href":"https:\/\/staging.registrarcorp.com\/pt-br\/wp-json\/wp\/v2\/types\/page"}],"author":[{"embeddable":true,"href":"https:\/\/staging.registrarcorp.com\/pt-br\/wp-json\/wp\/v2\/users\/33"}],"replies":[{"embeddable":true,"href":"https:\/\/staging.registrarcorp.com\/pt-br\/wp-json\/wp\/v2\/comments?post=13911"}],"version-history":[{"count":0,"href":"https:\/\/staging.registrarcorp.com\/pt-br\/wp-json\/wp\/v2\/pages\/13911\/revisions"}],"up":[{"embeddable":true,"href":"https:\/\/staging.registrarcorp.com\/pt-br\/wp-json\/wp\/v2\/pages\/14868"}],"wp:attachment":[{"href":"https:\/\/staging.registrarcorp.com\/pt-br\/wp-json\/wp\/v2\/media?parent=13911"}],"curies":[{"name":"wp","href":"https:\/\/api.w.org\/{rel}","templated":true}]}}