{"id":13722,"date":"2023-05-29T11:53:16","date_gmt":"2023-05-29T11:53:16","guid":{"rendered":"https:\/\/staging.registrarcorp.com\/online-training\/"},"modified":"2025-06-05T20:21:55","modified_gmt":"2025-06-05T20:21:55","slug":"online-training","status":"publish","type":"page","link":"https:\/\/staging.registrarcorp.com\/pt-br\/software\/online-training\/","title":{"rendered":"Treinamento on-line"},"content":{"rendered":"<div class=\"wpb-content-wrapper\">[vc_section full_width=&#8221;stretch_row&#8221; css=&#8221;.vc_custom_1685362376180{padding-top: 100px !important;padding-bottom: 50px !important;background-color: #ffffff !important;}&#8221;][vc_row content_placement=&#8221;middle&#8221; el_class=&#8221;hero-section&#8221;][vc_column width=&#8221;1\/2&#8243;][vc_column_text]\n<h1><strong><span style=\"color: #003873;\">Treinamento on-line de conformidade <\/span>regulat\u00f3ria individual<span style=\"color: #0081ff;\">.<\/span><\/strong><\/h1>\n[\/vc_column_text][vc_column_text fnt_family=&#8221;Montserrat&#8221; fnt_size=&#8221;24&#8243;]<span style=\"color: #003873;\">Na Registrar Corp, sabemos como \u00e9 ser um profissional ocupado, por isso desenvolvemos um treinamento on-line pensando nas suas necessidades. Oferecemos centenas de cursos para v\u00e1rios setores e cargos, acess\u00edveis 24 horas por dia, 7 dias por semana, para que voc\u00ea possa estudar no seu pr\u00f3prio ritmo. Obtenha novos conhecimentos e treine sua equipe com facilidade com ofertas interativas, materiais para download e certifica\u00e7\u00f5es aprovadas pelo setor.<\/span>[\/vc_column_text][vc_btn title=&#8221;Comece a aprender&#8221; i_align=&#8221;right&#8221; i_icon_fontawesome=&#8221;fas fa-arrow-right&#8221; css=&#8221;&#8221; add_icon=&#8221;true&#8221; link=&#8221;url:https%3A%2F%2Fstaging.registrarcorp.com%2Fpt-br%2Fcompliance-training%2F|title:Treinamento%20de%20conformidade|&#8221; el_class=&#8221;primary-btn&#8221;][\/vc_column][vc_column width=&#8221;1\/2&#8243;][vc_single_image image=&#8221;24251&#8243; img_size=&#8221;full&#8221; alignment=&#8221;center&#8221;][\/vc_column][\/vc_row][\/vc_section][vc_section full_width=&#8221;stretch_row&#8221; css=&#8221;.vc_custom_1685441025149{padding-top: 100px !important;padding-bottom: 50px !important;background-color: #eceff1 !important;}&#8221;][vc_row][vc_column][vc_column_text]\n<h2 style=\"text-align: center;\"><strong><span style=\"color: #0081ff;\">Alguns dos nossos cursos mais populares incluem:<\/span><\/strong><\/h2>\n[\/vc_column_text][\/vc_column][\/vc_row][vc_row][vc_column width=&#8221;1\/3&#8243;][vc_single_image image=&#8221;3140&#8243; img_size=&#8221;full&#8221; alignment=&#8221;center&#8221;][vc_custom_heading text=&#8221;Treinamento on-line para indiv\u00edduos qualificados em controles preventivos (Preventive Controls Qualified Individual, PCQI)&#8221; font_container=&#8221;tag:h2|text_align:center|color:%23003873&#8243; google_fonts=&#8221;font_family:Montserrat%3Aregular%2C700|font_style:700%20bold%20regular%3A700%3Anormal&#8221;][vc_column_text]Obtenha o treinamento necess\u00e1rio para se tornar um PCQI e desenvolver planos de seguran\u00e7a alimentar em conformidade com a FSMA. A Registrar Corp oferece o \u00fanico treinamento de PCQI 100% on-line e individualizado dispon\u00edvel com um certificado oficial do FSPCA. Este curso est\u00e1 dispon\u00edvel em ingl\u00eas, espanhol e chin\u00eas.[\/vc_column_text][vc_btn title=&#8221;Torne-se um PCQI&#8221; style=&#8221;outline-custom&#8221; outline_custom_color=&#8221;#0081ff&#8221; outline_custom_hover_background=&#8221;#0081ff&#8221; outline_custom_hover_text=&#8221;#ffffff&#8221; shape=&#8221;square&#8221; align=&#8221;left&#8221; i_align=&#8221;right&#8221; i_icon_fontawesome=&#8221;fas fa-arrow-right&#8221; css=&#8221;&#8221; add_icon=&#8221;true&#8221; link=&#8221;url:https%3A%2F%2Fstaging.registrarcorp.com%2Fpt-br%2Fcompliance-training%2Ffood-beverage%2Fpcqi-training%2F|title:Treinamento%20de%20conformidade%20PCQI%3A%20Controles%20preventivos%20FSPCA%20para%20alimentos%20humanos|&#8221; el_class=&#8221;btnTextBold&#8221;][\/vc_column][vc_column width=&#8221;1\/3&#8243;][vc_single_image image=&#8221;3149&#8243; img_size=&#8221;full&#8221; alignment=&#8221;center&#8221;][vc_custom_heading text=&#8221;Treinamento para profissionais em alimentos de qualidade segura (SQF)&#8221; font_container=&#8221;tag:h2|text_align:center|color:%23003873&#8243; google_fonts=&#8221;font_family:Montserrat%3Aregular%2C700|font_style:700%20bold%20regular%3A700%3Anormal&#8221;][vc_column_text]Cumpra com os requisitos de treinamento Profissional SQF Edi\u00e7\u00e3o 9 SQF. Este curso interativo ensina os profissionais da ind\u00fastria de alimentos a implementar e documentar um sistema de gest\u00e3o de seguran\u00e7a de alimentos SQF e realizar auditorias internacionais. Oferecemos tr\u00eas vers\u00f5es do curso: para fabricantes, fabricantes de embalagens de alimentos e de&amp; distribui\u00e7\u00e3o de armazenamento.[\/vc_column_text][vc_btn title=&#8221;Torne-se um profissional de SQF&#8221; style=&#8221;outline-custom&#8221; outline_custom_color=&#8221;#0081ff&#8221; outline_custom_hover_background=&#8221;#0081ff&#8221; outline_custom_hover_text=&#8221;#ffffff&#8221; shape=&#8221;square&#8221; align=&#8221;left&#8221; i_align=&#8221;right&#8221; i_icon_fontawesome=&#8221;fas fa-arrow-right&#8221; css=&#8221;&#8221; add_icon=&#8221;true&#8221; link=&#8221;url:https%3A%2F%2Fstaging.registrarcorp.com%2Fpt-br%2Fcompliance-training%2Ffood-beverage%2Fsqf-practitioner-training-implementation-package%2F|title:Pacote%20de%20treinamento%20e%20implementa%C3%A7%C3%A3o%20de%20profissionais%20SQF|&#8221; el_class=&#8221;btnTextBold&#8221;][\/vc_column][vc_column width=&#8221;1\/3&#8243;][vc_single_image image=&#8221;3157&#8243; img_size=&#8221;full&#8221; alignment=&#8221;center&#8221;][vc_custom_heading text=&#8221;Certifica\u00e7\u00e3o de An\u00e1lise de Perigos e Pontos Cr\u00edticos de Controle (HACCP)&#8221; font_container=&#8221;tag:h2|text_align:center|color:%23003873&#8243; google_fonts=&#8221;font_family:Montserrat%3Aregular%2C700|font_style:700%20bold%20regular%3A700%3Anormal&#8221;][vc_column_text]Aprenda a desenvolver, redigir e auditar um plano HACCP com a nossa certifica\u00e7\u00e3o HACCP aprovada. O treinamento de certifica\u00e7\u00e3o HACCP da Registrar Corp \u00e9 oferecido em ingl\u00eas, espanhol, italiano e chin\u00eas e vem com o selo de aprova\u00e7\u00e3o da Alian\u00e7a Internacional HACCP.[\/vc_column_text][vc_btn title=&#8221;Obtenha sua certifica\u00e7\u00e3o HACCP&#8221; style=&#8221;outline-custom&#8221; outline_custom_color=&#8221;#0081ff&#8221; outline_custom_hover_background=&#8221;#0081ff&#8221; outline_custom_hover_text=&#8221;#ffffff&#8221; shape=&#8221;square&#8221; align=&#8221;left&#8221; i_align=&#8221;right&#8221; i_icon_fontawesome=&#8221;fas fa-arrow-right&#8221; css=&#8221;&#8221; add_icon=&#8221;true&#8221; link=&#8221;url:https%3A%2F%2Fstaging.registrarcorp.com%2Fpt-br%2Fcompliance-training%2Ffood-beverage%2Fhaccp-certification%2F|title:Certifica%C3%A7%C3%A3o%20HACCP|&#8221; el_class=&#8221;btnTextBold&#8221;][\/vc_column][\/vc_row][vc_row content_placement=&#8221;bottom&#8221;][vc_column width=&#8221;1\/6&#8243;][vc_single_image image=&#8221;3181&#8243; img_size=&#8221;full&#8221; alignment=&#8221;center&#8221;][\/vc_column][vc_column width=&#8221;2\/6&#8243;][vc_single_image image=&#8221;3165&#8243; img_size=&#8221;full&#8221; alignment=&#8221;center&#8221;][vc_custom_heading text=&#8221;Treinamento on-line do Programa de verifica\u00e7\u00e3o de fornecedores estrangeiros (Foreign Supplier Verification Program, FSVP)&#8221; font_container=&#8221;tag:h2|text_align:center|color:%23003873&#8243; google_fonts=&#8221;font_family:Montserrat%3Aregular%2C700|font_style:700%20bold%20regular%3A700%3Anormal&#8221;][vc_column_text]Conhe\u00e7a os requisitos do FSVP e como desenvolver e implementar um plano de FSVP para cumprir com as regulamenta\u00e7\u00f5es da FDA. A Registrar Corp oferece o \u00fanico treinamento FSVP 100% on-line, individualizado e aprovado pela FSPCA no mercado. O Treinamento Online FSVP vem com um Certificado de Conclus\u00e3o oficial da FSPCA que pode ser baixado.[\/vc_column_text][vc_btn title=&#8221;Saiba mais sobre o FSVP&#8221; style=&#8221;outline-custom&#8221; outline_custom_color=&#8221;#0081ff&#8221; outline_custom_hover_background=&#8221;#0081ff&#8221; outline_custom_hover_text=&#8221;#ffffff&#8221; shape=&#8221;square&#8221; align=&#8221;left&#8221; i_align=&#8221;right&#8221; i_icon_fontawesome=&#8221;fas fa-arrow-right&#8221; css=&#8221;&#8221; add_icon=&#8221;true&#8221; link=&#8221;url:https%3A%2F%2Fstaging.registrarcorp.com%2Fpt-br%2Fcompliance-training%2Ffood-beverage%2Ffsvp-online-training-fspca-foreign-supplier-verification-programs%2F|title:Treinamento%20de%20conformidade%20FSVP%3A%20Programas%20de%20verifica%C3%A7%C3%A3o%20de%20fornecedores%20estrangeiros%20FSPCA|&#8221; el_class=&#8221;btnTextBold&#8221;][\/vc_column][vc_column width=&#8221;2\/6&#8243;][vc_single_image image=&#8221;3173&#8243; img_size=&#8221;full&#8221; alignment=&#8221;center&#8221;][vc_custom_heading text=&#8221;FSSC 22000&#8243; font_container=&#8221;tag:h2|text_align:center|color:%23003873&#8243; google_fonts=&#8221;font_family:Montserrat%3Aregular%2C700|font_style:700%20bold%20regular%3A700%3Anormal&#8221;][vc_column_text]Aprenda os requisitos da FSSC 22000 e como implement\u00e1-los em suas instala\u00e7\u00f5es para se preparar para a certifica\u00e7\u00e3o. Escolha entre cursos para l\u00edderes de equipes de seguran\u00e7a alimentar, equipes de seguran\u00e7a alimentar, auditores internos e funcion\u00e1rios. Tamb\u00e9m inclu\u00edmos modelos que podem ser baixados para que voc\u00ea possa criar e documentar seu Sistema de Gest\u00e3o de Seguran\u00e7a Alimentar.[\/vc_column_text][vc_btn title=&#8221;Concluir o treinamento da FSSC 22000&#8243; style=&#8221;outline-custom&#8221; outline_custom_color=&#8221;#0081ff&#8221; outline_custom_hover_background=&#8221;#0081ff&#8221; outline_custom_hover_text=&#8221;#ffffff&#8221; shape=&#8221;square&#8221; align=&#8221;left&#8221; i_align=&#8221;right&#8221; i_icon_fontawesome=&#8221;fas fa-arrow-right&#8221; css=&#8221;&#8221; add_icon=&#8221;true&#8221; link=&#8221;url:https%3A%2F%2Fstaging.registrarcorp.com%2Fpt-br%2Fcompliance-training%2Ffood-beverage%2Fcomplete-training-package-for-fssc-22000%2F|title:Pacote%20completo%20de%20treinamento%20de%20conformidade%20para%20o%20FSSC%2022000|&#8221; el_class=&#8221;btnTextBold&#8221;][vc_empty_space height=&#8221;70px&#8221;][\/vc_column][vc_column width=&#8221;1\/6&#8243;][vc_single_image image=&#8221;3189&#8243; img_size=&#8221;full&#8221; alignment=&#8221;center&#8221;][\/vc_column][\/vc_row][\/vc_section][vc_section full_width=&#8221;stretch_row&#8221; css=&#8221;.vc_custom_1685439468154{padding-top: 50px !important;padding-bottom: 50px !important;background-color: #ffffff !important;}&#8221;][vc_row content_placement=&#8221;middle&#8221;][vc_column width=&#8221;1\/2&#8243;][vc_single_image image=&#8221;3205&#8243; img_size=&#8221;full&#8221;][vc_column_text fnt_family=&#8221;Montserrat&#8221; fnt_size=&#8221;18&#8243; grad_text_color1=&#8221;#003873&#8243;]Obtenha treinamento de seguran\u00e7a alimentar econ\u00f4mico para sua equipe sob demanda. Nossa plataforma de aprendizagem 100% on-line cont\u00e9m mais de 70 cursos de seguran\u00e7a alimentar projetados para treinar trabalhadores e gerentes da linha de frente em conformidade. Obtenha acesso 24 horas por dia, 7 dias por semana a todos os cursos autodid\u00e1ticos do RegiLearn e gerencie o treinamento de conformidade da equipe por uma taxa mensal baixa por usu\u00e1rio.[\/vc_column_text][vc_btn title=&#8221;Explore o RegiLearn&#8221; color=&#8221;primary&#8221; i_align=&#8221;right&#8221; i_icon_fontawesome=&#8221;fas fa-arrow-right&#8221; css=&#8221;.vc_custom_1739363736080{background-color: #0081ff !important;}&#8221; add_icon=&#8221;true&#8221; link=&#8221;url:%23%2Fproducts%2Fonline-training%2Fregilearn%2F|&#8221; el_class=&#8221;primary-btn&#8221;][\/vc_column][vc_column width=&#8221;1\/2&#8243;][vc_single_image image=&#8221;3213&#8243; img_size=&#8221;large&#8221;][\/vc_column][\/vc_row][\/vc_section][vc_section full_width=&#8221;stretch_row&#8221; css=&#8221;.vc_custom_1685440075556{padding-top: 50px !important;padding-bottom: 50px !important;background-color: #a5dbff !important;}&#8221;][vc_row content_placement=&#8221;middle&#8221;][vc_column width=&#8221;1\/2&#8243;][vc_single_image image=&#8221;3221&#8243; img_size=&#8221;large&#8221;][\/vc_column][vc_column width=&#8221;1\/2&#8243;][vc_custom_heading text=&#8221;Treinamento em conformidade recomendado para profissionais&#8221; font_container=&#8221;tag:h2|font_size:46px|text_align:left|color:%23003873|line_height:56px&#8221; google_fonts=&#8221;font_family:Montserrat%3Aregular%2C700|font_style:700%20bold%20regular%3A700%3Anormal&#8221; css=&#8221;&#8221;][vc_column_text fnt_family=&#8221;Montserrat&#8221; fnt_size=&#8221;24&#8243; grad_text_color1=&#8221;#003873&#8243;]Obtenha o treinamento de seguran\u00e7a alimentar mais conveniente de acordo com a sua agenda, onde quer que esteja.[\/vc_column_text][vc_btn title=&#8221;Obter aprendizagem&#8221; color=&#8221;primary&#8221; i_align=&#8221;right&#8221; i_icon_fontawesome=&#8221;fas fa-arrow-right&#8221; css=&#8221;.vc_custom_1735939018833{background-color: #0081ff !important;}&#8221; add_icon=&#8221;true&#8221; link=&#8221;url:https%3A%2F%2Fstaging.registrarcorp.com%2Fpt-br%2Fcompliance-training%2F|title:Treinamento%20de%20conformidade|&#8221; el_class=&#8221;primary-btn&#8221;][\/vc_column][\/vc_row][\/vc_section][vc_section full_width=&#8221;stretch_row&#8221; css=&#8221;.vc_custom_1685426929622{padding-bottom: 50px !important;background-color: #eceff1 !important;}&#8221; el_class=&#8221;faq-accordion-section&#8221;][vc_row content_placement=&#8221;bottom&#8221; css=&#8221;.vc_custom_1700046296700{padding-top: 50px !important;}&#8221;][vc_column width=&#8221;2\/3&#8243;][vc_custom_heading text=&#8221;Perguntas frequentes&#8221; font_container=&#8221;tag:h2|font_size:40|text_align:left|color:%23003873&#8243; google_fonts=&#8221;font_family:Montserrat%3Aregular%2C700|font_style:700%20bold%20regular%3A700%3Anormal&#8221;][\/vc_column][vc_column width=&#8221;1\/3&#8243;][vc_single_image image=&#8221;1011&#8243; img_size=&#8221;medium&#8221; alignment=&#8221;right&#8221; el_class=&#8221;hide-row&#8221;][\/vc_column][\/vc_row][vc_row css=&#8221;.vc_custom_1684137364661{padding-bottom: 50px !important;}&#8221;][vc_column][vc_separator color=&#8221;black&#8221;][vc_tta_accordion section_title_tag=&#8221;h2&#8243; c_icon=&#8221;chevron&#8221; active_section=&#8221;1&#8243; no_fill=&#8221;true&#8221; css=&#8221;.vc_custom_1683291355932{background-color: #eceff1 !important;}&#8221; el_class=&#8221;accordion&#8221;][vc_tta_section title=&#8221;Quando o curso come\u00e7a?&#8221; tab_id=&#8221;Whencoursebegin&#8221; el_class=&#8221;accordion-class&#8221;][vc_column_text fnt_family=&#8221;Montserrat&#8221; fnt_size=&#8221;24&#8243; grad_text_color1=&#8221;#003873&#8243;]Os cursos de treinamento on-line s\u00e3o on-line e individualizados, portanto, voc\u00ea pode come\u00e7ar a qualquer momento ap\u00f3s a compra e trabalhar no treinamento conforme sua agenda permitir.[\/vc_column_text][\/vc_tta_section][vc_tta_section title=&#8221;Quanto tempo tenho para concluir o curso?&#8221; tab_id=&#8221;what-information-is-required54e5-2afa&#8221; el_class=&#8221;accordion-class&#8221;][vc_column_text]Voc\u00ea ter\u00e1 90 dias para acessar e concluir cada curso.[\/vc_column_text][\/vc_tta_section][vc_tta_section title=&#8221;Quando o certificado expira?&#8221; tab_id=&#8221;certificate-expire&#8221; el_class=&#8221;accordion-class&#8221;][vc_column_text]Atualmente, n\u00e3o h\u00e1 exig\u00eancia de retreinamento em intervalos prescritos. Sua empresa pode determinar que voc\u00ea precisa ser treinado novamente anualmente ou com alguma frequ\u00eancia espec\u00edfica.[\/vc_column_text][\/vc_tta_section][vc_tta_section title=&#8221;O curso \u00e9 reconhecido no meu pa\u00eds?&#8221; tab_id=&#8221;recognize-in-country&#8221; el_class=&#8221;accordion-class&#8221;][vc_column_text]ISO 22000, SQF, BRC e FSSC n\u00e3o s\u00e3o cursos espec\u00edficos do pa\u00eds. Os requisitos s\u00e3o os mesmos em todo o mundo, portanto, os cursos s\u00e3o aplic\u00e1veis em qualquer lugar. A FSMA \u00e9 uma regulamenta\u00e7\u00e3o  dos EUA, portanto, os cursos PCQI e FSVP s\u00f3 precisam ser reconhecidos pelos EUA. Os cursos oficiais podem ser realizados em qualquer pa\u00eds e atender\u00e3o aos requisitos da FSMA.[\/vc_column_text][\/vc_tta_section][\/vc_tta_accordion][\/vc_column][\/vc_row][\/vc_section][vc_row][vc_column][\/vc_column][\/vc_row]\n<\/div>","protected":false},"excerpt":{"rendered":"<p>[vc_section full_width=&#8221;stretch_row&#8221; css=&#8221;.vc_custom_1685362376180{padding-top: 100px !important;padding-bottom: 50px !important;background-color: #ffffff !important;}&#8221;][vc_row content_placement=&#8221;middle&#8221; el_class=&#8221;hero-section&#8221;][vc_column width=&#8221;1\/2&#8243;][vc_column_text] Treinamento on-line de conformidade regulat\u00f3ria individual. [\/vc_column_text][vc_column_text fnt_family=&#8221;Montserrat&#8221; fnt_size=&#8221;24&#8243;]Na Registrar Corp, sabemos como \u00e9 ser um profissional ocupado, por isso desenvolvemos um treinamento on-line pensando nas suas necessidades. Oferecemos centenas de cursos para v\u00e1rios setores e cargos, acess\u00edveis 24 horas por dia, 7<\/p>\n","protected":false},"author":33,"featured_media":0,"parent":14826,"menu_order":0,"comment_status":"closed","ping_status":"closed","template":"page-templates\/page-sidebar-none.php","meta":{"_acf_changed":false,"content-type":"","footnotes":""},"class_list":["post-13722","page","type-page","status-publish","hentry"],"acf":[],"_links":{"self":[{"href":"https:\/\/staging.registrarcorp.com\/pt-br\/wp-json\/wp\/v2\/pages\/13722","targetHints":{"allow":["GET"]}}],"collection":[{"href":"https:\/\/staging.registrarcorp.com\/pt-br\/wp-json\/wp\/v2\/pages"}],"about":[{"href":"https:\/\/staging.registrarcorp.com\/pt-br\/wp-json\/wp\/v2\/types\/page"}],"author":[{"embeddable":true,"href":"https:\/\/staging.registrarcorp.com\/pt-br\/wp-json\/wp\/v2\/users\/33"}],"replies":[{"embeddable":true,"href":"https:\/\/staging.registrarcorp.com\/pt-br\/wp-json\/wp\/v2\/comments?post=13722"}],"version-history":[{"count":0,"href":"https:\/\/staging.registrarcorp.com\/pt-br\/wp-json\/wp\/v2\/pages\/13722\/revisions"}],"up":[{"embeddable":true,"href":"https:\/\/staging.registrarcorp.com\/pt-br\/wp-json\/wp\/v2\/pages\/14826"}],"wp:attachment":[{"href":"https:\/\/staging.registrarcorp.com\/pt-br\/wp-json\/wp\/v2\/media?parent=13722"}],"curies":[{"name":"wp","href":"https:\/\/api.w.org\/{rel}","templated":true}]}}