{"id":13008,"date":"2023-06-08T07:50:01","date_gmt":"2023-06-08T07:50:01","guid":{"rendered":"https:\/\/staging.registrarcorp.com\/safety\/"},"modified":"2024-09-27T13:44:39","modified_gmt":"2024-09-27T13:44:39","slug":"safety","status":"publish","type":"page","link":"https:\/\/staging.registrarcorp.com\/pt-br\/roles\/safety\/","title":{"rendered":"Seguran\u00e7a"},"content":{"rendered":"<div class=\"wpb-content-wrapper\">[vc_row full_width=&#8221;stretch_row&#8221; css=&#8221;.vc_custom_1726760565131{padding-top: 50px !important;padding-bottom: 50px !important;background-color: #eeefef !important;}&#8221; el_class=&#8221;hero-section&#8221;][vc_column width=&#8221;1\/2&#8243;][vc_column_text css=&#8221;&#8221;]\n<h1 class=\"banner-title\"><strong>Servi\u00e7os de conformidade, software e treinamento para<br \/><span style=\"color: #0081ff;\"> profissionais de seguran\u00e7a.<\/span><\/strong><\/h1>\n[\/vc_column_text][vc_column_text fnt_family=&#8221;Montserrat&#8221; fnt_size=&#8221;24px&#8221;]Os profissionais de seguran\u00e7a dedicam seu tempo para manter as pessoas e os produtos protegidos contra eventos adversos. Nosso conjunto abrangente de ofertas ajuda voc\u00ea a se manter atualizado sobre as melhores pr\u00e1ticas mais recentes, manter a conformidade e proteger a sa\u00fade p\u00fablica de forma eficaz.[\/vc_column_text][vc_empty_space height=&#8221;15px&#8221;][vc_btn title=&#8221;Explore nossas ofertas&#8221; style=&#8221;flat&#8221; shape=&#8221;square&#8221; color=&#8221;blue&#8221; size=&#8221;lg&#8221; align=&#8221;left&#8221; i_align=&#8221;right&#8221; i_icon_fontawesome=&#8221;fas fa-arrow-right&#8221; add_icon=&#8221;true&#8221; el_class=&#8221;primary-btn btnTextBold&#8221; link=&#8221;url:%23services|&#8221;][\/vc_column][vc_column width=&#8221;1\/2&#8243;][vc_single_image image=&#8221;4831&#8243; img_size=&#8221;606&#215;513&#8243; alignment=&#8221;right&#8221;][\/vc_column][\/vc_row][vc_row full_width=&#8221;stretch_row&#8221; css=&#8221;.vc_custom_1687353349374{padding-top: 50px !important;background-color: #ffffff !important;}&#8221; el_class=&#8221;vertical-text-align&#8221; el_id=&#8221;services&#8221;][vc_column width=&#8221;1\/2&#8243; el_class=&#8221;col-txt-center&#8221;][vc_single_image image=&#8221;4839&#8243; img_size=&#8221;491&#215;217&#8243;][\/vc_column][vc_column width=&#8221;1\/2&#8243; el_class=&#8221;col-txt-center&#8221;][vc_column_text fnt_family=&#8221;Montserrat&#8221; fnt_size=&#8221;32px&#8221;]\n<p style=\"font-weight: bold;\">Servi\u00e7os<\/p>\n[\/vc_column_text][vc_column_text fnt_family=&#8221;Montserrat&#8221; fnt_size=&#8221;18px&#8221;]Como l\u00edder em conformidade regulat\u00f3ria, a Registrar Corp passou mais de 20 anos apoiando milhares de profissionais de seguran\u00e7a em todo o mundo. Com nossos servi\u00e7os pr\u00e1ticos e habilitados para tecnologia, voc\u00ea pode criar e implementar Planos de Seguran\u00e7a Alimentar, registrar seus produtos regulamentados e muito mais.\u00a0[\/vc_column_text][\/vc_column][\/vc_row][vc_row full_width=&#8221;stretch_row&#8221; css=&#8221;.vc_custom_1685703867766{padding-bottom: 50px !important;background-color: #ffffff !important;}&#8221;][vc_column width=&#8221;1\/3&#8243;][vc_empty_space height=&#8221;14px&#8221;][vc_single_image image=&#8221;4173&#8243; img_size=&#8221;398&#215;116&#8243; alignment=&#8221;center&#8221;][vc_column_text fnt_family=&#8221;Montserrat&#8221; fnt_size=&#8221;24px&#8221;]\n<p style=\"font-weight: 600;\">Registro na FDA<\/p>\n[\/vc_column_text][vc_column_text fnt_family=&#8221;Montserrat&#8221; fnt_size=&#8221;18px&#8221;]A Registrar Corp fornece registro e renova\u00e7\u00e3o de instala\u00e7\u00f5es da FDA, assist\u00eancia de n\u00famero DUNS, representa\u00e7\u00e3o de agentes dos EUA 24 horas por dia, 7 dias por semana e inspe\u00e7\u00f5es simuladas da FDA a uma taxa reduzida. Tamb\u00e9m oferecemos acesso ao nosso portal on-line MyFDA, que simplifica o gerenciamento de dados de conformidade e o registro da FDA.\u00a0[\/vc_column_text][vc_btn title=&#8221;Registre-se&#8221; style=&#8221;flat&#8221; shape=&#8221;square&#8221; size=&#8221;lg&#8221; align=&#8221;center&#8221; i_align=&#8221;right&#8221; i_icon_fontawesome=&#8221;fas fa-arrow-right&#8221; add_icon=&#8221;true&#8221; el_class=&#8221;secondary-btn&#8221; link=&#8221;url:https%3A%2F%2Fstaging.registrarcorp.com%2Fpt-br%2Fservices%2Ffda-registration%2F|&#8221;][\/vc_column][vc_column width=&#8221;1\/3&#8243;][vc_empty_space height=&#8221;11px&#8221;][vc_single_image image=&#8221;4181&#8243; img_size=&#8221;398&#215;116&#8243; alignment=&#8221;center&#8221;][vc_empty_space height=&#8221;3px&#8221;][vc_column_text fnt_family=&#8221;Montserrat&#8221; fnt_size=&#8221;24px&#8221;]\n<p style=\"font-weight: 600;\">Servi\u00e7os de seguran\u00e7a alimentar<\/p>\n[\/vc_column_text][vc_column_text fnt_family=&#8221;Montserrat&#8221; fnt_size=&#8221;18px&#8221;]Mantenha seus alimentos, bebidas ou suplementos alimentares em conformidade com os requisitos de seguran\u00e7a alimentar da FDA. Os especialistas regulat\u00f3rios da Registrar Corp podem ajud\u00e1-lo a desenvolver e implementar planos e realizar inspe\u00e7\u00f5es simuladas para conformidade com os requisitos de FSMA, HACCP e DS CGMP.[\/vc_column_text][vc_btn title=&#8221;Saiba mais sobre seguran\u00e7a alimentar&#8221; style=&#8221;flat&#8221; shape=&#8221;square&#8221; size=&#8221;lg&#8221; align=&#8221;left&#8221; i_align=&#8221;right&#8221; i_icon_fontawesome=&#8221;fas fa-arrow-right&#8221; add_icon=&#8221;true&#8221; el_class=&#8221;secondary-btn&#8221; link=&#8221;url:https%3A%2F%2Fstaging.registrarcorp.com%2Fpt-br%2Fservices%2Ffood-safety%2F|&#8221;][\/vc_column][vc_column width=&#8221;1\/3&#8243;][vc_single_image image=&#8221;4189&#8243; img_size=&#8221;398&#215;116&#8243; alignment=&#8221;center&#8221;][vc_empty_space height=&#8221;14px&#8221;][vc_column_text fnt_family=&#8221;Montserrat&#8221; fnt_size=&#8221;24px&#8221;]\n<p style=\"font-weight: 600;\">Registro do estabelecimento de enlatamento de alimentos (FCE)<\/p>\n[\/vc_column_text][vc_column_text fnt_family=&#8221;Montserrat&#8221; fnt_size=&#8221;18px&#8221;]Obtenha assist\u00eancia especializada para seu processo de registro FCE-SID. A Registrar Corp oferece suporte a empresas de alimentos, bebidas e suplementos alimentares com registro de instala\u00e7\u00f5es, envio de arquivamento de processo de produ\u00e7\u00e3o, verifica\u00e7\u00e3o de n\u00famero de identificador de envio (SID) e muito mais.\u00a0[\/vc_column_text][vc_btn title=&#8221;Descubra o FCE&#8221; style=&#8221;flat&#8221; shape=&#8221;square&#8221; size=&#8221;lg&#8221; align=&#8221;left&#8221; i_align=&#8221;right&#8221; i_icon_fontawesome=&#8221;fas fa-arrow-right&#8221; add_icon=&#8221;true&#8221; el_class=&#8221;secondary-btn btnTextBold&#8221; link=&#8221;url:https%3A%2F%2Fstaging.registrarcorp.com%2Fpt-br%2Fservices%2Ffce-registration%2F|&#8221;][\/vc_column][\/vc_row][vc_row full_width=&#8221;stretch_row&#8221; css=&#8221;.vc_custom_1685959300354{padding-top: 50px !important;padding-bottom: 50px !important;background-color: #eeefef !important;}&#8221; el_class=&#8221;vertical-text-align&#8221;][vc_column width=&#8221;1\/2&#8243;][vc_column_text fnt_family=&#8221;Montserrat&#8221; fnt_size=&#8221;32px&#8221;]\n<p style=\"font-weight: bold;\">Produtos<\/p>\n[\/vc_column_text][vc_column_text fnt_family=&#8221;Montserrat&#8221; fnt_size=&#8221;18px&#8221;]Garantir a seguran\u00e7a e a conformidade dos produtos nos setores de alimentos e bebidas, suplementos alimentares, dispositivos m\u00e9dicos e cosm\u00e9ticos. Nossos produtos exclusivos simplificam o monitoramento de conformidade, o rastreamento de fornecedores e a formula\u00e7\u00e3o, produ\u00e7\u00e3o e conformidade de cosm\u00e9ticos.[\/vc_column_text][\/vc_column][vc_column width=&#8221;1\/2&#8243;][vc_single_image image=&#8221;4847&#8243; img_size=&#8221;519&#215;215&#8243; alignment=&#8221;right&#8221;][\/vc_column][\/vc_row][vc_row full_width=&#8221;stretch_row&#8221; css=&#8221;.vc_custom_1685712977175{padding-bottom: 50px !important;background-color: #eeefef !important;}&#8221;][vc_column width=&#8221;1\/2&#8243;][vc_single_image image=&#8221;4269&#8243; img_size=&#8221;232&#215;135&#8243; alignment=&#8221;center&#8221;][vc_column_text fnt_family=&#8221;Montserrat&#8221; fnt_size=&#8221;24px&#8221;]\n<p style=\"font-weight: 600;\">Automated Compliance<\/p>\n[\/vc_column_text][vc_column_text fnt_family=&#8221;Montserrat&#8221; fnt_size=&#8221;18px&#8221;]<span class=\"TextRun SCXW222706139 BCX2\" lang=\"EN-US\" xml:lang=\"EN-US\" data-contrast=\"none\"><span class=\"NormalTextRun SCXW222706139 BCX2\">Gerenciar a <\/span><span class=\"NormalTextRun SCXW222706139 BCX2\">conformidade das instala\u00e7\u00f5es e rastrear<\/span><span class=\"NormalTextRun SCXW222706139 BCX2\"> e<\/span><\/span> <span class=\"TextRun SCXW222706139 BCX2\" lang=\"EN-US\" xml:lang=\"EN-US\" data-contrast=\"none\"><span class=\"NormalTextRun SCXW222706139 BCX2\">obter melhores fornecedores. O Automated<\/span><\/span> <span class=\"TextRun SCXW222706139 BCX2\" lang=\"EN-US\" xml:lang=\"EN-US\" data-contrast=\"none\"><span class=\"NormalTextRun SCXW222706139 BCX2\">Compliance foi criado para conectar<\/span><\/span> <span class=\"TextRun SCXW222706139 BCX2\" lang=\"EN-US\" xml:lang=\"EN-US\" data-contrast=\"none\"><span class=\"NormalTextRun SCXW222706139 BCX2\">importadores e exportadores e reduzir o risco da <\/span><\/span>cadeia de suprimentos<span class=\"TextRun SCXW222706139 BCX2\" lang=\"EN-US\" xml:lang=\"EN-US\" data-contrast=\"none\"><span class=\"NormalTextRun SCXW222706139 BCX2\">. Receba relat\u00f3rios em tempo real de<\/span><\/span> dados de <span class=\"TextRun SCXW222706139 BCX2\" lang=\"EN-US\" xml:lang=\"EN-US\" data-contrast=\"none\"><span class=\"NormalTextRun SCXW222706139 BCX2\">conformidade para que voc\u00ea possa atender aos novos<\/span><\/span> regulamentos do <span class=\"TextRun SCXW222706139 BCX2\" lang=\"EN-US\" xml:lang=\"EN-US\" data-contrast=\"none\"><span class=\"NormalTextRun SCXW222706139 BCX2\">exportador e avaliar o <\/span><\/span>hist\u00f3rico do fornecedor<span class=\"TextRun SCXW222706139 BCX2\" lang=\"EN-US\" xml:lang=\"EN-US\" data-contrast=\"none\"><span class=\"NormalTextRun SCXW222706139 BCX2\">. <\/span><span class=\"NormalTextRun ContextualSpellingAndGrammarErrorV2Themed SCXW222706139 BCX2\">Ou<\/span><span class=\"NormalTextRun SCXW222706139 BCX2\"> use nosso recurso Marketplace para<\/span><\/span> <span class=\"TextRun SCXW222706139 BCX2\" lang=\"EN-US\" xml:lang=\"EN-US\" data-contrast=\"none\"><span class=\"NormalTextRun SCXW222706139 BCX2\">se conectar com novos fornecedores em conformidade e<\/span><\/span> <span class=\"TextRun SCXW222706139 BCX2\" lang=\"EN-US\" xml:lang=\"EN-US\" data-contrast=\"none\"><span class=\"NormalTextRun SCXW222706139 BCX2\">promover produtos.<\/span><\/span>[\/vc_column_text][vc_btn title=&#8221;Descubra a conformidade automatizada&#8221; style=&#8221;flat&#8221; shape=&#8221;square&#8221; size=&#8221;lg&#8221; align=&#8221;left&#8221; i_align=&#8221;right&#8221; i_icon_fontawesome=&#8221;fas fa-arrow-right&#8221; add_icon=&#8221;true&#8221; el_class=&#8221;secondary-btn&#8221; link=&#8221;url:https%3A%2F%2Fstaging.registrarcorp.com%2Fpt-br%2Fproducts%2Fautomated-compliance%2F|&#8221;][\/vc_column][vc_column width=&#8221;1\/2&#8243;][vc_single_image image=&#8221;4261&#8243; img_size=&#8221;259&#215;121&#8243; alignment=&#8221;center&#8221;][vc_empty_space height=&#8221;14px&#8221;][vc_column_text fnt_family=&#8221;Montserrat&#8221; fnt_size=&#8221;24px&#8221;]\n<p style=\"font-weight: 600;\">Cosmetri<\/p>\n[\/vc_column_text][vc_column_text fnt_family=&#8221;Montserrat&#8221; fnt_size=&#8221;18px&#8221;]Supervisionar a formula\u00e7\u00e3o cosm\u00e9tica e a seguran\u00e7a da produ\u00e7\u00e3o e proteger os consumidores com nossa solu\u00e7\u00e3o regulat\u00f3ria e de formula\u00e7\u00e3o cosm\u00e9tica. O Cosmetri permite exportar dossi\u00eas de produtos em v\u00e1rios formatos e gerar relat\u00f3rios de seguran\u00e7a de produtos cosm\u00e9ticos (CPSRs) sem problemas. Outras caracter\u00edsticas incluem compara\u00e7\u00e3o e relat\u00f3rio de f\u00f3rmulas, dados regulat\u00f3rios internacionais e diretrizes de Boas Pr\u00e1ticas de Fabrica\u00e7\u00e3o (BPF).[\/vc_column_text][vc_btn title=&#8221;Veja como funciona&#8221; style=&#8221;flat&#8221; shape=&#8221;square&#8221; size=&#8221;lg&#8221; align=&#8221;left&#8221; i_align=&#8221;right&#8221; i_icon_fontawesome=&#8221;fas fa-arrow-right&#8221; add_icon=&#8221;true&#8221; el_class=&#8221;secondary-btn&#8221; link=&#8221;url:https%3A%2F%2Fwww.cosmetri.com%2F|&#8221;][\/vc_column][\/vc_row][vc_row full_width=&#8221;stretch_row&#8221; css=&#8221;.vc_custom_1686546360088{padding-top: 50px !important;padding-bottom: 30px !important;background-color: #ffffff !important;}&#8221;][vc_column width=&#8221;1\/2&#8243;][vc_single_image image=&#8221;4855&#8243; img_size=&#8221;508&#215;486&#8243;][\/vc_column][vc_column width=&#8221;1\/2&#8243;][vc_single_image image=&#8221;4278&#8243; img_size=&#8221;160&#215;134&#8243; css=&#8221;.vc_custom_1685949586253{margin-bottom: 15px !important;}&#8221;][vc_column_text fnt_family=&#8221;Montserrat&#8221; fnt_size=&#8221;32px&#8221;]\n<p style=\"font-weight: bold;\">Treinamentos on-line<\/p>\n[\/vc_column_text][vc_column_text fnt_family=&#8221;Montserrat&#8221; fnt_size=&#8221;18px&#8221;]Oferecemos centenas de cursos e certifica\u00e7\u00f5es de seguran\u00e7a alimentar sob demanda e individualizados para levar seu desenvolvimento profissional adiante. Nossas plataformas de treinamento on-line e RegiLearn incluem treinamento para funcion\u00e1rios e gerentes da linha de frente, desde cursos em grupo sobre diretrizes de BPF at\u00e9 certifica\u00e7\u00e3o de controles preventivos de indiv\u00edduos qualificados (Preventive Controls Qualified Individual, PCQI).\u00a0[\/vc_column_text][vc_btn title=&#8221;Inscreva-se no treinamento&#8221; style=&#8221;flat&#8221; shape=&#8221;square&#8221; color=&#8221;blue&#8221; size=&#8221;lg&#8221; align=&#8221;left&#8221; i_align=&#8221;right&#8221; i_icon_fontawesome=&#8221;fas fa-arrow-right&#8221; add_icon=&#8221;true&#8221; el_class=&#8221;primary-btn btnTextBold&#8221; link=&#8221;url:https%3A%2F%2Fstaging.registrarcorp.com%2Fpt-br%2Fproducts%2Fonline-training%2F|&#8221;][\/vc_column][\/vc_row][vc_row full_width=&#8221;stretch_row&#8221; css=&#8221;.vc_custom_1686222783208{padding-bottom: 50px !important;background-color: #ffffff !important;}&#8221; el_class=&#8221;vertical-text-align&#8221;][vc_column width=&#8221;1\/2&#8243; el_class=&#8221;col-txt-center&#8221;][vc_column_text]<img decoding=\"async\" class=\"alignnone size-medium wp-image-4372\" src=\"https:\/\/staging.registrarcorp.com\/wp-content\/uploads\/2023\/06\/regi-learn.png\" alt=\"\" width=\"170\" height=\"26\" srcset=\"https:\/\/staging.registrarcorp.com\/wp-content\/uploads\/2023\/06\/regi-learn.png 2238w, https:\/\/staging.registrarcorp.com\/wp-content\/uploads\/2023\/06\/regi-learn-300x45.png 300w, https:\/\/staging.registrarcorp.com\/wp-content\/uploads\/2023\/06\/regi-learn-1024x153.png 1024w, https:\/\/staging.registrarcorp.com\/wp-content\/uploads\/2023\/06\/regi-learn-768x115.png 768w, https:\/\/staging.registrarcorp.com\/wp-content\/uploads\/2023\/06\/regi-learn-1536x229.png 1536w, https:\/\/staging.registrarcorp.com\/wp-content\/uploads\/2023\/06\/regi-learn-2048x306.png 2048w\" sizes=\"(max-width: 170px) 100vw, 170px\" \/>[\/vc_column_text][vc_column_text fnt_family=&#8221;Montserrat&#8221; fnt_size=&#8221;18px&#8221;]Mantenha voc\u00ea e o treinamento de conformidade de seguran\u00e7a alimentar da sua equipe atualizados. Oferecemos acesso 24 horas por dia, 7 dias por semana a uma biblioteca on-line de mais de 70 cursos aprofundados sobre uma ampla variedade de t\u00f3picos de seguran\u00e7a alimentar, desde BPFs, rotulagem e rastreabilidade de nutri\u00e7\u00e3o at\u00e9 vis\u00f5es gerais de APPCC e prepara\u00e7\u00e3o e realiza\u00e7\u00e3o de recalls.\u00a0[\/vc_column_text][vc_btn title=&#8221;Explore nossas bibliotecas&#8221; style=&#8221;flat&#8221; shape=&#8221;square&#8221; color=&#8221;blue&#8221; size=&#8221;lg&#8221; align=&#8221;left&#8221; i_align=&#8221;right&#8221; i_icon_fontawesome=&#8221;fas fa-arrow-right&#8221; add_icon=&#8221;true&#8221; el_class=&#8221;primary-btn&#8221; link=&#8221;url:https%3A%2F%2Fstaging.registrarcorp.com%2Fpt-br%2Fproducts%2Fonline-training%2Fregilearn%2F|&#8221;][\/vc_column][vc_column width=&#8221;1\/2&#8243; el_class=&#8221;col-txt-center&#8221;][vc_single_image image=&#8221;4294&#8243; img_size=&#8221;576&#215;399&#8243; alignment=&#8221;right&#8221;][\/vc_column][\/vc_row][vc_row full_width=&#8221;stretch_row&#8221; disable_element=&#8221;yes&#8221; css=&#8221;.vc_custom_1690460294676{padding-top: 50px !important;padding-bottom: 50px !important;background-color: #eceff1 !important;}&#8221;][vc_column width=&#8221;1\/2&#8243;][vc_custom_heading text=&#8221;Melhor conformidade<br \/>para produtos mais seguros.&#8221; font_container=&#8221;tag:h2|font_size:56px|text_align:left|color:%23003873|line_height:66px&#8221; google_fonts=&#8221;font_family:Montserrat%3Aregular%2C700|font_style:700%20bold%20regular%3A700%3Anormal&#8221;][vc_column_text fnt_family=&#8221;Montserrat&#8221; fnt_size=&#8221;24px&#8221;]Deixe a Registrar Corp ser sua parceira em conformidade para que voc\u00ea possa produzir produtos seguros e proteger os clientes contra eventos adversos.\u00a0\u00a0[\/vc_column_text][\/vc_column][vc_column width=&#8221;1\/2&#8243;][vc_column_text]<script charset=\"utf-8\" type=\"text\/javascript\" src=\"\/\/js.hsforms.net\/forms\/embed\/v2.js\"><\/script><br \/><script>\n  hbspt.forms.create({\n    region: \"na1\",\n    portalId: \"23317937\",\n    formId: \"181fc138-a3e3-44a9-93f9-6c83ada7b56c\"\n  });\n<\/script>[\/vc_column_text][\/vc_column][\/vc_row][vc_row full_width=&#8221;stretch_row&#8221; css=&#8221;.vc_custom_1685105495486{padding-top: 50px !important;padding-bottom: 50px !important;background-color: #eceff1 !important;}&#8221;][vc_column width=&#8221;1\/2&#8243;][vc_custom_heading text=&#8221;Melhor conformidade<br \/>para produtos mais seguros.&#8221; font_container=&#8221;tag:h2|font_size:56px|text_align:left|color:%23003873|line_height:66px&#8221; google_fonts=&#8221;font_family:Montserrat%3Aregular%2C700|font_style:700%20bold%20regular%3A700%3Anormal&#8221;][vc_column_text fnt_family=&#8221;Montserrat&#8221; fnt_size=&#8221;24px&#8221;]Deixe a Registrar Corp ser sua parceira em conformidade para que voc\u00ea possa produzir produtos seguros e proteger os clientes contra eventos adversos.\u00a0\u00a0[\/vc_column_text][\/vc_column][vc_column width=&#8221;1\/2&#8243;][vc_raw_html el_class=&#8221;gf-safety&#8221;]W2dyYXZpdHlmb3JtIGlkPSI2NCIgdGl0bGU9ImZhbHNlIiBkZXNjcmlwdGlvbj0iZmFsc2UiXQ==[\/vc_raw_html][\/vc_column][\/vc_row]\n<\/div>","protected":false},"excerpt":{"rendered":"<p>[vc_row full_width=&#8221;stretch_row&#8221; css=&#8221;.vc_custom_1726760565131{padding-top: 50px !important;padding-bottom: 50px !important;background-color: #eeefef !important;}&#8221; el_class=&#8221;hero-section&#8221;][vc_column width=&#8221;1\/2&#8243;][vc_column_text css=&#8221;&#8221;] Servi\u00e7os de conformidade, software e treinamento para profissionais de seguran\u00e7a. [\/vc_column_text][vc_column_text fnt_family=&#8221;Montserrat&#8221; fnt_size=&#8221;24px&#8221;]Os profissionais de seguran\u00e7a dedicam seu tempo para manter as pessoas e os produtos protegidos contra eventos adversos. Nosso conjunto abrangente de ofertas ajuda voc\u00ea a se manter atualizado sobre as<\/p>\n","protected":false},"author":33,"featured_media":0,"parent":14956,"menu_order":0,"comment_status":"closed","ping_status":"closed","template":"page-templates\/page-sidebar-none.php","meta":{"_acf_changed":false,"content-type":"","footnotes":""},"class_list":["post-13008","page","type-page","status-publish","hentry"],"acf":[],"_links":{"self":[{"href":"https:\/\/staging.registrarcorp.com\/pt-br\/wp-json\/wp\/v2\/pages\/13008","targetHints":{"allow":["GET"]}}],"collection":[{"href":"https:\/\/staging.registrarcorp.com\/pt-br\/wp-json\/wp\/v2\/pages"}],"about":[{"href":"https:\/\/staging.registrarcorp.com\/pt-br\/wp-json\/wp\/v2\/types\/page"}],"author":[{"embeddable":true,"href":"https:\/\/staging.registrarcorp.com\/pt-br\/wp-json\/wp\/v2\/users\/33"}],"replies":[{"embeddable":true,"href":"https:\/\/staging.registrarcorp.com\/pt-br\/wp-json\/wp\/v2\/comments?post=13008"}],"version-history":[{"count":0,"href":"https:\/\/staging.registrarcorp.com\/pt-br\/wp-json\/wp\/v2\/pages\/13008\/revisions"}],"up":[{"embeddable":true,"href":"https:\/\/staging.registrarcorp.com\/pt-br\/wp-json\/wp\/v2\/pages\/14956"}],"wp:attachment":[{"href":"https:\/\/staging.registrarcorp.com\/pt-br\/wp-json\/wp\/v2\/media?parent=13008"}],"curies":[{"name":"wp","href":"https:\/\/api.w.org\/{rel}","templated":true}]}}