{"id":12862,"date":"2023-06-13T07:01:31","date_gmt":"2023-06-13T07:01:31","guid":{"rendered":"https:\/\/staging.registrarcorp.com\/master-files\/"},"modified":"2025-11-26T12:13:35","modified_gmt":"2025-11-26T12:13:35","slug":"master-files","status":"publish","type":"page","link":"https:\/\/staging.registrarcorp.com\/pt-br\/services\/master-files\/","title":{"rendered":"Arquivos mestre"},"content":{"rendered":"<div class=\"wpb-content-wrapper\">[vc_row full_width=&#8221;stretch_row&#8221; css=&#8221;.vc_custom_1764076936061{padding-top: 70px !important;padding-bottom: 50px !important;background-color: #eeefef !important;}&#8221; el_class=&#8221;vertical-text-align hero-section mobile-paddings&#8221; el_id=&#8221;hero-section&#8221;][vc_column width=&#8221;1\/2&#8243;][vc_column_text css=&#8221;&#8221; fnt_family=&#8221;Montserrat&#8221; fnt_size=&#8221;46px&#8221;]\n<h1><strong>Proteja seu produtodados <span style=\"color: #0081ff;\">com envios de arquivo mestre.<\/span><\/strong><\/h1>\n[\/vc_column_text][vc_column_text css=&#8221;&#8221; fnt_family=&#8221;Montserrat&#8221; fnt_size=&#8221;24px&#8221;]\n<p>Os Master Files s\u00e3o cole\u00e7\u00f5es seguras de dados propriet\u00e1rios de produtos enviados a \u00f3rg\u00e3os reguladores de todo o mundo para apoiar aplica\u00e7\u00f5es de medicamentos, produtos biol\u00f3gicos, dispositivos m\u00e9dicos e produtos veterin\u00e1rios.<\/p>\n<p>Na Registrar Corp, temos o compromisso de ajud\u00e1-lo a manter suas informa\u00e7\u00f5es confidenciais seguras e a manter a conformidade regulat\u00f3ria. Trabalhamos com empresas farmac\u00eauticas, biol\u00f3gicas, de dispositivos m\u00e9dicos e veterin\u00e1rias para preparar e enviar arquivos mestres com seguran\u00e7a para ag\u00eancias nacionais e internacionais.<\/p>\n[\/vc_column_text][vc_btn title=&#8221;Envie seus arquivos mestre&#8221; style=&#8221;flat&#8221; shape=&#8221;square&#8221; color=&#8221;blue&#8221; size=&#8221;lg&#8221; align=&#8221;left&#8221; i_align=&#8221;right&#8221; i_icon_fontawesome=&#8221;fas fa-arrow-right&#8221; add_icon=&#8221;true&#8221; el_class=&#8221;primary-btn&#8221; link=&#8221;url:%23formSe%C3%A7%C3%A3o|&#8221;][\/vc_column][vc_column width=&#8221;1\/2&#8243; el_class=&#8221;col-txt-center&#8221;][vc_single_image image=&#8221;4983&#8243; img_size=&#8221;large&#8221;][\/vc_column][\/vc_row][vc_row full_width=&#8221;stretch_row&#8221; css=&#8221;.vc_custom_1746716903758{background-color: #ffffff !important;}&#8221; el_class=&#8221;vertical-text-align&#8221; el_id=&#8221;dmf&#8221;][vc_column width=&#8221;1\/2&#8243;][vc_column_text fnt_family=&#8221;Montserrat&#8221; fnt_size=&#8221;32px&#8221;]\n<p style=\"font-weight: bold; line-height: 40px; font-size: 32px;\">Arquivos mestre de medicamentos (DMFs) e arquivos mestre de subst\u00e2ncias ativas (ASMFs)<\/p>\n[\/vc_column_text][vc_column_text css=&#8221;&#8221; fnt_family=&#8221;Montserrat&#8221; fnt_size=&#8221;18px&#8221;]\n<p>DMFs e ASMFs, anteriormente conhecidos como European Drug Master Files (EDMFs), fornecem informa\u00e7\u00f5es detalhadas e propriet\u00e1rias sobre medicamentos para uso humano em um formato seguro.<\/p>\n<p style=\"font-size: 18px;\">Podem incluir informa\u00e7\u00f5es sobre:<\/p>\n<ul>\n<li>Subst\u00e2ncias e componentes de medicamentos<\/li>\n<li>Processos de fabrica\u00e7\u00e3o<\/li>\n<li>Materiais de embalagem<\/li>\n<li>Excipientes e materiais de prepara\u00e7\u00e3o<\/li>\n<li>Instala\u00e7\u00f5es e seus procedimentos<\/li>\n<li>Armazenamento do medicamento<\/li>\n<li>Informa\u00e7\u00f5es de refer\u00eancia<\/li>\n<\/ul>\n[\/vc_column_text][vc_btn title=&#8221;Envie seus DMFs&#8221; style=&#8221;flat&#8221; shape=&#8221;square&#8221; color=&#8221;blue&#8221; size=&#8221;lg&#8221; align=&#8221;left&#8221; i_align=&#8221;right&#8221; i_icon_fontawesome=&#8221;fas fa-arrow-right&#8221; css=&#8221;&#8221; add_icon=&#8221;true&#8221; el_class=&#8221;primary-btn&#8221; link=&#8221;url:https%3A%2F%2Fstaging.registrarcorp.com%2Fpt-br%2Findustries%2Fdrugs%2Fservices%2Fmaster-files%2F|&#8221;][\/vc_column][vc_column width=&#8221;1\/2&#8243; el_class=&#8221;col-txt-center&#8221;][vc_single_image image=&#8221;4991&#8243; img_size=&#8221;577&#215;511&#8243; alignment=&#8221;right&#8221;][\/vc_column][\/vc_row][vc_row full_width=&#8221;stretch_row&#8221; css=&#8221;.vc_custom_1746716914488{background-color: #ffffff !important;}&#8221; el_id=&#8221;biologics&#8221;][vc_column width=&#8221;1\/2&#8243;][vc_single_image image=&#8221;5001&#8243; img_size=&#8221;485&#215;499&#8243;][\/vc_column][vc_column width=&#8221;1\/2&#8243; css=&#8221;.vc_custom_1686658281177{padding-top: 20px !important;}&#8221;][vc_column_text css=&#8221;&#8221; fnt_family=&#8221;Montserrat&#8221; fnt_size=&#8221;32px&#8221;]\n<p style=\"font-weight: bold; line-height: 40px; font-size: 32px;\">Arquivos mestre de produtos biol\u00f3gicos (BMFs\/BB-MFs)<\/p>\n[\/vc_column_text][vc_column_text css=&#8221;&#8221; fnt_family=&#8221;Montserrat&#8221; fnt_size=&#8221;18px&#8221;]\n<p>BMF ou BB-MFs fornecem informa\u00e7\u00f5es detalhadas e exclusivas sobre produtos biol\u00f3gicos em um formato seguro.<\/p>\n<p>Eles podem incluir informa\u00e7\u00f5es sobre:<\/p>\n<ul>\n<li>Subst\u00e2ncias e componentes de medicamentos<\/li>\n<li>Processos de fabrica\u00e7\u00e3o<\/li>\n<li>Materiais de embalagem<\/li>\n<li>Excipientes e materiais de prepara\u00e7\u00e3o<\/li>\n<li>Instala\u00e7\u00f5es e seus procedimentos<\/li>\n<li>Armazenamento do medicamento<\/li>\n<li>Informa\u00e7\u00f5es de refer\u00eancia<\/li>\n<\/ul>\n[\/vc_column_text][vc_btn title=&#8221;Envie seus BMFs&#8221; style=&#8221;flat&#8221; shape=&#8221;square&#8221; color=&#8221;blue&#8221; size=&#8221;lg&#8221; align=&#8221;left&#8221; i_align=&#8221;right&#8221; i_icon_fontawesome=&#8221;fas fa-arrow-right&#8221; add_icon=&#8221;true&#8221; el_class=&#8221;primary-btn&#8221; link=&#8221;url:%23formSe%C3%A7%C3%A3o|&#8221;][\/vc_column][\/vc_row][vc_row full_width=&#8221;stretch_row&#8221; css=&#8221;.vc_custom_1746716925107{background-color: #ffffff !important;}&#8221; el_id=&#8221;maf&#8221;][vc_column width=&#8221;1\/2&#8243;][vc_column_text css=&#8221;&#8221; fnt_family=&#8221;Montserrat&#8221; fnt_size=&#8221;32px&#8221;]\n<p style=\"font-weight: bold; line-height: 40px; font-size: 32px;\">Arquivos mestres de dispositivos m\u00e9dicos (MAFs)<\/p>\n[\/vc_column_text][vc_column_text css=&#8221;&#8221; fnt_family=&#8221;Montserrat&#8221; fnt_size=&#8221;18px&#8221;]\n<p>Os MAFs fornecem informa\u00e7\u00f5es detalhadas e exclusivas sobre dispositivos m\u00e9dicos em um formato seguro.<\/p>\n<p>Podem incluir informa\u00e7\u00f5es sobre:<\/p>\n<ul>\n<li>Instala\u00e7\u00f5es e seus procedimentos<\/li>\n<li>Formula\u00e7\u00f5es do dispositivo<\/li>\n<li>Processos de fabrica\u00e7\u00e3o<\/li>\n<li>Materiais de embalagem<\/li>\n<li>Embalagem contratada e outras manufaturas<\/li>\n<li>Dados de estudos cl\u00ednicos e n\u00e3o cl\u00ednicos<\/li>\n<li>Instala\u00e7\u00f5es e seus procedimentos<\/li>\n<\/ul>\n[\/vc_column_text][vc_btn title=&#8221;Envie seus MAFs&#8221; style=&#8221;flat&#8221; shape=&#8221;square&#8221; color=&#8221;blue&#8221; size=&#8221;lg&#8221; align=&#8221;left&#8221; i_align=&#8221;right&#8221; i_icon_fontawesome=&#8221;fas fa-arrow-right&#8221; add_icon=&#8221;true&#8221; el_class=&#8221;primary-btn&#8221; link=&#8221;url:%23formSe%C3%A7%C3%A3o|&#8221;][\/vc_column][vc_column width=&#8221;1\/2&#8243;][vc_single_image image=&#8221;5021&#8243; img_size=&#8221;490&#215;474&#8243; alignment=&#8221;right&#8221;][\/vc_column][\/vc_row][vc_row full_width=&#8221;stretch_row&#8221; css=&#8221;.vc_custom_1746716938329{background-color: #ffffff !important;}&#8221; el_id=&#8221;vmfs&#8221;][vc_column width=&#8221;1\/2&#8243;][vc_single_image image=&#8221;5013&#8243; img_size=&#8221;483&#215;487&#8243;][\/vc_column][vc_column width=&#8221;1\/2&#8243; css=&#8221;.vc_custom_1686658281177{padding-top: 20px !important;}&#8221;][vc_column_text css=&#8221;&#8221; fnt_family=&#8221;Montserrat&#8221; fnt_size=&#8221;32px&#8221;]\n<p style=\"font-weight: bold; line-height: 40px; font-size: 32px;\">Arquivos mestre veterin\u00e1rios (VMFs)<\/p>\n[\/vc_column_text][vc_column_text css=&#8221;&#8221; fnt_family=&#8221;Montserrat&#8221; fnt_size=&#8221;18px&#8221;]\n<p>Os VMFs fornecem informa\u00e7\u00f5es detalhadas e exclusivas sobre medicamentos veterin\u00e1rios e princ\u00edpios ativos em um formato seguro.<\/p>\n<p>Podem incluir informa\u00e7\u00f5es sobre:<\/p>\n<ul>\n<li>Subst\u00e2ncias e componentes de medicamentos<\/li>\n<li>Processos de fabrica\u00e7\u00e3o<\/li>\n<li>Materiais de embalagem<\/li>\n<li>Excipientes e materiais de prepara\u00e7\u00e3o<\/li>\n<li>Instala\u00e7\u00f5es e seus procedimentos<\/li>\n<li>Armazenamento do medicamento<\/li>\n<li>Informa\u00e7\u00f5es de refer\u00eancia<\/li>\n<\/ul>\n[\/vc_column_text][vc_btn title=&#8221;Envie seus VMFs&#8221; style=&#8221;flat&#8221; shape=&#8221;square&#8221; color=&#8221;blue&#8221; size=&#8221;lg&#8221; align=&#8221;left&#8221; i_align=&#8221;right&#8221; i_icon_fontawesome=&#8221;fas fa-arrow-right&#8221; add_icon=&#8221;true&#8221; el_class=&#8221;primary-btn&#8221; link=&#8221;url:%23formSe%C3%A7%C3%A3o|&#8221;][\/vc_column][\/vc_row][vc_row full_width=&#8221;stretch_row&#8221; css=&#8221;.vc_custom_1683808756526{padding-top: 50px !important;background-color: #a5dbff !important;}&#8221;][vc_column][vc_column_text]\n<p style=\"text-align: center; font-size: 32px; font-weight: bold; line-height: 40px; color: #003873;\">Envio de arquivos mestre com a Registrar Corp<\/p>\n[\/vc_column_text][vc_column_text css=&#8221;&#8221;]\n<p style=\"text-align: center; color: #003873;\">As empresas podem aproveitar o servi\u00e7o de envio de arquivos mestre da Registrar Corp para fornecer informa\u00e7\u00f5es de produtos com seguran\u00e7a e prote\u00e7\u00e3o para ag\u00eancias governamentais globais.<\/p>\n[\/vc_column_text][vc_column_text]\n<p style=\"text-align: center; font-size: 18px; line-height: 27px; color: #003873; font-weight: bold;\">Nosso servi\u00e7o inclui:<\/p>\n[\/vc_column_text][\/vc_column][\/vc_row][vc_row full_width=&#8221;stretch_row&#8221; css=&#8221;.vc_custom_1686642963551{background-color: #a5dbff !important;}&#8221;][vc_column width=&#8221;1\/4&#8243;][vc_single_image image=&#8221;4969&#8243; img_size=&#8221;100&#215;100&#8243; alignment=&#8221;center&#8221;][vc_column_text css=&#8221;&#8221; fnt_family=&#8221;Montserrat&#8221; fnt_size=&#8221;18px&#8221;]\n<p style=\"text-align: center;\">Assist\u00eancia na prepara\u00e7\u00e3o de envios e emendas de arquivos mestre<\/p>\n[\/vc_column_text][\/vc_column][vc_column width=&#8221;1\/4&#8243;][vc_single_image image=&#8221;4961&#8243; img_size=&#8221;100&#215;100&#8243; alignment=&#8221;center&#8221;][vc_column_text css=&#8221;&#8221; fnt_family=&#8221;Montserrat&#8221; fnt_size=&#8221;18px&#8221;]\n<p style=\"text-align: center;\">Convers\u00f5es do arquivo mestre para formatos eletr\u00f4nicos, como documento t\u00e9cnico comum eletr\u00f4nico (eCTD) e eCopy<\/p>\n[\/vc_column_text][\/vc_column][vc_column width=&#8221;1\/4&#8243;][vc_single_image image=&#8221;4953&#8243; img_size=&#8221;100&#215;100&#8243; alignment=&#8221;center&#8221;][vc_column_text css=&#8221;&#8221; fnt_family=&#8221;Montserrat&#8221; fnt_size=&#8221;18px&#8221;]\n<p style=\"text-align: center;\">Envio eletr\u00f4nico do arquivo mestre para ag\u00eancias regulat\u00f3rias solicitadas, como o Electronic Submissions Gateway (ESG) e o Portal de Colabora\u00e7\u00e3o com o Cliente (CCP) da FDA<\/p>\n[\/vc_column_text][\/vc_column][vc_column width=&#8221;1\/4&#8243;][vc_single_image image=&#8221;4945&#8243; img_size=&#8221;100&#215;100&#8243; alignment=&#8221;center&#8221;][vc_column_text css=&#8221;&#8221; fnt_family=&#8221;Montserrat&#8221; fnt_size=&#8221;18px&#8221;]\n<p style=\"text-align: center;\">Portal on-line seguro para acessar com seguran\u00e7a os documentos de envio do arquivo mestre<\/p>\n[\/vc_column_text][\/vc_column][\/vc_row][vc_row full_width=&#8221;stretch_row&#8221; css=&#8221;.vc_custom_1686642978364{padding-bottom: 75px !important;background-color: #a5dbff !important;}&#8221;][vc_column][vc_column_text css=&#8221;&#8221; fnt_family=&#8221;Montserrat&#8221; fnt_size=&#8221;18px&#8221;]\n<p style=\"text-align: center;\">No momento, a Registrar Corp pode enviar seus Arquivos Mestres para ag\u00eancias nos EUA, Canad\u00e1, Europa, China e Austr\u00e1lia.<\/p>\n[\/vc_column_text][vc_btn title=&#8221;Envie seus arquivos mestre&#8221; style=&#8221;flat&#8221; shape=&#8221;square&#8221; color=&#8221;blue&#8221; size=&#8221;lg&#8221; align=&#8221;center&#8221; i_align=&#8221;right&#8221; i_icon_fontawesome=&#8221;fas fa-arrow-right&#8221; add_icon=&#8221;true&#8221; el_class=&#8221;primary-btn&#8221; link=&#8221;url:%23formSe%C3%A7%C3%A3o|&#8221;][\/vc_column][\/vc_row][vc_section el_id=&#8221;formSection&#8221; css=&#8221;.vc_custom_1685534555649{padding-top: 80px !important;padding-bottom: 50px !important;}&#8221;][vc_row disable_element=&#8221;yes&#8221;][vc_column width=&#8221;1\/2&#8243;][vc_custom_heading text=&#8221;A Registrar Corp pode ajudar com todas as suas necessidades de arquivos mestre.&#8221; font_container=&#8221;tag:h2|font_size:56|text_align:left|color:%23003873&#8243; google_fonts=&#8221;font_family:Montserrat%3Aregular%2C700|font_style:700%20bold%20regular%3A700%3Anormal&#8221;][vc_column_text]Preencha o formul\u00e1rio para come\u00e7ar.[\/vc_column_text][\/vc_column][vc_column width=&#8221;1\/2&#8243;][vc_row_inner css=&#8221;.vc_custom_1685536680965{padding-top: 15px !important;padding-right: 15px !important;padding-bottom: 15px !important;padding-left: 15px !important;background-color: #ffffff !important;}&#8221;][vc_column_inner][vc_column_text]<script charset=\"utf-8\" type=\"text\/javascript\" src=\"\/\/js.hsforms.net\/forms\/embed\/v2.js\"><\/script><br \/>\n<script>\n  hbspt.forms.create({\n    region: \"na1\",\n    portalId: \"23317937\",\n    formId: \"2b4d9fd3-daa4-43d2-b8fe-f932a412b67e\"\n  });\n<\/script>[\/vc_column_text][\/vc_column_inner][\/vc_row_inner][\/vc_column][\/vc_row][vc_row][vc_column offset=&#8221;vc_col-lg-6 vc_col-md-5&#8243;][vc_custom_heading text=&#8221;A Registrar Corp pode ajudar com todas as suas necessidades de arquivos mestre.&#8221; font_container=&#8221;tag:h2|font_size:56|text_align:left|color:%23003873&#8243; google_fonts=&#8221;font_family:Montserrat%3Aregular%2C700|font_style:700%20bold%20regular%3A700%3Anormal&#8221; css=&#8221;&#8221; el_class=&#8221;h2-mob-size&#8221;][vc_column_text]Preencha o formul\u00e1rio para come\u00e7ar.[\/vc_column_text][\/vc_column][vc_column offset=&#8221;vc_col-lg-6 vc_col-md-7&#8243;][vc_row_inner][vc_column_inner][vc_raw_html]W2dyYXZpdHlmb3JtcyBpZD0iODAiIHRpdGxlPSJmYWxzbyIgZGVzY3JpcHRpb249ImZhbHNlIiBhamF4PSJ0cnVlIiBmaWVsZF92YWx1ZXM9ImlucXVpcnlfdHlwZT1NYXN0ZXIgRmlsZXMiXQ==[\/vc_raw_html][\/vc_column_inner][\/vc_row_inner][\/vc_column][\/vc_row][\/vc_section][vc_row full_width=&#8221;stretch_row&#8221; css=&#8221;.vc_custom_1727968905517{padding-bottom: 50px !important;background-color: #eceff1 !important;}&#8221; el_class=&#8221;faq-accordion-section&#8221;][vc_column][vc_single_image image=&#8221;3265&#8243; img_size=&#8221;medium&#8221; alignment=&#8221;right&#8221; css=&#8221;.vc_custom_1700033708449{margin-bottom: -105px !important;}&#8221; el_class=&#8221;hide-row&#8221;][vc_column_text css=&#8221;.vc_custom_1709038876592{border-bottom-width: 1px !important;padding-bottom: 20px !important;border-bottom-color: #000000 !important;border-bottom-style: solid !important;}&#8221; fnt_family=&#8221;Montserrat&#8221; fnt_size=&#8221;40px&#8221; fnt_family_h3=&#8221;Montserrat&#8221; fnt_size_h3=&#8221;40px&#8221;]\n<p style=\"font-weight: bold; font-size: 40px;\">Perguntas frequentes<\/p>\n[\/vc_column_text][vc_tta_accordion style=&#8221;flat&#8221; shape=&#8221;square&#8221; c_icon=&#8221;chevron&#8221; active_section=&#8221;1&#8243; no_fill=&#8221;true&#8221; collapsible_all=&#8221;true&#8221;][vc_tta_section title=&#8221;O que \u00e9 um arquivo mestre?&#8221; tab_id=&#8221;faq1&#8243; el_class=&#8221;prior-faq-sec&#8221;][vc_column_text]Como parte de certas aplica\u00e7\u00f5es de medicamentos e dispositivos m\u00e9dicos para ag\u00eancias reguladoras, uma empresa pode precisar referenciar dados de outro produto usado na fabrica\u00e7\u00e3o de seus pr\u00f3prios produtos, como embalagens, ingredientes ou acess\u00f3rios.<\/p>\n<p>O propriet\u00e1rio dos dados pode optar por enviar um arquivo mestre para divulgar informa\u00e7\u00f5es propriet\u00e1rias ou confidenciais do produto a uma ag\u00eancia regulat\u00f3ria sem fornec\u00ea-las a partes que precisem consult\u00e1-las.<\/p>\n<p>Muitas ag\u00eancias exigem o envio de arquivos mestre no formato de documento t\u00e9cnico comum eletr\u00f4nico (eCTD).[\/vc_column_text][\/vc_tta_section][vc_tta_section title=&#8221;Onde a Registrar Corp pode enviar os arquivos mestre?&#8221; tab_id=&#8221;faq2&#8243; el_class=&#8221;prior-faq-sec&#8221;][vc_column_text]Atualmente, a Registrar Corp pode enviar arquivos mestre para 10 \u00f3rg\u00e3os regulat\u00f3rios em todo o mundo.<\/p>\n<p>Isso inclui:<\/p>\n<ul>\n<li>FDA dos EUA<\/li>\n<li>Health Canada<\/li>\n<li>Ag\u00eancia Europeia de Medicamentos<\/li>\n<li>Chefes de ag\u00eancias de medicamentos, como o Instituto Estadual de Controle de Medicamentos da Rep\u00fablica Tcheca ou o Instituto Estadual de Controle de Medicamentos da Rep\u00fablica Eslovaca<\/li>\n<li>Reino Unido (MHRA)<\/li>\n<li>Administra\u00e7\u00e3o Nacional de Produtos M\u00e9dicos da China (NMPA)<\/li>\n<li>Administra\u00e7\u00e3o de Produtos Terap\u00eauticos (TGA) da Austr\u00e1lia<\/li>\n<li>Diretoria Europeia de Qualidade de Medicamentos e Cuidados com a Sa\u00fade (European Directorate for Quality of Medicines and HealthCare, EDQM)<\/li>\n<li>Swissmedic<\/li>\n<\/ul>\n[\/vc_column_text][\/vc_tta_section][vc_tta_section title=&#8221;Quais s\u00e3o alguns exemplos de DMFs da FDA dos EUA?&#8221; tab_id=&#8221;faq3&#8243; el_class=&#8221;prior-faq-sec&#8221;][vc_column_text css=&#8221;&#8221;]DMFsdo tipo II (princ\u00edpio ativo, intermedi\u00e1rio do princ\u00edpio ativo e material usado em sua prepara\u00e7\u00e3o ou produto medicamentoso) DMFs do tipo II compreendem 70% de todos os registros ativos de DMFs.<\/p>\n<p>DMFs tipo III (material de embalagem) Os DMFs tipo III compreendem 20% de todos os arquivamentos de DMF ativosDMFs tipo IV (excipiente, corante, sabor, ess\u00eancia ou material usado em sua prepara\u00e7\u00e3o) DMFs tipo IV compreendem 8% de todos os arquivamentos de DMF ativos.<\/p>\n<p>DMFs do tipo V (informa\u00e7\u00f5es de refer\u00eancia aceitas pela FDA, local de fabrica\u00e7\u00e3o, Instala\u00e7\u00f5es, procedimentos operacionais e pessoal) DMFs do tipo V compreendem 2% de todos os registros ativos de DMF.[\/vc_column_text][\/vc_tta_section][vc_tta_section title=&#8221;O que \u00e9 um eCTD?&#8221; tab_id=&#8221;faq4&#8243; el_class=&#8221;prior-faq-sec&#8221;][vc_column_text]O formato eletr\u00f4nico de documento t\u00e9cnico comum (eCTD) \u00e9 um formato de envio padr\u00e3o para arquivos mestre.<\/p>\n<p>Ag\u00eancias como a FDA e Health Canada exigem formato eCTD para certos tipos de envios de arquivos mestre, incluindo DMFs e ASMFs.[\/vc_column_text][\/vc_tta_section][vc_tta_section title=&#8221;Devo converter meu arquivo mestre existente para eCTD?&#8221; tab_id=&#8221;faq5&#8243; el_class=&#8221;prior-faq-sec&#8221;][vc_column_text]Os requisitos do eCTD variam de acordo com a ag\u00eancia. Os arquivos mestre existentes que n\u00e3o est\u00e3o no formato eCTD, incluindo aqueles em papel, geralmente n\u00e3o exigem reenvio \u00e0 FDA.<\/p>\n<p>No entanto, envios adicionais, como relat\u00f3rios anuais, suplementos e emendas, devem ser enviadas \u00e0 FDA no eCTD.<\/p>\n<p>A Health Canada tamb\u00e9m exige que todos os arquivos mestre sejam enviados em formato eletr\u00f4nico que pode ser eCTD.<\/p>\n<p>Algumas empresas preferem converter seus arquivos mestre em papel existentes para eCTD para acelerar o processo de revis\u00e3o de uma solicita\u00e7\u00e3o de Novo Medicamento (NDA) ou solicita\u00e7\u00e3o de Novo Medicamento Abreviado (ANDA) que faz refer\u00eancia ao arquivo mestre.[\/vc_column_text][\/vc_tta_section][vc_tta_section title=&#8221;Como fa\u00e7o para enviar um eCTD?&#8221; tab_id=&#8221;faq6&#8243; el_class=&#8221;prior-faq-sec&#8221;][vc_column_text]Os envios de eCTD normalmente devem ser enviados por meio de um Gateway de Envios Eletr\u00f4nicos (ESG).<\/p>\n<p>O acesso aos ESG de uma ag\u00eancia geralmente envolve um processo demorado de configura\u00e7\u00e3o de aplicativos e computadores, um processo que pode exigir v\u00e1rias semanas de prepara\u00e7\u00e3o, correspond\u00eancia da ag\u00eancia e testes.<\/p>\n<p>Como alternativa, muitas empresas optam por contratar um especialista regulat\u00f3rio, como a Registrar Corp, para converter seus envios de arquivos mestre para o formato eCTD e envi\u00e1-los em seu nome.[\/vc_column_text][\/vc_tta_section][\/vc_tta_accordion][\/vc_column][\/vc_row]\n<\/div>","protected":false},"excerpt":{"rendered":"<p>[vc_row full_width=&#8221;stretch_row&#8221; css=&#8221;.vc_custom_1764076936061{padding-top: 70px !important;padding-bottom: 50px !important;background-color: #eeefef !important;}&#8221; el_class=&#8221;vertical-text-align hero-section mobile-paddings&#8221; el_id=&#8221;hero-section&#8221;][vc_column width=&#8221;1\/2&#8243;][vc_column_text css=&#8221;&#8221; fnt_family=&#8221;Montserrat&#8221; fnt_size=&#8221;46px&#8221;] Proteja seu produtodados com envios de arquivo mestre. [\/vc_column_text][vc_column_text css=&#8221;&#8221; fnt_family=&#8221;Montserrat&#8221; fnt_size=&#8221;24px&#8221;] Os Master Files s\u00e3o cole\u00e7\u00f5es seguras de dados propriet\u00e1rios de produtos enviados a \u00f3rg\u00e3os reguladores de todo o mundo para apoiar aplica\u00e7\u00f5es de medicamentos, produtos biol\u00f3gicos,<\/p>\n","protected":false},"author":33,"featured_media":0,"parent":14807,"menu_order":0,"comment_status":"closed","ping_status":"closed","template":"page-templates\/page-sidebar-none.php","meta":{"_acf_changed":false,"content-type":"","footnotes":""},"class_list":["post-12862","page","type-page","status-publish","hentry"],"acf":[],"_links":{"self":[{"href":"https:\/\/staging.registrarcorp.com\/pt-br\/wp-json\/wp\/v2\/pages\/12862","targetHints":{"allow":["GET"]}}],"collection":[{"href":"https:\/\/staging.registrarcorp.com\/pt-br\/wp-json\/wp\/v2\/pages"}],"about":[{"href":"https:\/\/staging.registrarcorp.com\/pt-br\/wp-json\/wp\/v2\/types\/page"}],"author":[{"embeddable":true,"href":"https:\/\/staging.registrarcorp.com\/pt-br\/wp-json\/wp\/v2\/users\/33"}],"replies":[{"embeddable":true,"href":"https:\/\/staging.registrarcorp.com\/pt-br\/wp-json\/wp\/v2\/comments?post=12862"}],"version-history":[{"count":0,"href":"https:\/\/staging.registrarcorp.com\/pt-br\/wp-json\/wp\/v2\/pages\/12862\/revisions"}],"up":[{"embeddable":true,"href":"https:\/\/staging.registrarcorp.com\/pt-br\/wp-json\/wp\/v2\/pages\/14807"}],"wp:attachment":[{"href":"https:\/\/staging.registrarcorp.com\/pt-br\/wp-json\/wp\/v2\/media?parent=12862"}],"curies":[{"name":"wp","href":"https:\/\/api.w.org\/{rel}","templated":true}]}}