{"id":12680,"date":"2023-06-27T06:12:43","date_gmt":"2023-06-27T06:12:43","guid":{"rendered":"https:\/\/staging.registrarcorp.com\/iba-cosmetics\/"},"modified":"2024-10-01T18:11:58","modified_gmt":"2024-10-01T18:11:58","slug":"iba-cosmetics","status":"publish","type":"page","link":"https:\/\/staging.registrarcorp.com\/pt-br\/services\/fda-registration\/iba-cosmetics\/","title":{"rendered":"Cosm\u00e9ticos IBA"},"content":{"rendered":"<div class=\"wpb-content-wrapper\">[vc_section el_class=&#8221;banner-section&#8221;][vc_row full_width=&#8221;stretch_row&#8221; content_placement=&#8221;top&#8221; disable_element=&#8221;yes&#8221; css=&#8221;.vc_custom_1709062389910{padding-top: 40px !important;background-color: #f4f4f4 !important;}&#8221;][vc_column][vc_single_image image=&#8221;26290&#8243; img_size=&#8221;full&#8221; alignment=&#8221;center&#8221; onclick=&#8221;custom_link&#8221; link=&#8221;https:\/\/staging.registrarcorp.com\/pt-br\/services\/fda-registration\/cosmetics\/&#8221;][\/vc_column][\/vc_row][vc_row full_width=&#8221;stretch_row&#8221; css=&#8221;.vc_custom_1726758765454{padding-top: 70px !important;padding-bottom: 20px !important;background-color: #f4f4f4 !important;}&#8221; el_class=&#8221;topContainer row-wdith hero-section&#8221; el_id=&#8221;headerRow&#8221;][vc_column width=&#8221;1\/2&#8243;][vc_column_text fnt_family_h1=&#8221;Montserrat&#8221; fnt_size_h1=&#8221;46&#8243;]\n<h1><strong><span style=\"color: #003873;\">Prepare-se agora para atender aos novos requisitos da FDA dos EUA para<\/span> empresas de <span style=\"color: #0081ff;\">cosm\u00e9ticos.<\/span><\/strong><\/h1>\n[\/vc_column_text][vc_column_text fnt_family=&#8221;Montserrat&#8221; fnt_size=&#8221;24&#8243;]Os Estados Unidos promulgaram recentemente a Lei de Regulamenta\u00e7\u00e3o de Moderniza\u00e7\u00e3o de Cosm\u00e9ticos de 2022 (MoCRA), expandindo a autoridade regulat\u00f3ria da Ag\u00eancia de Administra\u00e7\u00e3o de Alimentos e Medicamentos dos EUA (FDA) sobre o setor de cosm\u00e9ticos. O MoCRA exige que a FDA estabele\u00e7a novos regulamentos extensivos para empresas que fabricam e distribuim cosm\u00e9ticos nos EUA.<\/p>\n<p>Muitos regulamentos entram em vigor j\u00e1 em 2023.[\/vc_column_text][vc_btn title=&#8221;Comece j\u00e1&#8221; color=&#8221;sky&#8221; i_align=&#8221;right&#8221; i_icon_fontawesome=&#8221;fas fa-arrow-right&#8221; add_icon=&#8221;true&#8221; el_class=&#8221;primary-btn&#8221; link=&#8221;url:https%3A%2F%2Fstaging.registrarcorp.com%2Fpt-br%2Ffda-registration-form%2F%3Fflow_type%3Dcosmetics%26industry_type%3DCosmetics%26iba_path%3Dtrue|&#8221;][\/vc_column][vc_column width=&#8221;1\/2&#8243; el_class=&#8221;container-right&#8221;][vc_single_image image=&#8221;6547&#8243; img_size=&#8221;full&#8221; alignment=&#8221;center&#8221;][vc_single_image image=&#8221;6555&#8243; img_size=&#8221;full&#8221; alignment=&#8221;center&#8221;][\/vc_column][\/vc_row][\/vc_section][vc_row full_width=&#8221;stretch_row_content&#8221; css=&#8221;.vc_custom_1687855249229{padding-top: 60px !important;padding-bottom: 60px !important;background-color: #003873 !important;}&#8221; el_class=&#8221;font-white&#8221; el_id=&#8221;where-to-start&#8221;][vc_column][vc_row_inner content_placement=&#8221;middle&#8221; el_class=&#8221;font-white innter-text-content&#8221;][vc_column_inner][vc_custom_heading text=&#8221;N\u00e3o sabe por onde come\u00e7ar? A Registrar Corp torna a conformidade com cosm\u00e9ticos r\u00e1pida e f\u00e1cil.&#8221; font_container=&#8221;tag:h2|font_size:46|text_align:center|color:%23ffffff&#8221; google_fonts=&#8221;font_family:Montserrat%3Aregular%2C700|font_style:700%20bold%20regular%3A700%3Anormal&#8221;][vc_column_text fnt_family=&#8221;Montserrat&#8221; fnt_size=&#8221;24&#8243; el_class=&#8221;font-white&#8221;]\n<p style=\"text-align: center;\">Vamos:<\/p>\n<ul>\n<li style=\"text-align: center;\">Registrar adequadamente as instala\u00e7\u00f5es com a FDA o mais r\u00e1pido poss\u00edvel<\/li>\n<li style=\"text-align: center;\">Atuar como agente dos EUA para instala\u00e7\u00f5es fora dos EUA<\/li>\n<li style=\"text-align: center;\">Enviar e gerenciar listagens de produtos cosm\u00e9ticos<\/li>\n<li style=\"text-align: center;\">Fornecer atualiza\u00e7\u00f5es \u00e0 medida que a FDA implementa diretrizes MoCRA adicionais<\/li>\n<\/ul>\n[\/vc_column_text][\/vc_column_inner][\/vc_row_inner][vc_row_inner content_placement=&#8221;middle&#8221;][vc_column_inner][vc_column_text fnt_family=&#8221;Montserrat&#8221; fnt_size=&#8221;24&#8243; el_class=&#8221;font-white&#8221;]\n<p style=\"text-align: center;\"><strong>Membros da IBA: Use os servi\u00e7os de registro da Registrar Corp e receba 10% de desconto.<\/strong><\/p>\n[\/vc_column_text][vc_btn title=&#8221;Comece j\u00e1&#8221; color=&#8221;sky&#8221; align=&#8221;center&#8221; i_align=&#8221;right&#8221; i_icon_fontawesome=&#8221;fas fa-arrow-right&#8221; add_icon=&#8221;true&#8221; link=&#8221;url:https%3A%2F%2Fstaging.registrarcorp.com%2Fpt-br%2Ffda-registration-form%2F%3Fflow_type%3Dcosmetics%26industry_type%3DCosmetics%26iba_path%3Dtrue|&#8221; el_class=&#8221;primary-btn&#8221;][\/vc_column_inner][\/vc_row_inner][\/vc_column][\/vc_row][vc_section full_width=&#8221;stretch_row&#8221; css=&#8221;.vc_custom_1687865804816{background-color: #ffffff !important;}&#8221; el_id=&#8221;what-does-mocra&#8221;][vc_row full_width=&#8221;stretch_row&#8221; css=&#8221;.vc_custom_1687853762150{padding-top: 40px !important;padding-bottom: 20px !important;}&#8221;][vc_column width=&#8221;1\/2&#8243;][vc_column_text fnt_family_h2=&#8221;Montserrat&#8221; fnt_size_h2=&#8221;40&#8243;]\n<h2><span style=\"color: #003873;\"><strong>O que significa\u00a0a MoCRA para as empresas de cosm\u00e9ticos?<\/strong><\/span><\/h2>\n[\/vc_column_text][vc_column_text fnt_family=&#8221;Montserrat&#8221; fnt_size=&#8221;18&#8243;]De acordo com a MoCRA, a FDA estabelecer\u00e1 regulamentos que afetam todo o ciclo de vida de seus produtos cosm\u00e9ticos, desde a fabrica\u00e7\u00e3o at\u00e9 a comercializa\u00e7\u00e3o. Os novos requisitos incluem:<\/p>\n<ul>\n<li>Registro obrigat\u00f3rio da FDA para instala\u00e7\u00f5es de cosm\u00e9ticos<\/li>\n<li>Listagens obrigat\u00f3rias de produtos para cada produto cosm\u00e9tico comercializado nos EUA<\/li>\n<li>Relat\u00f3rio de eventos adversos<\/li>\n<li>Ades\u00e3o \u00e0s Boas Pr\u00e1ticas de Fabrica\u00e7\u00e3o (BPFs) emitidas pela FDA<\/li>\n<li>Manuten\u00e7\u00e3o de registros, incluindo eventos adversos e registros de fundamenta\u00e7\u00e3o de seguran\u00e7a<\/li>\n<li>Recalls obrigat\u00f3rios<\/li>\n<li>Declara\u00e7\u00e3o de Al\u00e9rgenos de Fragr\u00e2ncia<\/li>\n<\/ul>\n<p>Embora a FDA ainda n\u00e3o tenha estabelecido regulamenta\u00e7\u00f5es para esses requisitos, a lei fornece informa\u00e7\u00f5es gerais, para que as empresas de cosm\u00e9ticos possam come\u00e7ar a se preparar para os novos requisitos da FDA.[\/vc_column_text][\/vc_column][vc_column width=&#8221;1\/2&#8243; el_class=&#8221;container-right&#8221;][vc_single_image image=&#8221;6563&#8243; img_size=&#8221;full&#8221; alignment=&#8221;center&#8221; css=&#8221;.vc_custom_1688384500880{padding-top: 15px !important;}&#8221;][\/vc_column][\/vc_row][\/vc_section][vc_section full_width=&#8221;stretch_row&#8221; css=&#8221;.vc_custom_1685426929622{padding-bottom: 50px !important;background-color: #eceff1 !important;}&#8221; el_class=&#8221;faq-accordion-section&#8221;][vc_row content_placement=&#8221;bottom&#8221; css=&#8221;.vc_custom_1700032773103{padding-top: 50px !important;}&#8221;][vc_column width=&#8221;2\/3&#8243;][vc_custom_heading text=&#8221;Perguntas frequentes&#8221; font_container=&#8221;tag:h2|font_size:40|text_align:left|color:%23003873&#8243; google_fonts=&#8221;font_family:Montserrat%3Aregular%2C700|font_style:700%20bold%20regular%3A700%3Anormal&#8221;][\/vc_column][vc_column width=&#8221;1\/3&#8243;][vc_single_image image=&#8221;1011&#8243; img_size=&#8221;medium&#8221; alignment=&#8221;right&#8221; el_class=&#8221;hide-row&#8221;][\/vc_column][\/vc_row][vc_row css=&#8221;.vc_custom_1684137364661{padding-bottom: 50px !important;}&#8221;][vc_column][vc_separator color=&#8221;black&#8221;][vc_tta_accordion section_title_tag=&#8221;h2&#8243; c_icon=&#8221;chevron&#8221; active_section=&#8221;1&#8243; no_fill=&#8221;true&#8221; css=&#8221;.vc_custom_1683291355932{background-color: #eceff1 !important;}&#8221; el_class=&#8221;accordion&#8221;][vc_tta_section title=&#8221;O que \u00e9 a MoCRA?&#8221; tab_id=&#8221;what-is-MoCRA&#8221; el_class=&#8221;accordion-class&#8221;][vc_column_text fnt_family=&#8221;Montserrat&#8221; fnt_size=&#8221;24&#8243; grad_text_color1=&#8221;#003873&#8243;]A MoCRA \u00e9 a Lei de Moderniza\u00e7\u00e3o da Regulamenta\u00e7\u00e3o de Cosm\u00e9ticos de 2022 e foi sancionada em 29 de dezembro de 2022. A MoCRA \u00e9 a maior reforma das regulamenta\u00e7\u00f5es de cosm\u00e9ticos existentes nos Estados Unidos em 84 anos e estabelece muitos novos requisitos, como:<\/p>\n<ul>\n<li>Registro da instala\u00e7\u00e3o<\/li>\n<li>Listagens de produtos<\/li>\n<li>Boas pr\u00e1ticas de fabrica\u00e7\u00e3o (BPFs)<\/li>\n<li>Fundamenta\u00e7\u00e3o de seguran\u00e7a<\/li>\n<li>Novos requisitos de rotulagem<\/li>\n<li>Relat\u00f3rios de eventos adversos<\/li>\n<li>Manuten\u00e7\u00e3o de registros<\/li>\n<\/ul>\n[\/vc_column_text][\/vc_tta_section][vc_tta_section title=&#8221;Como a MoCRA afetar\u00e1 as instala\u00e7\u00f5es de cosm\u00e9ticos?&#8221; tab_id=&#8221;how-will-MoCRA-affect&#8221; el_class=&#8221;accordion-class&#8221;][vc_column_text]De acordo com a MoCRA, o termo &#8220;instala\u00e7\u00e3o&#8221; inclui qualquer estabelecimento que fabrique ou processe produtos cosm\u00e9ticos distribu\u00eddos nos Estados Unidos As instala\u00e7\u00f5es precisar\u00e3o se registrar e cumprir as BPFs emitidas pela FDA.[\/vc_column_text][\/vc_tta_section][vc_tta_section title=&#8221;Quem \u00e9 considerado a pessoa respons\u00e1vel de acordo com a MoCRA?&#8221; tab_id=&#8221;who-is-considered&#8221; el_class=&#8221;accordion-class&#8221;][vc_column_text]\n<div class=\"vc_tta-panel-body\">\n<div class=\"wpb_text_column wpb_content_element \">\n<div class=\"wpb_wrapper\">\n<p>O termo \u201cpessoa respons\u00e1vel\u201d significa o fabricante, embalador ou distribuidor de um produto cosm\u00e9tico cujo nome aparece no r\u00f3tulo do produto de acordo com a se\u00e7\u00e3o 609(a) da Lei FD&amp;C ou se\u00e7\u00e3o 4(a) da Lei de Embalagem e Rotulagem Justa.<\/p>\n<p>A \u201cpessoa respons\u00e1vel\u201d ser\u00e1 respons\u00e1vel pelos it\u00e9ns abaixo:<\/p>\n<ul>\n<li>Listagem de produtos cosm\u00e9ticos<\/li>\n<li>Eventos adversos<\/li>\n<li>Fundamenta\u00e7\u00e3o de seguran\u00e7a<\/li>\n<li>Rotulagem<\/li>\n<li>Divulga\u00e7\u00f5es e registros de al\u00e9rgenos de fragr\u00e2ncias<\/li>\n<\/ul>\n<\/div>\n<\/div>\n<\/div>\n[\/vc_column_text][\/vc_tta_section][vc_tta_section title=&#8221;Existe alguma isen\u00e7\u00e3o para o registro da instala\u00e7\u00e3o?&#8221; tab_id=&#8221;are-there-any-exemptions&#8221; el_class=&#8221;accordion-class&#8221;][vc_column_text]\n<div class=\"vc_tta-panel-body\">\n<div class=\"wpb_text_column wpb_content_element \">\n<div class=\"wpb_wrapper\">\n<p>Sim, as pequenas empresas ter\u00e3o requisitos mais flex\u00edveis e simples. A FDA define uma pequena empresa como uma empresa com vendas anuais brutas m\u00e9dias nos EUA, no per\u00edodo de tr\u00eas anos anteriores, inferiores a US$ 1.000.000, ajustadas pela infla\u00e7\u00e3o. Isso n\u00e3o se aplica a nenhuma pessoa ou instala\u00e7\u00e3o respons\u00e1vel envolvida na fabrica\u00e7\u00e3o de produtos cosm\u00e9ticos que:<\/p>\n<ul>\n<li>Entrem em contato com os olhos,<\/li>\n<li>Sejam injet\u00e1veis,<\/li>\n<li>Destinados ao uso interno,<\/li>\n<li>Ou alterem a apar\u00eancia por mais de 24 horas em condi\u00e7\u00f5es de uso habituais ou usuais.<\/li>\n<\/ul>\n<\/div>\n<\/div>\n<\/div>\n[\/vc_column_text][\/vc_tta_section][vc_tta_section title=&#8221;Quando s\u00e3o necess\u00e1rios registros de instala\u00e7\u00f5es e listas de produtos?&#8221; tab_id=&#8221;when-are-facility-registrations&#8221; el_class=&#8221;accordion-class&#8221;][vc_column_text]\n<div class=\"vc_tta-panel-body\">\n<div class=\"wpb_text_column wpb_content_element \">\n<div class=\"wpb_wrapper\">\n<p><span class=\"TextRun SCXW134910940 BCX0\" lang=\"EN-US\" xml:lang=\"EN-US\" data-contrast=\"none\"><span class=\"NormalTextRun SCXW134910940 BCX0\">Para as instala\u00e7\u00f5es existentes, o registro da instala\u00e7\u00e3o e as listas de produtos expiram em 29 de dezembro de 2023. <\/span><\/span><span class=\"TextRun SCXW134910940 BCX0\" lang=\"EN-US\" xml:lang=\"EN-US\" data-contrast=\"auto\"><span class=\"NormalTextRun SCXW134910940 BCX0\"> Novas instala\u00e7\u00f5es que fabricam ou processam produtos cosm\u00e9ticos para distribui\u00e7\u00e3o nos EUA devem se registrar dentro de 60 dias ap\u00f3s o produto ser colocado no mercado ou 60 dias ap\u00f3s o prazo final para instala\u00e7\u00f5es existentes, o que ocorrer por \u00faltimo.<\/span><\/span><span class=\"EOP SCXW134910940 BCX0\" data-ccp-props=\"{&quot;201341983&quot;:0,&quot;335559739&quot;:0,&quot;335559740&quot;:259}\"><\/span><\/p>\n<\/div>\n<\/div>\n<\/div>\n[\/vc_column_text][\/vc_tta_section][vc_tta_section title=&#8221;E se eu tiver v\u00e1rios produtos cosm\u00e9ticos? Como fa\u00e7o para listar todos eles?&#8221; tab_id=&#8221;what-if-I-have-multiple&#8221; el_class=&#8221;accordion-class&#8221;][vc_column_text]\n<div class=\"vc_tta-panel-body\">\n<div class=\"wpb_text_column wpb_content_element \">\n<div class=\"wpb_wrapper\">\n<p><span class=\"TextRun SCXW233625468 BCX0\" lang=\"EN-US\" xml:lang=\"EN-US\" data-contrast=\"auto\"><span class=\"NormalTextRun SCXW233625468 BCX0\">A\u00a0MoCRA<\/span> <span class=\"NormalTextRun SCXW233625468 BCX0\">permite<\/span><span class=\"NormalTextRun SCXW233625468 BCX0\"> \u201c<\/span><span class=\"NormalTextRun SCXW233625468 BCX0\">f <\/span><span class=\"NormalTextRun SCXW233625468 BCX0\">ormula\u00e7\u00f5es <\/span><span class=\"NormalTextRun SCXW233625468 BCX0\">f<\/span><span class=\"NormalTextRun SCXW233625468 BCX0\">lex\u00edveis <\/span><span class=\"NormalTextRun SCXW233625468 BCX0\">.<\/span><span class=\"NormalTextRun SCXW233625468 BCX0\">\u201c<\/span><span class=\"NormalTextRun SCXW233625468 BCX0\"> Para listagens flex\u00edveis, <\/span><span class=\"NormalTextRun SCXW233625468 BCX0\">as empresas podem enviar uma <\/span><span class=\"NormalTextRun SCXW233625468 BCX0\">\u00fanica listagem de produtos<\/span> cosm\u00e9ticos <span class=\"NormalTextRun SCXW233625468 BCX0\">com<\/span><span class=\"NormalTextRun SCXW233625468 BCX0\"> formula\u00e7\u00f5es id\u00eanticas ou formula\u00e7\u00f5es que diferem apenas em rela\u00e7\u00e3o a cores, fragr\u00e2ncias ou sabores, ou quantidade de conte\u00fado.<\/span><\/span><span class=\"EOP SCXW233625468 BCX0\" data-ccp-props=\"{&quot;201341983&quot;:0,&quot;335559739&quot;:0,&quot;335559740&quot;:259}\"><\/span><\/p>\n<\/div>\n<\/div>\n<\/div>\n[\/vc_column_text][\/vc_tta_section][vc_tta_section title=&#8221;O que posso fazer para me preparar para a MoCRA agora?&#8221; tab_id=&#8221;what-can-I-do&#8221; el_class=&#8221;accordion-class&#8221;][vc_column_text]\n<div class=\"vc_tta-panel-body\">\n<div class=\"wpb_text_column wpb_content_element \">\n<div class=\"wpb_wrapper\">\n<p><span class=\"TextRun SCXW252003706 BCX0\" lang=\"EN-US\" xml:lang=\"EN-US\" data-contrast=\"auto\"><span class=\"NormalTextRun SCXW252003706 BCX0\">Entre em contato com a Registrar Corp<\/span> <span class=\"NormalTextRun SCXW252003706 BCX0\">para <\/span><span class=\"NormalTextRun SCXW252003706 BCX0\">determinar<\/span> <span class=\"NormalTextRun SCXW252003706 BCX0\">quais<\/span><span class=\"NormalTextRun SCXW252003706 BCX0\"> responsabilidades sua empresa precisar\u00e1 cumprir para estar em conformidade.<\/span><\/span><span class=\"EOP SCXW252003706 BCX0\" data-ccp-props=\"{&quot;201341983&quot;:0,&quot;335559739&quot;:0,&quot;335559740&quot;:259}\"><\/span><\/p>\n<\/div>\n<\/div>\n<\/div>\n[\/vc_column_text][\/vc_tta_section][vc_tta_section title=&#8221;Quais s\u00e3o os novos requisitos de rotulagem?&#8221; tab_id=&#8221;what-are-the-new-labeling&#8221; el_class=&#8221;accordion-class&#8221;][vc_column_text]\n<ul>\n<li><strong>Um endere\u00e7o nos EUA<\/strong>,<\/li>\n<li><strong>Um n\u00famero de telefone dos EUA<\/strong>, ou<\/li>\n<li>informa\u00e7\u00f5es de contato eletr\u00f4nico nas quais uma pessoa respons\u00e1vel possa receber relat\u00f3rios de eventos adversos.<\/li>\n<\/ul>\n<p>Produtos cosm\u00e9ticos que contenham al\u00e9rgenos de fragr\u00e2ncias devem atualizar seu r\u00f3tulo para listar esses al\u00e9rgenos. Para produtos cosm\u00e9ticos profissionais, os r\u00f3tulos devem indicar uma declara\u00e7\u00e3o clara e destacada de que o produto \u00e9 administrado ou usado somente por profissionais licenciados e est\u00e1 em conformidade com os requisitos existentes de rotulagem de cosm\u00e9ticos.[\/vc_column_text][\/vc_tta_section][vc_tta_section title=&#8221;Quando os novos requisitos de rotulagem entrar\u00e3o em vigor?&#8221; tab_id=&#8221;when-do-the-new-labeling&#8221; el_class=&#8221;accordion-class&#8221;][vc_column_text]\n<div class=\"vc_tta-panel-body\">\n<div class=\"wpb_text_column wpb_content_element \">\n<div class=\"wpb_wrapper\">\n<p>Dentro de <strong>1 ano<\/strong>: Os r\u00f3tulos de produtos cosm\u00e9ticos profissionais devem incluir todas as informa\u00e7\u00f5es necess\u00e1rias e declarar que apenas profissionais licenciados podem usar o produto.<\/p>\n<p>Dentro de <strong>2 anos<\/strong>: Os r\u00f3tulos devem incluir as informa\u00e7\u00f5es de contato da pessoa respons\u00e1vel para a notifica\u00e7\u00e3o de efeitos adversos e devem identificar os al\u00e9rgenos de fragr\u00e2ncias determinados pela FDA.<\/p>\n<\/div>\n<\/div>\n<\/div>\n[\/vc_column_text][\/vc_tta_section][\/vc_tta_accordion][\/vc_column][\/vc_row][\/vc_section]\n<\/div>","protected":false},"excerpt":{"rendered":"<p>[vc_section el_class=&#8221;banner-section&#8221;][vc_row full_width=&#8221;stretch_row&#8221; content_placement=&#8221;top&#8221; disable_element=&#8221;yes&#8221; css=&#8221;.vc_custom_1709062389910{padding-top: 40px !important;background-color: #f4f4f4 !important;}&#8221;][vc_column][vc_single_image image=&#8221;26290&#8243; img_size=&#8221;full&#8221; alignment=&#8221;center&#8221; onclick=&#8221;custom_link&#8221; link=&#8221;https:\/\/staging.registrarcorp.com\/pt-br\/services\/fda-registration\/cosmetics\/&#8221;][\/vc_column][\/vc_row][vc_row full_width=&#8221;stretch_row&#8221; css=&#8221;.vc_custom_1726758765454{padding-top: 70px !important;padding-bottom: 20px !important;background-color: #f4f4f4 !important;}&#8221; el_class=&#8221;topContainer row-wdith hero-section&#8221; el_id=&#8221;headerRow&#8221;][vc_column width=&#8221;1\/2&#8243;][vc_column_text fnt_family_h1=&#8221;Montserrat&#8221; fnt_size_h1=&#8221;46&#8243;] Prepare-se agora para atender aos novos requisitos da FDA dos EUA para empresas de cosm\u00e9ticos. [\/vc_column_text][vc_column_text fnt_family=&#8221;Montserrat&#8221; fnt_size=&#8221;24&#8243;]Os Estados Unidos promulgaram recentemente a Lei de<\/p>\n","protected":false},"author":33,"featured_media":0,"parent":12810,"menu_order":0,"comment_status":"closed","ping_status":"closed","template":"page-templates\/page-sidebar-none.php","meta":{"_acf_changed":false,"content-type":"","footnotes":""},"class_list":["post-12680","page","type-page","status-publish","hentry"],"acf":[],"_links":{"self":[{"href":"https:\/\/staging.registrarcorp.com\/pt-br\/wp-json\/wp\/v2\/pages\/12680","targetHints":{"allow":["GET"]}}],"collection":[{"href":"https:\/\/staging.registrarcorp.com\/pt-br\/wp-json\/wp\/v2\/pages"}],"about":[{"href":"https:\/\/staging.registrarcorp.com\/pt-br\/wp-json\/wp\/v2\/types\/page"}],"author":[{"embeddable":true,"href":"https:\/\/staging.registrarcorp.com\/pt-br\/wp-json\/wp\/v2\/users\/33"}],"replies":[{"embeddable":true,"href":"https:\/\/staging.registrarcorp.com\/pt-br\/wp-json\/wp\/v2\/comments?post=12680"}],"version-history":[{"count":0,"href":"https:\/\/staging.registrarcorp.com\/pt-br\/wp-json\/wp\/v2\/pages\/12680\/revisions"}],"up":[{"embeddable":true,"href":"https:\/\/staging.registrarcorp.com\/pt-br\/wp-json\/wp\/v2\/pages\/12810"}],"wp:attachment":[{"href":"https:\/\/staging.registrarcorp.com\/pt-br\/wp-json\/wp\/v2\/media?parent=12680"}],"curies":[{"name":"wp","href":"https:\/\/api.w.org\/{rel}","templated":true}]}}