{"id":12532,"date":"2023-06-30T11:43:08","date_gmt":"2023-06-30T11:43:08","guid":{"rendered":"https:\/\/staging.registrarcorp.com\/food-safety-plans\/"},"modified":"2025-12-02T16:21:20","modified_gmt":"2025-12-02T16:21:20","slug":"food-safety-plans","status":"publish","type":"page","link":"https:\/\/staging.registrarcorp.com\/pt-br\/services\/food-safety\/food-safety-plans\/","title":{"rendered":"Planos de seguran\u00e7a alimentar (HACCP)"},"content":{"rendered":"<div class=\"wpb-content-wrapper\">[vc_row full_width=&#8221;stretch_row&#8221; css=&#8221;.vc_custom_1764688149021{background-color: #ffffff !important;}&#8221; el_class=&#8221;vertical-text-align headerTitle-top-padding hero-section&#8221; el_id=&#8221;hero-section&#8221;][vc_column width=&#8221;1\/2&#8243; el_class=&#8221;col-txt-center&#8221;][vc_column_text]\n<h1><strong>Planos de <span style=\"color: #003873;\">seguran\u00e7a alimentar em conformidade<\/span> <span style=\"color: #0081ff;\">com a Registrar Corp.<\/span><\/strong><\/h1>\n[\/vc_column_text][vc_column_text fnt_family=&#8221;Montserrat&#8221; fnt_size=&#8221;24px&#8221;]Mantenha seus neg\u00f3cios funcionando sem problemas e sua cadeia de suprimentos saud\u00e1vel, atendendo \u00e0s regulamenta\u00e7\u00f5es da Lei de Moderniza\u00e7\u00e3o da Seguran\u00e7a Alimentar (FSMA). Nossa equipe qualificada e d\u00e9cadas de conhecimento regulat\u00f3rio do setor podem ajud\u00e1-lo a desenvolver um plano de seguran\u00e7a alimentar para seus produtos.[\/vc_column_text][vc_btn title=&#8221;Crie seu plano de seguran\u00e7a alimentar&#8221; style=&#8221;flat&#8221; shape=&#8221;square&#8221; color=&#8221;blue&#8221; size=&#8221;lg&#8221; align=&#8221;left&#8221; i_align=&#8221;right&#8221; i_icon_fontawesome=&#8221;fas fa-arrow-right&#8221; css=&#8221;.vc_custom_1689374915778{padding-top: 20px !important;}&#8221; add_icon=&#8221;true&#8221; el_class=&#8221;primary-btn&#8221; link=&#8221;url:%23formSe%C3%A7%C3%A3o|&#8221;][\/vc_column][vc_column width=&#8221;1\/2&#8243;][vc_single_image image=&#8221;6436&#8243; img_size=&#8221;552&#215;558&#8243; alignment=&#8221;right&#8221; css=&#8221;.vc_custom_1688127979411{padding-top: 85px !important;}&#8221;][\/vc_column][\/vc_row][vc_row full_width=&#8221;stretch_row&#8221; css=&#8221;.vc_custom_1688801112268{padding-top: 30px !important;padding-bottom: 50px !important;background-color: #eeefef !important;}&#8221;][vc_column width=&#8221;1\/3&#8243; css=&#8221;.vc_custom_1688131600743{margin-top: 25px !important;}&#8221;][vc_single_image image=&#8221;6452&#8243; img_size=&#8221;large&#8221;][\/vc_column][vc_column width=&#8221;2\/3&#8243; css=&#8221;.vc_custom_1688131811791{padding-left: 45px !important;}&#8221;][vc_column_text css=&#8221;.vc_custom_1701197050767{padding-top: 35px !important;}&#8221; fnt_family=&#8221;Montserrat&#8221; fnt_size=&#8221;38px&#8221;]<img decoding=\"async\" class=\"size-full wp-image-6582 alignleft\" style=\"margin-right: 5px; margin-top: 7px; margin-left: -55px;\" src=\"https:\/\/staging.registrarcorp.com\/wp-content\/uploads\/2023\/07\/import-export_Secured-1.png\" width=\"50\" height=\"50\" alt=\"\"><\/p>\n<p style=\"font-weight: bold;\">Planos de seguran\u00e7a alimentar<\/p>\n[\/vc_column_text][vc_column_text fnt_family=&#8221;Montserrat&#8221; fnt_size=&#8221;18px&#8221;]A regra de controles preventivos exige que os fabricantes de alimentos identifiquem e minimizem os riscos \u00e0 seguran\u00e7a alimentar, implementem e monitorem medidas de controle, conduzam atividades de verifica\u00e7\u00e3o e tomem a\u00e7\u00f5es corretivas quando ocorrerem desvios ou problemas. Um plano de seguran\u00e7a de alimentos deve incluir um plano de recall quando perigos significativos forem identificados.<\/p>\n<ul>\n<li>A Food and Drug Administration (FDA) dos EUA exige que a maioria das instala\u00e7\u00f5es de alimentos registradas crie e implemente planos de seguran\u00e7a alimentar<\/li>\n<li>Esses planos devem seguir os requisitos regulat\u00f3rios de controles preventivos da FDA:\n<ul>\n<li>Outros sistemas de seguran\u00e7a de alimentos, como planos de an\u00e1lise de perigos e pontos de controle cr\u00edticos (HACCP), podem n\u00e3o atender aos requisitos de controles preventivos<\/li>\n<\/ul>\n<\/li>\n<li>Os planos de seguran\u00e7a alimentar devem ser escritos, implementados e supervisionados por um indiv\u00edduo qualificado para controles preventivos (Preventive Controls Qualified Individual, PCQI)<\/li>\n<li>Certos alimentos processados para consumo nos EUA sem um plano de seguran\u00e7a alimentar podem ser considerados n\u00e3o conformes<\/li>\n<\/ul>\n[\/vc_column_text][\/vc_column][\/vc_row][vc_row full_width=&#8221;stretch_row&#8221; css=&#8221;.vc_custom_1688376235219{background-color: #ffffff !important;}&#8221;][vc_column][vc_column_text fnt_family=&#8221;Montserrat&#8221; fnt_size=&#8221;36px&#8221;]<img decoding=\"async\" class=\"size-full wp-image-6461 alignleft\" style=\"margin-right: 10px;\" src=\"https:\/\/staging.registrarcorp.com\/wp-content\/uploads\/2023\/07\/food_bev_food.png\" alt=\"\" width=\"50\" height=\"50\" srcset=\"https:\/\/staging.registrarcorp.com\/wp-content\/uploads\/2023\/07\/food_bev_food.png 50w, https:\/\/staging.registrarcorp.com\/wp-content\/uploads\/2023\/07\/food_bev_food-150x150.png 150w, https:\/\/staging.registrarcorp.com\/wp-content\/uploads\/2023\/07\/food_bev_food-600x600.png 600w\" sizes=\"(max-width: 50px) 100vw, 50px\" \/><\/p>\n<p style=\"font-weight: bold;\">Componentes do plano de seguran\u00e7a alimentar<\/p>\n[\/vc_column_text][\/vc_column][\/vc_row][vc_row full_width=&#8221;stretch_row&#8221; css=&#8221;.vc_custom_1688376377826{background-color: #ffffff !important;}&#8221;][vc_column width=&#8221;1\/2&#8243; css=&#8221;.vc_custom_1688376432326{padding-top: 0px !important;}&#8221;][vc_column_text]<img decoding=\"async\" class=\"alignleft wp-image-6525\" style=\"margin: -4px 10px;\" src=\"https:\/\/staging.registrarcorp.com\/wp-content\/uploads\/2023\/07\/food-safety-plans-1.png\" alt=\"\" width=\"30\" height=\"30\" srcset=\"https:\/\/staging.registrarcorp.com\/wp-content\/uploads\/2023\/07\/food-safety-plans-1.png 60w, https:\/\/staging.registrarcorp.com\/wp-content\/uploads\/2023\/07\/food-safety-plans-1-150x150.png 150w, https:\/\/staging.registrarcorp.com\/wp-content\/uploads\/2023\/07\/food-safety-plans-1-600x600.png 600w\" sizes=\"(max-width: 30px) 100vw, 30px\" \/><\/p>\n<p style=\"font-weight: bold;\">An\u00e1lise de perigos<\/p>\n<ul class=\"safety-ul\">\n<li>Processo de coleta e avalia\u00e7\u00e3o de informa\u00e7\u00f5es sobre perigos e suas condi\u00e7\u00f5es para decidir como eles podem ser abordados por meio de controles preventivos.<\/li>\n<li>As instala\u00e7\u00f5es tamb\u00e9m devem considerar os perigos que podem ser introduzidos intencionalmente para ganho econ\u00f4mico.<\/li>\n<\/ul>\n[\/vc_column_text][\/vc_column][vc_column width=&#8221;1\/2&#8243; css=&#8221;.vc_custom_1688376438008{padding-top: 0px !important;}&#8221;][vc_column_text]<img decoding=\"async\" class=\"alignleft wp-image-6525\" style=\"margin: -4px 10px;\" src=\"https:\/\/staging.registrarcorp.com\/wp-content\/uploads\/2023\/07\/food-safety-plans-2.png\" alt=\"\" width=\"30\" height=\"30\"><\/p>\n<p style=\"font-weight: bold;\">Controles preventivos<\/p>\n<ul class=\"safety-ul\">\n<li>Procedimentos, pr\u00e1ticas e processos baseados em risco que qualquer pessoa qualificada para fabricar, processar, embalar ou manter produtos aliment\u00edcios com seguran\u00e7a empregaria para minimizar ou prevenir poss\u00edveis perigos identificados com base em uma an\u00e1lise de perigo atualizada.<\/li>\n<\/ul>\n[\/vc_column_text][\/vc_column][\/vc_row][vc_row full_width=&#8221;stretch_row&#8221; css=&#8221;.vc_custom_1688376377826{background-color: #ffffff !important;}&#8221;][vc_column width=&#8221;1\/2&#8243;][vc_column_text]<img decoding=\"async\" class=\"alignleft wp-image-6525\" style=\"margin: -4px 10px;\" src=\"https:\/\/staging.registrarcorp.com\/wp-content\/uploads\/2023\/07\/food-safety-plans-3.png\" alt=\"\" width=\"30\" height=\"30\"><\/p>\n<p style=\"font-weight: bold;\">Programa de cadeia de suprimentos<\/p>\n<ul class=\"safety-ul\">\n<li>Procedimentos para avaliar fornecedores, usar fornecedores aprovados e determinar e conduzir a verifica\u00e7\u00e3o de fornecedores. Programas de cadeia de suprimentos s\u00e3o necess\u00e1rios quando h\u00e1 perigos significativos controlados pelos fornecedores antes que os produtos cheguem \u00e0s instala\u00e7\u00f5es de um fabricante ou processador.<\/li>\n<li>Os fabricantes n\u00e3o precisam de um programa de cadeia de suprimentos para os perigos que controlam na instala\u00e7\u00e3o, mesmo que o fornecedor tenha aplicado um controle.<\/li>\n<\/ul>\n[\/vc_column_text][\/vc_column][vc_column width=&#8221;1\/2&#8243;][vc_column_text]<img decoding=\"async\" class=\"alignleft wp-image-6525\" style=\"margin: -4px 10px;\" src=\"https:\/\/staging.registrarcorp.com\/wp-content\/uploads\/2023\/07\/food-safety-plans-4.png\" alt=\"\" width=\"30\" height=\"30\"><\/p>\n<p style=\"font-weight: bold;\">Plano de recall<\/p>\n<ul class=\"safety-ul\">\n<li>Planejar o estabelecimento de procedimentos para notificar as partes apropriadas sobre um recall, conduzir verifica\u00e7\u00f5es de efic\u00e1cia para verificar a implementa\u00e7\u00e3o do recall e descartar produtos sob recall.<\/li>\n<li>Uma instala\u00e7\u00e3o deve desenvolver um plano de recall se identificar um perigo que exija um controle preventivo.<\/li>\n<\/ul>\n[\/vc_column_text][\/vc_column][\/vc_row][vc_row full_width=&#8221;stretch_row&#8221; css=&#8221;.vc_custom_1688376377826{background-color: #ffffff !important;}&#8221;][vc_column width=&#8221;1\/2&#8243;][vc_column_text]<img decoding=\"async\" class=\"alignleft wp-image-6525\" style=\"margin: -4px 10px;\" src=\"https:\/\/staging.registrarcorp.com\/wp-content\/uploads\/2023\/07\/food-safety-plans-5.png\" alt=\"\" width=\"30\" height=\"30\"><\/p>\n<p style=\"font-weight: bold;\">Monitoramento<\/p>\n<ul class=\"safety-ul\">\n<li>Procedimentos escritos para conduzir verifica\u00e7\u00f5es em cada etapa de controle preventivo para garantir que os par\u00e2metros ou limites estabelecidos para reduzir, minimizar ou eliminar um perigo significativo tenham sido alcan\u00e7ados.<\/li>\n<\/ul>\n[\/vc_column_text][\/vc_column][vc_column width=&#8221;1\/2&#8243;][vc_column_text]<img decoding=\"async\" class=\"alignleft wp-image-6525\" style=\"margin: -4px 10px;\" src=\"https:\/\/staging.registrarcorp.com\/wp-content\/uploads\/2023\/07\/food-safety-plans-6.png\" alt=\"\" width=\"30\" height=\"30\"><\/p>\n<p style=\"font-weight: bold;\">A\u00e7\u00e3o corretiva<\/p>\n<ul class=\"safety-ul\">\n<li>Procedimentos escritos para as etapas que os indiv\u00edduos respons\u00e1veis devem seguir quando um par\u00e2metro ou limite de controle preventivo n\u00e3o tiver sido alcan\u00e7ado ou um problema de seguran\u00e7a alimentar for descoberto.<\/li>\n<\/ul>\n[\/vc_column_text][\/vc_column][\/vc_row][vc_row full_width=&#8221;stretch_row&#8221; css=&#8221;.vc_custom_1688376377826{background-color: #ffffff !important;}&#8221;][vc_column width=&#8221;1\/2&#8243;][vc_column_text]<img decoding=\"async\" class=\"alignleft wp-image-6525\" style=\"margin: -4px 10px;\" src=\"https:\/\/staging.registrarcorp.com\/wp-content\/uploads\/2023\/07\/food-safety-plans-7.png\" alt=\"\" width=\"30\" height=\"30\"><\/p>\n<p style=\"font-weight: bold;\">Verifica\u00e7\u00e3o<\/p>\n<ul class=\"safety-ul\">\n<li>Procedimentos e atividades por escrito para verificar se as medidas de controle aplicadas efetivamente controlaram os perigos no alimento.<\/li>\n<li>A verifica\u00e7\u00e3o mais comum \u00e9 a amostragem e o teste dos alimentos.<\/li>\n<\/ul>\n[\/vc_column_text][\/vc_column][vc_column width=&#8221;1\/2&#8243;][vc_column_text]<img decoding=\"async\" class=\"alignleft wp-image-6525\" style=\"margin: -4px 10px;\" src=\"https:\/\/staging.registrarcorp.com\/wp-content\/uploads\/2023\/07\/food-safety-plans-8.png\" alt=\"\" width=\"30\" height=\"30\"><\/p>\n<p style=\"font-weight: bold;\">Valida\u00e7\u00e3o<\/p>\n<ul class=\"safety-ul\">\n<li>Obter e avaliar evid\u00eancias de que medidas de controle ou todo o plano de seguran\u00e7a alimentar podem controlar efetivamente os perigos identificados.<\/li>\n<li>A valida\u00e7\u00e3o n\u00e3o \u00e9 necess\u00e1ria para todos os controles preventivos (por exemplo, controles de saneamento).<\/li>\n<\/ul>\n[\/vc_column_text][\/vc_column][\/vc_row][vc_row full_width=&#8221;stretch_row&#8221; css=&#8221;.vc_custom_1688376377826{background-color: #ffffff !important;}&#8221;][vc_column width=&#8221;1\/2&#8243;][vc_column_text]<img decoding=\"async\" class=\"alignleft wp-image-6525\" style=\"margin: -4px 10px;\" src=\"https:\/\/staging.registrarcorp.com\/wp-content\/uploads\/2023\/07\/food-safety-plans-9.png\" alt=\"\" width=\"30\" height=\"30\"><\/p>\n<p style=\"font-weight: bold;\">Manuten\u00e7\u00e3o de registros<\/p>\n<ul class=\"safety-ul\">\n<li>O propriet\u00e1rio, operador ou agente respons\u00e1vel deve aprovar (assinar e datar) o plano de seguran\u00e7a de alimentos ap\u00f3s a conclus\u00e3o ou quando houver qualquer modifica\u00e7\u00e3o.<\/li>\n<li>A documenta\u00e7\u00e3o e quaisquer registros associados aos componentes do plano de seguran\u00e7a de alimentos devem ser mantidos.<\/li>\n<li>A FDA exige que todos os registros relacionados sejam mantidos por no m\u00ednimo dois anos.<\/li>\n<\/ul>\n[\/vc_column_text][\/vc_column][vc_column width=&#8221;1\/2&#8243;][\/vc_column][\/vc_row][vc_row full_width=&#8221;stretch_row&#8221; css=&#8221;.vc_custom_1688377561744{padding-bottom: 50px !important;background-color: #ffffff !important;}&#8221;][vc_column width=&#8221;1\/4&#8243;][\/vc_column][vc_column width=&#8221;1\/2&#8243;][vc_column_text fnt_family=&#8221;Montserrat&#8221; fnt_size=&#8221;18px&#8221;]\n<p style=\"text-align: center;\">Cumprir os padr\u00f5es de seguran\u00e7a alimentar da FDA pode ser desafiador, mas a Registrar Corp est\u00e1 aqui para ajudar. Nossa equipe de PCQIs de seguran\u00e7a alimentar trabalha com voc\u00ea para desenvolver planos abrangentes de seguran\u00e7a alimentar que atendam \u00e0s regulamenta\u00e7\u00f5es atuais da FDA dos EUA e ajudem voc\u00ea a alcan\u00e7ar a conformidade.<\/p>\n[\/vc_column_text][vc_btn title=&#8221;Comece j\u00e1&#8221; style=&#8221;flat&#8221; shape=&#8221;square&#8221; color=&#8221;blue&#8221; size=&#8221;lg&#8221; align=&#8221;center&#8221; i_align=&#8221;right&#8221; i_icon_fontawesome=&#8221;fas fa-arrow-right&#8221; css=&#8221;.vc_custom_1689374899490{padding-top: 20px !important;}&#8221; add_icon=&#8221;true&#8221; el_class=&#8221;primary-btn&#8221; link=&#8221;url:%23formSe%C3%A7%C3%A3o|&#8221;][\/vc_column][vc_column width=&#8221;1\/4&#8243;][\/vc_column][\/vc_row][vc_row full_width=&#8221;stretch_row&#8221; css=&#8221;.vc_custom_1688130913150{padding-top: 50px !important;padding-bottom: 50px !important;background-color: #003873 !important;}&#8221;][vc_column width=&#8221;1\/3&#8243;][vc_single_image image=&#8221;6444&#8243; img_size=&#8221;464&#215;502&#8243; alignment=&#8221;center&#8221; css=&#8221;.vc_custom_1688130687072{margin-top: 12px !important;}&#8221;][\/vc_column][vc_column width=&#8221;2\/3&#8243; css=&#8221;.vc_custom_1688131051343{padding-left: 45px !important;}&#8221;][vc_custom_heading text=&#8221;Facilitamos a conformidade com a seguran\u00e7a alimentar.&#8221; font_container=&#8221;tag:h2|font_size:38px|text_align:left|color:%23ffffff&#8221; google_fonts=&#8221;font_family:Montserrat%3Aregular%2C700|font_style:700%20bold%20regular%3A700%3Anormal&#8221;][vc_column_text fnt_family=&#8221;Montserrat&#8221; fnt_size=&#8221;24px&#8221;]\n<p style=\"color: #ffffff;\">Nossos servi\u00e7os do plano de seguran\u00e7a alimentar incluem:<\/p>\n<ul class=\"blue-bg\">\n<li>Uma revis\u00e3o de seu(s) plano(s) atual(s) de seguran\u00e7a de alimentos ou APPCC<\/li>\n<li>Um plano de seguran\u00e7a alimentar para o produto(s) estabelecido<\/li>\n<li>Assist\u00eancia especializada individualizada do especialista em seguran\u00e7a de alimentos qualificado designado a voc\u00ea<\/li>\n<li>Um segundo per\u00edodo de revis\u00e3o de 30 dias para fazer perguntas e conduzir uma revis\u00e3o adicional do plano elaborado para incorporar corre\u00e7\u00f5es ou altera\u00e7\u00f5es<\/li>\n<\/ul>\n[\/vc_column_text][vc_btn title=&#8221;Obtenha seu plano de seguran\u00e7a alimentar&#8221; style=&#8221;flat&#8221; shape=&#8221;square&#8221; color=&#8221;blue&#8221; size=&#8221;lg&#8221; align=&#8221;left&#8221; i_align=&#8221;right&#8221; i_icon_fontawesome=&#8221;fas fa-arrow-right&#8221; add_icon=&#8221;true&#8221; el_class=&#8221;primary-btn-white&#8221; link=&#8221;url:%23formSe%C3%A7%C3%A3o|&#8221;][\/vc_column][\/vc_row][vc_section el_id=&#8221;formSection&#8221; css=&#8221;.vc_custom_1727968754506{padding-top: 60px !important;}&#8221; el_class=&#8221;faq-accordion-section&#8221;][vc_row full_width=&#8221;stretch_row&#8221; css=&#8221;.vc_custom_1704458393944{padding-bottom: 50px !important;background-color: #eceff1 !important;}&#8221;][vc_column][vc_row_inner][vc_column_inner width=&#8221;1\/2&#8243;][vc_custom_heading text=&#8221;A Registrar Corp auxilia os profissionais de seguran\u00e7a alimentar de forma r\u00e1pida e eficiente com a conformidade com a FDA.&#8221; font_container=&#8221;tag:h2|font_size:56px|text_align:left|color:%23003873|line_height:66px&#8221; google_fonts=&#8221;font_family:Montserrat%3Aregular%2C700|font_style:700%20bold%20regular%3A700%3Anormal&#8221;][vc_column_text fnt_family=&#8221;Montserrat&#8221; fnt_size=&#8221;24px&#8221;][\/vc_column_text][\/vc_column_inner][vc_column_inner width=&#8221;1\/2&#8243;][vc_raw_html]W2dyYXZpdHlmb3JtIGlkPSI4MyIgdGl0bGU9ImZhbHNvIiBkZXNjcmlwdGlvbj0iZmFsc2UiXQ==[\/vc_raw_html][\/vc_column_inner][\/vc_row_inner][vc_single_image image=&#8221;3265&#8243; img_size=&#8221;medium&#8221; alignment=&#8221;right&#8221; css=&#8221;.vc_custom_1700033108457{margin-bottom: -105px !important;}&#8221; el_class=&#8221;hide-row&#8221;][vc_custom_heading text=&#8221;Perguntas frequentes&#8221; font_container=&#8221;tag:h2|font_size:38px|text_align:left|color:%23003873&#8243; google_fonts=&#8221;font_family:Montserrat%3Aregular%2C700|font_style:700%20bold%20regular%3A700%3Anormal&#8221; css=&#8221;.vc_custom_1700033141188{border-bottom-width: 0.5px !important;padding-top: 50px !important;padding-bottom: 20px !important;border-bottom-color: #000000 !important;border-bottom-style: solid !important;}&#8221;][vc_tta_accordion style=&#8221;flat&#8221; shape=&#8221;square&#8221; c_icon=&#8221;chevron&#8221; active_section=&#8221;1&#8243; no_fill=&#8221;true&#8221; collapsible_all=&#8221;true&#8221;][vc_tta_section title=&#8221;Qual \u00e9 a diferen\u00e7a entre os planos de seguran\u00e7a alimentar e os planos APPCC?&#8221; tab_id=&#8221;faq1&#8243; el_class=&#8221;prior-faq-sec&#8221;][vc_column_text]Al\u00e9m dos perigos biol\u00f3gicos, qu\u00edmicos e f\u00edsicos frequentemente identificados nos planos APPCC, os planos de seguran\u00e7a alimentar tamb\u00e9m devem considerar:<\/p>\n<ul>\n<li>Perigos radiol\u00f3gicos<\/li>\n<li>Al\u00e9rgenos<\/li>\n<li>Perigos que exigem controles da cadeia de suprimentos<\/li>\n<li>Perigos introduzidos para ganho econ\u00f4mico<\/li>\n<\/ul>\n<p>Embora os planos APPCC possam aplicar controles de processo em pontos cr\u00edticos de controle, um plano de seguran\u00e7a alimentar tamb\u00e9m pode ser aplicado:<\/p>\n<ul>\n<li>Controles de al\u00e9rgenos<\/li>\n<li>Controles de saneamento<\/li>\n<li>Controles da cadeia de suprimentos<\/li>\n<li>Outros controles preventivos<\/li>\n<\/ul>\n<p>Um plano de seguran\u00e7a alimentar, conforme exigido pela regra de controles preventivos, tamb\u00e9m introduz componentes n\u00e3o abordados pelo APPCC. Em seus planos de seguran\u00e7a alimentar, a maioria das instala\u00e7\u00f5es deve estabelecer:<\/p>\n<ul>\n<li>Um plano de recall<\/li>\n<li>Um programa de cadeia de suprimentos<\/li>\n<\/ul>\n[\/vc_column_text][\/vc_tta_section][\/vc_tta_accordion][\/vc_column][\/vc_row][\/vc_section]\n<\/div>","protected":false},"excerpt":{"rendered":"<p>[vc_row full_width=&#8221;stretch_row&#8221; css=&#8221;.vc_custom_1764688149021{background-color: #ffffff !important;}&#8221; el_class=&#8221;vertical-text-align headerTitle-top-padding hero-section&#8221; el_id=&#8221;hero-section&#8221;][vc_column width=&#8221;1\/2&#8243; el_class=&#8221;col-txt-center&#8221;][vc_column_text] Planos de seguran\u00e7a alimentar em conformidade com a Registrar Corp. [\/vc_column_text][vc_column_text fnt_family=&#8221;Montserrat&#8221; fnt_size=&#8221;24px&#8221;]Mantenha seus neg\u00f3cios funcionando sem problemas e sua cadeia de suprimentos saud\u00e1vel, atendendo \u00e0s regulamenta\u00e7\u00f5es da Lei de Moderniza\u00e7\u00e3o da Seguran\u00e7a Alimentar (FSMA). Nossa equipe qualificada e d\u00e9cadas de conhecimento regulat\u00f3rio do<\/p>\n","protected":false},"author":33,"featured_media":0,"parent":13758,"menu_order":0,"comment_status":"closed","ping_status":"closed","template":"page-templates\/page-sidebar-none.php","meta":{"_acf_changed":false,"content-type":"","footnotes":""},"class_list":["post-12532","page","type-page","status-publish","hentry"],"acf":[],"_links":{"self":[{"href":"https:\/\/staging.registrarcorp.com\/pt-br\/wp-json\/wp\/v2\/pages\/12532","targetHints":{"allow":["GET"]}}],"collection":[{"href":"https:\/\/staging.registrarcorp.com\/pt-br\/wp-json\/wp\/v2\/pages"}],"about":[{"href":"https:\/\/staging.registrarcorp.com\/pt-br\/wp-json\/wp\/v2\/types\/page"}],"author":[{"embeddable":true,"href":"https:\/\/staging.registrarcorp.com\/pt-br\/wp-json\/wp\/v2\/users\/33"}],"replies":[{"embeddable":true,"href":"https:\/\/staging.registrarcorp.com\/pt-br\/wp-json\/wp\/v2\/comments?post=12532"}],"version-history":[{"count":0,"href":"https:\/\/staging.registrarcorp.com\/pt-br\/wp-json\/wp\/v2\/pages\/12532\/revisions"}],"up":[{"embeddable":true,"href":"https:\/\/staging.registrarcorp.com\/pt-br\/wp-json\/wp\/v2\/pages\/13758"}],"wp:attachment":[{"href":"https:\/\/staging.registrarcorp.com\/pt-br\/wp-json\/wp\/v2\/media?parent=12532"}],"curies":[{"name":"wp","href":"https:\/\/api.w.org\/{rel}","templated":true}]}}