{"id":12218,"date":"2023-07-06T07:20:12","date_gmt":"2023-07-06T07:20:12","guid":{"rendered":"https:\/\/staging.registrarcorp.com\/california\/"},"modified":"2025-06-05T20:23:06","modified_gmt":"2025-06-05T20:23:06","slug":"california","status":"publish","type":"page","link":"https:\/\/staging.registrarcorp.com\/pt-br\/services\/label-ingredients-review\/california\/","title":{"rendered":"Calif\u00f3rnia"},"content":{"rendered":"<div class=\"wpb-content-wrapper\">[vc_section full_width=&#8221;stretch_row&#8221; el_class=&#8221;banner-section&#8221; css=&#8221;.vc_custom_1688716788560{padding-top: 60px !important;padding-bottom: 40px !important;background-color: #ffffff !important;}&#8221;][vc_row full_width=&#8221;stretch_row&#8221; css=&#8221;.vc_custom_1726759168120{background-color: #ffffff !important;}&#8221; el_class=&#8221;topContainer row-wdith hero-section&#8221; el_id=&#8221;headerRow&#8221;][vc_column width=&#8221;1\/2&#8243; css=&#8221;.vc_custom_1688728430635{margin-top: 40px !important;}&#8221;][vc_column_text css=&#8221;&#8221; fnt_family=&#8221;Montserrat&#8221; fnt_size=&#8221;46px&#8221; fnt_family_h1=&#8221;Montserrat&#8221; fnt_size_h1=&#8221;46&#8243;]\n<h1 style=\"font-weight: bold;\"><strong><span style=\"color: #003873;\">Conformidade com<\/span><\/strong><strong><span style=\"color: #0081ff;\"> Lei de Cosm\u00e9ticos Seguros da Calif\u00f3rnia (SB 484)<\/span><\/strong><\/h1>\n[\/vc_column_text][vc_column_text fnt_family=&#8221;Montserrat&#8221; fnt_size=&#8221;18px&#8221;]Com mais de 900 ingredientes considerados pela Lei de <a href=\"https:\/\/www.cdph.ca.gov\/Programs\/CCDPHP\/DEODC\/OHB\/CSCP\/Pages\/CSCP.aspx\" target=\"_blank\" rel=\"noopener\">Cosm\u00e9ticos Seguros da Calif\u00f3rnia<\/a> de 2005 como sendo conhecidos ou suspeitos de causar danos aos consumidores, vender produtos cosm\u00e9ticos no estado mais populoso e consciente da sa\u00fade est\u00e1 mais dif\u00edcil do que nunca.<\/p>\n<p>N\u00e3o deixe que sua empresa sofra de exig\u00eancias complicadas de relat\u00f3rios que exigem que voc\u00ea pesquise a exaustiva lista de ingredientes SB 484 para manter a conformidade.<\/p>\n<p>Concentre seu tempo e recursos no desenvolvimento de mais produtos para consumidores dos EUA e aproveite os servi\u00e7os especializados de revis\u00e3o de ingredientes e gera\u00e7\u00e3o de relat\u00f3rios da Registrar Corp para navegar por esse processo com facilidade.<\/p>\n<p>Nossa equipe de especialistas regulat\u00f3rios determinar\u00e1 quais ingredientes dos seus produtos est\u00e3o na lista da Calif\u00f3rnia e os informar\u00e1 em seu nome.[\/vc_column_text][vc_btn title=&#8221;Revisar Meus ingredientes&#8221; color=&#8221;sky&#8221; i_align=&#8221;right&#8221; i_icon_fontawesome=&#8221;fas fa-arrow-right&#8221; add_icon=&#8221;true&#8221; el_class=&#8221;primary-btn&#8221; link=&#8221;url:%23formSection|&#8221;][\/vc_column][vc_column width=&#8221;1\/2&#8243; el_class=&#8221;container-right&#8221;][vc_single_image image=&#8221;6972&#8243; img_size=&#8221;588&#215;605&#8243; alignment=&#8221;right&#8221;][\/vc_column][\/vc_row][\/vc_section][vc_section][vc_row full_width=&#8221;stretch_row&#8221; css=&#8221;.vc_custom_1688716915841{padding-top: 30px !important;padding-bottom: 30px !important;background-color: #eeefef !important;}&#8221;][vc_column width=&#8221;1\/2&#8243;][vc_single_image image=&#8221;6980&#8243; img_size=&#8221;480&#215;441&#8243;][\/vc_column][vc_column width=&#8221;1\/2&#8243;][vc_custom_heading text=&#8221;O que \u00e9 a Lei de Cosm\u00e9ticos Seguros da Calif\u00f3rnia?&#8221; font_container=&#8221;tag:h2|font_size:40px|text_align:left|color:%23003873|line_height:50px&#8221; google_fonts=&#8221;font_family:Montserrat%3Aregular%2C700|font_style:700%20bold%20regular%3A700%3Anormal&#8221;][vc_column_text fnt_family=&#8221;Montserrat&#8221; fnt_size=&#8221;18px&#8221;]Muitos cosm\u00e9ticos cont\u00eam subst\u00e2ncias qu\u00edmicas conhecidas ou suspeitas de aumentarem o dano reprodutivo, defeitos cong\u00eanitos e levarem a v\u00e1rias formas de c\u00e2ncer e outros eventos adversos \u00e0 sa\u00fade. A Lei de Cosm\u00e9ticos Seguros da Calif\u00f3rnia (Lei do Senado 484) foi estabelecida para coletar informa\u00e7\u00f5es sobre esses produtos. Esta Lei exige que as informa\u00e7\u00f5es sejam compartilhadas com o p\u00fablico e ajuda a proteger indiv\u00edduos com maior risco de exposi\u00e7\u00e3o por profiss\u00e3o.<\/p>\n<p>A lei consegue isso promulgando as seguintes exig\u00eancias para fabricantes de cosm\u00e9ticos que vendem seus produtos no estado da Calif\u00f3rnia:<\/p>\n<ul>\n<li>Eles devem divulgar ao estado quaisquer ingredientes identificados em listas de produtos qu\u00edmicos estaduais ou federais que sejam relatados como causadores de c\u00e2ncer ou defeitos cong\u00eanitos<\/li>\n<li>A rotulagem deve incluir todos os ingredientes encontrados nas listas acima<\/li>\n<li>Os relat\u00f3rios desses ingredientes cosm\u00e9ticos perigosos devem ser enviados ao Departamento de Servi\u00e7os de Sa\u00fade da Calif\u00f3rnia (DHS)<\/li>\n<\/ul>\n[\/vc_column_text][\/vc_column][\/vc_row][\/vc_section][vc_section][vc_row full_width=&#8221;stretch_row&#8221; css=&#8221;.vc_custom_1688716931274{padding-top: 30px !important;padding-bottom: 30px !important;background-color: #ffffff !important;}&#8221;][vc_column width=&#8221;1\/2&#8243;][vc_custom_heading text=&#8221;Quais s\u00e3o os ingredientes inclu\u00eddos no California SB 484?&#8221; font_container=&#8221;tag:h2|font_size:40px|text_align:left|color:%23003873|line_height:50px&#8221; google_fonts=&#8221;font_family:Montserrat%3Aregular%2C700|font_style:700%20bold%20regular%3A700%3Anormal&#8221;][vc_column_text fnt_family=&#8221;Montserrat&#8221; fnt_size=&#8221;18px&#8221;]<span style=\"color: #003873;\">A Lei de Cosm\u00e9ticos Seguros da Calif\u00f3rnia detalhou uma lista completa de mais de 900 ingredientes nocivos. Aqui est\u00e1 uma lista dos ingredientes mais comuns que devem ser relatados:<\/span><\/p>\n<ul>\n<li><span style=\"color: #003873;\">Anisol hidr\u00f3xi butilado (BHA)<\/span><\/li>\n<li><span style=\"color: #003873;\">Preto 2 ou Preto carbono<\/span><\/li>\n<li><span style=\"color: #003873;\">Cocamida DEA<\/span><\/li>\n<li><span style=\"color: #003873;\">Di\u00f3xido de tit\u00e2nio (quando transportado pelo ar)<\/span><\/li>\n<li><span style=\"color: #003873;\">\u00c9steres de retinol e retinil (como acetato e palmitato)<\/span><\/li>\n<li><span style=\"color: #003873;\">Talco (transportado pelo ar, como em p\u00f3s corporais)<\/span><\/li>\n<\/ul>\n[\/vc_column_text][\/vc_column][vc_column width=&#8221;1\/2&#8243;][vc_single_image image=&#8221;6996&#8243; img_size=&#8221;512&#215;402&#8243; alignment=&#8221;right&#8221;][\/vc_column][\/vc_row][\/vc_section][vc_section][vc_row content_placement=&#8221;middle&#8221; css=&#8221;.vc_custom_1688729760545{padding-top: 40px !important;padding-bottom: 20px !important;background-color: #eeefef !important;}&#8221; el_class=&#8221;max-width-800&#8243;][vc_column][vc_single_image image=&#8221;7004&#8243; img_size=&#8221;66&#215;66&#8243; alignment=&#8221;center&#8221;][vc_column_text fnt_family=&#8221;Montserrat&#8221; fnt_family_h2=&#8221;Montserrat&#8221; fnt_size_h2=&#8221;32px&#8221;]\n<h2 style=\"text-align: center;\"><span style=\"color: #003873;\"><strong>A lista completa de SB 484Ingredientes relat\u00e1veis<\/strong><\/span><\/h2>\n[\/vc_column_text][vc_column_text]\n<p style=\"text-align: center;\">A lista mais atualizada \u00e9 do Programa de Cosm\u00e9ticos Seguros da Calif\u00f3rnia. Voc\u00ea pode encontrar uma lista completa dos <a href=\"https:\/\/cscpsubmit.cdph.ca.gov\/submission\/assets\/files\/Reportable_Ingredients_List.xlsx\" target=\"_blank\" rel=\"noopener\">ingredientes cosm\u00e9ticos relat\u00e1veis<\/a> em CSCA e CFFRIKA na atualiza\u00e7\u00e3o de junho de 2023.<\/p>\n[\/vc_column_text][\/vc_column][\/vc_row][\/vc_section][vc_section][vc_row full_width=&#8221;stretch_row&#8221; css=&#8221;.vc_custom_1689375475989{padding-top: 40px !important;padding-bottom: 40px !important;background-color: #cde8fa !important;}&#8221; el_id=&#8221;formSection&#8221;][vc_column width=&#8221;1\/2&#8243;][vc_custom_heading text=&#8221;A vantagem da Registrar Corp&#8221; font_container=&#8221;tag:h2|font_size:56px|text_align:left|color:%23003873|line_height:66px&#8221; google_fonts=&#8221;font_family:Montserrat%3Aregular%2C700|font_style:700%20bold%20regular%3A700%3Anormal&#8221;][vc_column_text fnt_family=&#8221;Montserrat&#8221;]Como l\u00edder global em regulamentos de cosm\u00e9ticos dos EUA, os servi\u00e7os especializados de revis\u00e3o e gera\u00e7\u00e3o de relat\u00f3rios de ingredientes da Registrar Corp liberam voc\u00ea de tarefas tediosas de conformidade. Ajudamos voc\u00ea a se concentrar nas iniciativas que mais importam para o seu neg\u00f3cio: criar produtos de qualidade que os consumidores v\u00e3o adorar.<\/p>\n<p>Basta preencher o formul\u00e1rio e ficar tranquilo sabendo que seus r\u00f3tulos e relat\u00f3rios est\u00e3o em conformidade com os padr\u00f5es atuais da Lei de Cosm\u00e9ticos Seguros da Calif\u00f3rnia.[\/vc_column_text][\/vc_column][vc_column width=&#8221;1\/2&#8243;][vc_raw_html]W2dyYXZpdHlmb3JtIGlkPSI2MCIgdGl0bGU9ImZhbHNvIiBkZXNjcmlwdGlvbj0iZmFsc2UiXQ==[\/vc_raw_html][\/vc_column][\/vc_row][\/vc_section]\n<\/div>","protected":false},"excerpt":{"rendered":"<p>[vc_section full_width=&#8221;stretch_row&#8221; el_class=&#8221;banner-section&#8221; css=&#8221;.vc_custom_1688716788560{padding-top: 60px !important;padding-bottom: 40px !important;background-color: #ffffff !important;}&#8221;][vc_row full_width=&#8221;stretch_row&#8221; css=&#8221;.vc_custom_1726759168120{background-color: #ffffff !important;}&#8221; el_class=&#8221;topContainer row-wdith hero-section&#8221; el_id=&#8221;headerRow&#8221;][vc_column width=&#8221;1\/2&#8243; css=&#8221;.vc_custom_1688728430635{margin-top: 40px !important;}&#8221;][vc_column_text css=&#8221;&#8221; fnt_family=&#8221;Montserrat&#8221; fnt_size=&#8221;46px&#8221; fnt_family_h1=&#8221;Montserrat&#8221; fnt_size_h1=&#8221;46&#8243;] Conformidade com Lei de Cosm\u00e9ticos Seguros da Calif\u00f3rnia (SB 484) [\/vc_column_text][vc_column_text fnt_family=&#8221;Montserrat&#8221; fnt_size=&#8221;18px&#8221;]Com mais de 900 ingredientes considerados pela Lei de Cosm\u00e9ticos Seguros da Calif\u00f3rnia de 2005 como<\/p>\n","protected":false},"author":33,"featured_media":0,"parent":13711,"menu_order":0,"comment_status":"closed","ping_status":"closed","template":"page-templates\/page-sidebar-none.php","meta":{"_acf_changed":false,"content-type":"","footnotes":""},"class_list":["post-12218","page","type-page","status-publish","hentry"],"acf":[],"_links":{"self":[{"href":"https:\/\/staging.registrarcorp.com\/pt-br\/wp-json\/wp\/v2\/pages\/12218","targetHints":{"allow":["GET"]}}],"collection":[{"href":"https:\/\/staging.registrarcorp.com\/pt-br\/wp-json\/wp\/v2\/pages"}],"about":[{"href":"https:\/\/staging.registrarcorp.com\/pt-br\/wp-json\/wp\/v2\/types\/page"}],"author":[{"embeddable":true,"href":"https:\/\/staging.registrarcorp.com\/pt-br\/wp-json\/wp\/v2\/users\/33"}],"replies":[{"embeddable":true,"href":"https:\/\/staging.registrarcorp.com\/pt-br\/wp-json\/wp\/v2\/comments?post=12218"}],"version-history":[{"count":0,"href":"https:\/\/staging.registrarcorp.com\/pt-br\/wp-json\/wp\/v2\/pages\/12218\/revisions"}],"up":[{"embeddable":true,"href":"https:\/\/staging.registrarcorp.com\/pt-br\/wp-json\/wp\/v2\/pages\/13711"}],"wp:attachment":[{"href":"https:\/\/staging.registrarcorp.com\/pt-br\/wp-json\/wp\/v2\/media?parent=12218"}],"curies":[{"name":"wp","href":"https:\/\/api.w.org\/{rel}","templated":true}]}}