{"id":22625,"date":"2023-07-24T12:34:49","date_gmt":"2023-07-24T12:34:49","guid":{"rendered":"https:\/\/staging.registrarcorp.com\/resources\/events\/"},"modified":"2026-04-03T12:55:36","modified_gmt":"2026-04-03T12:55:36","slug":"events","status":"publish","type":"page","link":"https:\/\/staging.registrarcorp.com\/it\/resources\/events\/","title":{"rendered":"Webinar ed eventi"},"content":{"rendered":"<div class=\"wpb-content-wrapper\">[vc_row full_width=&#8221;stretch_row&#8221; disable_element=&#8221;yes&#8221; el_id=&#8221;headerRow&#8221; el_class=&#8221;topContainer row-wdith vertical-text-align hero-section&#8221; css=&#8221;.vc_custom_1775219634336{padding-top: 50px !important;padding-bottom: 40px !important;background-color: #eeefef !important;}&#8221;][vc_column width=&#8221;1\/2&#8243; el_class=&#8221;col-txt-center&#8221;][vc_custom_heading text=&#8221;Unisciti a noi al nostro prossimo evento, online o di persona.&#8221; font_container=&#8221;tag:h1|font_size:46px|text_align:left|color:%23003873|line_height:56px&#8221; google_fonts=&#8221;font_family:Montserrat%3Aregular%2C700|font_style:700%20bold%20regular%3A700%3Anormal&#8221; css=&#8221;&#8221;][vc_column_text fnt_family=&#8221;Montserrat&#8221; fnt_size=&#8221;24px&#8221;]Registrar Corp ospita una variet\u00e0 di eventi in tutto il mondo. In qualit\u00e0 di leader globale nella conformit\u00e0 alle normative, offriamo informazioni aggiornate sul settore e best practice in pi\u00f9 lingue.[\/vc_column_text][vc_btn title=&#8221;Guarda il nostro programma di eventi&#8221; color=&#8221;sky&#8221; i_align=&#8221;right&#8221; i_icon_fontawesome=&#8221;fas fa-arrow-right&#8221; add_icon=&#8221;true&#8221; el_class=&#8221;primary-btn&#8221; link=&#8221;url:%23ebocchette-spettacolo|&#8221;][\/vc_column][vc_column width=&#8221;1\/2&#8243;][vc_single_image image=&#8221;11750&#8243; img_size=&#8221;full&#8221;][\/vc_column][\/vc_row]\n<\/div>","protected":false},"excerpt":{"rendered":"<p>[vc_row full_width=&#8221;stretch_row&#8221; disable_element=&#8221;yes&#8221; el_id=&#8221;headerRow&#8221; el_class=&#8221;topContainer row-wdith vertical-text-align hero-section&#8221; css=&#8221;.vc_custom_1775219634336{padding-top: 50px !important;padding-bottom: 40px !important;background-color: #eeefef !important;}&#8221;][vc_column width=&#8221;1\/2&#8243; el_class=&#8221;col-txt-center&#8221;][vc_custom_heading text=&#8221;Unisciti a noi al nostro prossimo evento, online o di persona.&#8221; font_container=&#8221;tag:h1|font_size:46px|text_align:left|color:%23003873|line_height:56px&#8221; google_fonts=&#8221;font_family:Montserrat%3Aregular%2C700|font_style:700%20bold%20regular%3A700%3Anormal&#8221; css=&#8221;&#8221;][vc_column_text fnt_family=&#8221;Montserrat&#8221; fnt_size=&#8221;24px&#8221;]Registrar Corp ospita una variet\u00e0 di eventi in tutto il mondo. In qualit\u00e0 di leader globale nella conformit\u00e0 alle normative, offriamo informazioni aggiornate<\/p>\n","protected":false},"author":33,"featured_media":0,"parent":47540,"menu_order":0,"comment_status":"closed","ping_status":"closed","template":"page-templates\/page-events.php","meta":{"_acf_changed":false,"content-type":"","footnotes":""},"class_list":["post-22625","page","type-page","status-publish","hentry"],"acf":[],"_links":{"self":[{"href":"https:\/\/staging.registrarcorp.com\/it\/wp-json\/wp\/v2\/pages\/22625","targetHints":{"allow":["GET"]}}],"collection":[{"href":"https:\/\/staging.registrarcorp.com\/it\/wp-json\/wp\/v2\/pages"}],"about":[{"href":"https:\/\/staging.registrarcorp.com\/it\/wp-json\/wp\/v2\/types\/page"}],"author":[{"embeddable":true,"href":"https:\/\/staging.registrarcorp.com\/it\/wp-json\/wp\/v2\/users\/33"}],"replies":[{"embeddable":true,"href":"https:\/\/staging.registrarcorp.com\/it\/wp-json\/wp\/v2\/comments?post=22625"}],"version-history":[{"count":0,"href":"https:\/\/staging.registrarcorp.com\/it\/wp-json\/wp\/v2\/pages\/22625\/revisions"}],"up":[{"embeddable":true,"href":"https:\/\/staging.registrarcorp.com\/it\/wp-json\/wp\/v2\/pages\/47540"}],"wp:attachment":[{"href":"https:\/\/staging.registrarcorp.com\/it\/wp-json\/wp\/v2\/media?parent=22625"}],"curies":[{"name":"wp","href":"https:\/\/api.w.org\/{rel}","templated":true}]}}