{"id":14976,"date":"2023-03-15T17:24:39","date_gmt":"2023-03-15T17:24:39","guid":{"rendered":"https:\/\/staging.registrarcorp.com\/roles\/"},"modified":"2024-09-27T13:23:17","modified_gmt":"2024-09-27T13:23:17","slug":"roles","status":"publish","type":"page","link":"https:\/\/staging.registrarcorp.com\/it\/roles\/","title":{"rendered":"Ruoli"},"content":{"rendered":"<div class=\"wpb-content-wrapper\">[vc_row full_width=&#8221;stretch_row&#8221; css=&#8221;.vc_custom_1726760550789{padding-top: 100px !important;background-color: #f4f4f4 !important;}&#8221; el_class=&#8221;topContainer row-wdith hero-section&#8221; el_id=&#8221;headerRow&#8221;][vc_column width=&#8221;1\/2&#8243;][vc_column_text fnt_family=&#8221;Montserrat&#8221; fnt_family_h1=&#8221;Montserrat&#8221; fnt_size_h1=&#8221;56&#8243;]\n<h1><span style=\"color: #003873;\"><strong>Trovate le soluzioni di <\/strong><\/span><span style=\"color: #0081ff;\"><strong>conformit\u00e0 adatte <\/strong><\/span><span style=\"color: #003873;\"><strong>al vostro ruolo.<\/strong><\/span><\/h1>\n[\/vc_column_text][vc_column_text fnt_family=&#8221;Montserrat&#8221; fnt_size=&#8221;24&#8243;]Registrar Corp \u00e8 costituita da specialisti regolatori, per specialisti regolatori. Abbiamo creato servizi, soluzioni software e programmi di formazione su misura per le vostre esigenze. Potrete quindi mantenere la conformit\u00e0 della vostra azienda e permettere al business di funzionare senza problemi.[\/vc_column_text][vc_btn title=&#8221;Esplorate le funzioni&#8221; color=&#8221;sky&#8221; i_align=&#8221;right&#8221; i_icon_fontawesome=&#8221;fas fa-arrow-right&#8221; css=&#8221;.vc_custom_1681739171513{margin-top: 30px !important;}&#8221; add_icon=&#8221;true&#8221; link=&#8221;url:%23tabSection|&#8221; el_class=&#8221;primary-btn&#8221;][\/vc_column][vc_column width=&#8221;1\/2&#8243; el_class=&#8221;container-right&#8221;][vc_single_image image=&#8221;709&#8243; img_size=&#8221;full&#8221; alignment=&#8221;center&#8221;][\/vc_column][\/vc_row][vc_section disable_element=&#8221;yes&#8221; css=&#8221;.vc_custom_1699275551203{padding-top: 50px !important;padding-right: 0px !important;padding-bottom: 50px !important;padding-left: 0px !important;}&#8221;][vc_row el_class=&#8221;count-wrap&#8221;][vc_column width=&#8221;1\/2&#8243;][vc_column_text el_class=&#8221;text-col&#8221;]\n<p style=\"font-size: 20px; font-weight: bold; text-align: left;\">Registrar Corp vanta oltre 20 anni di esperienza e competenza nella conformit\u00e0 normativa.<\/p>\n[\/vc_column_text][\/vc_column][vc_column width=&#8221;1\/2&#8243;][vc_row_inner el_class=&#8221;stats-count&#8221; css=&#8221;.vc_custom_1685446330345{padding-right: 0px !important;padding-left: 0px !important;}&#8221;][vc_column_inner width=&#8221;1\/4&#8243;][vc_column_text]\n<p style=\"text-align: center; font-size: 32px; font-weight: bold; margin-bottom: unset;\">19<\/p>\n<p style=\"text-align: center; font-size: 24px;\">\nUffici in tutto il mondo<\/p>\n[\/vc_column_text][\/vc_column_inner][vc_column_inner width=&#8221;1\/4&#8243;][vc_column_text]\n<p style=\"text-align: center; font-size: 32px; font-weight: bold; margin-bottom: unset;\">175+<\/p>\n<p style=\"text-align: center; font-size: 24px;\">Paesi<\/p>\n[\/vc_column_text][\/vc_column_inner][vc_column_inner width=&#8221;1\/4&#8243;][vc_column_text]\n<p style=\"text-align: center; font-size: 32px; font-weight: bold; margin-bottom: unset;\">Oltre 30.000<\/p>\n<p style=\"text-align: center; font-size: 24px;\">Clienti<\/p>\n[\/vc_column_text][\/vc_column_inner][vc_column_inner width=&#8221;1\/4&#8243;][vc_column_text]\n<p style=\"text-align: center; font-size: 32px; font-weight: bold; margin-bottom: unset;\">4.7<\/p>\n<p style=\"text-align: center; font-size: 24px;\">\nPunteggio Trustpilot<\/p>\n[\/vc_column_text][\/vc_column_inner][\/vc_row_inner][\/vc_column][\/vc_row][\/vc_section][vc_section css=&#8221;.vc_custom_1685446271065{padding-top: 50px !important;padding-right: 0px !important;padding-bottom: 50px !important;padding-left: 0px !important;}&#8221;][vc_row el_class=&#8221;count-wrap&#8221; el_id=&#8221;dataRow&#8221;][vc_column][vc_row_inner el_class=&#8221;stats-count&#8221; css=&#8221;.vc_custom_1685446330345{padding-right: 0px !important;padding-left: 0px !important;}&#8221;][vc_column_inner width=&#8221;1\/5&#8243;][vc_single_image image=&#8221;24449&#8243; img_size=&#8221;114&#215;65&#8243; alignment=&#8221;center&#8221;][\/vc_column_inner][vc_column_inner width=&#8221;1\/5&#8243;][vc_single_image image=&#8221;24459&#8243; img_size=&#8221;81&#215;81&#8243; alignment=&#8221;center&#8221;][\/vc_column_inner][vc_column_inner width=&#8221;1\/5&#8243;][vc_single_image image=&#8221;24477&#8243; img_size=&#8221;70&#215;72&#8243; alignment=&#8221;center&#8221;][\/vc_column_inner][vc_column_inner width=&#8221;1\/5&#8243;][vc_single_image image=&#8221;24504&#8243; img_size=&#8221;81&#215;81&#8243; alignment=&#8221;center&#8221;][\/vc_column_inner][vc_column_inner width=&#8221;1\/5&#8243;][vc_single_image image=&#8221;24495&#8243; img_size=&#8221;61&#215;81&#8243; alignment=&#8221;center&#8221;][\/vc_column_inner][\/vc_row_inner][vc_row_inner el_class=&#8221;stats-count&#8221; css=&#8221;.vc_custom_1685446330345{padding-right: 0px !important;padding-left: 0px !important;}&#8221;][vc_column_inner width=&#8221;1\/5&#8243;][vc_column_text css=&#8221;&#8221;]\n<p style=\"text-align: center; font-size: 40px; line-height: 60px; color: #003873; font-weight: bold; margin-bottom: unset;\"><span style=\"color: #f54f45;\">Oltre 30.000<\/span><\/p>\n<p style=\"text-align: center; font-size: 24px;\">Clienti<\/p>\n[\/vc_column_text][\/vc_column_inner][vc_column_inner width=&#8221;1\/5&#8243;][vc_column_text css=&#8221;&#8221;]\n<p style=\"text-align: center; font-size: 40px; line-height: 60px; color: #003873; font-weight: bold; margin-bottom: unset;\">175<span style=\"color: #f54f45;\">+<\/span><\/p>\n<p style=\"text-align: center; font-size: 24px;\">Paesi<\/p>\n[\/vc_column_text][\/vc_column_inner][vc_column_inner width=&#8221;1\/5&#8243;][vc_column_text css=&#8221;&#8221;]\n<p style=\"text-align: center; font-size: 40px; line-height: 60px; color: #003873; font-weight: bold; margin-bottom: unset;\">20<\/p>\n<p style=\"text-align: center; font-size: 24px;\">Uffici in tutto il mondo<\/p>\n[\/vc_column_text][\/vc_column_inner][vc_column_inner width=&#8221;1\/5&#8243;][vc_column_text css=&#8221;&#8221;]\n<p style=\"text-align: center; font-size: 40px; line-height: 60px; color: #003873; font-weight: bold; margin-bottom: unset;\">4,7\/5<\/p>\n<p style=\"text-align: center; font-size: 24px;\">Valutazione del cliente<\/p>\n[\/vc_column_text][\/vc_column_inner][vc_column_inner width=&#8221;1\/5&#8243;][vc_column_text css=&#8221;&#8221;]\n<p style=\"text-align: center; font-size: 40px; line-height: 60px; color: #003873; font-weight: bold; margin-bottom: unset;\"><span style=\"color: #f54f45;\">Pi\u00f9 di 20 anni<\/span><\/p>\n<p style=\"text-align: center; font-size: 24px;\">Anni di servizio<\/p>\n[\/vc_column_text][\/vc_column_inner][\/vc_row_inner][\/vc_column][\/vc_row][\/vc_section][vc_section][vc_row full_width=&#8221;stretch_row&#8221; css=&#8221;.vc_custom_1689781988716{background-color: #ffffff !important;}&#8221; el_class=&#8221;tabs-section&#8221; el_id=&#8221;tabSection&#8221;][vc_column][vc_tta_tabs section_title_tag=&#8221;h2&#8243; style=&#8221;flat&#8221; shape=&#8221;square&#8221; color=&#8221;white&#8221; alignment=&#8221;center&#8221; active_section=&#8221;1&#8243; css=&#8221;.vc_custom_1681805628851{background-color: #ffffff !important;}&#8221;][vc_tta_section tab_id=&#8221;regulatory-compliance&#8221; el_class=&#8221;pr-0&#8243; title=&#8221;Conformit\u00e0 normativa&#8221;][vc_row_inner content_placement=&#8221;middle&#8221; css=&#8221;.vc_custom_1679910686166{background-color: #ffffff !important;}&#8221; el_class=&#8221;pr-0&#8243;][vc_column_inner width=&#8221;1\/2&#8243;][vc_column_text]\n<h2>Conformit\u00e0 normativa<\/h2>\n<p><span data-contrast=\"auto\">La conformit\u00e0 \u00e8 pi\u00f9 di un lavoro a tempo pieno<\/span><span data-contrast=\"none\">:<\/span><span data-contrast=\"auto\">\u00e8 uno sforzo di squadra. L\u2019ampia gamma di offerte di Registrar Corp vi consente di rimanere al passo con il carico di lavoro. Gli importatori possono creare e implementare piani FSVP, automatizzare la conformit\u00e0 dei fornitori perch\u00e8 possano spedire i propri prodotti negli USA grazie al supporto di un team di specialisti regolatori di alta professionalit\u00e0.<\/span>[\/vc_column_text][vc_column_text el_class=&#8221;image-text-content&#8221;]<img decoding=\"async\" class=\"size-full wp-image-177 alignleft\" src=\"\/wp-content\/uploads\/2023\/07\/import-export_Secured-1.png\" alt=\"\" width=\"50\" height=\"39\"><strong>Se prevedete di esportare prodotti negli Stati Uniti, proponiamo assistenza regolatoria per registrazioni e rinnovo, assistenza in caso di detenzione alla dogana USA e piattaforme software consolidate per la formazione online.<\/strong>[\/vc_column_text][vc_btn title=&#8221;Soluzioni di conformit\u00e0 normativa&#8221; color=&#8221;sky&#8221; i_align=&#8221;right&#8221; i_icon_fontawesome=&#8221;fas fa-arrow-right&#8221; css=&#8221;.vc_custom_1681739318907{margin-top: 30px !important;}&#8221; add_icon=&#8221;true&#8221; link=&#8221;url:https%3A%2F%2Fstaging.registrarcorp.com%2Fit%2Froles%2Fregulatory-compliance%2F|&#8221; el_class=&#8221;primary-btn&#8221;][\/vc_column_inner][vc_column_inner el_class=&#8221;pr-0&#8243; width=&#8221;1\/2&#8243;][vc_single_image image=&#8221;701&#8243; img_size=&#8221;full&#8221; alignment=&#8221;center&#8221; css=&#8221;.vc_custom_1681739331970{padding-top: 20px !important;}&#8221;][\/vc_column_inner][\/vc_row_inner][\/vc_tta_section][vc_tta_section title=&#8221;Garanzia di qualit\u00e0&#8221; tab_id=&#8221;quality-assurance&#8221; el_class=&#8221;pr-0&#8243;][vc_row_inner content_placement=&#8221;middle&#8221; el_class=&#8221;pr-0&#8243;][vc_column_inner width=&#8221;1\/2&#8243;][vc_column_text]\n<h2>Garanzia di qualit\u00e0<\/h2>\n<p><span data-contrast=\"auto\">Avete bisogno di soluzioni che possano aiutare la vostra azienda a soddisfare e mantenere gli standard di qualit\u00e0 durante tutto il processo di produzione. Assicuratevi della conformit\u00e0 dei vostri prodotti grazie ai nostri servizi che comprendono: l\u2019assistenza per la verifica dei coloranti, servizi di pre-ispezione FDA e la sottomissione di Master File. Inoltre, ottenete migliori standard di produzione grazie a soluzioni complete per la messa in conformit\u00e0 regolatoria e l\u2019analisi delle formulazioni. Otterrete quindi un sviluppo collaborativo dei vostri prodotti.<\/span><span data-ccp-props=\"{&quot;201341983&quot;:0,&quot;335559685&quot;:0,&quot;335559731&quot;:0,&quot;335559740&quot;:276}\"><\/span>[\/vc_column_text][vc_column_text el_class=&#8221;image-text-content&#8221;]<img decoding=\"async\" class=\"size-full wp-image-177 alignleft\" src=\"\/wp-content\/uploads\/2023\/07\/foodbev_food-5682630.png\" alt=\"\" width=\"50\" height=\"39\"><strong>Registrar Corp sar\u00e0 anche una delle prime aziende a proporre assistenza per la registrazione delle aziende cosmetiche e per la sottomissione dei listing presso la FDA.<\/strong>[\/vc_column_text][vc_btn title=&#8221;Soluzioni per garanzia di qualit\u00e0&#8221; color=&#8221;sky&#8221; i_align=&#8221;right&#8221; i_icon_fontawesome=&#8221;fas fa-arrow-right&#8221; css=&#8221;.vc_custom_1681739414782{margin-top: 30px !important;}&#8221; add_icon=&#8221;true&#8221; link=&#8221;url:https%3A%2F%2Fstaging.registrarcorp.com%2Fit%2Froles%2Fquality-assurance%2F|&#8221; el_class=&#8221;primary-btn&#8221;][\/vc_column_inner][vc_column_inner width=&#8221;1\/2&#8243;][vc_single_image image=&#8221;693&#8243; img_size=&#8221;full&#8221; alignment=&#8221;center&#8221; css=&#8221;.vc_custom_1681739423148{padding-top: 20px !important;}&#8221;][\/vc_column_inner][\/vc_row_inner][\/vc_tta_section][vc_tta_section title=&#8221;Ruoli di sicurezza&#8221; tab_id=&#8221;safety-roles&#8221; el_class=&#8221;pr-0&#8243;][vc_row_inner content_placement=&#8221;middle&#8221; css=&#8221;.vc_custom_1679910718025{background-color: #ffffff !important;}&#8221; el_class=&#8221;pr-0&#8243;][vc_column_inner width=&#8221;1\/2&#8243;][vc_column_text]\n<h2>Ruoli di sicurezza<\/h2>\n<p><span data-contrast=\"auto\">Proteggete<\/span><span data-contrast=\"none\"><\/span><span data-contrast=\"auto\">i vostri consumatori<\/span><span data-contrast=\"none\"><\/span><span data-contrast=\"auto\">e la vostra azienda mantenendo gli standard normativi in ogni fase del processo di produzione. Monitorate la conformit\u00e0 della vostra azienda e le vostre spedizioni in tempo reale grazie alla piattaforma di conformit\u00e0 automatizzata di Registrar.<\/span><span data-ccp-props=\"{&quot;201341983&quot;:0,&quot;335559685&quot;:0,&quot;335559731&quot;:0,&quot;335559740&quot;:276}\"><\/span>[\/vc_column_text][vc_column_text el_class=&#8221;image-text-content&#8221;]<img decoding=\"async\" class=\"size-full wp-image-177 alignleft\" src=\"\/wp-content\/uploads\/2023\/07\/foodbev_lab-test-5682636.png\" alt=\"\" width=\"50\" height=\"39\"><strong>Scegliete servizi di conformit\u00e0 su misura come la registrazione delle aziende agro-alimentari, la designazione dell\u2019Agente U.S. e lo sviluppo\/implementazione di Food Safety Plan. Offrite la possibilit\u00e0 di una formazione online a prezzi contenuti per i vostri operai, formandoli sulle migliori pratiche di sicurezza alimentare.<\/strong>[\/vc_column_text][vc_btn title=&#8221;Soluzioni di sicurezza&#8221; color=&#8221;sky&#8221; i_align=&#8221;right&#8221; i_icon_fontawesome=&#8221;fas fa-arrow-right&#8221; css=&#8221;.vc_custom_1681739497244{margin-top: 30px !important;}&#8221; add_icon=&#8221;true&#8221; link=&#8221;url:https%3A%2F%2Fstaging.registrarcorp.com%2Fit%2Froles%2Fsafety%2F|&#8221; el_class=&#8221;primary-btn&#8221;][\/vc_column_inner][vc_column_inner width=&#8221;1\/2&#8243;][vc_single_image image=&#8221;685&#8243; img_size=&#8221;full&#8221; alignment=&#8221;center&#8221;][\/vc_column_inner][\/vc_row_inner][\/vc_tta_section][vc_tta_section title=&#8221;Ricerca e sviluppo&#8221; tab_id=&#8221;reseach-and-development&#8221; el_class=&#8221;pr-0&#8243;][vc_row_inner content_placement=&#8221;middle&#8221;][vc_column_inner width=&#8221;1\/2&#8243;][vc_column_text]\n<h2>Ricerca e sviluppo<\/h2>\n<p><span data-contrast=\"auto\">Gestire pi\u00f9 sistemi di formulazione pu\u00f2 risultare non particolarmente efficiente. Armonizza il lavoro del vostro team R&amp;D e dei vostri processi grazie ad un\u2019unica piattaforma integrata e sicura. Le nostre soluzioni software consentono di supervisionare la produzione e gestire i fornitori, collaborare allo sviluppo di prodotti cosmetici <\/span><span data-contrast=\"auto\">e mantenere la conformit\u00e0 delle etichette in modo semplice ed efficiente.<\/span><span data-ccp-props=\"{&quot;201341983&quot;:0,&quot;335559740&quot;:276}\"><\/span>[\/vc_column_text][vc_column_text el_class=&#8221;image-text-content&#8221;]<img decoding=\"async\" class=\"size-full wp-image-177 alignleft\" src=\"\/wp-content\/uploads\/2023\/07\/Pharma_test-samples-1113244.png\" alt=\"\" width=\"50\" height=\"39\"><strong>Possiamo anche servirvi identificando potenziali problemi di conformit\u00e0 con il nostro servizio di Revisione etichette e ingredienti.<\/strong>[\/vc_column_text][vc_btn title=&#8221;Soluzioni R&amp;D&#8221; color=&#8221;sky&#8221; i_align=&#8221;right&#8221; i_icon_fontawesome=&#8221;fas fa-arrow-right&#8221; css=&#8221;.vc_custom_1681739581179{margin-top: 30px !important;}&#8221; add_icon=&#8221;true&#8221; link=&#8221;url:https%3A%2F%2Fstaging.registrarcorp.com%2Fit%2Froles%2Fresearch-development%2F|&#8221; el_class=&#8221;primary-btn&#8221;][\/vc_column_inner][vc_column_inner width=&#8221;1\/2&#8243;][vc_single_image image=&#8221;677&#8243; img_size=&#8221;full&#8221; alignment=&#8221;center&#8221; css=&#8221;.vc_custom_1681739589565{padding-top: 20px !important;}&#8221;][\/vc_column_inner][\/vc_row_inner][\/vc_tta_section][vc_tta_section title=&#8221;Dirigenti&#8221; tab_id=&#8221;executives&#8221; el_class=&#8221;pr-0&#8243;][vc_row_inner content_placement=&#8221;middle&#8221;][vc_column_inner width=&#8221;1\/2&#8243;][vc_column_text]\n<h2>Dirigenti<\/h2>\n<p><span data-contrast=\"auto\">Costruite un business di successo e conforme. Le soluzioni complete di Registrar Corp semplificano le operazioni interne in modo che voi possiate concentrarvi sulla crescita del vostro business. Accelerate l&#8217;efficienza grazie al supporto professionale di specialisti per la registrazione FDA, lo sviluppo dei Food Safety Plan, l\u2019emissione di Prior Notice e molto altro ancora.<\/span><span data-ccp-props=\"{&quot;201341983&quot;:0,&quot;335559685&quot;:0,&quot;335559731&quot;:0,&quot;335559740&quot;:276}\"><\/span>[\/vc_column_text][vc_column_text el_class=&#8221;image-text-content&#8221;]<img decoding=\"async\" class=\"size-full wp-image-177 alignleft\" src=\"\/wp-content\/uploads\/2023\/07\/Tabletphones_smartphone-3311727.png\" alt=\"\" width=\"50\" height=\"39\"><strong>Approfittate delle nostre soluzioni software per semplificare la conformit\u00e0 dei fornitori, aumentare la formazione normativa per il vostro personale e armonizzare lo sviluppo di prodotti cosmetici.<\/strong>[\/vc_column_text][vc_btn title=&#8221;Soluzioni esecutive&#8221; color=&#8221;sky&#8221; i_align=&#8221;right&#8221; i_icon_fontawesome=&#8221;fas fa-arrow-right&#8221; css=&#8221;.vc_custom_1681739658805{margin-top: 30px !important;}&#8221; add_icon=&#8221;true&#8221; link=&#8221;url:https%3A%2F%2Fstaging.registrarcorp.com%2Fit%2Froles%2Fexecutives%2F|&#8221; el_class=&#8221;primary-btn&#8221;][\/vc_column_inner][vc_column_inner width=&#8221;1\/2&#8243;][vc_single_image image=&#8221;669&#8243; img_size=&#8221;full&#8221; alignment=&#8221;center&#8221; css=&#8221;.vc_custom_1681739665977{padding-top: 20px !important;}&#8221;][\/vc_column_inner][\/vc_row_inner][\/vc_tta_section][\/vc_tta_tabs][\/vc_column][\/vc_row][\/vc_section][vc_section el_class=&#8221;lorem-ipsum-section&#8221;][vc_row][vc_column]<div id=\"section-338\" class=\"el-109495435264ad9058464f4 ss-element gusta-section-vc-element \"><div class=\"section-container\">[vc_row el_class=\"lorem-ipsum-section\"][vc_column css=\".vc_custom_1689087893301{padding-top: 60px !important;padding-bottom: 60px !important;}\"][vc_row_inner][vc_column_inner width=\"2\/3\"][vc_column_text css=\"\"]\r\n<h2 style=\"color: #003873; font-size: 40px; font-weight: bold;\">La nostra biblioteca di risorse<\/h2>\r\n<span style=\"color: #003873; font-size: 18px;\">Con oltre 20 anni di esperienza normativa, abbiamo l\u2019esperienza necessaria per soddisfare le vostre esigenze di importazione ed esportazione.\r\n<\/span>\r\n\r\n<span style=\"color: #003873; font-size: 18px;\">La nostra suite completa di servizi, software e formazione online semplifica la conformit\u00e0 in modo da poter fare affari meglio.\r\n<\/span>[\/vc_column_text][\/vc_column_inner][vc_column_inner width=\"1\/3\"]\n            <link rel=\"stylesheet\" href=\"\/wp-content\/plugins\/mpc-massive\/assets\/fonts\/mi\/mi.min.css\">\n            <div id=\"icon-list-resources\" class=\"mpc-icon-list mpc-icon--right mpc-inited\"><ul class=\"mpc-list__ul\"><li class=\"mpc-list__item mpc-parent-hover mpc-transition\">\n                        <div class=\"mpc-list__icon\">\n                            <div class=\"mpc-icon mpc-transition mpc-effect-none mpc-icon-hover mpc-inited icon-arrow\">\n                            <div class=\"mpc-icon-wrap\">\n                                <i class=\"mpc-icon-part mpc-regular mpc-transition mi mi-arrow_forward\"><\/i>\n                                <i class=\"mpc-icon-part mpc-hover mpc-transition mi mi-arrow_forward\"><\/i>\n                            <\/div>\n                            <\/div>\n                        <\/div>\n                        <span class=\"mpc-list__title\">\n                            <a href=\"https:\/\/staging.registrarcorp.com\/blog\/\">Blog<\/a>\n                        <\/span>\n                    <\/li><li class=\"mpc-list__item mpc-parent-hover mpc-transition\">\n                        <div class=\"mpc-list__icon\">\n                            <div class=\"mpc-icon mpc-transition mpc-effect-none mpc-icon-hover mpc-inited icon-arrow\">\n                            <div class=\"mpc-icon-wrap\">\n                                <i class=\"mpc-icon-part mpc-regular mpc-transition mi mi-arrow_forward\"><\/i>\n                                <i class=\"mpc-icon-part mpc-hover mpc-transition mi mi-arrow_forward\"><\/i>\n                            <\/div>\n                            <\/div>\n                        <\/div>\n                        <span class=\"mpc-list__title\">\n                            <a href=\"https:\/\/staging.registrarcorp.com\/resources\/events\/\">Webinar\/Eventi<\/a>\n                        <\/span>\n                    <\/li><li class=\"mpc-list__item mpc-parent-hover mpc-transition\">\n                        <div class=\"mpc-list__icon\">\n                            <div class=\"mpc-icon mpc-transition mpc-effect-none mpc-icon-hover mpc-inited icon-arrow\">\n                            <div class=\"mpc-icon-wrap\">\n                                <i class=\"mpc-icon-part mpc-regular mpc-transition mi mi-arrow_forward\"><\/i>\n                                <i class=\"mpc-icon-part mpc-hover mpc-transition mi mi-arrow_forward\"><\/i>\n                            <\/div>\n                            <\/div>\n                        <\/div>\n                        <span class=\"mpc-list__title\">\n                            <a href=\"https:\/\/staging.registrarcorp.com\/resources\/case-studies\/\">Casi di studio<\/a>\n                        <\/span>\n                    <\/li><\/ul><\/div>[\/vc_column_inner][\/vc_row_inner][\/vc_column][\/vc_row]<\/div><\/div>[\/vc_column][\/vc_row][\/vc_section][vc_row css=&#8221;.vc_custom_1681739690722{margin-top: -35px !important;}&#8221;][vc_column]<div id=\"section-292\" class=\"el-1587595336643d4fae30eff ss-element gusta-section-vc-element \"><div class=\"section-container\">[vc_row full_width=\"stretch_row\" el_id=\"bottomRow\" css=\".vc_custom_1738666549366{padding-top: 45px !important;padding-bottom: 45px !important;background-color: #8ed6ff !important;}\"][vc_column_text css=\"\" el_class=\"are-you-ready-heading\"]\r\n<div style=\"color: #003873;\">Siete pronti per una migliore conformit\u00e0?<\/div>\r\n[vc_btn title=\"Sottomettete la richiesta\" shape=\"square\" color=\"default\" align=\"left\" i_align=\"right\" i_icon_fontawesome=\"fas fa-arrow-right\" add_icon=\"true\" link=\"url:https%3A%2F%2Fstaging.registrarcorp.com%2Fit%2Fcontact%2F%23contact-us|\" el_class=\"get-started-btn\"][\/vc_column_text][\/vc_row]<\/div><\/div>[\/vc_column][\/vc_row]\n<\/div>","protected":false},"excerpt":{"rendered":"<p>[vc_row full_width=&#8221;stretch_row&#8221; css=&#8221;.vc_custom_1726760550789{padding-top: 100px !important;background-color: #f4f4f4 !important;}&#8221; el_class=&#8221;topContainer row-wdith hero-section&#8221; el_id=&#8221;headerRow&#8221;][vc_column width=&#8221;1\/2&#8243;][vc_column_text fnt_family=&#8221;Montserrat&#8221; fnt_family_h1=&#8221;Montserrat&#8221; fnt_size_h1=&#8221;56&#8243;] Trovate le soluzioni di conformit\u00e0 adatte al vostro ruolo. [\/vc_column_text][vc_column_text fnt_family=&#8221;Montserrat&#8221; fnt_size=&#8221;24&#8243;]Registrar Corp \u00e8 costituita da specialisti regolatori, per specialisti regolatori. Abbiamo creato servizi, soluzioni software e programmi di formazione su misura per le vostre esigenze. Potrete quindi mantenere la<\/p>\n","protected":false},"author":40,"featured_media":0,"parent":0,"menu_order":0,"comment_status":"closed","ping_status":"closed","template":"page-templates\/page-sidebar-none.php","meta":{"_acf_changed":false,"content-type":"","footnotes":""},"class_list":["post-14976","page","type-page","status-publish","hentry"],"acf":[],"_links":{"self":[{"href":"https:\/\/staging.registrarcorp.com\/it\/wp-json\/wp\/v2\/pages\/14976","targetHints":{"allow":["GET"]}}],"collection":[{"href":"https:\/\/staging.registrarcorp.com\/it\/wp-json\/wp\/v2\/pages"}],"about":[{"href":"https:\/\/staging.registrarcorp.com\/it\/wp-json\/wp\/v2\/types\/page"}],"author":[{"embeddable":true,"href":"https:\/\/staging.registrarcorp.com\/it\/wp-json\/wp\/v2\/users\/40"}],"replies":[{"embeddable":true,"href":"https:\/\/staging.registrarcorp.com\/it\/wp-json\/wp\/v2\/comments?post=14976"}],"version-history":[{"count":0,"href":"https:\/\/staging.registrarcorp.com\/it\/wp-json\/wp\/v2\/pages\/14976\/revisions"}],"wp:attachment":[{"href":"https:\/\/staging.registrarcorp.com\/it\/wp-json\/wp\/v2\/media?parent=14976"}],"curies":[{"name":"wp","href":"https:\/\/api.w.org\/{rel}","templated":true}]}}