{"id":13374,"date":"2023-06-02T06:10:22","date_gmt":"2023-06-02T06:10:22","guid":{"rendered":"https:\/\/staging.registrarcorp.com\/executives\/"},"modified":"2024-09-27T13:30:53","modified_gmt":"2024-09-27T13:30:53","slug":"executives","status":"publish","type":"page","link":"https:\/\/staging.registrarcorp.com\/it\/roles\/executives\/","title":{"rendered":"Dirigenti"},"content":{"rendered":"<div class=\"wpb-content-wrapper\">[vc_row full_width=&#8221;stretch_row&#8221; css=&#8221;.vc_custom_1726760618897{padding-top: 70px !important;padding-bottom: 50px !important;background-color: #eeefef !important;}&#8221; el_class=&#8221;hero-section&#8221;][vc_column width=&#8221;1\/2&#8243;][vc_column_text css=&#8221;&#8221;]\n<h1 class=\"banner-title\"><strong>Soluzioni efficienti per la conformit\u00e0 aziendale per<br \/>\n<span style=\"color: #0081ff;\"> i dirigenti.<\/span><\/strong><\/h1>\n[\/vc_column_text][vc_column_text fnt_family=&#8221;Montserrat&#8221; fnt_size=&#8221;24px&#8221;]In qualit\u00e0 di imprenditore o dirigente, il tuo obiettivo \u00e8 aumentare l\u2019efficienza e mantenere un\u2019<br \/>\nimmagine positiva del marchio per aumentare la redditivit\u00e0 e la conformit\u00e0 svolge un ruolo importante. La suite di servizi, soluzioni software e formazione online incentrati sulle normative di Registrar Corp aiuta i dirigenti a semplificare le operazioni e a rimanere in regola con i governi locali.[\/vc_column_text][vc_btn title=&#8221;Scoprite le nostre offerte&#8221; style=&#8221;flat&#8221; shape=&#8221;square&#8221; color=&#8221;blue&#8221; size=&#8221;lg&#8221; align=&#8221;left&#8221; i_align=&#8221;right&#8221; i_icon_fontawesome=&#8221;fas fa-arrow-right&#8221; add_icon=&#8221;true&#8221; el_class=&#8221;primary-btn&#8221; link=&#8221;url:%23services|&#8221;][\/vc_column][vc_column width=&#8221;1\/2&#8243;][vc_single_image image=&#8221;4155&#8243; img_size=&#8221;606&#215;513&#8243; alignment=&#8221;right&#8221;][\/vc_column][\/vc_row][vc_row full_width=&#8221;stretch_row&#8221; css=&#8221;.vc_custom_1687354249733{padding-top: 50px !important;background-color: #ffffff !important;}&#8221; el_class=&#8221;vertical-text-align&#8221; el_id=&#8221;services&#8221;][vc_column width=&#8221;1\/2&#8243;][vc_single_image image=&#8221;4163&#8243; img_size=&#8221;530&#215;237&#8243;][\/vc_column][vc_column width=&#8221;1\/2&#8243; el_class=&#8221;col-txt-center&#8221;][vc_custom_heading text=&#8221;Servizi&#8221; font_container=&#8221;tag:h2|font_size:32px|text_align:left|color:%23003873|line_height:40px&#8221; google_fonts=&#8221;font_family:Montserrat%3Aregular%2C700|font_style:700%20bold%20regular%3A700%3Anormal&#8221; css=&#8221;.vc_custom_1688799580238{margin-top: 0px !important;}&#8221;][vc_column_text fnt_family=&#8221;Montserrat&#8221; fnt_size=&#8221;18px&#8221;]Con oltre 30.000 aziende servite in tutto il mondo, Registrar Corp \u00e8 il partner di conformit\u00e0 perfetto per la tua attivit\u00e0. Supportiamo i dirigenti con servizi di conformit\u00e0 come la registrazione FDA, le revisioni di etichette e ingredienti, l\u2019assistenza alla detenzione e altro ancora.[\/vc_column_text][\/vc_column][\/vc_row][vc_row full_width=&#8221;stretch_row&#8221; css=&#8221;.vc_custom_1685703867766{padding-bottom: 50px !important;background-color: #ffffff !important;}&#8221;][vc_column width=&#8221;1\/3&#8243;][vc_empty_space height=&#8221;14px&#8221;][vc_single_image image=&#8221;4171&#8243; img_size=&#8221;398&#215;116&#8243; alignment=&#8221;center&#8221;][vc_column_text fnt_family=&#8221;Montserrat&#8221; fnt_size=&#8221;24px&#8221;]\n<p style=\"font-weight: 600;\">Registrazione FDA<\/p>\n[\/vc_column_text][vc_column_text fnt_family=&#8221;Montserrat&#8221; fnt_size=&#8221;18px&#8221;]La registrazione FDA semplifica la conformit\u00e0<br \/>\nper le aziende che commercializzano prodotti verso o all&#8217;<br \/>\ninterno degli Stati Uniti. I nostri<br \/>\nservizi di registrazione FDA includono la registrazione e il<br \/>\nrinnovo delle strutture, l&#8217;assistenza numerica DUNS e la rappresentanza degli<br \/>\nagenti statunitensi. Attualmente sosteniamo aziende di<br \/>\nalimenti e bevande, integratori alimentari,<br \/>\nfarmaci, dispositivi medici, cosmetici, tabacco<br \/>\ne prodotti biologici.[\/vc_column_text][vc_btn title=&#8221;Registratevi ora&#8221; style=&#8221;flat&#8221; shape=&#8221;square&#8221; size=&#8221;lg&#8221; align=&#8221;left&#8221; i_align=&#8221;right&#8221; i_icon_fontawesome=&#8221;fas fa-arrow-right&#8221; add_icon=&#8221;true&#8221; el_class=&#8221;secondary-btn btnTextBold&#8221; link=&#8221;url:https%3A%2F%2Fstaging.registrarcorp.com%2Fit%2Fservices%2Ffda-registration%2F|&#8221;][\/vc_column][vc_column width=&#8221;1\/3&#8243;][vc_empty_space height=&#8221;11px&#8221;][vc_single_image image=&#8221;4179&#8243; img_size=&#8221;398&#215;116&#8243; alignment=&#8221;center&#8221;][vc_empty_space height=&#8221;3px&#8221;][vc_column_text fnt_family=&#8221;Montserrat&#8221; fnt_size=&#8221;24px&#8221;]\n<p style=\"font-weight: 600;\">Piani di sicurezza alimentare<\/p>\n[\/vc_column_text][vc_column_text fnt_family=&#8221;Montserrat&#8221; fnt_size=&#8221;18px&#8221;]Le<br \/>\nstrutture di alimenti, bevande e integratori alimentari devono soddisfare i requisiti del Food Safety<br \/>\nModernization Act (FSMA) per<br \/>\noperare negli Stati Uniti. Il nostro team normativo<br \/>\n collaborer\u00e0 con voi per sviluppare piani del programma di<br \/>\nverifica dei fornitori esteri (FSVP), piani di<br \/>\nsicurezza e difesa alimentare e condurre<br \/>\nsimulazioni di ispezioni FDA e FSVP per<br \/>\nstrutture alimentari e importatori. Offriamo anche servizi FSVP<br \/>\nAgent e di implementazione.[\/vc_column_text][vc_btn title=&#8221;Informazioni sulla sicurezza alimentare&#8221; style=&#8221;flat&#8221; shape=&#8221;square&#8221; size=&#8221;lg&#8221; align=&#8221;left&#8221; i_align=&#8221;right&#8221; i_icon_fontawesome=&#8221;fas fa-arrow-right&#8221; add_icon=&#8221;true&#8221; el_class=&#8221;secondary-btn btnTextBold&#8221; link=&#8221;url:https%3A%2F%2Fstaging.registrarcorp.com%2Fit%2Fservices%2Ffood-safety%2F|&#8221;][\/vc_column][vc_column width=&#8221;1\/3&#8243;][vc_single_image image=&#8221;4187&#8243; img_size=&#8221;398&#215;116&#8243; alignment=&#8221;center&#8221;][vc_empty_space height=&#8221;14px&#8221;][vc_column_text fnt_family=&#8221;Montserrat&#8221; fnt_size=&#8221;24px&#8221;]\n<p style=\"font-weight: 600;\">Registrazione alla Food Canning Establishment (FCE)<\/p>\n[\/vc_column_text][vc_column_text fnt_family=&#8221;Montserrat&#8221; fnt_size=&#8221;18px&#8221;]Rispettare le normative FCE aggiuntive per<br \/>\ngli alimenti in scatola<br \/>\nacidi o a basso contenuto di acidi (AF\/LACF).\u00a0 Facilitare il processo con i nostri servizi<br \/>\nFCE, che includono<br \/>\nla registrazione dell\u2019istituzione, il supporto all\u2019<br \/>\narchiviazione del processo di produzione, la verifica del<br \/>\nnumero dell\u2019identificatore di invio (SID) e altro ancora.[\/vc_column_text][vc_btn title=&#8221;Scopri FCE&#8221; style=&#8221;flat&#8221; shape=&#8221;square&#8221; size=&#8221;lg&#8221; align=&#8221;left&#8221; i_align=&#8221;right&#8221; i_icon_fontawesome=&#8221;fas fa-arrow-right&#8221; add_icon=&#8221;true&#8221; el_class=&#8221;secondary-btn btnTextBold&#8221; link=&#8221;url:https%3A%2F%2Fstaging.registrarcorp.com%2Fit%2Fservices%2Ffce-registration%2F|&#8221;][\/vc_column][\/vc_row][vc_row full_width=&#8221;stretch_row&#8221; css=&#8221;.vc_custom_1685703867766{padding-bottom: 50px !important;background-color: #ffffff !important;}&#8221;][vc_column width=&#8221;1\/3&#8243;][vc_single_image image=&#8221;4227&#8243; img_size=&#8221;398&#215;116&#8243; alignment=&#8221;center&#8221;][vc_empty_space height=&#8221;6px&#8221;][vc_column_text fnt_family=&#8221;Montserrat&#8221; fnt_size=&#8221;24px&#8221;]\n<p style=\"font-weight: 600;\">Revisione di etichette e ingredienti<\/p>\n[\/vc_column_text][vc_column_text fnt_family=&#8221;Montserrat&#8221; fnt_size=&#8221;18px&#8221;]I prodotti etichettati erroneamente costano tempo e denaro<br \/>\nritardando l\u2019ingresso dei tuoi prodotti nel mercato<br \/>\nstatunitense. Per garantire che il tuo prodotto sia conforme alla<br \/>\nFDA, offriamo un\u2019ampia gamma di servizi di<br \/>\nrevisione per clienti di alimenti e bevande, mangimi<br \/>\n, integratori alimentari,<br \/>\ndispositivi medici, farmaci e cosmetici. Le nostre<br \/>\nofferte includono ampie revisioni dell\u2019etichettatura dei<br \/>\nprodotti, delle risorse di marketing e<br \/>\ndegli ingredienti, report dettagliati,<br \/>\nrevisioni dell\u2019etichettatura e grafica delle etichette aggiornata e<br \/>\nprogettata professionalmente.[\/vc_column_text][vc_btn title=&#8221;Scoprite il nostro servizio di revisione delle etichette&#8221; style=&#8221;flat&#8221; shape=&#8221;square&#8221; size=&#8221;lg&#8221; align=&#8221;left&#8221; i_align=&#8221;right&#8221; i_icon_fontawesome=&#8221;fas fa-arrow-right&#8221; add_icon=&#8221;true&#8221; el_class=&#8221;secondary-btn btnTextBold&#8221; link=&#8221;url:https%3A%2F%2Fstaging.registrarcorp.com%2Fit%2Fservices%2Flabel-ingredients-review%2F|&#8221;][\/vc_column][vc_column width=&#8221;1\/3&#8243;][vc_empty_space height=&#8221;6px&#8221;][vc_single_image image=&#8221;4219&#8243; img_size=&#8221;398&#215;116&#8243; alignment=&#8221;center&#8221;][vc_column_text fnt_family=&#8221;Montserrat&#8221; fnt_size=&#8221;24px&#8221;]\n<p style=\"font-weight: 600;\">Import Alert<\/p>\n[\/vc_column_text][vc_column_text fnt_family=&#8221;Montserrat&#8221; fnt_size=&#8221;18px&#8221;]Evita che le trattenute senza<br \/>\nesame obiettivo (DWPE) influiscano negativamente<br \/>\nsulla tua attivit\u00e0. Il nostro team di professionisti<br \/>\nnormativi pu\u00f2 aiutarti a<br \/>\ntornare alla conformit\u00e0 identificando<br \/>\nl&#8217;avviso di importazione che la tua spedizione ha<br \/>\nviolato. Collaboreremo anche con te per presentare<br \/>\nuna petizione completa e completa per la rimozione.[\/vc_column_text][vc_btn title=&#8221;Informazioni sugli Import Alert&#8221; style=&#8221;flat&#8221; shape=&#8221;square&#8221; size=&#8221;lg&#8221; align=&#8221;left&#8221; i_align=&#8221;right&#8221; i_icon_fontawesome=&#8221;fas fa-arrow-right&#8221; add_icon=&#8221;true&#8221; el_class=&#8221;secondary-btn btnTextBold&#8221; link=&#8221;url:https%3A%2F%2Fstaging.registrarcorp.com%2Fit%2Fservices%2Fimport-alerts-dwpe%2F|&#8221;][\/vc_column][vc_column width=&#8221;1\/3&#8243;][vc_single_image image=&#8221;4211&#8243; img_size=&#8221;398&#215;116&#8243; alignment=&#8221;center&#8221;][vc_empty_space height=&#8221;6px&#8221;][vc_column_text fnt_family=&#8221;Montserrat&#8221; fnt_size=&#8221;24px&#8221;]\n<p style=\"font-weight: 600;\">Assistenza con le detenzioni<\/p>\n[\/vc_column_text][vc_column_text fnt_family=&#8221;Montserrat&#8221; fnt_size=&#8221;18px&#8221;]Mantenete la vostra catena di fornitura in funzione senza problemi<br \/>\ne riducete al minimo le interruzioni. Registrar Corp<br \/>\nlavora a stretto contatto con le aziende le cui merci sono<br \/>\nstate trattenute per analizzare aree di<br \/>\npotenziale non conformit\u00e0. Ti aiuteremo anche<br \/>\na richiedere l\u2019autorizzazione a riaffilare<br \/>\ni prodotti per una migliore conformit\u00e0 e a inviare la<br \/>\ndocumentazione per l\u2019ammissione negli Stati Uniti.[\/vc_column_text][vc_btn title=&#8221;Ottenete assistenza in caso di detenzione&#8221; style=&#8221;flat&#8221; shape=&#8221;square&#8221; size=&#8221;lg&#8221; align=&#8221;left&#8221; i_align=&#8221;right&#8221; i_icon_fontawesome=&#8221;fas fa-arrow-right&#8221; add_icon=&#8221;true&#8221; el_class=&#8221;secondary-btn btnTextBold&#8221; link=&#8221;url:https%3A%2F%2Fstaging.registrarcorp.com%2Fit%2Fservices%2Fdetention-assistance%2F|&#8221;][\/vc_column][\/vc_row][vc_row full_width=&#8221;stretch_row&#8221; css=&#8221;.vc_custom_1685712334599{background-color: #ffffff !important;}&#8221; el_class=&#8221;vertical-text-align&#8221;][vc_column width=&#8221;1\/3&#8243;][vc_single_image image=&#8221;4203&#8243; img_size=&#8221;398&#215;116&#8243; alignment=&#8221;center&#8221;][vc_column_text fnt_family=&#8221;Montserrat&#8221; fnt_size=&#8221;24px&#8221;]\n<p style=\"font-weight: 600;\">Prior Notice<\/p>\n[\/vc_column_text][vc_column_text fnt_family=&#8221;Montserrat&#8221; fnt_size=&#8221;18px&#8221;]Evitare la detenzione delle spedizioni e soddisfare i requisiti di<br \/>\npreavviso della FDA per le<br \/>\nmerci importate. Con Registrar Corp, \u00e8 possibile presentare avvisi preventivi<br \/>\ntempestivi e accurati per ogni<br \/>\nspedizione di<br \/>\nalimenti, bevande e integratori alimentari. Offriamo anche una piattaforma self-service <a href=\"https:\/\/www.priornotice.com\/\" target=\"_blank\" rel=\"noopener\">Prior<br \/>\nNotice Express<\/a> che consente di inviare<br \/>\npi\u00f9 avvisi precedenti contemporaneamente per ridurre<br \/>\ni tempi di archiviazione.[\/vc_column_text][vc_btn title=&#8221;Esplora l\u2019avviso precedente&#8221; style=&#8221;flat&#8221; shape=&#8221;square&#8221; size=&#8221;lg&#8221; align=&#8221;left&#8221; i_align=&#8221;right&#8221; i_icon_fontawesome=&#8221;fas fa-arrow-right&#8221; add_icon=&#8221;true&#8221; el_class=&#8221;secondary-btn btnTextBold&#8221; link=&#8221;url:%2Fservices%2Fprior-notice%2F|&#8221;][\/vc_column][vc_column width=&#8221;2\/3&#8243;][vc_single_image image=&#8221;4235&#8243; img_size=&#8221;large&#8221; alignment=&#8221;right&#8221; css=&#8221;.vc_custom_1685712343134{padding-top: 150px !important;}&#8221; el_class=&#8221;col-txt-bottom&#8221;][\/vc_column][\/vc_row][vc_row full_width=&#8221;stretch_row&#8221; css=&#8221;.vc_custom_1685959393490{padding-top: 50px !important;padding-bottom: 50px !important;background-color: #eeefef !important;}&#8221; el_class=&#8221;vertical-text-align&#8221;][vc_column width=&#8221;1\/2&#8243; el_class=&#8221;col-txt-center&#8221;][vc_custom_heading text=&#8221;Prodotti&#8221; font_container=&#8221;tag:h2|font_size:32px|text_align:left|color:%23003873|line_height:40px&#8221; google_fonts=&#8221;font_family:Montserrat%3Aregular%2C700|font_style:700%20bold%20regular%3A700%3Anormal&#8221; css=&#8221;.vc_custom_1688799727936{margin-top: 0px !important;}&#8221;][vc_column_text fnt_family=&#8221;Montserrat&#8221; fnt_size=&#8221;18px&#8221;]Gestisci senza sforzo la produzione e monitora la conformit\u00e0. I nostri prodotti software consentono di semplificare le operazioni interne, supervisionare lo sviluppo dei prodotti e tenere traccia dei dati di conformit\u00e0 di strutture e fornitori.[\/vc_column_text][\/vc_column][vc_column width=&#8221;1\/2&#8243;][vc_single_image image=&#8221;4243&#8243; img_size=&#8221;535&#215;242&#8243; alignment=&#8221;right&#8221;][\/vc_column][\/vc_row][vc_row full_width=&#8221;stretch_row&#8221; css=&#8221;.vc_custom_1685712977175{padding-bottom: 50px !important;background-color: #eeefef !important;}&#8221;][vc_column width=&#8221;1\/3&#8243;][vc_single_image image=&#8221;4267&#8243; img_size=&#8221;232&#215;135&#8243; alignment=&#8221;center&#8221;][vc_column_text fnt_family=&#8221;Montserrat&#8221; fnt_size=&#8221;24px&#8221;]\n<p style=\"font-weight: 600;\">Conformit\u00e0 automatizzata<\/p>\n[\/vc_column_text][vc_column_text fnt_family=&#8221;Montserrat&#8221; fnt_size=&#8221;18px&#8221;]Questa soluzione completa per la<br \/>\ngestione dei rischi della catena di fornitura per importatori ed esportatori di alimenti e<br \/>\nbevande, integratori alimentari e<br \/>\ndispositivi medici. Le funzionalit\u00e0 di<br \/>\nconformit\u00e0 automatizzata includono un feed dei<br \/>\nfornitori automatizzato, conformit\u00e0 in tempo reale e monitoraggio dei dati delle<br \/>\nstrutture,<br \/>\ngestione dei documenti e un<br \/>\nmercato di importatori\/esportatori.[\/vc_column_text][vc_btn title=&#8221;Esplora la conformit\u00e0 automatizzata&#8221; style=&#8221;flat&#8221; shape=&#8221;square&#8221; size=&#8221;lg&#8221; align=&#8221;left&#8221; i_align=&#8221;right&#8221; i_icon_fontawesome=&#8221;fas fa-arrow-right&#8221; add_icon=&#8221;true&#8221; el_class=&#8221;secondary-btn btnTextBold&#8221; link=&#8221;url:https%3A%2F%2Fstaging.registrarcorp.com%2Fit%2Fproducts%2Fautomated-compliance%2F|&#8221;][\/vc_column][vc_column width=&#8221;1\/3&#8243;][vc_single_image image=&#8221;8482&#8243; img_size=&#8221;259&#215;121&#8243; alignment=&#8221;center&#8221;][vc_empty_space height=&#8221;14px&#8221;][vc_column_text fnt_family=&#8221;Montserrat&#8221; fnt_size=&#8221;24px&#8221;]\n<p style=\"font-weight: 600;\">Cosmetri<\/p>\n[\/vc_column_text][vc_column_text fnt_family=&#8221;Montserrat&#8221; fnt_size=&#8221;18px&#8221;]Con Cosmetri, i professionisti del settore cosmetico R&amp;D, della sicurezza, della garanzia di qualit\u00e0, del marketing e delle normative possono collaborare allo sviluppo dei prodotti in modo semplice e sicuro. Assicurare la conformit\u00e0 del prodotto utilizzando i dati normativi internazionali della piattaforma e le linee guida normative di Buona pratica di fabbricazione (GMP).[\/vc_column_text][vc_btn title=&#8221;Guardalo in azione&#8221; style=&#8221;flat&#8221; shape=&#8221;square&#8221; size=&#8221;lg&#8221; align=&#8221;left&#8221; i_align=&#8221;right&#8221; i_icon_fontawesome=&#8221;fas fa-arrow-right&#8221; add_icon=&#8221;true&#8221; el_class=&#8221;secondary-btn btnTextBold&#8221; link=&#8221;url:https%3A%2F%2Fwww.cosmetri.com%2F|&#8221;][\/vc_column][vc_column width=&#8221;1\/3&#8243;][vc_single_image image=&#8221;8474&#8243; img_size=&#8221;256&#215;124&#8243; alignment=&#8221;center&#8221;][vc_empty_space height=&#8221;11px&#8221;][vc_column_text fnt_family=&#8221;Montserrat&#8221; fnt_size=&#8221;24px&#8221;]\n<p style=\"font-weight: 600;\">A la Calc<\/p>\n[\/vc_column_text][vc_column_text fnt_family=&#8221;Montserrat&#8221; fnt_size=&#8221;18px&#8221;]Offri al tuo team gli strumenti per l&#8217;analisi delle ricette, la determinazione dei costi, la creazione di pannelli di dati nutrizionali e altro ancora con questa soluzione software per ricette. A la Calc aiuta a semplificare la produzione e la conformit\u00e0 dei materiali di consumo. Il tuo team pu\u00f2 calcolare il contenuto nutrizionale, dichiarare gli allergeni e creare etichette conformi con i fatti nutrizionali per i mercati statunitensi e internazionali.[\/vc_column_text][vc_btn title=&#8221;Prova A la Calc&#8221; style=&#8221;flat&#8221; shape=&#8221;square&#8221; size=&#8221;lg&#8221; align=&#8221;left&#8221; i_align=&#8221;right&#8221; i_icon_fontawesome=&#8221;fas fa-arrow-right&#8221; add_icon=&#8221;true&#8221; el_class=&#8221;secondary-btn btnTextBold&#8221; link=&#8221;url:https%3A%2F%2Fwww.alacalc.com%2F|&#8221;][\/vc_column][\/vc_row][vc_row full_width=&#8221;stretch_row&#8221; css=&#8221;.vc_custom_1685949597977{padding-top: 50px !important;padding-bottom: 50px !important;background-color: #ffffff !important;}&#8221;][vc_column width=&#8221;1\/2&#8243;][vc_single_image image=&#8221;4284&#8243; img_size=&#8221;618&#215;432&#8243;][\/vc_column][vc_column width=&#8221;1\/2&#8243;][vc_column_text css=&#8221;.vc_custom_1688800493150{margin-bottom: 15px !important;}&#8221;]<img decoding=\"async\" class=\"alignnone size-medium wp-image-4272\" src=\"https:\/\/staging.registrarcorp.com\/wp-content\/uploads\/2023\/06\/online-training-300x251.png\" alt=\"\" width=\"160\" height=\"134\" srcset=\"https:\/\/staging.registrarcorp.com\/wp-content\/uploads\/2023\/06\/online-training-300x251.png 300w, https:\/\/staging.registrarcorp.com\/wp-content\/uploads\/2023\/06\/online-training.png 320w\" sizes=\"(max-width: 160px) 100vw, 160px\" \/>[\/vc_column_text][vc_custom_heading text=&#8221;Formazione online&#8221; font_container=&#8221;tag:h2|font_size:32px|text_align:left|color:%23003873|line_height:40px&#8221; google_fonts=&#8221;font_family:Montserrat%3Aregular%2C700|font_style:700%20bold%20regular%3A700%3Anormal&#8221;][vc_column_text fnt_family=&#8221;Montserrat&#8221; fnt_size=&#8221;18px&#8221;]Aiuta i tuoi dipendenti a ottenere la formazione necessaria sulle pratiche normative. Registrar Corp offre centinaia di corsi di autoapprendimento accessibili, progettati per lavoratori e manager in prima linea. I lavoratori possono migliorare le proprie competenze con corsi tra cui la certificazione HACCP, le normative europee sui dispositivi medici e altro ancora.[\/vc_column_text][vc_btn title=&#8221;Iscriviti oggi stesso&#8221; style=&#8221;flat&#8221; shape=&#8221;square&#8221; color=&#8221;blue&#8221; size=&#8221;lg&#8221; align=&#8221;left&#8221; i_align=&#8221;right&#8221; i_icon_fontawesome=&#8221;fas fa-arrow-right&#8221; add_icon=&#8221;true&#8221; el_class=&#8221;primary-btn btnTextBold&#8221; link=&#8221;url:https%3A%2F%2Fstaging.registrarcorp.com%2Fit%2Fproducts%2Fonline-training%2F|&#8221;][\/vc_column][\/vc_row][vc_row full_width=&#8221;stretch_row&#8221; css=&#8221;.vc_custom_1685951680850{padding-bottom: 50px !important;background-color: #ffffff !important;}&#8221;][vc_column width=&#8221;1\/2&#8243;][vc_column_text]\n<div style=\"font-size: 32px; line-height: 40px; font-weight: bold; color: #003873;\"><img decoding=\"async\" class=\"alignnone size-medium wp-image-4372\" src=\"https:\/\/staging.registrarcorp.com\/wp-content\/uploads\/2023\/06\/regi-learn.png\" alt=\"\" width=\"170\" height=\"26\" srcset=\"https:\/\/staging.registrarcorp.com\/wp-content\/uploads\/2023\/06\/regi-learn.png 2238w, https:\/\/staging.registrarcorp.com\/wp-content\/uploads\/2023\/06\/regi-learn-300x45.png 300w, https:\/\/staging.registrarcorp.com\/wp-content\/uploads\/2023\/06\/regi-learn-1024x153.png 1024w, https:\/\/staging.registrarcorp.com\/wp-content\/uploads\/2023\/06\/regi-learn-768x115.png 768w, https:\/\/staging.registrarcorp.com\/wp-content\/uploads\/2023\/06\/regi-learn-1536x229.png 1536w, https:\/\/staging.registrarcorp.com\/wp-content\/uploads\/2023\/06\/regi-learn-2048x306.png 2048w\" sizes=\"(max-width: 170px) 100vw, 170px\" \/><\/div>\n[\/vc_column_text][vc_column_text fnt_family=&#8221;Montserrat&#8221; fnt_size=&#8221;18px&#8221;]Piattaforma di eLearning di Registrar Corp per la formazione sulla sicurezza alimentare. Mantenete le certificazioni della vostra azienda formando gruppi di nuovi dipendenti e futuri leader della sicurezza alimentare. RegiLearn contiene oltre 70 corsi disponibili online 24 ore su 24, 7 giorni su 7 per i lavoratori in prima linea, nonch\u00e9 per i team di sicurezza alimentare e normativi.[\/vc_column_text][vc_btn title=&#8221;Acquistalo ora&#8221; style=&#8221;flat&#8221; shape=&#8221;square&#8221; color=&#8221;blue&#8221; size=&#8221;lg&#8221; align=&#8221;left&#8221; i_align=&#8221;right&#8221; i_icon_fontawesome=&#8221;fas fa-arrow-right&#8221; add_icon=&#8221;true&#8221; el_class=&#8221;primary-btn btnTextBold&#8221; link=&#8221;url:https%3A%2F%2Fstaging.registrarcorp.com%2Fit%2Fproducts%2Fonline-training%2Fregilearn%2F|&#8221;][\/vc_column][vc_column width=&#8221;1\/2&#8243;][vc_single_image image=&#8221;4292&#8243; img_size=&#8221;576&#215;399&#8243; alignment=&#8221;right&#8221; css=&#8221;.vc_custom_1685951768413{margin-top: -45px !important;}&#8221;][\/vc_column][\/vc_row][vc_row full_width=&#8221;stretch_row&#8221; disable_element=&#8221;yes&#8221; css=&#8221;.vc_custom_1690454634725{padding-top: 50px !important;padding-bottom: 50px !important;background-color: #eceff1 !important;}&#8221;][vc_column width=&#8221;1\/2&#8243;][vc_custom_heading text=&#8221;Ti aiuta a costruire un\u2019attivit\u00e0<br \/>\ndi successo e<br \/>\nconforme.&#8221; font_container=&#8221;tag:h2|font_size:56px|text_align:left|color:%23003873|line_height:66px&#8221; google_fonts=&#8221;font_family:Montserrat%3Aregular%2C700|font_style:700%20bold%20regular%3A700%3Anormal&#8221;][vc_column_text fnt_family=&#8221;Montserrat&#8221; fnt_size=&#8221;24px&#8221;]Registrar Corp \u00e8 un consulente normativo leader da oltre 20 anni. Concentriamoci sulla conformit\u00e0 in modo che tu possa concentrarti sull\u2019accelerazione della crescita aziendale.[\/vc_column_text][\/vc_column][vc_column width=&#8221;1\/2&#8243;][vc_column_text]<script charset=\"utf-8\" type=\"text\/javascript\" src=\"\/\/js.hsforms.net\/forms\/embed\/v2.js\"><\/script><br \/>\n<script>\n  hbspt.forms.create({\n    region: \"na1\",\n    portalId: \"23317937\",\n    formId: \"181fc138-a3e3-44a9-93f9-6c83ada7b56c\"\n  });\n<\/script>[\/vc_column_text][\/vc_column][\/vc_row][vc_row full_width=&#8221;stretch_row&#8221; css=&#8221;.vc_custom_1690454607421{padding-top: 50px !important;padding-bottom: 50px !important;background-color: #eceff1 !important;}&#8221; el_id=&#8221;formSection&#8221;][vc_column width=&#8221;1\/2&#8243;][vc_custom_heading text=&#8221;Ti aiuta a costruire un\u2019attivit\u00e0<br \/>\ndi successo e<br \/>\nconforme.&#8221; font_container=&#8221;tag:h2|font_size:56px|text_align:left|color:%23003873|line_height:66px&#8221; google_fonts=&#8221;font_family:Montserrat%3Aregular%2C700|font_style:700%20bold%20regular%3A700%3Anormal&#8221;][vc_column_text fnt_family=&#8221;Montserrat&#8221; fnt_size=&#8221;24px&#8221;]Registrar Corp \u00e8 un consulente normativo leader da oltre 20 anni. Concentriamoci sulla conformit\u00e0 in modo che tu possa concentrarti sull\u2019accelerazione della crescita aziendale.[\/vc_column_text][\/vc_column][vc_column width=&#8221;1\/2&#8243;][vc_raw_html el_class=&#8221;gf-executives&#8221;]W2dyYXZpdHlmb3JtIGlkPSI2MSIgdGl0bGU9ImZhbHNlIiBkZXNjcmlwdGlvbj0iZmFsc2UiXQ==[\/vc_raw_html][\/vc_column][\/vc_row]\n<\/div>","protected":false},"excerpt":{"rendered":"<p>[vc_row full_width=&#8221;stretch_row&#8221; css=&#8221;.vc_custom_1726760618897{padding-top: 70px !important;padding-bottom: 50px !important;background-color: #eeefef !important;}&#8221; el_class=&#8221;hero-section&#8221;][vc_column width=&#8221;1\/2&#8243;][vc_column_text css=&#8221;&#8221;] Soluzioni efficienti per la conformit\u00e0 aziendale per i dirigenti. [\/vc_column_text][vc_column_text fnt_family=&#8221;Montserrat&#8221; fnt_size=&#8221;24px&#8221;]In qualit\u00e0 di imprenditore o dirigente, il tuo obiettivo \u00e8 aumentare l\u2019efficienza e mantenere un\u2019 immagine positiva del marchio per aumentare la redditivit\u00e0 e la conformit\u00e0 svolge un ruolo importante. La suite<\/p>\n","protected":false},"author":33,"featured_media":0,"parent":14976,"menu_order":0,"comment_status":"closed","ping_status":"closed","template":"page-templates\/page-sidebar-none.php","meta":{"_acf_changed":false,"content-type":"","footnotes":""},"class_list":["post-13374","page","type-page","status-publish","hentry"],"acf":[],"_links":{"self":[{"href":"https:\/\/staging.registrarcorp.com\/it\/wp-json\/wp\/v2\/pages\/13374","targetHints":{"allow":["GET"]}}],"collection":[{"href":"https:\/\/staging.registrarcorp.com\/it\/wp-json\/wp\/v2\/pages"}],"about":[{"href":"https:\/\/staging.registrarcorp.com\/it\/wp-json\/wp\/v2\/types\/page"}],"author":[{"embeddable":true,"href":"https:\/\/staging.registrarcorp.com\/it\/wp-json\/wp\/v2\/users\/33"}],"replies":[{"embeddable":true,"href":"https:\/\/staging.registrarcorp.com\/it\/wp-json\/wp\/v2\/comments?post=13374"}],"version-history":[{"count":0,"href":"https:\/\/staging.registrarcorp.com\/it\/wp-json\/wp\/v2\/pages\/13374\/revisions"}],"up":[{"embeddable":true,"href":"https:\/\/staging.registrarcorp.com\/it\/wp-json\/wp\/v2\/pages\/14976"}],"wp:attachment":[{"href":"https:\/\/staging.registrarcorp.com\/it\/wp-json\/wp\/v2\/media?parent=13374"}],"curies":[{"name":"wp","href":"https:\/\/api.w.org\/{rel}","templated":true}]}}