{"id":12693,"date":"2023-06-27T06:12:43","date_gmt":"2023-06-27T06:12:43","guid":{"rendered":"https:\/\/staging.registrarcorp.com\/iba-cosmetics\/"},"modified":"2024-10-01T18:11:58","modified_gmt":"2024-10-01T18:11:58","slug":"iba-cosmetics","status":"publish","type":"page","link":"https:\/\/staging.registrarcorp.com\/it\/services\/fda-registration\/iba-cosmetics\/","title":{"rendered":"Cosmetici IBA"},"content":{"rendered":"<div class=\"wpb-content-wrapper\">[vc_section el_class=&#8221;banner-section&#8221;][vc_row full_width=&#8221;stretch_row&#8221; content_placement=&#8221;top&#8221; disable_element=&#8221;yes&#8221; css=&#8221;.vc_custom_1709062389910{padding-top: 40px !important;background-color: #f4f4f4 !important;}&#8221;][vc_column][vc_single_image image=&#8221;26287&#8243; img_size=&#8221;full&#8221; alignment=&#8221;center&#8221; onclick=&#8221;custom_link&#8221; link=&#8221;https:\/\/staging.registrarcorp.com\/it\/services\/fda-registration\/cosmetics\/&#8221;][\/vc_column][\/vc_row][vc_row full_width=&#8221;stretch_row&#8221; css=&#8221;.vc_custom_1726758765454{padding-top: 70px !important;padding-bottom: 20px !important;background-color: #f4f4f4 !important;}&#8221; el_class=&#8221;topContainer row-wdith hero-section&#8221; el_id=&#8221;headerRow&#8221;][vc_column width=&#8221;1\/2&#8243;][vc_column_text fnt_family_h1=&#8221;Montserrat&#8221; fnt_size_h1=&#8221;46&#8243;]\n<h1><strong><span style=\"color: #003873;\">Preparati ora a soddisfare i nuovi requisiti FDA statunitensi per<\/span> le aziende <span style=\"color: #0081ff;\">cosmetiche.<\/span><\/strong><\/h1>\n[\/vc_column_text][vc_column_text fnt_family=&#8221;Montserrat&#8221; fnt_size=&#8221;24&#8243;]Gli Stati Uniti hanno ratificato il Modernization of Cosmetics Regulation Act a fine 2022 (MoCRA). La nuova legge amplia l\u2019autorit\u00e0 regolatoria della U.S. Food and Drug Administration (la FDA) sui prodotti cosmetici. Il MoCRA richiede alla FDA di stabilire nuove e ampie normative per le aziende che producono e distribuiscono cosmetici negli Stati Uniti.<\/p>\n<p>Molte normative entrano in vigore gi\u00e0 nel 2023.[\/vc_column_text][vc_btn title=&#8221;Inizia&#8221; color=&#8221;sky&#8221; i_align=&#8221;right&#8221; i_icon_fontawesome=&#8221;fas fa-arrow-right&#8221; add_icon=&#8221;true&#8221; el_class=&#8221;primary-btn&#8221; link=&#8221;url:https%3A%2F%2Fstaging.registrarcorp.com%2Fit%2Ffda-registration-form%2F%3Fflow_type%3Dcosmetics%26industry_type%3DCosmetics%26iba_path%3Dtrue|&#8221;][\/vc_column][vc_column width=&#8221;1\/2&#8243; el_class=&#8221;container-right&#8221;][vc_single_image image=&#8221;6545&#8243; img_size=&#8221;full&#8221; alignment=&#8221;center&#8221;][vc_single_image image=&#8221;6553&#8243; img_size=&#8221;full&#8221; alignment=&#8221;center&#8221;][\/vc_column][\/vc_row][\/vc_section][vc_row full_width=&#8221;stretch_row_content&#8221; css=&#8221;.vc_custom_1687855249229{padding-top: 60px !important;padding-bottom: 60px !important;background-color: #003873 !important;}&#8221; el_class=&#8221;font-white&#8221; el_id=&#8221;where-to-start&#8221;][vc_column][vc_row_inner content_placement=&#8221;middle&#8221; el_class=&#8221;font-white innter-text-content&#8221;][vc_column_inner][vc_custom_heading text=&#8221;Non sai da dove iniziare? Registrar Corp rende la conformit\u00e0 dei cosmetici rapida e semplice.&#8221; font_container=&#8221;tag:h2|font_size:46|text_align:center|color:%23ffffff&#8221; google_fonts=&#8221;font_family:Montserrat%3Aregular%2C700|font_style:700%20bold%20regular%3A700%3Anormal&#8221;][vc_column_text fnt_family=&#8221;Montserrat&#8221; fnt_size=&#8221;24&#8243; el_class=&#8221;font-white&#8221;]\n<p style=\"text-align: center;\">Possiamo assistere con:<\/p>\n<ul>\n<li style=\"text-align: center;\">Registrare correttamente le strutture presso la FDA il prima possibile<\/li>\n<li style=\"text-align: center;\">Agire come agente statunitense per le strutture al di fuori degli Stati Uniti.<\/li>\n<li style=\"text-align: center;\">Inviare e gestire gli elenchi dei prodotti cosmetici<\/li>\n<li style=\"text-align: center;\">Fornire aggiornamenti in tempo reale quando la FDA implementa ulteriori linee guida MoCRA<\/li>\n<\/ul>\n[\/vc_column_text][\/vc_column_inner][\/vc_row_inner][vc_row_inner content_placement=&#8221;middle&#8221;][vc_column_inner][vc_column_text fnt_family=&#8221;Montserrat&#8221; fnt_size=&#8221;24&#8243; el_class=&#8221;font-white&#8221;]\n<p style=\"text-align: center;\"><strong>Membri IBA: Utilizza i servizi di registrazione di Registrar Corp e ricevi il 10% di sconto.<\/strong><\/p>\n[\/vc_column_text][vc_btn title=&#8221;Inizia&#8221; color=&#8221;sky&#8221; align=&#8221;center&#8221; i_align=&#8221;right&#8221; i_icon_fontawesome=&#8221;fas fa-arrow-right&#8221; add_icon=&#8221;true&#8221; link=&#8221;url:https%3A%2F%2Fstaging.registrarcorp.com%2Fit%2Ffda-registration-form%2F%3Fflow_type%3Dcosmetics%26industry_type%3DCosmetics%26iba_path%3Dtrue|&#8221; el_class=&#8221;primary-btn&#8221;][\/vc_column_inner][\/vc_row_inner][\/vc_column][\/vc_row][vc_section full_width=&#8221;stretch_row&#8221; css=&#8221;.vc_custom_1687865804816{background-color: #ffffff !important;}&#8221; el_id=&#8221;what-does-mocra&#8221;][vc_row full_width=&#8221;stretch_row&#8221; css=&#8221;.vc_custom_1687853762150{padding-top: 40px !important;padding-bottom: 20px !important;}&#8221;][vc_column width=&#8221;1\/2&#8243;][vc_column_text fnt_family_h2=&#8221;Montserrat&#8221; fnt_size_h2=&#8221;40&#8243;]\n<h2><span style=\"color: #003873;\"><strong>Che cosa significa MoCRA per le aziende cosmetiche?<\/strong><\/span><\/h2>\n[\/vc_column_text][vc_column_text fnt_family=&#8221;Montserrat&#8221; fnt_size=&#8221;18&#8243;]Ai sensi del MoCRA, la FDA stabilir\u00e0 normative che influenzano l\u2019intero ciclo di vita dei prodotti cosmetici, dalla produzione al marketing. I nuovi requisiti includono:<\/p>\n<ul>\n<li>Registrazione obbligatoria FDA per strutture cosmetiche<\/li>\n<li>Elenchi obbligatori dei prodotti per ciascun prodotto cosmetico commercializzato negli Stati Uniti<\/li>\n<li>Segnalazione in caso di eventi avversi<\/li>\n<li>Aderenza alle Good Manufacturing Practice (GMP) emesse dalla FDA<\/li>\n<li>Conservazione dei registri, compresi i registri di verifica degli eventi avversi e della sicurezza<\/li>\n<li>Richiami obbligatori<\/li>\n<li>Dichiarazione degli allergeni nelle fragranze<\/li>\n<\/ul>\n<p>Sebbene la FDA non abbia ancora stabilito normative per questi requisiti, la legge fornisce informazioni generali, in modo che le aziende cosmetiche possano iniziare a prepararsi per i nuovi requisiti della FDA.[\/vc_column_text][\/vc_column][vc_column width=&#8221;1\/2&#8243; el_class=&#8221;container-right&#8221;][vc_single_image image=&#8221;6561&#8243; img_size=&#8221;full&#8221; alignment=&#8221;center&#8221; css=&#8221;.vc_custom_1688384500880{padding-top: 15px !important;}&#8221;][\/vc_column][\/vc_row][\/vc_section][vc_section full_width=&#8221;stretch_row&#8221; css=&#8221;.vc_custom_1685426929622{padding-bottom: 50px !important;background-color: #eceff1 !important;}&#8221; el_class=&#8221;faq-accordion-section&#8221;][vc_row content_placement=&#8221;bottom&#8221; css=&#8221;.vc_custom_1700032773103{padding-top: 50px !important;}&#8221;][vc_column width=&#8221;2\/3&#8243;][vc_custom_heading text=&#8221;Domande frequenti&#8221; font_container=&#8221;tag:h2|font_size:40|text_align:left|color:%23003873&#8243; google_fonts=&#8221;font_family:Montserrat%3Aregular%2C700|font_style:700%20bold%20regular%3A700%3Anormal&#8221;][\/vc_column][vc_column width=&#8221;1\/3&#8243;][vc_single_image image=&#8221;1009&#8243; img_size=&#8221;medium&#8221; alignment=&#8221;right&#8221; el_class=&#8221;hide-row&#8221;][\/vc_column][\/vc_row][vc_row css=&#8221;.vc_custom_1684137364661{padding-bottom: 50px !important;}&#8221;][vc_column][vc_separator color=&#8221;black&#8221;][vc_tta_accordion section_title_tag=&#8221;h2&#8243; c_icon=&#8221;chevron&#8221; active_section=&#8221;1&#8243; no_fill=&#8221;true&#8221; css=&#8221;.vc_custom_1683291355932{background-color: #eceff1 !important;}&#8221; el_class=&#8221;accordion&#8221;][vc_tta_section title=&#8221;Che cos\u2019\u00e8 il MoCRA?&#8221; tab_id=&#8221;what-is-MoCRA&#8221; el_class=&#8221;accordion-class&#8221;][vc_column_text fnt_family=&#8221;Montserrat&#8221; fnt_size=&#8221;24&#8243; grad_text_color1=&#8221;#003873&#8243;]Il MoCRA \u00e8 il Modernization of Cosmetics Regulation Act del 2022 ed \u00e8 stato ratificato in legge il 29 dicembre 2022. MoCRA \u00e8 la pi\u00f9 grande riforma delle normative cosmetiche esistenti negli Stati Uniti da 84 anni e stabilisce molti nuovi requisiti, come ad esempio:<\/p>\n<ul>\n<li>Registrazione dello stabilimento<\/li>\n<li>Listing dei prodotti<\/li>\n<li>Good Manufacturing Practices  (GMP)<\/li>\n<li>Registri di sicurezza<\/li>\n<li>Nuovi requisiti di etichettatura<\/li>\n<li>Segnalazione di adverse event<\/li>\n<li>Conservazione dei registri<\/li>\n<\/ul>\n[\/vc_column_text][\/vc_tta_section][vc_tta_section title=&#8221;In che modo MoCRA influenzer\u00e0 le strutture cosmetiche?&#8221; tab_id=&#8221;how-will-MoCRA-affect&#8221; el_class=&#8221;accordion-class&#8221;][vc_column_text]Ai sensi del MoCRA, il termine \u201cstruttura\u201d include qualsiasi stabilimento che produce o lavora prodotti cosmetici distribuiti negli Stati Uniti. Le strutture dovranno registrarsi e rispettare le GMP emesse dalla FDA.[\/vc_column_text][\/vc_tta_section][vc_tta_section title=&#8221;Chi \u00e8 considerato la Responsible Person ai sensi del MoCRA?&#8221; tab_id=&#8221;who-is-considered&#8221; el_class=&#8221;accordion-class&#8221;][vc_column_text]\n<div class=\"vc_tta-panel-body\">\n<div class=\"wpb_text_column wpb_content_element \">\n<div class=\"wpb_wrapper\">\n<p>Il termine \u201cpersona responsabile\u201d indica il produttore, l\u2019imballatore o il distributore di un prodotto cosmetico il cui nome appare sull\u2019etichetta del prodotto in conformit\u00e0 con la sezione 609(a) dell\u2019FD&amp;C Act o la sezione 4(a) del Fair Packaging and Labeling Act.<\/p>\n<p>Il ruolo della \u201cpersona responsabile\u201d sar\u00e0 per:<\/p>\n<ul>\n<li>I listing dei prodotti cosmetici<\/li>\n<li>Gli adverse event<\/li>\n<li>I registri di sicurezza<\/li>\n<li>L\u2019etichettatura<\/li>\n<li>Divulgazione e registri degli allergeni nelle fragranze<\/li>\n<\/ul>\n<\/div>\n<\/div>\n<\/div>\n[\/vc_column_text][\/vc_tta_section][vc_tta_section title=&#8221;Sono previste esenzioni per la registrazione dello stabilimento?&#8221; tab_id=&#8221;are-there-any-exemptions&#8221; el_class=&#8221;accordion-class&#8221;][vc_column_text]\n<div class=\"vc_tta-panel-body\">\n<div class=\"wpb_text_column wpb_content_element \">\n<div class=\"wpb_wrapper\">\n<p>S\u00ec, le small business avranno requisiti pi\u00f9 flessibili e semplificati. La FDA definisce come small business un\u2019azienda con un fatturato annuo medio negli Stati Uniti, per il precedente periodo di 3 anni, inferiore a 1.000.000 di dollari, rettificato secondo l\u2019inflazione. Ci\u00f2 non si applica ad alcuna azienda o Responsible Person impegnata nella produzione di prodotti cosmetici che:<\/p>\n<ul>\n<li>Entrano in contatto con la mucosa degli occhi,<\/li>\n<li>Vengono iniettati,<\/li>\n<li>Sono destinati ad uso interno,<\/li>\n<li>Oppure modificano l\u2019aspetto per pi\u00f9 di 24 ore in condizioni d\u2019uso consuete o abituali.<\/li>\n<\/ul>\n<\/div>\n<\/div>\n<\/div>\n[\/vc_column_text][\/vc_tta_section][vc_tta_section title=&#8221;Quando sono richieste le registrazioni delle strutture e la sottomissione dei listing prodotti?&#8221; tab_id=&#8221;when-are-facility-registrations&#8221; el_class=&#8221;accordion-class&#8221;][vc_column_text]\n<div class=\"vc_tta-panel-body\">\n<div class=\"wpb_text_column wpb_content_element \">\n<div class=\"wpb_wrapper\">\n<p><span class=\"TextRun SCXW134910940 BCX0\" lang=\"EN-US\" xml:lang=\"EN-US\" data-contrast=\"none\"><span class=\"NormalTextRun SCXW134910940 BCX0\">Per gli stabilimenti esistenti, la registrazione e il listing dei prodotti devono essere effettuati entro il 29 dicembre 2023.<\/span><\/span><span class=\"TextRun SCXW134910940 BCX0\" lang=\"EN-US\" xml:lang=\"EN-US\" data-contrast=\"auto\"><span class=\"NormalTextRun SCXW134910940 BCX0\"> I nuovi stabilimenti che producono o elaborano prodotti cosmetici per la distribuzione negli Stati Uniti devono registrarsi entro 60 giorni dalla commercializzazione del prodotto o 60 giorni dopo la scadenza per le strutture esistenti, a seconda di quale data sia la pi\u00f9 lontana.<\/span><\/span><span class=\"EOP SCXW134910940 BCX0\" data-ccp-props=\"{&quot;201341983&quot;:0,&quot;335559739&quot;:0,&quot;335559740&quot;:259}\"><\/span><\/p>\n<\/div>\n<\/div>\n<\/div>\n[\/vc_column_text][\/vc_tta_section][vc_tta_section title=&#8221;Cosa succede se abbiamo pi\u00f9 prodotti cosmetici? Come possiamo listarli tutti?&#8221; tab_id=&#8221;what-if-I-have-multiple&#8221; el_class=&#8221;accordion-class&#8221;][vc_column_text]\n<div class=\"vc_tta-panel-body\">\n<div class=\"wpb_text_column wpb_content_element \">\n<div class=\"wpb_wrapper\">\n<p><span class=\"TextRun SCXW233625468 BCX0\" lang=\"EN-US\" xml:lang=\"EN-US\" data-contrast=\"auto\"><span class=\"NormalTextRun SCXW233625468 BCX0\">MoCRA<\/span> <span class=\"NormalTextRun SCXW233625468 BCX0\">consente<\/span><span class=\"NormalTextRun SCXW233625468 BCX0\"> \u201c<\/span><span class=\"NormalTextRun SCXW233625468 BCX0\"><\/span><span class=\"NormalTextRun SCXW233625468 BCX0\"><\/span><span class=\"NormalTextRun SCXW233625468 BCX0\">listing<\/span><span class=\"NormalTextRun SCXW233625468 BCX0\">flessibili<\/span><span class=\"NormalTextRun SCXW233625468 BCX0\">.<\/span><span class=\"NormalTextRun SCXW233625468 BCX0\">\u201c<\/span><span class=\"NormalTextRun SCXW233625468 BCX0\"> In caso di flexible listing, <\/span><span class=\"NormalTextRun SCXW233625468 BCX0\">le aziende possono sottomettere un <\/span><span class=\"NormalTextRun SCXW233625468 BCX0\">unico listing di prodotti<\/span> cosmetici <span class=\"NormalTextRun SCXW233625468 BCX0\">con<\/span><span class=\"NormalTextRun SCXW233625468 BCX0\"> formulazioni identiche o formulazioni che differiscono solo per quanto riguarda i colori, le fragranze, gli aromi o la quantit\u00e0 del contenuto.<\/span><\/span><span class=\"EOP SCXW233625468 BCX0\" data-ccp-props=\"{&quot;201341983&quot;:0,&quot;335559739&quot;:0,&quot;335559740&quot;:259}\"><\/span><\/p>\n<\/div>\n<\/div>\n<\/div>\n[\/vc_column_text][\/vc_tta_section][vc_tta_section title=&#8221;Cosa possiamo fare per prepararci al MoCRA ora?&#8221; tab_id=&#8221;what-can-I-do&#8221; el_class=&#8221;accordion-class&#8221;][vc_column_text]\n<div class=\"vc_tta-panel-body\">\n<div class=\"wpb_text_column wpb_content_element \">\n<div class=\"wpb_wrapper\">\n<p><span class=\"TextRun SCXW252003706 BCX0\" lang=\"EN-US\" xml:lang=\"EN-US\" data-contrast=\"auto\"><span class=\"NormalTextRun SCXW252003706 BCX0\">Contattate Registrar Corp<\/span> <span class=\"NormalTextRun SCXW252003706 BCX0\">per <\/span><span class=\"NormalTextRun SCXW252003706 BCX0\">determinare<\/span> <span class=\"NormalTextRun SCXW252003706 BCX0\">quali<\/span><span class=\"NormalTextRun SCXW252003706 BCX0\"> responsabilit\u00e0 la vostra azienda dovr\u00e0 completare per essere a norma.<\/span><\/span><span class=\"EOP SCXW252003706 BCX0\" data-ccp-props=\"{&quot;201341983&quot;:0,&quot;335559739&quot;:0,&quot;335559740&quot;:259}\"><\/span><\/p>\n<\/div>\n<\/div>\n<\/div>\n[\/vc_column_text][\/vc_tta_section][vc_tta_section title=&#8221;Quali sono i nuovi requisiti di etichettatura?&#8221; tab_id=&#8221;what-are-the-new-labeling&#8221; el_class=&#8221;accordion-class&#8221;][vc_column_text]\n<ul>\n<li><strong>Un indirizzo statunitense<\/strong>,<\/li>\n<li><strong>Un numero di telefono statunitense<\/strong>, oppure<\/li>\n<li>Informazioni di contatto elettroniche grazie alle quali una persona responsabile pu\u00f2 ricevere segnalazioni di adverse event.<\/li>\n<\/ul>\n<p>I prodotti cosmetici che contengono allergeni nelle fragranze devono aggiornare la propria etichetta per elencarli. Per i prodotti cosmetici ad uso professionale, le etichette devono indicare una dichiarazione chiara e prominente che il prodotto \u00e8 somministrato o utilizzato solo da professionisti autorizzati ed \u00e8 conforme ai requisiti di etichettatura cosmetica esistenti.[\/vc_column_text][\/vc_tta_section][vc_tta_section title=&#8221;Quando entrano in vigore i nuovi requisiti di etichettatura?&#8221; tab_id=&#8221;when-do-the-new-labeling&#8221; el_class=&#8221;accordion-class&#8221;][vc_column_text]\n<div class=\"vc_tta-panel-body\">\n<div class=\"wpb_text_column wpb_content_element \">\n<div class=\"wpb_wrapper\">\n<p>Entro <strong>1 anno<\/strong>: Le etichette dei prodotti cosmetici ad uso professionale devono includere tutte le informazioni richieste e dichiarare che solo i professionisti autorizzati possono utilizzare il prodotto.<\/p>\n<p>Entro <strong>2 anni<\/strong>: Le etichette devono includere le informazioni di contatto della persona responsabile per la segnalazione degli adverse event e devono identificare gli allergeni nelle fragranze stabiliti dalla FDA.<\/p>\n<\/div>\n<\/div>\n<\/div>\n[\/vc_column_text][\/vc_tta_section][\/vc_tta_accordion][\/vc_column][\/vc_row][\/vc_section]\n<\/div>","protected":false},"excerpt":{"rendered":"<p>[vc_section el_class=&#8221;banner-section&#8221;][vc_row full_width=&#8221;stretch_row&#8221; content_placement=&#8221;top&#8221; disable_element=&#8221;yes&#8221; css=&#8221;.vc_custom_1709062389910{padding-top: 40px !important;background-color: #f4f4f4 !important;}&#8221;][vc_column][vc_single_image image=&#8221;26287&#8243; img_size=&#8221;full&#8221; alignment=&#8221;center&#8221; onclick=&#8221;custom_link&#8221; link=&#8221;https:\/\/staging.registrarcorp.com\/it\/services\/fda-registration\/cosmetics\/&#8221;][\/vc_column][\/vc_row][vc_row full_width=&#8221;stretch_row&#8221; css=&#8221;.vc_custom_1726758765454{padding-top: 70px !important;padding-bottom: 20px !important;background-color: #f4f4f4 !important;}&#8221; el_class=&#8221;topContainer row-wdith hero-section&#8221; el_id=&#8221;headerRow&#8221;][vc_column width=&#8221;1\/2&#8243;][vc_column_text fnt_family_h1=&#8221;Montserrat&#8221; fnt_size_h1=&#8221;46&#8243;] Preparati ora a soddisfare i nuovi requisiti FDA statunitensi per le aziende cosmetiche. [\/vc_column_text][vc_column_text fnt_family=&#8221;Montserrat&#8221; fnt_size=&#8221;24&#8243;]Gli Stati Uniti hanno ratificato il Modernization of Cosmetics Regulation<\/p>\n","protected":false},"author":33,"featured_media":0,"parent":12772,"menu_order":0,"comment_status":"closed","ping_status":"closed","template":"page-templates\/page-sidebar-none.php","meta":{"_acf_changed":false,"content-type":"","footnotes":""},"class_list":["post-12693","page","type-page","status-publish","hentry"],"acf":[],"_links":{"self":[{"href":"https:\/\/staging.registrarcorp.com\/it\/wp-json\/wp\/v2\/pages\/12693","targetHints":{"allow":["GET"]}}],"collection":[{"href":"https:\/\/staging.registrarcorp.com\/it\/wp-json\/wp\/v2\/pages"}],"about":[{"href":"https:\/\/staging.registrarcorp.com\/it\/wp-json\/wp\/v2\/types\/page"}],"author":[{"embeddable":true,"href":"https:\/\/staging.registrarcorp.com\/it\/wp-json\/wp\/v2\/users\/33"}],"replies":[{"embeddable":true,"href":"https:\/\/staging.registrarcorp.com\/it\/wp-json\/wp\/v2\/comments?post=12693"}],"version-history":[{"count":0,"href":"https:\/\/staging.registrarcorp.com\/it\/wp-json\/wp\/v2\/pages\/12693\/revisions"}],"up":[{"embeddable":true,"href":"https:\/\/staging.registrarcorp.com\/it\/wp-json\/wp\/v2\/pages\/12772"}],"wp:attachment":[{"href":"https:\/\/staging.registrarcorp.com\/it\/wp-json\/wp\/v2\/media?parent=12693"}],"curies":[{"name":"wp","href":"https:\/\/api.w.org\/{rel}","templated":true}]}}