{"id":32328,"date":"2024-02-12T09:07:43","date_gmt":"2024-02-12T09:07:43","guid":{"rendered":"https:\/\/staging.registrarcorp.com\/thank-you-complyhub-demo-scheduled\/"},"modified":"2024-07-18T18:31:33","modified_gmt":"2024-07-18T18:31:33","slug":"thank-you-complyhub-demo-scheduled","status":"publish","type":"page","link":"https:\/\/staging.registrarcorp.com\/fr\/thank-you-complyhub-demo-scheduled\/","title":{"rendered":"Merci (d\u00e9monstration programm\u00e9e de ComplyHub)"},"content":{"rendered":"<div class=\"wpb-content-wrapper\">[vc_row css=&#8221;.vc_custom_1689694296283{padding-top: 50px !important;}&#8221;][vc_column][vc_column_text css=&#8221;.vc_custom_1707732547771{padding-top: 30px !important;padding-bottom: 30px !important;}&#8221;]\n<h2 style=\"text-align: center;\">Merci<\/h2>\n<h3 style=\"text-align: center;\">F\u00e9licitations\u00a0\u00a0! Vous vous rapprochez de la conformit\u00e9 FSVP 24\u00a0h\/24, 7\u00a0j\/7. Merci d\u2019avoir planifi\u00e9 votre d\u00e9monstration ComplyHub.<\/h3>\n<p style=\"text-align: center;\">Nous sommes impatients de vous montrer comment ComplyHub vous aide \u00e0 rester conforme aux FSVP. Si vous avez des questions avant votre d\u00e9monstration, veuillez contacter <a style=\"font-weight: 500;\" href=\"mailto: complyhub@registrarcorp.com\">complyhub@registrarcorp.com<\/a> ou consulter nos ressources ComplyHub ci-dessous.<\/p>\n<p style=\"text-align: center; font-weight: 500;\"><a href=\"https:\/\/staging.registrarcorp.com\/fr\/blog\/?category=complyhub\">En savoir plus sur FSVP et ComplyHub<\/a><\/p>\n[\/vc_column_text][\/vc_column][\/vc_row]\n<\/div>","protected":false},"excerpt":{"rendered":"<p>[vc_row css=&#8221;.vc_custom_1689694296283{padding-top: 50px !important;}&#8221;][vc_column][vc_column_text css=&#8221;.vc_custom_1707732547771{padding-top: 30px !important;padding-bottom: 30px !important;}&#8221;] Merci F\u00e9licitations\u00a0\u00a0! Vous vous rapprochez de la conformit\u00e9 FSVP 24\u00a0h\/24, 7\u00a0j\/7. Merci d\u2019avoir planifi\u00e9 votre d\u00e9monstration ComplyHub. Nous sommes impatients de vous montrer comment ComplyHub vous aide \u00e0 rester conforme aux FSVP. Si vous avez des questions avant votre d\u00e9monstration, veuillez contacter complyhub@registrarcorp.com ou consulter nos<\/p>\n","protected":false},"author":23,"featured_media":0,"parent":0,"menu_order":0,"comment_status":"closed","ping_status":"closed","template":"page-templates\/page-sidebar-none.php","meta":{"_acf_changed":false,"content-type":"","footnotes":""},"class_list":["post-32328","page","type-page","status-publish","hentry"],"acf":[],"_links":{"self":[{"href":"https:\/\/staging.registrarcorp.com\/fr\/wp-json\/wp\/v2\/pages\/32328","targetHints":{"allow":["GET"]}}],"collection":[{"href":"https:\/\/staging.registrarcorp.com\/fr\/wp-json\/wp\/v2\/pages"}],"about":[{"href":"https:\/\/staging.registrarcorp.com\/fr\/wp-json\/wp\/v2\/types\/page"}],"author":[{"embeddable":true,"href":"https:\/\/staging.registrarcorp.com\/fr\/wp-json\/wp\/v2\/users\/23"}],"replies":[{"embeddable":true,"href":"https:\/\/staging.registrarcorp.com\/fr\/wp-json\/wp\/v2\/comments?post=32328"}],"version-history":[{"count":0,"href":"https:\/\/staging.registrarcorp.com\/fr\/wp-json\/wp\/v2\/pages\/32328\/revisions"}],"wp:attachment":[{"href":"https:\/\/staging.registrarcorp.com\/fr\/wp-json\/wp\/v2\/media?parent=32328"}],"curies":[{"name":"wp","href":"https:\/\/api.w.org\/{rel}","templated":true}]}}