{"id":26731,"date":"2023-12-26T18:54:33","date_gmt":"2023-12-26T18:54:33","guid":{"rendered":"https:\/\/staging.registrarcorp.com\/business-model\/global-compliance-solutions\/canada\/"},"modified":"2024-09-26T21:40:04","modified_gmt":"2024-09-26T21:40:04","slug":"canada","status":"publish","type":"page","link":"https:\/\/staging.registrarcorp.com\/fr\/business-model\/global-compliance-solutions\/canada\/","title":{"rendered":"Canada"},"content":{"rendered":"<div class=\"wpb-content-wrapper\">[vc_section el_class=&#8221;banner-section&#8221;][vc_row full_width=&#8221;stretch_row&#8221; css=&#8221;.vc_custom_1726757342969{padding-top: 40px !important;padding-bottom: 20px !important;background-color: #f4f4f4 !important;}&#8221; el_class=&#8221;topContainer row-wdith hero-section&#8221; el_id=&#8221;headerRow&#8221;][vc_column width=&#8221;1\/2&#8243;][vc_column_text css=&#8221;&#8221; fnt_family=&#8221;Montserrat&#8221; fnt_size=&#8221;46&#8243;]\n<h1 style=\"font-weight: bold;\"><span style=\"color: #003873;\"><strong>Conformit\u00e9<\/strong><\/span><br \/>\n<strong><span style=\"color: #0081ff;\"> mondiale simplifi\u00e9e.<\/span><\/strong><\/h1>\n[\/vc_column_text][vc_column_text fnt_family=&#8221;Montserrat&#8221; fnt_size=&#8221;24&#8243; grad_text_color1=&#8221;#003873&#8243;]Nous ne nous contentons pas de nous conformer \u00e0 la FDA. Les offres r\u00e9glementaires de Registrar Corp vont bien au-del\u00e0 du respect des normes am\u00e9ricaines en mati\u00e8re d\u2019importation et d\u2019exportation. Nous soutenons \u00e9galement les entreprises nationales et internationales exportant vers des pays et des agences dans le monde entier gr\u00e2ce \u00e0 des services technologiques mondiaux.[\/vc_column_text][vc_btn title=&#8221;En savoir plus sur la conformit\u00e9 mondiale&#8221; color=&#8221;sky&#8221; i_align=&#8221;right&#8221; i_icon_fontawesome=&#8221;fas fa-arrow-right&#8221; add_icon=&#8221;true&#8221; el_class=&#8221;primary-btn&#8221; link=&#8221;url:%23compliance-section|&#8221;][\/vc_column][vc_column width=&#8221;1\/2&#8243; el_class=&#8221;container-right&#8221;][vc_single_image image=&#8221;3952&#8243; img_size=&#8221;595&#215;499&#8243; alignment=&#8221;center&#8221;][\/vc_column][\/vc_row][\/vc_section][vc_section full_width=&#8221;stretch_row&#8221; css=&#8221;.vc_custom_1686039165165{padding-bottom: 80px !important;background-color: #ffffff !important;}&#8221; el_id=&#8221;compliance-section&#8221;][vc_row full_width=&#8221;stretch_row&#8221; css=&#8221;.vc_custom_1685617778157{padding-top: 40px !important;padding-bottom: 20px !important;background-color: #ffffff !important;}&#8221;][vc_column width=&#8221;1\/2&#8243;][vc_single_image image=&#8221;3961&#8243; img_size=&#8221;518&#215;255&#8243;][\/vc_column][vc_column width=&#8221;1\/2&#8243;][vc_custom_heading text=&#8221;Dans tous les pays et industries, nous sommes votre guide pour la conformit\u00e9.&#8221; font_container=&#8221;tag:h2|font_size:32px|text_align:left|color:%23003873|line_height:40px&#8221; google_fonts=&#8221;font_family:Montserrat%3Aregular%2C700|font_style:700%20bold%20regular%3A700%3Anormal&#8221;][vc_column_text fnt_family=&#8221;Montserrat&#8221; fnt_size=&#8221;18px&#8221; grad_text_color1=&#8221;#003873&#8243;]En tant que consultants en r\u00e9glementation de premier plan depuis plus de 20\u00a0ans, nos services de conformit\u00e9 couvrent le monde entier. De l\u2019inscription aupr\u00e8s d\u2019agences gouvernementales aux solutions logicielles compl\u00e8tes qui exploitent les bases de donn\u00e9es r\u00e9glementaires, vous pouvez faire confiance \u00e0 Registrar Corp pour tous les besoins de conformit\u00e9 mondiaux de votre entreprise.[\/vc_column_text][\/vc_column][\/vc_row][vc_row full_width=&#8221;stretch_row&#8221; css=&#8221;.vc_custom_1685618914004{background-color: #ffffff !important;}&#8221;][vc_column width=&#8221;1\/2&#8243;][vc_row_inner][vc_column_inner][vc_single_image image=&#8221;3909&#8243; img_size=&#8221;full&#8221; alignment=&#8221;center&#8221; el_class=&#8221;heading-img&#8221;][vc_custom_heading text=&#8221;Aliments et boissons&#8221; font_container=&#8221;tag:h2|font_size:24px|text_align:left|color:%23003873|line_height:40px&#8221; google_fonts=&#8221;font_family:Montserrat%3Aregular%2C700|font_style:700%20bold%20regular%3A700%3Anormal&#8221;][vc_raw_html]PGRpdiBjbGFzcz0iZ2xvYmFsLXVsbGkiPgogICAgPHA+CiAgICAgIEV4cG9ydGV6IHZvcyBiaWVucyBkZSBjb25zb21tYXRpb24gZW4gQ2hpbmUgYXZlYyBSZWdpc3RyYXIgQ29ycC4gTm91cyBmYWNpbGl0b25zIMOpZ2FsZW1lbnQgbGEgY3LDqWF0aW9uIGTigJnDqXRpcXVldHRlcyBkZSBkb25uw6llcyBudXRyaXRpb25uZWxsZXMgaW50ZXJuYXRpb25hbGVzIGNvbmZvcm1lcyBhdmVjIG5vdHJlIHNvbHV0aW9uIGxvZ2ljaWVsbGUgZGUgcmVjZXR0ZXMsIEEgbGEgQ2FsYy4KICAgIDwvcD4KICAgIDxwIHN0eWxlPSJtYXJnaW4tYm90dG9tOiA1cHg7Ij5Ob3Mgc2VydmljZXMgZGUgY29uZm9ybWl0w6kgbW9uZGlhdXggcG91ciBsZXMgaW5zdGFsbGF0aW9ucyBhZ3JvYWxpbWVudGFpcmVzIGNvbXByZW5uZW50wqDCoDo8L3A+CiAgICA8dWw+CiAgICAgIDxsaT5FbnJlZ2lzdHJlbWVudCBHQUNDIHBvdXIgbGVzIHNvY2nDqXTDqXMgYW3DqXJpY2FpbmVzIGV0IGludGVybmF0aW9uYWxlczwvbGk+CiAgICAgIDxsaT5Tb3VtaXNzaW9uIGTigJl1bmUgZGVtYW5kZSBwb3VyIHBsdXNpZXVycyBjYXTDqWdvcmllcyBkZSBwcm9kdWl0czwvbGk+CiAgICAgIDxsaT5FeHBvcnRlciBsZXMgbWlzZXMgw6Agam91ciBkZSBsYSBsaXN0ZTwvbGk+CiAgICA8L3VsPgo8cCBzdHlsZT0ibWFyZ2luLWJvdHRvbTogNXB4OyI+QXZlYyBBIGxhIENhbGMsIHZvdXMgb2J0ZW5lesKgwqA6PC9wPgo8dWw+CjxsaT5CYXNlIGRlIGRvbm7DqWVzIGludGVybmF0aW9uYWxlIHN1ciBsZXMgaW5ncsOpZGllbnRzIGV0IGxlcyByw6lnbGVtZW50YXRpb25zIChVRSwgUm95YXVtZS1VbmksIMOJdGF0cy1VbmlzKTwvbGk+CjxsaT5Ob3JtZXMgaW50ZXJuYXRpb25hbGVzIGludMOpZ3LDqWVzIGVuIG1hdGnDqHJlIGRlIHLDqWdsZW1lbnRhdGlvbiBldCBk4oCZaW5ncsOpZGllbnRzIHBvdXIgbGEgY3LDqWF0aW9uIGRlIHJlY2V0dGVzPC9saT4KPGxpPlNvdXRpZW4gw6AgbGEgY29uZm9ybWl0w6kgcG91ciBsZXMgw6l0aXF1ZXR0ZXMgZOKAmWluZm9ybWF0aW9ucyBudXRyaXRpb25uZWxsZXMgZGUgbOKAmVVFIGV0IGR1IFJveWF1bWUtVW5pPC9saT4KPC91bD4KICA8L2Rpdj4=[\/vc_raw_html][vc_btn title=&#8221;D\u00e9couvrez nos services&#8221; color=&#8221;white&#8221; i_align=&#8221;right&#8221; i_icon_fontawesome=&#8221;fas fa-arrow-right&#8221; add_icon=&#8221;true&#8221; link=&#8221;url:https%3A%2F%2Fstaging.registrarcorp.com%2Ffr%2Findustries%2Ffood-beverage%2F|&#8221; el_class=&#8221;secondary-btn&#8221;][\/vc_column_inner][\/vc_row_inner][\/vc_column][vc_column width=&#8221;1\/2&#8243;][vc_row_inner][vc_column_inner][vc_single_image image=&#8221;3917&#8243; img_size=&#8221;full&#8221; alignment=&#8221;center&#8221; el_class=&#8221;heading-img&#8221;][vc_custom_heading text=&#8221;Compl\u00e9ments alimentaires&#8221; font_container=&#8221;tag:h2|font_size:24px|text_align:left|color:%23003873|line_height:40px&#8221; google_fonts=&#8221;font_family:Montserrat%3Aregular%2C700|font_style:700%20bold%20regular%3A700%3Anormal&#8221;][vc_raw_html]PGRpdiBjbGFzcz0iZ2xvYmFsLXVsbGkiPgogICAgPHA+CiAgICAgSW50cm9kdWlyZSBkZXMgbWFyY2hhbmRpc2VzIMOgIGhhdXQgcmlzcXVlIHN1ciBsZSBtYXJjaMOpIGNoaW5vaXMgcGFyIGxlIGJpYWlzIGR1IEdBQ0MgZXQgdm91cyBhc3N1cmVyIHF1ZSB2b3Mgw6l0aXF1ZXR0ZXMgZOKAmWluZm9ybWF0aW9ucyBudXRyaXRpb25uZWxsZXMgcsOpcG9uZGVudCBhdXggbm9ybWVzIGludGVybmF0aW9uYWxlcyBhdmVjIEEgbGEgQ2FsYy4KICAgIDwvcD4KICAgIDxwIHN0eWxlPSJtYXJnaW4tYm90dG9tOiA1cHg7Ij5Ob3Mgc2VydmljZXMgbW9uZGlhdXggZGUgY29uZm9ybWl0w6kgcG91ciBsZXMgaW5zdGFsbGF0aW9ucyBkZSBjb21wbMOpbWVudHMgYWxpbWVudGFpcmVzIGNvbXByZW5uZW50wqDCoDo8L3A+CiAgICA8dWw+CiAgICAgIDxsaT5FbnJlZ2lzdHJlbWVudCBHQUNDIGV0IEZEQTwvbGk+CiAgICAgIDxsaT5Tb3VtaXNzaW9uIGTigJl1bmUgZGVtYW5kZSBwb3VyIHBsdXNpZXVycyBjYXTDqWdvcmllcyBkZSBwcm9kdWl0czwvbGk+CiAgICAgIDxsaT5FeHBvcnRlciBsZXMgbWlzZXMgw6Agam91ciBkZSBsYSBsaXN0ZTwvbGk+CiAgICA8L3VsPgo8cCBzdHlsZT0ibWFyZ2luLWJvdHRvbTogNXB4OyI+QXZlYyBBIGxhIENhbGMsIHZvdXMgb2J0ZW5lesKgwqA6PC9wPgo8dWw+CjxsaT5CYXNlIGRlIGRvbm7DqWVzIGludGVybmF0aW9uYWxlIHN1ciBsZXMgaW5ncsOpZGllbnRzIGV0IGxlcyByw6lnbGVtZW50YXRpb25zIChVRSwgUm95YXVtZS1VbmksIMOJdGF0cy1VbmlzKTwvbGk+CjxsaT5Ob3JtZXMgaW50ZXJuYXRpb25hbGVzIGludMOpZ3LDqWVzIGVuIG1hdGnDqHJlIGRlIHLDqWdsZW1lbnRhdGlvbiBldCBk4oCZaW5ncsOpZGllbnRzIHBvdXIgbGEgY3LDqWF0aW9uIGRlIHJlY2V0dGVzPC9saT4KPGxpPlNvdXRpZW4gw6AgbGEgY29uZm9ybWl0w6kgcG91ciBsZXMgw6l0aXF1ZXR0ZXMgZOKAmWluZm9ybWF0aW9ucyBudXRyaXRpb25uZWxsZXMgZGUgbOKAmVVFIGV0IGR1IFJveWF1bWUtVW5pPC9saT4KPC91bD4KICA8L2Rpdj4=[\/vc_raw_html][vc_btn title=&#8221;D\u00e9couvrez nos services&#8221; color=&#8221;white&#8221; i_align=&#8221;right&#8221; i_icon_fontawesome=&#8221;fas fa-arrow-right&#8221; add_icon=&#8221;true&#8221; link=&#8221;url:https%3A%2F%2Fstaging.registrarcorp.com%2Ffr%2Findustries%2Fdietary-supplements%2F|&#8221; el_class=&#8221;secondary-btn&#8221;][\/vc_column_inner][\/vc_row_inner][\/vc_column][\/vc_row][vc_row full_width=&#8221;stretch_row&#8221; css=&#8221;.vc_custom_1685619618758{background-color: #ffffff !important;}&#8221;][vc_column width=&#8221;1\/2&#8243;][vc_row_inner][vc_column_inner][vc_single_image image=&#8221;3901&#8243; img_size=&#8221;full&#8221; alignment=&#8221;center&#8221; css=&#8221;.vc_custom_1686041214474{padding-top: 5px !important;}&#8221; el_class=&#8221;heading-img&#8221;][vc_custom_heading text=&#8221;Produits pharmaceutiques&#8221; font_container=&#8221;tag:h2|font_size:24px|text_align:left|color:%23003873|line_height:40px&#8221; google_fonts=&#8221;font_family:Montserrat%3Aregular%2C700|font_style:700%20bold%20regular%3A700%3Anormal&#8221;][vc_raw_html]PGRpdiBjbGFzcz0iZ2xvYmFsLXVsbGkiPgogICAgPHA+CiAgICAgIE1ldHRyZSBzdXIgbGUgbWFyY2jDqSBkZXMgbcOpZGljYW1lbnRzIGVuIHZlbnRlIGxpYnJlIChPVEMpIGNvbmZvcm1lcy4gTm90cmUgc29sdXRpb24gcm9idXN0ZQogZGUgcsOpZ2xlbWVudGF0aW9uIGV0IGRlIGZvcm11bGF0aW9uLCBDb3NtZXRyaSwgZXN0CiBjb27Dp3VlIHBvdXIgdm91cyBhaWRlciDDoCBmb3JtdWxlciBkZXMgcHJvZHVpdHMgc8O7cnMgZXQgZWZmaWNhY2VzIGNvbmZvcm1lcyDDoAogdm90cmUgcGF5cyBjaWJsZS4KICAgIDwvcD4KICAgIDxwIHN0eWxlPSJtYXJnaW4tYm90dG9tOiA1cHg7Ij4KICAgICAgTGVzIGZvbmN0aW9ubmFsaXTDqXMgZGUgY29uZm9ybWl0w6kgaW50ZXJuYXRpb25hbGUgZGUgQ29zbWV0cmkgY29tcHJlbm5lbnTCoMKgOgogICAgPC9wPgogICAgPHVsPgogICAgICA8bGk+CiAgICAgICAgRG9ubsOpZXMgcsOpZ2xlbWVudGFpcmVzIHByb3ZlbmFudCBkZSBwbHVzIGRlIDU1wqBwYXlzICjDiXRhdHMtVW5pcywgQW3DqXJpcXVlIGR1IFN1ZCwgVUUsIENoaW5lCiwgQ2FuYWRhIGV0IEFzaWUgZHUgU3VkLUVzdCkKICAgICAgPC9saT4KICAgICAgPGxpPkNyw6lhdGlvbiBk4oCZw6l0aXF1ZXR0ZXMgZGUgcHJvZHVpdHMgYXV4IMOJdGF0cy1VbmlzLCBkYW5zIGzigJlVRSBldCDDoCBs4oCZaW50ZXJuYXRpb25hbDwvbGk+CiAgICAgIDxsaT5Eb3NzaWVycyBwcm9kdWl0cyBhdXggZm9ybWF0cyBVRSBvdSBBU0VBTjwvbGk+CiAgICAgIDxsaT5TdXJ2ZWlsbGFuY2UgZGVzIGluZ3LDqWRpZW50cyBldCB2w6lyaWZpY2F0ZXVyIGRlIGNvbmZvcm1pdMOpPC9saT4KICAgICAgPGxpPlpvbmVzIGV0IHBvbGl0aXF1ZXMgZGUgY29uZm9ybWl0w6kgcGVyc29ubmFsaXPDqWVzPC9saT4KICAgIDwvdWw+CiAgPC9kaXY+[\/vc_raw_html][vc_btn title=&#8221;D\u00e9couvrez nos services&#8221; color=&#8221;white&#8221; i_align=&#8221;right&#8221; i_icon_fontawesome=&#8221;fas fa-arrow-right&#8221; add_icon=&#8221;true&#8221; link=&#8221;url:https%3A%2F%2Fstaging.registrarcorp.com%2Ffr%2Findustries%2Fdrugs%2F|&#8221; el_class=&#8221;secondary-btn&#8221;][\/vc_column_inner][\/vc_row_inner][\/vc_column][vc_column width=&#8221;1\/2&#8243;][vc_row_inner][vc_column_inner][vc_single_image image=&#8221;3925&#8243; img_size=&#8221;full&#8221; alignment=&#8221;center&#8221; el_class=&#8221;heading-img&#8221;][vc_custom_heading text=&#8221;Dispositifs m\u00e9dicaux&#8221; font_container=&#8221;tag:h2|font_size:24px|text_align:left|color:%23003873|line_height:40px&#8221; google_fonts=&#8221;font_family:Montserrat%3Aregular%2C700|font_style:700%20bold%20regular%3A700%3Anormal&#8221;][vc_raw_html]PGRpdiBjbGFzcz0iZ2xvYmFsLXVsbGkiPgogICAgPHAgc3R5bGU9Im1hcmdpbi1ib3R0b206IDVweDsiPgogICAgICBQcsOpcGFyZXotdm91cyDDoCBlbnRyZXIgc3VyIGxlIG1hcmNow6kgY2FuYWRpZW4gYXZlYyBSZWdpc3RyYXIgQ29ycC4gTm91cyBhaWRvbnMgbGVzIMOpdGFibGlzc2VtZW50cyBkZSBkaXNwb3NpdGlmcyBtw6lkaWNhdXggw6AgcsOpcG9uZHJlIGF1eCBleGlnZW5jZXMgcsOpZ2xlbWVudGFpcmVzIGRlIFNhbnTDqSBDYW5hZGEgZ3LDomNlIMOgIGRlcyBzZXJ2aWNlcyB0ZWxzIHF1ZcKgwqA6CiAgICA8L3A+CiAgICA8dWw+CiAgICAgIDxsaT4KICAgICAgICBEw6l0ZXJtaW5hdGlvbiBkZSBsYSBjbGFzc2UgZGUgZGlzcG9zaXRpZgogICAgICA8L2xpPgogICAgICA8bGk+RGVtYW5kZSBkZSBsaWNlbmNlLCBtaXNlcyDDoCBqb3VyIGV0IHJlbm91dmVsbGVtZW50PC9saT4KICAgICAgPGxpPmZhY2lsaXRhdGlvbiBkZXMgZnJhaXMgZGUgbGljZW5jZTwvbGk+CiAgICAgIDxsaT5Tb3V0aWVuIHLDqWdsZW1lbnRhaXJlIGRlcyBjb3JyZXNwb25kYW50czwvbGk+CiAgICA8L3VsPgogIDwvZGl2Pg==[\/vc_raw_html][vc_btn title=&#8221;D\u00e9couvrez nos services&#8221; color=&#8221;white&#8221; i_align=&#8221;right&#8221; i_icon_fontawesome=&#8221;fas fa-arrow-right&#8221; add_icon=&#8221;true&#8221; link=&#8221;url:https%3A%2F%2Fstaging.registrarcorp.com%2Ffr%2Findustries%2Fmedical-devices%2F|&#8221; el_class=&#8221;secondary-btn&#8221;][\/vc_column_inner][\/vc_row_inner][\/vc_column][\/vc_row][vc_row full_width=&#8221;stretch_row_content&#8221; content_placement=&#8221;middle&#8221; css=&#8221;.vc_custom_1685706829078{background-color: #ffffff !important;}&#8221;][vc_column width=&#8221;1\/4&#8243;][vc_single_image image=&#8221;4028&#8243; img_size=&#8221;258&#215;330&#8243;][\/vc_column][vc_column width=&#8221;1\/2&#8243;][vc_row_inner el_class=&#8221;compliance-details-col&#8221;][vc_column_inner][vc_single_image image=&#8221;3941&#8243; img_size=&#8221;full&#8221; alignment=&#8221;center&#8221; el_class=&#8221;heading-img&#8221;][vc_custom_heading text=&#8221;Cosm\u00e9tiques&#8221; font_container=&#8221;tag:h2|font_size:24px|text_align:left|color:%23003873|line_height:40px&#8221; google_fonts=&#8221;font_family:Montserrat%3Aregular%2C700|font_style:700%20bold%20regular%3A700%3Anormal&#8221;][vc_raw_html]PGRpdiBjbGFzcz0iZ2xvYmFsLXVsbGkiPgogICAgPHA+CiAgICAgIFJlc3BlY3RlciBsZXMgcsOpZ2xlbWVudGF0aW9ucyBpbnRlcm5hdGlvbmFsZXMgcmVsYXRpdmVzIGF1eCBwcm9kdWl0cyBkZSBiZWF1dMOpLiBDb3NtZXRyaSwgbm90cmUgc29sdXRpb24gZGUgcsOpZ2xlbWVudGF0aW9uIGV0IGRlIGZvcm11bGF0aW9uLCBvZmZyZSBkZXMgZm9uY3Rpb25uYWxpdMOpcyBkZSBjb25mb3JtaXTDqSBldCBkZSBzw6ljdXJpdMOpIMOpdGVuZHVlcyBhZGFwdMOpZXMgYXV4IHLDqWdsZW1lbnRhdGlvbnMgZGVzIG1hcmNow6lzIGRlIHZvdHJlIGNob2l4LgogICAgPC9wPgo8cCBzdHlsZT0ibWFyZ2luLWJvdHRvbTogNXB4OyI+TGVzIGZvbmN0aW9ubmFsaXTDqXMgZGUgY29uZm9ybWl0w6kgaW50ZXJuYXRpb25hbGUgZGUgQ29zbWV0cmkgY29tcHJlbm5lbnTCoMKgOjwvcD4KICAgIDx1bD4KICAgICAgPGxpPgogICAgICAgRG9ubsOpZXMgcsOpZ2xlbWVudGFpcmVzIHByb3ZlbmFudCBkZSBwbHVzIGRlIDU1wqBwYXlzICh5IGNvbXByaXMgbGVzIDI3wqBwYXlzIGRlIGzigJlVRSkKICAgICAgPC9saT4KICAgICAgPGxpPkNyw6lhdGlvbiBk4oCZw6l0aXF1ZXR0ZXMgZGUgcHJvZHVpdHMgYXV4IMOJdGF0cy1VbmlzLCBkYW5zIGzigJlVRSBldCDDoCBs4oCZaW50ZXJuYXRpb25hbDwvbGk+CiAgICAgIDxsaT5Eb3NzaWVycyBwcm9kdWl0cyBhdXggZm9ybWF0cyBVRSBvdSBBU0VBTjwvbGk+CiAgICAgIDxsaT5TdXJ2ZWlsbGFuY2UgZGVzIGluZ3LDqWRpZW50cyBldCB2w6lyaWZpY2F0ZXVyIGRlIGNvbmZvcm1pdMOpPC9saT4KPGxpPlpvbmVzIGV0IHBvbGl0aXF1ZXMgZGUgY29uZm9ybWl0w6kgcGVyc29ubmFsaXPDqWVzPC9saT4KICAgIDwvdWw+CiAgPC9kaXY+[\/vc_raw_html][vc_btn title=&#8221;D\u00e9couvrez nos services&#8221; color=&#8221;white&#8221; i_align=&#8221;right&#8221; i_icon_fontawesome=&#8221;fas fa-arrow-right&#8221; add_icon=&#8221;true&#8221; link=&#8221;url:https%3A%2F%2Fstaging.registrarcorp.com%2Ffr%2Findustries%2Fcosmetics%2F|&#8221; el_class=&#8221;secondary-btn&#8221;][\/vc_column_inner][\/vc_row_inner][\/vc_column][vc_column width=&#8221;1\/4&#8243;][vc_single_image image=&#8221;4193&#8243; img_size=&#8221;258&#215;330&#8243; alignment=&#8221;right&#8221;][\/vc_column][\/vc_row][\/vc_section]\n<\/div>","protected":false},"excerpt":{"rendered":"<p>[vc_section el_class=&#8221;banner-section&#8221;][vc_row full_width=&#8221;stretch_row&#8221; css=&#8221;.vc_custom_1726757342969{padding-top: 40px !important;padding-bottom: 20px !important;background-color: #f4f4f4 !important;}&#8221; el_class=&#8221;topContainer row-wdith hero-section&#8221; el_id=&#8221;headerRow&#8221;][vc_column width=&#8221;1\/2&#8243;][vc_column_text css=&#8221;&#8221; fnt_family=&#8221;Montserrat&#8221; fnt_size=&#8221;46&#8243;] Conformit\u00e9 mondiale simplifi\u00e9e. [\/vc_column_text][vc_column_text fnt_family=&#8221;Montserrat&#8221; fnt_size=&#8221;24&#8243; grad_text_color1=&#8221;#003873&#8243;]Nous ne nous contentons pas de nous conformer \u00e0 la FDA. Les offres r\u00e9glementaires de Registrar Corp vont bien au-del\u00e0 du respect des normes am\u00e9ricaines en mati\u00e8re d\u2019importation et d\u2019exportation. Nous<\/p>\n","protected":false},"author":33,"featured_media":0,"parent":13262,"menu_order":0,"comment_status":"closed","ping_status":"closed","template":"page-templates\/page-sidebar-none.php","meta":{"_acf_changed":false,"content-type":"","footnotes":""},"class_list":["post-26731","page","type-page","status-publish","hentry"],"acf":[],"_links":{"self":[{"href":"https:\/\/staging.registrarcorp.com\/fr\/wp-json\/wp\/v2\/pages\/26731","targetHints":{"allow":["GET"]}}],"collection":[{"href":"https:\/\/staging.registrarcorp.com\/fr\/wp-json\/wp\/v2\/pages"}],"about":[{"href":"https:\/\/staging.registrarcorp.com\/fr\/wp-json\/wp\/v2\/types\/page"}],"author":[{"embeddable":true,"href":"https:\/\/staging.registrarcorp.com\/fr\/wp-json\/wp\/v2\/users\/33"}],"replies":[{"embeddable":true,"href":"https:\/\/staging.registrarcorp.com\/fr\/wp-json\/wp\/v2\/comments?post=26731"}],"version-history":[{"count":0,"href":"https:\/\/staging.registrarcorp.com\/fr\/wp-json\/wp\/v2\/pages\/26731\/revisions"}],"up":[{"embeddable":true,"href":"https:\/\/staging.registrarcorp.com\/fr\/wp-json\/wp\/v2\/pages\/13262"}],"wp:attachment":[{"href":"https:\/\/staging.registrarcorp.com\/fr\/wp-json\/wp\/v2\/media?parent=26731"}],"curies":[{"name":"wp","href":"https:\/\/api.w.org\/{rel}","templated":true}]}}