{"id":25816,"date":"2023-09-15T09:51:43","date_gmt":"2023-09-15T09:51:43","guid":{"rendered":"https:\/\/staging.registrarcorp.com\/fda-regulations-2\/"},"modified":"2024-09-03T19:42:49","modified_gmt":"2024-09-03T19:42:49","slug":"fda-regulations-2","status":"publish","type":"page","link":"https:\/\/staging.registrarcorp.com\/fr\/fda-regulations-2\/","title":{"rendered":"Assistance aux r\u00e9glementations de la FDA am\u00e9ricaine"},"content":{"rendered":"<div class=\"wpb-content-wrapper\">[vc_section el_id=&#8221;section-hero&#8221;][vc_row full_width=&#8221;stretch_row&#8221; css=&#8221;.vc_custom_1696937528435{padding-top: 70px !important;padding-bottom: 50px !important;background-color: #ffffff !important;}&#8221;][vc_column width=&#8221;1\/2&#8243;][vc_column_text fnt_family=&#8221;Montserrat&#8221; fnt_size=&#8221;46px&#8221;]\n<h1 style=\"font-weight: bold; line-height: 58px;\"><span style=\"color: #003873;\">Votre ressource compl\u00e8te pour la conformit\u00e9 <\/span><span style=\"color: #0081ff;\">\u00e0 la FDA am\u00e9ricaine.<\/span><\/h1>\n[\/vc_column_text][vc_raw_html]PHAgY2xhc3M9InRleHRDb2xsYWJQYXJhZ3JhcGggaGlkZGVuIj48c3BhbiBjbGFzcz0iY29sbGFiLW5hbWUiPjwvc3Bhbj4gYSBjaG9pc2kgUmVnaXN0cmFyIENvcnAgY29tbWUgZm91cm5pc3NldXIgcmVjb21tYW5kw6kgZGUgc2VydmljZXMgZGUgY29uZm9ybWl0w6kgRkRBLjwvcD4=[\/vc_raw_html][vc_btn title=&#8221;Obtenir l\u2019aide d\u2019un expert&#8221; style=&#8221;flat&#8221; shape=&#8221;square&#8221; color=&#8221;blue&#8221; size=&#8221;lg&#8221; align=&#8221;left&#8221; i_align=&#8221;right&#8221; i_icon_fontawesome=&#8221;fas fa-arrow-right&#8221; add_icon=&#8221;true&#8221; el_class=&#8221;primary-btn btnTextBold&#8221; css=&#8221;.vc_custom_1695222817639{padding-top: 38px !important;}&#8221; link=&#8221;url:%23getStarted|&#8221;][\/vc_column][vc_column width=&#8221;1\/2&#8243;][vc_raw_html]PGRpdiBjbGFzcz0iY29sbGFiLWJveCI+CjwhLS1oMyBjbGFzcz0idGV4dENvbGxhYkhlYWRlciI+SW4gY29sbGFib3JhdGlvbiB3aXRoPC9oMyEtLT4KPGltZyBjbGFzcz0iY29sbGFiLWxvZ28iIHNyYz0iIj4KPC9kaXY+[\/vc_raw_html][\/vc_column][\/vc_row][vc_row][vc_column][vc_raw_js]JTNDc2NyaXB0JTIwc3JjJTNEJTIyJTJGd3AtY29udGVudCUyRnRoZW1lcyUyRmJvb3RzY29yZS1jaGlsZC1tYWluJTJGanMlMkZyZWZlcnJhbE9yZ2FuaXphdGlvbnMuanMlMjIlM0UlM0MlMkZzY3JpcHQlM0UlMEElM0NzY3JpcHQlMjBzcmMlM0QlMjIlMkZ3cC1jb250ZW50JTJGdGhlbWVzJTJGYm9vdHNjb3JlLWNoaWxkLW1haW4lMkZqcyUyRmZkYV9yZWd1bGF0aW9ucy5qcyUyMiUzRSUzQyUyRnNjcmlwdCUzRQ==[\/vc_raw_js][\/vc_column][\/vc_row][\/vc_section][vc_row full_width=&#8221;stretch_row&#8221; css=&#8221;.vc_custom_1694771914892{padding-top: 50px !important;padding-bottom: 50px !important;background-color: #eceff1 !important;}&#8221; el_class=&#8221;vertical-text-align&#8221;][vc_column width=&#8221;1\/2&#8243;][vc_single_image image=&#8221;23198&#8243; img_size=&#8221;full&#8221;][\/vc_column][vc_column width=&#8221;1\/2&#8243; el_class=&#8221;col-txt-center&#8221;][vc_custom_heading text=&#8221;Depuis 2003, Registrar Corp aide plus de 30 000\u00a0entreprises dans le monde entier \u00e0 respecter les r\u00e9glementations de la FDA am\u00e9ricaine.&#8221; font_container=&#8221;tag:h2|font_size:32px|text_align:left|color:%23003873|line_height:46px&#8221; google_fonts=&#8221;font_family:Montserrat%3Aregular%2C700|font_style:700%20bold%20regular%3A700%3Anormal&#8221;][\/vc_column][\/vc_row][vc_row full_width=&#8221;stretch_row&#8221; disable_element=&#8221;yes&#8221; css=&#8221;.vc_custom_1701683297857{padding-bottom: 50px !important;background-color: #ffffff !important;}&#8221;][vc_column][vc_custom_heading text=&#8221;Services que nous fournissons&#8221; font_container=&#8221;tag:h2|font_size:32px|text_align:center|color:%23003873|line_height:40px&#8221; google_fonts=&#8221;font_family:Montserrat%3Aregular%2C700|font_style:700%20bold%20regular%3A700%3Anormal&#8221;][vc_raw_html css=&#8221;.vc_custom_1697113721172{padding-top: 50px !important;background-color: #ffffff !important;}&#8221;]PGRpdiBjbGFzcz0icmVmLXNlcnZpY2VzIj4KPGRpdiBjbGFzcz0ic2VydmljZU5hbWUgZC1mbGV4Ij48L2Rpdj4KPC9kaXY+[\/vc_raw_html][\/vc_column][\/vc_row][vc_row full_width=&#8221;stretch_row&#8221; disable_element=&#8221;yes&#8221; css=&#8221;.vc_custom_1701683308509{padding-bottom: 50px !important;background-color: #ffffff !important;}&#8221; el_class=&#8221;ifNotRef&#8221;][vc_column][vc_row_inner css=&#8221;.vc_custom_1697113548397{padding-top: 50px !important;}&#8221;][vc_column_inner width=&#8221;1\/4&#8243;][vc_single_image image=&#8221;23226&#8243; img_size=&#8221;full&#8221; alignment=&#8221;center&#8221; el_class=&#8221;ref-fda-reg&#8221;][\/vc_column_inner][vc_column_inner width=&#8221;1\/4&#8243;][vc_single_image image=&#8221;23298&#8243; img_size=&#8221;full&#8221; alignment=&#8221;center&#8221;][\/vc_column_inner][vc_column_inner width=&#8221;1\/4&#8243;][vc_single_image image=&#8221;23217&#8243; img_size=&#8221;full&#8221; alignment=&#8221;center&#8221;][\/vc_column_inner][vc_column_inner width=&#8221;1\/4&#8243;][vc_single_image image=&#8221;23235&#8243; img_size=&#8221;full&#8221; alignment=&#8221;center&#8221;][\/vc_column_inner][\/vc_row_inner][vc_row_inner][vc_column_inner width=&#8221;1\/4&#8243;][vc_custom_heading text=&#8221;Enregistrement FDA&#8221; font_container=&#8221;tag:h2|font_size:24px|text_align:center|color:%230081ff|line_height:34px&#8221; google_fonts=&#8221;font_family:Montserrat%3Aregular%2C700|font_style:400%20regular%3A400%3Anormal&#8221; el_class=&#8221;ref-fda-reg&#8221;][\/vc_column_inner][vc_column_inner width=&#8221;1\/4&#8243;][vc_custom_heading text=&#8221;Services sur la s\u00e9curit\u00e9 alimentaire&#8221; font_container=&#8221;tag:h2|font_size:24px|text_align:center|color:%230081ff|line_height:34px&#8221; google_fonts=&#8221;font_family:Montserrat%3Aregular%2C700|font_style:400%20regular%3A400%3Anormal&#8221;][\/vc_column_inner][vc_column_inner width=&#8221;1\/4&#8243;][vc_custom_heading text=&#8221;Enregistrement FCE&#8221; font_container=&#8221;tag:h2|font_size:24px|text_align:center|color:%230081ff|line_height:34px&#8221; google_fonts=&#8221;font_family:Montserrat%3Aregular%2C700|font_style:400%20regular%3A400%3Anormal&#8221;][\/vc_column_inner][vc_column_inner width=&#8221;1\/4&#8243;][vc_custom_heading text=&#8221;R\u00e9vision des ingr\u00e9dients &amp; des \u00e9tiquettes&#8221; font_container=&#8221;tag:h2|font_size:24px|text_align:center|color:%230081ff|line_height:34px&#8221; google_fonts=&#8221;font_family:Montserrat%3Aregular%2C700|font_style:400%20regular%3A400%3Anormal&#8221;][\/vc_column_inner][\/vc_row_inner][vc_row_inner][vc_column_inner width=&#8221;1\/4&#8243;][vc_single_image image=&#8221;23289&#8243; img_size=&#8221;full&#8221; alignment=&#8221;center&#8221;][\/vc_column_inner][vc_column_inner width=&#8221;1\/4&#8243;][vc_single_image image=&#8221;23208&#8243; img_size=&#8221;full&#8221; alignment=&#8221;center&#8221;][\/vc_column_inner][vc_column_inner width=&#8221;1\/4&#8243;][vc_single_image image=&#8221;23280&#8243; img_size=&#8221;full&#8221; alignment=&#8221;center&#8221;][\/vc_column_inner][vc_column_inner width=&#8221;1\/4&#8243;][vc_single_image image=&#8221;23271&#8243; img_size=&#8221;full&#8221; alignment=&#8221;center&#8221;][\/vc_column_inner][\/vc_row_inner][vc_row_inner][vc_column_inner width=&#8221;1\/4&#8243;][vc_custom_heading text=&#8221;Enregistrement TTB&#8221; font_container=&#8221;tag:h2|font_size:24px|text_align:center|color:%230081ff|line_height:34px&#8221; google_fonts=&#8221;font_family:Montserrat%3Aregular%2C700|font_style:400%20regular%3A400%3Anormal&#8221;][\/vc_column_inner][vc_column_inner width=&#8221;1\/4&#8243;][vc_custom_heading text=&#8221;Prior Notice&#8221; font_container=&#8221;tag:h2|font_size:24px|text_align:center|color:%230081ff|line_height:34px&#8221; google_fonts=&#8221;font_family:Montserrat%3Aregular%2C700|font_style:400%20regular%3A400%3Anormal&#8221;][\/vc_column_inner][vc_column_inner width=&#8221;1\/4&#8243;][vc_custom_heading text=&#8221;Import Alerts&#8221; font_container=&#8221;tag:h2|font_size:24px|text_align:center|color:%230081ff|line_height:34px&#8221; google_fonts=&#8221;font_family:Montserrat%3Aregular%2C700|font_style:400%20regular%3A400%3Anormal&#8221;][\/vc_column_inner][vc_column_inner width=&#8221;1\/4&#8243;][vc_custom_heading text=&#8221;Assistance en cas de d\u00e9tention&#8221; font_container=&#8221;tag:h2|font_size:24px|text_align:center|color:%230081ff|line_height:34px&#8221; google_fonts=&#8221;font_family:Montserrat%3Aregular%2C700|font_style:400%20regular%3A400%3Anormal&#8221;][\/vc_column_inner][\/vc_row_inner][vc_row_inner css=&#8221;.vc_custom_1694774756148{padding-top: 30px !important;}&#8221;][vc_column_inner width=&#8221;1\/4&#8243;][vc_single_image image=&#8221;23244&#8243; img_size=&#8221;full&#8221; alignment=&#8221;center&#8221;][\/vc_column_inner][vc_column_inner width=&#8221;1\/4&#8243;][vc_single_image image=&#8221;23262&#8243; img_size=&#8221;full&#8221; alignment=&#8221;center&#8221;][\/vc_column_inner][vc_column_inner width=&#8221;1\/4&#8243;][vc_single_image image=&#8221;23280&#8243; img_size=&#8221;full&#8221; alignment=&#8221;center&#8221;][\/vc_column_inner][\/vc_row_inner][vc_row_inner][vc_column_inner width=&#8221;1\/4&#8243;][vc_custom_heading text=&#8221;ComplyHub\u00f0&#8221; font_container=&#8221;tag:h2|font_size:24px|text_align:center|color:%230081ff|line_height:34px&#8221; google_fonts=&#8221;font_family:Montserrat%3Aregular%2C700|font_style:400%20regular%3A400%3Anormal&#8221;][\/vc_column_inner][vc_column_inner width=&#8221;1\/4&#8243;][vc_custom_heading text=&#8221;A la Calc&#8221; font_container=&#8221;tag:h2|font_size:24px|text_align:center|color:%230081ff|line_height:34px&#8221; google_fonts=&#8221;font_family:Montserrat%3Aregular%2C700|font_style:400%20regular%3A400%3Anormal&#8221;][\/vc_column_inner][vc_column_inner width=&#8221;1\/4&#8243;][vc_custom_heading text=&#8221;Formations en ligne&#8221; font_container=&#8221;tag:h2|font_size:24px|text_align:center|color:%230081ff|line_height:34px&#8221; google_fonts=&#8221;font_family:Montserrat%3Aregular%2C700|font_style:400%20regular%3A400%3Anormal&#8221;][\/vc_column_inner][\/vc_row_inner][\/vc_column][\/vc_row][vc_row full_width=&#8221;stretch_row&#8221; css=&#8221;.vc_custom_1697537165754{padding-bottom: 30px !important;background-color: #cde8fa !important;}&#8221; el_class=&#8221;vertical-text-align tile-span&#8221; el_id=&#8221;getStarted&#8221;][vc_column css=&#8221;.vc_custom_1683805777928{padding-top: 75px !important;}&#8221;][vc_column_text fnt_family=&#8221;Montserrat&#8221; fnt_size=&#8221;46px&#8221;]\n<h2 style=\"font-weight: bold;\"><span style=\"color: #003873;\">Votre partenaire en conformit\u00e9. Obtenez l\u2019aide d\u2019un expert en mati\u00e8re de r\u00e9glementation de la FDA am\u00e9ricaine aupr\u00e8s de Registrar Corp.<\/span><\/h2>\n[\/vc_column_text][vc_raw_html el_class=&#8221;form-box&#8221;]W2dyYXZpdHlmb3JtcyBpZD00NSB0aXRsZT1mYWxzZSBkZXNjcmlwdGlvbj1mYWxzZV0=[\/vc_raw_html][\/vc_column][\/vc_row]\n<\/div>","protected":false},"excerpt":{"rendered":"<p>[vc_section el_id=&#8221;section-hero&#8221;][vc_row full_width=&#8221;stretch_row&#8221; css=&#8221;.vc_custom_1696937528435{padding-top: 70px !important;padding-bottom: 50px !important;background-color: #ffffff !important;}&#8221;][vc_column width=&#8221;1\/2&#8243;][vc_column_text fnt_family=&#8221;Montserrat&#8221; fnt_size=&#8221;46px&#8221;] Votre ressource compl\u00e8te pour la conformit\u00e9 \u00e0 la FDA am\u00e9ricaine. [\/vc_column_text][vc_raw_html]PHAgY2xhc3M9InRleHRDb2xsYWJQYXJhZ3JhcGggaGlkZGVuIj48c3BhbiBjbGFzcz0iY29sbGFiLW5hbWUiPjwvc3Bhbj4gYSBjaG9pc2kgUmVnaXN0cmFyIENvcnAgY29tbWUgZm91cm5pc3NldXIgcmVjb21tYW5kw6kgZGUgc2VydmljZXMgZGUgY29uZm9ybWl0w6kgRkRBLjwvcD4=[\/vc_raw_html][vc_btn title=&#8221;Obtenir l\u2019aide d\u2019un expert&#8221; style=&#8221;flat&#8221; shape=&#8221;square&#8221; color=&#8221;blue&#8221; size=&#8221;lg&#8221; align=&#8221;left&#8221; i_align=&#8221;right&#8221; i_icon_fontawesome=&#8221;fas fa-arrow-right&#8221; add_icon=&#8221;true&#8221; el_class=&#8221;primary-btn btnTextBold&#8221; css=&#8221;.vc_custom_1695222817639{padding-top: 38px !important;}&#8221; link=&#8221;url:%23getStarted|&#8221;][\/vc_column][vc_column width=&#8221;1\/2&#8243;][vc_raw_html]PGRpdiBjbGFzcz0iY29sbGFiLWJveCI+CjwhLS1oMyBjbGFzcz0idGV4dENvbGxhYkhlYWRlciI+SW4gY29sbGFib3JhdGlvbiB3aXRoPC9oMyEtLT4KPGltZyBjbGFzcz0iY29sbGFiLWxvZ28iIHNyYz0iIj4KPC9kaXY+[\/vc_raw_html][\/vc_column][\/vc_row][vc_row][vc_column][vc_raw_js]JTNDc2NyaXB0JTIwc3JjJTNEJTIyJTJGd3AtY29udGVudCUyRnRoZW1lcyUyRmJvb3RzY29yZS1jaGlsZC1tYWluJTJGanMlMkZyZWZlcnJhbE9yZ2FuaXphdGlvbnMuanMlMjIlM0UlM0MlMkZzY3JpcHQlM0UlMEElM0NzY3JpcHQlMjBzcmMlM0QlMjIlMkZ3cC1jb250ZW50JTJGdGhlbWVzJTJGYm9vdHNjb3JlLWNoaWxkLW1haW4lMkZqcyUyRmZkYV9yZWd1bGF0aW9ucy5qcyUyMiUzRSUzQyUyRnNjcmlwdCUzRQ==[\/vc_raw_js][\/vc_column][\/vc_row][\/vc_section][vc_row full_width=&#8221;stretch_row&#8221; css=&#8221;.vc_custom_1694771914892{padding-top: 50px !important;padding-bottom: 50px !important;background-color: #eceff1 !important;}&#8221; el_class=&#8221;vertical-text-align&#8221;][vc_column width=&#8221;1\/2&#8243;][vc_single_image image=&#8221;23198&#8243;<\/p>\n","protected":false},"author":33,"featured_media":0,"parent":0,"menu_order":0,"comment_status":"closed","ping_status":"closed","template":"page-templates\/page-sidebar-none.php","meta":{"_acf_changed":false,"content-type":"","footnotes":""},"class_list":["post-25816","page","type-page","status-publish","hentry"],"acf":[],"_links":{"self":[{"href":"https:\/\/staging.registrarcorp.com\/fr\/wp-json\/wp\/v2\/pages\/25816","targetHints":{"allow":["GET"]}}],"collection":[{"href":"https:\/\/staging.registrarcorp.com\/fr\/wp-json\/wp\/v2\/pages"}],"about":[{"href":"https:\/\/staging.registrarcorp.com\/fr\/wp-json\/wp\/v2\/types\/page"}],"author":[{"embeddable":true,"href":"https:\/\/staging.registrarcorp.com\/fr\/wp-json\/wp\/v2\/users\/33"}],"replies":[{"embeddable":true,"href":"https:\/\/staging.registrarcorp.com\/fr\/wp-json\/wp\/v2\/comments?post=25816"}],"version-history":[{"count":0,"href":"https:\/\/staging.registrarcorp.com\/fr\/wp-json\/wp\/v2\/pages\/25816\/revisions"}],"wp:attachment":[{"href":"https:\/\/staging.registrarcorp.com\/fr\/wp-json\/wp\/v2\/media?parent=25816"}],"curies":[{"name":"wp","href":"https:\/\/api.w.org\/{rel}","templated":true}]}}