{"id":25375,"date":"2023-11-30T16:17:48","date_gmt":"2023-11-30T16:17:48","guid":{"rendered":"https:\/\/staging.registrarcorp.com\/certdox\/"},"modified":"2025-05-27T20:49:49","modified_gmt":"2025-05-27T20:49:49","slug":"certdox","status":"publish","type":"page","link":"https:\/\/staging.registrarcorp.com\/fr\/certdox\/","title":{"rendered":"CertDox"},"content":{"rendered":"<div class=\"wpb-content-wrapper\">[vc_section full_width=&#8221;stretch_row&#8221; el_class=&#8221;pt-resp-topmost-section p-resp-section&#8221; el_id=&#8221;headerRow&#8221; css=&#8221;.vc_custom_1747986791199{padding-top: 120px !important;padding-bottom: 80px !important;background-color: #ffffff !important;}&#8221;][vc_row el_class=&#8221;hero-section max-breakpoint-md&#8221;][vc_column width=&#8221;1\/2&#8243;][vc_column_text fnt_family_h1=&#8221;Montserrat&#8221; fnt_size_h1=&#8221;46px&#8221;]\n<h1 style=\"font-weight: bold;\"><span style=\"color: #003873;\">Votre ressource pour la certification et la conformit\u00e9 r\u00e9glementaire.<\/span><\/h1>\n[\/vc_column_text][vc_column_text css=&#8221;&#8221; fnt_family=&#8221;Montserrat&#8221; fnt_size=&#8221;24&#8243; el_class=&#8221;rc-body-paragraph-m-resp&#8221;]Registrar Corp est heureux de s\u2019associer \u00e0 CertDox. Nous pouvons vous aider \u00e0 vous conformer \u00e0 la certification de s\u00e9curit\u00e9 alimentaire et aux exigences r\u00e9glementaires en utilisant nos formations en ligne de classe mondiale et notre logiciel innovant de recettes et de nutrition, A la Calc.<\/p>\n<p>Utilisez le code <strong>CERTDOX15<\/strong> lors du paiement pour b\u00e9n\u00e9ficier de votre r\u00e9duction de 15\u00a0%.[\/vc_column_text][vc_row_inner][vc_column_inner][vc_btn title=&#8221;Explorer les cours&#8221; color=&#8221;sky&#8221; i_align=&#8221;right&#8221; i_icon_fontawesome=&#8221;fas fa-arrow-right&#8221; css=&#8221;.vc_custom_1747985944889{margin-right: 32px !important;}&#8221; add_icon=&#8221;true&#8221; link=&#8221;url:https%3A%2F%2Fstaging.registrarcorp.com%2Ffr%2Fcompliance-training%2F%3Futm_source%3Drc-website%26utm_medium%3Dwebpage%26utm_campaign%3Dcertdox_referral|target:_blank|&#8221; el_class=&#8221;primary-btn&#8221;][vc_btn title=&#8221;D\u00e9couvrez A la Calc&#8221; color=&#8221;vista-blue&#8221; i_align=&#8221;right&#8221; i_icon_fontawesome=&#8221;fas fa-arrow-right&#8221; css=&#8221;&#8221; add_icon=&#8221;true&#8221; link=&#8221;url:https%3A%2F%2Fstaging.registrarcorp.com%2Ffr%2Fsoftware%2Frecipe-analysis-and-nutrition-software%2F%3Futm_source%3Drc-website%26utm_medium%3Dwebpage%26utm_campaign%3Dcertdox_referral|target:_blank|&#8221; el_class=&#8221;primary-btn-reverse&#8221;][\/vc_column_inner][\/vc_row_inner][\/vc_column][vc_column width=&#8221;1\/2&#8243; el_class=&#8221;container-right&#8221;][vc_single_image image=&#8221;25168&#8243; img_size=&#8221;full&#8221; alignment=&#8221;center&#8221; css=&#8221;.vc_custom_1747985300738{margin-bottom: 0px !important;}&#8221;][\/vc_column][\/vc_row][\/vc_section][vc_section full_width=&#8221;stretch_row&#8221; content_placement=&#8221;middle&#8221; css=&#8221;.vc_custom_1747985346064{background-color: #cde8fa !important;}&#8221; el_class=&#8221;p-resp-section p-resp-section&#8211;smaller&#8221;][vc_row content_placement=&#8221;middle&#8221;][vc_column width=&#8221;1\/2&#8243; el_class=&#8221;mb-mobile-32&#8243;][vc_single_image image=&#8221;25186&#8243; img_size=&#8221;full&#8221; css=&#8221;.vc_custom_1747986730449{margin-bottom: 0px !important;padding-right: 70px !important;}&#8221; el_class=&#8221;text-center text-lg-start pr-mobile-unset&#8221;][\/vc_column][vc_column width=&#8221;1\/2&#8243;][vc_column_text css=&#8221;.vc_custom_1747985471706{margin-bottom: 0px !important;}&#8221; fnt_family_h2=&#8221;Montserrat&#8221; fnt_size_h2=&#8221;32&#8243;]\n<h2><strong><span style=\"color: #003873;\"><span style=\"font-weight: bold;\"><span class=\"no-translate\">30,000<\/span><span style=\"color: #f54f45;\"><span class=\"no-translate\">+<\/span><\/span><\/span> des clients du monde entier nous font confiance chaque ann\u00e9e pour prot\u00e9ger leurs entreprises et les aider \u00e0 commercialiser leurs produits.<\/span><\/strong><\/h2>\n[\/vc_column_text][\/vc_column][\/vc_row][\/vc_section][vc_section full_width=&#8221;stretch_row&#8221; css=&#8221;.vc_custom_1747985519474{background-color: #F2F5F7 !important;}&#8221; el_class=&#8221;p-resp-section&#8221;][vc_row el_class=&#8221;mb-mobile-32&#8243; css=&#8221;.vc_custom_1747985629531{margin-bottom: 48px !important;}&#8221;][vc_column][vc_column_text css=&#8221;.vc_custom_1747985662774{margin-bottom: 0px !important;}&#8221; el_class=&#8221;text-center rc-heading-s-resp&#8221;]Ressources de formation et de conformit\u00e9[\/vc_column_text][\/vc_column][\/vc_row][vc_row content_placement=&#8221;middle&#8221; el_class=&#8221;card-row mb-mobile-32&#8243; css=&#8221;.vc_custom_1747985604537{margin-bottom: 64px !important;}&#8221;][vc_column width=&#8221;1\/2&#8243; el_class=&#8221;container-left&#8221;][vc_raw_html css=&#8221;&#8221;]PGRpdiBjbGFzcz0ibGVmdC1jYXJkIiBzdHlsZT0id2lkdGg6IDEwMCU7YmFja2dyb3VuZDogI2ZmZjttaW4taGVpZ2h0OiAyODBweDsiPgogICAgPGRpdiBjbGFzcz0ibGVmdC1kaXYiIHN0eWxlPSJ3aWR0aDozMCU7aGVpZ2h0OjI4MHB4O2Zsb2F0OmxlZnQiPgogICAgICAgIDxpbWcgc3JjPSIvd3AtY29udGVudC91cGxvYWRzLzIwMjMvMTEvQWRvYmVTdG9ja18yMDE4MDk5MjUtMS5wbmciPgogICAgPC9kaXY+CiAgICA8ZGl2IGNsYXNzPSJyaWdodC1kaXYiIHN0eWxlPSJ3aWR0aDo3MCU7aGVpZ2h0OjI4MHB4O2Zsb2F0OmxlZnQ7cGFkZGluZzoyNXB4OyI+CiAgICAgICAgPGgyIHN0eWxlPSJjb2xvcjogIzAwMzg3MyAhaW1wb3J0YW50O2ZvbnQtc2l6ZToyNHB4OyBmb250LXdlaWdodDogYm9sZDsiPkZvcm1hdGlvbnMgZW4gbGlnbmU8L2gyPgogICAgICAgIDxwIHN0eWxlPSJjb2xvcjogIzAwMzg3Mztmb250LXNpemU6MThweDtsaW5lLWhlaWdodDoyOHB4Ij5OYXZpZ3VleiBkYW5zIGxlcyBleGlnZW5jZXMgZXQgcsOpZ2xlbWVudGF0aW9ucyBkZSBjZXJ0aWZpY2F0aW9uIGRlIHPDqWN1cml0w6kgYWxpbWVudGFpcmUgcG91ciB2b3VzIGNvbmZvcm1lci4gU3VpdmV6IG5vcyBmb3JtYXRpb25zIGVuIGxpZ25lIHJlbnRhYmxlcyDDoCB0b3V0IG1vbWVudCBldCBlbiB0b3V0IGxpZXUuPC9wPgogICAgICAgIDxkaXYgY2xhc3M9InByaW1hcnktYnRuIHZjX2J0bjMtaW5saW5lIj48YSBjbGFzcz0idmNfZ2VuZXJhbCB2Y19idG4zIHZjX2J0bjMtc2l6ZS1tZCB2Y19idG4zLXNoYXBlLXJvdW5kZWQgdmNfYnRuMy1zdHlsZS1tb2Rlcm4gdmNfYnRuMy1pY29uLXJpZ2h0IHZjX2J0bjMtY29sb3Itc2t5IiBocmVmPSJodHRwczovL3N0YWdpbmcucmVnaXN0cmFyY29ycC5jb20vZnIvY29tcGxpYW5jZS10cmFpbmluZy8\/dXRtX3NvdXJjZT1yYy13ZWJzaXRlJnV0bV9tZWRpdW09d2VicGFnZSZ1dG1fY2FtcGFpZ249Y2VydGRveF9yZWZlcnJhbCIgdGl0bGU9IiIgdGFyZ2V0PSJfYmxhbmsiPkV4cGxvcmVyIGxlcyBjb3VycyA8aSBjbGFzcz0idmNfYnRuMy1pY29uIGZhcyBmYS1hcnJvdy1yaWdodCI+PC9pPjwvYT48L2Rpdj4KICAgIDwvZGl2Pgo8L2Rpdj4=[\/vc_raw_html][\/vc_column][vc_column width=&#8221;1\/2&#8243; el_class=&#8221;container-right&#8221;][vc_raw_html css=&#8221;&#8221;]PGRpdiBjbGFzcz0icmlnaHQtY2FyZCIgc3R5bGU9IndpZHRoOiAxMDAlO2JhY2tncm91bmQ6ICNmZmY7bWluLWhlaWdodDogMjgwcHg7Ij4KICAgIDxkaXYgY2xhc3M9ImxlZnQtZGl2IiBzdHlsZT0id2lkdGg6MzAlO2hlaWdodDoyODBweDtmbG9hdDpsZWZ0Ij4KICAgICAgICA8aW1nIHNyYz0iL3dwLWNvbnRlbnQvdXBsb2Fkcy8yMDIzLzExL0Fkb2JlU3RvY2tfMTQxNTIyMzQwLTItMS5wbmciPgogICAgPC9kaXY+CiAgICA8ZGl2IGNsYXNzPSJyaWdodC1kaXYiIHN0eWxlPSJ3aWR0aDo3MCU7aGVpZ2h0OjI4MHB4O2Zsb2F0OmxlZnQ7cGFkZGluZzoyNXB4OyI+CiAgICAgICAgPGgyIHN0eWxlPSJjb2xvcjogIzAwMzg3MyAhaW1wb3J0YW50O2ZvbnQtc2l6ZToyNHB4OyBmb250LXdlaWdodDogYm9sZDsiPkEgbGEgQ2FsYzwvaDI+CiAgICAgICAgPHAgc3R5bGU9ImNvbG9yOiAjMDAzODczO2ZvbnQtc2l6ZToxOHB4O2xpbmUtaGVpZ2h0OjI4cHgiPkFuYWx5c2V6IGV0IGNvbXBhcmV6IGxlcyByZWNldHRlcywgY2FsY3VsZXogbGVzIGZhaXRzIG51dHJpdGlvbm5lbHMsIGlkZW50aWZpZXogbGVzIGFsbGVyZ8OobmVzLCBsZXMgY2\/Du3RzIGV0IGNyw6lleiBkZXMgw6l0aXF1ZXR0ZXMgYWxpbWVudGFpcmVzIGF2ZWMgY2V0dGUgc29sdXRpb24gbG9naWNpZWxsZSBlbiBsaWJyZS1zZXJ2aWNlLjwvcD4KICAgICAgICA8ZGl2IGNsYXNzPSJwcmltYXJ5LWJ0biB2Y19idG4zLWlubGluZSI+PGEgY2xhc3M9InZjX2dlbmVyYWwgdmNfYnRuMyB2Y19idG4zLXNpemUtbWQgdmNfYnRuMy1zaGFwZS1yb3VuZGVkIHZjX2J0bjMtc3R5bGUtbW9kZXJuIHZjX2J0bjMtaWNvbi1yaWdodCB2Y19idG4zLWNvbG9yLXNreSIgaHJlZj0iaHR0cHM6Ly9zdGFnaW5nLnJlZ2lzdHJhcmNvcnAuY29tL2ZyL3NvZnR3YXJlL3JlY2lwZS1hbmFseXNpcy1hbmQtbnV0cml0aW9uLXNvZnR3YXJlLz91dG1fc291cmNlPXJjLXdlYnNpdGUmdXRtX21lZGl1bT13ZWJwYWdlJnV0bV9jYW1wYWlnbj1jZXJ0ZG94X3JlZmVycmFsIiB0aXRsZT0iIiB0YXJnZXQ9Il9ibGFuayI+U+KAmWluc2NyaXJlIDxpIGNsYXNzPSJ2Y19idG4zLWljb24gZmFzIGZhLWFycm93LXJpZ2h0Ij48L2k+PC9hPjwvZGl2PgogICAgPC9kaXY+CjwvZGl2Pg==[\/vc_raw_html][\/vc_column][\/vc_row][vc_row el_class=&#8221;mb-mobile-32&#8243; css=&#8221;.vc_custom_1747985629531{margin-bottom: 48px !important;}&#8221;][vc_column][vc_column_text css=&#8221;.vc_custom_1747985700838{margin-bottom: 0px !important;}&#8221; el_class=&#8221;text-center rc-heading-s-resp&#8221;]Cours de formation en ligne populaires[\/vc_column_text][\/vc_column][\/vc_row][vc_row el_class=&#8221;mb-mobile-32&#8243; css=&#8221;.vc_custom_1747985629531{margin-bottom: 48px !important;}&#8221;][vc_column][vc_column_text css=&#8221;.vc_custom_1747985768687{margin-bottom: 0px !important;}&#8221; el_class=&#8221;featured-courses&#8221;]\n\t\t\t\t<a href=\"https:\/\/staging.registrarcorp.com\/fr\/compliance-training\/food-beverage\/pcqi-training\/?utm_source=rc-website&#038;utm_medium=webpage&#038;utm_campaign=certdox_referral\" class=\"rc-ct-card\">\n\t\t\t\t\t<div class=\"rc-ct-card__header\">\n\t\t\t\t\t\t<i class=\"rc-ct-card__icon course-single-icon\"><\/i><span class=\"rc-ct-card__badge \">new<\/span>\n\t\t\t\t\t<\/div>\n\t\t\t\t\t<div class=\"rc-ct-card__title\">\n\t\t\t\t\t\tFormation et certificat PCQI 2.0 \u2014 Approuv\u00e9 par la FSPCA\n\t\t\t\t\t<\/div>\n\t\t\t\t\t<div class=\"rc-ct-card__content\">\n\t\t\t\t\t\tB\u00e9n\u00e9ficiez d&#039;une formation PCQI conforme \u00e0 la FDA\u00a0: 100\u00a0% \u00e0 votre rythme, reconnue par la FSPCA et approuv\u00e9e par plus de 30 000 professionnels. Acqu\u00e9rir des comp\u00e9tences r\u00e9elles avec une garantie de satisfaction.\n\t\t\t\t\t<\/div>\n\t\t\t\t\t<div class=\"rc-ct-card__footer\">\n\t\t\t\t\t\t<div class=\"rc-ct-card__footer-top\">\n\t\t\t\t\t\t\t<svg class=\"rc-ct-card__footer-top-icon\" stroke=\"#A0AAB1\" fill=\"none\" viewBox=\"0 0 24 24\" xmlns=\"http:\/\/www.w3.org\/2000\/svg\"><path d=\"M4 5H11M9 3V5C9 9.418 6.761 13 4 13M5 9C5 11.144 7.952 12.908 11.7 13M12 20L16 11L20 20M19.1004 18H12.9004\" stroke-width=\"2\" stroke-linecap=\"round\" stroke-linejoin=\"round\"\/><\/svg>\n\t\t\t\t\t\t\tDisponible en Anglais\n\t\t\t\t\t\t<\/div>\n\t\t\t\t\t\t<div class=\"rc-ct-card__footer-bottom\">\n\t\t\t\t\t\t\t<div class=\"rc-ct-card__review\">\n\t\t\t\t\t\t\t\t\n\t\t\t\t<img decoding=\"async\" class=\"rc-ct-card__review_img\"\n\t\t\t\t src=\"https:\/\/cdn.trustpilot.net\/brand-assets\/4.1.0\/stars\/stars-5.svg\"\n\t\t\t\t alt=\"5 rating image\"\n\t\t\t\t\/>\n\t\t\t\t<div class=\"rc-ct-card__review_no\">257 avis<\/div>\n\t\t\t\n\t\t\t\t\t\t\t<\/div>\n\t\t\t\t\t\t\t<div class=\"rc-ct-card__price\">\n\t\t\t\t\t\t\t\t<span>$<strong>799<\/strong> USD<\/span>\n\t\t\t\t\t\t\t<\/div>\n\t\t\t\t\t\t<\/div>\n\t\t\t\t\t<\/div>\n\t\t\t\t<\/a>\n\t\t\t\r\n\n\t\t\t\t<a href=\"https:\/\/staging.registrarcorp.com\/fr\/compliance-training\/food-beverage\/sqf-internal-auditor-training\/?utm_source=rc-website&#038;utm_medium=webpage&#038;utm_campaign=certdox_referral\" class=\"rc-ct-card\">\n\t\t\t\t\t<div class=\"rc-ct-card__header\">\n\t\t\t\t\t\t<i class=\"rc-ct-card__icon course-single-icon\"><\/i><span class=\"rc-ct-card__badge \">bestseller<\/span>\n\t\t\t\t\t<\/div>\n\t\t\t\t\t<div class=\"rc-ct-card__title\">\n\t\t\t\t\t\tAudit interne pour SQF 10\n\t\t\t\t\t<\/div>\n\t\t\t\t\t<div class=\"rc-ct-card__content\">\n\t\t\t\t\t\tMa\u00eetrisez l\u2019audit interne SQF gr\u00e2ce \u00e0 notre formation en ligne SQF d\u2019auditeur interne. Comprend des audits, des mod\u00e8les et une assistance fictifs.\n\t\t\t\t\t<\/div>\n\t\t\t\t\t<div class=\"rc-ct-card__footer\">\n\t\t\t\t\t\t<div class=\"rc-ct-card__footer-top\">\n\t\t\t\t\t\t\t<svg class=\"rc-ct-card__footer-top-icon\" stroke=\"#A0AAB1\" fill=\"none\" viewBox=\"0 0 24 24\" xmlns=\"http:\/\/www.w3.org\/2000\/svg\"><path d=\"M4 5H11M9 3V5C9 9.418 6.761 13 4 13M5 9C5 11.144 7.952 12.908 11.7 13M12 20L16 11L20 20M19.1004 18H12.9004\" stroke-width=\"2\" stroke-linecap=\"round\" stroke-linejoin=\"round\"\/><\/svg>\n\t\t\t\t\t\t\tDisponible en Anglais\n\t\t\t\t\t\t<\/div>\n\t\t\t\t\t\t<div class=\"rc-ct-card__footer-bottom\">\n\t\t\t\t\t\t\t<div class=\"rc-ct-card__review\">\n\t\t\t\t\t\t\t\t\n\t\t\t\t\t\t\t<\/div>\n\t\t\t\t\t\t\t<div class=\"rc-ct-card__price\">\n\t\t\t\t\t\t\t\t<span>$<strong>649<\/strong> USD<\/span>\n\t\t\t\t\t\t\t<\/div>\n\t\t\t\t\t\t<\/div>\n\t\t\t\t\t<\/div>\n\t\t\t\t<\/a>\n\t\t\t\r\n\n\t\t\t\t<a href=\"https:\/\/staging.registrarcorp.com\/fr\/compliance-training\/food-beverage\/haccp-certification\/?utm_source=rc-website&#038;utm_medium=webpage&#038;utm_campaign=certdox_referral\" class=\"rc-ct-card\">\n\t\t\t\t\t<div class=\"rc-ct-card__header\">\n\t\t\t\t\t\t<i class=\"rc-ct-card__icon course-single-icon\"><\/i><span class=\"rc-ct-card__badge \">bestseller<\/span>\n\t\t\t\t\t<\/div>\n\t\t\t\t\t<div class=\"rc-ct-card__title\">\n\t\t\t\t\t\tCertification et formation HACCP en ligne\n\t\t\t\t\t<\/div>\n\t\t\t\t\t<div class=\"rc-ct-card__content\">\n\t\t\t\t\t\tObtenez la certification HACCP avec une formation \u00e0 votre rythme approuv\u00e9e par plus de 30 000 professionnels. Renforcez la conformit\u00e9, \u00e9vitez les risques d&#039;audit et apprenez gr\u00e2ce \u00e0 une garantie de satisfaction.\n\t\t\t\t\t<\/div>\n\t\t\t\t\t<div class=\"rc-ct-card__footer\">\n\t\t\t\t\t\t<div class=\"rc-ct-card__footer-top\">\n\t\t\t\t\t\t\t<svg class=\"rc-ct-card__footer-top-icon\" stroke=\"#A0AAB1\" fill=\"none\" viewBox=\"0 0 24 24\" xmlns=\"http:\/\/www.w3.org\/2000\/svg\"><path d=\"M4 5H11M9 3V5C9 9.418 6.761 13 4 13M5 9C5 11.144 7.952 12.908 11.7 13M12 20L16 11L20 20M19.1004 18H12.9004\" stroke-width=\"2\" stroke-linecap=\"round\" stroke-linejoin=\"round\"\/><\/svg>\n\t\t\t\t\t\t\tDisponible en Anglais et 2 autres langues\n\t\t\t\t\t\t<\/div>\n\t\t\t\t\t\t<div class=\"rc-ct-card__footer-bottom\">\n\t\t\t\t\t\t\t<div class=\"rc-ct-card__review\">\n\t\t\t\t\t\t\t\t\n\t\t\t\t<img decoding=\"async\" class=\"rc-ct-card__review_img\"\n\t\t\t\t src=\"https:\/\/cdn.trustpilot.net\/brand-assets\/4.1.0\/stars\/stars-5.svg\"\n\t\t\t\t alt=\"5 rating image\"\n\t\t\t\t\/>\n\t\t\t\t<div class=\"rc-ct-card__review_no\">29 avis<\/div>\n\t\t\t\n\t\t\t\t\t\t\t<\/div>\n\t\t\t\t\t\t\t<div class=\"rc-ct-card__price\">\n\t\t\t\t\t\t\t\t<span>$<strong>499<\/strong> USD<\/span>\n\t\t\t\t\t\t\t<\/div>\n\t\t\t\t\t\t<\/div>\n\t\t\t\t\t<\/div>\n\t\t\t\t<\/a>\n\t\t\t\r\n\n\t\t\t\t<a href=\"https:\/\/staging.registrarcorp.com\/fr\/compliance-training\/food-beverage\/food-safety-culture\/?utm_source=rc-website&#038;utm_medium=webpage&#038;utm_campaign=certdox_referral\" class=\"rc-ct-card\">\n\t\t\t\t\t<div class=\"rc-ct-card__header\">\n\t\t\t\t\t\t<i class=\"rc-ct-card__icon course-single-icon\"><\/i>\n\t\t\t\t\t<\/div>\n\t\t\t\t\t<div class=\"rc-ct-card__title\">\n\t\t\t\t\t\tCulture de la s\u00e9curit\u00e9 alimentaire\n\t\t\t\t\t<\/div>\n\t\t\t\t\t<div class=\"rc-ct-card__content\">\n\t\t\t\t\t\tConforme aux exigences de la GFSI. Apprenez \u00e0 mesurer et \u00e0 am\u00e9liorer la culture de s\u00e9curit\u00e9 alimentaire de votre entreprise dans ce cours de formation \u00e0 votre rythme.\n\t\t\t\t\t<\/div>\n\t\t\t\t\t<div class=\"rc-ct-card__footer\">\n\t\t\t\t\t\t<div class=\"rc-ct-card__footer-top\">\n\t\t\t\t\t\t\t<svg class=\"rc-ct-card__footer-top-icon\" stroke=\"#A0AAB1\" fill=\"none\" viewBox=\"0 0 24 24\" xmlns=\"http:\/\/www.w3.org\/2000\/svg\"><path d=\"M4 5H11M9 3V5C9 9.418 6.761 13 4 13M5 9C5 11.144 7.952 12.908 11.7 13M12 20L16 11L20 20M19.1004 18H12.9004\" stroke-width=\"2\" stroke-linecap=\"round\" stroke-linejoin=\"round\"\/><\/svg>\n\t\t\t\t\t\t\tDisponible en Anglais\n\t\t\t\t\t\t<\/div>\n\t\t\t\t\t\t<div class=\"rc-ct-card__footer-bottom\">\n\t\t\t\t\t\t\t<div class=\"rc-ct-card__review\">\n\t\t\t\t\t\t\t\t\n\t\t\t\t\t\t\t<\/div>\n\t\t\t\t\t\t\t<div class=\"rc-ct-card__price\">\n\t\t\t\t\t\t\t\t<span>$<strong>399<\/strong> USD<\/span>\n\t\t\t\t\t\t\t<\/div>\n\t\t\t\t\t\t<\/div>\n\t\t\t\t\t<\/div>\n\t\t\t\t<\/a>\n\t\t\t\r\n\n\t\t\t\t<a href=\"https:\/\/staging.registrarcorp.com\/fr\/compliance-training\/food-beverage\/good-manufacturing-practices\/?utm_source=rc-website&#038;utm_medium=webpage&#038;utm_campaign=certdox_referral\" class=\"rc-ct-card\">\n\t\t\t\t\t<div class=\"rc-ct-card__header\">\n\t\t\t\t\t\t<i class=\"rc-ct-card__icon course-single-icon\"><\/i>\n\t\t\t\t\t<\/div>\n\t\t\t\t\t<div class=\"rc-ct-card__title\">\n\t\t\t\t\t\tFormation \u00e0 la conformit\u00e9 aux bonnes pratiques de fabrication (BPF) pour les employ\u00e9s\n\t\t\t\t\t<\/div>\n\t\t\t\t\t<div class=\"rc-ct-card__content\">\n\t\t\t\t\t\tSatisfaire aux exigences du programme FSMA et GFSI pour la formation des employ\u00e9s aux BPF. Le portail d&#039;administration facilite l&#039;attribution des cours et le suivi des progr\u00e8s des employ\u00e9s.\n\t\t\t\t\t<\/div>\n\t\t\t\t\t<div class=\"rc-ct-card__footer\">\n\t\t\t\t\t\t<div class=\"rc-ct-card__footer-top\">\n\t\t\t\t\t\t\t<svg class=\"rc-ct-card__footer-top-icon\" stroke=\"#A0AAB1\" fill=\"none\" viewBox=\"0 0 24 24\" xmlns=\"http:\/\/www.w3.org\/2000\/svg\"><path d=\"M4 5H11M9 3V5C9 9.418 6.761 13 4 13M5 9C5 11.144 7.952 12.908 11.7 13M12 20L16 11L20 20M19.1004 18H12.9004\" stroke-width=\"2\" stroke-linecap=\"round\" stroke-linejoin=\"round\"\/><\/svg>\n\t\t\t\t\t\t\tDisponible en Anglais et Espagnol\n\t\t\t\t\t\t<\/div>\n\t\t\t\t\t\t<div class=\"rc-ct-card__footer-bottom\">\n\t\t\t\t\t\t\t<div class=\"rc-ct-card__review\">\n\t\t\t\t\t\t\t\t\n\t\t\t\t\t\t\t<\/div>\n\t\t\t\t\t\t\t<div class=\"rc-ct-card__price\">\n\t\t\t\t\t\t\t\t<span>$<strong>25<\/strong> USD<\/span>\n\t\t\t\t\t\t\t<\/div>\n\t\t\t\t\t\t<\/div>\n\t\t\t\t\t<\/div>\n\t\t\t\t<\/a>\n\t\t\t\r\n\n\t\t\t\t<a href=\"https:\/\/staging.registrarcorp.com\/fr\/compliance-training\/food-beverage\/food-defense\/?utm_source=rc-website&#038;utm_medium=webpage&#038;utm_campaign=certdox_referral\" class=\"rc-ct-card\">\n\t\t\t\t\t<div class=\"rc-ct-card__header\">\n\t\t\t\t\t\t<i class=\"rc-ct-card__icon course-single-icon\"><\/i>\n\t\t\t\t\t<\/div>\n\t\t\t\t\t<div class=\"rc-ct-card__title\">\n\t\t\t\t\t\tD\u00e9fense alimentaire pour les employ\u00e9s\n\t\t\t\t\t<\/div>\n\t\t\t\t\t<div class=\"rc-ct-card__content\">\n\t\t\t\t\t\tCe cours pr\u00e9sente aux employ\u00e9s le programme de d\u00e9fense alimentaire et le plan de d\u00e9fense alimentaire, ainsi que leur r\u00f4le dans la protection des aliments contre la contamination intentionnelle.\n\t\t\t\t\t<\/div>\n\t\t\t\t\t<div class=\"rc-ct-card__footer\">\n\t\t\t\t\t\t<div class=\"rc-ct-card__footer-top\">\n\t\t\t\t\t\t\t<svg class=\"rc-ct-card__footer-top-icon\" stroke=\"#A0AAB1\" fill=\"none\" viewBox=\"0 0 24 24\" xmlns=\"http:\/\/www.w3.org\/2000\/svg\"><path d=\"M4 5H11M9 3V5C9 9.418 6.761 13 4 13M5 9C5 11.144 7.952 12.908 11.7 13M12 20L16 11L20 20M19.1004 18H12.9004\" stroke-width=\"2\" stroke-linecap=\"round\" stroke-linejoin=\"round\"\/><\/svg>\n\t\t\t\t\t\t\tDisponible en Espagnol et Anglais\n\t\t\t\t\t\t<\/div>\n\t\t\t\t\t\t<div class=\"rc-ct-card__footer-bottom\">\n\t\t\t\t\t\t\t<div class=\"rc-ct-card__review\">\n\t\t\t\t\t\t\t\t\n\t\t\t\t\t\t\t<\/div>\n\t\t\t\t\t\t\t<div class=\"rc-ct-card__price\">\n\t\t\t\t\t\t\t\t<span>$<strong>25<\/strong> USD<\/span>\n\t\t\t\t\t\t\t<\/div>\n\t\t\t\t\t\t<\/div>\n\t\t\t\t\t<\/div>\n\t\t\t\t<\/a>\n\t\t\t\r\n[\/vc_column_text][\/vc_column][\/vc_row][\/vc_section]\n<\/div>","protected":false},"excerpt":{"rendered":"<p>[vc_section full_width=&#8221;stretch_row&#8221; el_class=&#8221;pt-resp-topmost-section p-resp-section&#8221; el_id=&#8221;headerRow&#8221; css=&#8221;.vc_custom_1747986791199{padding-top: 120px !important;padding-bottom: 80px !important;background-color: #ffffff !important;}&#8221;][vc_row el_class=&#8221;hero-section max-breakpoint-md&#8221;][vc_column width=&#8221;1\/2&#8243;][vc_column_text fnt_family_h1=&#8221;Montserrat&#8221; fnt_size_h1=&#8221;46px&#8221;] Votre ressource pour la certification et la conformit\u00e9 r\u00e9glementaire. [\/vc_column_text][vc_column_text css=&#8221;&#8221; fnt_family=&#8221;Montserrat&#8221; fnt_size=&#8221;24&#8243; el_class=&#8221;rc-body-paragraph-m-resp&#8221;]Registrar Corp est heureux de s\u2019associer \u00e0 CertDox. Nous pouvons vous aider \u00e0 vous conformer \u00e0 la certification de s\u00e9curit\u00e9 alimentaire et aux exigences r\u00e9glementaires<\/p>\n","protected":false},"author":40,"featured_media":0,"parent":0,"menu_order":0,"comment_status":"closed","ping_status":"closed","template":"page-templates\/page-sidebar-none.php","meta":{"_acf_changed":false,"content-type":"","footnotes":""},"class_list":["post-25375","page","type-page","status-publish","hentry"],"acf":[],"_links":{"self":[{"href":"https:\/\/staging.registrarcorp.com\/fr\/wp-json\/wp\/v2\/pages\/25375","targetHints":{"allow":["GET"]}}],"collection":[{"href":"https:\/\/staging.registrarcorp.com\/fr\/wp-json\/wp\/v2\/pages"}],"about":[{"href":"https:\/\/staging.registrarcorp.com\/fr\/wp-json\/wp\/v2\/types\/page"}],"author":[{"embeddable":true,"href":"https:\/\/staging.registrarcorp.com\/fr\/wp-json\/wp\/v2\/users\/40"}],"replies":[{"embeddable":true,"href":"https:\/\/staging.registrarcorp.com\/fr\/wp-json\/wp\/v2\/comments?post=25375"}],"version-history":[{"count":0,"href":"https:\/\/staging.registrarcorp.com\/fr\/wp-json\/wp\/v2\/pages\/25375\/revisions"}],"wp:attachment":[{"href":"https:\/\/staging.registrarcorp.com\/fr\/wp-json\/wp\/v2\/media?parent=25375"}],"curies":[{"name":"wp","href":"https:\/\/api.w.org\/{rel}","templated":true}]}}