{"id":25069,"date":"2023-11-17T14:53:51","date_gmt":"2023-11-17T14:53:51","guid":{"rendered":"https:\/\/staging.registrarcorp.com\/indonesian-chamber-of-commerce\/"},"modified":"2024-09-26T11:20:11","modified_gmt":"2024-09-26T11:20:11","slug":"indonesian-chamber-of-commerce","status":"publish","type":"page","link":"https:\/\/staging.registrarcorp.com\/fr\/indonesian-chamber-of-commerce\/","title":{"rendered":"Chambre de commerce indon\u00e9sienne"},"content":{"rendered":"<div class=\"wpb-content-wrapper\">[vc_section full_width=&#8221;stretch_row&#8221; el_class=&#8221;banner-section topContainer row-wdith&#8221; el_id=&#8221;headerRow&#8221; css=&#8221;.vc_custom_1696423203772{padding-top: 120px !important;padding-bottom: 80px !important;background-color: #ffffff !important;}&#8221;][vc_row el_class=&#8221;hero-section&#8221;][vc_column width=&#8221;1\/2&#8243;][vc_column_text fnt_family_h1=&#8221;Montserrat&#8221; fnt_size_h1=&#8221;46px&#8221;]\n<h1 style=\"font-weight: bold;\"><span style=\"color: #003873;\">Votre ressource compl\u00e8te pour la conformit\u00e9 \u00e0 la FDA am\u00e9ricaine.<\/span><\/h1>\n[\/vc_column_text][vc_column_text fnt_family=&#8221;Montserrat&#8221; fnt_size=&#8221;24&#8243;]Registrar Corp est heureux de s\u2019associer \u00e0 la Chambre de commerce indon\u00e9sienne. En tant que partenaire reconnu de la Chambre de commerce indon\u00e9sienne, Registrar Corp peut aider votre entreprise \u00e0 enregistrer aupr\u00e8s de la Food and Drug Administration des \u00c9tats-Unis vos envois r\u00e9glement\u00e9s par la FDA vers les \u00c9tats-Unis.[\/vc_column_text][vc_btn title=&#8221;S\u2019inscrire maintenant&#8221; color=&#8221;sky&#8221; i_align=&#8221;right&#8221; i_icon_fontawesome=&#8221;fas fa-arrow-right&#8221; add_icon=&#8221;true&#8221; el_class=&#8221;primary-btn&#8221; link=&#8221;url:https%3A%2F%2Fstaging.registrarcorp.com%2Ffr%2Ffda-registration-form%2F%3Freferral_type%3DIndonesian%20Chamber%20of%20Commerce|&#8221;][\/vc_column][vc_column width=&#8221;1\/2&#8243; el_class=&#8221;container-right&#8221;][vc_single_image image=&#8221;25041&#8243; img_size=&#8221;full&#8221; alignment=&#8221;center&#8221;][\/vc_column][\/vc_row][\/vc_section][vc_section content_placement=&#8221;middle&#8221; css=&#8221;.vc_custom_1700248434259{padding-top: 80px !important;padding-bottom: 0px !important;}&#8221;][vc_row content_placement=&#8221;middle&#8221;][vc_column width=&#8221;1\/2&#8243;][vc_single_image image=&#8221;23863&#8243; img_size=&#8221;full&#8221; css=&#8221;.vc_custom_1700248398215{padding-right: 70px !important;}&#8221;][\/vc_column][vc_column width=&#8221;1\/2&#8243;][vc_column_text fnt_family_h2=&#8221;Montserrat&#8221; fnt_size_h2=&#8221;32&#8243;]\n<h2><strong><span style=\"color: #003873;\">Plus de 30 000\u00a0clients dans le monde nous font confiance chaque ann\u00e9e pour prot\u00e9ger leurs entreprises et les aider \u00e0 commercialiser leurs produits.<\/span><\/strong><\/h2>\n[\/vc_column_text][\/vc_column][\/vc_row][\/vc_section][vc_section full_width=&#8221;stretch_row&#8221; css=&#8221;.vc_custom_1696423182517{padding-top: 80px !important;padding-bottom: 80px !important;background-color: #ffffff !important;}&#8221;][vc_row][vc_column][vc_custom_heading text=&#8221;Services que nous fournissons&#8221; font_container=&#8221;tag:h2|font_size:32px|text_align:center|color:%23003873|line_height:40px&#8221; google_fonts=&#8221;font_family:Montserrat%3Aregular%2C700|font_style:700%20bold%20regular%3A700%3Anormal&#8221;][vc_row_inner][vc_column_inner width=&#8221;1\/3&#8243;][vc_single_image image=&#8221;1679&#8243; img_size=&#8221;100&#215;100&#8243; alignment=&#8221;center&#8221;][vc_column_text fnt_family=&#8221;Montserrat&#8221; fnt_size=&#8221;24&#8243;]\n<p style=\"text-align: center;\"><span style=\"color: #0081ff;\">Enregistrement des \u00e9tablissements<\/span><\/p>\n[\/vc_column_text][\/vc_column_inner][vc_column_inner width=&#8221;1\/3&#8243;][vc_single_image image=&#8221;23768&#8243; img_size=&#8221;100&#215;100&#8243; alignment=&#8221;center&#8221;][vc_column_text fnt_family=&#8221;Montserrat&#8221; fnt_size=&#8221;24&#8243;]\n<p style=\"text-align: center;\"><span style=\"color: #0081ff;\">Le listing de produits<\/span><\/p>\n[\/vc_column_text][\/vc_column_inner][vc_column_inner width=&#8221;1\/3&#8243;][vc_single_image image=&#8221;1534&#8243; img_size=&#8221;100&#215;100&#8243; alignment=&#8221;center&#8221;][vc_column_text fnt_family=&#8221;Montserrat&#8221; fnt_size=&#8221;24&#8243;]\n<p style=\"text-align: center;\"><span style=\"color: #0081ff;\">Agent US<\/span><\/p>\n[\/vc_column_text][\/vc_column_inner][\/vc_row_inner][\/vc_column][\/vc_row][\/vc_section][vc_section full_width=&#8221;stretch_row&#8221; css=&#8221;.vc_custom_1696423165632{padding-top: 80px !important;padding-bottom: 80px !important;background-color: #cde8fa !important;}&#8221;][vc_row content_placement=&#8221;middle&#8221;][vc_column width=&#8221;1\/2&#8243;][vc_column_text css=&#8221;&#8221;]\n<h2 style=\"font-weight: bold;\"><span style=\"color: #003873;\">Votre partenaire en conformit\u00e9. Registrar Corp poss\u00e8de l\u2019exp\u00e9rience et les outils n\u00e9cessaires pour<\/span> vous <span style=\"color: #0081ff;\">aider \u00e0 g\u00e9rer les complexit\u00e9s de la conformit\u00e9 FDA.<\/span><\/h2>\n[\/vc_column_text][vc_btn title=&#8221;S\u2019inscrire maintenant&#8221; color=&#8221;sky&#8221; i_align=&#8221;right&#8221; i_icon_fontawesome=&#8221;fas fa-arrow-right&#8221; add_icon=&#8221;true&#8221; el_class=&#8221;primary-btn&#8221; link=&#8221;url:https%3A%2F%2Fstaging.registrarcorp.com%2Ffr%2Ffda-registration-form%2F%3Freferral_type%3DIndonesian%20Chamber%20of%20Commerce|&#8221;][\/vc_column][vc_column width=&#8221;1\/2&#8243; el_class=&#8221;container-right&#8221;][vc_single_image image=&#8221;23854&#8243; img_size=&#8221;full&#8221; alignment=&#8221;center&#8221;][\/vc_column][\/vc_row][\/vc_section]\n<\/div>","protected":false},"excerpt":{"rendered":"<p>[vc_section full_width=&#8221;stretch_row&#8221; el_class=&#8221;banner-section topContainer row-wdith&#8221; el_id=&#8221;headerRow&#8221; css=&#8221;.vc_custom_1696423203772{padding-top: 120px !important;padding-bottom: 80px !important;background-color: #ffffff !important;}&#8221;][vc_row el_class=&#8221;hero-section&#8221;][vc_column width=&#8221;1\/2&#8243;][vc_column_text fnt_family_h1=&#8221;Montserrat&#8221; fnt_size_h1=&#8221;46px&#8221;] Votre ressource compl\u00e8te pour la conformit\u00e9 \u00e0 la FDA am\u00e9ricaine. [\/vc_column_text][vc_column_text fnt_family=&#8221;Montserrat&#8221; fnt_size=&#8221;24&#8243;]Registrar Corp est heureux de s\u2019associer \u00e0 la Chambre de commerce indon\u00e9sienne. En tant que partenaire reconnu de la Chambre de commerce indon\u00e9sienne, Registrar Corp peut<\/p>\n","protected":false},"author":40,"featured_media":0,"parent":0,"menu_order":0,"comment_status":"closed","ping_status":"closed","template":"page-templates\/page-sidebar-none.php","meta":{"_acf_changed":false,"content-type":"","footnotes":""},"class_list":["post-25069","page","type-page","status-publish","hentry"],"acf":[],"_links":{"self":[{"href":"https:\/\/staging.registrarcorp.com\/fr\/wp-json\/wp\/v2\/pages\/25069","targetHints":{"allow":["GET"]}}],"collection":[{"href":"https:\/\/staging.registrarcorp.com\/fr\/wp-json\/wp\/v2\/pages"}],"about":[{"href":"https:\/\/staging.registrarcorp.com\/fr\/wp-json\/wp\/v2\/types\/page"}],"author":[{"embeddable":true,"href":"https:\/\/staging.registrarcorp.com\/fr\/wp-json\/wp\/v2\/users\/40"}],"replies":[{"embeddable":true,"href":"https:\/\/staging.registrarcorp.com\/fr\/wp-json\/wp\/v2\/comments?post=25069"}],"version-history":[{"count":0,"href":"https:\/\/staging.registrarcorp.com\/fr\/wp-json\/wp\/v2\/pages\/25069\/revisions"}],"wp:attachment":[{"href":"https:\/\/staging.registrarcorp.com\/fr\/wp-json\/wp\/v2\/media?parent=25069"}],"curies":[{"name":"wp","href":"https:\/\/api.w.org\/{rel}","templated":true}]}}