{"id":22647,"date":"2023-07-25T20:36:24","date_gmt":"2023-07-25T20:36:24","guid":{"rendered":"https:\/\/staging.registrarcorp.com\/medical-device-questionnaire-for-fda-regulations\/"},"modified":"2024-10-01T18:13:21","modified_gmt":"2024-10-01T18:13:21","slug":"medical-device-questionnaire-for-fda-regulations","status":"publish","type":"page","link":"https:\/\/staging.registrarcorp.com\/fr\/medical-device-questionnaire-for-fda-regulations\/","title":{"rendered":"Questionnaire sur les dispositifs m\u00e9dicaux pour les r\u00e9glementations de la FDA"},"content":{"rendered":"<div class=\"wpb-content-wrapper\">[vc_section full_width=&#8221;stretch_row&#8221; el_id=&#8221;section-app&#8221;][vc_row el_class=&#8221;tile-box&#8221; css=&#8221;.vc_custom_1690317267847{margin-top: 50px !important;}&#8221;][vc_column][vc_row_inner][vc_column_inner][vc_column_text]\n<h2>Questionnaire sur les dispositifs m\u00e9dicaux pour les r\u00e9glementations de la FDA<\/h2>\n<p class=\"page-text\">Registrar Corp peut vous conseiller sur les exigences de la FDA relatives \u00e0 vos dispositifs sp\u00e9cifiques (y compris \u00ab\u00a0Enforcement Discretion\u00a0\u00bb et \u00ab\u00a0Emergency use authorization\u00a0\u00bb). Il vous suffit de remplir le formulaire ci-dessous\u00a0\u00a0:<\/p>\n[\/vc_column_text][vc_raw_html]W2dyYXZpdHlmb3JtcyBpZD0iNTAiIHRpdGxlPSJmYWxzZSIgZGVzY3JpcHRpb249ImZhbHNlIiBhamF4PSJ0cnVlIiBmaWVsZF92YWx1ZXM9ImZsb3dfdHlwZT1tZWRpY2FsX2RldmljZV9nZW5lcmFsJnF1ZXN0aW9uX3R5cGU9TWVkaWNhbCBEZXZpY2UiXQ==[\/vc_raw_html][\/vc_column_inner][\/vc_row_inner][vc_raw_js]JTNDc2NyaXB0JTIwc3JjJTNEJTIyJTJGd3AtY29udGVudCUyRnRoZW1lcyUyRmJvb3RzY29yZS1jaGlsZC1tYWluJTJGanMlMkZxdWVzdGlvbm5haXJlLmpzJTNGdiUzRDElMjIlM0UlM0MlMkZzY3JpcHQlM0U=[\/vc_raw_js][\/vc_column][\/vc_row][\/vc_section]\n<\/div>","protected":false},"excerpt":{"rendered":"<p>[vc_section full_width=&#8221;stretch_row&#8221; el_id=&#8221;section-app&#8221;][vc_row el_class=&#8221;tile-box&#8221; css=&#8221;.vc_custom_1690317267847{margin-top: 50px !important;}&#8221;][vc_column][vc_row_inner][vc_column_inner][vc_column_text] Questionnaire sur les dispositifs m\u00e9dicaux pour les r\u00e9glementations de la FDA Registrar Corp peut vous conseiller sur les exigences de la FDA relatives \u00e0 vos dispositifs sp\u00e9cifiques (y compris \u00ab\u00a0Enforcement Discretion\u00a0\u00bb et \u00ab\u00a0Emergency use authorization\u00a0\u00bb). Il vous suffit de remplir le formulaire ci-dessous\u00a0\u00a0: [\/vc_column_text][vc_raw_html]W2dyYXZpdHlmb3JtcyBpZD0iNTAiIHRpdGxlPSJmYWxzZSIgZGVzY3JpcHRpb249ImZhbHNlIiBhamF4PSJ0cnVlIiBmaWVsZF92YWx1ZXM9ImZsb3dfdHlwZT1tZWRpY2FsX2RldmljZV9nZW5lcmFsJnF1ZXN0aW9uX3R5cGU9TWVkaWNhbCBEZXZpY2UiXQ==[\/vc_raw_html][\/vc_column_inner][\/vc_row_inner][vc_raw_js]JTNDc2NyaXB0JTIwc3JjJTNEJTIyJTJGd3AtY29udGVudCUyRnRoZW1lcyUyRmJvb3RzY29yZS1jaGlsZC1tYWluJTJGanMlMkZxdWVzdGlvbm5haXJlLmpzJTNGdiUzRDElMjIlM0UlM0MlMkZzY3JpcHQlM0U=[\/vc_raw_js][\/vc_column][\/vc_row][\/vc_section]<\/p>\n","protected":false},"author":40,"featured_media":0,"parent":0,"menu_order":0,"comment_status":"closed","ping_status":"closed","template":"page-templates\/page-sidebar-none.php","meta":{"_acf_changed":false,"content-type":"","footnotes":""},"class_list":["post-22647","page","type-page","status-publish","hentry"],"acf":[],"_links":{"self":[{"href":"https:\/\/staging.registrarcorp.com\/fr\/wp-json\/wp\/v2\/pages\/22647","targetHints":{"allow":["GET"]}}],"collection":[{"href":"https:\/\/staging.registrarcorp.com\/fr\/wp-json\/wp\/v2\/pages"}],"about":[{"href":"https:\/\/staging.registrarcorp.com\/fr\/wp-json\/wp\/v2\/types\/page"}],"author":[{"embeddable":true,"href":"https:\/\/staging.registrarcorp.com\/fr\/wp-json\/wp\/v2\/users\/40"}],"replies":[{"embeddable":true,"href":"https:\/\/staging.registrarcorp.com\/fr\/wp-json\/wp\/v2\/comments?post=22647"}],"version-history":[{"count":0,"href":"https:\/\/staging.registrarcorp.com\/fr\/wp-json\/wp\/v2\/pages\/22647\/revisions"}],"wp:attachment":[{"href":"https:\/\/staging.registrarcorp.com\/fr\/wp-json\/wp\/v2\/media?parent=22647"}],"curies":[{"name":"wp","href":"https:\/\/api.w.org\/{rel}","templated":true}]}}