{"id":20915,"date":"2023-07-19T14:20:13","date_gmt":"2023-07-19T14:20:13","guid":{"rendered":"https:\/\/staging.registrarcorp.com\/thank-you-ttb\/"},"modified":"2024-07-18T18:30:45","modified_gmt":"2024-07-18T18:30:45","slug":"thank-you-ttb","status":"publish","type":"page","link":"https:\/\/staging.registrarcorp.com\/fr\/thank-you-ttb\/","title":{"rendered":"Merci (TTB)"},"content":{"rendered":"<div class=\"wpb-content-wrapper\">[vc_row css=&#8221;.vc_custom_1689694296283{padding-top: 50px !important;}&#8221;][vc_column][vc_column_text]\n<h2>Merci<\/h2>\n<p>Votre demande a \u00e9t\u00e9 soumise avec succ\u00e8s. Nous sommes impatients de vous assister.<\/p>\n<p>Nous avons bien collect\u00e9 les donn\u00e9es renseign\u00e9es, vous allez b\u00e9n\u00e9ficier de l\u2019assistance d\u2019un expert. Votre sp\u00e9cialiste r\u00e9glementaire vous contactera bient\u00f4t.[\/vc_column_text][\/vc_column][\/vc_row]\n<\/div>","protected":false},"excerpt":{"rendered":"<p>[vc_row css=&#8221;.vc_custom_1689694296283{padding-top: 50px !important;}&#8221;][vc_column][vc_column_text] Merci Votre demande a \u00e9t\u00e9 soumise avec succ\u00e8s. Nous sommes impatients de vous assister. Nous avons bien collect\u00e9 les donn\u00e9es renseign\u00e9es, vous allez b\u00e9n\u00e9ficier de l\u2019assistance d\u2019un expert. Votre sp\u00e9cialiste r\u00e9glementaire vous contactera bient\u00f4t.[\/vc_column_text][\/vc_column][\/vc_row]<\/p>\n","protected":false},"author":40,"featured_media":0,"parent":0,"menu_order":0,"comment_status":"closed","ping_status":"closed","template":"page-templates\/page-sidebar-none.php","meta":{"_acf_changed":false,"content-type":"","footnotes":""},"class_list":["post-20915","page","type-page","status-publish","hentry"],"acf":[],"_links":{"self":[{"href":"https:\/\/staging.registrarcorp.com\/fr\/wp-json\/wp\/v2\/pages\/20915","targetHints":{"allow":["GET"]}}],"collection":[{"href":"https:\/\/staging.registrarcorp.com\/fr\/wp-json\/wp\/v2\/pages"}],"about":[{"href":"https:\/\/staging.registrarcorp.com\/fr\/wp-json\/wp\/v2\/types\/page"}],"author":[{"embeddable":true,"href":"https:\/\/staging.registrarcorp.com\/fr\/wp-json\/wp\/v2\/users\/40"}],"replies":[{"embeddable":true,"href":"https:\/\/staging.registrarcorp.com\/fr\/wp-json\/wp\/v2\/comments?post=20915"}],"version-history":[{"count":0,"href":"https:\/\/staging.registrarcorp.com\/fr\/wp-json\/wp\/v2\/pages\/20915\/revisions"}],"wp:attachment":[{"href":"https:\/\/staging.registrarcorp.com\/fr\/wp-json\/wp\/v2\/media?parent=20915"}],"curies":[{"name":"wp","href":"https:\/\/api.w.org\/{rel}","templated":true}]}}