{"id":15920,"date":"2023-07-18T15:34:56","date_gmt":"2023-07-18T15:34:56","guid":{"rendered":"https:\/\/staging.registrarcorp.com\/thank-you-inquiry\/"},"modified":"2026-04-21T22:52:05","modified_gmt":"2026-04-21T22:52:05","slug":"thank-you-inquiry","status":"publish","type":"page","link":"https:\/\/staging.registrarcorp.com\/fr\/thank-you-inquiry\/","title":{"rendered":"Merci (demande)"},"content":{"rendered":"<div class=\"wpb-content-wrapper\">[vc_row el_class=&#8221;pt-mobile-14&#8243; css=&#8221;.vc_custom_1776810925902{padding-top: 80px !important;}&#8221;][vc_column][vc_row_inner][vc_column_inner][vc_column_text css=&#8221;.vc_custom_1776810980652{padding-top: 30px !important;padding-bottom: 30px !important;}&#8221;]\n<h3 style=\"text-align: center;\">Merci de nous avoir contact\u00e9s.<\/h3>\n<p style=\"text-align: center;\">Nous sommes impatients de vous aider. Gardez un \u0153il sur votre bo\u00eete de r\u00e9ception, un expert de Registrar Corp vous contactera dans un d\u00e9lai de 1 \u00e0 2 jours ouvrables.<\/p>\n[\/vc_column_text][\/vc_column_inner][\/vc_row_inner][\/vc_column][\/vc_row]\n<\/div>","protected":false},"excerpt":{"rendered":"<p>[vc_row el_class=&#8221;pt-mobile-14&#8243; css=&#8221;.vc_custom_1776810925902{padding-top: 80px !important;}&#8221;][vc_column][vc_row_inner][vc_column_inner][vc_column_text css=&#8221;.vc_custom_1776810980652{padding-top: 30px !important;padding-bottom: 30px !important;}&#8221;] Merci de nous avoir contact\u00e9s. Nous sommes impatients de vous aider. Gardez un \u0153il sur votre bo\u00eete de r\u00e9ception, un expert de Registrar Corp vous contactera dans un d\u00e9lai de 1 \u00e0 2 jours ouvrables. [\/vc_column_text][\/vc_column_inner][\/vc_row_inner][\/vc_column][\/vc_row]<\/p>\n","protected":false},"author":40,"featured_media":0,"parent":0,"menu_order":0,"comment_status":"closed","ping_status":"closed","template":"page-templates\/page-sidebar-none.php","meta":{"_acf_changed":false,"content-type":"","footnotes":""},"class_list":["post-15920","page","type-page","status-publish","hentry"],"acf":[],"_links":{"self":[{"href":"https:\/\/staging.registrarcorp.com\/fr\/wp-json\/wp\/v2\/pages\/15920","targetHints":{"allow":["GET"]}}],"collection":[{"href":"https:\/\/staging.registrarcorp.com\/fr\/wp-json\/wp\/v2\/pages"}],"about":[{"href":"https:\/\/staging.registrarcorp.com\/fr\/wp-json\/wp\/v2\/types\/page"}],"author":[{"embeddable":true,"href":"https:\/\/staging.registrarcorp.com\/fr\/wp-json\/wp\/v2\/users\/40"}],"replies":[{"embeddable":true,"href":"https:\/\/staging.registrarcorp.com\/fr\/wp-json\/wp\/v2\/comments?post=15920"}],"version-history":[{"count":0,"href":"https:\/\/staging.registrarcorp.com\/fr\/wp-json\/wp\/v2\/pages\/15920\/revisions"}],"wp:attachment":[{"href":"https:\/\/staging.registrarcorp.com\/fr\/wp-json\/wp\/v2\/media?parent=15920"}],"curies":[{"name":"wp","href":"https:\/\/api.w.org\/{rel}","templated":true}]}}