{"id":15004,"date":"2023-03-15T17:24:39","date_gmt":"2023-03-15T17:24:39","guid":{"rendered":"https:\/\/staging.registrarcorp.com\/roles\/"},"modified":"2024-09-27T13:23:16","modified_gmt":"2024-09-27T13:23:16","slug":"roles","status":"publish","type":"page","link":"https:\/\/staging.registrarcorp.com\/fr\/roles\/","title":{"rendered":"R\u00f4les"},"content":{"rendered":"<div class=\"wpb-content-wrapper\">[vc_row full_width=&#8221;stretch_row&#8221; css=&#8221;.vc_custom_1726760550789{padding-top: 100px !important;background-color: #f4f4f4 !important;}&#8221; el_class=&#8221;topContainer row-wdith hero-section&#8221; el_id=&#8221;headerRow&#8221;][vc_column width=&#8221;1\/2&#8243;][vc_column_text fnt_family=&#8221;Montserrat&#8221; fnt_family_h1=&#8221;Montserrat&#8221; fnt_size_h1=&#8221;56&#8243;]\n<h1><span style=\"color: #003873;\"><strong>Trouvez les solutions de <\/strong><\/span><span style=\"color: #0081ff;\"><strong>conformit\u00e9 qui vous<\/strong><\/span><span style=\"color: #003873;\"><strong> sont adapt\u00e9es.<\/strong><\/span><\/h1>\n[\/vc_column_text][vc_column_text fnt_family=&#8221;Montserrat&#8221; fnt_size=&#8221;24&#8243;]Registrar Corp est con\u00e7u par des professionnels de la r\u00e9glementation, pour les professionnels de la r\u00e9glementation. Nous avons cr\u00e9\u00e9 des services, des solutions logicielles et des programmes de formation adapt\u00e9s \u00e0 vos besoins, afin que vous puissiez assurer la conformit\u00e9 et le bon fonctionnement de votre entreprise.[\/vc_column_text][vc_btn title=&#8221;Explorer les services&#8221; color=&#8221;sky&#8221; i_align=&#8221;right&#8221; i_icon_fontawesome=&#8221;fas fa-arrow-right&#8221; css=&#8221;.vc_custom_1681739171513{margin-top: 30px !important;}&#8221; add_icon=&#8221;true&#8221; link=&#8221;url:%23tabSection|&#8221; el_class=&#8221;primary-btn&#8221;][\/vc_column][vc_column width=&#8221;1\/2&#8243; el_class=&#8221;container-right&#8221;][vc_single_image image=&#8221;707&#8243; img_size=&#8221;full&#8221; alignment=&#8221;center&#8221;][\/vc_column][\/vc_row][vc_section disable_element=&#8221;yes&#8221; css=&#8221;.vc_custom_1699275551203{padding-top: 50px !important;padding-right: 0px !important;padding-bottom: 50px !important;padding-left: 0px !important;}&#8221;][vc_row el_class=&#8221;count-wrap&#8221;][vc_column width=&#8221;1\/2&#8243;][vc_column_text el_class=&#8221;text-col&#8221;]\n<p style=\"font-size: 20px; font-weight: bold; text-align: left;\">Registrar Corp apporte plus de 20\u00a0ans d\u2019exp\u00e9rience et d\u2019expertise \u00e0 la conformit\u00e9 r\u00e9glementaire.<\/p>\n[\/vc_column_text][\/vc_column][vc_column width=&#8221;1\/2&#8243;][vc_row_inner el_class=&#8221;stats-count&#8221; css=&#8221;.vc_custom_1685446330345{padding-right: 0px !important;padding-left: 0px !important;}&#8221;][vc_column_inner width=&#8221;1\/4&#8243;][vc_column_text]\n<p style=\"text-align: center; font-size: 32px; font-weight: bold; margin-bottom: unset;\">19<\/p>\n<p style=\"text-align: center; font-size: 24px;\">\nBureaux dans le monde entier<\/p>\n[\/vc_column_text][\/vc_column_inner][vc_column_inner width=&#8221;1\/4&#8243;][vc_column_text]\n<p style=\"text-align: center; font-size: 32px; font-weight: bold; margin-bottom: unset;\">175+<\/p>\n<p style=\"text-align: center; font-size: 24px;\">pays<\/p>\n[\/vc_column_text][\/vc_column_inner][vc_column_inner width=&#8221;1\/4&#8243;][vc_column_text]\n<p style=\"text-align: center; font-size: 32px; font-weight: bold; margin-bottom: unset;\">Plus de 30 000<\/p>\n<p style=\"text-align: center; font-size: 24px;\">clients<\/p>\n[\/vc_column_text][\/vc_column_inner][vc_column_inner width=&#8221;1\/4&#8243;][vc_column_text]\n<p style=\"text-align: center; font-size: 32px; font-weight: bold; margin-bottom: unset;\">4.7<\/p>\n<p style=\"text-align: center; font-size: 24px;\">\nScore Trustpilot<\/p>\n[\/vc_column_text][\/vc_column_inner][\/vc_row_inner][\/vc_column][\/vc_row][\/vc_section][vc_section css=&#8221;.vc_custom_1685446271065{padding-top: 50px !important;padding-right: 0px !important;padding-bottom: 50px !important;padding-left: 0px !important;}&#8221;][vc_row el_class=&#8221;count-wrap&#8221; el_id=&#8221;dataRow&#8221;][vc_column][vc_row_inner el_class=&#8221;stats-count&#8221; css=&#8221;.vc_custom_1685446330345{padding-right: 0px !important;padding-left: 0px !important;}&#8221;][vc_column_inner width=&#8221;1\/5&#8243;][vc_single_image image=&#8221;24447&#8243; img_size=&#8221;114&#215;65&#8243; alignment=&#8221;center&#8221;][\/vc_column_inner][vc_column_inner width=&#8221;1\/5&#8243;][vc_single_image image=&#8221;24457&#8243; img_size=&#8221;81&#215;81&#8243; alignment=&#8221;center&#8221;][\/vc_column_inner][vc_column_inner width=&#8221;1\/5&#8243;][vc_single_image image=&#8221;24475&#8243; img_size=&#8221;70&#215;72&#8243; alignment=&#8221;center&#8221;][\/vc_column_inner][vc_column_inner width=&#8221;1\/5&#8243;][vc_single_image image=&#8221;24502&#8243; img_size=&#8221;81&#215;81&#8243; alignment=&#8221;center&#8221;][\/vc_column_inner][vc_column_inner width=&#8221;1\/5&#8243;][vc_single_image image=&#8221;24493&#8243; img_size=&#8221;61&#215;81&#8243; alignment=&#8221;center&#8221;][\/vc_column_inner][\/vc_row_inner][vc_row_inner el_class=&#8221;stats-count&#8221; css=&#8221;.vc_custom_1685446330345{padding-right: 0px !important;padding-left: 0px !important;}&#8221;][vc_column_inner width=&#8221;1\/5&#8243;][vc_column_text css=&#8221;&#8221;]\n<p style=\"text-align: center; font-size: 40px; line-height: 60px; color: #003873; font-weight: bold; margin-bottom: unset;\"><span style=\"color: #f54f45;\">Plus de 30 000<\/span><\/p>\n<p style=\"text-align: center; font-size: 24px;\">clients<\/p>\n[\/vc_column_text][\/vc_column_inner][vc_column_inner width=&#8221;1\/5&#8243;][vc_column_text css=&#8221;&#8221;]\n<p style=\"text-align: center; font-size: 40px; line-height: 60px; color: #003873; font-weight: bold; margin-bottom: unset;\"><span style=\"color: #f54f45;\">Plus de 175<\/span><\/p>\n<p style=\"text-align: center; font-size: 24px;\">pays<\/p>\n[\/vc_column_text][\/vc_column_inner][vc_column_inner width=&#8221;1\/5&#8243;][vc_column_text css=&#8221;&#8221;]\n<p style=\"text-align: center; font-size: 40px; line-height: 60px; color: #003873; font-weight: bold; margin-bottom: unset;\">20<\/p>\n<p style=\"text-align: center; font-size: 24px;\">Bureaux dans le monde entier<\/p>\n[\/vc_column_text][\/vc_column_inner][vc_column_inner width=&#8221;1\/5&#8243;][vc_column_text css=&#8221;&#8221;]\n<p style=\"text-align: center; font-size: 40px; line-height: 60px; color: #003873; font-weight: bold; margin-bottom: unset;\">4.7\/5<\/p>\n<p style=\"text-align: center; font-size: 24px;\">Note des clients <\/p>\n[\/vc_column_text][\/vc_column_inner][vc_column_inner width=&#8221;1\/5&#8243;][vc_column_text css=&#8221;&#8221;]\n<p style=\"text-align: center; font-size: 40px; line-height: 60px; color: #003873; font-weight: bold; margin-bottom: unset;\"><span style=\"color: #f54f45;\">Plus de 20\u00a0ans<\/span><\/p>\n<p style=\"text-align: center; font-size: 24px;\">ann\u00e9es de service<\/p>\n[\/vc_column_text][\/vc_column_inner][\/vc_row_inner][\/vc_column][\/vc_row][\/vc_section][vc_section][vc_row full_width=&#8221;stretch_row&#8221; css=&#8221;.vc_custom_1689781988716{background-color: #ffffff !important;}&#8221; el_class=&#8221;tabs-section&#8221; el_id=&#8221;tabSection&#8221;][vc_column][vc_tta_tabs section_title_tag=&#8221;h2&#8243; style=&#8221;flat&#8221; shape=&#8221;square&#8221; color=&#8221;white&#8221; alignment=&#8221;center&#8221; active_section=&#8221;1&#8243; css=&#8221;.vc_custom_1681805628851{background-color: #ffffff !important;}&#8221;][vc_tta_section tab_id=&#8221;regulatory-compliance&#8221; el_class=&#8221;pr-0&#8243; title=&#8221;Conformit\u00e9 r\u00e9glementaire&#8221;][vc_row_inner content_placement=&#8221;middle&#8221; css=&#8221;.vc_custom_1679910686166{background-color: #ffffff !important;}&#8221; el_class=&#8221;pr-0&#8243;][vc_column_inner width=&#8221;1\/2&#8243;][vc_column_text]\n<h2>Conformit\u00e9 r\u00e9glementaire<\/h2>\n<p><span data-contrast=\"auto\">La conformit\u00e9 est plus qu\u2019un travail \u00e0 temps plein<\/span><span data-contrast=\"none\">,<\/span><span data-contrast=\"auto\">c\u2019est un effort d\u2019\u00e9quipe. La large gamme de services de Registrar Corp vous permet de r\u00e9guler la charge de travail. Les importateurs peuvent cr\u00e9er et mettre en \u0153uvre des plans FSVP, automatiser la conformit\u00e9 des fournisseurs et exp\u00e9dier des produits \u00e0 l\u2019\u00e9tranger avec le soutien d\u2019une \u00e9quipe de r\u00e9glementation professionnelle.<\/span>[\/vc_column_text][vc_column_text el_class=&#8221;image-text-content&#8221;]<img decoding=\"async\" class=\"size-full wp-image-177 alignleft\" src=\"\/wp-content\/uploads\/2023\/07\/import-export_Secured-1.png\" alt=\"\" width=\"50\" height=\"39\"><strong>Si vous pr\u00e9voyez d\u2019exporter des produits vers les \u00c9tats-Unis, nous proposons des services r\u00e9glementaires d\u2019enregistrement et de renouvellement, d\u2019assistance en cas de d\u00e9tention, ainsi que des logiciels robustes et des plateformes de formation en ligne.<\/strong>[\/vc_column_text][vc_btn title=&#8221;Solutions pour la conformit\u00e9 r\u00e9glementaire&#8221; color=&#8221;sky&#8221; i_align=&#8221;right&#8221; i_icon_fontawesome=&#8221;fas fa-arrow-right&#8221; css=&#8221;.vc_custom_1681739318907{margin-top: 30px !important;}&#8221; add_icon=&#8221;true&#8221; link=&#8221;url:https%3A%2F%2Fstaging.registrarcorp.com%2Ffr%2Froles%2Fregulatory-compliance%2F|&#8221; el_class=&#8221;primary-btn&#8221;][\/vc_column_inner][vc_column_inner el_class=&#8221;pr-0&#8243; width=&#8221;1\/2&#8243;][vc_single_image image=&#8221;699&#8243; img_size=&#8221;full&#8221; alignment=&#8221;center&#8221; css=&#8221;.vc_custom_1681739331970{padding-top: 20px !important;}&#8221;][\/vc_column_inner][\/vc_row_inner][\/vc_tta_section][vc_tta_section title=&#8221;Assurance qualit\u00e9&#8221; tab_id=&#8221;quality-assurance&#8221; el_class=&#8221;pr-0&#8243;][vc_row_inner content_placement=&#8221;middle&#8221; el_class=&#8221;pr-0&#8243;][vc_column_inner width=&#8221;1\/2&#8243;][vc_column_text]\n<h2>Assurance qualit\u00e9<\/h2>\n<p><span data-contrast=\"auto\">Vous avez besoin de solutions qui peuvent aider votre entreprise \u00e0 respecter et \u00e0 maintenir les normes de qualit\u00e9 tout au long du processus de production. Assurer la conformit\u00e9 des produits avec les services tels que l\u2019assistance pour les additifs de couleur, les mock inspections et les soumissions de Master File. Facilitez\u00a0de meilleurs standards de production gr\u00e2ce \u00e0 un service complet de r\u00e9glementation et de\u00a0solution de\u00a0formulation qui permettent le d\u00e9veloppement collaboratif.<\/span><span data-ccp-props=\"{&quot;201341983&quot;:0,&quot;335559685&quot;:0,&quot;335559731&quot;:0,&quot;335559740&quot;:276}\"><\/span>[\/vc_column_text][vc_column_text el_class=&#8221;image-text-content&#8221;]<img decoding=\"async\" class=\"size-full wp-image-177 alignleft\" src=\"\/wp-content\/uploads\/2023\/07\/foodbev_food-5682630.png\" alt=\"\" width=\"50\" height=\"39\"><strong>Registrar Corp sera \u00e9galement l\u2019une des premi\u00e8res soci\u00e9t\u00e9s \u00e0 proposer l\u2019enregistrement des cosm\u00e9tiques et les listes de produits aupr\u00e8s de la FDA.<\/strong>[\/vc_column_text][vc_btn title=&#8221;Solutions pour l\u2019assurance qualit\u00e9&#8221; color=&#8221;sky&#8221; i_align=&#8221;right&#8221; i_icon_fontawesome=&#8221;fas fa-arrow-right&#8221; css=&#8221;.vc_custom_1681739414782{margin-top: 30px !important;}&#8221; add_icon=&#8221;true&#8221; link=&#8221;url:https%3A%2F%2Fstaging.registrarcorp.com%2Ffr%2Froles%2Fquality-assurance%2F|&#8221; el_class=&#8221;primary-btn&#8221;][\/vc_column_inner][vc_column_inner width=&#8221;1\/2&#8243;][vc_single_image image=&#8221;691&#8243; img_size=&#8221;full&#8221; alignment=&#8221;center&#8221; css=&#8221;.vc_custom_1681739423148{padding-top: 20px !important;}&#8221;][\/vc_column_inner][\/vc_row_inner][\/vc_tta_section][vc_tta_section title=&#8221;S\u00e9curit\u00e9&#8221; tab_id=&#8221;safety-roles&#8221; el_class=&#8221;pr-0&#8243;][vc_row_inner content_placement=&#8221;middle&#8221; css=&#8221;.vc_custom_1679910718025{background-color: #ffffff !important;}&#8221; el_class=&#8221;pr-0&#8243;][vc_column_inner width=&#8221;1\/2&#8243;][vc_column_text]\n<h2>S\u00e9curit\u00e9<\/h2>\n<p><span data-contrast=\"auto\">Assurez la<\/span><span data-contrast=\"none\">s\u00e9curit\u00e9 de vos consommateurs<\/span><span data-contrast=\"auto\"><\/span><span data-contrast=\"none\">et<\/span><span data-contrast=\"auto\">de votre entreprise en respectant les normes r\u00e9glementaires \u00e0 chaque \u00e9tape du processus de production. Surveillez la conformit\u00e9 de vos installations et suivez les exp\u00e9ditions en temps r\u00e9el gr\u00e2ce \u00e0 la plateforme de conformit\u00e9 automatis\u00e9e de Registrar.<\/span><span data-ccp-props=\"{&quot;201341983&quot;:0,&quot;335559685&quot;:0,&quot;335559731&quot;:0,&quot;335559740&quot;:276}\"><\/span>[\/vc_column_text][vc_column_text el_class=&#8221;image-text-content&#8221;]<img decoding=\"async\" class=\"size-full wp-image-177 alignleft\" src=\"\/wp-content\/uploads\/2023\/07\/foodbev_lab-test-5682636.png\" alt=\"\" width=\"50\" height=\"39\"><strong>Choisissez des services de conformit\u00e9 sur mesure tels que l\u2019enregistrement des entreprises alimentaires, la d\u00e9signation d\u2019agent am\u00e9ricain, les plans et la mise en \u0153uvre de la s\u00e9curit\u00e9 alimentaire. Fournissez une formation rentable aux travailleurs sur les bonnes pratiques en mati\u00e8re de s\u00e9curit\u00e9 alimentaire.<\/strong>[\/vc_column_text][vc_btn title=&#8221;Solutions pour la s\u00e9curit\u00e9&#8221; color=&#8221;sky&#8221; i_align=&#8221;right&#8221; i_icon_fontawesome=&#8221;fas fa-arrow-right&#8221; css=&#8221;.vc_custom_1681739497244{margin-top: 30px !important;}&#8221; add_icon=&#8221;true&#8221; link=&#8221;url:https%3A%2F%2Fstaging.registrarcorp.com%2Ffr%2Froles%2Fsafety%2F|&#8221; el_class=&#8221;primary-btn&#8221;][\/vc_column_inner][vc_column_inner width=&#8221;1\/2&#8243;][vc_single_image image=&#8221;683&#8243; img_size=&#8221;full&#8221; alignment=&#8221;center&#8221;][\/vc_column_inner][\/vc_row_inner][\/vc_tta_section][vc_tta_section title=&#8221;Recherche et d\u00e9veloppement&#8221; tab_id=&#8221;reseach-and-development&#8221; el_class=&#8221;pr-0&#8243;][vc_row_inner content_placement=&#8221;middle&#8221;][vc_column_inner width=&#8221;1\/2&#8243;][vc_column_text]\n<h2>Recherche et d\u00e9veloppement<\/h2>\n<p><span data-contrast=\"auto\">Jongler avec plusieurs syst\u00e8mes de formulation peut apporter des r\u00e9sultats qui ne sont pas id\u00e9aux. Regroupez votre \u00e9quipe R&amp;D\u00a0et vos processus\u00a0sur une seule plateforme s\u00e9curis\u00e9e. Nos solutions logicielles vous permettent de superviser la production et de g\u00e9rer les fournisseurs, de collaborer au d\u00e9veloppement de produits cosm\u00e9tiques <\/span><span data-contrast=\"auto\">et de maintenir la conformit\u00e9 de l\u2019\u00e9tiquetage facilement et efficacement.<\/span><span data-ccp-props=\"{&quot;201341983&quot;:0,&quot;335559740&quot;:276}\"><\/span>[\/vc_column_text][vc_column_text el_class=&#8221;image-text-content&#8221;]<img decoding=\"async\" class=\"size-full wp-image-177 alignleft\" src=\"\/wp-content\/uploads\/2023\/07\/Pharma_test-samples-1113244.png\" alt=\"\" width=\"50\" height=\"39\"><strong>Nous pouvons \u00e9galement vous assister en identifiant les probl\u00e8mes de conformit\u00e9 potentiels avec notre service d\u2019examen des \u00e9tiquettes et des ingr\u00e9dients.<\/strong>[\/vc_column_text][vc_btn title=&#8221;Solutions pour la R&amp;D&#8221; color=&#8221;sky&#8221; i_align=&#8221;right&#8221; i_icon_fontawesome=&#8221;fas fa-arrow-right&#8221; css=&#8221;.vc_custom_1681739581179{margin-top: 30px !important;}&#8221; add_icon=&#8221;true&#8221; link=&#8221;url:https%3A%2F%2Fstaging.registrarcorp.com%2Ffr%2Froles%2Fresearch-development%2F|&#8221; el_class=&#8221;primary-btn&#8221;][\/vc_column_inner][vc_column_inner width=&#8221;1\/2&#8243;][vc_single_image image=&#8221;675&#8243; img_size=&#8221;full&#8221; alignment=&#8221;center&#8221; css=&#8221;.vc_custom_1681739589565{padding-top: 20px !important;}&#8221;][\/vc_column_inner][\/vc_row_inner][\/vc_tta_section][vc_tta_section title=&#8221;Management&#8221; tab_id=&#8221;executives&#8221; el_class=&#8221;pr-0&#8243;][vc_row_inner content_placement=&#8221;middle&#8221;][vc_column_inner width=&#8221;1\/2&#8243;][vc_column_text]\n<h2>Management<\/h2>\n<p><span data-contrast=\"auto\">Construire une entreprise prosp\u00e8re et conforme. Les solutions compl\u00e8tes de Registrar Corp rationalisent les op\u00e9rations internes afin que vous puissiez vous concentrer sur la croissance de votre entreprise. Acc\u00e9l\u00e9rez votre efficacit\u00e9 gr\u00e2ce \u00e0 un soutien professionnel pour l\u2019enregistrement aupr\u00e8s de la FDA, les plans de s\u00e9curit\u00e9 alimentaire, la Prior Notice, etc.<\/span><span data-ccp-props=\"{&quot;201341983&quot;:0,&quot;335559685&quot;:0,&quot;335559731&quot;:0,&quot;335559740&quot;:276}\"><\/span>[\/vc_column_text][vc_column_text el_class=&#8221;image-text-content&#8221;]<img decoding=\"async\" class=\"size-full wp-image-177 alignleft\" src=\"\/wp-content\/uploads\/2023\/07\/Tabletphones_smartphone-3311727.png\" alt=\"\" width=\"50\" height=\"39\"><strong>Profitez de nos solutions logicielles pour simplifier la conformit\u00e9 des fournisseurs, augmenter la formation r\u00e9glementaire de votre personnel et rationaliser le d\u00e9veloppement de produits cosm\u00e9tiques.<\/strong>[\/vc_column_text][vc_btn title=&#8221;Solutions pour les cadres&#8221; color=&#8221;sky&#8221; i_align=&#8221;right&#8221; i_icon_fontawesome=&#8221;fas fa-arrow-right&#8221; css=&#8221;.vc_custom_1681739658805{margin-top: 30px !important;}&#8221; add_icon=&#8221;true&#8221; link=&#8221;url:https%3A%2F%2Fstaging.registrarcorp.com%2Ffr%2Froles%2Fexecutives%2F|&#8221; el_class=&#8221;primary-btn&#8221;][\/vc_column_inner][vc_column_inner width=&#8221;1\/2&#8243;][vc_single_image image=&#8221;667&#8243; img_size=&#8221;full&#8221; alignment=&#8221;center&#8221; css=&#8221;.vc_custom_1681739665977{padding-top: 20px !important;}&#8221;][\/vc_column_inner][\/vc_row_inner][\/vc_tta_section][\/vc_tta_tabs][\/vc_column][\/vc_row][\/vc_section][vc_section el_class=&#8221;lorem-ipsum-section&#8221;][vc_row][vc_column]<div id=\"section-338\" class=\"el-109495435264ad9058464f4 ss-element gusta-section-vc-element \"><div class=\"section-container\">[vc_row el_class=\"lorem-ipsum-section\"][vc_column css=\".vc_custom_1689087893301{padding-top: 60px !important;padding-bottom: 60px !important;}\"][vc_row_inner][vc_column_inner width=\"2\/3\"][vc_column_text css=\"\"]\r\n<h2 style=\"color: #003873; font-size: 40px; font-weight: bold;\">Notre biblioth\u00e8que de ressources<\/h2>\r\n<span style=\"color: #003873; font-size: 18px;\">Avec plus de 20 ans d\u2019exp\u00e9rience en r\u00e9glementation, nous avons ce qu\u2019il faut pour r\u00e9pondre \u00e0 vos besoins en mati\u00e8re d\u2019importation et d\u2019exportation.\r\n<\/span>\r\n\r\n<span style=\"color: #003873; font-size: 18px;\">Notre suite compl\u00e8te de services, de logiciels et de formations en ligne simplifie la conformit\u00e9 afin que vous puissiez mieux faire des affaires.\r\n<\/span>[\/vc_column_text][\/vc_column_inner][vc_column_inner width=\"1\/3\"]\n            <link rel=\"stylesheet\" href=\"\/wp-content\/plugins\/mpc-massive\/assets\/fonts\/mi\/mi.min.css\">\n            <div id=\"icon-list-resources\" class=\"mpc-icon-list mpc-icon--right mpc-inited\"><ul class=\"mpc-list__ul\"><li class=\"mpc-list__item mpc-parent-hover mpc-transition\">\n                        <div class=\"mpc-list__icon\">\n                            <div class=\"mpc-icon mpc-transition mpc-effect-none mpc-icon-hover mpc-inited icon-arrow\">\n                            <div class=\"mpc-icon-wrap\">\n                                <i class=\"mpc-icon-part mpc-regular mpc-transition mi mi-arrow_forward\"><\/i>\n                                <i class=\"mpc-icon-part mpc-hover mpc-transition mi mi-arrow_forward\"><\/i>\n                            <\/div>\n                            <\/div>\n                        <\/div>\n                        <span class=\"mpc-list__title\">\n                            <a href=\"https:\/\/staging.registrarcorp.com\/blog\/\">Blog<\/a>\n                        <\/span>\n                    <\/li><li class=\"mpc-list__item mpc-parent-hover mpc-transition\">\n                        <div class=\"mpc-list__icon\">\n                            <div class=\"mpc-icon mpc-transition mpc-effect-none mpc-icon-hover mpc-inited icon-arrow\">\n                            <div class=\"mpc-icon-wrap\">\n                                <i class=\"mpc-icon-part mpc-regular mpc-transition mi mi-arrow_forward\"><\/i>\n                                <i class=\"mpc-icon-part mpc-hover mpc-transition mi mi-arrow_forward\"><\/i>\n                            <\/div>\n                            <\/div>\n                        <\/div>\n                        <span class=\"mpc-list__title\">\n                            <a href=\"https:\/\/staging.registrarcorp.com\/resources\/events\/\">Webinaire\/\u00c9v\u00e9nements<\/a>\n                        <\/span>\n                    <\/li><li class=\"mpc-list__item mpc-parent-hover mpc-transition\">\n                        <div class=\"mpc-list__icon\">\n                            <div class=\"mpc-icon mpc-transition mpc-effect-none mpc-icon-hover mpc-inited icon-arrow\">\n                            <div class=\"mpc-icon-wrap\">\n                                <i class=\"mpc-icon-part mpc-regular mpc-transition mi mi-arrow_forward\"><\/i>\n                                <i class=\"mpc-icon-part mpc-hover mpc-transition mi mi-arrow_forward\"><\/i>\n                            <\/div>\n                            <\/div>\n                        <\/div>\n                        <span class=\"mpc-list__title\">\n                            <a href=\"https:\/\/staging.registrarcorp.com\/resources\/case-studies\/\">\u00c9tudes de cas<\/a>\n                        <\/span>\n                    <\/li><\/ul><\/div>[\/vc_column_inner][\/vc_row_inner][\/vc_column][\/vc_row]<\/div><\/div>[\/vc_column][\/vc_row][\/vc_section][vc_row css=&#8221;.vc_custom_1681739690722{margin-top: -35px !important;}&#8221;][vc_column]<div id=\"section-292\" class=\"el-1587595336643d4fae30eff ss-element gusta-section-vc-element \"><div class=\"section-container\">[vc_row full_width=\"stretch_row\" el_id=\"bottomRow\" css=\".vc_custom_1738666549366{padding-top: 45px !important;padding-bottom: 45px !important;background-color: #8ed6ff !important;}\"][vc_column_text css=\"\" el_class=\"are-you-ready-heading\"]\r\n<div style=\"color: #003873;\">\u00cates-vous pr\u00eat pour une meilleure conformit\u00e9\u00a0?<\/div>\r\n[vc_btn title=\"Commencer\" shape=\"square\" color=\"default\" align=\"left\" i_align=\"right\" i_icon_fontawesome=\"fas fa-arrow-right\" add_icon=\"true\" link=\"url:https%3A%2F%2Fstaging.registrarcorp.com%2Ffr%2Fcontact%2F%23contact-us|\" el_class=\"get-started-btn\"][\/vc_column_text][\/vc_row]<\/div><\/div>[\/vc_column][\/vc_row]\n<\/div>","protected":false},"excerpt":{"rendered":"<p>[vc_row full_width=&#8221;stretch_row&#8221; css=&#8221;.vc_custom_1726760550789{padding-top: 100px !important;background-color: #f4f4f4 !important;}&#8221; el_class=&#8221;topContainer row-wdith hero-section&#8221; el_id=&#8221;headerRow&#8221;][vc_column width=&#8221;1\/2&#8243;][vc_column_text fnt_family=&#8221;Montserrat&#8221; fnt_family_h1=&#8221;Montserrat&#8221; fnt_size_h1=&#8221;56&#8243;] Trouvez les solutions de conformit\u00e9 qui vous sont adapt\u00e9es. [\/vc_column_text][vc_column_text fnt_family=&#8221;Montserrat&#8221; fnt_size=&#8221;24&#8243;]Registrar Corp est con\u00e7u par des professionnels de la r\u00e9glementation, pour les professionnels de la r\u00e9glementation. Nous avons cr\u00e9\u00e9 des services, des solutions logicielles et des programmes de formation<\/p>\n","protected":false},"author":40,"featured_media":0,"parent":0,"menu_order":0,"comment_status":"closed","ping_status":"closed","template":"page-templates\/page-sidebar-none.php","meta":{"_acf_changed":false,"content-type":"","footnotes":""},"class_list":["post-15004","page","type-page","status-publish","hentry"],"acf":[],"_links":{"self":[{"href":"https:\/\/staging.registrarcorp.com\/fr\/wp-json\/wp\/v2\/pages\/15004","targetHints":{"allow":["GET"]}}],"collection":[{"href":"https:\/\/staging.registrarcorp.com\/fr\/wp-json\/wp\/v2\/pages"}],"about":[{"href":"https:\/\/staging.registrarcorp.com\/fr\/wp-json\/wp\/v2\/types\/page"}],"author":[{"embeddable":true,"href":"https:\/\/staging.registrarcorp.com\/fr\/wp-json\/wp\/v2\/users\/40"}],"replies":[{"embeddable":true,"href":"https:\/\/staging.registrarcorp.com\/fr\/wp-json\/wp\/v2\/comments?post=15004"}],"version-history":[{"count":0,"href":"https:\/\/staging.registrarcorp.com\/fr\/wp-json\/wp\/v2\/pages\/15004\/revisions"}],"wp:attachment":[{"href":"https:\/\/staging.registrarcorp.com\/fr\/wp-json\/wp\/v2\/media?parent=15004"}],"curies":[{"name":"wp","href":"https:\/\/api.w.org\/{rel}","templated":true}]}}