{"id":14683,"date":"2023-03-21T13:05:06","date_gmt":"2023-03-21T13:05:06","guid":{"rendered":"https:\/\/staging.registrarcorp.com\/business-model\/"},"modified":"2024-09-27T13:20:01","modified_gmt":"2024-09-27T13:20:01","slug":"business-model","status":"publish","type":"page","link":"https:\/\/staging.registrarcorp.com\/fr\/business-model\/","title":{"rendered":"Mod\u00e8le commercial"},"content":{"rendered":"<div class=\"wpb-content-wrapper\">[vc_section el_class=&#8221;banner-section&#8221;][vc_row content_placement=&#8221;middle&#8221; css=&#8221;.vc_custom_1726756666441{padding-top: 60px !important;padding-bottom: 60px !important;}&#8221; el_class=&#8221;hero-section&#8221;][vc_column width=&#8221;1\/2&#8243;][vc_column_text fnt_family=&#8221;Montserrat&#8221; fnt_size_h1=&#8221;56&#8243;]\n<h1><span style=\"color: #003873;\"><strong>Importation ou exportation,<\/strong><\/span><br \/>\n<span style=\"color: #0081ff;\"><strong>nous pouvons vous aider.<\/strong><\/span><\/h1>\n[\/vc_column_text][vc_row_inner el_class=&#8221;banner-content&#8221;][vc_column_inner css=&#8221;.vc_custom_1680786410634{padding-right: 0px !important;padding-left: 0px !important;}&#8221;][vc_column_text]<span style=\"color: #003873;\">Avec plus de 30 000\u00a0clients dans plus de 190\u00a0pays servis chaque ann\u00e9e, nous avons ce qu\u2019il faut pour r\u00e9pondre \u00e0 vos besoins en mati\u00e8re d\u2019importation et d\u2019exportation. Notre ensemble complet de services, de logiciels et de formations en ligne simplifie la conformit\u00e9 afin que vous puissiez g\u00e9rer vos affaires au mieux.<\/span>[\/vc_column_text][\/vc_column_inner][\/vc_row_inner][vc_btn title=&#8221;D\u00e9couvrez nos solutions&#8221; color=&#8221;sky&#8221; i_align=&#8221;right&#8221; i_icon_fontawesome=&#8221;fas fa-arrow-right&#8221; add_icon=&#8221;true&#8221; link=&#8221;url:https%3A%2F%2Fstaging.registrarcorp.com%2Ffr%2Fservices%2F|&#8221; el_class=&#8221;primary-btn&#8221;][\/vc_column][vc_column width=&#8221;1\/2&#8243;][vc_single_image image=&#8221;586&#8243; img_size=&#8221;500&#215;542&#8243; alignment=&#8221;right&#8221;][\/vc_column][\/vc_row][\/vc_section][vc_section disable_element=&#8221;yes&#8221; css=&#8221;.vc_custom_1699275740208{padding-top: 30px !important;padding-bottom: 30px !important;}&#8221;][vc_row content_placement=&#8221;middle&#8221;][vc_column width=&#8221;1\/2&#8243;][vc_column_text el_class=&#8221;mobile-align-center&#8221;]<span style=\"color: #406a96; font-size: 20px; font-weight: bold;\">Registrar Corp apporte plus de 20\u00a0ans d\u2019exp\u00e9rience et d\u2019expertise \u00e0 la conformit\u00e9 r\u00e9glementaire.<\/span>[\/vc_column_text][\/vc_column][vc_column width=&#8221;1\/2&#8243;][vc_row_inner el_class=&#8221;count-wrap&#8221;][vc_column_inner width=&#8221;1\/4&#8243;][vc_column_text]\n<p style=\"text-align: center;\"><span style=\"color: #406a96; font-size: 30px; font-weight: bold;\">19<\/span><br \/>\n<span style=\"color: #406a96; font-size: 21px;\">Bureaux dans le <\/span><br \/>\n<span style=\"color: #406a96; font-size: 21px;\">monde entier<\/span><\/p>\n[\/vc_column_text][\/vc_column_inner][vc_column_inner width=&#8221;1\/4&#8243;][vc_column_text]\n<p style=\"text-align: center;\"><span style=\"color: #406a96; font-size: 30px; font-weight: bold;\">Plus de 175 <\/span><br \/>\n<span style=\"color: #406a96; font-size: 21px;\">pays<\/span><\/p>\n[\/vc_column_text][\/vc_column_inner][vc_column_inner width=&#8221;1\/4&#8243;][vc_column_text]\n<p style=\"text-align: center;\"><span style=\"color: #406a96; font-size: 30px; font-weight: bold;\">Plus de 30 000<\/span><br \/>\n<span style=\"color: #406a96; font-size: 21px;\">clients<\/span><\/p>\n[\/vc_column_text][\/vc_column_inner][vc_column_inner width=&#8221;1\/4&#8243;][vc_column_text]\n<p style=\"text-align: center;\"><span style=\"color: #406a96; font-size: 30px; font-weight: bold;\">4.7<\/span><br \/>\n<span style=\"color: #406a96; font-size: 21px;\">S<\/span><br \/>\n<span style=\"color: #406a96; font-size: 21px;\">core de Trustpilot<\/span><\/p>\n[\/vc_column_text][\/vc_column_inner][\/vc_row_inner][\/vc_column][\/vc_row][\/vc_section][vc_section css=&#8221;.vc_custom_1679480611858{padding-top: 30px !important;padding-bottom: 30px !important;}&#8221;][vc_row content_placement=&#8221;middle&#8221; el_id=&#8221;dataRow&#8221;][vc_column][vc_row_inner el_class=&#8221;single-image-margin&#8221;][vc_column_inner width=&#8221;1\/5&#8243; css=&#8221;.vc_custom_1699276544139{margin-bottom: 0px !important;}&#8221;][vc_single_image image=&#8221;24447&#8243; img_size=&#8221;114&#215;65&#8243; alignment=&#8221;center&#8221;][\/vc_column_inner][vc_column_inner width=&#8221;1\/5&#8243;][vc_single_image image=&#8221;24457&#8243; img_size=&#8221;81&#215;81&#8243; alignment=&#8221;center&#8221;][\/vc_column_inner][vc_column_inner width=&#8221;1\/5&#8243;][vc_single_image image=&#8221;24475&#8243; img_size=&#8221;70&#215;72&#8243; alignment=&#8221;center&#8221;][\/vc_column_inner][vc_column_inner width=&#8221;1\/5&#8243;][vc_single_image image=&#8221;24502&#8243; img_size=&#8221;81&#215;81&#8243; alignment=&#8221;center&#8221;][\/vc_column_inner][vc_column_inner width=&#8221;1\/5&#8243;][vc_single_image image=&#8221;24493&#8243; img_size=&#8221;61&#215;81&#8243; alignment=&#8221;center&#8221;][\/vc_column_inner][\/vc_row_inner][vc_row_inner][vc_column_inner width=&#8221;1\/5&#8243;][vc_column_text]\n<p style=\"text-align: center; font-size: 40px; color: #003873; font-weight: bold; margin-bottom: unset;\"><span style=\"color: #f54f45;\">Plus de 30 000<\/span><\/p>\n<p style=\"text-align: center; font-size: 24px;\">clients<\/p>\n[\/vc_column_text][\/vc_column_inner][vc_column_inner width=&#8221;1\/5&#8243;][vc_column_text]\n<p style=\"text-align: center; font-size: 40px; color: #003873; font-weight: bold; margin-bottom: unset;\">175<span style=\"color: #f54f45;\">+<\/span><\/p>\n<p style=\"text-align: center; font-size: 24px;\">pays<\/p>\n[\/vc_column_text][\/vc_column_inner][vc_column_inner width=&#8221;1\/5&#8243;][vc_column_text]\n<p style=\"text-align: center; font-size: 40px; color: #003873; font-weight: bold; margin-bottom: unset;\">20<\/p>\n<p style=\"text-align: center; font-size: 24px;\">Bureaux dans le monde entier<\/p>\n[\/vc_column_text][\/vc_column_inner][vc_column_inner width=&#8221;1\/5&#8243;][vc_column_text]\n<p style=\"text-align: center; font-size: 40px; color: #003873; font-weight: bold; margin-bottom: unset;\">4.7\/5<\/p>\n<p style=\"text-align: center; font-size: 24px;\">Note des clients <\/p>\n[\/vc_column_text][\/vc_column_inner][vc_column_inner width=&#8221;1\/5&#8243;][vc_column_text]\n<p style=\"text-align: center; font-size: 40px; color: #003873; font-weight: bold; margin-bottom: unset;\"><span style=\"color: #f54f45;\">Plus de 20\u00a0ans<\/span><\/p>\n<p style=\"text-align: center; font-size: 24px;\">ann\u00e9es de service<\/p>\n[\/vc_column_text][\/vc_column_inner][\/vc_row_inner][\/vc_column][\/vc_row][\/vc_section][vc_section full_width=&#8221;stretch_row&#8221; css=&#8221;.vc_custom_1679482067122{background-color: #ffffff !important;}&#8221;][vc_row css=&#8221;.vc_custom_1685094542462{background-color: #ffffff !important;}&#8221; el_class=&#8221;business-model-tabs tabs-section&#8221;][vc_column][vc_tta_tabs section_title_tag=&#8221;h2&#8243; style=&#8221;flat&#8221; shape=&#8221;square&#8221; color=&#8221;white&#8221; alignment=&#8221;center&#8221; active_section=&#8221;1&#8243; css=&#8221;.vc_custom_1681805628851{background-color: #ffffff !important;}&#8221;][vc_tta_section tab_id=&#8221;importing-to-the-U-S&#8221; el_class=&#8221;pr-0&#8243; title=&#8221;Importer aux \u00c9tats-Unis\u00a0\u00a0?&#8221;][vc_row_inner content_placement=&#8221;middle&#8221; css=&#8221;.vc_custom_1679910686166{background-color: #ffffff !important;}&#8221; el_class=&#8221;pr-0&#8243;][vc_column_inner width=&#8221;1\/2&#8243;][vc_column_text]\n<h2 style=\"color: #003873; font-size: 40px; font-weight: bold;\">Vous importez aux \u00c9tats-Unis\u00a0\u00a0?<\/h2>\n<p><span style=\"color: #003873; font-size: 18px;\">Avec des exp\u00e9ditions, des fournisseurs et d\u2019innombrables r\u00e9glementations \u00e0 suivre, nous savons \u00e0 quel point l\u2019importation de marchandises peut \u00eatre complexe. Registrar Corp propose des services ax\u00e9s sur l\u2019importateur, tels que la cr\u00e9ation et la mise en \u0153uvre de FSVP, l\u2019assistance \u00e0 la d\u00e9tention et des cours de formation en ligne pour les certifications de conformit\u00e9.<\/span><\/p>\n<p><span style=\"color: #003873; font-size: 18px;\">Notre plateforme de conformit\u00e9 automatis\u00e9e aide \u00e0 pr\u00e9venir les probl\u00e8mes de cha\u00eene d\u2019approvisionnement en rationalisant la surveillance des fournisseurs et de la conformit\u00e9.\u00a0<\/span>[\/vc_column_text][vc_btn title=&#8221;Solutions pour importateurs&#8221; color=&#8221;sky&#8221; i_align=&#8221;right&#8221; i_icon_fontawesome=&#8221;fas fa-arrow-right&#8221; add_icon=&#8221;true&#8221; link=&#8221;url:https%3A%2F%2Fstaging.registrarcorp.com%2Ffr%2Fbusiness-model%2Fus-importer-solutions%2F|&#8221; el_class=&#8221;primary-btn&#8221;][\/vc_column_inner][vc_column_inner el_class=&#8221;pr-0&#8243; width=&#8221;1\/2&#8243;][vc_single_image image=&#8221;10144&#8243; img_size=&#8221;large&#8221; alignment=&#8221;right&#8221; el_class=&#8221;pr-0&#8243;][\/vc_column_inner][\/vc_row_inner][\/vc_tta_section][vc_tta_section title=&#8221;Exporter vers les \u00c9tats-Unis\u00a0\u00a0?&#8221; tab_id=&#8221;exporting-to-the-U-S&#8221; el_class=&#8221;pr-0&#8243;][vc_row_inner content_placement=&#8221;middle&#8221; el_class=&#8221;pr-0&#8243;][vc_column_inner width=&#8221;1\/2&#8243;][vc_column_text]\n<h2 style=\"color: #003873; font-size: 40px; font-weight: bold;\">Vous exportez vers les \u00c9tats-Unis\u00a0\u00a0?<\/h2>\n<p><span style=\"color: #003873; font-size: 18px;\">Registrar Corp fait passer la conformit\u00e9 du niveau mondial au niveau local. Notre \u00e9quipe multilingue et nos 19\u00a0bureaux r\u00e9gionaux \u00e0 travers le monde nous offrent la port\u00e9e et l\u2019expertise n\u00e9cessaires pour servir les exportateurs de plus de 170\u00a0pays diff\u00e9rents. <\/span><\/p>\n<p><span style=\"color: #003873; font-size: 18px;\">Notre large gamme d\u2019offres comprend l\u2019enregistrement et le renouvellement r\u00e9glementaire, des solutions de s\u00e9curit\u00e9 alimentaire, des revues d\u2019\u00e9tiquetages et d\u2019ingr\u00e9dients, une assistance \u00e0 la d\u00e9tention, des soumissions de listes de produits, etc.\u00a0<\/span>[\/vc_column_text][vc_btn title=&#8221;Solutions pour exportateurs&#8221; color=&#8221;sky&#8221; i_align=&#8221;right&#8221; i_icon_fontawesome=&#8221;fas fa-arrow-right&#8221; add_icon=&#8221;true&#8221; link=&#8221;url:https%3A%2F%2Fstaging.registrarcorp.com%2Ffr%2Fbusiness-model%2Fexporter-solutions%2F|&#8221; el_class=&#8221;primary-btn&#8221;][\/vc_column_inner][vc_column_inner width=&#8221;1\/2&#8243;][vc_single_image image=&#8221;10152&#8243; img_size=&#8221;large&#8221; alignment=&#8221;right&#8221; css=&#8221;.vc_custom_1679912940605{padding-top: 35px !important;}&#8221; el_class=&#8221;pr-0&#8243;][\/vc_column_inner][\/vc_row_inner][\/vc_tta_section][vc_tta_section title=&#8221;Solutions de conformit\u00e9 globale&#8221; tab_id=&#8221;global-compliance-solutions&#8221; el_class=&#8221;pr-0&#8243;][vc_row_inner content_placement=&#8221;middle&#8221; css=&#8221;.vc_custom_1679910718025{background-color: #ffffff !important;}&#8221; el_class=&#8221;pr-0&#8243;][vc_column_inner width=&#8221;1\/2&#8243;][vc_column_text]\n<h2 style=\"color: #003873; font-size: 40px; font-weight: bold;\">Solutions de conformit\u00e9 mondiale\u00a0\u00a0?<\/h2>\n<p><span style=\"color: #003873; font-size: 18px;\">Gr\u00e2ce \u00e0 l\u2019exp\u00e9rience mondiale de Registrar Corp, vous pouvez faire entrer vos produits sur les march\u00e9s internationaux en toute confiance. Nous offrons un soutien professionnel \u00e0 l\u2019enregistrement au GACC et \u00e0 Health Canada.<\/span>[\/vc_column_text][vc_btn title=&#8221;Solutions de conformit\u00e9&#8221; color=&#8221;sky&#8221; i_align=&#8221;right&#8221; i_icon_fontawesome=&#8221;fas fa-arrow-right&#8221; add_icon=&#8221;true&#8221; link=&#8221;url:https%3A%2F%2Fstaging.registrarcorp.com%2Ffr%2Fbusiness-model%2Fglobal-compliance-solutions%2F|&#8221; el_class=&#8221;primary-btn&#8221;][\/vc_column_inner][vc_column_inner width=&#8221;1\/2&#8243;][vc_single_image image=&#8221;10160&#8243; img_size=&#8221;large&#8221; alignment=&#8221;right&#8221; el_class=&#8221;pr-0&#8243;][\/vc_column_inner][\/vc_row_inner][\/vc_tta_section][\/vc_tta_tabs][\/vc_column][\/vc_row][\/vc_section][vc_section el_class=&#8221;lorem-ipsum-section&#8221;][vc_row content_placement=&#8221;middle&#8221; css=&#8221;.vc_custom_1679486472377{padding-top: 60px !important;padding-bottom: 60px !important;}&#8221;][vc_column width=&#8221;2\/3&#8243;][vc_custom_heading text=&#8221;Trouvez les solutions de conformit\u00e9 qui vous sont adapt\u00e9es.&#8221; font_container=&#8221;tag:h2|font_size:40|text_align:left|color:%23003873&#8243; google_fonts=&#8221;font_family:Montserrat%3Aregular%2C700|font_style:700%20bold%20regular%3A700%3Anormal&#8221;][vc_column_text]<span style=\"color: #003873; font-size: 18px;\">Registrar Corp est con\u00e7u par des professionnels de la r\u00e9glementation, pour les professionnels de la r\u00e9glementation.<\/span><\/p>\n<p><span style=\"color: #003873; font-size: 18px;\">Nous avons cr\u00e9\u00e9 des services, des solutions logicielles et des programmes de formation adapt\u00e9s \u00e0 vos besoins, afin que vous puissiez assurer la conformit\u00e9 et le bon fonctionnement de votre entreprise.<br \/>\n<\/span>[\/vc_column_text][\/vc_column][vc_column width=&#8221;1\/3&#8243;]<div id=\"mpc_icon_list-8369d8da37c4a70\" class=\"mpc-icon-list mpc-init mpc-icon--right \"><ul class=\"mpc-list__ul\"><li class=\"mpc-list__item mpc-parent-hover mpc-transition\" data-index=\"0\"><div class=\"mpc-list__icon\"><div data-id=\"mpc_icon-6369d8da37c4ac3\" class=\"mpc-icon mpc-init mpc-transition mpc-effect-none mpc-icon-hover \"><div class=\"mpc-icon-wrap\"><i class=\"mpc-icon-part mpc-regular mpc-transition  mi mi-arrow_forward\"><\/i><i class=\"mpc-icon-part mpc-hover mpc-transition  mi mi-arrow_forward\"><\/i><\/div><\/div><\/div><span class=\"mpc-list__title\"><a href=\"\/roles\/regulatory-compliance\/\" style=\"text-decoration: none;\">Regulatory Compliance<\/a><\/span><\/li><li class=\"mpc-list__item mpc-parent-hover mpc-transition\" data-index=\"1\"><div class=\"mpc-list__icon\"><div data-id=\"mpc_icon-6369d8da37c4ac3\" class=\"mpc-icon mpc-init mpc-transition mpc-effect-none mpc-icon-hover \"><div class=\"mpc-icon-wrap\"><i class=\"mpc-icon-part mpc-regular mpc-transition  mi mi-arrow_forward\"><\/i><i class=\"mpc-icon-part mpc-hover mpc-transition  mi mi-arrow_forward\"><\/i><\/div><\/div><\/div><span class=\"mpc-list__title\"><a href=\"\/roles\/quality-assurance\/\" style=\"text-decoration: none;\">Quality Assurance<\/a><\/span><\/li><li class=\"mpc-list__item mpc-parent-hover mpc-transition\" data-index=\"2\"><div class=\"mpc-list__icon\"><div data-id=\"mpc_icon-6369d8da37c4ac3\" class=\"mpc-icon mpc-init mpc-transition mpc-effect-none mpc-icon-hover \"><div class=\"mpc-icon-wrap\"><i class=\"mpc-icon-part mpc-regular mpc-transition  mi mi-arrow_forward\"><\/i><i class=\"mpc-icon-part mpc-hover mpc-transition  mi mi-arrow_forward\"><\/i><\/div><\/div><\/div><span class=\"mpc-list__title\"><a href=\"\/roles\/safety\/\" style=\"text-decoration: none;\">Safety Roles<\/a><\/span><\/li><li class=\"mpc-list__item mpc-parent-hover mpc-transition\" data-index=\"3\"><div class=\"mpc-list__icon\"><div data-id=\"mpc_icon-6369d8da37c4ac3\" class=\"mpc-icon mpc-init mpc-transition mpc-effect-none mpc-icon-hover \"><div class=\"mpc-icon-wrap\"><i class=\"mpc-icon-part mpc-regular mpc-transition  mi mi-arrow_forward\"><\/i><i class=\"mpc-icon-part mpc-hover mpc-transition  mi mi-arrow_forward\"><\/i><\/div><\/div><\/div><span class=\"mpc-list__title\"><a href=\"\/roles\/research-development\/\" style=\"text-decoration: none;\">Research and Development<\/a><\/span><\/li><li class=\"mpc-list__item mpc-parent-hover mpc-transition\" data-index=\"4\"><div class=\"mpc-list__icon\"><div data-id=\"mpc_icon-6369d8da37c4ac3\" class=\"mpc-icon mpc-init mpc-transition mpc-effect-none mpc-icon-hover \"><div class=\"mpc-icon-wrap\"><i class=\"mpc-icon-part mpc-regular mpc-transition  mi mi-arrow_forward\"><\/i><i class=\"mpc-icon-part mpc-hover mpc-transition  mi mi-arrow_forward\"><\/i><\/div><\/div><\/div><span class=\"mpc-list__title\"><a href=\"\/roles\/executives\/\" style=\"text-decoration: none;\">Executives<\/a><\/span><\/li><\/ul><\/div>[\/vc_column][\/vc_row][\/vc_section][vc_section css=&#8221;.vc_custom_1684404283119{padding-top: 0px !important;}&#8221;][vc_row full_width=&#8221;stretch_row&#8221; el_id=&#8221;bottomRow&#8221; css=&#8221;.vc_custom_1684406733405{padding-top: 45px !important;padding-bottom: 45px !important;background-color: #00ed9e !important;}&#8221;][vc_column width=&#8221;2\/3&#8243;][vc_column_text css=&#8221;&#8221; el_class=&#8221;are-you-ready-heading&#8221;]<span style=\"color: #003873; font-size: 56px; line-height: 84px;\">\u00cates-vous pr\u00eat pour une<br \/>\nmeilleure conformit\u00e9\u00a0\u00a0?<\/span>[\/vc_column_text][\/vc_column][vc_column width=&#8221;1\/3&#8243;][vc_btn title=&#8221;Commencer&#8221; shape=&#8221;square&#8221; color=&#8221;default&#8221; align=&#8221;center&#8221; i_align=&#8221;right&#8221; i_icon_fontawesome=&#8221;fas fa-arrow-right&#8221; add_icon=&#8221;true&#8221; link=&#8221;url:%23|&#8221; el_class=&#8221;get-started-btn&#8221;][\/vc_column][\/vc_row][\/vc_section]\n<\/div>","protected":false},"excerpt":{"rendered":"<p>[vc_section el_class=&#8221;banner-section&#8221;][vc_row content_placement=&#8221;middle&#8221; css=&#8221;.vc_custom_1726756666441{padding-top: 60px !important;padding-bottom: 60px !important;}&#8221; el_class=&#8221;hero-section&#8221;][vc_column width=&#8221;1\/2&#8243;][vc_column_text fnt_family=&#8221;Montserrat&#8221; fnt_size_h1=&#8221;56&#8243;] Importation ou exportation, nous pouvons vous aider. [\/vc_column_text][vc_row_inner el_class=&#8221;banner-content&#8221;][vc_column_inner css=&#8221;.vc_custom_1680786410634{padding-right: 0px !important;padding-left: 0px !important;}&#8221;][vc_column_text]Avec plus de 30 000\u00a0clients dans plus de 190\u00a0pays servis chaque ann\u00e9e, nous avons ce qu\u2019il faut pour r\u00e9pondre \u00e0 vos besoins en mati\u00e8re d\u2019importation et d\u2019exportation. Notre ensemble complet<\/p>\n","protected":false},"author":33,"featured_media":0,"parent":0,"menu_order":0,"comment_status":"closed","ping_status":"closed","template":"page-templates\/page-sidebar-none.php","meta":{"_acf_changed":false,"content-type":"","footnotes":""},"class_list":["post-14683","page","type-page","status-publish","hentry"],"acf":[],"_links":{"self":[{"href":"https:\/\/staging.registrarcorp.com\/fr\/wp-json\/wp\/v2\/pages\/14683","targetHints":{"allow":["GET"]}}],"collection":[{"href":"https:\/\/staging.registrarcorp.com\/fr\/wp-json\/wp\/v2\/pages"}],"about":[{"href":"https:\/\/staging.registrarcorp.com\/fr\/wp-json\/wp\/v2\/types\/page"}],"author":[{"embeddable":true,"href":"https:\/\/staging.registrarcorp.com\/fr\/wp-json\/wp\/v2\/users\/33"}],"replies":[{"embeddable":true,"href":"https:\/\/staging.registrarcorp.com\/fr\/wp-json\/wp\/v2\/comments?post=14683"}],"version-history":[{"count":0,"href":"https:\/\/staging.registrarcorp.com\/fr\/wp-json\/wp\/v2\/pages\/14683\/revisions"}],"wp:attachment":[{"href":"https:\/\/staging.registrarcorp.com\/fr\/wp-json\/wp\/v2\/media?parent=14683"}],"curies":[{"name":"wp","href":"https:\/\/api.w.org\/{rel}","templated":true}]}}