{"id":14596,"date":"2023-03-29T07:35:10","date_gmt":"2023-03-29T07:35:10","guid":{"rendered":"https:\/\/staging.registrarcorp.com\/press\/"},"modified":"2024-09-24T18:58:40","modified_gmt":"2024-09-24T18:58:40","slug":"press","status":"publish","type":"page","link":"https:\/\/staging.registrarcorp.com\/fr\/press\/","title":{"rendered":"Couverture m\u00e9diatique"},"content":{"rendered":"<div class=\"wpb-content-wrapper\">[vc_row full_width=&#8221;stretch_row&#8221; css=&#8221;.vc_custom_1726756499016{padding-top: 80px !important;background-color: #003873 !important;}&#8221; el_class=&#8221;hero-section&#8221;][vc_column width=&#8221;3\/5&#8243;][vc_custom_heading text=&#8221;Registrar Corp dans les m\u00e9dias&#8221; font_container=&#8221;tag:h1|text_align:left|color:%23ffffff&#8221; google_fonts=&#8221;font_family:Montserrat%3Aregular%2C700|font_style:700%20bold%20regular%3A700%3Anormal&#8221; css=&#8221;&#8221; el_class=&#8221;press-header-title&#8221;][vc_column_text fnt_family=&#8221;Montserrat&#8221; fnt_size=&#8221;24px&#8221;]\n<p style=\"color: #ffffff;\">Tenez-vous au courant des derni\u00e8res nouvelles de Registrar Corp. Vous trouverez ici notre couverture m\u00e9diatique r\u00e9cente, nos annonces de produits et les mises \u00e0 jour de l\u2019entreprise.<\/p>\n[\/vc_column_text][vc_btn title=&#8221;En savoir plus&#8221; style=&#8221;flat&#8221; shape=&#8221;square&#8221; color=&#8221;blue&#8221; size=&#8221;lg&#8221; align=&#8221;left&#8221; i_align=&#8221;right&#8221; i_icon_fontawesome=&#8221;fas fa-arrow-right&#8221; add_icon=&#8221;true&#8221; link=&#8221;url:%23press-releases|&#8221; el_class=&#8221;primary-btn-white btnTextBold&#8221;][\/vc_column][vc_column width=&#8221;2\/5&#8243;][vc_single_image image=&#8221;10320&#8243; img_size=&#8221;515&#215;554&#8243; alignment=&#8221;right&#8221; css=&#8221;.vc_custom_1707128675600{margin-bottom: 0px !important;padding-top: 70px !important;}&#8221;][\/vc_column][\/vc_row][vc_section el_id=&#8221;press-releases&#8221;][vc_row full_width=&#8221;stretch_row&#8221; css=&#8221;.vc_custom_1707128752748{padding-top: 60px !important;padding-bottom: 60px !important;background-color: #b5daf1 !important;}&#8221;][vc_column][vc_custom_heading text=&#8221;Couverture m\u00e9diatique&#8221; font_container=&#8221;tag:h2|font_size:32|text_align:left|color:%23003873&#8243; google_fonts=&#8221;font_family:Montserrat%3Aregular%2C700|font_style:700%20bold%20regular%3A700%3Anormal&#8221; css=&#8221;&#8221;][vc_column_text]\n<div>\n<div><ul class=\"list-category\"><li class=\"p-category all\"> All <\/li><li class=\"p-category\" data-value=\"244\">Cosm\u00e9tiques<\/li><li class=\"p-category\" data-value=\"259\">Dispositifs m\u00e9dicaux<\/li><li class=\"p-category\" data-value=\"260\">M\u00e9dicaments<\/li><li class=\"p-category\" data-value=\"540\">Compl\u00e9ments alimentaires<\/li><li class=\"p-category\" data-value=\"845\">Food &amp; Beverage<\/li><\/div>\n<\/div>\n[\/vc_column_text][\/vc_column][\/vc_row][\/vc_section]\n<\/div>","protected":false},"excerpt":{"rendered":"<p>[vc_row full_width=&#8221;stretch_row&#8221; css=&#8221;.vc_custom_1726756499016{padding-top: 80px !important;background-color: #003873 !important;}&#8221; el_class=&#8221;hero-section&#8221;][vc_column width=&#8221;3\/5&#8243;][vc_custom_heading text=&#8221;Registrar Corp dans les m\u00e9dias&#8221; font_container=&#8221;tag:h1|text_align:left|color:%23ffffff&#8221; google_fonts=&#8221;font_family:Montserrat%3Aregular%2C700|font_style:700%20bold%20regular%3A700%3Anormal&#8221; css=&#8221;&#8221; el_class=&#8221;press-header-title&#8221;][vc_column_text fnt_family=&#8221;Montserrat&#8221; fnt_size=&#8221;24px&#8221;] Tenez-vous au courant des derni\u00e8res nouvelles de Registrar Corp. Vous trouverez ici notre couverture m\u00e9diatique r\u00e9cente, nos annonces de produits et les mises \u00e0 jour de l\u2019entreprise. [\/vc_column_text][vc_btn title=&#8221;En savoir plus&#8221; style=&#8221;flat&#8221; shape=&#8221;square&#8221; color=&#8221;blue&#8221; size=&#8221;lg&#8221;<\/p>\n","protected":false},"author":33,"featured_media":0,"parent":0,"menu_order":0,"comment_status":"closed","ping_status":"closed","template":"page-templates\/page-press.php","meta":{"_acf_changed":false,"content-type":"","footnotes":""},"class_list":["post-14596","page","type-page","status-publish","hentry"],"acf":[],"_links":{"self":[{"href":"https:\/\/staging.registrarcorp.com\/fr\/wp-json\/wp\/v2\/pages\/14596","targetHints":{"allow":["GET"]}}],"collection":[{"href":"https:\/\/staging.registrarcorp.com\/fr\/wp-json\/wp\/v2\/pages"}],"about":[{"href":"https:\/\/staging.registrarcorp.com\/fr\/wp-json\/wp\/v2\/types\/page"}],"author":[{"embeddable":true,"href":"https:\/\/staging.registrarcorp.com\/fr\/wp-json\/wp\/v2\/users\/33"}],"replies":[{"embeddable":true,"href":"https:\/\/staging.registrarcorp.com\/fr\/wp-json\/wp\/v2\/comments?post=14596"}],"version-history":[{"count":0,"href":"https:\/\/staging.registrarcorp.com\/fr\/wp-json\/wp\/v2\/pages\/14596\/revisions"}],"wp:attachment":[{"href":"https:\/\/staging.registrarcorp.com\/fr\/wp-json\/wp\/v2\/media?parent=14596"}],"curies":[{"name":"wp","href":"https:\/\/api.w.org\/{rel}","templated":true}]}}