{"id":13336,"date":"2023-06-01T07:23:29","date_gmt":"2023-06-01T07:23:29","guid":{"rendered":"https:\/\/staging.registrarcorp.com\/exporter-solutions\/"},"modified":"2024-09-27T13:21:44","modified_gmt":"2024-09-27T13:21:44","slug":"exporter-solutions","status":"publish","type":"page","link":"https:\/\/staging.registrarcorp.com\/fr\/business-model\/exporter-solutions\/","title":{"rendered":"Solutions pour exportateurs"},"content":{"rendered":"<div class=\"wpb-content-wrapper\">[vc_section el_class=&#8221;banner-section&#8221; css=&#8221;.vc_custom_1685621691370{padding-top: 80px !important;padding-bottom: 50px !important;}&#8221;][vc_row full_width=&#8221;stretch_row&#8221; el_class=&#8221;topContainer row-wdith hero-section&#8221; el_id=&#8221;headerRow&#8221;][vc_column width=&#8221;1\/2&#8243;][vc_column_text fnt_family=&#8221;Montserrat&#8221; fnt_size=&#8221;46&#8243;]\n<h1 style=\"font-weight: bold;\"><strong><span style=\"color: #003873;\">Conformit\u00e9 r\u00e9glementaire<\/span><\/strong><br \/>\n<strong><span style=\"color: #0081ff;\">pour les exportateurs du monde entier.<\/span><\/strong><\/h1>\n[\/vc_column_text][vc_column_text fnt_family=&#8221;Montserrat&#8221; fnt_size=&#8221;24&#8243;]Se conformer aux r\u00e9glementations \u00e9tendues de la FDA n\u2019est qu\u2019un des nombreux d\u00e9fis auxquels les exportateurs sont confront\u00e9s lorsqu\u2019ils essaient d\u2019entrer sur le march\u00e9 am\u00e9ricain. En tant que consultant leader en conformit\u00e9 r\u00e9glementaire pour plus de 30 000\u00a0entreprises dans le monde, nous disposons de l\u2019exp\u00e9rience et de l\u2019expertise n\u00e9cessaires pour vous aider \u00e0 pr\u00e9parer vos produits pour le march\u00e9 am\u00e9ricain.[\/vc_column_text][vc_btn title=&#8221;Choisissez votre secteur&#8221; color=&#8221;sky&#8221; i_align=&#8221;right&#8221; i_icon_fontawesome=&#8221;fas fa-arrow-right&#8221; add_icon=&#8221;true&#8221; el_class=&#8221;primary-btn&#8221; link=&#8221;url:%23exporters|&#8221;][\/vc_column][vc_column width=&#8221;1\/2&#8243; el_class=&#8221;container-right&#8221;][vc_single_image image=&#8221;3678&#8243; img_size=&#8221;596&#215;499&#8243; alignment=&#8221;center&#8221;][\/vc_column][\/vc_row][\/vc_section][vc_section full_width=&#8221;stretch_row&#8221; css=&#8221;.vc_custom_1689097172732{padding-bottom: 80px !important;background-color: #ffffff !important;}&#8221; el_id=&#8221;exporters&#8221;][vc_row full_width=&#8221;stretch_row&#8221; css=&#8221;.vc_custom_1685610365935{border-top-width: 40px !important;padding-top: 40px !important;padding-bottom: 20px !important;background-color: #ffffff !important;}&#8221;][vc_column width=&#8221;1\/2&#8243;][vc_single_image image=&#8221;3694&#8243; img_size=&#8221;589&#215;217&#8243;][\/vc_column][vc_column width=&#8221;1\/2&#8243;][vc_custom_heading text=&#8221;Conformit\u00e9 mondiale \u00e0 locale&#8221; font_container=&#8221;tag:h2|font_size:32px|text_align:left|color:%23003873|line_height:40px&#8221; google_fonts=&#8221;font_family:Montserrat%3Aregular%2C700|font_style:700%20bold%20regular%3A700%3Anormal&#8221;][vc_column_text fnt_family=&#8221;Montserrat&#8221; fnt_size=&#8221;18px&#8221; grad_text_color1=&#8221;#003873&#8243;]Avec 19\u00a0bureaux internationaux et plus de 20\u00a0ans au service des entreprises am\u00e9ricaines et internationales, notre \u00e9quipe s\u2019engage \u00e0 vous aider \u00e0 vous familiariser avec les r\u00e9glementations am\u00e9ricaines en tant que fournisseur \u00e9tranger. Les sp\u00e9cialistes de la r\u00e9glementation de Registrar Corp servent les exportateurs dans les secteurs de l\u2019alimentation et des boissons, des compl\u00e9ments alimentaires, des m\u00e9dicaments, des dispositifs m\u00e9dicaux et des cosm\u00e9tiques.[\/vc_column_text][\/vc_column][\/vc_row][vc_row full_width=&#8221;stretch_row&#8221; css=&#8221;.vc_custom_1685610255607{background-color: #FFFFFF !important;}&#8221;][vc_column width=&#8221;1\/2&#8243;][vc_row_inner el_class=&#8221;compliance-details-col&#8221;][vc_column_inner][vc_single_image image=&#8221;3909&#8243; img_size=&#8221;616&#215;120&#8243; alignment=&#8221;center&#8221;][vc_custom_heading text=&#8221;Aliments et boissons&#8221; font_container=&#8221;tag:h2|font_size:24px|text_align:left|color:%23003873|line_height:40px&#8221; google_fonts=&#8221;font_family:Montserrat%3Aregular%2C700|font_style:700%20bold%20regular%3A700%3Anormal&#8221;][vc_raw_html]IDxkaXYgY2xhc3M9IkZvb2QtYW5kLUJldmVyYWdlLXVsbGkiPgogICAgPHA+CiAgICAgIE5vdXMgYXZvbnMgZGVzIGTDqWNlbm5pZXMgZOKAmWV4cMOpcmllbmNlIGRhbnMgbGEgY29uZm9ybWl0w6kgcsOpZ2xlbWVudGFpcmUgYWxpbWVudGFpcmUuIFJlZ2lzdHJhcgogQ29ycCBzb3V0aWVudCBsZXMgZXhwb3J0YXRldXJzIGRlIHByb2R1aXRzIGFsaW1lbnRhaXJlcyBldCBkZSBib2lzc29ucyBhdmVjIGRlcyBzZXJ2aWNlcyBk4oCZYWdlbnQgYW3DqXJpY2FpbnMsIGRlcyBww6l0aXRpb25zIGRlIHN1cHByZXNzaW9uIGTigJlhbGVydGVzIMOgIGzigJlpbXBvcnRhdGlvbgogZXQgZGVzIHNlcnZpY2VzIGRlIGNvbmZvcm1pdMOpIGTigJnDqXRpcXVldGFnZS4KICAgIDwvcD4KICAgIDxwIHN0eWxlPSJtYXJnaW4tYm90dG9tOiA1cHg7Ij5Ob3Mgb2ZmcmVzIHBvdXIgbGVzIGV4cG9ydGF0ZXVycyBkZSBwcm9kdWl0cyBhbGltZW50YWlyZXMgZXQgZGUgYm9pc3NvbnMgY29tcHJlbm5lbnTCoMKgOjwvcD4KICAgIDx1bD4KICAgICAgPGxpPkVucmVnaXN0cmVtZW50IGV0IHJlbm91dmVsbGVtZW50IGRlcyBpbnN0YWxsYXRpb25zIGRlIGxhIEZEQTwvbGk+CiAgICAgIDxsaT5TZXJ2aWNlcyBk4oCZYXNzaXN0YW5jZSBlbiBjYXMgZGUgZMOpdGVudGlvbiBldCBk4oCZSW1wb3J0IEFsZXJ0czwvbGk+CiAgICAgIDxsaT5Sw6l2aXNpb24gZGVzIMOpdGlxdWV0dGVzIGV0IGRlcyBpbmdyw6lkaWVudHM8L2xpPgogICAgICA8bGk+U2VydmljZXMgcG91ciBsZXMgw6l0YWJsaXNzZW1lbnRzIGRlIGNvbnNlcnZlIGFsaW1lbnRhaXJlIChGQ0UpPC9saT4KICAgICAgPGxpPlNvdW1pc3Npb24gZGUgZMOpcMO0dCBk4oCZYXZpcyBwcsOpYWxhYmxlPC9saT4KICAgICAgPGxpPlVuZSBwbGF0ZWZvcm1lIGxvZ2ljaWVsbGUgZOKAmWFuYWx5c2UgZGUgcmVjZXR0ZXMgZXQgZOKAmcOpdGlxdWV0YWdlIG51dHJpdGlvbm5lbCBMYSBDYWxjPC9saT4KICAgICAgPGxpPlBsYXRlZm9ybWVzIGRlIGZvcm1hdGlvbiBlbiBsaWduZSBhdmVjIGRlcyBjb3VycyBjZXJ0aWZpw6lzIMOgIHN1aXZyZSDDoCB2b3RyZSByeXRobWU8L2xpPgogICAgICA8bGk+Q29uZm9ybWl0w6kgYXV0b21hdGlzw6llIHBvdXIgbGVzIGV4cG9ydGF0ZXVyc8KgwqA6IG5vdHJlIHBsYXRlZm9ybWUgbG9naWNpZWxsZSBkZSBzdXJ2ZWlsbGFuY2UgZGUgbGEgY29uZm9ybWl0w6kgZXQgbm90cmUgbWFyY2jDqSBleHBvcnRhdGV1cjwvbGk+CiAgICA8L3VsPgogIDwvZGl2Pg==[\/vc_raw_html][vc_btn title=&#8221;D\u00e9couvrez nos services&#8221; color=&#8221;white&#8221; i_align=&#8221;right&#8221; i_icon_fontawesome=&#8221;fas fa-arrow-right&#8221; add_icon=&#8221;true&#8221; link=&#8221;url:https%3A%2F%2Fstaging.registrarcorp.com%2Ffr%2Findustries%2Ffood-beverage%2F|&#8221; el_class=&#8221;secondary-btn&#8221;][\/vc_column_inner][\/vc_row_inner][\/vc_column][vc_column width=&#8221;1\/2&#8243;][vc_row_inner el_class=&#8221;compliance-details-col&#8221;][vc_column_inner][vc_single_image image=&#8221;3917&#8243; img_size=&#8221;616&#215;120&#8243; alignment=&#8221;center&#8221;][vc_custom_heading text=&#8221;Compl\u00e9ments alimentaires&#8221; font_container=&#8221;tag:h2|font_size:24px|text_align:left|color:%23003873|line_height:40px&#8221; google_fonts=&#8221;font_family:Montserrat%3Aregular%2C700|font_style:700%20bold%20regular%3A700%3Anormal&#8221;][vc_raw_html]IDxkaXYgY2xhc3M9IkZvb2QtYW5kLUJldmVyYWdlLXVsbGkiPgogICAgPHA+CiAgICBFeHDDqWRpZXogZGVzIHByb2R1aXRzIGNvbmZvcm1lcyBldCBlZmZpY2FjZXMuIE5vdXMgdHJhdmFpbGxvbnMgYXZlYyBkZXMgZXhwb3J0YXRldXJzIGRlIGNvbXBsw6ltZW50cyBhbGltZW50YWlyZXMgcG91ciBlbnJlZ2lzdHJlciBsZXVycyBpbnN0YWxsYXRpb25zIGF1cHLDqHMgZGUgbGEgRkRBLCBkw6lwb3NlciBkZXMgYXZpcyBk4oCZZXhww6lkaXRpb24gcHLDqWFsYWJsZXMsIGV0Yy4KICAgIDwvcD4KICAgIDxwIHN0eWxlPSJtYXJnaW4tYm90dG9tOiA1cHg7Ij5Ob3Mgb2ZmcmVzIHBvdXIgbGVzIGV4cG9ydGF0ZXVycyBkZSBjb21wbMOpbWVudHMgYWxpbWVudGFpcmVzIGNvbXByZW5uZW50wqDCoDo8L3A+CiAgICA8dWw+CiAgICAgIDxsaT5FbnJlZ2lzdHJlbWVudCBldCByZW5vdXZlbGxlbWVudCBkZXMgaW5zdGFsbGF0aW9ucyBkZSBsYSBGREE8L2xpPgogICAgICA8bGk+UsOpdmlzaW9uIGRlcyDDqXRpcXVldHRlcyBldCBkZXMgaW5ncsOpZGllbnRzPC9saT4KICAgICAgPGxpPlNlcnZpY2VzIGTigJlhc3Npc3RhbmNlIGVuIGNhcyBkZSBkw6l0ZW50aW9uIGV0IGTigJlJbXBvcnQgQWxlcnRzPC9saT4KICAgICAgPGxpPlNvdW1pc3Npb24gZGUgZMOpcMO0dCBk4oCZYXZpcyBwcsOpYWxhYmxlPC9saT4KICAgICAgPGxpPlBsYXRlZm9ybWVzIGRlIGZvcm1hdGlvbiBlbiBsaWduZSBhdmVjIGRlcyBjb3VycyBjZXJ0aWZpw6lzIMOgIHN1aXZyZSDDoCB2b3RyZSByeXRobWU8L2xpPgogICAgICA8bGk+Q29uZm9ybWl0w6kgYXV0b21hdGlzw6llIHBvdXIgbGVzIGV4cG9ydGF0ZXVyc8KgwqA6IG5vdHJlIHBsYXRlZm9ybWUgbG9naWNpZWxsZSBkZSBzdXJ2ZWlsbGFuY2UgZGUgbGEgY29uZm9ybWl0w6kgZXQgbm90cmUgbWFyY2jDqSBleHBvcnRhdGV1cjwvbGk+CiAgICA8L3VsPgogIDwvZGl2Pg==[\/vc_raw_html][vc_btn title=&#8221;D\u00e9couvrez nos services&#8221; color=&#8221;white&#8221; i_align=&#8221;right&#8221; i_icon_fontawesome=&#8221;fas fa-arrow-right&#8221; add_icon=&#8221;true&#8221; link=&#8221;url:https%3A%2F%2Fstaging.registrarcorp.com%2Ffr%2Findustries%2Fdietary-supplements%2F|&#8221; el_class=&#8221;secondary-btn&#8221;][\/vc_column_inner][\/vc_row_inner][\/vc_column][\/vc_row][vc_row full_width=&#8221;stretch_row&#8221; css=&#8221;.vc_custom_1685611950480{background-color: #ffffff !important;}&#8221;][vc_column width=&#8221;1\/2&#8243;][vc_row_inner el_class=&#8221;compliance-details-col&#8221;][vc_column_inner][vc_single_image image=&#8221;3901&#8243; img_size=&#8221;616&#215;120&#8243; alignment=&#8221;center&#8221;][vc_custom_heading text=&#8221;Produits pharmaceutiques&#8221; font_container=&#8221;tag:h2|font_size:24px|text_align:left|color:%23003873|line_height:40px&#8221; google_fonts=&#8221;font_family:Montserrat%3Aregular%2C700|font_style:700%20bold%20regular%3A700%3Anormal&#8221;][vc_raw_html]IDxkaXYgY2xhc3M9IkZvb2QtYW5kLUJldmVyYWdlLXVsbGkiPgogICAgPHA+CiAgICAgQXNzdXJlciBsYSBzw6ljdXJpdMOpIGRlcyBjb25zb21tYXRldXJzIGF2ZWMgUmVnaXN0cmFyIENvcnAuIE5vdHJlIMOpcXVpcGUgZMOpZGnDqWUgdm91cyBndWlkZXJhIGRhbnMgbGEgc291bWlzc2lvbiBkZSBsYSBsaXN0ZSBkZSBwcm9kdWl0cywgbGEgY3LDqWF0aW9uIGTigJnDqXRpcXVldHRlcyBkZSBwcm9kdWl0cyBjb25mb3JtZXMgw6AgbGEgRkRBIGV0IGzigJllbnZvaSBkZSBmaWNoaWVycyBtYcOudHJlcyBhdXggYWdlbmNlcyByw6lnbGVtZW50YWlyZXMuCiAgICA8L3A+CiAgICA8cCBzdHlsZT0ibWFyZ2luLWJvdHRvbTogNXB4OyI+Tm9zIG9mZnJlcyBwb3VyIGxlcyBleHBvcnRhdGV1cnMgZGUgZHJvZ3VlcyBjb21wcmVubmVudMKgwqA6PC9wPgogICAgPHVsPgogICAgICA8bGk+RW5yZWdpc3RyZW1lbnQgZGVzIMOpdGFibGlzc2VtZW50cyBhdXByw6hzIGRlIGxhIEZEQSBldCBzb3VtaXNzaW9uIGRlIGxpc3RpbmdzIGRlcyBwcm9kdWl0czwvbGk+CiAgICAgIDxsaT5Sw6l2aXNpb24gZGVzIMOpdGlxdWV0dGVzIGV0IGRlcyBpbmdyw6lkaWVudHM8L2xpPgogICAgICA8bGk+QXNzaXN0YW5jZSBhdmVjIGxlcyBEcnVnIE1hc3RlciBGaWxlIChETUYpPC9saT4KICAgIDwvdWw+CiAgPC9kaXY+[\/vc_raw_html][vc_btn title=&#8221;D\u00e9couvrez nos services&#8221; color=&#8221;white&#8221; i_align=&#8221;right&#8221; i_icon_fontawesome=&#8221;fas fa-arrow-right&#8221; add_icon=&#8221;true&#8221; link=&#8221;url:https%3A%2F%2Fstaging.registrarcorp.com%2Ffr%2Findustries%2Fdrugs%2F|&#8221; el_class=&#8221;secondary-btn&#8221;][\/vc_column_inner][\/vc_row_inner][\/vc_column][vc_column width=&#8221;1\/2&#8243;][vc_row_inner el_class=&#8221;compliance-details-col&#8221;][vc_column_inner][vc_single_image image=&#8221;3925&#8243; img_size=&#8221;616&#215;120&#8243; alignment=&#8221;center&#8221;][vc_custom_heading text=&#8221;Dispositifs m\u00e9dicaux&#8221; font_container=&#8221;tag:h2|font_size:24px|text_align:left|color:%23003873|line_height:40px&#8221; google_fonts=&#8221;font_family:Montserrat%3Aregular%2C700|font_style:700%20bold%20regular%3A700%3Anormal&#8221;][vc_raw_html]IDxkaXYgY2xhc3M9IkZvb2QtYW5kLUJldmVyYWdlLXVsbGkiPgogICAgPHA+CiAgIFNlIGNvbmZvcm1lciBhdXggcsOpZ2xlbWVudGF0aW9ucyBhbcOpcmljYWluZXMgw6l0ZW5kdWVzIHJlbGF0aXZlcyBhdXggZGlzcG9zaXRpZnMgbcOpZGljYXV4LiBBdmVjIFJlZ2lzdHJhciBDb3JwLCB2b3VzIHBvdXZleiBmYWNpbGVtZW50IGTDqXBvc2VyIGRlcyByYXBwb3J0cyDDqWxlY3Ryb25pcXVlcyBzdXIgbGVzIGRpc3Bvc2l0aWZzIG3DqWRpY2F1eCwgdm91cyBhc3N1cmVyIHF1ZSBs4oCZw6l0aXF1ZXRhZ2UgZXQgbGVzIHByb2R1aXRzIGRlIHZvdHJlIGRpc3Bvc2l0aWYgcsOpcG9uZGVudCBhdXggZXhpZ2VuY2VzIHLDqWdsZW1lbnRhaXJlcywgZXQgcGx1cyBlbmNvcmUuCiAgICA8L3A+CiAgICA8cCBzdHlsZT0ibWFyZ2luLWJvdHRvbTogNXB4OyI+Tm9zIG9mZnJlcyBwb3VyIGxlcyBleHBvcnRhdGV1cnMgZGUgZGlzcG9zaXRpZnMgbcOpZGljYXV4IGNvbXByZW5uZW50wqDCoDo8L3A+CiAgICA8dWw+CiAgICAgIDxsaT5FbnJlZ2lzdHJlbWVudCBldCByZW5vdXZlbGxlbWVudCBkZXMgaW5zdGFsbGF0aW9ucyBkZSBsYSBGREE8L2xpPgogICAgICA8bGk+UsOpdmlzaW9uIGRlcyDDqXRpcXVldHRlcyBldCBkZXMgaW5ncsOpZGllbnRzPC9saT4KICAgICAgPGxpPlJlcG9ydGluZyDDqWxlY3Ryb25pcXVlIGRlcyBkaXNwb3NpdGlmcyBtw6lkaWNhdXggKGVNRFIpPC9saT4KICAgICAgPGxpPkFzc2lzdGFuY2UgYXZlYyBsZXMgTWVkaWNhbCBEZXZpY2UgTWFzdGVyIEZpbGUgKE1BRik8L2xpPgo8bGk+Q29uZm9ybWl0w6kgYXV0b21hdGlzw6llIHBvdXIgbGVzIGV4cG9ydGF0ZXVyc8KgwqA6IG5vdHJlIHBsYXRlZm9ybWUgbG9naWNpZWxsZSBkZSBzdXJ2ZWlsbGFuY2UgZGUgbGEgY29uZm9ybWl0w6kgZXQgbm90cmUgbWFyY2jDqSBleHBvcnRhdGV1cjwvbGk+CiAgICA8L3VsPgogIDwvZGl2Pg==[\/vc_raw_html][vc_btn title=&#8221;D\u00e9couvrez nos services&#8221; color=&#8221;white&#8221; i_align=&#8221;right&#8221; i_icon_fontawesome=&#8221;fas fa-arrow-right&#8221; add_icon=&#8221;true&#8221; link=&#8221;url:https%3A%2F%2Fstaging.registrarcorp.com%2Ffr%2Findustries%2Fmedical-devices%2F|&#8221; el_class=&#8221;secondary-btn&#8221;][\/vc_column_inner][\/vc_row_inner][\/vc_column][\/vc_row][vc_row full_width=&#8221;stretch_row_content&#8221; content_placement=&#8221;middle&#8221; css=&#8221;.vc_custom_1685624486837{background-color: #ffffff !important;}&#8221;][vc_column width=&#8221;1\/4&#8243; css=&#8221;.vc_custom_1685613086416{border-bottom-width: 20px !important;padding-top: 20px !important;}&#8221;][vc_single_image image=&#8221;3877&#8243; img_size=&#8221;258&#215;330&#8243;][\/vc_column][vc_column width=&#8221;1\/2&#8243;][vc_row_inner el_class=&#8221;compliance-details-col&#8221;][vc_column_inner][vc_single_image image=&#8221;3941&#8243; img_size=&#8221;616&#215;120&#8243; alignment=&#8221;center&#8221;][vc_custom_heading text=&#8221;Cosm\u00e9tiques&#8221; font_container=&#8221;tag:h2|font_size:24px|text_align:left|color:%23003873|line_height:40px&#8221; google_fonts=&#8221;font_family:Montserrat%3Aregular%2C700|font_style:700%20bold%20regular%3A700%3Anormal&#8221;][vc_raw_html]IDxkaXYgY2xhc3M9IkZvb2QtYW5kLUJldmVyYWdlLXVsbGkiPgogICAgPHA+CiAgICAgQ29uZm9ybWUgYXV4IG5vdXZlbGxlcyBub3JtZXMgY29zbcOpdGlxdWVzIGRlIGxhIEZEQS4gUmVnaXN0cmFyIENvcnAgZXN0IGzigJl1biBkZXMgcHJlbWllcnMgY29uc3VsdGFudHMgZW4gcsOpZ2xlbWVudGF0aW9uIMOgIMOpdGVuZHJlIHNhIGdhbW1lIGRlIHNlcnZpY2VzIGRlIGNvbmZvcm1pdMOpIGNvc23DqXRpcXVlIHBvdXIgbGVzIGZvdXJuaXNzZXVycyBleHBvcnRhbnQgdmVycyBsZXMgw4l0YXRzLVVuaXMuCiAgICA8L3A+CiAgICA8cCBzdHlsZT0ibWFyZ2luLWJvdHRvbTogNXB4OyI+Tm9zIG9mZnJlcyBwb3VyIGxlcyBleHBvcnRhdGV1cnMgZGUgY29zbcOpdGlxdWVzIGNvbXByZW5uZW50wqDCoDo8L3A+CiAgICA8dWw+CiAgICAgIDxsaT5FbnJlZ2lzdHJlbWVudCBkZXMgw6l0YWJsaXNzZW1lbnRzIGF1cHLDqHMgZGUgbGEgRkRBIGV0IHNvdW1pc3Npb24gZGUgbGlzdGluZ3MgZGVzIHByb2R1aXRzPC9saT4KICAgICAgPGxpPkV4YW1lbiBkZXMgw6l0aXF1ZXR0ZXMgZXQgZGVzIGluZ3LDqWRpZW50czwvbGk+CiAgICAgIDxsaT5Db3NtZXRyacKgwqA6IG5vdHJlIHBsYXRlZm9ybWUgbG9naWNpZWxsZSByw6lnbGVtZW50YWlyZSBpbm5vdmFudGUgZGUgZm9ybXVsYXRpb24gY29zbcOpdGlxdWU8L2xpPgogICAgPC91bD4KICA8L2Rpdj4=[\/vc_raw_html][vc_btn title=&#8221;D\u00e9couvrez nos services&#8221; color=&#8221;white&#8221; i_align=&#8221;right&#8221; i_icon_fontawesome=&#8221;fas fa-arrow-right&#8221; add_icon=&#8221;true&#8221; link=&#8221;url:https%3A%2F%2Fstaging.registrarcorp.com%2Ffr%2Findustries%2Fcosmetics%2F|&#8221; el_class=&#8221;secondary-btn&#8221;][\/vc_column_inner][\/vc_row_inner][\/vc_column][vc_column width=&#8221;1\/4&#8243;][vc_single_image image=&#8221;3893&#8243; img_size=&#8221;258&#215;330&#8243; alignment=&#8221;right&#8221;][\/vc_column][\/vc_row][\/vc_section]\n<\/div>","protected":false},"excerpt":{"rendered":"<p>[vc_section el_class=&#8221;banner-section&#8221; css=&#8221;.vc_custom_1685621691370{padding-top: 80px !important;padding-bottom: 50px !important;}&#8221;][vc_row full_width=&#8221;stretch_row&#8221; el_class=&#8221;topContainer row-wdith hero-section&#8221; el_id=&#8221;headerRow&#8221;][vc_column width=&#8221;1\/2&#8243;][vc_column_text fnt_family=&#8221;Montserrat&#8221; fnt_size=&#8221;46&#8243;] Conformit\u00e9 r\u00e9glementaire pour les exportateurs du monde entier. [\/vc_column_text][vc_column_text fnt_family=&#8221;Montserrat&#8221; fnt_size=&#8221;24&#8243;]Se conformer aux r\u00e9glementations \u00e9tendues de la FDA n\u2019est qu\u2019un des nombreux d\u00e9fis auxquels les exportateurs sont confront\u00e9s lorsqu\u2019ils essaient d\u2019entrer sur le march\u00e9 am\u00e9ricain. En tant que consultant leader<\/p>\n","protected":false},"author":33,"featured_media":0,"parent":14683,"menu_order":0,"comment_status":"closed","ping_status":"closed","template":"page-templates\/page-sidebar-none.php","meta":{"_acf_changed":false,"content-type":"","footnotes":""},"class_list":["post-13336","page","type-page","status-publish","hentry"],"acf":[],"_links":{"self":[{"href":"https:\/\/staging.registrarcorp.com\/fr\/wp-json\/wp\/v2\/pages\/13336","targetHints":{"allow":["GET"]}}],"collection":[{"href":"https:\/\/staging.registrarcorp.com\/fr\/wp-json\/wp\/v2\/pages"}],"about":[{"href":"https:\/\/staging.registrarcorp.com\/fr\/wp-json\/wp\/v2\/types\/page"}],"author":[{"embeddable":true,"href":"https:\/\/staging.registrarcorp.com\/fr\/wp-json\/wp\/v2\/users\/33"}],"replies":[{"embeddable":true,"href":"https:\/\/staging.registrarcorp.com\/fr\/wp-json\/wp\/v2\/comments?post=13336"}],"version-history":[{"count":0,"href":"https:\/\/staging.registrarcorp.com\/fr\/wp-json\/wp\/v2\/pages\/13336\/revisions"}],"up":[{"embeddable":true,"href":"https:\/\/staging.registrarcorp.com\/fr\/wp-json\/wp\/v2\/pages\/14683"}],"wp:attachment":[{"href":"https:\/\/staging.registrarcorp.com\/fr\/wp-json\/wp\/v2\/media?parent=13336"}],"curies":[{"name":"wp","href":"https:\/\/api.w.org\/{rel}","templated":true}]}}