{"id":13302,"date":"2023-06-02T05:19:00","date_gmt":"2023-06-02T05:19:00","guid":{"rendered":"https:\/\/staging.registrarcorp.com\/us-importer-solutions\/"},"modified":"2024-09-27T13:24:31","modified_gmt":"2024-09-27T13:24:31","slug":"us-importer-solutions","status":"publish","type":"page","link":"https:\/\/staging.registrarcorp.com\/fr\/business-model\/us-importer-solutions\/","title":{"rendered":"Nos services pour les importateurs am\u00e9ricains"},"content":{"rendered":"<div class=\"wpb-content-wrapper\">[vc_section el_class=&#8221;banner-section&#8221;][vc_row full_width=&#8221;stretch_row&#8221; css=&#8221;.vc_custom_1726756964127{padding-top: 40px !important;padding-bottom: 20px !important;background-color: #eeefef !important;}&#8221; el_class=&#8221;topContainer row-wdith hero-section&#8221; el_id=&#8221;headerRow&#8221;][vc_column width=&#8221;1\/2&#8243;][vc_column_text fnt_family=&#8221;Montserrat&#8221; fnt_size=&#8221;46px&#8221;]\n<h1 style=\"font-weight: bold;\"><span style=\"color: #003873;\"><strong>Des solutions de conformit\u00e9 pour les importateurs<\/strong><\/span> <strong><span style=\"color: #0081ff;\">\u00e0 chaque \u00e9tape du processus.<\/span><\/strong><\/h1>\n[\/vc_column_text][vc_column_text fnt_family=&#8221;Montserrat&#8221; fnt_size=&#8221;24&#8243;]Importer de la marchandise aux \u00c9tats-Unis signifie \u00eatre responsable de la conformit\u00e9 de votre entreprise mais aussi de celle de vos fournisseurs. Gr\u00e2ce \u00e0 l\u2019expertise r\u00e9glementaire de Registrar Corp et \u00e0 nos plateformes logicielles innovantes, vous pouvez devenir et rester conforme en toute confiance.[\/vc_column_text][vc_btn title=&#8221;Commencer&#8221; color=&#8221;sky&#8221; i_align=&#8221;right&#8221; i_icon_fontawesome=&#8221;fas fa-arrow-right&#8221; add_icon=&#8221;true&#8221; el_class=&#8221;primary-btn&#8221; link=&#8221;url:%23importers|&#8221;][\/vc_column][vc_column width=&#8221;1\/2&#8243; el_class=&#8221;container-right&#8221;][vc_single_image image=&#8221;4078&#8243; img_size=&#8221;full&#8221; alignment=&#8221;center&#8221;][\/vc_column][\/vc_row][\/vc_section][vc_section full_width=&#8221;stretch_row&#8221; css=&#8221;.vc_custom_1689097681676{padding-bottom: 80px !important;background-color: #ffffff !important;}&#8221; el_id=&#8221;importers&#8221;][vc_row full_width=&#8221;stretch_row&#8221; css=&#8221;.vc_custom_1685688058054{padding-top: 40px !important;padding-bottom: 20px !important;background-color: #ffffff !important;}&#8221;][vc_column width=&#8221;1\/2&#8243;][vc_single_image image=&#8221;4086&#8243; img_size=&#8221;577&#215;264&#8243;][\/vc_column][vc_column width=&#8221;1\/2&#8243;][vc_custom_heading text=&#8221;Quel que soit le secteur d\u2019activit\u00e9, nous avons le service qu\u2019il vous faut&#8221; font_container=&#8221;tag:h2|font_size:32px|text_align:left|color:%23003873&#8243; google_fonts=&#8221;font_family:Montserrat%3Aregular%2C700|font_style:700%20bold%20regular%3A700%3Anormal&#8221;][vc_column_text fnt_family=&#8221;Montserrat&#8221; fnt_size=&#8221;18px&#8221; grad_text_color1=&#8221;#003873&#8243;]L\u2019\u00e9quipe d\u00e9di\u00e9e de Registrar Corp peut vous guider \u00e0 travers les exigences r\u00e9glementaires des importateurs pour le march\u00e9 am\u00e9ricain. Nous soutenons les importateurs dans les secteurs de l\u2019alimentaire et des boissons, des compl\u00e9ments alimentaires, des m\u00e9dicaments, des dispositifs m\u00e9dicaux et des cosm\u00e9tiques.[\/vc_column_text][\/vc_column][\/vc_row][vc_row full_width=&#8221;stretch_row&#8221; css=&#8221;.vc_custom_1685684688276{background-color: #ffffff !important;}&#8221;][vc_column width=&#8221;1\/2&#8243;][vc_row_inner el_class=&#8221;compliance-details-col&#8221;][vc_column_inner][vc_single_image image=&#8221;3909&#8243; img_size=&#8221;616&#215;120&#8243;][vc_custom_heading text=&#8221;Aliments et boissons&#8221; font_container=&#8221;tag:h2|font_size:24px|text_align:left|color:%23003873|line_height:40px&#8221; google_fonts=&#8221;font_family:Montserrat%3Aregular%2C700|font_style:700%20bold%20regular%3A700%3Anormal&#8221;][vc_raw_html]PGRpdiBjbGFzcz0iVXMtaW1wb3J0ZXJzLXVsbGkiPgogICAgPHA+CiAgICAgUmVnaXN0cmFyIENvcnAgZXN0IHNww6ljaWFsaXPDqSBkYW5zIGxhIHPDqWN1cml0w6kgYWxpbWVudGFpcmUgZXQgbGEgY29uZm9ybWl0w6kuIE5vdXMgcG91dm9ucyB2b3VzIGFpZGVyIMOgIHLDqXBvbmRyZSDDoCB0b3VzIHZvcyBiZXNvaW5zIGVuIG1hdGnDqHJlIGRlIGNvbmZvcm1pdMOpIGFsaW1lbnRhaXJlLCBkZSBs4oCZZW5yZWdpc3RyZW1lbnQgZGVzIMOpdGFibGlzc2VtZW50cyDDoCBsYSBnZXN0aW9uIGRlIHZvcyBmb3Vybmlzc2V1cnMgYWluc2kgcXVlIHBhciB1bmUgZm9ybWF0aW9uIGNlcnRpZmnDqWUgc3VyIGxhIHPDqWN1cml0w6kgYWxpbWVudGFpcmUuCiAgICA8L3A+CjxwIHN0eWxlPSJtYXJnaW4tYm90dG9tOiA1cHg7Ij5Ob3Mgc2VydmljZXMgcG91ciBsZXMgaW1wb3J0YXRldXJzIGRlIHByb2R1aXRzIGFsaW1lbnRhaXJlcyBldCBkZSBib2lzc29ucyBjb21wcmVubmVudCA6PC9wPgogICAgPHVsPgogICAgICA8bGk+RW5yZWdpc3RyZW1lbnQgZGUgbOKAmcOpdGFibGlzc2VtZW50IGF1cHLDqHMgZGUgbGEgRkRBPC9saT4KPGxpPkNyw6lhdGlvbiBldCBtaXNlIGVuIMWTdXZyZSBkdSBwcm9ncmFtbWUgZGUgdsOpcmlmaWNhdGlvbiBkZXMgZm91cm5pc3NldXJzIMOpdHJhbmdlcnMgKEZTVlApPC9saT4KPGxpPlNlcnZpY2VzIGTigJlhc3Npc3RhbmNlIGVuIGNhcyBkZSBkw6l0ZW50aW9uIGV0IGTigJlJbXBvcnQgQWxlcnRzPC9saT4KPGxpPlLDqXZpc2lvbiBkZXMgw6l0aXF1ZXR0ZXMgZXQgZGVzIGluZ3LDqWRpZW50czwvbGk+CjxsaT5TZXJ2aWNlcyBwb3VyIGxlcyDDqXRhYmxpc3NlbWVudHMgZGUgY29uc2VydmUgYWxpbWVudGFpcmUgKEZDRSk8L2xpPgo8bGk+Q29uZm9ybWl0w6kgYXV0b21hdGlzw6llwqDCoDogbm90cmUgcGxhdGVmb3JtZSBsb2dpY2llbGxlIGlubm92YW50ZSBkZSBnZXN0aW9uIGRlcyByaXNxdWVzIGxpw6lzIMOgIGxhIGNoYcOubmUgZOKAmWFwcHJvdmlzaW9ubmVtZW50PC9saT4KPGxpPlBsYXRlZm9ybWVzIGRlIGZvcm1hdGlvbiBlbiBsaWduZSBhdmVjIGRlcyBjb3VycyBjZXJ0aWZpw6lzIMOgIHN1aXZyZSDDoCB2b3RyZSByeXRobWU8L2xpPgogICAgPC91bD4KICA8L2Rpdj4=[\/vc_raw_html][vc_btn title=&#8221;D\u00e9couvrir nos services pour l\u2019industrie alimentaire&#8221; color=&#8221;white&#8221; i_align=&#8221;right&#8221; i_icon_fontawesome=&#8221;fas fa-arrow-right&#8221; add_icon=&#8221;true&#8221; link=&#8221;url:https%3A%2F%2Fstaging.registrarcorp.com%2Ffr%2Findustries%2Ffood-beverage%2F|&#8221; el_class=&#8221;secondary-btn&#8221;][\/vc_column_inner][\/vc_row_inner][\/vc_column][vc_column width=&#8221;1\/2&#8243;][vc_row_inner el_class=&#8221;compliance-details-col&#8221;][vc_column_inner][vc_single_image image=&#8221;3917&#8243; img_size=&#8221;616&#215;120&#8243;][vc_custom_heading text=&#8221;Compl\u00e9ments alimentaires&#8221; font_container=&#8221;tag:h2|font_size:24px|text_align:left|color:%23003873|line_height:40px&#8221; google_fonts=&#8221;font_family:Montserrat%3Aregular%2C700|font_style:700%20bold%20regular%3A700%3Anormal&#8221;][vc_raw_html]PGRpdiBjbGFzcz0iVXMtaW1wb3J0ZXJzLXVsbGkiPgogICAgPHA+CiAgICAgUHJvdMOpZ2V6IGxhIHNhbnTDqSBkZXMgY29uc29tbWF0ZXVycyBhdmVjIGRlcyBwcm9kdWl0cyBjb25mb3JtZXMgYXV4IHLDqWdsZW1lbnRhdGlvbnMgZGUgbGEgRkRBLiBSZWdpc3RyYXIgQ29ycCBhaWRlIGxlcyBpbXBvcnRhdGV1cnMgw6Agc+KAmWFzc3VyZXIgZGUgbGEgY29uZm9ybWl0w6kgZGUgbGV1cnMgZm91cm5pc3NldXJzLCDDoCDDqXZpdGVyIGV0IMOgIGfDqXJlciBsZXMgZMOpdGVudGlvbnMgZOKAmWV4cMOpZGl0aW9uLCDDoCBmb3JtZXIgZWZmaWNhY2VtZW50IHNvbiBwZXJzb25uZWwsIGV0Yy4KICAgIDwvcD4KPHAgc3R5bGU9Im1hcmdpbi1ib3R0b206IDVweDsiPk5vcyBzZXJ2aWNlcyBwb3VyIGxlcyBpbXBvcnRhdGV1cnMgZGUgY29tcGzDqW1lbnRzIGFsaW1lbnRhaXJlcyBjb21wcmVubmVudCA6PC9wPgogICAgPHVsPgogICAgICA8bGk+RW5yZWdpc3RyZW1lbnQgZGUgbOKAmcOpdGFibGlzc2VtZW50IGF1cHLDqHMgZGUgbGEgRkRBPC9saT4KPGxpPkNyw6lhdGlvbiBkdSBwcm9ncmFtbWUgZGUgdsOpcmlmaWNhdGlvbiBkZXMgZm91cm5pc3NldXJzIMOpdHJhbmdlcnMgKEZTVlApPC9saT4KPGxpPlNlcnZpY2VzIGTigJlhc3Npc3RhbmNlIGVuIGNhcyBkZSBkw6l0ZW50aW9uIGV0IGTigJlJbXBvcnQgQWxlcnRzPC9saT4KPGxpPlLDqXZpc2lvbiBkZXMgw6l0aXF1ZXR0ZXMgZXQgZGVzIGluZ3LDqWRpZW50czwvbGk+CjxsaT5Db25mb3JtaXTDqSBhdXRvbWF0aXPDqWXCoMKgOiBub3RyZSBwbGF0ZWZvcm1lIGxvZ2ljaWVsbGUgaW5ub3ZhbnRlIGRlIGdlc3Rpb24gZGVzIHJpc3F1ZXMgbGnDqXMgw6AgbGEgY2hhw65uZSBk4oCZYXBwcm92aXNpb25uZW1lbnQ8L2xpPgogICAgPC91bD4KICA8L2Rpdj4=[\/vc_raw_html][vc_btn title=&#8221;D\u00e9couvrir nos services pour les compl\u00e9ments alimentaires&#8221; color=&#8221;white&#8221; i_align=&#8221;right&#8221; i_icon_fontawesome=&#8221;fas fa-arrow-right&#8221; add_icon=&#8221;true&#8221; link=&#8221;url:https%3A%2F%2Fstaging.registrarcorp.com%2Ffr%2Findustries%2Fdietary-supplements%2F|&#8221; el_class=&#8221;secondary-btn&#8221;][\/vc_column_inner][\/vc_row_inner][\/vc_column][\/vc_row][vc_row full_width=&#8221;stretch_row&#8221; css=&#8221;.vc_custom_1685686463874{background-color: #ffffff !important;}&#8221;][vc_column width=&#8221;1\/2&#8243;][vc_row_inner el_class=&#8221;compliance-details-col&#8221;][vc_column_inner][vc_single_image image=&#8221;3901&#8243; img_size=&#8221;616&#215;120&#8243;][vc_custom_heading text=&#8221;Produits pharmaceutiques&#8221; font_container=&#8221;tag:h2|font_size:24px|text_align:left|color:%23003873|line_height:40px&#8221; google_fonts=&#8221;font_family:Montserrat%3Aregular%2C700|font_style:700%20bold%20regular%3A700%3Anormal&#8221;][vc_raw_html]PGRpdiBjbGFzcz0iVXMtaW1wb3J0ZXJzLXVsbGkiPgogICAgPHA+CiAgICBNZXR0ZXogc3VyIGxlIG1hcmNow6kgZGVzIHByb2R1aXRzIHPDu3JzIGV0IGVmZmljYWNlcy4gTm91cyBhaWRvbnMgbGVzIGZhYnJpY2FudHMgZXQgbGVzIGltcG9ydGF0ZXVycyBkZSBwcm9kdWl0cyBwaGFybWFjZXV0aXF1ZXMgw6Agc2UgY29uZm9ybWVyIGF1eCBleGlnZW5jZXMgZOKAmWVucmVnaXN0cmVtZW50IGRlIGxhIEZEQSwgw6Agw6l2YWx1ZXIgbOKAmcOpdGlxdWV0YWdlIGRlcyBwcm9kdWl0cyBldCDDoCBzb3VtZXR0cmUgZGVzIE1hc3RlciBGaWxzIGF1eCBvcmdhbmlzbWVzIHLDqWdsZW1lbnRhaXJlcy4KICAgIDwvcD4KPHAgc3R5bGU9Im1hcmdpbi1ib3R0b206IDVweDsiPk5vcyBzZXJ2aWNlcyBwb3VyIGxlcyBpbXBvcnRhdGV1cnMgZGUgcHJvZHVpdHMgcGhhcm1hY2V1dGlxdWVzIGNvbXByZW5uZW50IDo8L3A+CiAgICA8dWw+CiAgICAgIDxsaT5FbnJlZ2lzdHJlbWVudCBkZXMgw6l0YWJsaXNzZW1lbnRzIGF1cHLDqHMgZGUgbGEgRkRBIGV0IHNvdW1pc3Npb24gZGUgbGlzdGluZ3MgZGVzIHByb2R1aXRzPC9saT4KPGxpPlLDqXZpc2lvbiBkZXMgw6l0aXF1ZXR0ZXMgZXQgZGVzIGluZ3LDqWRpZW50czwvbGk+CjxsaT5TZXJ2aWNlcyBk4oCZYXNzaXN0YW5jZSBlbiBjYXMgZGUgZMOpdGVudGlvbiBldCBk4oCZSW1wb3J0IEFsZXJ0czwvbGk+CjxsaT5Bc3Npc3RhbmNlIGF2ZWMgbGVzIERydWcgTWFzdGVyIEZpbGUgKERNRik8L2xpPgogICAgPC91bD4KICA8L2Rpdj4=[\/vc_raw_html][vc_btn title=&#8221;D\u00e9couvrir nos services pour les produits pharmaceutiques&#8221; color=&#8221;white&#8221; i_align=&#8221;right&#8221; i_icon_fontawesome=&#8221;fas fa-arrow-right&#8221; add_icon=&#8221;true&#8221; link=&#8221;url:https%3A%2F%2Fstaging.registrarcorp.com%2Ffr%2Findustries%2Fdrugs%2F|&#8221; el_class=&#8221;secondary-btn&#8221;][\/vc_column_inner][\/vc_row_inner][\/vc_column][vc_column width=&#8221;1\/2&#8243;][vc_row_inner el_class=&#8221;compliance-details-col&#8221;][vc_column_inner][vc_single_image image=&#8221;3925&#8243; img_size=&#8221;616&#215;120&#8243;][vc_custom_heading text=&#8221;Dispositifs m\u00e9dicaux&#8221; font_container=&#8221;tag:h2|font_size:24px|text_align:left|color:%23003873|line_height:40px&#8221; google_fonts=&#8221;font_family:Montserrat%3Aregular%2C700|font_style:700%20bold%20regular%3A700%3Anormal&#8221;][vc_raw_html]PGRpdiBjbGFzcz0iVXMtaW1wb3J0ZXJzLXVsbGkiPgogICAgPHA+CiAgIFJlc3BlY3RlciBldCBkw6lwYXNzZXIgbGVzIG5vcm1lcyByw6lnbGVtZW50YWlyZXMgc3RyaWN0ZXMgcG91ciBsZXMgZGlzcG9zaXRpZnMgbcOpZGljYXV4LiBM4oCZw6lxdWlwZSBkZSBzcMOpY2lhbGlzdGVzIHLDqWdsZW1lbnRhaXJlcyBkZSBSZWdpc3RyYXIgQ29ycCBwZXV0IHZvdXMgYWlkZXIgw6Agc291bWV0dHJlIGRlcyByYXBwb3J0cyDDqWxlY3Ryb25pcXVlcyBk4oCZw6l2w6huZW1lbnRzIGluZMOpc2lyYWJsZXMsIMOgIGVucmVnaXN0cmVyIHZvdHJlIMOpdGFibGlzc2VtZW50LCBldGMuCiAgICA8L3A+CjxwIHN0eWxlPSJtYXJnaW4tYm90dG9tOiA1cHg7Ij5Ob3Mgc2VydmljZXMgcG91ciBsZXMgaW1wb3J0YXRldXJzIGRlIGRpc3Bvc2l0aWZzIG3DqWRpY2F1eCBjb21wcmVubmVudCA6PC9wPgogICAgPHVsPgogICAgICA8bGk+RW5yZWdpc3RyZW1lbnQgZGUgbOKAmcOpdGFibGlzc2VtZW50IGF1cHLDqHMgZGUgbGEgRkRBPC9saT4KPGxpPlLDqXZpc2lvbiBkZXMgw6l0aXF1ZXR0ZXMgZXQgZGVzIGluZ3LDqWRpZW50czwvbGk+CjxsaT5SZXBvcnRpbmcgw6lsZWN0cm9uaXF1ZSBkZXMgZGlzcG9zaXRpZnMgbcOpZGljYXV4IChlTURSKTwvbGk+CjxsaT5Bc3Npc3RhbmNlIGF2ZWMgbGVzIE1lZGljYWwgRGV2aWNlIE1hc3RlciBGaWxlIChNQUYpPC9saT4KPGxpPkNvbmZvcm1pdMOpIGF1dG9tYXRpc8OpZcKgwqA6IG5vdHJlIHBsYXRlZm9ybWUgbG9naWNpZWxsZSBpbm5vdmFudGUgZGUgZ2VzdGlvbiBkZXMgcmlzcXVlcyBsacOpcyDDoCBsYSBjaGHDrm5lIGTigJlhcHByb3Zpc2lvbm5lbWVudDwvbGk+CiAgICA8L3VsPgogIDwvZGl2Pg==[\/vc_raw_html][vc_btn title=&#8221;D\u00e9couvrir nos services pour les dispositifs m\u00e9dicaux&#8221; color=&#8221;white&#8221; i_align=&#8221;right&#8221; i_icon_fontawesome=&#8221;fas fa-arrow-right&#8221; add_icon=&#8221;true&#8221; link=&#8221;url:https%3A%2F%2Fstaging.registrarcorp.com%2Ffr%2Findustries%2Fmedical-devices%2F|&#8221; el_class=&#8221;secondary-btn&#8221;][\/vc_column_inner][\/vc_row_inner][\/vc_column][\/vc_row][vc_row full_width=&#8221;stretch_row_content&#8221; content_placement=&#8221;middle&#8221; css=&#8221;.vc_custom_1685704196978{background-color: #ffffff !important;}&#8221;][vc_column width=&#8221;1\/4&#8243;][vc_single_image image=&#8221;4095&#8243; img_size=&#8221;258&#215;330&#8243;][\/vc_column][vc_column width=&#8221;1\/2&#8243;][vc_row_inner el_class=&#8221;compliance-details-col&#8221;][vc_column_inner][vc_single_image image=&#8221;3941&#8243; img_size=&#8221;616&#215;120&#8243;][vc_custom_heading text=&#8221;Cosm\u00e9tiques&#8221; font_container=&#8221;tag:h2|font_size:24px|text_align:left|color:%23003873|line_height:40px&#8221; google_fonts=&#8221;font_family:Montserrat%3Aregular%2C700|font_style:700%20bold%20regular%3A700%3Anormal&#8221;][vc_raw_html]PGRpdiBjbGFzcz0iVXMtaW1wb3J0ZXJzLXVsbGkiPgogICAgPHA+CiAgUHLDqXBhcmV6LXZvdXMgw6Agdm91cyBjb25mb3JtZXIgYXV4IG5vdXZlbGxlcyByw6lnbGVtZW50YXRpb25zIHN1ciBsZXMgcHJvZHVpdHMgZGUgc29pbnMgcGVyc29ubmVscy4gTm91cyBwcm9wb3NvbnMgdW5lIGxhcmdlIGdhbW1lIGRlIHNlcnZpY2VzIGlubm92YW50cyBheMOpcyBzdXIgbGVzIGNvc23DqXRpcXVlcywgYWluc2kgcXVlIG5vdHJlIGxvZ2ljaWVsIGV4Y2x1c2lmIGFmaW4gcXVlIGxlcyBpbXBvcnRhdGV1cnMgcHVpc3NlbnQgcmVzdGVyIGNvbmZvcm1lcyBhdXggcsOpZ2xlbWVudGF0aW9ucyBkZSBsYSBGREEuCiAgICA8L3A+CjxwIHN0eWxlPSJtYXJnaW4tYm90dG9tOiA1cHg7Ij5Ob3Mgc2VydmljZXMgcG91ciBsZXMgaW1wb3J0YXRldXJzIGRlIGNvc23DqXRpcXVlcyBjb21wcmVubmVudMKgwqA6PC9wPgogICAgPHVsPgogICAgICA8bGk+RW5yZWdpc3RyZW1lbnQgZGUgbOKAmcOpdGFibGlzc2VtZW50IGF1cHLDqHMgZGUgbGEgRkRBIGV0IHNvdW1pc3Npb25zIGRlIGxpc3RpbmcgZGUgcHJvZHVpdHM8L2xpPgo8bGk+UsOpdmlzaW9uIGRlcyDDqXRpcXVldHRlcyBldCBkZXMgaW5ncsOpZGllbnRzPC9saT4KPGxpPlNlcnZpY2VzIGTigJlhc3Npc3RhbmNlIGVuIGNhcyBkZSBkw6l0ZW50aW9uPC9saT4KPGxpPkNvc21ldHJpwqDCoDogbm90cmUgcGxhdGVmb3JtZSBsb2dpY2llbGxlIHLDqWdsZW1lbnRhaXJlIGlubm92YW50ZSBkZSBmb3JtdWxhdGlvbiBjb3Ntw6l0aXF1ZTwvbGk+CiAgICA8L3VsPgogIDwvZGl2Pg==[\/vc_raw_html][vc_btn title=&#8221;En savoir plus sur nos services pour les cosm\u00e9tiques&#8221; color=&#8221;white&#8221; i_align=&#8221;right&#8221; i_icon_fontawesome=&#8221;fas fa-arrow-right&#8221; add_icon=&#8221;true&#8221; link=&#8221;url:https%3A%2F%2Fstaging.registrarcorp.com%2Ffr%2Findustries%2Fcosmetics%2F|&#8221; el_class=&#8221;secondary-btn&#8221;][\/vc_column_inner][\/vc_row_inner][\/vc_column][vc_column width=&#8221;1\/4&#8243;][vc_single_image image=&#8221;4103&#8243; img_size=&#8221;258&#215;330&#8243; alignment=&#8221;right&#8221;][\/vc_column][\/vc_row][\/vc_section]\n<\/div>","protected":false},"excerpt":{"rendered":"<p>[vc_section el_class=&#8221;banner-section&#8221;][vc_row full_width=&#8221;stretch_row&#8221; css=&#8221;.vc_custom_1726756964127{padding-top: 40px !important;padding-bottom: 20px !important;background-color: #eeefef !important;}&#8221; el_class=&#8221;topContainer row-wdith hero-section&#8221; el_id=&#8221;headerRow&#8221;][vc_column width=&#8221;1\/2&#8243;][vc_column_text fnt_family=&#8221;Montserrat&#8221; fnt_size=&#8221;46px&#8221;] Des solutions de conformit\u00e9 pour les importateurs \u00e0 chaque \u00e9tape du processus. [\/vc_column_text][vc_column_text fnt_family=&#8221;Montserrat&#8221; fnt_size=&#8221;24&#8243;]Importer de la marchandise aux \u00c9tats-Unis signifie \u00eatre responsable de la conformit\u00e9 de votre entreprise mais aussi de celle de vos fournisseurs. Gr\u00e2ce \u00e0<\/p>\n","protected":false},"author":33,"featured_media":0,"parent":14683,"menu_order":0,"comment_status":"closed","ping_status":"closed","template":"page-templates\/page-sidebar-none.php","meta":{"_acf_changed":false,"content-type":"","footnotes":""},"class_list":["post-13302","page","type-page","status-publish","hentry"],"acf":[],"_links":{"self":[{"href":"https:\/\/staging.registrarcorp.com\/fr\/wp-json\/wp\/v2\/pages\/13302","targetHints":{"allow":["GET"]}}],"collection":[{"href":"https:\/\/staging.registrarcorp.com\/fr\/wp-json\/wp\/v2\/pages"}],"about":[{"href":"https:\/\/staging.registrarcorp.com\/fr\/wp-json\/wp\/v2\/types\/page"}],"author":[{"embeddable":true,"href":"https:\/\/staging.registrarcorp.com\/fr\/wp-json\/wp\/v2\/users\/33"}],"replies":[{"embeddable":true,"href":"https:\/\/staging.registrarcorp.com\/fr\/wp-json\/wp\/v2\/comments?post=13302"}],"version-history":[{"count":0,"href":"https:\/\/staging.registrarcorp.com\/fr\/wp-json\/wp\/v2\/pages\/13302\/revisions"}],"up":[{"embeddable":true,"href":"https:\/\/staging.registrarcorp.com\/fr\/wp-json\/wp\/v2\/pages\/14683"}],"wp:attachment":[{"href":"https:\/\/staging.registrarcorp.com\/fr\/wp-json\/wp\/v2\/media?parent=13302"}],"curies":[{"name":"wp","href":"https:\/\/api.w.org\/{rel}","templated":true}]}}