{"id":13262,"date":"2023-06-01T10:39:46","date_gmt":"2023-06-01T10:39:46","guid":{"rendered":"https:\/\/staging.registrarcorp.com\/global-compliance-solutions\/"},"modified":"2024-10-01T18:11:56","modified_gmt":"2024-10-01T18:11:56","slug":"global-compliance-solutions","status":"publish","type":"page","link":"https:\/\/staging.registrarcorp.com\/fr\/business-model\/global-compliance-solutions\/","title":{"rendered":"Solutions de conformit\u00e9 globale"},"content":{"rendered":"<div class=\"wpb-content-wrapper\">[vc_section el_class=&#8221;banner-section&#8221;][vc_row full_width=&#8221;stretch_row&#8221; css=&#8221;.vc_custom_1726506028071{padding-top: 40px !important;padding-bottom: 20px !important;background-color: #f4f4f4 !important;}&#8221; el_class=&#8221;topContainer row-wdith hero-section&#8221; el_id=&#8221;headerRow&#8221;][vc_column width=&#8221;1\/2&#8243;][vc_column_text fnt_family=&#8221;Montserrat&#8221; fnt_size=&#8221;46&#8243;]\n<h1 style=\"font-weight: bold;\"><span style=\"color: #003873;\"><strong>Conformit\u00e9 mondiale <\/strong><\/span><strong><span style=\"color: #0081ff;\">simplifi\u00e9e.<\/span><\/strong><\/h1>\n[\/vc_column_text][vc_column_text fnt_family=&#8221;Montserrat&#8221; fnt_size=&#8221;24&#8243; grad_text_color1=&#8221;#003873&#8243;]Nous ne nous contentons pas d\u2019aider les entreprises \u00e0 se conformer \u00e0 la FDA am\u00e9ricaine. Nous soutenons \u00e9galement les entreprises nationales et internationales exportant vers des pays et des agences dans le monde entier avec des solutions de services et de logiciels.[\/vc_column_text][vc_btn title=&#8221;En savoir plus sur la conformit\u00e9 mondiale&#8221; color=&#8221;sky&#8221; i_align=&#8221;right&#8221; i_icon_fontawesome=&#8221;fas fa-arrow-right&#8221; add_icon=&#8221;true&#8221; el_class=&#8221;primary-btn&#8221; link=&#8221;url:%23compliance-section|&#8221;][\/vc_column][vc_column width=&#8221;1\/2&#8243; el_class=&#8221;container-right&#8221;][vc_single_image image=&#8221;24583&#8243; img_size=&#8221;595&#215;499&#8243; alignment=&#8221;center&#8221;][\/vc_column][\/vc_row][\/vc_section][vc_section full_width=&#8221;stretch_row&#8221; css=&#8221;.vc_custom_1686039165165{padding-bottom: 80px !important;background-color: #ffffff !important;}&#8221; el_id=&#8221;compliance-section&#8221;][vc_row full_width=&#8221;stretch_row&#8221; css=&#8221;.vc_custom_1685617778157{padding-top: 40px !important;padding-bottom: 20px !important;background-color: #ffffff !important;}&#8221;][vc_column][vc_custom_heading text=&#8221;Dans tous les pays et industries, nous sommes votre guide pour la conformit\u00e9.&#8221; font_container=&#8221;tag:h2|font_size:32px|text_align:left|color:%23003873|line_height:40px&#8221; google_fonts=&#8221;font_family:Montserrat%3Aregular%2C700|font_style:700%20bold%20regular%3A700%3Anormal&#8221;][vc_column_text fnt_family=&#8221;Montserrat&#8221; fnt_size=&#8221;18px&#8221; grad_text_color1=&#8221;#003873&#8243;]En tant que consultants r\u00e9glementaires de premier plan pour plus de 30 000\u00a0clients dans plus de 190\u00a0pays, nos services de conformit\u00e9 couvrent le monde entier.[\/vc_column_text][\/vc_column][\/vc_row][vc_row full_width=&#8221;stretch_row&#8221; disable_element=&#8221;yes&#8221; css=&#8221;.vc_custom_1703723629842{background-color: #ffffff !important;}&#8221;][vc_column][vc_row_inner][vc_column_inner width=&#8221;1\/3&#8243;][vc_single_image image=&#8221;3909&#8243; img_size=&#8221;full&#8221; alignment=&#8221;center&#8221; el_class=&#8221;heading-img&#8221;][vc_custom_heading text=&#8221;Chine&#8221; font_container=&#8221;tag:h2|font_size:24px|text_align:left|color:%23003873|line_height:40px&#8221; google_fonts=&#8221;font_family:Montserrat%3Aregular%2C700|font_style:700%20bold%20regular%3A700%3Anormal&#8221;][vc_btn title=&#8221;D\u00e9couvrez nos services&#8221; color=&#8221;white&#8221; i_align=&#8221;right&#8221; i_icon_fontawesome=&#8221;fas fa-arrow-right&#8221; add_icon=&#8221;true&#8221; link=&#8221;url:https%3A%2F%2Fstaging.registrarcorp.com%2Ffr%2Findustries%2Ffood-beverage%2F|&#8221; el_class=&#8221;secondary-btn&#8221;][vc_column_text]\n<div class=\"global-ulli\">\n<p>Exportez vos biens de consommation en Chine, recevez des certificats d\u2019exportation de la FDA et bien plus encore avec Registrar Corp.<\/p>\n<ul>\n<li>Enregistrement GACC pour les soci\u00e9t\u00e9s am\u00e9ricaines et internationales<\/li>\n<li>Soumission d\u2019une demande pour plusieurs cat\u00e9gories de produits<\/li>\n<li>Exporter les mises \u00e0 jour de la liste<\/li>\n<\/ul>\n<\/div>\n[\/vc_column_text][\/vc_column_inner][vc_column_inner width=&#8221;1\/3&#8243;][vc_column_text]Je suis un bloc de texte. Cliquez sur le bouton Modifier pour modifier ce texte. Lorem ipsum dolor sit amet, consectetur adipiscing elit. Ut elit tellus, luctus nec ullamcorper mattis, pulvinar dapibus leo.[\/vc_column_text][vc_btn title=&#8221;D\u00e9couvrez nos services&#8221; color=&#8221;white&#8221; i_align=&#8221;right&#8221; i_icon_fontawesome=&#8221;fas fa-arrow-right&#8221; add_icon=&#8221;true&#8221; link=&#8221;url:https%3A%2F%2Fstaging.registrarcorp.com%2Ffr%2Findustries%2Ffood-beverage%2F|&#8221; el_class=&#8221;secondary-btn&#8221;][\/vc_column_inner][vc_column_inner width=&#8221;1\/3&#8243;][\/vc_column_inner][\/vc_row_inner][\/vc_column][\/vc_row][vc_row full_width=&#8221;stretch_row&#8221; css=&#8221;.vc_custom_1685619618758{background-color: #ffffff !important;}&#8221;][vc_column width=&#8221;1\/2&#8243;][vc_row_inner][vc_column_inner][vc_single_image image=&#8221;3901&#8243; img_size=&#8221;full&#8221; alignment=&#8221;center&#8221; css=&#8221;.vc_custom_1686041214474{padding-top: 5px !important;}&#8221; el_class=&#8221;heading-img&#8221;][vc_custom_heading text=&#8221;Produits pharmaceutiques&#8221; font_container=&#8221;tag:h2|font_size:24px|text_align:left|color:%23003873|line_height:40px&#8221; google_fonts=&#8221;font_family:Montserrat%3Aregular%2C700|font_style:700%20bold%20regular%3A700%3Anormal&#8221;][vc_raw_html]PGRpdiBjbGFzcz0iZ2xvYmFsLXVsbGkiPgogICAgPHA+CiAgICAgIE1ldHRyZSBzdXIgbGUgbWFyY2jDqSBkZXMgbcOpZGljYW1lbnRzIGVuIHZlbnRlIGxpYnJlIChPVEMpIGNvbmZvcm1lcy4gTm90cmUgc29sdXRpb24gcm9idXN0ZQogZGUgcsOpZ2xlbWVudGF0aW9uIGV0IGRlIGZvcm11bGF0aW9uLCBDb3NtZXRyaSwgZXN0CiBjb27Dp3VlIHBvdXIgdm91cyBhaWRlciDDoCBmb3JtdWxlciBkZXMgcHJvZHVpdHMgc8O7cnMgZXQgZWZmaWNhY2VzIGNvbmZvcm1lcyDDoAogdm90cmUgcGF5cyBjaWJsZS4KICAgIDwvcD4KICAgIDxwIHN0eWxlPSJtYXJnaW4tYm90dG9tOiA1cHg7Ij4KICAgICAgTGVzIGZvbmN0aW9ubmFsaXTDqXMgZGUgY29uZm9ybWl0w6kgaW50ZXJuYXRpb25hbGUgZGUgQ29zbWV0cmkgY29tcHJlbm5lbnTCoMKgOgogICAgPC9wPgogICAgPHVsPgogICAgICA8bGk+CiAgICAgICAgRG9ubsOpZXMgcsOpZ2xlbWVudGFpcmVzIHByb3ZlbmFudCBkZSBwbHVzIGRlIDU1wqBwYXlzICjDiXRhdHMtVW5pcywgQW3DqXJpcXVlIGR1IFN1ZCwgVUUsIENoaW5lCiwgQ2FuYWRhIGV0IEFzaWUgZHUgU3VkLUVzdCkKICAgICAgPC9saT4KICAgICAgPGxpPkNyw6lhdGlvbiBk4oCZw6l0aXF1ZXR0ZXMgZGUgcHJvZHVpdHMgYXV4IMOJdGF0cy1VbmlzLCBkYW5zIGzigJlVRSBldCDDoCBs4oCZaW50ZXJuYXRpb25hbDwvbGk+CiAgICAgIDxsaT5Eb3NzaWVycyBwcm9kdWl0cyBhdXggZm9ybWF0cyBVRSBvdSBBU0VBTjwvbGk+CiAgICAgIDxsaT5TdXJ2ZWlsbGFuY2UgZGVzIGluZ3LDqWRpZW50cyBldCB2w6lyaWZpY2F0ZXVyIGRlIGNvbmZvcm1pdMOpPC9saT4KICAgICAgPGxpPlpvbmVzIGV0IHBvbGl0aXF1ZXMgZGUgY29uZm9ybWl0w6kgcGVyc29ubmFsaXPDqWVzPC9saT4KICAgIDwvdWw+CiAgPC9kaXY+[\/vc_raw_html][vc_btn title=&#8221;D\u00e9couvrez nos services&#8221; color=&#8221;white&#8221; i_align=&#8221;right&#8221; i_icon_fontawesome=&#8221;fas fa-arrow-right&#8221; add_icon=&#8221;true&#8221; link=&#8221;url:https%3A%2F%2Fstaging.registrarcorp.com%2Ffr%2Findustries%2Fdrugs%2F|&#8221; el_class=&#8221;secondary-btn&#8221;][\/vc_column_inner][\/vc_row_inner][\/vc_column][vc_column width=&#8221;1\/2&#8243;][vc_row_inner][vc_column_inner][vc_single_image image=&#8221;3925&#8243; img_size=&#8221;full&#8221; alignment=&#8221;center&#8221; el_class=&#8221;heading-img&#8221;][vc_custom_heading text=&#8221;Dispositifs m\u00e9dicaux&#8221; font_container=&#8221;tag:h2|font_size:24px|text_align:left|color:%23003873|line_height:40px&#8221; google_fonts=&#8221;font_family:Montserrat%3Aregular%2C700|font_style:700%20bold%20regular%3A700%3Anormal&#8221;][vc_raw_html]PGRpdiBjbGFzcz0iZ2xvYmFsLXVsbGkiPgogICAgPHAgc3R5bGU9Im1hcmdpbi1ib3R0b206IDVweDsiPgogICAgICBQcsOpcGFyZXotdm91cyDDoCBlbnRyZXIgc3VyIGxlIG1hcmNow6kgY2FuYWRpZW4gYXZlYyBSZWdpc3RyYXIgQ29ycC4gTm91cyBhaWRvbnMgbGVzIMOpdGFibGlzc2VtZW50cyBkZSBkaXNwb3NpdGlmcyBtw6lkaWNhdXggw6AgcsOpcG9uZHJlIGF1eCBleGlnZW5jZXMgcsOpZ2xlbWVudGFpcmVzIGRlIFNhbnTDqSBDYW5hZGEgZ3LDomNlIMOgIGRlcyBzZXJ2aWNlcyBjb21wcmVuYW50wqDCoDoKICAgIDwvcD4KICAgIDx1bD4KICAgICAgPGxpPgogICAgICAgIETDqXRlcm1pbmF0aW9uIGRlIGxhIGNsYXNzZSBkZSBkaXNwb3NpdGlmCiAgICAgIDwvbGk+CiAgICAgIDxsaT5EZW1hbmRlIGRlIGxpY2VuY2UsIG1pc2VzIMOgIGpvdXIgZXQgcmVub3V2ZWxsZW1lbnQ8L2xpPgogICAgICA8bGk+ZmFjaWxpdGF0aW9uIGRlcyBmcmFpcyBkZSBsaWNlbmNlPC9saT4KICAgICAgPGxpPlNvdXRpZW4gcsOpZ2xlbWVudGFpcmUgYXV4IGNvcnJlc3BvbmRhbnRzPC9saT4KICAgIDwvdWw+CiAgPC9kaXY+[\/vc_raw_html][vc_btn title=&#8221;D\u00e9couvrez nos services&#8221; color=&#8221;white&#8221; i_align=&#8221;right&#8221; i_icon_fontawesome=&#8221;fas fa-arrow-right&#8221; add_icon=&#8221;true&#8221; link=&#8221;url:https%3A%2F%2Fstaging.registrarcorp.com%2Ffr%2Findustries%2Fmedical-devices%2F|&#8221; el_class=&#8221;secondary-btn&#8221;][\/vc_column_inner][\/vc_row_inner][\/vc_column][\/vc_row][vc_row full_width=&#8221;stretch_row_content&#8221; content_placement=&#8221;middle&#8221; css=&#8221;.vc_custom_1685706829078{background-color: #ffffff !important;}&#8221;][vc_column width=&#8221;1\/4&#8243;][vc_single_image image=&#8221;4028&#8243; img_size=&#8221;258&#215;330&#8243;][\/vc_column][vc_column width=&#8221;1\/2&#8243;][vc_row_inner el_class=&#8221;compliance-details-col&#8221;][vc_column_inner][vc_single_image image=&#8221;3941&#8243; img_size=&#8221;full&#8221; alignment=&#8221;center&#8221; el_class=&#8221;heading-img&#8221;][vc_custom_heading text=&#8221;Cosm\u00e9tiques&#8221; font_container=&#8221;tag:h2|font_size:24px|text_align:left|color:%23003873|line_height:40px&#8221; google_fonts=&#8221;font_family:Montserrat%3Aregular%2C700|font_style:700%20bold%20regular%3A700%3Anormal&#8221;][vc_raw_html]PGRpdiBjbGFzcz0iZ2xvYmFsLXVsbGkiPgogICAgPHA+CiAgICAgIFJlc3BlY3RlciBsZXMgcsOpZ2xlbWVudGF0aW9ucyBpbnRlcm5hdGlvbmFsZXMgcmVsYXRpdmVzIGF1eCBwcm9kdWl0cyBkZSBiZWF1dMOpLiBDb3NtZXRyaSwgbm90cmUgc29sdXRpb24gZGUgcsOpZ2xlbWVudGF0aW9uIGV0IGRlIGZvcm11bGF0aW9uLCBvZmZyZSBkZXMgZm9uY3Rpb25uYWxpdMOpcyBkZSBjb25mb3JtaXTDqSBldCBkZSBzw6ljdXJpdMOpIMOpdGVuZHVlcyBhZGFwdMOpZXMgYXV4IHLDqWdsZW1lbnRhdGlvbnMgZGVzIG1hcmNow6lzIGRlIHZvdHJlIGNob2l4LgogICAgPC9wPgo8cCBzdHlsZT0ibWFyZ2luLWJvdHRvbTogNXB4OyI+TGVzIGZvbmN0aW9ubmFsaXTDqXMgZGUgY29uZm9ybWl0w6kgaW50ZXJuYXRpb25hbGUgZGUgQ29zbWV0cmkgY29tcHJlbm5lbnTCoMKgOjwvcD4KICAgIDx1bD4KICAgICAgPGxpPgogICAgICAgRG9ubsOpZXMgcsOpZ2xlbWVudGFpcmVzIHByb3ZlbmFudCBkZSBwbHVzIGRlIDU1wqBwYXlzICh5IGNvbXByaXMgbGVzIDI3wqBwYXlzIGRlIGzigJlVRSkKICAgICAgPC9saT4KICAgICAgPGxpPkNyw6lhdGlvbiBk4oCZw6l0aXF1ZXR0ZXMgZGUgcHJvZHVpdHMgYXV4IMOJdGF0cy1VbmlzLCBkYW5zIGzigJlVRSBldCDDoCBs4oCZaW50ZXJuYXRpb25hbDwvbGk+CiAgICAgIDxsaT5Eb3NzaWVycyBwcm9kdWl0cyBhdXggZm9ybWF0cyBVRSBvdSBBU0VBTjwvbGk+CiAgICAgIDxsaT5TdXJ2ZWlsbGFuY2UgZGVzIGluZ3LDqWRpZW50cyBldCB2w6lyaWZpY2F0ZXVyIGRlIGNvbmZvcm1pdMOpPC9saT4KPGxpPlpvbmVzIGV0IHBvbGl0aXF1ZXMgZGUgY29uZm9ybWl0w6kgcGVyc29ubmFsaXPDqWVzPC9saT4KICAgIDwvdWw+CiAgPC9kaXY+[\/vc_raw_html][vc_btn title=&#8221;D\u00e9couvrez nos services&#8221; color=&#8221;white&#8221; i_align=&#8221;right&#8221; i_icon_fontawesome=&#8221;fas fa-arrow-right&#8221; add_icon=&#8221;true&#8221; link=&#8221;url:https%3A%2F%2Fstaging.registrarcorp.com%2Ffr%2Findustries%2Fcosmetics%2F|&#8221; el_class=&#8221;secondary-btn&#8221;][\/vc_column_inner][\/vc_row_inner][\/vc_column][vc_column width=&#8221;1\/4&#8243;][vc_single_image image=&#8221;4193&#8243; img_size=&#8221;258&#215;330&#8243; alignment=&#8221;right&#8221;][\/vc_column][\/vc_row][\/vc_section]\n<\/div>","protected":false},"excerpt":{"rendered":"<p>[vc_section el_class=&#8221;banner-section&#8221;][vc_row full_width=&#8221;stretch_row&#8221; css=&#8221;.vc_custom_1726506028071{padding-top: 40px !important;padding-bottom: 20px !important;background-color: #f4f4f4 !important;}&#8221; el_class=&#8221;topContainer row-wdith hero-section&#8221; el_id=&#8221;headerRow&#8221;][vc_column width=&#8221;1\/2&#8243;][vc_column_text fnt_family=&#8221;Montserrat&#8221; fnt_size=&#8221;46&#8243;] Conformit\u00e9 mondiale simplifi\u00e9e. [\/vc_column_text][vc_column_text fnt_family=&#8221;Montserrat&#8221; fnt_size=&#8221;24&#8243; grad_text_color1=&#8221;#003873&#8243;]Nous ne nous contentons pas d\u2019aider les entreprises \u00e0 se conformer \u00e0 la FDA am\u00e9ricaine. Nous soutenons \u00e9galement les entreprises nationales et internationales exportant vers des pays et des agences dans le<\/p>\n","protected":false},"author":33,"featured_media":0,"parent":14683,"menu_order":0,"comment_status":"closed","ping_status":"closed","template":"page-templates\/page-sidebar-none.php","meta":{"_acf_changed":false,"content-type":"","footnotes":""},"class_list":["post-13262","page","type-page","status-publish","hentry"],"acf":[],"_links":{"self":[{"href":"https:\/\/staging.registrarcorp.com\/fr\/wp-json\/wp\/v2\/pages\/13262","targetHints":{"allow":["GET"]}}],"collection":[{"href":"https:\/\/staging.registrarcorp.com\/fr\/wp-json\/wp\/v2\/pages"}],"about":[{"href":"https:\/\/staging.registrarcorp.com\/fr\/wp-json\/wp\/v2\/types\/page"}],"author":[{"embeddable":true,"href":"https:\/\/staging.registrarcorp.com\/fr\/wp-json\/wp\/v2\/users\/33"}],"replies":[{"embeddable":true,"href":"https:\/\/staging.registrarcorp.com\/fr\/wp-json\/wp\/v2\/comments?post=13262"}],"version-history":[{"count":0,"href":"https:\/\/staging.registrarcorp.com\/fr\/wp-json\/wp\/v2\/pages\/13262\/revisions"}],"up":[{"embeddable":true,"href":"https:\/\/staging.registrarcorp.com\/fr\/wp-json\/wp\/v2\/pages\/14683"}],"wp:attachment":[{"href":"https:\/\/staging.registrarcorp.com\/fr\/wp-json\/wp\/v2\/media?parent=13262"}],"curies":[{"name":"wp","href":"https:\/\/api.w.org\/{rel}","templated":true}]}}