{"id":12713,"date":"2023-06-27T06:12:43","date_gmt":"2023-06-27T06:12:43","guid":{"rendered":"https:\/\/staging.registrarcorp.com\/iba-cosmetics\/"},"modified":"2024-10-01T18:11:56","modified_gmt":"2024-10-01T18:11:56","slug":"iba-cosmetics","status":"publish","type":"page","link":"https:\/\/staging.registrarcorp.com\/fr\/services\/fda-registration\/iba-cosmetics\/","title":{"rendered":"IBA Cosmetics"},"content":{"rendered":"<div class=\"wpb-content-wrapper\">[vc_section el_class=&#8221;banner-section&#8221;][vc_row full_width=&#8221;stretch_row&#8221; content_placement=&#8221;top&#8221; disable_element=&#8221;yes&#8221; css=&#8221;.vc_custom_1709062389910{padding-top: 40px !important;background-color: #f4f4f4 !important;}&#8221;][vc_column][vc_single_image image=&#8221;26285&#8243; img_size=&#8221;full&#8221; alignment=&#8221;center&#8221; onclick=&#8221;custom_link&#8221; link=&#8221;https:\/\/staging.registrarcorp.com\/fr\/services\/fda-registration\/cosmetics\/&#8221;][\/vc_column][\/vc_row][vc_row full_width=&#8221;stretch_row&#8221; css=&#8221;.vc_custom_1726758765454{padding-top: 70px !important;padding-bottom: 20px !important;background-color: #f4f4f4 !important;}&#8221; el_class=&#8221;topContainer row-wdith hero-section&#8221; el_id=&#8221;headerRow&#8221;][vc_column width=&#8221;1\/2&#8243;][vc_column_text fnt_family_h1=&#8221;Montserrat&#8221; fnt_size_h1=&#8221;46&#8243;]\n<h1><strong><span style=\"color: #003873;\">Pr\u00e9parez-vous d\u00e8s maintenant \u00e0 r\u00e9pondre aux nouvelles exigences de la FDA am\u00e9ricaine pour les<\/span> entreprises de <span style=\"color: #0081ff;\">cosm\u00e9tiques.<\/span><\/strong><\/h1>\n[\/vc_column_text][vc_column_text fnt_family=&#8221;Montserrat&#8221; fnt_size=&#8221;24&#8243;]Les \u00c9tats-Unis ont r\u00e9cemment promulgu\u00e9 la Modernization of Cosmetics Regulation Act de 2022 (MoCRA), \u00e9largissant l\u2019autorit\u00e9 r\u00e9glementaire de l\u2019US Food and Drug Administration (FDA) sur l\u2019industrie des cosm\u00e9tiques. Le MoCRA exige de la FDA qu\u2019elle \u00e9tablisse de nouvelles r\u00e9glementations \u00e9tendues pour les entreprises fabriquant et distribuant des cosm\u00e9tiques aux \u00c9tats-Unis.<\/p>\n<p>De nombreuses r\u00e9glementations entrent en vigueur d\u00e8s 2023.[\/vc_column_text][vc_btn title=&#8221;Commencer&#8221; color=&#8221;sky&#8221; i_align=&#8221;right&#8221; i_icon_fontawesome=&#8221;fas fa-arrow-right&#8221; add_icon=&#8221;true&#8221; el_class=&#8221;primary-btn&#8221; link=&#8221;url:https%3A%2F%2Fstaging.registrarcorp.com%2Ffr%2Ffda-registration-form%2F%3Fflow_type%3Dcosmetics%26industry_type%3DCosmetics%26iba_path%3Dtrue|&#8221;][\/vc_column][vc_column width=&#8221;1\/2&#8243; el_class=&#8221;container-right&#8221;][vc_single_image image=&#8221;6543&#8243; img_size=&#8221;full&#8221; alignment=&#8221;center&#8221;][vc_single_image image=&#8221;6551&#8243; img_size=&#8221;full&#8221; alignment=&#8221;center&#8221;][\/vc_column][\/vc_row][\/vc_section][vc_row full_width=&#8221;stretch_row_content&#8221; css=&#8221;.vc_custom_1687855249229{padding-top: 60px !important;padding-bottom: 60px !important;background-color: #003873 !important;}&#8221; el_class=&#8221;font-white&#8221; el_id=&#8221;where-to-start&#8221;][vc_column][vc_row_inner content_placement=&#8221;middle&#8221; el_class=&#8221;font-white innter-text-content&#8221;][vc_column_inner][vc_custom_heading text=&#8221;Vous ne savez pas par o\u00f9 commencer\u00a0\u00a0? La conformit\u00e9 cosm\u00e9tique est plus facile et rapide avec Registrar Corp.&#8221; font_container=&#8221;tag:h2|font_size:46|text_align:center|color:%23ffffff&#8221; google_fonts=&#8221;font_family:Montserrat%3Aregular%2C700|font_style:700%20bold%20regular%3A700%3Anormal&#8221;][vc_column_text fnt_family=&#8221;Montserrat&#8221; fnt_size=&#8221;24&#8243; el_class=&#8221;font-white&#8221;]\n<p style=\"text-align: center;\">Nous allons\u00a0\u00a0:<\/p>\n<ul>\n<li style=\"text-align: center;\">Enregistrer de mani\u00e8re appropri\u00e9e les \u00e9tablissements aupr\u00e8s de la FDA d\u00e8s que possible<\/li>\n<li style=\"text-align: center;\">Agir en tant qu\u2019Agent US pour les \u00e9tablissements situ\u00e9s en dehors des \u00c9tats-Unis.<\/li>\n<li style=\"text-align: center;\">Soumettre et g\u00e9rer les listings de produits cosm\u00e9tiques<\/li>\n<li style=\"text-align: center;\">Fournir des mises \u00e0 jour lorsque la FDA mettra en place des directives suppl\u00e9mentaires sous MoCRA<\/li>\n<\/ul>\n[\/vc_column_text][\/vc_column_inner][\/vc_row_inner][vc_row_inner content_placement=&#8221;middle&#8221;][vc_column_inner][vc_column_text fnt_family=&#8221;Montserrat&#8221; fnt_size=&#8221;24&#8243; el_class=&#8221;font-white&#8221;]\n<p style=\"text-align: center;\"><strong>Membres de l\u2019IBA\u00a0\u00a0: Utilisez les services d\u2019enregistrement de Registrar Corp et b\u00e9n\u00e9ficiez de 10\u00a0\u00a0% de r\u00e9duction.<\/strong><\/p>\n[\/vc_column_text][vc_btn title=&#8221;Commencer&#8221; color=&#8221;sky&#8221; align=&#8221;center&#8221; i_align=&#8221;right&#8221; i_icon_fontawesome=&#8221;fas fa-arrow-right&#8221; add_icon=&#8221;true&#8221; link=&#8221;url:https%3A%2F%2Fstaging.registrarcorp.com%2Ffr%2Ffda-registration-form%2F%3Fflow_type%3Dcosmetics%26industry_type%3DCosmetics%26iba_path%3Dtrue|&#8221; el_class=&#8221;primary-btn&#8221;][\/vc_column_inner][\/vc_row_inner][\/vc_column][\/vc_row][vc_section full_width=&#8221;stretch_row&#8221; css=&#8221;.vc_custom_1687865804816{background-color: #ffffff !important;}&#8221; el_id=&#8221;what-does-mocra&#8221;][vc_row full_width=&#8221;stretch_row&#8221; css=&#8221;.vc_custom_1687853762150{padding-top: 40px !important;padding-bottom: 20px !important;}&#8221;][vc_column width=&#8221;1\/2&#8243;][vc_column_text fnt_family_h2=&#8221;Montserrat&#8221; fnt_size_h2=&#8221;40&#8243;]\n<h2><span style=\"color: #003873;\"><strong>Que signifie MoCRA pour les entreprises de cosm\u00e9tiques\u00a0\u00a0?<\/strong><\/span><\/h2>\n[\/vc_column_text][vc_column_text fnt_family=&#8221;Montserrat&#8221; fnt_size=&#8221;18&#8243;]D\u2019apr\u00e8s MoCRA, la FDA \u00e9tablira des r\u00e9glementations qui affecteront l\u2019ensemble du cycle de vie de vos produits cosm\u00e9tiques, de leur fabrication \u00e0 leur commercialisation. Les nouvelles exigences comprennent\u00a0\u00a0:<\/p>\n<ul>\n<li>Enregistrement FDA obligatoire  pour les \u00e9tablissements cosm\u00e9tiques<\/li>\n<li>Listing de produits obligatoires pour chaque produit cosm\u00e9tique commercialis\u00e9 aux \u00c9tats-Unis<\/li>\n<li>Le reporting des effets ind\u00e9sirables<\/li>\n<li>Respect des bonnes pratiques de fabrication (GMPs) \u00e9mises par la FDA<\/li>\n<li>Archivage des donn\u00e9es, y compris les dossiers d\u2019\u00e9v\u00e9nements ind\u00e9sirables et de justification des \u00e9l\u00e9ments de s\u00e9curit\u00e9<\/li>\n<li>Les rappels obligatoires<\/li>\n<li>La d\u00e9claration des allerg\u00e8nes de parfums<\/li>\n<\/ul>\n<p>Bien que la FDA n\u2019ait pas encore \u00e9tabli de r\u00e9glementations pour ces exigences, la loi fournit des informations g\u00e9n\u00e9rales, afin que les entreprises de cosm\u00e9tiques puissent commencer \u00e0 se pr\u00e9parer aux nouvelles exigences de la FDA.[\/vc_column_text][\/vc_column][vc_column width=&#8221;1\/2&#8243; el_class=&#8221;container-right&#8221;][vc_single_image image=&#8221;6559&#8243; img_size=&#8221;full&#8221; alignment=&#8221;center&#8221; css=&#8221;.vc_custom_1688384500880{padding-top: 15px !important;}&#8221;][\/vc_column][\/vc_row][\/vc_section][vc_section full_width=&#8221;stretch_row&#8221; css=&#8221;.vc_custom_1685426929622{padding-bottom: 50px !important;background-color: #eceff1 !important;}&#8221; el_class=&#8221;faq-accordion-section&#8221;][vc_row content_placement=&#8221;bottom&#8221; css=&#8221;.vc_custom_1700032773103{padding-top: 50px !important;}&#8221;][vc_column width=&#8221;2\/3&#8243;][vc_custom_heading text=&#8221;Foire Aux Questions&#8221; font_container=&#8221;tag:h2|font_size:40|text_align:left|color:%23003873&#8243; google_fonts=&#8221;font_family:Montserrat%3Aregular%2C700|font_style:700%20bold%20regular%3A700%3Anormal&#8221;][\/vc_column][vc_column width=&#8221;1\/3&#8243;][vc_single_image image=&#8221;1007&#8243; img_size=&#8221;medium&#8221; alignment=&#8221;right&#8221; el_class=&#8221;hide-row&#8221;][\/vc_column][\/vc_row][vc_row css=&#8221;.vc_custom_1684137364661{padding-bottom: 50px !important;}&#8221;][vc_column][vc_separator color=&#8221;black&#8221;][vc_tta_accordion section_title_tag=&#8221;h2&#8243; c_icon=&#8221;chevron&#8221; active_section=&#8221;1&#8243; no_fill=&#8221;true&#8221; css=&#8221;.vc_custom_1683291355932{background-color: #eceff1 !important;}&#8221; el_class=&#8221;accordion&#8221;][vc_tta_section title=&#8221;Qu\u2019est-ce que MoCRA\u00a0\u00a0?&#8221; tab_id=&#8221;what-is-MoCRA&#8221; el_class=&#8221;accordion-class&#8221;][vc_column_text fnt_family=&#8221;Montserrat&#8221; fnt_size=&#8221;24&#8243; grad_text_color1=&#8221;#003873&#8243;]MoCRA est la loi sur la modernisation des cosm\u00e9tiques de 2022\u00a0et a \u00e9t\u00e9 promulgu\u00e9e le 29\u00a0d\u00e9cembre 2022. MoCRA est la plus grande r\u00e9forme des r\u00e9glementations cosm\u00e9tiques existantes aux \u00c9tats-Unis depuis 84\u00a0ans et \u00e9tablit de nombreuses nouvelles exigences, telles que\u00a0\u00a0:<\/p>\n<ul>\n<li>Enregistrement d\u2019\u00e9tablissement<\/li>\n<li>Listing de produits<\/li>\n<li>Bonnes Pratiques de Fabrication (GMPs)<\/li>\n<li>Evaluation de la S\u00e9curit\u00e9<\/li>\n<li>De nouvelles exigences en mati\u00e8re d\u2019\u00e9tiquetage<\/li>\n<li>Reporting des effets ind\u00e9sirables<\/li>\n<li>Archivage des donn\u00e9es<\/li>\n<\/ul>\n[\/vc_column_text][\/vc_tta_section][vc_tta_section title=&#8221;Comment MoCRA affectera-t-il les \u00e9tablissements cosm\u00e9tiques\u00a0\u00a0?&#8221; tab_id=&#8221;how-will-MoCRA-affect&#8221; el_class=&#8221;accordion-class&#8221;][vc_column_text]D\u2019apr\u00e8s MoCRA, le terme \u00ab\u00a0\u00e9tablissement\u00a0\u00bb comprend tout \u00e9tablissement qui fabrique ou transforme des produits cosm\u00e9tiques distribu\u00e9s aux \u00c9tats-Unis. Les \u00e9tablissements devront s\u2019enregistrer et se conformer aux GMPs \u00e9mises par la FDA.[\/vc_column_text][\/vc_tta_section][vc_tta_section title=&#8221;Qui est consid\u00e9r\u00e9 comme la personne responsable selon MoCRA\u00a0\u00a0?&#8221; tab_id=&#8221;who-is-considered&#8221; el_class=&#8221;accordion-class&#8221;][vc_column_text]\n<div class=\"vc_tta-panel-body\">\n<div class=\"wpb_text_column wpb_content_element \">\n<div class=\"wpb_wrapper\">\n<p>Le terme \u00ab\u00a0Personne Responsable\u00a0\u00bb d\u00e9signe le fabricant, le conditionneur ou le distributeur d\u2019un produit cosm\u00e9tique dont le nom appara\u00eet sur l\u2019\u00e9tiquette du produit conform\u00e9ment \u00e0 la section 609(a) de la FD&amp;C Act ou \u00e0 la section 4(a) de la Fair Packaging and Labeling Act.<\/p>\n<p>La \u00ab\u00a0Responsible Person \u00bb sera responsable de\u00a0\u00a0:<\/p>\n<ul>\n<li>Listing des produits cosm\u00e9tiques<\/li>\n<li>Effets ind\u00e9sirables<\/li>\n<li>Dossier de s\u00e9curit\u00e9 produit<\/li>\n<li>\u00c9tiquetage<\/li>\n<li>Publication et archivage des allerg\u00e8nes d\u2019ingr\u00e9dients parfumant<\/li>\n<\/ul>\n<\/div>\n<\/div>\n<\/div>\n[\/vc_column_text][\/vc_tta_section][vc_tta_section title=&#8221;Existe-t-il des exemptions pour l\u2019enregistrement d\u2019\u00e9tablissement\u00a0\u00a0?&#8221; tab_id=&#8221;are-there-any-exemptions&#8221; el_class=&#8221;accordion-class&#8221;][vc_column_text]\n<div class=\"vc_tta-panel-body\">\n<div class=\"wpb_text_column wpb_content_element \">\n<div class=\"wpb_wrapper\">\n<p>Oui, les petites entreprises auront des exigences simplifi\u00e9es et plus flexibles. La FDA d\u00e9finit une petite entreprise comme une entreprise dont le chiffre d\u2019affaires annuel brut moyen aux \u00c9tats-Unis est inf\u00e9rieure \u00e0 1 000 000 USD pour la p\u00e9riode des 3 ann\u00e9es pr\u00e9c\u00e9dentes, ajust\u00e9 en fonction de l\u2019inflation. Cela ne s\u2019applique pas aux Responsible Persons ou \u00e9tablissements engag\u00e9s dans la fabrication de produits cosm\u00e9tiques qui\u00a0\u00a0:<\/p>\n<ul>\n<li>Entrent en contact avec les yeux,<\/li>\n<li>Sont inject\u00e9s,<\/li>\n<li>Sont destin\u00e9s \u00e0 un usage interne,<\/li>\n<li>Ou modifient l\u2019apparence pendant plus de 24\u00a0heures dans des conditions d\u2019utilisation traditionnelles ou habituelles.<\/li>\n<\/ul>\n<\/div>\n<\/div>\n<\/div>\n[\/vc_column_text][\/vc_tta_section][vc_tta_section title=&#8221;Quand les enregistrements d\u2019\u00e9tablissements et listing de produits sont-ils n\u00e9cessaires\u00a0\u00a0?&#8221; tab_id=&#8221;when-are-facility-registrations&#8221; el_class=&#8221;accordion-class&#8221;][vc_column_text]\n<div class=\"vc_tta-panel-body\">\n<div class=\"wpb_text_column wpb_content_element \">\n<div class=\"wpb_wrapper\">\n<p><span class=\"TextRun SCXW134910940 BCX0\" lang=\"EN-US\" xml:lang=\"EN-US\" data-contrast=\"none\"><span class=\"NormalTextRun SCXW134910940 BCX0\">Pour les \u00e9tablissements existants, l\u2019enregistrement d\u2019\u00e9tablissement et le listing des produits doivent \u00eatre effectu\u00e9s avant le 29\u00a0d\u00e9cembre 2023.<\/span><\/span><span class=\"TextRun SCXW134910940 BCX0\" lang=\"EN-US\" xml:lang=\"EN-US\" data-contrast=\"auto\"><span class=\"NormalTextRun SCXW134910940 BCX0\"> Les nouveaux \u00e9tablissements qui fabriquent ou transforment des produits cosm\u00e9tiques pour la distribution aux \u00c9tats-Unis doivent s\u2019enregistrer dans les 60\u00a0jours suivant la commercialisation du produit ou dans les 60\u00a0jours suivant la date limite pour les \u00e9tablissements existants, si celle-ci est post\u00e9rieure.<\/span><\/span><span class=\"EOP SCXW134910940 BCX0\" data-ccp-props=\"{&quot;201341983&quot;:0,&quot;335559739&quot;:0,&quot;335559740&quot;:259}\"><\/span><\/p>\n<\/div>\n<\/div>\n<\/div>\n[\/vc_column_text][\/vc_tta_section][vc_tta_section title=&#8221;Que se passe-t-il si j\u2019ai plusieurs produits cosm\u00e9tiques\u00a0\u00a0? Comment puis-je tous les lister ?&#8221; tab_id=&#8221;what-if-I-have-multiple&#8221; el_class=&#8221;accordion-class&#8221;][vc_column_text]\n<div class=\"vc_tta-panel-body\">\n<div class=\"wpb_text_column wpb_content_element \">\n<div class=\"wpb_wrapper\">\n<p><span class=\"TextRun SCXW233625468 BCX0\" lang=\"EN-US\" xml:lang=\"EN-US\" data-contrast=\"auto\"><span class=\"NormalTextRun SCXW233625468 BCX0\">MoCRA<\/span> <span class=\"NormalTextRun SCXW233625468 BCX0\">permet<\/span><span class=\"NormalTextRun SCXW233625468 BCX0\"> des \u00ab\u00a0<\/span><span class=\"NormalTextRun SCXW233625468 BCX0\"><\/span><span class=\"NormalTextRun SCXW233625468 BCX0\">listings <\/span><span class=\"NormalTextRun SCXW233625468 BCX0\"><\/span><span class=\"NormalTextRun SCXW233625468 BCX0\">flexibles<\/span><span class=\"NormalTextRun SCXW233625468 BCX0\">\u00a0\u00bb.<\/span><span class=\"NormalTextRun SCXW233625468 BCX0\"><\/span><span class=\"NormalTextRun SCXW233625468 BCX0\"> Pour les listings flexibles, les <\/span><span class=\"NormalTextRun SCXW233625468 BCX0\">entreprises peuvent soumettre un <\/span><span class=\"NormalTextRun SCXW233625468 BCX0\">seul listing pour les produits cosm\u00e9tiques<\/span> <span class=\"NormalTextRun SCXW233625468 BCX0\">avec<\/span><span class=\"NormalTextRun SCXW233625468 BCX0\"> des formulations identiques, ou des formulations qui diff\u00e8rent uniquement en ce qui concerne les couleurs, les parfums ou ar\u00f4mes, ou la quantit\u00e9 de contenu.<\/span><\/span><span class=\"EOP SCXW233625468 BCX0\" data-ccp-props=\"{&quot;201341983&quot;:0,&quot;335559739&quot;:0,&quot;335559740&quot;:259}\"><\/span><\/p>\n<\/div>\n<\/div>\n<\/div>\n[\/vc_column_text][\/vc_tta_section][vc_tta_section title=&#8221;Que puis-je faire pour me pr\u00e9parer au MoCRA d\u00e8s maintenant\u00a0\u00a0?&#8221; tab_id=&#8221;what-can-I-do&#8221; el_class=&#8221;accordion-class&#8221;][vc_column_text]\n<div class=\"vc_tta-panel-body\">\n<div class=\"wpb_text_column wpb_content_element \">\n<div class=\"wpb_wrapper\">\n<p><span class=\"TextRun SCXW252003706 BCX0\" lang=\"EN-US\" xml:lang=\"EN-US\" data-contrast=\"auto\"><span class=\"NormalTextRun SCXW252003706 BCX0\">Contactez Registrar Corp<\/span> <span class=\"NormalTextRun SCXW252003706 BCX0\">pour <\/span><span class=\"NormalTextRun SCXW252003706 BCX0\">d\u00e9terminer<\/span>  <span class=\"NormalTextRun SCXW252003706 BCX0\">les <\/span><span class=\"NormalTextRun SCXW252003706 BCX0\"> responsabilit\u00e9s que votre entreprise devra suivre pour \u00eatre en conformit\u00e9.<\/span><\/span><span class=\"EOP SCXW252003706 BCX0\" data-ccp-props=\"{&quot;201341983&quot;:0,&quot;335559739&quot;:0,&quot;335559740&quot;:259}\"><\/span><\/p>\n<\/div>\n<\/div>\n<\/div>\n[\/vc_column_text][\/vc_tta_section][vc_tta_section title=&#8221;Quelles sont les nouvelles exigences en mati\u00e8re d\u2019\u00e9tiquetage\u00a0\u00a0?&#8221; tab_id=&#8221;what-are-the-new-labeling&#8221; el_class=&#8221;accordion-class&#8221;][vc_column_text]\n<ul>\n<li>Une adresse aux<strong> \u00c9tats-Unis<\/strong>,<\/li>\n<li>Un num\u00e9ro de t\u00e9l\u00e9phone<strong>aux \u00c9tats-Unis<\/strong>, ou<\/li>\n<li>Coordonn\u00e9es \u00e9lectroniques \u00e0 travers lesquelles une personne responsable peut recevoir des rapports d\u2019\u00e9v\u00e9nements ind\u00e9sirables.<\/li>\n<\/ul>\n<p>Les produits cosm\u00e9tiques qui contiennent des allerg\u00e8nes dans leurs ingr\u00e9dients parfumant doivent mettre \u00e0 jour leurs \u00e9tiquettes pour r\u00e9pertorier ces allerg\u00e8nes. Pour les produits cosm\u00e9tiques \u00e0 usage professionnel, les \u00e9tiquettes doivent comporter une mention claire et visible pr\u00e9cisant que le produit est administr\u00e9 ou utilis\u00e9 uniquement par des professionnels autoris\u00e9s et qu\u2019il est en conformit\u00e9 avec les exigences d\u2019\u00e9tiquetage des produits cosm\u00e9tiques existantes.[\/vc_column_text][\/vc_tta_section][vc_tta_section title=&#8221;Quand les nouvelles exigences d\u2019\u00e9tiquetage entreront-elles en vigueur\u00a0\u00a0?&#8221; tab_id=&#8221;when-do-the-new-labeling&#8221; el_class=&#8221;accordion-class&#8221;][vc_column_text]\n<div class=\"vc_tta-panel-body\">\n<div class=\"wpb_text_column wpb_content_element \">\n<div class=\"wpb_wrapper\">\n<p>D\u2019ici <strong>1 an<\/strong>\u00a0\u00a0: Les \u00e9tiquettes de produits cosm\u00e9tiques \u00e0 usage professionnel doivent inclure toutes les informations requises et mentionner que seuls les professionnels autoris\u00e9s peuvent utiliser le produit.<\/p>\n<p>D\u2019ici <strong>2\u00a0ans<\/strong>\u00a0\u00a0: Les \u00e9tiquettes doivent inclure les coordonn\u00e9es de la personne responsable pour le reporting des effets ind\u00e9sirables et doivent identifier les allerg\u00e8nes dans les ingr\u00e9dients parfumant d\u00e9termin\u00e9s par la FDA.<\/p>\n<\/div>\n<\/div>\n<\/div>\n[\/vc_column_text][\/vc_tta_section][\/vc_tta_accordion][\/vc_column][\/vc_row][\/vc_section]\n<\/div>","protected":false},"excerpt":{"rendered":"<p>[vc_section el_class=&#8221;banner-section&#8221;][vc_row full_width=&#8221;stretch_row&#8221; content_placement=&#8221;top&#8221; disable_element=&#8221;yes&#8221; css=&#8221;.vc_custom_1709062389910{padding-top: 40px !important;background-color: #f4f4f4 !important;}&#8221;][vc_column][vc_single_image image=&#8221;26285&#8243; img_size=&#8221;full&#8221; alignment=&#8221;center&#8221; onclick=&#8221;custom_link&#8221; link=&#8221;https:\/\/staging.registrarcorp.com\/fr\/services\/fda-registration\/cosmetics\/&#8221;][\/vc_column][\/vc_row][vc_row full_width=&#8221;stretch_row&#8221; css=&#8221;.vc_custom_1726758765454{padding-top: 70px !important;padding-bottom: 20px !important;background-color: #f4f4f4 !important;}&#8221; el_class=&#8221;topContainer row-wdith hero-section&#8221; el_id=&#8221;headerRow&#8221;][vc_column width=&#8221;1\/2&#8243;][vc_column_text fnt_family_h1=&#8221;Montserrat&#8221; fnt_size_h1=&#8221;46&#8243;] Pr\u00e9parez-vous d\u00e8s maintenant \u00e0 r\u00e9pondre aux nouvelles exigences de la FDA am\u00e9ricaine pour les entreprises de cosm\u00e9tiques. [\/vc_column_text][vc_column_text fnt_family=&#8221;Montserrat&#8221; fnt_size=&#8221;24&#8243;]Les \u00c9tats-Unis ont r\u00e9cemment promulgu\u00e9 la<\/p>\n","protected":false},"author":33,"featured_media":0,"parent":12853,"menu_order":0,"comment_status":"closed","ping_status":"closed","template":"page-templates\/page-sidebar-none.php","meta":{"_acf_changed":false,"content-type":"","footnotes":""},"class_list":["post-12713","page","type-page","status-publish","hentry"],"acf":[],"_links":{"self":[{"href":"https:\/\/staging.registrarcorp.com\/fr\/wp-json\/wp\/v2\/pages\/12713","targetHints":{"allow":["GET"]}}],"collection":[{"href":"https:\/\/staging.registrarcorp.com\/fr\/wp-json\/wp\/v2\/pages"}],"about":[{"href":"https:\/\/staging.registrarcorp.com\/fr\/wp-json\/wp\/v2\/types\/page"}],"author":[{"embeddable":true,"href":"https:\/\/staging.registrarcorp.com\/fr\/wp-json\/wp\/v2\/users\/33"}],"replies":[{"embeddable":true,"href":"https:\/\/staging.registrarcorp.com\/fr\/wp-json\/wp\/v2\/comments?post=12713"}],"version-history":[{"count":0,"href":"https:\/\/staging.registrarcorp.com\/fr\/wp-json\/wp\/v2\/pages\/12713\/revisions"}],"up":[{"embeddable":true,"href":"https:\/\/staging.registrarcorp.com\/fr\/wp-json\/wp\/v2\/pages\/12853"}],"wp:attachment":[{"href":"https:\/\/staging.registrarcorp.com\/fr\/wp-json\/wp\/v2\/media?parent=12713"}],"curies":[{"name":"wp","href":"https:\/\/api.w.org\/{rel}","templated":true}]}}