{"id":12537,"date":"2023-06-30T11:43:08","date_gmt":"2023-06-30T11:43:08","guid":{"rendered":"https:\/\/staging.registrarcorp.com\/food-safety-plans\/"},"modified":"2025-12-02T16:20:51","modified_gmt":"2025-12-02T16:20:51","slug":"food-safety-plans","status":"publish","type":"page","link":"https:\/\/staging.registrarcorp.com\/fr\/services\/food-safety\/food-safety-plans\/","title":{"rendered":"Plans de s\u00e9curit\u00e9 alimentaire (HACCP)"},"content":{"rendered":"<div class=\"wpb-content-wrapper\">[vc_row full_width=&#8221;stretch_row&#8221; css=&#8221;.vc_custom_1764688149021{background-color: #ffffff !important;}&#8221; el_class=&#8221;vertical-text-align headerTitle-top-padding hero-section&#8221; el_id=&#8221;hero-section&#8221;][vc_column width=&#8221;1\/2&#8243; el_class=&#8221;col-txt-center&#8221;][vc_column_text]\n<h1><strong><span style=\"color: #003873;\">Plans de s\u00e9curit\u00e9 alimentaire conformes<\/span> <span style=\"color: #0081ff;\">avec Registrar Corp.<\/span><\/strong><\/h1>\n[\/vc_column_text][vc_column_text fnt_family=&#8221;Montserrat&#8221; fnt_size=&#8221;24px&#8221;]Assurez le bon fonctionnement de votre entreprise et de votre cha\u00eene d\u2019approvisionnement en respectant les r\u00e9glementations de la loi sur la modernisation de la s\u00e9curit\u00e9 alimentaire (FSMA). Notre \u00e9quipe qualifi\u00e9e et nos d\u00e9cennies de connaissances dans le secteur de la r\u00e9glementation peuvent vous aider \u00e0 d\u00e9velopper un plan de s\u00e9curit\u00e9 alimentaire pour vos produits.[\/vc_column_text][vc_btn title=&#8221;Cr\u00e9ez votre plan de s\u00e9curit\u00e9 alimentaire&#8221; style=&#8221;flat&#8221; shape=&#8221;square&#8221; color=&#8221;blue&#8221; size=&#8221;lg&#8221; align=&#8221;left&#8221; i_align=&#8221;right&#8221; i_icon_fontawesome=&#8221;fas fa-arrow-right&#8221; css=&#8221;.vc_custom_1689374915778{padding-top: 20px !important;}&#8221; add_icon=&#8221;true&#8221; el_class=&#8221;primary-btn&#8221; link=&#8221;url:%23formSection|&#8221;][\/vc_column][vc_column width=&#8221;1\/2&#8243;][vc_single_image image=&#8221;6432&#8243; img_size=&#8221;552&#215;558&#8243; alignment=&#8221;right&#8221; css=&#8221;.vc_custom_1688127979411{padding-top: 85px !important;}&#8221;][\/vc_column][\/vc_row][vc_row full_width=&#8221;stretch_row&#8221; css=&#8221;.vc_custom_1688801112268{padding-top: 30px !important;padding-bottom: 50px !important;background-color: #eeefef !important;}&#8221;][vc_column width=&#8221;1\/3&#8243; css=&#8221;.vc_custom_1688131600743{margin-top: 25px !important;}&#8221;][vc_single_image image=&#8221;6448&#8243; img_size=&#8221;large&#8221;][\/vc_column][vc_column width=&#8221;2\/3&#8243; css=&#8221;.vc_custom_1688131811791{padding-left: 45px !important;}&#8221;][vc_column_text css=&#8221;.vc_custom_1701197050767{padding-top: 35px !important;}&#8221; fnt_family=&#8221;Montserrat&#8221; fnt_size=&#8221;38px&#8221;]<img decoding=\"async\" class=\"size-full wp-image-6582 alignleft\" style=\"margin-right: 5px; margin-top: 7px; margin-left: -55px;\" src=\"https:\/\/staging.registrarcorp.com\/wp-content\/uploads\/2023\/07\/import-export_Secured-1.png\" width=\"50\" height=\"50\" alt=\"\"><\/p>\n<p style=\"font-weight: bold;\">Plans de s\u00e9curit\u00e9 alimentaire<\/p>\n[\/vc_column_text][vc_column_text fnt_family=&#8221;Montserrat&#8221; fnt_size=&#8221;18px&#8221;]Les r\u00e8gles de contr\u00f4les pr\u00e9ventifs exigent des fabricants alimentaires qu\u2019ils identifient et minimisent les risques pour la s\u00e9curit\u00e9 alimentaire, mettent en \u0153uvre et surveillent les mesures de contr\u00f4le, m\u00e8nent des activit\u00e9s de v\u00e9rification et prennent des mesures correctives en cas d\u2019\u00e9carts ou de probl\u00e8mes. Un plan de s\u00e9curit\u00e9 alimentaire doit inclure un plan de rappel lorsque des dangers importants sont identifi\u00e9s.<\/p>\n<ul>\n<li>La Food and Drug Administration (FDA) des \u00c9tats-Unis exige que la plupart des \u00e9tablissements alimentaires enregistr\u00e9s cr\u00e9ent et mettent en \u0153uvre des plans de s\u00e9curit\u00e9 alimentaire<\/li>\n<li>Ces plans doivent respecter les exigences r\u00e9glementaires de la FDA en mati\u00e8re de contr\u00f4les pr\u00e9ventifs\u00a0:\n<ul>\n<li>D\u2019autres syst\u00e8mes de s\u00e9curit\u00e9 alimentaire, tels que les plans d\u2019analyse des dangers et de points de contr\u00f4le critiques (HACCP) peuvent ne pas satisfaire aux exigences des contr\u00f4les pr\u00e9ventifs<\/li>\n<\/ul>\n<\/li>\n<li>Les plans de s\u00e9curit\u00e9 alimentaire doivent \u00eatre r\u00e9dig\u00e9s, mis en \u0153uvre et supervis\u00e9s par une personne qualifi\u00e9e pour les contr\u00f4les pr\u00e9ventifs (PCQI)<\/li>\n<li>Certains aliments transform\u00e9s pour la consommation am\u00e9ricaine sans plan de s\u00e9curit\u00e9 alimentaire peuvent \u00eatre consid\u00e9r\u00e9s comme non conformes<\/li>\n<\/ul>\n[\/vc_column_text][\/vc_column][\/vc_row][vc_row full_width=&#8221;stretch_row&#8221; css=&#8221;.vc_custom_1688376235219{background-color: #ffffff !important;}&#8221;][vc_column][vc_column_text fnt_family=&#8221;Montserrat&#8221; fnt_size=&#8221;36px&#8221;]<img decoding=\"async\" class=\"size-full wp-image-6461 alignleft\" style=\"margin-right: 10px;\" src=\"https:\/\/staging.registrarcorp.com\/wp-content\/uploads\/2023\/07\/food_bev_food.png\" alt=\"\" width=\"50\" height=\"50\" srcset=\"https:\/\/staging.registrarcorp.com\/wp-content\/uploads\/2023\/07\/food_bev_food.png 50w, https:\/\/staging.registrarcorp.com\/wp-content\/uploads\/2023\/07\/food_bev_food-150x150.png 150w, https:\/\/staging.registrarcorp.com\/wp-content\/uploads\/2023\/07\/food_bev_food-600x600.png 600w\" sizes=\"(max-width: 50px) 100vw, 50px\" \/><\/p>\n<p style=\"font-weight: bold;\">Composants du plan de s\u00e9curit\u00e9 alimentaire<\/p>\n[\/vc_column_text][\/vc_column][\/vc_row][vc_row full_width=&#8221;stretch_row&#8221; css=&#8221;.vc_custom_1688376377826{background-color: #ffffff !important;}&#8221;][vc_column width=&#8221;1\/2&#8243; css=&#8221;.vc_custom_1688376432326{padding-top: 0px !important;}&#8221;][vc_column_text]<img decoding=\"async\" class=\"alignleft wp-image-6525\" style=\"margin: -4px 10px;\" src=\"https:\/\/staging.registrarcorp.com\/wp-content\/uploads\/2023\/07\/food-safety-plans-1.png\" alt=\"\" width=\"30\" height=\"30\" srcset=\"https:\/\/staging.registrarcorp.com\/wp-content\/uploads\/2023\/07\/food-safety-plans-1.png 60w, https:\/\/staging.registrarcorp.com\/wp-content\/uploads\/2023\/07\/food-safety-plans-1-150x150.png 150w, https:\/\/staging.registrarcorp.com\/wp-content\/uploads\/2023\/07\/food-safety-plans-1-600x600.png 600w\" sizes=\"(max-width: 30px) 100vw, 30px\" \/><\/p>\n<p style=\"font-weight: bold;\">Analyse de risques<\/p>\n<ul class=\"safety-ul\">\n<li>Processus de collecte et d\u2019\u00e9valuation des informations sur les risques et leurs conditions afin de d\u00e9cider comment ils peuvent \u00eatre trait\u00e9s par le biais de contr\u00f4les pr\u00e9ventifs.<\/li>\n<li>Les \u00e9tablissements doivent \u00e9galement tenir compte des dangers qui peuvent \u00eatre intentionnellement introduits pour le gain \u00e9conomique.<\/li>\n<\/ul>\n[\/vc_column_text][\/vc_column][vc_column width=&#8221;1\/2&#8243; css=&#8221;.vc_custom_1688376438008{padding-top: 0px !important;}&#8221;][vc_column_text]<img decoding=\"async\" class=\"alignleft wp-image-6525\" style=\"margin: -4px 10px;\" src=\"https:\/\/staging.registrarcorp.com\/wp-content\/uploads\/2023\/07\/food-safety-plans-2.png\" alt=\"\" width=\"30\" height=\"30\"><\/p>\n<p style=\"font-weight: bold;\">Contr\u00f4les pr\u00e9ventifs<\/p>\n<ul class=\"safety-ul\">\n<li>Proc\u00e9dures bas\u00e9es sur les risques, les pratiques et les processus que toute personne qualifi\u00e9e pour fabriquer, traiter, emballer ou conserver des produits alimentaires en toute s\u00e9curit\u00e9, emploierait afin de minimiser ou pr\u00e9venir les dangers potentiels identifi\u00e9s sur la base d\u2019une analyse de risques \u00e0 jour.<\/li>\n<\/ul>\n[\/vc_column_text][\/vc_column][\/vc_row][vc_row full_width=&#8221;stretch_row&#8221; css=&#8221;.vc_custom_1688376377826{background-color: #ffffff !important;}&#8221;][vc_column width=&#8221;1\/2&#8243;][vc_column_text]<img decoding=\"async\" class=\"alignleft wp-image-6525\" style=\"margin: -4px 10px;\" src=\"https:\/\/staging.registrarcorp.com\/wp-content\/uploads\/2023\/07\/food-safety-plans-3.png\" alt=\"\" width=\"30\" height=\"30\"><\/p>\n<p style=\"font-weight: bold;\">Programme de Supply Chain<\/p>\n<ul class=\"safety-ul\">\n<li>Proc\u00e9dures d\u2019\u00e9valuation des fournisseurs, d\u2019utilisation des fournisseurs approuv\u00e9s, et de d\u00e9termination et r\u00e9alisation de la v\u00e9rification des fournisseurs. Les programmes de la cha\u00eene d\u2019approvisionnement sont requis lorsqu\u2019il existe des risques importants contr\u00f4l\u00e9s par les fournisseurs avant que les produits n\u2019arrivent sur le site d\u2019un fabricant ou d\u2019un transformateur.<\/li>\n<li>Les fabricants n\u2019ont pas besoin d\u2019un programme de cha\u00eene d\u2019approvisionnement pour les risques qu\u2019ils contr\u00f4lent sur leur site, m\u00eame si le fournisseur a appliqu\u00e9 un contr\u00f4le.<\/li>\n<\/ul>\n[\/vc_column_text][\/vc_column][vc_column width=&#8221;1\/2&#8243;][vc_column_text]<img decoding=\"async\" class=\"alignleft wp-image-6525\" style=\"margin: -4px 10px;\" src=\"https:\/\/staging.registrarcorp.com\/wp-content\/uploads\/2023\/07\/food-safety-plans-4.png\" alt=\"\" width=\"30\" height=\"30\"><\/p>\n<p style=\"font-weight: bold;\">Plan de rappel<\/p>\n<ul class=\"safety-ul\">\n<li>Plan \u00e9tablissant des proc\u00e9dures pour informer les parties appropri\u00e9es d\u2019un rappel, effectuer des contr\u00f4les efficaces pour v\u00e9rifier la mise en \u0153uvre du rappel et \u00e9liminer les produits rappel\u00e9s.<\/li>\n<li>Une entreprise doit d\u00e9velopper un plan de rappel si elle identifie un danger n\u00e9cessitant un contr\u00f4le pr\u00e9ventif.<\/li>\n<\/ul>\n[\/vc_column_text][\/vc_column][\/vc_row][vc_row full_width=&#8221;stretch_row&#8221; css=&#8221;.vc_custom_1688376377826{background-color: #ffffff !important;}&#8221;][vc_column width=&#8221;1\/2&#8243;][vc_column_text]<img decoding=\"async\" class=\"alignleft wp-image-6525\" style=\"margin: -4px 10px;\" src=\"https:\/\/staging.registrarcorp.com\/wp-content\/uploads\/2023\/07\/food-safety-plans-5.png\" alt=\"\" width=\"30\" height=\"30\"><\/p>\n<p style=\"font-weight: bold;\">Surveillance<\/p>\n<ul class=\"safety-ul\">\n<li>Proc\u00e9dures \u00e9crites permettant d\u2019effectuer des v\u00e9rifications \u00e0 chaque \u00e9tape de contr\u00f4le pr\u00e9ventif afin de s\u2019assurer que les param\u00e8tres ou les limites \u00e9tablis pour r\u00e9duire, minimiser ou \u00e9liminer un danger significatif ont \u00e9t\u00e9 atteints.<\/li>\n<\/ul>\n[\/vc_column_text][\/vc_column][vc_column width=&#8221;1\/2&#8243;][vc_column_text]<img decoding=\"async\" class=\"alignleft wp-image-6525\" style=\"margin: -4px 10px;\" src=\"https:\/\/staging.registrarcorp.com\/wp-content\/uploads\/2023\/07\/food-safety-plans-6.png\" alt=\"\" width=\"30\" height=\"30\"><\/p>\n<p style=\"font-weight: bold;\">Action corrective<\/p>\n<ul class=\"safety-ul\">\n<li>Proc\u00e9dures \u00e9crites pour les mesures que les personnes responsables doivent prendre lorsqu\u2019un param\u00e8tre ou une limite de contr\u00f4le pr\u00e9ventif n\u2019a pas \u00e9t\u00e9 atteint ou qu\u2019un probl\u00e8me de s\u00e9curit\u00e9 alimentaire est d\u00e9couvert.<\/li>\n<\/ul>\n[\/vc_column_text][\/vc_column][\/vc_row][vc_row full_width=&#8221;stretch_row&#8221; css=&#8221;.vc_custom_1688376377826{background-color: #ffffff !important;}&#8221;][vc_column width=&#8221;1\/2&#8243;][vc_column_text]<img decoding=\"async\" class=\"alignleft wp-image-6525\" style=\"margin: -4px 10px;\" src=\"https:\/\/staging.registrarcorp.com\/wp-content\/uploads\/2023\/07\/food-safety-plans-7.png\" alt=\"\" width=\"30\" height=\"30\"><\/p>\n<p style=\"font-weight: bold;\">V\u00e9rification<\/p>\n<ul class=\"safety-ul\">\n<li>Proc\u00e9dures et activit\u00e9s \u00e9crites pour v\u00e9rifier que les mesures de contr\u00f4le appliqu\u00e9es contr\u00f4lent efficacement les dangers dans les aliments.<\/li>\n<li>La v\u00e9rification la plus courante est l\u2019\u00e9chantillonnage et le test des aliments.<\/li>\n<\/ul>\n[\/vc_column_text][\/vc_column][vc_column width=&#8221;1\/2&#8243;][vc_column_text]<img decoding=\"async\" class=\"alignleft wp-image-6525\" style=\"margin: -4px 10px;\" src=\"https:\/\/staging.registrarcorp.com\/wp-content\/uploads\/2023\/07\/food-safety-plans-8.png\" alt=\"\" width=\"30\" height=\"30\"><\/p>\n<p style=\"font-weight: bold;\">Validation<\/p>\n<ul class=\"safety-ul\">\n<li>Obtenir et \u00e9valuer des preuves que la ou les mesure(s) de contr\u00f4le ou l\u2019ensemble du plan de s\u00e9curit\u00e9 alimentaire peuvent contr\u00f4ler efficacement les dangers identifi\u00e9s.<\/li>\n<li>La validation n\u2019est pas requise pour tous les contr\u00f4les pr\u00e9ventifs (par ex., contr\u00f4les sanitaires).<\/li>\n<\/ul>\n[\/vc_column_text][\/vc_column][\/vc_row][vc_row full_width=&#8221;stretch_row&#8221; css=&#8221;.vc_custom_1688376377826{background-color: #ffffff !important;}&#8221;][vc_column width=&#8221;1\/2&#8243;][vc_column_text]<img decoding=\"async\" class=\"alignleft wp-image-6525\" style=\"margin: -4px 10px;\" src=\"https:\/\/staging.registrarcorp.com\/wp-content\/uploads\/2023\/07\/food-safety-plans-9.png\" alt=\"\" width=\"30\" height=\"30\"><\/p>\n<p style=\"font-weight: bold;\">L\u2019archivage des donn\u00e9es<\/p>\n<ul class=\"safety-ul\">\n<li>Le propri\u00e9taire, l\u2019op\u00e9rateur ou l\u2019agent responsable doit approuver (signer et dater) le plan de s\u00e9curit\u00e9 alimentaire une fois termin\u00e9 ou en cas de modification.<\/li>\n<li>La documentation et tous les dossiers associ\u00e9s aux composants du plan de s\u00e9curit\u00e9 alimentaire doivent \u00eatre conserv\u00e9s.<\/li>\n<li>La FDA exige que tous les dossiers connexes soient conserv\u00e9s pendant au moins deux ans.<\/li>\n<\/ul>\n[\/vc_column_text][\/vc_column][vc_column width=&#8221;1\/2&#8243;][\/vc_column][\/vc_row][vc_row full_width=&#8221;stretch_row&#8221; css=&#8221;.vc_custom_1688377561744{padding-bottom: 50px !important;background-color: #ffffff !important;}&#8221;][vc_column width=&#8221;1\/4&#8243;][\/vc_column][vc_column width=&#8221;1\/2&#8243;][vc_column_text fnt_family=&#8221;Montserrat&#8221; fnt_size=&#8221;18px&#8221;]\n<p style=\"text-align: center;\">Il peut \u00eatre difficile de se conformer aux normes de s\u00e9curit\u00e9 alimentaire de la FDA, mais Registrar Corp est l\u00e0 pour vous aider. Notre \u00e9quipe de PCQI de s\u00e9curit\u00e9 alimentaire travaille avec vous pour d\u00e9velopper des plans complets de s\u00e9curit\u00e9 alimentaire qui r\u00e9pondent aux r\u00e9glementations actuelles de la FDA et vous aident \u00e0 atteindre la conformit\u00e9.<\/p>\n[\/vc_column_text][vc_btn title=&#8221;Commencer&#8221; style=&#8221;flat&#8221; shape=&#8221;square&#8221; color=&#8221;blue&#8221; size=&#8221;lg&#8221; align=&#8221;center&#8221; i_align=&#8221;right&#8221; i_icon_fontawesome=&#8221;fas fa-arrow-right&#8221; css=&#8221;.vc_custom_1689374899490{padding-top: 20px !important;}&#8221; add_icon=&#8221;true&#8221; el_class=&#8221;primary-btn&#8221; link=&#8221;url:%23formSection|&#8221;][\/vc_column][vc_column width=&#8221;1\/4&#8243;][\/vc_column][\/vc_row][vc_row full_width=&#8221;stretch_row&#8221; css=&#8221;.vc_custom_1688130913150{padding-top: 50px !important;padding-bottom: 50px !important;background-color: #003873 !important;}&#8221;][vc_column width=&#8221;1\/3&#8243;][vc_single_image image=&#8221;6440&#8243; img_size=&#8221;464&#215;502&#8243; alignment=&#8221;center&#8221; css=&#8221;.vc_custom_1688130687072{margin-top: 12px !important;}&#8221;][\/vc_column][vc_column width=&#8221;2\/3&#8243; css=&#8221;.vc_custom_1688131051343{padding-left: 45px !important;}&#8221;][vc_custom_heading text=&#8221;Nous facilitons la conformit\u00e9 en mati\u00e8re de s\u00e9curit\u00e9 alimentaire.&#8221; font_container=&#8221;tag:h2|font_size:38px|text_align:left|color:%23ffffff&#8221; google_fonts=&#8221;font_family:Montserrat%3Aregular%2C700|font_style:700%20bold%20regular%3A700%3Anormal&#8221;][vc_column_text fnt_family=&#8221;Montserrat&#8221; fnt_size=&#8221;24px&#8221;]\n<p style=\"color: #ffffff;\">Nos services de plan de s\u00e9curit\u00e9 alimentaire comprennent\u00a0:<\/p>\n<ul class=\"blue-bg\">\n<li>Un examen de votre\/vos plan(s) de s\u00e9curit\u00e9 alimentaire ou plan(s) HACCP actuels<\/li>\n<li>Un plan de s\u00e9curit\u00e9 alimentaire pour le ou les produit(s) \u00e9tablis<\/li>\n<li>Une assistance individuelle d\u2019un expert qualifi\u00e9 en s\u00e9curit\u00e9 alimentaire qui vous a \u00e9t\u00e9 assign\u00e9<\/li>\n<li>Une 2e p\u00e9riode de r\u00e9vision de 30 jours pour poser des questions et effectuer un examen suppl\u00e9mentaire du plan r\u00e9dig\u00e9 pour int\u00e9grer les corrections ou les modifications<\/li>\n<\/ul>\n[\/vc_column_text][vc_btn title=&#8221;Obtenez votre plan de s\u00e9curit\u00e9 alimentaire&#8221; style=&#8221;flat&#8221; shape=&#8221;square&#8221; color=&#8221;blue&#8221; size=&#8221;lg&#8221; align=&#8221;left&#8221; i_align=&#8221;right&#8221; i_icon_fontawesome=&#8221;fas fa-arrow-right&#8221; add_icon=&#8221;true&#8221; el_class=&#8221;primary-btn-white&#8221; link=&#8221;url:%23formSection|&#8221;][\/vc_column][\/vc_row][vc_section el_id=&#8221;formSection&#8221; css=&#8221;.vc_custom_1727968754506{padding-top: 60px !important;}&#8221; el_class=&#8221;faq-accordion-section&#8221;][vc_row full_width=&#8221;stretch_row&#8221; css=&#8221;.vc_custom_1704458393944{padding-bottom: 50px !important;background-color: #eceff1 !important;}&#8221;][vc_column][vc_row_inner][vc_column_inner width=&#8221;1\/2&#8243;][vc_custom_heading text=&#8221;Registrar Corp aide les professionnels de la s\u00e9curit\u00e9 alimentaire rapidement et efficacement \u00e0 se conformer \u00e0 la FDA.&#8221; font_container=&#8221;tag:h2|font_size:56px|text_align:left|color:%23003873|line_height:66px&#8221; google_fonts=&#8221;font_family:Montserrat%3Aregular%2C700|font_style:700%20bold%20regular%3A700%3Anormal&#8221;][vc_column_text fnt_family=&#8221;Montserrat&#8221; fnt_size=&#8221;24px&#8221;][\/vc_column_text][\/vc_column_inner][vc_column_inner width=&#8221;1\/2&#8243;][vc_raw_html]W2dyYXZpdHlmb3JtIGlkPSI4MyIgdGl0bGU9ImZhdXgiIGRlc2NyaXB0aW9uPSJmYWxzZSJd[\/vc_raw_html][\/vc_column_inner][\/vc_row_inner][vc_single_image image=&#8221;3261&#8243; img_size=&#8221;medium&#8221; alignment=&#8221;right&#8221; css=&#8221;.vc_custom_1700033108457{margin-bottom: -105px !important;}&#8221; el_class=&#8221;hide-row&#8221;][vc_custom_heading text=&#8221;Foire Aux Questions&#8221; font_container=&#8221;tag:h2|font_size:38px|text_align:left|color:%23003873&#8243; google_fonts=&#8221;font_family:Montserrat%3Aregular%2C700|font_style:700%20bold%20regular%3A700%3Anormal&#8221; css=&#8221;.vc_custom_1700033141188{border-bottom-width: 0.5px !important;padding-top: 50px !important;padding-bottom: 20px !important;border-bottom-color: #000000 !important;border-bottom-style: solid !important;}&#8221;][vc_tta_accordion style=&#8221;flat&#8221; shape=&#8221;square&#8221; c_icon=&#8221;chevron&#8221; active_section=&#8221;1&#8243; no_fill=&#8221;true&#8221; collapsible_all=&#8221;true&#8221;][vc_tta_section title=&#8221;Quelle est la diff\u00e9rence entre les plans de s\u00e9curit\u00e9 alimentaire et les plans HACCP\u00a0?&#8221; tab_id=&#8221;faq1&#8243; el_class=&#8221;prior-faq-sec&#8221;][vc_column_text]Outre les dangers biologiques, chimiques et physiques souvent identifi\u00e9s dans les plans HACCP, les plans de s\u00e9curit\u00e9 alimentaire doivent \u00e9galement prendre en compte\u00a0:<\/p>\n<ul>\n<li>Dangers radiologiques<\/li>\n<li>Allerg\u00e8nes<\/li>\n<li>Dangers n\u00e9cessitant des contr\u00f4les de la cha\u00eene d\u2019approvisionnement<\/li>\n<li>Dangers introduits \u00e0 des fins \u00e9conomiques<\/li>\n<\/ul>\n<p>Bien que les plans HACCP puissent appliquer des contr\u00f4les de processus aux points de contr\u00f4le critiques, un plan de s\u00e9curit\u00e9 alimentaire peut \u00e9galement s\u2019appliquer\u00a0:<\/p>\n<ul>\n<li>Des contr\u00f4les sur les allerg\u00e8nes<\/li>\n<li>Des contr\u00f4les sur l\u2019hygi\u00e8ne<\/li>\n<li>Des contr\u00f4les de la cha\u00eene d\u2019approvisionnement<\/li>\n<li>D\u2019autres contr\u00f4les pr\u00e9ventifs<\/li>\n<\/ul>\n<p>Un plan de s\u00e9curit\u00e9 alimentaire tel que requis par la r\u00e8gle de contr\u00f4le pr\u00e9ventif introduit \u00e9galement des composants non trait\u00e9s par l\u2019HACCP. Dans leurs plans de s\u00e9curit\u00e9 alimentaire, la plupart des installations doivent \u00e9tablir\u00a0:<\/p>\n<ul>\n<li>Un plan de rappel<\/li>\n<li>Un programme de cha\u00eene d\u2019approvisionnement<\/li>\n<\/ul>\n[\/vc_column_text][\/vc_tta_section][\/vc_tta_accordion][\/vc_column][\/vc_row][\/vc_section]\n<\/div>","protected":false},"excerpt":{"rendered":"<p>[vc_row full_width=&#8221;stretch_row&#8221; css=&#8221;.vc_custom_1764688149021{background-color: #ffffff !important;}&#8221; el_class=&#8221;vertical-text-align headerTitle-top-padding hero-section&#8221; el_id=&#8221;hero-section&#8221;][vc_column width=&#8221;1\/2&#8243; el_class=&#8221;col-txt-center&#8221;][vc_column_text] Plans de s\u00e9curit\u00e9 alimentaire conformes avec Registrar Corp. [\/vc_column_text][vc_column_text fnt_family=&#8221;Montserrat&#8221; fnt_size=&#8221;24px&#8221;]Assurez le bon fonctionnement de votre entreprise et de votre cha\u00eene d\u2019approvisionnement en respectant les r\u00e9glementations de la loi sur la modernisation de la s\u00e9curit\u00e9 alimentaire (FSMA). Notre \u00e9quipe qualifi\u00e9e et nos d\u00e9cennies de<\/p>\n","protected":false},"author":33,"featured_media":0,"parent":13757,"menu_order":0,"comment_status":"closed","ping_status":"closed","template":"page-templates\/page-sidebar-none.php","meta":{"_acf_changed":false,"content-type":"","footnotes":""},"class_list":["post-12537","page","type-page","status-publish","hentry"],"acf":[],"_links":{"self":[{"href":"https:\/\/staging.registrarcorp.com\/fr\/wp-json\/wp\/v2\/pages\/12537","targetHints":{"allow":["GET"]}}],"collection":[{"href":"https:\/\/staging.registrarcorp.com\/fr\/wp-json\/wp\/v2\/pages"}],"about":[{"href":"https:\/\/staging.registrarcorp.com\/fr\/wp-json\/wp\/v2\/types\/page"}],"author":[{"embeddable":true,"href":"https:\/\/staging.registrarcorp.com\/fr\/wp-json\/wp\/v2\/users\/33"}],"replies":[{"embeddable":true,"href":"https:\/\/staging.registrarcorp.com\/fr\/wp-json\/wp\/v2\/comments?post=12537"}],"version-history":[{"count":0,"href":"https:\/\/staging.registrarcorp.com\/fr\/wp-json\/wp\/v2\/pages\/12537\/revisions"}],"up":[{"embeddable":true,"href":"https:\/\/staging.registrarcorp.com\/fr\/wp-json\/wp\/v2\/pages\/13757"}],"wp:attachment":[{"href":"https:\/\/staging.registrarcorp.com\/fr\/wp-json\/wp\/v2\/media?parent=12537"}],"curies":[{"name":"wp","href":"https:\/\/api.w.org\/{rel}","templated":true}]}}