{"id":12221,"date":"2023-07-06T07:20:12","date_gmt":"2023-07-06T07:20:12","guid":{"rendered":"https:\/\/staging.registrarcorp.com\/california\/"},"modified":"2025-06-05T20:22:58","modified_gmt":"2025-06-05T20:22:58","slug":"california","status":"publish","type":"page","link":"https:\/\/staging.registrarcorp.com\/fr\/services\/label-ingredients-review\/california\/","title":{"rendered":"Californie"},"content":{"rendered":"<div class=\"wpb-content-wrapper\">[vc_section full_width=&#8221;stretch_row&#8221; el_class=&#8221;banner-section&#8221; css=&#8221;.vc_custom_1688716788560{padding-top: 60px !important;padding-bottom: 40px !important;background-color: #ffffff !important;}&#8221;][vc_row full_width=&#8221;stretch_row&#8221; css=&#8221;.vc_custom_1726759168120{background-color: #ffffff !important;}&#8221; el_class=&#8221;topContainer row-wdith hero-section&#8221; el_id=&#8221;headerRow&#8221;][vc_column width=&#8221;1\/2&#8243; css=&#8221;.vc_custom_1688728430635{margin-top: 40px !important;}&#8221;][vc_column_text css=&#8221;&#8221; fnt_family=&#8221;Montserrat&#8221; fnt_size=&#8221;46px&#8221; fnt_family_h1=&#8221;Montserrat&#8221; fnt_size_h1=&#8221;46&#8243;]\n<h1 style=\"font-weight: bold;\"><strong><span style=\"color: #003873;\">Conformit\u00e9 avec<\/span><\/strong><strong><span style=\"color: #0081ff;\"> California Safe Cosmetics Act (SB 484)<\/span><\/strong><\/h1>\n[\/vc_column_text][vc_column_text fnt_family=&#8221;Montserrat&#8221; fnt_size=&#8221;18px&#8221;]Avec plus de 900\u00a0ingr\u00e9dients consid\u00e9r\u00e9s par la <a href=\"https:\/\/www.cdph.ca.gov\/Programs\/CCDPHP\/DEODC\/OHB\/CSCP\/Pages\/CSCP.aspx\" target=\"_blank\" rel=\"noopener\">California Safe Cosmetics Act<\/a> de 2005\u00a0comme \u00e9tant connus pour ou suspect\u00e9s de causer des dommages aux consommateurs, vendre des produits cosm\u00e9tiques dans l\u2019\u00e9tat le plus peupl\u00e9 et le plus soucieux de la sant\u00e9 est plus difficile que jamais.<\/p>\n<p>Ne laissez pas votre entreprise souffrir d\u2019obligations de reporting compliqu\u00e9 qui vous obligent \u00e0 rechercher la liste exhaustive des ingr\u00e9dients SB 484\u00a0pour rester en conformit\u00e9.<\/p>\n<p>Concentrez votre temps et vos ressources sur le d\u00e9veloppement de nouveaux produits pour les consommateurs am\u00e9ricains et exploitez les services d\u2019experts de Registrar Corp en mati\u00e8re d\u2019analyse et de reporting des ingr\u00e9dients pour simplifier ce processus.<\/p>\n<p>Notre \u00e9quipe de sp\u00e9cialistes r\u00e8glementaires d\u00e9terminera quels sont les ingr\u00e9dients dans vos produits qui figurent sur la liste californienne et les signalera en votre nom.[\/vc_column_text][vc_btn title=&#8221;V\u00e9rifier mes ingr\u00e9dients&#8221; color=&#8221;sky&#8221; i_align=&#8221;right&#8221; i_icon_fontawesome=&#8221;fas fa-arrow-right&#8221; add_icon=&#8221;true&#8221; el_class=&#8221;primary-btn&#8221; link=&#8221;url:%23formSection|&#8221;][\/vc_column][vc_column width=&#8221;1\/2&#8243; el_class=&#8221;container-right&#8221;][vc_single_image image=&#8221;6968&#8243; img_size=&#8221;588&#215;605&#8243; alignment=&#8221;right&#8221;][\/vc_column][\/vc_row][\/vc_section][vc_section][vc_row full_width=&#8221;stretch_row&#8221; css=&#8221;.vc_custom_1688716915841{padding-top: 30px !important;padding-bottom: 30px !important;background-color: #eeefef !important;}&#8221;][vc_column width=&#8221;1\/2&#8243;][vc_single_image image=&#8221;6976&#8243; img_size=&#8221;480&#215;441&#8243;][\/vc_column][vc_column width=&#8221;1\/2&#8243;][vc_custom_heading text=&#8221;Qu\u2019est-ce que la California Safe Cosmetics Act\u00a0\u00a0?&#8221; font_container=&#8221;tag:h2|font_size:40px|text_align:left|color:%23003873|line_height:50px&#8221; google_fonts=&#8221;font_family:Montserrat%3Aregular%2C700|font_style:700%20bold%20regular%3A700%3Anormal&#8221;][vc_column_text fnt_family=&#8221;Montserrat&#8221; fnt_size=&#8221;18px&#8221;]De nombreux cosm\u00e9tiques contiennent des produits chimiques connus ou suspect\u00e9s d\u2019augmenter les troubles de la reproduction, les malformations cong\u00e9nitales et d\u2019entra\u00eener diverses formes de cancer et d\u2019autres \u00e9v\u00e9nements ind\u00e9sirables pour la sant\u00e9. La California Safe Cosmetics Act (Senate Bill 484) a \u00e9t\u00e9 \u00e9tablie pour recueillir des informations sur ces produits. Cette loi exige que les informations soient partag\u00e9es avec le public et aide \u00e0 prot\u00e9ger les personnes expos\u00e9es \u00e0 un risque plus \u00e9lev\u00e9 de par leur profession.<\/p>\n<p>La loi y parvient en promulguant les mandats suivants pour les fabricants de cosm\u00e9tiques qui vendent leurs produits dans l\u2019\u00c9tat de Californie\u00a0\u00a0:<\/p>\n<ul>\n<li>Ils doivent divulguer \u00e0 l\u2019\u00c9tat tous les ingr\u00e9dients qui sont identifi\u00e9s sur les listes chimiques \u00e9tatiques ou f\u00e9d\u00e9rales et qui sont signal\u00e9s comme causant un cancer ou des malformations cong\u00e9nitales<\/li>\n<li>L\u2019\u00e9tiquetage doit inclure tous les ingr\u00e9dients figurant sur les listes ci-dessus<\/li>\n<li>Les signalements de ces ingr\u00e9dients cosm\u00e9tiques dangereux doivent \u00eatre soumis au D\u00e9partement des services de sant\u00e9 de Californie (DHS)<\/li>\n<\/ul>\n[\/vc_column_text][\/vc_column][\/vc_row][\/vc_section][vc_section][vc_row full_width=&#8221;stretch_row&#8221; css=&#8221;.vc_custom_1688716931274{padding-top: 30px !important;padding-bottom: 30px !important;background-color: #ffffff !important;}&#8221;][vc_column width=&#8221;1\/2&#8243;][vc_custom_heading text=&#8221;Quels sont les ingr\u00e9dients inclus dans le California SB 484\u00a0?&#8221; font_container=&#8221;tag:h2|font_size:40px|text_align:left|color:%23003873|line_height:50px&#8221; google_fonts=&#8221;font_family:Montserrat%3Aregular%2C700|font_style:700%20bold%20regular%3A700%3Anormal&#8221;][vc_column_text fnt_family=&#8221;Montserrat&#8221; fnt_size=&#8221;18px&#8221;]<span style=\"color: #003873;\">La California Safe Cosmetics Act a d\u00e9taill\u00e9e une liste exhaustive de plus de 900\u00a0ingr\u00e9dients nocifs. Voici une liste des ingr\u00e9dients les plus courants devant \u00eatre signal\u00e9s\u00a0:<\/span><\/p>\n<ul>\n<li><span style=\"color: #003873;\">Anisole hydroxyl\u00e9e butyl\u00e9e (BHA)<\/span><\/li>\n<li><span style=\"color: #003873;\">Black 2 ou Carbon Black<\/span><\/li>\n<li><span style=\"color: #003873;\">Cocamide DEA<\/span><\/li>\n<li><span style=\"color: #003873;\">Dioxyde de titane (en suspension dans l\u2019air)<\/span><\/li>\n<li><span style=\"color: #003873;\">R\u00e9tinol et esters de r\u00e9tinyle (comme l\u2019ac\u00e9tate et le palmitate)<\/span><\/li>\n<li><span style=\"color: #003873;\">Talc (en suspension dans l\u2019air, comme dans les poudres corporelles)<\/span><\/li>\n<\/ul>\n[\/vc_column_text][\/vc_column][vc_column width=&#8221;1\/2&#8243;][vc_single_image image=&#8221;6992&#8243; img_size=&#8221;512&#215;402&#8243; alignment=&#8221;right&#8221;][\/vc_column][\/vc_row][\/vc_section][vc_section][vc_row content_placement=&#8221;middle&#8221; css=&#8221;.vc_custom_1688729760545{padding-top: 40px !important;padding-bottom: 20px !important;background-color: #eeefef !important;}&#8221; el_class=&#8221;max-width-800&#8243;][vc_column][vc_single_image image=&#8221;7000&#8243; img_size=&#8221;66&#215;66&#8243; alignment=&#8221;center&#8221;][vc_column_text fnt_family=&#8221;Montserrat&#8221; fnt_family_h2=&#8221;Montserrat&#8221; fnt_size_h2=&#8221;32px&#8221;]\n<h2 style=\"text-align: center;\"><span style=\"color: #003873;\"><strong>La liste compl\u00e8te SB 484 des  ingr\u00e9dients \u00e0 signaler<\/strong><\/span><\/h2>\n[\/vc_column_text][vc_column_text]\n<p style=\"text-align: center;\">La liste la plus r\u00e9cente provient du California Safe Cosmetics Program. Vous trouverez une liste compl\u00e8te des <a href=\"https:\/\/cscpsubmit.cdph.ca.gov\/submission\/assets\/files\/Reportable_Ingredients_List.xlsx\" target=\"_blank\" rel=\"noopener\"> ingr\u00e9dients cosm\u00e9tiques \u00e0 d\u00e9clarer <\/a>sous la CSCA &amp; CFFRIKA \u00e0 partir de la mise \u00e0 jour de juin 2023.<\/p>\n[\/vc_column_text][\/vc_column][\/vc_row][\/vc_section][vc_section][vc_row full_width=&#8221;stretch_row&#8221; css=&#8221;.vc_custom_1689375475989{padding-top: 40px !important;padding-bottom: 40px !important;background-color: #cde8fa !important;}&#8221; el_id=&#8221;formSection&#8221;][vc_column width=&#8221;1\/2&#8243;][vc_custom_heading text=&#8221;L\u2019avantage de Registrar Corp&#8221; font_container=&#8221;tag:h2|font_size:56px|text_align:left|color:%23003873|line_height:66px&#8221; google_fonts=&#8221;font_family:Montserrat%3Aregular%2C700|font_style:700%20bold%20regular%3A700%3Anormal&#8221;][vc_column_text fnt_family=&#8221;Montserrat&#8221;]En tant que leader mondial de la r\u00e9glementation am\u00e9ricaine sur les cosm\u00e9tiques, les services d\u2019experts de Registrar Corp en mati\u00e8re d\u2019analyse et de reporting des ingr\u00e9dients vous lib\u00e8rent des t\u00e2ches fastidieuses de conformit\u00e9. Nous vous aidons \u00e0 vous concentrer sur les initiatives qui comptent le plus pour votre entreprise\u00a0: cr\u00e9er des produits de qualit\u00e9 que les consommateurs vont adorer.<\/p>\n<p>Il vous suffit de remplir ce formulaire et vous aurez l\u2019esprit tranquille en sachant que vos \u00e9tiquettes et rapports sont conformes aux normes actuelles de la California Safe Cosmetics Act.[\/vc_column_text][\/vc_column][vc_column width=&#8221;1\/2&#8243;][vc_raw_html]W2dyYXZpdHlmb3JtIGlkPSI2MCIgdGl0bGU9ImZhdXgiIGRlc2NyaXB0aW9uPSJmYWxzZSJd[\/vc_raw_html][\/vc_column][\/vc_row][\/vc_section]\n<\/div>","protected":false},"excerpt":{"rendered":"<p>[vc_section full_width=&#8221;stretch_row&#8221; el_class=&#8221;banner-section&#8221; css=&#8221;.vc_custom_1688716788560{padding-top: 60px !important;padding-bottom: 40px !important;background-color: #ffffff !important;}&#8221;][vc_row full_width=&#8221;stretch_row&#8221; css=&#8221;.vc_custom_1726759168120{background-color: #ffffff !important;}&#8221; el_class=&#8221;topContainer row-wdith hero-section&#8221; el_id=&#8221;headerRow&#8221;][vc_column width=&#8221;1\/2&#8243; css=&#8221;.vc_custom_1688728430635{margin-top: 40px !important;}&#8221;][vc_column_text css=&#8221;&#8221; fnt_family=&#8221;Montserrat&#8221; fnt_size=&#8221;46px&#8221; fnt_family_h1=&#8221;Montserrat&#8221; fnt_size_h1=&#8221;46&#8243;] Conformit\u00e9 avec California Safe Cosmetics Act (SB 484) [\/vc_column_text][vc_column_text fnt_family=&#8221;Montserrat&#8221; fnt_size=&#8221;18px&#8221;]Avec plus de 900\u00a0ingr\u00e9dients consid\u00e9r\u00e9s par la California Safe Cosmetics Act de 2005\u00a0comme \u00e9tant connus pour ou suspect\u00e9s<\/p>\n","protected":false},"author":33,"featured_media":0,"parent":13743,"menu_order":0,"comment_status":"closed","ping_status":"closed","template":"page-templates\/page-sidebar-none.php","meta":{"_acf_changed":false,"content-type":"","footnotes":""},"class_list":["post-12221","page","type-page","status-publish","hentry"],"acf":[],"_links":{"self":[{"href":"https:\/\/staging.registrarcorp.com\/fr\/wp-json\/wp\/v2\/pages\/12221","targetHints":{"allow":["GET"]}}],"collection":[{"href":"https:\/\/staging.registrarcorp.com\/fr\/wp-json\/wp\/v2\/pages"}],"about":[{"href":"https:\/\/staging.registrarcorp.com\/fr\/wp-json\/wp\/v2\/types\/page"}],"author":[{"embeddable":true,"href":"https:\/\/staging.registrarcorp.com\/fr\/wp-json\/wp\/v2\/users\/33"}],"replies":[{"embeddable":true,"href":"https:\/\/staging.registrarcorp.com\/fr\/wp-json\/wp\/v2\/comments?post=12221"}],"version-history":[{"count":0,"href":"https:\/\/staging.registrarcorp.com\/fr\/wp-json\/wp\/v2\/pages\/12221\/revisions"}],"up":[{"embeddable":true,"href":"https:\/\/staging.registrarcorp.com\/fr\/wp-json\/wp\/v2\/pages\/13743"}],"wp:attachment":[{"href":"https:\/\/staging.registrarcorp.com\/fr\/wp-json\/wp\/v2\/media?parent=12221"}],"curies":[{"name":"wp","href":"https:\/\/api.w.org\/{rel}","templated":true}]}}