{"id":11469,"date":"2023-07-14T12:37:19","date_gmt":"2023-07-14T12:37:19","guid":{"rendered":"https:\/\/staging.registrarcorp.com\/renew-your-fda-registration\/"},"modified":"2024-10-01T18:12:49","modified_gmt":"2024-10-01T18:12:49","slug":"fda-renewal","status":"publish","type":"page","link":"https:\/\/staging.registrarcorp.com\/fr\/fda-renewal\/","title":{"rendered":"Renouveler votre enregistrement aupr\u00e8s de la FDA"},"content":{"rendered":"<div class=\"wpb-content-wrapper\">[vc_section full_width=&#8221;stretch_row&#8221; el_id=&#8221;section-app&#8221;][vc_row el_class=&#8221;tile-box&#8221;][vc_column][vc_column_text]\n<h2 class=\"page-header hidden renewal-copy\">Renouveler votre enregistrement aupr\u00e8s de la FDA<\/h2>\n<p class=\"page-text\"><span class=\"renewal-copy hidden\">L\u2019Agence am\u00e9ricaine des produits alimentaires et m\u00e9dicamenteux (Food and Drug Administration<span class=\"hidden renewal-food\">,<\/span> FDA) exige que tous les \u00e9tablissements d\u2019<span class=\"hidden renewal-food\">alimentation, de dispositifs <\/span>m\u00e9dicaux et de m\u00e9dicaments enregistr\u00e9s renouvellent leur enregistrement aupr\u00e8s de la FDA entre le 1er octobre et le 31\u00a0d\u00e9cembre <span class=\"valid-year\"><\/span>. Registrar Corp aide les entreprises \u00e0 renouveler rapidement et correctement leurs enregistrements aupr\u00e8s de la FDA.<\/span><\/p>\n<h2 class=\"page-header hidden re-register-copy\">S\u2019inscrire \u00e0 nouveau aupr\u00e8s de la FDA<\/h2>\n<p class=\"page-text\"><span class=\"hidden re-register-copy\">La p\u00e9riode de renouvellement de l\u2019enregistrement aupr\u00e8s de la FDA des \u00c9tats-Unis a \u00e9t\u00e9 FERM\u00c9E le 31\u00a0d\u00e9cembre <span class=\"previous-year\"><\/span>. Registrar Corp aide les entreprises \u00e0 se r\u00e9inscrire rapidement et correctement aupr\u00e8s de la FDA.<\/span><\/p>\n[\/vc_column_text][vc_raw_html]PGRpdiBjbGFzcz0icHJvZ3Jlc3MtY29udGFpbmVyIGhpZGRlbiI+PGRpdiBjbGFzcz0icHJvZ3Jlc3MtYmFyIj48L2Rpdj48L2Rpdj4=[\/vc_raw_html][vc_raw_html]W2dyYXZpdHlmb3JtIGlkPSI1IiB0aXRsZT0iZmFsc2UiIGRlc2NyaXB0aW9uPSJmYWxzZSIgYWpheD0idHJ1ZSIgZmllbGRfdmFsdWVzPSJmb3JtdHlwZT1nZW5lcmFsUmVnIl0KPHNjcmlwdCBzcmM9Ii93cC1jb250ZW50L3RoZW1lcy9ib290c2NvcmUtY2hpbGQtbWFpbi9qcy9jb3VudHJ5U3RhdGVEYXRhLmpzIj48L3NjcmlwdD4KPHNjcmlwdCBzcmM9Ii93cC1jb250ZW50L3RoZW1lcy9ib290c2NvcmUtY2hpbGQtbWFpbi9qcy9jb3JwRGVzaWduYXRpb25EYXRhLmpzIj48L3NjcmlwdD4KPHNjcmlwdCBzcmM9Ii93cC1jb250ZW50L3RoZW1lcy9ib290c2NvcmUtY2hpbGQtbWFpbi9qcy9hZ3JlZW1lbnRzLmpzIj48L3NjcmlwdD4KPHNjcmlwdCBzcmM9Ii93cC1jb250ZW50L3RoZW1lcy9ib290c2NvcmUtY2hpbGQtbWFpbi9qcy9mZGFyZWcuanMiPjwvc2NyaXB0Pgo8YSBjbGFzcz0iaGlkZGVuIiBpZD0iYWdyZWVtZW50LWJ1dHRvbiIgaHJlZj0iI2FncmVlbWVudC1tb2RhbCI+PC9hPgo8YSBjbGFzcz0iaGlkZGVuIiBpZD0idmFsdWUtYnV0dG9uIiBocmVmPSIjdmFsdWUtbW9kYWwiPjwvYT4K[\/vc_raw_html]<div id=\"mpc-modal-11469-0\" class=\"mpc-modal-overlay\" data-id=\"mpc_modal-7269e88497d3247\" data-position=\"middle-center\" data-frequency=\"onclick\" data-target-id=\"value-modal\"><div class=\"mpc-modal mpc-init \"><div class=\"mpc-modal__close\"><div data-id=\"mpc_icon-9169e88497d3289\" class=\"mpc-icon mpc-init mpc-transition mpc-effect-none mpc-icon-hover \"><div class=\"mpc-icon-wrap\"><i class=\"mpc-icon-part mpc-regular mpc-transition  fa fa-close\"><\/i><i class=\"mpc-icon-part mpc-hover mpc-transition  fa fa-close\"><\/i><\/div><\/div><\/div><div class=\"mpc-modal__content\">[vc_row_inner][vc_column_inner][vc_raw_html]PGRpdiBpZD0idmFsdWUtc3VtbWFyeSI+PC9kaXY+[\/vc_raw_html][\/vc_column_inner][\/vc_row_inner]<\/div><\/div><\/div><div class=\"mpc-modal-waypoint mpc-waypoint\" data-id=\"mpc-modal-11469-0\"><\/div><div id=\"mpc-modal-11469-1\" class=\"mpc-modal-overlay\" data-id=\"mpc_modal-6469e88497d3314\" data-position=\"middle-center\" data-frequency=\"onclick\" data-target-id=\"agreement-modal\"><div class=\"mpc-modal mpc-init \"><div class=\"mpc-modal__close\"><div data-id=\"mpc_icon-8069e88497d3336\" class=\"mpc-icon mpc-init mpc-transition mpc-effect-none mpc-icon-hover \"><div class=\"mpc-icon-wrap\"><i class=\"mpc-icon-part mpc-regular mpc-transition  fa fa-close\"><\/i><i class=\"mpc-icon-part mpc-hover mpc-transition  fa fa-close\"><\/i><\/div><\/div><\/div><div class=\"mpc-modal__content\">[vc_row_inner][vc_column_inner][vc_raw_html]PGRpdiBpZD0iYWdyZWVtZW50Ij48L2Rpdj4=[\/vc_raw_html][\/vc_column_inner][\/vc_row_inner]<\/div><\/div><\/div><div class=\"mpc-modal-waypoint mpc-waypoint\" data-id=\"mpc-modal-11469-1\"><\/div>[vc_raw_js]JTNDc2NyaXB0JTNFJTBBalF1ZXJ5JTI4ZG9jdW1lbnQlMjkucmVhZHklMjhmdW5jdGlvbiUyOCUyNCUyOSU3QiUwQSUyMCUyMCUyMCUyMHZhciUyMHJlbmV3YWxTdGF0dXMlMjAlM0QlMjBnbG9iYWxEYXRhLmdldFJlbmV3YWxTdGF0dXMlMjglMjklM0IlMEElMjAlMjAlMjAlMjBpZiUyOHJlbmV3YWxTdGF0dXMuaXNSZW5ld2FsUGVyaW9kJTI5JTdCJTBBJTIwJTIwJTIwJTIwJTIwJTIwJTIwJTIwJTI0JTI4JTI3LnJlbmV3YWwtY29weSUyNyUyOS5yZW1vdmVDbGFzcyUyOCUyN2hpZGRlbiUyNyUyOSUzQiUwQSUyMCUyMCUyMCUyMCUyMCUyMCUyMCUyMGlmJTI4cmVuZXdhbFN0YXR1cy5yZW5ld2FsWWVhcnMuZm9vZCUyMCUzRCUzRCUzRCUyMHJlbmV3YWxTdGF0dXMucmVuZXdhbFllYXJzLmRydWdzJTI5JTdCJTBBJTIwJTIwJTIwJTIwJTIwJTIwJTIwJTIwJTIwJTIwJTIwJTIwJTI0JTI4JTI3LnJlbmV3YWwtZm9vZCUyNyUyOS5yZW1vdmVDbGFzcyUyOCUyN2hpZGRlbiUyNyUyOSUzQiUwQSUyMCUyMCUyMCUyMCUyMCUyMCUyMCUyMCU3RCUwQSUyMCUyMCUyMCUyMCU3RCUyMGVsc2UlMjAlN0IlMEElMjAlMjAlMjAlMjAlMjAlMjAlMjAlMjAlMjQlMjglMjcucmUtcmVnaXN0ZXItY29weSUyNyUyOS5yZW1vdmVDbGFzcyUyOCUyN2hpZGRlbiUyNyUyOSUzQiUwQSUyMCUyMCUyMCUyMCU3RCUwQSU3RCUyOSUzQiUwQSUzQyUyRnNjcmlwdCUzRQ==[\/vc_raw_js][\/vc_column][\/vc_row][\/vc_section]\n<\/div>","protected":false},"excerpt":{"rendered":"<p>[vc_section full_width=&#8221;stretch_row&#8221; el_id=&#8221;section-app&#8221;][vc_row el_class=&#8221;tile-box&#8221;][vc_column][vc_column_text] Renouveler votre enregistrement aupr\u00e8s de la FDA L\u2019Agence am\u00e9ricaine des produits alimentaires et m\u00e9dicamenteux (Food and Drug Administration, FDA) exige que tous les \u00e9tablissements d\u2019alimentation, de dispositifs m\u00e9dicaux et de m\u00e9dicaments enregistr\u00e9s renouvellent leur enregistrement aupr\u00e8s de la FDA entre le 1er octobre et le 31\u00a0d\u00e9cembre . Registrar Corp aide les<\/p>\n","protected":false},"author":40,"featured_media":0,"parent":0,"menu_order":0,"comment_status":"closed","ping_status":"closed","template":"page-templates\/page-sidebar-none.php","meta":{"_acf_changed":false,"content-type":"","footnotes":""},"class_list":["post-11469","page","type-page","status-publish","hentry"],"acf":[],"_links":{"self":[{"href":"https:\/\/staging.registrarcorp.com\/fr\/wp-json\/wp\/v2\/pages\/11469","targetHints":{"allow":["GET"]}}],"collection":[{"href":"https:\/\/staging.registrarcorp.com\/fr\/wp-json\/wp\/v2\/pages"}],"about":[{"href":"https:\/\/staging.registrarcorp.com\/fr\/wp-json\/wp\/v2\/types\/page"}],"author":[{"embeddable":true,"href":"https:\/\/staging.registrarcorp.com\/fr\/wp-json\/wp\/v2\/users\/40"}],"replies":[{"embeddable":true,"href":"https:\/\/staging.registrarcorp.com\/fr\/wp-json\/wp\/v2\/comments?post=11469"}],"version-history":[{"count":0,"href":"https:\/\/staging.registrarcorp.com\/fr\/wp-json\/wp\/v2\/pages\/11469\/revisions"}],"wp:attachment":[{"href":"https:\/\/staging.registrarcorp.com\/fr\/wp-json\/wp\/v2\/media?parent=11469"}],"curies":[{"name":"wp","href":"https:\/\/api.w.org\/{rel}","templated":true}]}}