{"id":32312,"date":"2024-02-12T06:35:40","date_gmt":"2024-02-12T06:35:40","guid":{"rendered":"https:\/\/staging.registrarcorp.com\/thank-you-complyhub\/"},"modified":"2024-07-18T18:31:33","modified_gmt":"2024-07-18T18:31:33","slug":"thank-you-complyhub","status":"publish","type":"page","link":"https:\/\/staging.registrarcorp.com\/es\/thank-you-complyhub\/","title":{"rendered":"Gracias (ComplyHub)"},"content":{"rendered":"<div class=\"wpb-content-wrapper\">[vc_row css=&#8221;.vc_custom_1689694296283{padding-top: 50px !important;}&#8221;][vc_column][vc_column_text css=&#8221;.vc_custom_1707732578019{padding-top: 30px !important;padding-bottom: 30px !important;}&#8221;]\n<h2 style=\"text-align: center;\">Gracias<\/h2>\n<h3 style=\"text-align: center;\">\u00a1Felicitaciones! Est\u00e1 un paso m\u00e1s cerca de cumplir con el FSVP.<\/h3>\n<p style=\"text-align: center;\">Un asesor regulatorio de Registrar Corp se comunicar\u00e1 con usted en breve. No dude en comunicarse <a style=\"font-weight: 500;\" href=\"mailto: complyhub@registrarcorp.com\">complyhub@registrarcorp.com<\/a> si tiene alguna pregunta o consulte nuestros recursos de ComplyHub a continuaci\u00f3n.<\/p>\n<p style=\"text-align: center; font-weight: 500;\"><a href=\"https:\/\/staging.registrarcorp.com\/es\/blog\/?category=complyhub\">M\u00e1s informaci\u00f3n sobre FSVP y ComplyHub<\/a><\/p>\n[\/vc_column_text][\/vc_column][\/vc_row]\n<\/div>","protected":false},"excerpt":{"rendered":"<p>[vc_row css=&#8221;.vc_custom_1689694296283{padding-top: 50px !important;}&#8221;][vc_column][vc_column_text css=&#8221;.vc_custom_1707732578019{padding-top: 30px !important;padding-bottom: 30px !important;}&#8221;] Gracias \u00a1Felicitaciones! Est\u00e1 un paso m\u00e1s cerca de cumplir con el FSVP. Un asesor regulatorio de Registrar Corp se comunicar\u00e1 con usted en breve. No dude en comunicarse complyhub@registrarcorp.com si tiene alguna pregunta o consulte nuestros recursos de ComplyHub a continuaci\u00f3n. M\u00e1s informaci\u00f3n sobre FSVP y<\/p>\n","protected":false},"author":23,"featured_media":0,"parent":0,"menu_order":0,"comment_status":"closed","ping_status":"closed","template":"page-templates\/page-sidebar-none.php","meta":{"_acf_changed":false,"content-type":"","footnotes":""},"class_list":["post-32312","page","type-page","status-publish","hentry"],"acf":[],"_links":{"self":[{"href":"https:\/\/staging.registrarcorp.com\/es\/wp-json\/wp\/v2\/pages\/32312","targetHints":{"allow":["GET"]}}],"collection":[{"href":"https:\/\/staging.registrarcorp.com\/es\/wp-json\/wp\/v2\/pages"}],"about":[{"href":"https:\/\/staging.registrarcorp.com\/es\/wp-json\/wp\/v2\/types\/page"}],"author":[{"embeddable":true,"href":"https:\/\/staging.registrarcorp.com\/es\/wp-json\/wp\/v2\/users\/23"}],"replies":[{"embeddable":true,"href":"https:\/\/staging.registrarcorp.com\/es\/wp-json\/wp\/v2\/comments?post=32312"}],"version-history":[{"count":0,"href":"https:\/\/staging.registrarcorp.com\/es\/wp-json\/wp\/v2\/pages\/32312\/revisions"}],"wp:attachment":[{"href":"https:\/\/staging.registrarcorp.com\/es\/wp-json\/wp\/v2\/media?parent=32312"}],"curies":[{"name":"wp","href":"https:\/\/api.w.org\/{rel}","templated":true}]}}