{"id":20925,"date":"2023-07-19T14:20:13","date_gmt":"2023-07-19T14:20:13","guid":{"rendered":"https:\/\/staging.registrarcorp.com\/thank-you-ttb\/"},"modified":"2024-07-18T18:30:39","modified_gmt":"2024-07-18T18:30:39","slug":"thank-you-ttb","status":"publish","type":"page","link":"https:\/\/staging.registrarcorp.com\/es\/thank-you-ttb\/","title":{"rendered":"Gracias (TTB)"},"content":{"rendered":"<div class=\"wpb-content-wrapper\">[vc_row css=&#8221;.vc_custom_1689694296283{padding-top: 50px !important;}&#8221;][vc_column][vc_column_text]\n<h2>Gracias<\/h2>\n<p>Su solicitud se envi\u00f3 correctamente. Esperamos poder ayudarle.<\/p>\n<p>Hemos recopilado con \u00e9xito su informaci\u00f3n, usted est\u00e1 calificado para recibir asistencia de expertos. Su especialista en regulaci\u00f3n se comunicar\u00e1 pronto.[\/vc_column_text][\/vc_column][\/vc_row]\n<\/div>","protected":false},"excerpt":{"rendered":"<p>[vc_row css=&#8221;.vc_custom_1689694296283{padding-top: 50px !important;}&#8221;][vc_column][vc_column_text] Gracias Su solicitud se envi\u00f3 correctamente. Esperamos poder ayudarle. Hemos recopilado con \u00e9xito su informaci\u00f3n, usted est\u00e1 calificado para recibir asistencia de expertos. Su especialista en regulaci\u00f3n se comunicar\u00e1 pronto.[\/vc_column_text][\/vc_column][\/vc_row]<\/p>\n","protected":false},"author":40,"featured_media":0,"parent":0,"menu_order":0,"comment_status":"closed","ping_status":"closed","template":"page-templates\/page-sidebar-none.php","meta":{"_acf_changed":false,"content-type":"","footnotes":""},"class_list":["post-20925","page","type-page","status-publish","hentry"],"acf":[],"_links":{"self":[{"href":"https:\/\/staging.registrarcorp.com\/es\/wp-json\/wp\/v2\/pages\/20925","targetHints":{"allow":["GET"]}}],"collection":[{"href":"https:\/\/staging.registrarcorp.com\/es\/wp-json\/wp\/v2\/pages"}],"about":[{"href":"https:\/\/staging.registrarcorp.com\/es\/wp-json\/wp\/v2\/types\/page"}],"author":[{"embeddable":true,"href":"https:\/\/staging.registrarcorp.com\/es\/wp-json\/wp\/v2\/users\/40"}],"replies":[{"embeddable":true,"href":"https:\/\/staging.registrarcorp.com\/es\/wp-json\/wp\/v2\/comments?post=20925"}],"version-history":[{"count":0,"href":"https:\/\/staging.registrarcorp.com\/es\/wp-json\/wp\/v2\/pages\/20925\/revisions"}],"wp:attachment":[{"href":"https:\/\/staging.registrarcorp.com\/es\/wp-json\/wp\/v2\/media?parent=20925"}],"curies":[{"name":"wp","href":"https:\/\/api.w.org\/{rel}","templated":true}]}}