{"id":15810,"date":"2023-07-18T15:18:36","date_gmt":"2023-07-18T15:18:36","guid":{"rendered":"https:\/\/staging.registrarcorp.com\/thank-you\/"},"modified":"2024-07-18T18:28:33","modified_gmt":"2024-07-18T18:28:33","slug":"thank-you","status":"publish","type":"page","link":"https:\/\/staging.registrarcorp.com\/es\/thank-you\/","title":{"rendered":"Gracias"},"content":{"rendered":"<div class=\"wpb-content-wrapper\">[vc_row full_width=&#8221;stretch_row&#8221; css=&#8221;.vc_custom_1689693947345{padding-top: 50px !important;}&#8221;][vc_column][vc_row_inner][vc_column_inner][vc_column_text]\n<h2>Gracias<\/h2>\n[\/vc_column_text][vc_column_text el_class=&#8221;confirmation-block&#8221;]\n<h3>Su solicitud se envi\u00f3 correctamente. Esperamos poder ayudarle.<\/h3>\n<p>Registrar Corp se comunicar\u00e1 con usted en un plazo de 48 horas. \u00a0Si tiene alguna pregunta antes de este plazo, no dude en comunicarse con nosotros:<\/p>\n<div id=\"contact-block\" class=\"vc_row office-info\"><\/div>\n<p>Nuestros asesores regulatorios est\u00e1n disponibles<strong> las 24 horas del d\u00eda<\/strong> a trav\u00e9s de <a href=\"https:\/\/www.registrarcorp.com\/livehelp\">Live Help<\/a>.[\/vc_column_text][\/vc_column_inner][\/vc_row_inner][vc_raw_js]JTNDc2NyaXB0JTNFJTBBalF1ZXJ5JTI4ZG9jdW1lbnQlMjkucmVhZHklMjhmdW5jdGlvbiUyOCUyNCUyOSU3QiUwQWZ1bmN0aW9uJTIwcG9wQ29udGFjdEluZm8lMjglMjklN0IlMEElMDl2YXIlMjBvZmZpY2UlMjAlM0QlMjBnbG9iYWxDb250cm9sLmRldGVybWluZU9mZmljZSUyOGdsb2JhbENvbnRyb2wuZ2V0UXVlcnlTdHJpbmdQYXJhbXMlMjh3aW5kb3cubG9jYXRpb24uaHJlZiUyOS5jb3VudHJ5JTI5JTNCJTBBJTA5dmFyJTIwdXNPZmZpY2UlMjAlM0QlMjBnbG9iYWxEYXRhLmdldE9mZmljZURhdGElMjglMjkuZmluZCUyOGZ1bmN0aW9uJTI4YyUyOSU3QiUyMHJldHVybiUyMGMuaWQlMjAlM0QlM0QlM0QlMjAlMjd1cyUyNyUyMCU3RCUyOSUzQiUwQSUwOXZhciUyMGglMjAlM0QlMjAlMjclM0NkaXYlMjBjbGFzcyUzRCUyMnZjX3JvdyUyMiUzRSUyNyUzQiUwQSUwOWlmJTI4b2ZmaWNlLmlkJTIwJTIxJTNEJTNEJTIwJTI3dXMlMjclMjklN0IlMEElMjAlMjAlMjAlMjAlMjAlMjAlMjAlMjBoJTIwJTJCJTNEJTIwJTI3JTNDZGl2JTIwY2xhc3MlM0QlMjJ0aWxlLWJveCUyMiUzRSUyNyUzQiUwQSUyMCUyMCUyMCUyMCUyMCUyMCUyMCUyMGlmJTI4b2ZmaWNlLmFkZGl0aW9uYWxDb250YWN0cy5sZW5ndGglMjAlM0UlMjAwJTI5JTdCJTBBJTIwJTIwJTIwJTIwJTA5JTIwJTIwJTIwaCUyMCUyQiUzRCUyMCUyNyUzQ2RpdiUyMGNsYXNzJTNEJTIydmNfcm93JTIyJTNFJTNDZGl2JTIwY2xhc3MlM0QlMjJ2Y19jb2wtc20tNCUyMiUzRSUyNyUwQSUyMCUyMCUyMCUyMCUyMCUyMCUyMCUyMCU3RCUwQSUyMCUyMCUyMCUyMCUyMCUyMCUyMCUyMGglMjAlMkIlM0QlMjAlMjclM0NoMyUzRVJlZ2lzdHJhciUyMENvcnAlNUMlMjdzJTIwT2ZmaWNlJTIwaW4lMjAlMjclMjAlMkIlMjBvZmZpY2UudGl0bGUlMjAlMkIlMjAlMjclM0MlMkZoMyUzRSUyNyUzQiUwQSUyMCUyMCUyMCUyMCUyMCUyMCUyMCUyMGglMjAlMkIlM0QlMjAlMjclM0NkaXYlMjBjbGFzcyUzRCUyMmFkZHJlc3MtYmxvY2slMjIlM0UlMjclMjAlMkIlMjBvZmZpY2UubWFpbkNvbnRhY3QuYWRkcmVzcyUyMCUyQiUyMCUyNyUzQyUyRmRpdiUzRSUyNyUzQiUwQSUyMCUyMCUyMCUyMCUyMCUyMCUyMCUyMGglMjAlMkIlM0QlMjAlMjclM0NhJTIwaHJlZiUzRCUyMnRlbCUzQSUyNyUyMCUyQiUyMG9mZmljZS5tYWluQ29udGFjdC50ZWwucmVwbGFjZSUyOCUyRiU1QiUyOCUyOSU1Qy0lMkIlNUQlMkZnJTJDJTI3JTI3JTI5JTIwJTJCJTIwJTI3JTIyJTNFJTNDaSUyMGNsYXNzJTNEJTIyZmFzJTIwZmEtcGhvbmUlMjIlM0UlM0MlMkZpJTNFJTI3JTIwJTJCJTIwb2ZmaWNlLm1haW5Db250YWN0LnRlbCUyMCUyQiUyMCUyNyUzQyUyRmElM0UlMjclM0IlMEElMjAlMjAlMjAlMjAlMjAlMjAlMjAlMjBoJTIwJTJCJTNEJTIwJTI4b2ZmaWNlLm1haW5Db250YWN0LmZheCUyMCUzRiUyMCUyNyUzQ2ElMjBocmVmJTNEJTIydGVsJTNBJTI3JTIwJTJCJTIwb2ZmaWNlLm1haW5Db250YWN0LmZheC5yZXBsYWNlJTI4JTJGJTVCJTI4JTI5JTVDLSUyQiU1RCUyRmclMkMlMjclMjclMjklMjAlMkIlMjAlMjclMjIlM0UlM0NpJTIwY2xhc3MlM0QlMjJmYXMlMjBmYS1mYXglMjIlM0UlM0MlMkZpJTNFJTI3JTIwJTJCJTIwb2ZmaWNlLm1haW5Db250YWN0LmZheCUyMCUyQiUyMCUyNyUzQyUyRmElM0UlMjclMjAlM0ElMjAlMjclMjclMjklM0IlMEElMjAlMjAlMjAlMjAlMjAlMjAlMjAlMjBoJTIwJTJCJTNEJTIwJTI4b2ZmaWNlLm1haW5Db250YWN0Lm1vYmlsZSUyMCUzRiUyMCUyNyUzQ2ElMjBocmVmJTNEJTIydGVsJTNBJTI3JTIwJTJCJTIwb2ZmaWNlLm1haW5Db250YWN0Lm1vYmlsZS5yZXBsYWNlJTI4JTJGJTVCJTI4JTI5JTVDLSUyQiU1RCUyRmclMkMlMjclMjclMjklMjAlMkIlMjAlMjclMjIlM0UlM0NpJTIwY2xhc3MlM0QlMjJmYXMlMjBmYS1waG9uZSUyMiUzRSUzQyUyRmklM0UlMjclMjAlMkIlMjBvZmZpY2UubWFpbkNvbnRhY3QubW9iaWxlJTIwJTJCJTIwJTI3JTNDJTJGYSUzRSUyNyUyMCUzQSUyMCUyNyUyNyUyOSUzQiUwQSUyMCUyMCUyMCUyMCUyMCUyMCUyMCUyMGglMjAlMkIlM0QlMjAlMjclM0NhJTIwaHJlZiUzRCUyMm1haWx0byUzQSUyNyUyMCUyQiUyMG9mZmljZS5tYWluQ29udGFjdC5lbWFpbCUyMCUyQiUyMCUyNyUyMiUzRSUzQ2klMjBjbGFzcyUzRCUyMmZhcyUyMGZhLWVudmVsb3BlJTIyJTNFJTNDJTJGaSUzRSUyNyUyMCUyQiUyMG9mZmljZS5tYWluQ29udGFjdC5lbWFpbCUyMCUyQiUyMCUyNyUzQyUyRmElM0UlMjclM0IlMEElMjAlMjAlMjAlMjAlMjAlMjAlMjAlMjBpZiUyOG9mZmljZS5hZGRpdGlvbmFsQ29udGFjdHMubGVuZ3RoJTIwJTNFJTIwMCUyOSU3QiUwQSUyMCUyMCUyMCUyMCUyMCUyMCUyMCUyMCUyMCUyMCUyMCUyMGglMjAlMkIlM0QlMjAlMjclM0MlMkZkaXYlM0UlMjclMEElMjAlMjAlMjAlMjAlMjAlMjAlMjAlMjAlMjAlMjAlMjAlMjBoJTIwJTJCJTNEJTIwJTI3JTNDZGl2JTIwY2xhc3MlM0QlMjJ2Y19jb2wtc20tOCUyMiUzRSUzQ2RpdiUyMGNsYXNzJTNEJTIydmNfcm93JTIyJTNFJTI3JTNCJTBBJTIwJTIwJTIwJTIwJTIwJTIwJTIwJTIwJTdEJTBBJTIwJTIwJTIwJTIwJTIwJTIwJTIwJTIwJTI0JTI4b2ZmaWNlLmFkZGl0aW9uYWxDb250YWN0cyUyOS5lYWNoJTI4ZnVuY3Rpb24lMjhpJTJDdiUyOSU3QiUwQSUyMCUyMCUyMCUyMCUyMCUyMCUyMCUyMCUyMCUyMCUyMCUyMGglMjAlMkIlM0QlMjAlMjclM0NkaXYlMjBjbGFzcyUzRCUyMnZjX2NvbC1zbS02JTIwYWRkaXRpb25hbC1jb250YWN0JTIyJTNFJTI3JTNCJTBBJTIwJTIwJTIwJTIwJTIwJTIwJTIwJTIwJTIwJTIwJTIwJTIwaCUyMCUyQiUzRCUyMCUyNyUzQ2IlM0VDb250YWN0JTIwaW4lMjAlMjclMjAlMkIlMjB2LnRpdGxlJTIwJTJCJTIwJTI3JTNDJTJGYiUzRSUyNyUzQiUwQSUyMCUyMCUyMCUyMCUyMCUyMCUyMCUyMCUyMCUyMCUyMCUyMGglMjAlMkIlM0QlMjAlMjh2LnRlbCUyMCUzRiUyMCUyNyUzQ2ElMjBocmVmJTNEJTIydGVsJTNBJTI3JTIwJTJCJTIwdi50ZWwucmVwbGFjZSUyOCUyRiU1QiUyOCUyOSU1Qy0lMkIlNUQlMkZnJTJDJTI3JTI3JTI5JTIwJTJCJTIwJTI3JTIyJTNFJTNDaSUyMGNsYXNzJTNEJTIyZmFzJTIwZmEtcGhvbmUlMjIlM0UlM0MlMkZpJTNFJTI3JTIwJTJCJTIwdi50ZWwlMjAlMkIlMjAlMjclM0MlMkZhJTNFJTI3JTIwJTNBJTIwJTI3JTI3JTI5JTNCJTBBJTIwJTIwJTIwJTIwJTIwJTIwJTIwJTIwJTIwJTIwJTIwJTIwaCUyMCUyQiUzRCUyMCUyOHYuZW1haWwlMjAlM0YlMjAlMjclM0NhJTIwaHJlZiUzRCUyMm1haWx0byUzQSUyNyUyMCUyQiUyMHYuZW1haWwlMjAlMkIlMjAlMjclMjIlM0UlM0NpJTIwY2xhc3MlM0QlMjJmYXMlMjBmYS1lbnZlbG9wZSUyMiUzRSUzQyUyRmklM0UlMjclMjAlMkIlMjB2LmVtYWlsJTIwJTJCJTIwJTI3JTNDJTJGYSUzRSUyNyUyMCUzQSUyMCUyNyUyNyUyOSUzQiUwQSUyMCUyMCUyMCUyMCUyMCUyMCUyMCUyMCUyMCUyMCUyMCUyMGglMjAlMkIlM0QlMjAlMjclM0MlMkZkaXYlM0UlMjclMEElMjAlMjAlMjAlMjAlMjAlMjAlMjAlMjAlN0QlMjklM0IlMEElMjAlMjAlMjAlMjAlMjAlMjAlMjAlMjBpZiUyOG9mZmljZS5hZGRpdGlvbmFsQ29udGFjdHMubGVuZ3RoJTIwJTNFJTIwMCUyOSU3QiUwQSUyMCUyMCUyMCUyMCUwOSUyMCUyMCUyMGglMjAlMkIlM0QlMjAlMjclM0MlMkZkaXYlM0UlM0MlMkZkaXYlM0UlM0MlMkZkaXYlM0UlMjclMEElMjAlMjAlMjAlMjAlMjAlMjAlMjAlMjAlN0QlMEElMjAlMjAlMjAlMjAlMjAlMjAlMjAlMjBoJTIwJTJCJTNEJTIwJTI3JTNDJTJGZGl2JTNFJTI3JTBBJTIwJTIwJTIwJTIwJTdEJTBBJTIwJTIwJTIwJTIwaCUyMCUyQiUzRCUyMCUyNyUzQ2RpdiUyMGNsYXNzJTNEJTIydGlsZS1ib3glMjIlM0UlMjclMEElMDloJTIwJTJCJTNEJTIwJTIyJTNDaDMlM0VSZWdpc3RyYXIlMjBDb3JwJTVDJTI3cyUyME1haW4lMjBPZmZpY2UlM0MlMkZoNCUzRSUyMiUzQiUwQSUyMCUyMCUyMCUyMGglMjAlMkIlM0QlMjAlMjclM0NkaXYlMjBjbGFzcyUzRCUyMmFkZHJlc3MtYmxvY2slMjIlM0UlMjclMjAlMkIlMjB1c09mZmljZS5tYWluQ29udGFjdC5hZGRyZXNzJTIwJTJCJTIwJTI3JTNDJTJGZGl2JTNFJTI3JTNCJTBBJTIwJTIwJTIwJTIwaCUyMCUyQiUzRCUyMCUyNyUzQ2ElMjBocmVmJTNEJTIydGVsJTNBJTI3JTIwJTJCJTIwdXNPZmZpY2UubWFpbkNvbnRhY3QudGVsLnJlcGxhY2UlMjglMkYlNUIlMjglMjklNUMtJTJCJTVEJTJGZyUyQyUyNyUyNyUyOSUyMCUyQiUyMCUyNyUyMiUzRSUzQ2klMjBjbGFzcyUzRCUyMmZhcyUyMGZhLXBob25lJTIyJTNFJTNDJTJGaSUzRSUyNyUyMCUyQiUyMHVzT2ZmaWNlLm1haW5Db250YWN0LnRlbCUyMCUyQiUyMCUyNyUzQyUyRmElM0UlMjclM0IlMEElMjAlMjAlMjAlMjBoJTIwJTJCJTNEJTIwJTI4dXNPZmZpY2UubWFpbkNvbnRhY3QuZmF4JTIwJTNGJTIwJTI3JTNDYSUyMGhyZWYlM0QlMjJ0ZWwlM0ElMjclMjAlMkIlMjB1c09mZmljZS5tYWluQ29udGFjdC5mYXgucmVwbGFjZSUyOCUyRiU1QiUyOCUyOSU1Qy0lMkIlNUQlMkZnJTJDJTI3JTI3JTI5JTIwJTJCJTIwJTI3JTIyJTNFJTNDaSUyMGNsYXNzJTNEJTIyZmFzJTIwZmEtZmF4JTIyJTNFJTNDJTJGaSUzRSUyNyUyMCUyQiUyMHVzT2ZmaWNlLm1haW5Db250YWN0LmZheCUyMCUyQiUyMCUyNyUzQyUyRmElM0UlMjclMjAlM0ElMjAlMjclMjclMjklM0IlMEElMjAlMjAlMjAlMjBoJTIwJTJCJTNEJTIwJTI4dXNPZmZpY2UubWFpbkNvbnRhY3QubW9iaWxlJTIwJTNGJTIwJTI3JTNDYSUyMGhyZWYlM0QlMjJ0ZWwlM0ElMjclMjAlMkIlMjB1c09mZmljZS5tYWluQ29udGFjdC5tb2JpbGUucmVwbGFjZSUyOCUyRiU1QiUyOCUyOSU1Qy0lMkIlNUQlMkZnJTJDJTI3JTI3JTI5JTIwJTJCJTIwJTI3JTIyJTNFJTNDaSUyMGNsYXNzJTNEJTIyZmFzJTIwZmEtcGhvbmUlMjIlM0UlM0MlMkZpJTNFJTI3JTIwJTJCJTIwdXNPZmZpY2UubWFpbkNvbnRhY3QubW9iaWxlJTIwJTJCJTIwJTI3JTNDJTJGYSUzRSUyNyUyMCUzQSUyMCUyNyUyNyUyOSUzQiUwQSUyMCUyMCUyMCUyMGglMjAlMkIlM0QlMjAlMjclM0NhJTIwaHJlZiUzRCUyMm1haWx0byUzQSUyNyUyMCUyQiUyMHVzT2ZmaWNlLm1haW5Db250YWN0LmVtYWlsJTIwJTJCJTIwJTI3JTIyJTNFJTNDaSUyMGNsYXNzJTNEJTIyZmFzJTIwZmEtZW52ZWxvcGUlMjIlM0UlM0MlMkZpJTNFJTI3JTIwJTJCJTIwdXNPZmZpY2UubWFpbkNvbnRhY3QuZW1haWwlMjAlMkIlMjAlMjclM0MlMkZhJTNFJTI3JTNCJTBBJTIwJTIwJTIwJTIwaCUyMCUyQiUzRCUyMCUyNyUzQyUyRmRpdiUzRSUzQyUyRmRpdiUzRSUyNyUzQiUwQSUwOWpRdWVyeSUyOCUyNyUyM2NvbnRhY3QtYmxvY2slMjclMjkuaHRtbCUyOGglMjklM0IlMEElN0QlMEElMEFwb3BDb250YWN0SW5mbyUyOCUyOSUzQiUwQSUwQSU3RCUyOSUzQiUwQSUzQyUyRnNjcmlwdCUzRQ==[\/vc_raw_js][\/vc_column][\/vc_row]\n<\/div>","protected":false},"excerpt":{"rendered":"<p>[vc_row full_width=&#8221;stretch_row&#8221; css=&#8221;.vc_custom_1689693947345{padding-top: 50px !important;}&#8221;][vc_column][vc_row_inner][vc_column_inner][vc_column_text] Gracias [\/vc_column_text][vc_column_text el_class=&#8221;confirmation-block&#8221;] Su solicitud se envi\u00f3 correctamente. Esperamos poder ayudarle. Registrar Corp se comunicar\u00e1 con usted en un plazo de 48 horas. \u00a0Si tiene alguna pregunta antes de este plazo, no dude en comunicarse con nosotros: Nuestros asesores regulatorios est\u00e1n disponibles las 24 horas del d\u00eda a trav\u00e9s de<\/p>\n","protected":false},"author":40,"featured_media":0,"parent":0,"menu_order":0,"comment_status":"closed","ping_status":"closed","template":"page-templates\/page-sidebar-none.php","meta":{"_acf_changed":false,"content-type":"","footnotes":""},"class_list":["post-15810","page","type-page","status-publish","hentry"],"acf":[],"_links":{"self":[{"href":"https:\/\/staging.registrarcorp.com\/es\/wp-json\/wp\/v2\/pages\/15810","targetHints":{"allow":["GET"]}}],"collection":[{"href":"https:\/\/staging.registrarcorp.com\/es\/wp-json\/wp\/v2\/pages"}],"about":[{"href":"https:\/\/staging.registrarcorp.com\/es\/wp-json\/wp\/v2\/types\/page"}],"author":[{"embeddable":true,"href":"https:\/\/staging.registrarcorp.com\/es\/wp-json\/wp\/v2\/users\/40"}],"replies":[{"embeddable":true,"href":"https:\/\/staging.registrarcorp.com\/es\/wp-json\/wp\/v2\/comments?post=15810"}],"version-history":[{"count":0,"href":"https:\/\/staging.registrarcorp.com\/es\/wp-json\/wp\/v2\/pages\/15810\/revisions"}],"wp:attachment":[{"href":"https:\/\/staging.registrarcorp.com\/es\/wp-json\/wp\/v2\/media?parent=15810"}],"curies":[{"name":"wp","href":"https:\/\/api.w.org\/{rel}","templated":true}]}}