{"id":14938,"date":"2023-03-15T17:24:39","date_gmt":"2023-03-15T17:24:39","guid":{"rendered":"https:\/\/staging.registrarcorp.com\/roles\/"},"modified":"2024-09-27T13:23:15","modified_gmt":"2024-09-27T13:23:15","slug":"roles","status":"publish","type":"page","link":"https:\/\/staging.registrarcorp.com\/es\/roles\/","title":{"rendered":"Funciones"},"content":{"rendered":"<div class=\"wpb-content-wrapper\">[vc_row full_width=&#8221;stretch_row&#8221; css=&#8221;.vc_custom_1726760550789{padding-top: 100px !important;background-color: #f4f4f4 !important;}&#8221; el_class=&#8221;topContainer row-wdith hero-section&#8221; el_id=&#8221;headerRow&#8221;][vc_column width=&#8221;1\/2&#8243;][vc_column_text fnt_family=&#8221;Montserrat&#8221; fnt_family_h1=&#8221;Montserrat&#8221; fnt_size_h1=&#8221;56&#8243;]\n<h1><span style=\"color: #003873;\"><strong>Encuentre las soluciones de <\/strong><\/span><span style=\"color: #0081ff;\"><strong>cumplimiento adecuadas <\/strong><\/span><span style=\"color: #003873;\"><strong>para su funci\u00f3n.<\/strong><\/span><\/h1>\n[\/vc_column_text][vc_column_text fnt_family=&#8221;Montserrat&#8221; fnt_size=&#8221;24&#8243;]Registrar Corp est\u00e1 formado por profesionales regulatorios, para profesionales regulatorios. Hemos creado servicios, soluciones de software y programas de capacitaci\u00f3n adaptados a sus necesidades, para que pueda mantener su negocio en cumplimiento y funcionando sin problemas.[\/vc_column_text][vc_btn title=&#8221;Explorar funciones&#8221; color=&#8221;sky&#8221; i_align=&#8221;right&#8221; i_icon_fontawesome=&#8221;fas fa-arrow-right&#8221; css=&#8221;.vc_custom_1681739171513{margin-top: 30px !important;}&#8221; add_icon=&#8221;true&#8221; link=&#8221;url:%23tabSection|&#8221; el_class=&#8221;primary-btn&#8221;][\/vc_column][vc_column width=&#8221;1\/2&#8243; el_class=&#8221;container-right&#8221;][vc_single_image image=&#8221;712&#8243; img_size=&#8221;full&#8221; alignment=&#8221;center&#8221;][\/vc_column][\/vc_row][vc_section disable_element=&#8221;yes&#8221; css=&#8221;.vc_custom_1699275551203{padding-top: 50px !important;padding-right: 0px !important;padding-bottom: 50px !important;padding-left: 0px !important;}&#8221;][vc_row el_class=&#8221;count-wrap&#8221;][vc_column width=&#8221;1\/2&#8243;][vc_column_text el_class=&#8221;text-col&#8221;]\n<p style=\"font-size: 20px; font-weight: bold; text-align: left;\">Registrar Corp aporta m\u00e1s de 20 a\u00f1os de experiencia y pericia al cumplimiento normativo.<\/p>\n[\/vc_column_text][\/vc_column][vc_column width=&#8221;1\/2&#8243;][vc_row_inner el_class=&#8221;stats-count&#8221; css=&#8221;.vc_custom_1685446330345{padding-right: 0px !important;padding-left: 0px !important;}&#8221;][vc_column_inner width=&#8221;1\/4&#8243;][vc_column_text]\n<p style=\"text-align: center; font-size: 32px; font-weight: bold; margin-bottom: unset;\">19<\/p>\n<p style=\"text-align: center; font-size: 24px;\">Oficinas en todo el mundo<\/p>\n[\/vc_column_text][\/vc_column_inner][vc_column_inner width=&#8221;1\/4&#8243;][vc_column_text]\n<p style=\"text-align: center; font-size: 32px; font-weight: bold; margin-bottom: unset;\">M\u00e1s de 175<\/p>\n<p style=\"text-align: center; font-size: 24px;\">Pa\u00edses<\/p>\n[\/vc_column_text][\/vc_column_inner][vc_column_inner width=&#8221;1\/4&#8243;][vc_column_text]\n<p style=\"text-align: center; font-size: 32px; font-weight: bold; margin-bottom: unset;\">M\u00e1s de 30,000<\/p>\n<p style=\"text-align: center; font-size: 24px;\">Clientes<\/p>\n[\/vc_column_text][\/vc_column_inner][vc_column_inner width=&#8221;1\/4&#8243;][vc_column_text]\n<p style=\"text-align: center; font-size: 32px; font-weight: bold; margin-bottom: unset;\">4.7<\/p>\n<p style=\"text-align: center; font-size: 24px;\">Puntaje Trustpilot<\/p>\n[\/vc_column_text][\/vc_column_inner][\/vc_row_inner][\/vc_column][\/vc_row][\/vc_section][vc_section css=&#8221;.vc_custom_1685446271065{padding-top: 50px !important;padding-right: 0px !important;padding-bottom: 50px !important;padding-left: 0px !important;}&#8221;][vc_row el_class=&#8221;count-wrap&#8221; el_id=&#8221;dataRow&#8221;][vc_column][vc_row_inner el_class=&#8221;stats-count&#8221; css=&#8221;.vc_custom_1685446330345{padding-right: 0px !important;padding-left: 0px !important;}&#8221;][vc_column_inner width=&#8221;1\/5&#8243;][vc_single_image image=&#8221;24453&#8243; img_size=&#8221;114&#215;65&#8243; alignment=&#8221;center&#8221;][\/vc_column_inner][vc_column_inner width=&#8221;1\/5&#8243;][vc_single_image image=&#8221;24463&#8243; img_size=&#8221;81&#215;81&#8243; alignment=&#8221;center&#8221;][\/vc_column_inner][vc_column_inner width=&#8221;1\/5&#8243;][vc_single_image image=&#8221;24481&#8243; img_size=&#8221;70&#215;72&#8243; alignment=&#8221;center&#8221;][\/vc_column_inner][vc_column_inner width=&#8221;1\/5&#8243;][vc_single_image image=&#8221;24508&#8243; img_size=&#8221;81&#215;81&#8243; alignment=&#8221;center&#8221;][\/vc_column_inner][vc_column_inner width=&#8221;1\/5&#8243;][vc_single_image image=&#8221;24499&#8243; img_size=&#8221;61&#215;81&#8243; alignment=&#8221;center&#8221;][\/vc_column_inner][\/vc_row_inner][vc_row_inner el_class=&#8221;stats-count&#8221; css=&#8221;.vc_custom_1685446330345{padding-right: 0px !important;padding-left: 0px !important;}&#8221;][vc_column_inner width=&#8221;1\/5&#8243;][vc_column_text css=&#8221;&#8221;]\n<p style=\"text-align: center; font-size: 40px; line-height: 60px; color: #003873; font-weight: bold; margin-bottom: unset;\"><span style=\"color: #f54f45;\">M\u00e1s de 30,000<\/span><\/p>\n<p style=\"text-align: center; font-size: 24px;\">Clientes<\/p>\n[\/vc_column_text][\/vc_column_inner][vc_column_inner width=&#8221;1\/5&#8243;][vc_column_text css=&#8221;&#8221;]\n<p style=\"text-align: center; font-size: 40px; line-height: 60px; color: #003873; font-weight: bold; margin-bottom: unset;\"><span style=\"color: #f54f45;\">M\u00e1s de 175<\/span><\/p>\n<p style=\"text-align: center; font-size: 24px;\">Pa\u00edses<\/p>\n[\/vc_column_text][\/vc_column_inner][vc_column_inner width=&#8221;1\/5&#8243;][vc_column_text css=&#8221;&#8221;]\n<p style=\"text-align: center; font-size: 40px; line-height: 60px; color: #003873; font-weight: bold; margin-bottom: unset;\">20<\/p>\n<p style=\"text-align: center; font-size: 24px;\">Oficinas en todo el mundo<\/p>\n[\/vc_column_text][\/vc_column_inner][vc_column_inner width=&#8221;1\/5&#8243;][vc_column_text css=&#8221;&#8221;]\n<p style=\"text-align: center; font-size: 40px; line-height: 60px; color: #003873; font-weight: bold; margin-bottom: unset;\">4,7\/5<\/p>\n<p style=\"text-align: center; font-size: 24px;\">Calificaci\u00f3n del cliente<\/p>\n[\/vc_column_text][\/vc_column_inner][vc_column_inner width=&#8221;1\/5&#8243;][vc_column_text css=&#8221;&#8221;]\n<p style=\"text-align: center; font-size: 40px; line-height: 60px; color: #003873; font-weight: bold; margin-bottom: unset;\"><span style=\"color: #f54f45;\">M\u00e1s de 20<\/span><\/p>\n<p style=\"text-align: center; font-size: 24px;\">A\u00f1os de servicio<\/p>\n[\/vc_column_text][\/vc_column_inner][\/vc_row_inner][\/vc_column][\/vc_row][\/vc_section][vc_section][vc_row full_width=&#8221;stretch_row&#8221; css=&#8221;.vc_custom_1689781988716{background-color: #ffffff !important;}&#8221; el_class=&#8221;tabs-section&#8221; el_id=&#8221;tabSection&#8221;][vc_column][vc_tta_tabs section_title_tag=&#8221;h2&#8243; style=&#8221;flat&#8221; shape=&#8221;square&#8221; color=&#8221;white&#8221; alignment=&#8221;center&#8221; active_section=&#8221;1&#8243; css=&#8221;.vc_custom_1681805628851{background-color: #ffffff !important;}&#8221;][vc_tta_section tab_id=&#8221;regulatory-compliance&#8221; el_class=&#8221;pr-0&#8243; title=&#8221;Cumplimiento regulatorio&#8221;][vc_row_inner content_placement=&#8221;middle&#8221; css=&#8221;.vc_custom_1679910686166{background-color: #ffffff !important;}&#8221; el_class=&#8221;pr-0&#8243;][vc_column_inner width=&#8221;1\/2&#8243;][vc_column_text]\n<h2>Cumplimiento normativo<\/h2>\n<p><span data-contrast=\"auto\">El cumplimiento es m\u00e1s que un trabajo de tiempo completo<\/span><span data-contrast=\"none\">:<\/span><span data-contrast=\"auto\">es un esfuerzo en equipo. La amplia gama de ofertas de Registrar Corp le permite mantenerse al tanto de la carga de trabajo. Los importadores pueden crear e implementar planes de FSVP, automatizar el cumplimiento de los proveedores y enviar productos al extranjero con el apoyo de un equipo regulatorio profesional.<\/span>[\/vc_column_text][vc_column_text el_class=&#8221;image-text-content&#8221;]<img decoding=\"async\" class=\"size-full wp-image-177 alignleft\" src=\"\/wp-content\/uploads\/2023\/07\/import-export_Secured-1.png\" alt=\"\" width=\"50\" height=\"39\"><strong>Si planea exportar productos a los EE. UU., ofrecemos registro y renovaci\u00f3n reglamentarios, asistencia para detenci\u00f3n y un software robusto as\u00ed como plataformas de capacitaci\u00f3n en l\u00ednea.<\/strong>[\/vc_column_text][vc_btn title=&#8221;Soluciones de cumplimiento regulatorio&#8221; color=&#8221;sky&#8221; i_align=&#8221;right&#8221; i_icon_fontawesome=&#8221;fas fa-arrow-right&#8221; css=&#8221;.vc_custom_1681739318907{margin-top: 30px !important;}&#8221; add_icon=&#8221;true&#8221; link=&#8221;url:https%3A%2F%2Fstaging.registrarcorp.com%2Fes%2Froles%2Fregulatory-compliance%2F|&#8221; el_class=&#8221;primary-btn&#8221;][\/vc_column_inner][vc_column_inner el_class=&#8221;pr-0&#8243; width=&#8221;1\/2&#8243;][vc_single_image image=&#8221;704&#8243; img_size=&#8221;full&#8221; alignment=&#8221;center&#8221; css=&#8221;.vc_custom_1681739331970{padding-top: 20px !important;}&#8221;][\/vc_column_inner][\/vc_row_inner][\/vc_tta_section][vc_tta_section title=&#8221;Garant\u00eda de calidad&#8221; tab_id=&#8221;quality-assurance&#8221; el_class=&#8221;pr-0&#8243;][vc_row_inner content_placement=&#8221;middle&#8221; el_class=&#8221;pr-0&#8243;][vc_column_inner width=&#8221;1\/2&#8243;][vc_column_text]\n<h2>Garant\u00eda de calidad<\/h2>\n<p><span data-contrast=\"auto\">Necesita soluciones que puedan ayudar a su empresa a cumplir y mantener est\u00e1ndares de calidad durante todo el proceso de producci\u00f3n. Garantizar el cumplimiento del producto con servicios como asistencia de aditivos de color, inspecciones simuladas e ingresos de archivos maestros (Master Files). Y facilite mejores est\u00e1ndares de producci\u00f3n con una soluci\u00f3n regulatoria y de formulaci\u00f3n de servicio completo que permita el desarrollo colaborativo.<\/span><span data-ccp-props=\"{&quot;201341983&quot;:0,&quot;335559685&quot;:0,&quot;335559731&quot;:0,&quot;335559740&quot;:276}\"><\/span>[\/vc_column_text][vc_column_text el_class=&#8221;image-text-content&#8221;]<img decoding=\"async\" class=\"size-full wp-image-177 alignleft\" src=\"\/wp-content\/uploads\/2023\/07\/foodbev_food-5682630.png\" alt=\"\" width=\"50\" height=\"39\"><strong>Registrar Corp tambi\u00e9n ser\u00e1 una de las primeras compa\u00f1\u00edas en ofrecer registro de cosm\u00e9ticos y listados de productos de la FDA.<\/strong>[\/vc_column_text][vc_btn title=&#8221;Soluciones de aseguramiento de la calidad&#8221; color=&#8221;sky&#8221; i_align=&#8221;right&#8221; i_icon_fontawesome=&#8221;fas fa-arrow-right&#8221; css=&#8221;.vc_custom_1681739414782{margin-top: 30px !important;}&#8221; add_icon=&#8221;true&#8221; link=&#8221;url:https%3A%2F%2Fstaging.registrarcorp.com%2Fes%2Froles%2Fquality-assurance%2F|&#8221; el_class=&#8221;primary-btn&#8221;][\/vc_column_inner][vc_column_inner width=&#8221;1\/2&#8243;][vc_single_image image=&#8221;696&#8243; img_size=&#8221;full&#8221; alignment=&#8221;center&#8221; css=&#8221;.vc_custom_1681739423148{padding-top: 20px !important;}&#8221;][\/vc_column_inner][\/vc_row_inner][\/vc_tta_section][vc_tta_section title=&#8221;Funciones de seguridad&#8221; tab_id=&#8221;safety-roles&#8221; el_class=&#8221;pr-0&#8243;][vc_row_inner content_placement=&#8221;middle&#8221; css=&#8221;.vc_custom_1679910718025{background-color: #ffffff !important;}&#8221; el_class=&#8221;pr-0&#8243;][vc_column_inner width=&#8221;1\/2&#8243;][vc_column_text]\n<h2>Funciones de seguridad<\/h2>\n<p><span data-contrast=\"auto\">Mantenga<\/span><span data-contrast=\"none\">seguros a sus consumidores<\/span><span data-contrast=\"auto\">,<\/span><span data-contrast=\"none\">y a su empresa<\/span><span data-contrast=\"auto\">, manteniendo los est\u00e1ndares regulatorios en cada paso del proceso de producci\u00f3n. Monitoree el cumplimiento de sus instalaciones y rastree env\u00edos en tiempo real con la plataforma automatizada de cumplimiento de Registrar.<\/span><span data-ccp-props=\"{&quot;201341983&quot;:0,&quot;335559685&quot;:0,&quot;335559731&quot;:0,&quot;335559740&quot;:276}\"><\/span>[\/vc_column_text][vc_column_text el_class=&#8221;image-text-content&#8221;]<img decoding=\"async\" class=\"size-full wp-image-177 alignleft\" src=\"\/wp-content\/uploads\/2023\/07\/foodbev_lab-test-5682636.png\" alt=\"\" width=\"50\" height=\"39\"><strong>Elija servicios de cumplimiento personalizados, como el registro de instalaciones alimentarias, la designaci\u00f3n de agentes de EE. UU. y los planes e implementaci\u00f3n de seguridad alimentaria. Proporcionar capacitaci\u00f3n rentable a los trabajadores de primera l\u00ednea sobre las mejores pr\u00e1cticas de seguridad alimentaria.<\/strong>[\/vc_column_text][vc_btn title=&#8221;Soluciones de seguridad&#8221; color=&#8221;sky&#8221; i_align=&#8221;right&#8221; i_icon_fontawesome=&#8221;fas fa-arrow-right&#8221; css=&#8221;.vc_custom_1681739497244{margin-top: 30px !important;}&#8221; add_icon=&#8221;true&#8221; link=&#8221;url:https%3A%2F%2Fstaging.registrarcorp.com%2Fes%2Froles%2Fsafety%2F|&#8221; el_class=&#8221;primary-btn&#8221;][\/vc_column_inner][vc_column_inner width=&#8221;1\/2&#8243;][vc_single_image image=&#8221;688&#8243; img_size=&#8221;full&#8221; alignment=&#8221;center&#8221;][\/vc_column_inner][\/vc_row_inner][\/vc_tta_section][vc_tta_section title=&#8221;Investigaci\u00f3n y desarrollo&#8221; tab_id=&#8221;reseach-and-development&#8221; el_class=&#8221;pr-0&#8243;][vc_row_inner content_placement=&#8221;middle&#8221;][vc_column_inner width=&#8221;1\/2&#8243;][vc_column_text]\n<h2>Investigaci\u00f3n y desarrollo<\/h2>\n<p><span data-contrast=\"auto\">Hacer malabares con m\u00faltiples sistemas de formulaci\u00f3n puede tener resultados menos que ideales. Junte a su equipo de R&amp;D y sus procesos en una sola plataforma segura. Nuestras soluciones de software le permiten supervisar la producci\u00f3n y gestionar a los proveedores, colaborar en el desarrollo de productos cosm\u00e9ticos <\/span><span data-contrast=\"auto\">y mantener el cumplimiento del etiquetado de manera f\u00e1cil y eficiente.<\/span><span data-ccp-props=\"{&quot;201341983&quot;:0,&quot;335559740&quot;:276}\"><\/span>[\/vc_column_text][vc_column_text el_class=&#8221;image-text-content&#8221;]<img decoding=\"async\" class=\"size-full wp-image-177 alignleft\" src=\"\/wp-content\/uploads\/2023\/07\/Pharma_test-samples-1113244.png\" alt=\"\" width=\"50\" height=\"39\"><strong>Tambi\u00e9n podemos servirle identificando posibles problemas de cumplimiento con nuestro servicio de Revisi\u00f3n de Etiquetas e Ingredientes.<\/strong>[\/vc_column_text][vc_btn title=&#8221;Soluciones R&amp;D&#8221; color=&#8221;sky&#8221; i_align=&#8221;right&#8221; i_icon_fontawesome=&#8221;fas fa-arrow-right&#8221; css=&#8221;.vc_custom_1681739581179{margin-top: 30px !important;}&#8221; add_icon=&#8221;true&#8221; link=&#8221;url:https%3A%2F%2Fstaging.registrarcorp.com%2Fes%2Froles%2Fresearch-development%2F|&#8221; el_class=&#8221;primary-btn&#8221;][\/vc_column_inner][vc_column_inner width=&#8221;1\/2&#8243;][vc_single_image image=&#8221;680&#8243; img_size=&#8221;full&#8221; alignment=&#8221;center&#8221; css=&#8221;.vc_custom_1681739589565{padding-top: 20px !important;}&#8221;][\/vc_column_inner][\/vc_row_inner][\/vc_tta_section][vc_tta_section title=&#8221;Ejecutivos&#8221; tab_id=&#8221;executives&#8221; el_class=&#8221;pr-0&#8243;][vc_row_inner content_placement=&#8221;middle&#8221;][vc_column_inner width=&#8221;1\/2&#8243;][vc_column_text]\n<h2>Ejecutivos<\/h2>\n<p><span data-contrast=\"auto\">Construir un negocio exitoso y que cumpla con las normas. Las soluciones integrales de Registrar Corp optimizan las operaciones internas para que pueda enfocarse en el crecimiento. Acelere la eficiencia con apoyo profesional para el registro en la FDA, planes de seguridad alimentaria, aviso previo y m\u00e1s.<\/span><span data-ccp-props=\"{&quot;201341983&quot;:0,&quot;335559685&quot;:0,&quot;335559731&quot;:0,&quot;335559740&quot;:276}\"><\/span>[\/vc_column_text][vc_column_text el_class=&#8221;image-text-content&#8221;]<img decoding=\"async\" class=\"size-full wp-image-177 alignleft\" src=\"\/wp-content\/uploads\/2023\/07\/Tabletphones_smartphone-3311727.png\" alt=\"\" width=\"50\" height=\"39\"><strong>Aproveche nuestras soluciones de software para simplificar el cumplimiento de los proveedores, aumentar la capacitaci\u00f3n regulatoria para su personal y optimizar el desarrollo de productos cosm\u00e9ticos.<\/strong>[\/vc_column_text][vc_btn title=&#8221;Soluciones ejecutivas&#8221; color=&#8221;sky&#8221; i_align=&#8221;right&#8221; i_icon_fontawesome=&#8221;fas fa-arrow-right&#8221; css=&#8221;.vc_custom_1681739658805{margin-top: 30px !important;}&#8221; add_icon=&#8221;true&#8221; link=&#8221;url:https%3A%2F%2Fstaging.registrarcorp.com%2Fes%2Froles%2Fexecutives%2F|&#8221; el_class=&#8221;primary-btn&#8221;][\/vc_column_inner][vc_column_inner width=&#8221;1\/2&#8243;][vc_single_image image=&#8221;672&#8243; img_size=&#8221;full&#8221; alignment=&#8221;center&#8221; css=&#8221;.vc_custom_1681739665977{padding-top: 20px !important;}&#8221;][\/vc_column_inner][\/vc_row_inner][\/vc_tta_section][\/vc_tta_tabs][\/vc_column][\/vc_row][\/vc_section][vc_section el_class=&#8221;lorem-ipsum-section&#8221;][vc_row][vc_column]<div id=\"section-338\" class=\"el-109495435264ad9058464f4 ss-element gusta-section-vc-element \"><div class=\"section-container\">[vc_row el_class=\"lorem-ipsum-section\"][vc_column css=\".vc_custom_1689087893301{padding-top: 60px !important;padding-bottom: 60px !important;}\"][vc_row_inner][vc_column_inner width=\"2\/3\"][vc_column_text css=\"\"]\r\n<h2 style=\"color: #003873; font-size: 40px; font-weight: bold;\">Nuestra biblioteca de recursos<\/h2>\r\n<span style=\"color: #003873; font-size: 18px;\">Con m\u00e1s de 20 a\u00f1os de experiencia regulatoria, tenemos lo necesario para satisfacer sus necesidades de importaci\u00f3n y exportaci\u00f3n.\r\n<\/span>\r\n\r\n<span style=\"color: #003873; font-size: 18px;\">Nuestro completo conjunto de servicios, software y formaci\u00f3n en l\u00ednea simplifican el cumplimiento para que pueda hacer negocios mejor.\r\n<\/span>[\/vc_column_text][\/vc_column_inner][vc_column_inner width=\"1\/3\"]\n            <link rel=\"stylesheet\" href=\"\/wp-content\/plugins\/mpc-massive\/assets\/fonts\/mi\/mi.min.css\">\n            <div id=\"icon-list-resources\" class=\"mpc-icon-list mpc-icon--right mpc-inited\"><ul class=\"mpc-list__ul\"><li class=\"mpc-list__item mpc-parent-hover mpc-transition\">\n                        <div class=\"mpc-list__icon\">\n                            <div class=\"mpc-icon mpc-transition mpc-effect-none mpc-icon-hover mpc-inited icon-arrow\">\n                            <div class=\"mpc-icon-wrap\">\n                                <i class=\"mpc-icon-part mpc-regular mpc-transition mi mi-arrow_forward\"><\/i>\n                                <i class=\"mpc-icon-part mpc-hover mpc-transition mi mi-arrow_forward\"><\/i>\n                            <\/div>\n                            <\/div>\n                        <\/div>\n                        <span class=\"mpc-list__title\">\n                            <a href=\"https:\/\/staging.registrarcorp.com\/blog\/\">Blog<\/a>\n                        <\/span>\n                    <\/li><li class=\"mpc-list__item mpc-parent-hover mpc-transition\">\n                        <div class=\"mpc-list__icon\">\n                            <div class=\"mpc-icon mpc-transition mpc-effect-none mpc-icon-hover mpc-inited icon-arrow\">\n                            <div class=\"mpc-icon-wrap\">\n                                <i class=\"mpc-icon-part mpc-regular mpc-transition mi mi-arrow_forward\"><\/i>\n                                <i class=\"mpc-icon-part mpc-hover mpc-transition mi mi-arrow_forward\"><\/i>\n                            <\/div>\n                            <\/div>\n                        <\/div>\n                        <span class=\"mpc-list__title\">\n                            <a href=\"https:\/\/staging.registrarcorp.com\/resources\/events\/\">Seminario web\/eventos<\/a>\n                        <\/span>\n                    <\/li><li class=\"mpc-list__item mpc-parent-hover mpc-transition\">\n                        <div class=\"mpc-list__icon\">\n                            <div class=\"mpc-icon mpc-transition mpc-effect-none mpc-icon-hover mpc-inited icon-arrow\">\n                            <div class=\"mpc-icon-wrap\">\n                                <i class=\"mpc-icon-part mpc-regular mpc-transition mi mi-arrow_forward\"><\/i>\n                                <i class=\"mpc-icon-part mpc-hover mpc-transition mi mi-arrow_forward\"><\/i>\n                            <\/div>\n                            <\/div>\n                        <\/div>\n                        <span class=\"mpc-list__title\">\n                            <a href=\"https:\/\/staging.registrarcorp.com\/resources\/case-studies\/\">Estudios de caso<\/a>\n                        <\/span>\n                    <\/li><\/ul><\/div>[\/vc_column_inner][\/vc_row_inner][\/vc_column][\/vc_row]<\/div><\/div>[\/vc_column][\/vc_row][\/vc_section][vc_row css=&#8221;.vc_custom_1681739690722{margin-top: -35px !important;}&#8221;][vc_column]<div id=\"section-292\" class=\"el-1587595336643d4fae30eff ss-element gusta-section-vc-element \"><div class=\"section-container\">[vc_row full_width=\"stretch_row\" el_id=\"bottomRow\" css=\".vc_custom_1738666549366{padding-top: 45px !important;padding-bottom: 45px !important;background-color: #8ed6ff !important;}\"][vc_column_text css=\"\" el_class=\"are-you-ready-heading\"]\r\n<div style=\"color: #003873;\">\u00bfEst\u00e1 listo para un mejor cumplimiento?<\/div>\r\n[vc_btn title=\"Comience\" shape=\"square\" color=\"default\" align=\"left\" i_align=\"right\" i_icon_fontawesome=\"fas fa-arrow-right\" add_icon=\"true\" link=\"url:https%3A%2F%2Fstaging.registrarcorp.com%2Fes%2Fcontact%2F%23contact-us|\" el_class=\"get-started-btn\"][\/vc_column_text][\/vc_row]<\/div><\/div>[\/vc_column][\/vc_row]\n<\/div>","protected":false},"excerpt":{"rendered":"<p>[vc_row full_width=&#8221;stretch_row&#8221; css=&#8221;.vc_custom_1726760550789{padding-top: 100px !important;background-color: #f4f4f4 !important;}&#8221; el_class=&#8221;topContainer row-wdith hero-section&#8221; el_id=&#8221;headerRow&#8221;][vc_column width=&#8221;1\/2&#8243;][vc_column_text fnt_family=&#8221;Montserrat&#8221; fnt_family_h1=&#8221;Montserrat&#8221; fnt_size_h1=&#8221;56&#8243;] Encuentre las soluciones de cumplimiento adecuadas para su funci\u00f3n. [\/vc_column_text][vc_column_text fnt_family=&#8221;Montserrat&#8221; fnt_size=&#8221;24&#8243;]Registrar Corp est\u00e1 formado por profesionales regulatorios, para profesionales regulatorios. Hemos creado servicios, soluciones de software y programas de capacitaci\u00f3n adaptados a sus necesidades, para que pueda mantener su<\/p>\n","protected":false},"author":40,"featured_media":0,"parent":0,"menu_order":0,"comment_status":"closed","ping_status":"closed","template":"page-templates\/page-sidebar-none.php","meta":{"_acf_changed":false,"content-type":"","footnotes":""},"class_list":["post-14938","page","type-page","status-publish","hentry"],"acf":[],"_links":{"self":[{"href":"https:\/\/staging.registrarcorp.com\/es\/wp-json\/wp\/v2\/pages\/14938","targetHints":{"allow":["GET"]}}],"collection":[{"href":"https:\/\/staging.registrarcorp.com\/es\/wp-json\/wp\/v2\/pages"}],"about":[{"href":"https:\/\/staging.registrarcorp.com\/es\/wp-json\/wp\/v2\/types\/page"}],"author":[{"embeddable":true,"href":"https:\/\/staging.registrarcorp.com\/es\/wp-json\/wp\/v2\/users\/40"}],"replies":[{"embeddable":true,"href":"https:\/\/staging.registrarcorp.com\/es\/wp-json\/wp\/v2\/comments?post=14938"}],"version-history":[{"count":0,"href":"https:\/\/staging.registrarcorp.com\/es\/wp-json\/wp\/v2\/pages\/14938\/revisions"}],"wp:attachment":[{"href":"https:\/\/staging.registrarcorp.com\/es\/wp-json\/wp\/v2\/media?parent=14938"}],"curies":[{"name":"wp","href":"https:\/\/api.w.org\/{rel}","templated":true}]}}