{"id":14792,"date":"2023-03-20T06:55:09","date_gmt":"2023-03-20T06:55:09","guid":{"rendered":"https:\/\/staging.registrarcorp.com\/services\/"},"modified":"2025-06-05T20:19:47","modified_gmt":"2025-06-05T20:19:47","slug":"services","status":"publish","type":"page","link":"https:\/\/staging.registrarcorp.com\/es\/services\/","title":{"rendered":"Servicios"},"content":{"rendered":"<div class=\"wpb-content-wrapper\">[vc_section full_width=&#8221;stretch_row&#8221; css=&#8221;.vc_custom_1686228781259{padding-bottom: 60px !important;background-color: #ffffff !important;}&#8221; el_class=&#8221;banner-section&#8221;][vc_row el_class=&#8221;hero-section&#8221;][vc_column width=&#8221;1\/2&#8243;][vc_column_text css=&#8221;&#8221;]\n<h1 class=\"banner-title\"><strong>Personas reales<span class=\"void\"> ayud\u00e1ndote<\/span><span style=\"color: #0081ff;\"> navegar por el cumplimiento.<\/span><\/strong><\/h1>\n[\/vc_column_text][vc_column_text el_class=&#8221;banner-content&#8221;]Mantener el cumplimiento puede ser intimidante para las empresas. Es por eso que estamos aqu\u00ed para ayudar. Con un personal dedicado y d\u00e9cadas de experiencia y conocimientos en todo lo relacionado con el cumplimiento normativo, Registrar Corp a\u00f1ade el toque humano a un proceso complicado.[\/vc_column_text][vc_btn title=&#8221;Explore nuestros servicios&#8221; color=&#8221;sky&#8221; align=&#8221;left&#8221; i_align=&#8221;right&#8221; i_icon_fontawesome=&#8221;fas fa-arrow-right&#8221; add_icon=&#8221;true&#8221; link=&#8221;url:%23services|&#8221; el_class=&#8221;primary-btn&#8221;][\/vc_column][vc_column width=&#8221;1\/2&#8243;][vc_single_image image=&#8221;10006&#8243; img_size=&#8221;large&#8221;][\/vc_column][\/vc_row][\/vc_section][vc_section full_width=&#8221;stretch_row&#8221; css=&#8221;.vc_custom_1686227025626{padding-top: 30px !important;padding-bottom: 30px !important;background-color: #ffffff !important;}&#8221; el_id=&#8221;secondSection&#8221;][vc_row][vc_column width=&#8221;1\/2&#8243;][vc_single_image image=&#8221;2705&#8243; img_size=&#8221;large&#8221;][\/vc_column][vc_column width=&#8221;1\/2&#8243; css=&#8221;.vc_custom_1686227192949{padding-right: 40px !important;padding-left: 40px !important;}&#8221; el_class=&#8221;how-we-help-col&#8221;][vc_column_text css=&#8221;&#8221;]\n<h2 style=\"color: #003873; font-size: 40px; font-weight: bold;\">C\u00f3mo ayudamos<\/h2>\n<p style=\"color: #003873;\">Registrar Corp es m\u00e1s que solo un proveedor: nos asociamos con las compa\u00f1\u00edas a las que prestamos servicios, asegur\u00e1ndose de que tengan todo lo que necesitan para obtener y mantenerse en cumplimiento\u00a0con las normas.<\/p>\n<p style=\"color: #003873;\">Nuestros servicios est\u00e1n dise\u00f1ados para hacer que el cumplimiento normativo sea un proceso r\u00e1pido y f\u00e1cil, proteger las empresas de nuestros clientes y mantener seguros a los consumidores.<\/p>\n[\/vc_column_text][vc_empty_space][vc_column_text css=&#8221;&#8221;]\n<h2 style=\"color: #003873; font-size: 40px; font-weight: bold;\">Oficinas globales<\/h2>\n<p style=\"color: #003873;\">Con 20 oficinas globales, Registrar Corp est\u00e1 equipada para satisfacer las necesidades de cumplimiento de importadores y exportadores tanto en los mercados de EE. UU. como en los internacionales.<\/p>\n[\/vc_column_text][\/vc_column][\/vc_row][\/vc_section][vc_section full_width=&#8221;stretch_row&#8221; css=&#8221;.vc_custom_1689782176520{padding-top: 30px !important;padding-bottom: 30px !important;background-color: #ffffff !important;}&#8221; el_class=&#8221;three-card-section&#8221; el_id=&#8221;services&#8221;][vc_row][vc_column width=&#8221;1\/3&#8243;][vc_single_image image=&#8221;10038&#8243; img_size=&#8221;432&#215;244&#8243; alignment=&#8221;center&#8221;][vc_column_text]\n<h2 style=\"color: #003873; font-size: 32px; font-weight: 600;\">Registro de la FDA<\/h2>\n<p><span style=\"font-weight: 500;\" data-contrast=\"auto\">Promueva la seguridad del consumidor y proteja la marca con la que importa\/exporta registr\u00e1ndose en la FDA. Nuestros servicios de registro apoyan a todas las principales industrias reguladas por la FDA, desde alimentos y bebidas hasta productos biol\u00f3gicos y cosm\u00e9ticos. Trabaje con Registrar Corp para tramitar y renovar su registro en la FDA.<\/span><span data-ccp-props=\"{&quot;201341983&quot;:0,&quot;335559685&quot;:0,&quot;335559731&quot;:0,&quot;335559740&quot;:276}\"><\/span>[\/vc_column_text][vc_column_text css=&#8221;.vc_custom_1687353614175{margin-bottom: 60px !important;}&#8221;]<a style=\"color: #0074e5; font-weight: 500;\" href=\"https:\/\/staging.registrarcorp.com\/es\/services\/fda-registration\/\">Explorar el registro de la FDA<\/a>[\/vc_column_text][\/vc_column][vc_column width=&#8221;1\/3&#8243;][vc_single_image image=&#8221;10030&#8243; img_size=&#8221;400&#215;244&#8243; alignment=&#8221;center&#8221;][vc_column_text]\n<h2 style=\"color: #003873; font-size: 32px; font-weight: 600;\">Asistencia para la detenci\u00f3n<\/h2>\n<p><span style=\"font-weight: 500;\" data-contrast=\"auto\">\u00bfHa sido detenido su env\u00edo de producto en el puerto de entrada? El equipo de expertos de Registrar Corp puede ayudarle a determinar la causa de la detenci\u00f3n e identificar un plan de acci\u00f3n para cruzar sus productos a trav\u00e9s de la Oficina de Aduanas y Protecci\u00f3n Fronteriza de los EE. UU.<\/span><span data-ccp-props=\"{&quot;201341983&quot;:0,&quot;335559685&quot;:0,&quot;335559731&quot;:0,&quot;335559740&quot;:276}\"><\/span>[\/vc_column_text][vc_column_text css=&#8221;.vc_custom_1687353663820{margin-bottom: 60px !important;}&#8221;]<a style=\"color: #0074e5; font-weight: 500;\" href=\"https:\/\/staging.registrarcorp.com\/es\/services\/detention-assistance\/\">Obtenga asistencia para la detenci\u00f3n<\/a>[\/vc_column_text][\/vc_column][vc_column width=&#8221;1\/3&#8243;][vc_single_image image=&#8221;10022&#8243; img_size=&#8221;400&#215;244&#8243; alignment=&#8221;center&#8221;][vc_column_text]\n<h2 style=\"color: #003873; font-size: 32px; font-weight: 600;\">Servicios de seguridad alimentaria<\/h2>\n<p><span style=\"font-weight: 500;\" data-contrast=\"auto\">Nuestro equipo experto de profesionales de seguridad alimentaria se compromete a ayudarle a lograr y mantener el cumplimiento de la seguridad alimentaria. Trabajamos con instalaciones de alimentos y bebidas para desarrollar planes de seguridad alimentaria, prepararlos para las inspecciones de la FDA y m\u00e1s.<\/span><span data-ccp-props=\"{&quot;201341983&quot;:0,&quot;335559740&quot;:276}\"><\/span>[\/vc_column_text][vc_column_text css=&#8221;.vc_custom_1687353643939{margin-bottom: 60px !important;}&#8221;]<a style=\"color: #0074e5; font-weight: 500;\" href=\"https:\/\/staging.registrarcorp.com\/es\/services\/food-safety\/\">Comience<\/a>[\/vc_column_text][\/vc_column][\/vc_row][\/vc_section][vc_section css=&#8221;.vc_custom_1686291627652{padding-top: 60px !important;padding-bottom: 60px !important;}&#8221;][vc_row content_placement=&#8221;middle&#8221;][vc_column width=&#8221;1\/2&#8243; css=&#8221;.vc_custom_1686302555042{padding-right: 60px !important;padding-left: 60px !important;}&#8221;][vc_column_text]\n<div class=\"d-flex\">\n<div><img decoding=\"async\" class=\"alignnone size-full wp-image-177\" src=\"\/wp-content\/uploads\/2023\/07\/work-safety2_prevention.png\" alt=\"\" width=\"50\" height=\"39\"><\/div>\n<div>\n<h2 style=\"color: #003873; font-size: 32px; font-weight: 600; margin-bottom: 24px;\">Alertas de importaci\u00f3n y DWPE<\/h2>\n<\/div>\n<\/div>\n<p style=\"padding-left: 50px; font-weight: 500;\">Administre mejor su estado de cumplimiento con la FDA y evite la detenci\u00f3n de env\u00edos.<\/p>\n<p style=\"padding-left: 50px; font-weight: 500; margin-bottom: 24px;\">Nuestros servicios incluyen an\u00e1lisis de detenci\u00f3n de env\u00edos, apoyo en la petici\u00f3n de alerta de importaci\u00f3n, y monitoreo continuo del cumplimiento a trav\u00e9s de nuestra plataforma patentada de cumplimiento con FDA.<\/p>\n<p style=\"padding-left: 50px; font-weight: 500;\"><span style=\"color: #0074e5;\"><a style=\"color: #0074e5;\" href=\"https:\/\/staging.registrarcorp.com\/es\/services\/import-alerts-dwpe\/\">Ayuda con alertas de importaci\u00f3n<\/a><\/span><\/p>\n[\/vc_column_text][vc_empty_space][vc_column_text]\n<div class=\"d-flex\">\n<div><img decoding=\"async\" class=\"alignnone size-full wp-image-177\" src=\"\/wp-content\/uploads\/2023\/07\/Pharma_prescription-1113134.png\" alt=\"\" width=\"50\" height=\"39\"><\/div>\n<div>\n<h2 style=\"color: #003873; font-size: 32px; font-weight: 600; margin-bottom: 24px;\">Revisi\u00f3n de etiquetas e ingredientes<\/h2>\n<\/div>\n<\/div>\n<p style=\"padding-left: 50px; font-weight: 500;\">Cumplir con los requisitos de la FDA es un paso crucial para ingresar al mercado de los EE. UU., y no solo para las etiquetas. Cualquier cosa utilizada para comercializar su producto, desde el embalaje hasta su sitio web, debe cumplir con las regulaciones.<\/p>\n<p style=\"padding-left: 50px; font-weight: 500; margin-bottom: 24px;\">As\u00f3ciese con nuestro equipo profesional para garantizar su cumplimiento en todos los activos de productos y evitar costosas interrupciones en la cadena de suministro.<\/p>\n<p style=\"padding-left: 50px; font-weight: 500;\"><span style=\"color: #0074e5;\"><a style=\"color: #0074e5;\" href=\"https:\/\/staging.registrarcorp.com\/es\/services\/label-ingredients-review\/\">Explorar la revisi\u00f3n de etiquetas e ingredientes<\/a><\/span><\/p>\n[\/vc_column_text][\/vc_column][vc_column width=&#8221;1\/2&#8243;][vc_single_image image=&#8221;10318&#8243; img_size=&#8221;large&#8221; alignment=&#8221;center&#8221;][\/vc_column][\/vc_row][\/vc_section][vc_section full_width=&#8221;stretch_row&#8221; css=&#8221;.vc_custom_1736782071172{padding-top: 80px !important;padding-bottom: 30px !important;background-color: #ffffff !important;}&#8221; el_class=&#8221;three-card-section&#8221; el_id=&#8221;topics&#8221;][vc_row el_class=&#8221;vc_row-flex&#8221;][vc_column width=&#8221;1\/4&#8243;][vc_single_image image=&#8221;607&#8243; img_size=&#8221;400&#215;244&#8243; alignment=&#8221;center&#8221;][vc_column_text css=&#8221;&#8221;]\n<h2 style=\"color: #003873; font-size: 32px; font-weight: 600;\">Ayuda de aviso previo<\/h2>\n<p><span style=\"font-weight: 500;\" data-contrast=\"auto\">Presente un aviso previo ante la FDA de los EE. UU. para sus env\u00edos de alimentos, bebidas y suplementos dietarios. Nuestra ayuda con el Aviso previo permite facilitar el proceso de tr\u00e1mite y a reducir posibles errores.<\/span>[\/vc_column_text][vc_column_text css=&#8221;.vc_custom_1736782336166{margin-bottom: 60px !important;}&#8221;]<a style=\"color: #0074e5; font-weight: 500;\" href=\"https:\/\/staging.registrarcorp.com\/es\/services\/prior-notice-express\/\">Comience<\/a>[\/vc_column_text][\/vc_column][vc_column width=&#8221;1\/4&#8243;][vc_single_image image=&#8221;47348&#8243; img_size=&#8221;full&#8221; alignment=&#8221;center&#8221; css=&#8221;&#8221;][vc_column_text css=&#8221;&#8221;]\n<h2 style=\"color: #003873; font-size: 32px; font-weight: 600;\">Exportar certificado<\/h2>\n<p><span style=\"font-weight: 500;\" data-contrast=\"auto\">Las empresas que exportan productos desde los Estados Unidos a menudo son solicitadas por clientes extranjeros o gobiernos extranjeros para suministrar un certificado de exportaci\u00f3n para productos regulados por la FDA de los EE. UU.<\/span>[\/vc_column_text][vc_column_text css=&#8221;.vc_custom_1736782343026{margin-bottom: 60px !important;}&#8221;]<a style=\"color: #0074e5; font-weight: 500;\" href=\"https:\/\/staging.registrarcorp.com\/es\/services\/fda-export-certificate\/\">Exportar detalles del certificado<\/a>[\/vc_column_text][\/vc_column][vc_column width=&#8221;1\/4&#8243;][vc_single_image image=&#8221;10134&#8243; img_size=&#8221;400&#215;244&#8243; alignment=&#8221;center&#8221;][vc_column_text css=&#8221;&#8221;]\n<h2 style=\"color: #003873; font-size: 32px; font-weight: 600;\">Asignaciones de beneficios fiscales de TTB<\/h2>\n<p><span style=\"font-weight: 500;\" data-contrast=\"auto\">Simplifique los beneficios fiscales para sus importadores estadounidenses. Registrar Corp puede ayudarle a registrar su negocio en la Oficina de Impuestos y Comercio sobre el Alcohol (Alcohol Tax and Trade Bureau, TTB), navegar por su nuevo portal en l\u00ednea y cumplir con las solicitudes de los importadores de asignaciones de beneficios fiscales federales.<\/span>[\/vc_column_text][vc_column_text css=&#8221;.vc_custom_1736782358738{margin-bottom: 60px !important;}&#8221;]<a style=\"color: #0074e5; font-weight: 500;\" href=\"https:\/\/staging.registrarcorp.com\/es\/services\/ttb-compliance-solutions\/\">M\u00e1s informaci\u00f3n sobre la TTB<\/a>[\/vc_column_text][\/vc_column][vc_column width=&#8221;1\/4&#8243;][vc_single_image image=&#8221;10118&#8243; img_size=&#8221;400&#215;244&#8243; alignment=&#8221;center&#8221;][vc_column_text css=&#8221;&#8221;]\n<h2 style=\"color: #003873; font-size: 32px; font-weight: 600;\">Cumplimiento del dispositivo emisor de radiaci\u00f3n\u00a0<\/h2>\n<p><span style=\"font-weight: 500;\" data-contrast=\"auto\">Registrar Corp puede ayudarle a prepararse para distribuir su dispositivo electr\u00f3nico emisor de radiaci\u00f3n (RED) al mercado de los EE. UU. Ofrecemos servicios de cumplimiento que incluyen el Registro de la FDA, la designaci\u00f3n de Agentes de EE. UU. y los Reportes de productos.<\/span>[\/vc_column_text][vc_column_text css=&#8221;.vc_custom_1736782372576{margin-bottom: 60px !important;}&#8221;]<a style=\"color: #0074e5; font-weight: 500;\" href=\"https:\/\/staging.registrarcorp.com\/es\/services\/radiation-emitting-device-reporting\/\">Explorar RED<\/a>[\/vc_column_text][\/vc_column][\/vc_row][vc_row][vc_column width=&#8221;1\/2&#8243;][\/vc_column][vc_column width=&#8221;1\/2&#8243;][\/vc_column][\/vc_row][\/vc_section][vc_section full_width=&#8221;stretch_row&#8221; content_placement=&#8221;middle&#8221; css=&#8221;.vc_custom_1684844353604{padding-top: 70px !important;padding-bottom: 30px !important;}&#8221;][vc_row content_placement=&#8221;middle&#8221;][vc_column width=&#8221;1\/2&#8243;][vc_single_image image=&#8221;10054&#8243; img_size=&#8221;598&#215;658&#8243; alignment=&#8221;center&#8221;][\/vc_column][vc_column width=&#8221;1\/2&#8243;][vc_column_text css=&#8221;&#8221;]\n<div class=\"d-flex\">\n<div><img decoding=\"async\" class=\"alignnone size-full wp-image-288\" src=\"\/wp-content\/uploads\/2023\/07\/foodbev_2_fruit-spread-3758100.png\" alt=\"\" width=\"60\" height=\"39\"><\/div>\n<div>\n<h2 style=\"color: #003873; font-size: 32px; font-weight: 600; padding-left: 20px;\">Servicios de establecimiento de enlatado de alimentos<\/h2>\n<p style=\"color: #3d3d3d; font-weight: 500; padding-left: 20px;\">Permita que Registrar Corp lo ayude a determinar si sus productos alimenticios est\u00e1n sujetos a los requisitos del establecimiento de enlatado de alimentos (Food Canning Establishment, FCE). Nuestro equipo de especialistas puede ayudar con el registro de FCE, los tr\u00e1mites de SID y m\u00e1s.<\/p>\n<\/div>\n<\/div>\n[\/vc_column_text][vc_empty_space][vc_column_text]\n<p style=\"padding-left: 40px;\"><span style=\"color: #0074e5;\"><a style=\"color: #0074e5; font-size: 16px; font-weight: 500;\" href=\"https:\/\/staging.registrarcorp.com\/es\/services\/fce-registration\/\">Descubra los servicios de FCE<\/a><\/span><\/p>\n[\/vc_column_text][vc_empty_space][vc_column_text]\n<div class=\"d-flex\">\n<div><img decoding=\"async\" class=\"alignnone size-full wp-image-288\" src=\"\/wp-content\/uploads\/2023\/07\/import-export_No-package.png\" alt=\"\" width=\"60\" height=\"39\"><\/div>\n<div>\n<h2 style=\"color: #003873; font-size: 32px; font-weight: 600; padding-left: 20px;\">Servicios de GACC<\/h2>\n<p style=\"color: #3d3d3d; font-size: 16px; font-weight: 500; padding-left: 20px;\">Registrar Corp no solo le ayuda a registrarse y cumplir con las agencias reguladoras de los EE. UU. Tambi\u00e9n podemos ayudarlo a enviar correctamente el registro de su instalaci\u00f3n de alimentos a la Administraci\u00f3n General de Aduanas (General Administration of Customs, GACC) de China.<\/p>\n<\/div>\n<\/div>\n[\/vc_column_text][vc_empty_space][vc_column_text]\n<p style=\"padding-left: 40px;\"><span style=\"color: #0074e5;\"><a style=\"color: #0074e5; font-size: 16px; font-weight: 500;\" href=\"https:\/\/staging.registrarcorp.com\/es\/services\/gacc-registration\/\">Obtenga ayuda con GACC <\/a><\/span><\/p>\n[\/vc_column_text][\/vc_column][\/vc_row][\/vc_section][vc_row full_width=&#8221;stretch_row&#8221; css=&#8221;.vc_custom_1684754096565{padding-top: 40px !important;padding-bottom: 40px !important;background-color: #ffffff !important;}&#8221; el_class=&#8221;business-model-tabs&#8221;][vc_column][vc_row_inner content_placement=&#8221;middle&#8221;][vc_column_inner width=&#8221;1\/4&#8243;][vc_single_image image=&#8221;2551&#8243; img_size=&#8221;large&#8221;][\/vc_column_inner][vc_column_inner width=&#8221;1\/2&#8243;][vc_custom_heading text=&#8221;Cumplimiento r\u00e1pido y f\u00e1cil con Registrar Corp&#8221; font_container=&#8221;tag:h2|text_align:left|color:%23003873&#8243; google_fonts=&#8221;font_family:Montserrat%3Aregular%2C700|font_style:700%20bold%20regular%3A700%3Anormal&#8221;][vc_column_text fnt_family=&#8221;Montserrat&#8221; fnt_size=&#8221;18&#8243;]Nuestra gama de servicios de cumplimiento normativo est\u00e1 dise\u00f1ada para brindarle tranquilidad para que pueda concentrarse en ingresar a los mercados estadounidenses e internacionales. [\/vc_column_text][\/vc_column_inner][vc_column_inner width=&#8221;1\/4&#8243;][vc_single_image image=&#8221;2551&#8243; img_size=&#8221;large&#8221;][\/vc_column_inner][\/vc_row_inner][\/vc_column][\/vc_row][vc_row][vc_column css=&#8221;.vc_custom_1684753987998{padding-top: 0px !important;}&#8221;]<div id=\"section-292\" class=\"el-167382863641945e977f31 ss-element gusta-section-vc-element \"><div class=\"section-container\">[vc_row full_width=\"stretch_row\" el_id=\"bottomRow\" css=\".vc_custom_1738666549366{padding-top: 45px !important;padding-bottom: 45px !important;background-color: #8ed6ff !important;}\"][vc_column_text css=\"\" el_class=\"are-you-ready-heading\"]\r\n<div style=\"color: #003873;\">\u00bfEst\u00e1 listo para un mejor cumplimiento?<\/div>\r\n[vc_btn title=\"Comience\" shape=\"square\" color=\"default\" align=\"left\" i_align=\"right\" i_icon_fontawesome=\"fas fa-arrow-right\" add_icon=\"true\" link=\"url:https%3A%2F%2Fstaging.registrarcorp.com%2Fes%2Fcontact%2F%23contact-us|\" el_class=\"get-started-btn\"][\/vc_column_text][\/vc_row]<\/div><\/div>[\/vc_column][\/vc_row]\n<\/div>","protected":false},"excerpt":{"rendered":"<p>[vc_section full_width=&#8221;stretch_row&#8221; css=&#8221;.vc_custom_1686228781259{padding-bottom: 60px !important;background-color: #ffffff !important;}&#8221; el_class=&#8221;banner-section&#8221;][vc_row el_class=&#8221;hero-section&#8221;][vc_column width=&#8221;1\/2&#8243;][vc_column_text css=&#8221;&#8221;] Personas reales ayud\u00e1ndote navegar por el cumplimiento. [\/vc_column_text][vc_column_text el_class=&#8221;banner-content&#8221;]Mantener el cumplimiento puede ser intimidante para las empresas. Es por eso que estamos aqu\u00ed para ayudar. Con un personal dedicado y d\u00e9cadas de experiencia y conocimientos en todo lo relacionado con el cumplimiento normativo, Registrar<\/p>\n","protected":false},"author":33,"featured_media":0,"parent":0,"menu_order":0,"comment_status":"closed","ping_status":"closed","template":"page-templates\/page-sidebar-none.php","meta":{"_acf_changed":false,"content-type":"","footnotes":""},"class_list":["post-14792","page","type-page","status-publish","hentry"],"acf":[],"_links":{"self":[{"href":"https:\/\/staging.registrarcorp.com\/es\/wp-json\/wp\/v2\/pages\/14792","targetHints":{"allow":["GET"]}}],"collection":[{"href":"https:\/\/staging.registrarcorp.com\/es\/wp-json\/wp\/v2\/pages"}],"about":[{"href":"https:\/\/staging.registrarcorp.com\/es\/wp-json\/wp\/v2\/types\/page"}],"author":[{"embeddable":true,"href":"https:\/\/staging.registrarcorp.com\/es\/wp-json\/wp\/v2\/users\/33"}],"replies":[{"embeddable":true,"href":"https:\/\/staging.registrarcorp.com\/es\/wp-json\/wp\/v2\/comments?post=14792"}],"version-history":[{"count":0,"href":"https:\/\/staging.registrarcorp.com\/es\/wp-json\/wp\/v2\/pages\/14792\/revisions"}],"wp:attachment":[{"href":"https:\/\/staging.registrarcorp.com\/es\/wp-json\/wp\/v2\/media?parent=14792"}],"curies":[{"name":"wp","href":"https:\/\/api.w.org\/{rel}","templated":true}]}}