{"id":14663,"date":"2023-03-21T13:05:06","date_gmt":"2023-03-21T13:05:06","guid":{"rendered":"https:\/\/staging.registrarcorp.com\/business-model\/"},"modified":"2024-09-27T13:20:00","modified_gmt":"2024-09-27T13:20:00","slug":"business-model","status":"publish","type":"page","link":"https:\/\/staging.registrarcorp.com\/es\/business-model\/","title":{"rendered":"Modelo de Negocio"},"content":{"rendered":"<div class=\"wpb-content-wrapper\">[vc_section el_class=&#8221;banner-section&#8221;][vc_row content_placement=&#8221;middle&#8221; css=&#8221;.vc_custom_1726756666441{padding-top: 60px !important;padding-bottom: 60px !important;}&#8221; el_class=&#8221;hero-section&#8221;][vc_column width=&#8221;1\/2&#8243;][vc_column_text fnt_family=&#8221;Montserrat&#8221; fnt_size_h1=&#8221;56&#8243;]\n<h1><span style=\"color: #003873;\"><strong>Importando o exportando,<\/strong><\/span><br \/>\n<span style=\"color: #0081ff;\"><strong>podemos ayudar.<\/strong><\/span><\/h1>\n[\/vc_column_text][vc_row_inner el_class=&#8221;banner-content&#8221;][vc_column_inner css=&#8221;.vc_custom_1680786410634{padding-right: 0px !important;padding-left: 0px !important;}&#8221;][vc_column_text]<span style=\"color: #003873;\">Con m\u00e1s de 30 000 clientes en m\u00e1s de 190 pa\u00edses atendidos cada a\u00f1o, tenemos lo necesario para satisfacer sus necesidades de importaci\u00f3n y exportaci\u00f3n. Nuestro conjunto integral de servicios, software y capacitaci\u00f3n en l\u00ednea simplifica el cumplimiento para que pueda hacer mejor sus negocios.<\/span>[\/vc_column_text][\/vc_column_inner][\/vc_row_inner][vc_btn title=&#8221;Explore nuestras soluciones&#8221; color=&#8221;sky&#8221; i_align=&#8221;right&#8221; i_icon_fontawesome=&#8221;fas fa-arrow-right&#8221; add_icon=&#8221;true&#8221; link=&#8221;url:https%3A%2F%2Fstaging.registrarcorp.com%2Fes%2Fservices%2F|&#8221; el_class=&#8221;primary-btn&#8221;][\/vc_column][vc_column width=&#8221;1\/2&#8243;][vc_single_image image=&#8221;591&#8243; img_size=&#8221;500&#215;542&#8243; alignment=&#8221;right&#8221;][\/vc_column][\/vc_row][\/vc_section][vc_section disable_element=&#8221;yes&#8221; css=&#8221;.vc_custom_1699275740208{padding-top: 30px !important;padding-bottom: 30px !important;}&#8221;][vc_row content_placement=&#8221;middle&#8221;][vc_column width=&#8221;1\/2&#8243;][vc_column_text el_class=&#8221;mobile-align-center&#8221;]<span style=\"color: #406a96; font-size: 20px; font-weight: bold;\">Registrar Corp aporta m\u00e1s de 20 a\u00f1os de experiencia y pericia al cumplimiento normativo.<\/span>[\/vc_column_text][\/vc_column][vc_column width=&#8221;1\/2&#8243;][vc_row_inner el_class=&#8221;count-wrap&#8221;][vc_column_inner width=&#8221;1\/4&#8243;][vc_column_text]\n<p style=\"text-align: center;\"><span style=\"color: #406a96; font-size: 30px; font-weight: bold;\">19<\/span>Oficinas en todo el <span style=\"color: #406a96; font-size: 21px;\"><\/span><span style=\"color: #406a96; font-size: 21px;\">mundo<\/span><\/p>\n[\/vc_column_text][\/vc_column_inner][vc_column_inner width=&#8221;1\/4&#8243;][vc_column_text]\n<p style=\"text-align: center;\"><span style=\"color: #406a96; font-size: 30px; font-weight: bold;\">M\u00e1s de 175 <\/span><span style=\"color: #406a96; font-size: 21px;\">pa\u00edses<\/span><\/p>\n[\/vc_column_text][\/vc_column_inner][vc_column_inner width=&#8221;1\/4&#8243;][vc_column_text]\n<p style=\"text-align: center;\"><span style=\"color: #406a96; font-size: 30px; font-weight: bold;\">M\u00e1s de 30 000 <\/span><span style=\"color: #406a96; font-size: 21px;\">clientes<\/span><\/p>\n[\/vc_column_text][\/vc_column_inner][vc_column_inner width=&#8221;1\/4&#8243;][vc_column_text]\n<p style=\"text-align: center;\"><span style=\"color: #406a96; font-size: 30px; font-weight: bold;\">4.7<\/span><span style=\"color: #406a96; font-size: 21px;\">Punt<\/span><span style=\"color: #406a96; font-size: 21px;\">aje de Trustpilot<\/span><\/p>\n[\/vc_column_text][\/vc_column_inner][\/vc_row_inner][\/vc_column][\/vc_row][\/vc_section][vc_section css=&#8221;.vc_custom_1679480611858{padding-top: 30px !important;padding-bottom: 30px !important;}&#8221;][vc_row content_placement=&#8221;middle&#8221; el_id=&#8221;dataRow&#8221;][vc_column][vc_row_inner el_class=&#8221;single-image-margin&#8221;][vc_column_inner width=&#8221;1\/5&#8243; css=&#8221;.vc_custom_1699276544139{margin-bottom: 0px !important;}&#8221;][vc_single_image image=&#8221;24453&#8243; img_size=&#8221;114&#215;65&#8243; alignment=&#8221;center&#8221;][\/vc_column_inner][vc_column_inner width=&#8221;1\/5&#8243;][vc_single_image image=&#8221;24463&#8243; img_size=&#8221;81&#215;81&#8243; alignment=&#8221;center&#8221;][\/vc_column_inner][vc_column_inner width=&#8221;1\/5&#8243;][vc_single_image image=&#8221;24481&#8243; img_size=&#8221;70&#215;72&#8243; alignment=&#8221;center&#8221;][\/vc_column_inner][vc_column_inner width=&#8221;1\/5&#8243;][vc_single_image image=&#8221;24508&#8243; img_size=&#8221;81&#215;81&#8243; alignment=&#8221;center&#8221;][\/vc_column_inner][vc_column_inner width=&#8221;1\/5&#8243;][vc_single_image image=&#8221;24499&#8243; img_size=&#8221;61&#215;81&#8243; alignment=&#8221;center&#8221;][\/vc_column_inner][\/vc_row_inner][vc_row_inner][vc_column_inner width=&#8221;1\/5&#8243;][vc_column_text]\n<p style=\"text-align: center; font-size: 40px; color: #003873; font-weight: bold; margin-bottom: unset;\"><span style=\"color: #f54f45;\">M\u00e1s de 30,000<\/span><\/p>\n<p style=\"text-align: center; font-size: 24px;\">Clientes<\/p>\n[\/vc_column_text][\/vc_column_inner][vc_column_inner width=&#8221;1\/5&#8243;][vc_column_text]\n<p style=\"text-align: center; font-size: 40px; color: #003873; font-weight: bold; margin-bottom: unset;\"><span style=\"color: #f54f45;\">M\u00e1s de 175<\/span><\/p>\n<p style=\"text-align: center; font-size: 24px;\">Pa\u00edses<\/p>\n[\/vc_column_text][\/vc_column_inner][vc_column_inner width=&#8221;1\/5&#8243;][vc_column_text]\n<p style=\"text-align: center; font-size: 40px; color: #003873; font-weight: bold; margin-bottom: unset;\">20<\/p>\n<p style=\"text-align: center; font-size: 24px;\">Oficinas en todo el mundo<\/p>\n[\/vc_column_text][\/vc_column_inner][vc_column_inner width=&#8221;1\/5&#8243;][vc_column_text]\n<p style=\"text-align: center; font-size: 40px; color: #003873; font-weight: bold; margin-bottom: unset;\">4,7\/5<\/p>\n<p style=\"text-align: center; font-size: 24px;\">Calificaci\u00f3n del cliente<\/p>\n[\/vc_column_text][\/vc_column_inner][vc_column_inner width=&#8221;1\/5&#8243;][vc_column_text]\n<p style=\"text-align: center; font-size: 40px; color: #003873; font-weight: bold; margin-bottom: unset;\"><span style=\"color: #f54f45;\">M\u00e1s de 20<\/span><\/p>\n<p style=\"text-align: center; font-size: 24px;\">A\u00f1os de servicio<\/p>\n[\/vc_column_text][\/vc_column_inner][\/vc_row_inner][\/vc_column][\/vc_row][\/vc_section][vc_section full_width=&#8221;stretch_row&#8221; css=&#8221;.vc_custom_1679482067122{background-color: #ffffff !important;}&#8221;][vc_row css=&#8221;.vc_custom_1685094542462{background-color: #ffffff !important;}&#8221; el_class=&#8221;business-model-tabs tabs-section&#8221;][vc_column][vc_tta_tabs section_title_tag=&#8221;h2&#8243; style=&#8221;flat&#8221; shape=&#8221;square&#8221; color=&#8221;white&#8221; alignment=&#8221;center&#8221; active_section=&#8221;1&#8243; css=&#8221;.vc_custom_1681805628851{background-color: #ffffff !important;}&#8221;][vc_tta_section tab_id=&#8221;importing-to-the-U-S&#8221; el_class=&#8221;pr-0&#8243; title=&#8221;\u00bfEst\u00e1 importando a los EE. UU.?&#8221;][vc_row_inner content_placement=&#8221;middle&#8221; css=&#8221;.vc_custom_1679910686166{background-color: #ffffff !important;}&#8221; el_class=&#8221;pr-0&#8243;][vc_column_inner width=&#8221;1\/2&#8243;][vc_column_text]\n<h2 style=\"color: #003873; font-size: 40px; font-weight: bold;\">\u00bfEst\u00e1 importando a los EE. UU.?<\/h2>\n<p><span style=\"color: #003873; font-size: 18px;\">Con env\u00edos, proveedores e innumerables regulaciones para hacer un seguimiento, sabemos lo complejo que puede ser importar bienes. Registrar Corp ofrece servicios centrados en el importador, como creaci\u00f3n e implementaci\u00f3n de FSVP, asistencia para la detenci\u00f3n y cursos de capacitaci\u00f3n en l\u00ednea para certificaciones de cumplimiento.<\/span><\/p>\n<p><span style=\"color: #003873; font-size: 18px;\">Nuestra plataforma de cumplimiento automatizado ayuda a prevenir problemas en la cadena de suministro al agilizar el monitoreo de proveedores y cumplimiento.\u00a0<\/span>[\/vc_column_text][vc_btn title=&#8221;Soluciones para importadores&#8221; color=&#8221;sky&#8221; i_align=&#8221;right&#8221; i_icon_fontawesome=&#8221;fas fa-arrow-right&#8221; add_icon=&#8221;true&#8221; link=&#8221;url:https%3A%2F%2Fstaging.registrarcorp.com%2Fes%2Fbusiness-model%2Fus-importer-solutions%2F|&#8221; el_class=&#8221;primary-btn&#8221;][\/vc_column_inner][vc_column_inner el_class=&#8221;pr-0&#8243; width=&#8221;1\/2&#8243;][vc_single_image image=&#8221;10150&#8243; img_size=&#8221;large&#8221; alignment=&#8221;right&#8221; el_class=&#8221;pr-0&#8243;][\/vc_column_inner][\/vc_row_inner][\/vc_tta_section][vc_tta_section title=&#8221;\u00bfEst\u00e1 exportando a los EE. UU.?&#8221; tab_id=&#8221;exporting-to-the-U-S&#8221; el_class=&#8221;pr-0&#8243;][vc_row_inner content_placement=&#8221;middle&#8221; el_class=&#8221;pr-0&#8243;][vc_column_inner width=&#8221;1\/2&#8243;][vc_column_text]\n<h2 style=\"color: #003873; font-size: 40px; font-weight: bold;\">\u00bfEst\u00e1 exportando a los EE. UU.?<\/h2>\n<p><span style=\"color: #003873; font-size: 18px;\">Registrar Corp lleva el cumplimiento de global a local. Nuestro equipo multiling\u00fce y 19 oficinas regionales en todo el mundo nos brindan el alcance y la experiencia para atender a exportadores de m\u00e1s de 170 pa\u00edses diferentes. <\/span><\/p>\n<p><span style=\"color: #003873; font-size: 18px;\">Nuestra amplia gama de ofertas incluye registro y renovaci\u00f3n reglamentarios, soluciones de seguridad alimentaria, revisiones de etiquetas e ingredientes, asistencia para detenci\u00f3n, presentaciones de listados de productos y m\u00e1s.\u00a0<\/span>[\/vc_column_text][vc_btn title=&#8221;Soluciones para exportadores&#8221; color=&#8221;sky&#8221; i_align=&#8221;right&#8221; i_icon_fontawesome=&#8221;fas fa-arrow-right&#8221; add_icon=&#8221;true&#8221; link=&#8221;url:https%3A%2F%2Fstaging.registrarcorp.com%2Fes%2Fbusiness-model%2Fexporter-solutions%2F|&#8221; el_class=&#8221;primary-btn&#8221;][\/vc_column_inner][vc_column_inner width=&#8221;1\/2&#8243;][vc_single_image image=&#8221;10158&#8243; img_size=&#8221;large&#8221; alignment=&#8221;right&#8221; css=&#8221;.vc_custom_1679912940605{padding-top: 35px !important;}&#8221; el_class=&#8221;pr-0&#8243;][\/vc_column_inner][\/vc_row_inner][\/vc_tta_section][vc_tta_section title=&#8221;Soluciones de cumplimiento global&#8221; tab_id=&#8221;global-compliance-solutions&#8221; el_class=&#8221;pr-0&#8243;][vc_row_inner content_placement=&#8221;middle&#8221; css=&#8221;.vc_custom_1679910718025{background-color: #ffffff !important;}&#8221; el_class=&#8221;pr-0&#8243;][vc_column_inner width=&#8221;1\/2&#8243;][vc_column_text]\n<h2 style=\"color: #003873; font-size: 40px; font-weight: bold;\">\u00bfSoluciones de cumplimiento global?<\/h2>\n<p><span style=\"color: #003873; font-size: 18px;\">Con la experiencia global de Registrar Corp, puede introducir con confianza sus productos en los mercados internacionales. Ofrecemos asistencia profesional para el registro en GACC y asistencia para el registro Health Canada.<\/span>[\/vc_column_text][vc_btn title=&#8221;Soluciones de cumplimiento&#8221; color=&#8221;sky&#8221; i_align=&#8221;right&#8221; i_icon_fontawesome=&#8221;fas fa-arrow-right&#8221; add_icon=&#8221;true&#8221; link=&#8221;url:https%3A%2F%2Fstaging.registrarcorp.com%2Fes%2Fbusiness-model%2Fglobal-compliance-solutions%2F|&#8221; el_class=&#8221;primary-btn&#8221;][\/vc_column_inner][vc_column_inner width=&#8221;1\/2&#8243;][vc_single_image image=&#8221;10166&#8243; img_size=&#8221;large&#8221; alignment=&#8221;right&#8221; el_class=&#8221;pr-0&#8243;][\/vc_column_inner][\/vc_row_inner][\/vc_tta_section][\/vc_tta_tabs][\/vc_column][\/vc_row][\/vc_section][vc_section el_class=&#8221;lorem-ipsum-section&#8221;][vc_row content_placement=&#8221;middle&#8221; css=&#8221;.vc_custom_1679486472377{padding-top: 60px !important;padding-bottom: 60px !important;}&#8221;][vc_column width=&#8221;2\/3&#8243;][vc_custom_heading text=&#8221;Encuentre las soluciones de cumplimiento adecuadas para su funci\u00f3n.&#8221; font_container=&#8221;tag:h2|font_size:40|text_align:left|color:%23003873&#8243; google_fonts=&#8221;font_family:Montserrat%3Aregular%2C700|font_style:700%20bold%20regular%3A700%3Anormal&#8221;][vc_column_text]<span style=\"color: #003873; font-size: 18px;\">Registrar Corp est\u00e1 formado por profesionales regulatorios, para profesionales regulatorios.<\/span><\/p>\n<p><span style=\"color: #003873; font-size: 18px;\">Hemos creado servicios, soluciones de software y programas de capacitaci\u00f3n adaptados a sus necesidades, para que pueda mantener su negocio en cumplimiento y funcionando sin problemas.<br \/>\n<\/span>[\/vc_column_text][\/vc_column][vc_column width=&#8221;1\/3&#8243;]<div id=\"mpc_icon_list-769d8e1a3f2bb5\" class=\"mpc-icon-list mpc-init mpc-icon--right \"><ul class=\"mpc-list__ul\"><li class=\"mpc-list__item mpc-parent-hover mpc-transition\" data-index=\"0\"><div class=\"mpc-list__icon\"><div data-id=\"mpc_icon-9269d8e1a3f2c06\" class=\"mpc-icon mpc-init mpc-transition mpc-effect-none mpc-icon-hover \"><div class=\"mpc-icon-wrap\"><i class=\"mpc-icon-part mpc-regular mpc-transition  mi mi-arrow_forward\"><\/i><i class=\"mpc-icon-part mpc-hover mpc-transition  mi mi-arrow_forward\"><\/i><\/div><\/div><\/div><span class=\"mpc-list__title\"><a href=\"\/roles\/regulatory-compliance\/\" style=\"text-decoration: none;\">Regulatory Compliance<\/a><\/span><\/li><li class=\"mpc-list__item mpc-parent-hover mpc-transition\" data-index=\"1\"><div class=\"mpc-list__icon\"><div data-id=\"mpc_icon-9269d8e1a3f2c06\" class=\"mpc-icon mpc-init mpc-transition mpc-effect-none mpc-icon-hover \"><div class=\"mpc-icon-wrap\"><i class=\"mpc-icon-part mpc-regular mpc-transition  mi mi-arrow_forward\"><\/i><i class=\"mpc-icon-part mpc-hover mpc-transition  mi mi-arrow_forward\"><\/i><\/div><\/div><\/div><span class=\"mpc-list__title\"><a href=\"\/roles\/quality-assurance\/\" style=\"text-decoration: none;\">Quality Assurance<\/a><\/span><\/li><li class=\"mpc-list__item mpc-parent-hover mpc-transition\" data-index=\"2\"><div class=\"mpc-list__icon\"><div data-id=\"mpc_icon-9269d8e1a3f2c06\" class=\"mpc-icon mpc-init mpc-transition mpc-effect-none mpc-icon-hover \"><div class=\"mpc-icon-wrap\"><i class=\"mpc-icon-part mpc-regular mpc-transition  mi mi-arrow_forward\"><\/i><i class=\"mpc-icon-part mpc-hover mpc-transition  mi mi-arrow_forward\"><\/i><\/div><\/div><\/div><span class=\"mpc-list__title\"><a href=\"\/roles\/safety\/\" style=\"text-decoration: none;\">Safety Roles<\/a><\/span><\/li><li class=\"mpc-list__item mpc-parent-hover mpc-transition\" data-index=\"3\"><div class=\"mpc-list__icon\"><div data-id=\"mpc_icon-9269d8e1a3f2c06\" class=\"mpc-icon mpc-init mpc-transition mpc-effect-none mpc-icon-hover \"><div class=\"mpc-icon-wrap\"><i class=\"mpc-icon-part mpc-regular mpc-transition  mi mi-arrow_forward\"><\/i><i class=\"mpc-icon-part mpc-hover mpc-transition  mi mi-arrow_forward\"><\/i><\/div><\/div><\/div><span class=\"mpc-list__title\"><a href=\"\/roles\/research-development\/\" style=\"text-decoration: none;\">Research and Development<\/a><\/span><\/li><li class=\"mpc-list__item mpc-parent-hover mpc-transition\" data-index=\"4\"><div class=\"mpc-list__icon\"><div data-id=\"mpc_icon-9269d8e1a3f2c06\" class=\"mpc-icon mpc-init mpc-transition mpc-effect-none mpc-icon-hover \"><div class=\"mpc-icon-wrap\"><i class=\"mpc-icon-part mpc-regular mpc-transition  mi mi-arrow_forward\"><\/i><i class=\"mpc-icon-part mpc-hover mpc-transition  mi mi-arrow_forward\"><\/i><\/div><\/div><\/div><span class=\"mpc-list__title\"><a href=\"\/roles\/executives\/\" style=\"text-decoration: none;\">Executives<\/a><\/span><\/li><\/ul><\/div>[\/vc_column][\/vc_row][\/vc_section][vc_section css=&#8221;.vc_custom_1684404283119{padding-top: 0px !important;}&#8221;][vc_row full_width=&#8221;stretch_row&#8221; el_id=&#8221;bottomRow&#8221; css=&#8221;.vc_custom_1684406733405{padding-top: 45px !important;padding-bottom: 45px !important;background-color: #00ed9e !important;}&#8221;][vc_column width=&#8221;2\/3&#8243;][vc_column_text css=&#8221;&#8221; el_class=&#8221;are-you-ready-heading&#8221;]<span style=\"color: #003873; font-size: 56px; line-height: 84px;\">\u00bfEst\u00e1 listo para unmejor cumplimiento?<\/span>[\/vc_column_text][\/vc_column][vc_column width=&#8221;1\/3&#8243;][vc_btn title=&#8221;Comience&#8221; shape=&#8221;square&#8221; color=&#8221;default&#8221; align=&#8221;center&#8221; i_align=&#8221;right&#8221; i_icon_fontawesome=&#8221;fas fa-arrow-right&#8221; add_icon=&#8221;true&#8221; link=&#8221;url:%23|&#8221; el_class=&#8221;get-started-btn&#8221;][\/vc_column][\/vc_row][\/vc_section]\n<\/div>","protected":false},"excerpt":{"rendered":"<p>[vc_section el_class=&#8221;banner-section&#8221;][vc_row content_placement=&#8221;middle&#8221; css=&#8221;.vc_custom_1726756666441{padding-top: 60px !important;padding-bottom: 60px !important;}&#8221; el_class=&#8221;hero-section&#8221;][vc_column width=&#8221;1\/2&#8243;][vc_column_text fnt_family=&#8221;Montserrat&#8221; fnt_size_h1=&#8221;56&#8243;] Importando o exportando, podemos ayudar. [\/vc_column_text][vc_row_inner el_class=&#8221;banner-content&#8221;][vc_column_inner css=&#8221;.vc_custom_1680786410634{padding-right: 0px !important;padding-left: 0px !important;}&#8221;][vc_column_text]Con m\u00e1s de 30 000 clientes en m\u00e1s de 190 pa\u00edses atendidos cada a\u00f1o, tenemos lo necesario para satisfacer sus necesidades de importaci\u00f3n y exportaci\u00f3n. Nuestro conjunto integral de servicios, software y<\/p>\n","protected":false},"author":33,"featured_media":0,"parent":0,"menu_order":0,"comment_status":"closed","ping_status":"closed","template":"page-templates\/page-sidebar-none.php","meta":{"_acf_changed":false,"content-type":"","footnotes":""},"class_list":["post-14663","page","type-page","status-publish","hentry"],"acf":[],"_links":{"self":[{"href":"https:\/\/staging.registrarcorp.com\/es\/wp-json\/wp\/v2\/pages\/14663","targetHints":{"allow":["GET"]}}],"collection":[{"href":"https:\/\/staging.registrarcorp.com\/es\/wp-json\/wp\/v2\/pages"}],"about":[{"href":"https:\/\/staging.registrarcorp.com\/es\/wp-json\/wp\/v2\/types\/page"}],"author":[{"embeddable":true,"href":"https:\/\/staging.registrarcorp.com\/es\/wp-json\/wp\/v2\/users\/33"}],"replies":[{"embeddable":true,"href":"https:\/\/staging.registrarcorp.com\/es\/wp-json\/wp\/v2\/comments?post=14663"}],"version-history":[{"count":0,"href":"https:\/\/staging.registrarcorp.com\/es\/wp-json\/wp\/v2\/pages\/14663\/revisions"}],"wp:attachment":[{"href":"https:\/\/staging.registrarcorp.com\/es\/wp-json\/wp\/v2\/media?parent=14663"}],"curies":[{"name":"wp","href":"https:\/\/api.w.org\/{rel}","templated":true}]}}