{"id":14234,"date":"2023-05-04T10:35:01","date_gmt":"2023-05-04T10:35:01","guid":{"rendered":"https:\/\/staging.registrarcorp.com\/associations\/"},"modified":"2025-10-22T08:50:25","modified_gmt":"2025-10-22T08:50:25","slug":"associations","status":"publish","type":"page","link":"https:\/\/staging.registrarcorp.com\/es\/about-us\/associations\/","title":{"rendered":"Asociaciones"},"content":{"rendered":"<div class=\"wpb-content-wrapper\">[vc_row css=&#8221;.vc_custom_1726759403579{border-bottom-width: 0.5px !important;padding-top: 40px !important;border-bottom-style: solid !important;border-color: #003873 !important;}&#8221; el_class=&#8221;vertical-text-align hero-section&#8221;][vc_column width=&#8221;2\/3&#8243; el_class=&#8221;col-txt-center&#8221; css=&#8221;.vc_custom_1685525415508{margin-top: -50px !important;}&#8221;][vc_custom_heading text=&#8221;Conexiones m\u00e1s s\u00f3lidas a trav\u00e9s de asociaciones profesionales.&#8221; font_container=&#8221;tag:h1|font_size:40|text_align:left|color:%23003873&#8243; google_fonts=&#8221;font_family:Montserrat%3Aregular%2C700|font_style:700%20bold%20regular%3A700%3Anormal&#8221;][vc_column_text css=&#8221;&#8221; fnt_family=&#8221;Montserrat&#8221; fnt_size=&#8221;18px&#8221; el_class=&#8221;sub-heading-width&#8221;]Registrar Corp se enorgullece de participar y apoyar a algunas de las mayores asociaciones comerciales sin \u00e1nimo de lucro y sus bases de miembros en todo el mundo.[\/vc_column_text][\/vc_column][vc_column width=&#8221;1\/3&#8243;][vc_single_image image=&#8221;1271&#8243; img_size=&#8221;large&#8221;][\/vc_column][\/vc_row][vc_row full_width=&#8221;stretch_row&#8221; css=&#8221;.vc_custom_1760709803594{padding-top: 50px !important;}&#8221; el_class=&#8221;tablet-full-width-columns&#8221;][vc_column width=&#8221;1\/3&#8243; css=&#8221;.vc_custom_1683194818793{padding-right: 100px !important;}&#8221;][vc_column_text css=&#8221;&#8221;]\n<h2><a href=\"https:\/\/www.afpa.com\/\" target=\"_blank\" rel=\"noopener\">Asociaci\u00f3n de Procesadores de Alimentos de Alberta(AFPA)<\/a><\/h2>\n<p><span class=\"p-content\">La AFPA es una organizaci\u00f3n sin fines de lucro que representa a todos los segmentos de la industria de alimentos y bebidas en la provincia de Alberta, Canad\u00e1. Ayudan a los miembros a crear una ventaja competitiva a trav\u00e9s de la capacitaci\u00f3n de calidad, las oportunidades de establecer contactos, la promoci\u00f3n efectiva y ser la voz representativa de la industria de procesamiento de alimentos de Alberta.<\/span>[\/vc_column_text][\/vc_column][vc_column width=&#8221;1\/3&#8243; css=&#8221;.vc_custom_1683194953094{padding-right: 100px !important;}&#8221;][vc_column_text css=&#8221;&#8221;]\n<h2><a href=\"https:\/\/www.afdo.org\/\" target=\"_blank\" rel=\"noopener\">Asociaci\u00f3n de Funcionarios de Alimentos y Medicamentos (AFDO)<\/a><\/h2>\n<p><span class=\"p-content\">AFDO es una organizaci\u00f3n internacional sin fines de lucro a la vanguardia de la optimizaci\u00f3n y simplificaci\u00f3n de regulaciones en alimentos y bebidas, medicamentos, dispositivos m\u00e9dicos, cosm\u00e9ticos y productos de consumo. AFDO trabaja para proteger la salud y la seguridad p\u00fablica al promover la uniformidad y mejorar las regulaciones regionales, nacionales e internacionales.<\/span>[\/vc_column_text][\/vc_column][vc_column width=&#8221;1\/3&#8243; css=&#8221;.vc_custom_1683194959754{padding-right: 100px !important;}&#8221;][vc_column_text css=&#8221;&#8221;]\n<h2><a href=\"https:\/\/www.bbb.org\/\" target=\"_blank\" rel=\"noopener\">Better Business Bureau (BBB)<\/a><\/h2>\n<p><span class=\"p-content\">La BBB es una organizaci\u00f3n privada sin fines de lucro enfocada en promover la confianza en el mercado al investigar negocios y acreditar negocios que se comprometen con el C\u00f3digo de Pr\u00e1cticas Comerciales de la BBB. BBB ha determinado que Registrar Corp cumple con los est\u00e1ndares de acreditaci\u00f3n de BBB, que incluyen el compromiso de hacer un esfuerzo de buena fe para resolver cualquier queja del consumidor.\u00a0<\/span>[\/vc_column_text][\/vc_column][\/vc_row][vc_row full_width=&#8221;stretch_row&#8221; css=&#8221;.vc_custom_1760709813361{padding-top: 50px !important;}&#8221; el_class=&#8221;tablet-full-width-columns&#8221;][vc_column width=&#8221;1\/3&#8243; css=&#8221;.vc_custom_1683194978392{padding-right: 100px !important;}&#8221;][vc_column_text css=&#8221;&#8221;]\n<h2><a href=\"https:\/\/cew.org\/\" target=\"_blank\" rel=\"noopener\">Cosm\u00e9ticoEjecutivoMujeres (CEW)<\/a><\/h2>\n<p><span class=\"p-content\">CEW es una organizaci\u00f3n internacional para m\u00e1s de 9000 l\u00edderes diversos de marcas de belleza l\u00edderes e independientes, minoristas, casas de fragancias, medios de comunicaci\u00f3n y proveedores. Su objetivo es informar y conectar a los miembros de la industria a trav\u00e9s de contenido exclusivo, investigaci\u00f3n seleccionada, eventos exclusivos y redes de contactos.\u00a0<\/span>[\/vc_column_text][\/vc_column][vc_column width=&#8221;1\/3&#8243; css=&#8221;.vc_custom_1683194984700{padding-right: 100px !important;}&#8221;][vc_column_text css=&#8221;&#8221;]\n<h2><a href=\"https:\/\/cbfanc.org\/\" target=\"_blank\" rel=\"noopener\">Asociaci\u00f3n de Agentes de Aduanas y Transportistas del NorteCalifornia(CBFANC)<\/a><\/h2>\n<p><span class=\"p-content\">El CBFANC trabaja para garantizar que los bienes y servicios fluyan sin problemas y de forma segura a trav\u00e9s de las fronteras del norte de California. Su objetivo es garantizar que sus miembros puedan mantener a su personal actualizado sobre las nuevas regulaciones al organizar eventos educativos y acreditados por CSS durante todo el a\u00f1o.\u00a0<\/span>[\/vc_column_text][\/vc_column][vc_column width=&#8221;1\/3&#8243; css=&#8221;.vc_custom_1683194991655{padding-right: 100px !important;}&#8221;][vc_column_text css=&#8221;&#8221;]\n<h2><a href=\"#\">Agentes de aduanas y transporte internacionalReenv\u00edosAsociaci\u00f3n deVirginia (CBIFFAde AV)<\/a><\/h2>\n<p><span class=\"p-content\">El CBIFFA de VA tiene como objetivo cultivar relaciones entre agentes internacionales de transporte de carga y despachos de aduanas y mantener la \u00e9tica profesional al m\u00e1ximo nivel. La asociaci\u00f3n mantiene un contacto cercano con agencias gubernamentales, la comunidad comercial local, los puertos de Virginia y la aduana de los EE. UU. para ofrecer capacitaci\u00f3n continua.<\/span>[\/vc_column_text][\/vc_column][\/vc_row][vc_row full_width=&#8221;stretch_row&#8221; css=&#8221;.vc_custom_1760709820636{padding-top: 50px !important;}&#8221; el_class=&#8221;tablet-full-width-columns&#8221;][vc_column width=&#8221;1\/3&#8243; css=&#8221;.vc_custom_1683195002022{padding-right: 100px !important;}&#8221;][vc_column_text css=&#8221;&#8221;]\n<h2><a href=\"https:\/\/www.ukfdea.com\/\" target=\"_blank\" rel=\"noopener\">Asociaci\u00f3n de Exportadores de Alimentos y Bebidas(FDEA)<\/a><\/h2>\n<p><span class=\"p-content\">La FDEA es una organizaci\u00f3n comercial sin \u00e1nimo de lucro del Reino Unido y la \u00fanica dedicada a representar a las empresas de alimentos y bebidas del Reino Unido ante compradores internacionales y el gobierno del Reino Unido. Los miembros de la FDEA se benefician del acceso a investigaciones de mercado, informaci\u00f3n sobre oportunidades de exportaci\u00f3n y eventos regionales e internacionales.<\/span>[\/vc_column_text][\/vc_column][vc_column width=&#8221;1\/3&#8243; css=&#8221;.vc_custom_1683195090140{padding-right: 100px !important;}&#8221;][vc_column_text css=&#8221;&#8221;]\n<h2><a href=\"https:\/\/www.ffa.com.vn\/\" target=\"_blank\" rel=\"noopener\">Asociaci\u00f3n de Alimentos y Productos Alimentarios (FFA)<\/a><\/h2>\n<p><span class=\"p-content\">La FFA representa la voz de las empresas de las industrias alimentaria, de alimentos y bebidas en Vietnam, actuando como puente entre los miembros y el gobierno. La asociaci\u00f3n tambi\u00e9n presta servicios a los miembros al difundir informaci\u00f3n sobre las regulaciones y mejores pr\u00e1cticas de la industria, capacitaci\u00f3n profesional, redes facilitadas y eventos promocionales.\u00a0<\/span>[\/vc_column_text][\/vc_column][vc_column width=&#8221;1\/3&#8243; css=&#8221;.vc_custom_1683195132588{padding-right: 100px !important;}&#8221;][vc_column_text css=&#8221;&#8221;]\n<h2><a href=\"https:\/\/www.foodsouthaustralia.com.au\/\" target=\"_blank\" rel=\"noopener\">Comida del sur de Australia<\/a><\/h2>\n<p><span class=\"p-content\">Food South Australia es una organizaci\u00f3n independiente liderada por la industria que representa a empresas de alimentos y bebidas de todos los tama\u00f1os y etapas en el sur de Australia. Est\u00e1 regido por una junta de l\u00edderes de la industria y se asocia con el gobierno del sur de Australia para apoyar el crecimiento en toda la industria.<\/span>[\/vc_column_text][\/vc_column][\/vc_row][vc_row full_width=&#8221;stretch_row&#8221; css=&#8221;.vc_custom_1760709828368{padding-top: 50px !important;}&#8221; el_class=&#8221;tablet-full-width-columns&#8221;][vc_column width=&#8221;1\/3&#8243; css=&#8221;.vc_custom_1683195002022{padding-right: 100px !important;}&#8221;][vc_column_text css=&#8221;&#8221;]\n<h2><a href=\"https:\/\/www.soapguild.org\/\" target=\"_blank\" rel=\"noopener\">Hecho a manoJab\u00f3n y cosm\u00e9ticosGremio (HSCG)<\/a><\/h2>\n<p><span class=\"p-content\">HSCG, la mayor asociaci\u00f3n de miembros de su tipo, se fund\u00f3 en 1998 para apoyar a los fabricantes de jabones artesanales en los EE. UU. Hoy en d\u00eda, HSCG presta servicio a las industrias de jabones, cosm\u00e9ticos y velas artesanales y cuenta con miles de miembros en todo el mundo, incluidos fabricantes, proveedores y empresas que venden productos de marca privada.<\/span>[\/vc_column_text][\/vc_column][vc_column width=&#8221;1\/3&#8243; css=&#8221;.vc_custom_1683195090140{padding-right: 100px !important;}&#8221;][vc_column_text css=&#8221;&#8221;]\n<h2><a href=\"https:\/\/independentbeauty.org\/\" target=\"_blank\" rel=\"noopener\">Belleza independienteAsociaci\u00f3n (IBA)<\/a><\/h2>\n<p><span class=\"p-content\">La IBA es una asociaci\u00f3n sin \u00e1nimo de lucro que ofrece cumplimiento legal y normativo, sostenibilidad medioambiental y pr\u00e1cticas comerciales \u00e9ticas para la industria cosm\u00e9tica y del cuidado personal. Fomenta el \u00e9xito empresarial de las empresas independientes a trav\u00e9s de la educaci\u00f3n, los servicios para miembros, la legislaci\u00f3n razonable y las oportunidades de establecer contactos.\u00a0<\/span>[\/vc_column_text][\/vc_column][vc_column width=&#8221;1\/3&#8243; css=&#8221;.vc_custom_1683195132588{padding-right: 100px !important;}&#8221;][vc_column_text css=&#8221;&#8221;]\n<h2><a href=\"https:\/\/www.intacc.org\/en\/main-eng\/\" target=\"_blank\" rel=\"noopener\">C\u00e1mara de Comercio Internacional de Est\u00e9tica (INTACC)<\/a><\/h2>\n<p><span class=\"p-content\">La C\u00e1mara de Comercio Internacional de Est\u00e9tica re\u00fane a l\u00edderes empresariales, expertos y talentos de \u00e9lite de todo el mundo de China, Macao, Reino Unido, Corea del Sur, Malasia, Taiw\u00e1n, Jap\u00f3n, Dub\u00e1i y Tailandia. Nuestro grupo tiene m\u00e1s de 330 unidades de marcas de cosm\u00e9ticos, incluidos productos de vitaminas nutricionales de diferentes pa\u00edses, y es responsable de promover la calidad de los productos y servicios.<\/span>[\/vc_column_text][\/vc_column][\/vc_row][vc_row full_width=&#8221;stretch_row&#8221; css=&#8221;.vc_custom_1760709836905{padding-top: 50px !important;}&#8221; el_class=&#8221;tablet-full-width-columns&#8221;][vc_column width=&#8221;1\/3&#8243; css=&#8221;.vc_custom_1683195049244{padding-right: 100px !important;}&#8221;][vc_column_text css=&#8221;&#8221;]\n<h2><a href=\"https:\/\/www.lacbffa.org\/\" target=\"_blank\" rel=\"noopener\">Asociaci\u00f3n de Agentes Aduaneros y Transportistas de Los \u00c1ngeles (LACBFFA)<\/a><\/h2>\n<p><span class=\"p-content\">La LACBFFA representa los intereses comerciales comunes de los agentes de aduanas y transportistas como profesionales en el trato con el gobierno, los transportistas, la industria y entre s\u00ed. La principal organizaci\u00f3n de comercio internacional en el sur de California, organiza y participa activamente en seminarios, talleres, conferencias y cursos de capacitaci\u00f3n relevantes para sus miembros.\u00a0<\/span>[\/vc_column_text][\/vc_column][vc_column width=&#8221;1\/3&#8243; css=&#8221;.vc_custom_1683195083388{padding-right: 100px !important;}&#8221;][vc_column_text css=&#8221;&#8221;]\n<h2><a href=\"https:\/\/www.ncbfaa.org\/\" target=\"_blank\" rel=\"noopener\">Asociaci\u00f3n Nacional de Agentes de Aduanas y Transportistas de Am\u00e9rica(NCBFAA)<\/a><\/h2>\n<p><span class=\"p-content\">Con sede en Washington DC, la NCBFAA apoya a m\u00e1s de 1200 empresas miembro en el comercio internacional, prestando servicio a m\u00e1s de 250 000 importadores y exportadores. Los miembros de la asociaci\u00f3n manejan m\u00e1s del 97 % de las entradas de bienes importados a los EE. UU., lo que la convierte en la voz nacional de la industria del comercio internacional.\u00a0<\/span>[\/vc_column_text][\/vc_column][vc_column width=&#8221;1\/3&#8243; css=&#8221;.vc_custom_1683195125226{padding-right: 100px !important;}&#8221;][vc_column_text css=&#8221;&#8221;]\n<h2><a href=\"https:\/\/www.personalcarecouncil.org\/\" target=\"_blank\" rel=\"noopener\">Consejo de Productos de Cuidado Personal (PCPC)<\/a><\/h2>\n<p><span class=\"p-content\">PCPC es la principal asociaci\u00f3n comercial nacional que representa a las empresas globales de cosm\u00e9ticos y productos de cuidado personal. Sirve como la voz de la industria en asuntos cient\u00edficos, legales, regulatorios, legislativos e internacionales y sus compa\u00f1\u00edas miembro representan m\u00e1s del 90 % de la industria de la belleza de los EE. UU.<\/span>[\/vc_column_text][\/vc_column][\/vc_row][vc_row full_width=&#8221;stretch_row&#8221; css=&#8221;.vc_custom_1760709845557{padding-top: 50px !important;}&#8221; el_class=&#8221;tablet-full-width-columns&#8221;][vc_column width=&#8221;1\/3&#8243; css=&#8221;.vc_custom_1683195010949{padding-right: 100px !important;}&#8221;][vc_column_text css=&#8221;&#8221;]\n<h2><a href=\"https:\/\/www.raps.org\/\" target=\"_blank\" rel=\"noopener\">ReguladorAsuntosProfesionalesSociedad (RAPS)<\/a><\/h2>\n<p><span class=\"p-content\">RAPS es la organizaci\u00f3n internacional m\u00e1s grande de y para profesionales involucrados en la regulaci\u00f3n de productos sanitarios y relacionados, incluidos dispositivos m\u00e9dicos, productos farmac\u00e9uticos, biol\u00f3gicos y productos nutricionales. RAPS ayud\u00f3 a establecer la profesi\u00f3n regulatoria y contin\u00faa apoyando a los profesionales y liderando la innovaci\u00f3n en la industria.\u00a0<\/span>[\/vc_column_text][\/vc_column][vc_column width=&#8221;1\/3&#8243; css=&#8221;.vc_custom_1683195074663{padding-right: 100px !important;}&#8221;][vc_column_text css=&#8221;&#8221;]\n<h2><a href=\"https:\/\/www.specialtyfood.com\/\" target=\"_blank\" rel=\"noopener\">Asociaci\u00f3n de Alimentos Especializados (SFA)<\/a><\/h2>\n<p><span class=\"p-content\">La SFA es una pr\u00f3spera comunidad de artesanos, importadores y emprendedores especializados en alimentos, as\u00ed como distribuidores, minoristas y otros profesionales de la industria. La organizaci\u00f3n sin fines de lucro se fund\u00f3 en 1952 y representa a m\u00e1s de 3000 empresas. Adem\u00e1s de los eventos y las redes de miembros, la SFA es propietaria y productora de la Fancy Food Show de invierno y verano, y presenta los sofi Awards que honran la excelencia en alimentos especiales.<\/span>[\/vc_column_text][\/vc_column][vc_column width=&#8221;1\/3&#8243; css=&#8221;.vc_custom_1683195118422{padding-right: 100px !important;}&#8221;][vc_column_text css=&#8221;&#8221;]\n<h2><a href=\"https:\/\/www.aboutseafood.com\/\" target=\"_blank\" rel=\"noopener\">Pesca nacionalInstituto (NFI)<\/a><\/h2>\n<p><span class=\"p-content\">La NFI es una organizaci\u00f3n sin \u00e1nimo de lucro comprometida a educar a los consumidores sobre la seguridad, la sostenibilidad y la nutrici\u00f3n de los mariscos. Las diversas empresas miembro de la asociaci\u00f3n van desde restauradores de mariscos hasta supermercados, comercializadores, buques pesqueros y agencias gubernamentales. NFI apoya la acuicultura responsable, la cobertura precisa de los medios de comunicaci\u00f3n de la nutrici\u00f3n de los mariscos y el libre comercio.<\/span>[\/vc_column_text][\/vc_column][\/vc_row][vc_row full_width=&#8221;stretch_row&#8221; css=&#8221;.vc_custom_1760709851996{padding-top: 50px !important;padding-bottom: 50px !important;}&#8221; el_class=&#8221;tablet-full-width-columns&#8221;][vc_column width=&#8221;1\/3&#8243; css=&#8221;.vc_custom_1683195028692{padding-right: 100px !important;}&#8221;][vc_column_text css=&#8221;&#8221;]\n<h2><a href=\"https:\/\/wita.org\/\" target=\"_blank\" rel=\"noopener\">WashingtonInternacionalAsociaci\u00f3n comercial(WITA)<\/a><\/h2>\n<p><span class=\"p-content\">La WITA es una organizaci\u00f3n sin \u00e1nimo de lucro y no partidista dedicada a crear un foro neutral en la capital de la naci\u00f3n para la pol\u00edtica de comercio internacional y asuntos relacionados. Se considera ampliamente el principal foro comercial de Washington y un centro central para profesionales del comercio nacional e internacional. WITA organiza programas educativos y ofrece oportunidades de desarrollo profesional y de establecimiento de contactos.<\/span>[\/vc_column_text][\/vc_column][vc_column width=&#8221;1\/3&#8243; css=&#8221;.vc_custom_1683195068576{padding-right: 100px !important;}&#8221;][\/vc_column][vc_column width=&#8221;1\/3&#8243; css=&#8221;.vc_custom_1683293309719{padding-right: 100px !important;}&#8221;][\/vc_column][\/vc_row]\n<\/div>","protected":false},"excerpt":{"rendered":"<p>[vc_row css=&#8221;.vc_custom_1726759403579{border-bottom-width: 0.5px !important;padding-top: 40px !important;border-bottom-style: solid !important;border-color: #003873 !important;}&#8221; el_class=&#8221;vertical-text-align hero-section&#8221;][vc_column width=&#8221;2\/3&#8243; el_class=&#8221;col-txt-center&#8221; css=&#8221;.vc_custom_1685525415508{margin-top: -50px !important;}&#8221;][vc_custom_heading text=&#8221;Conexiones m\u00e1s s\u00f3lidas a trav\u00e9s de asociaciones profesionales.&#8221; font_container=&#8221;tag:h1|font_size:40|text_align:left|color:%23003873&#8243; google_fonts=&#8221;font_family:Montserrat%3Aregular%2C700|font_style:700%20bold%20regular%3A700%3Anormal&#8221;][vc_column_text css=&#8221;&#8221; fnt_family=&#8221;Montserrat&#8221; fnt_size=&#8221;18px&#8221; el_class=&#8221;sub-heading-width&#8221;]Registrar Corp se enorgullece de participar y apoyar a algunas de las mayores asociaciones comerciales sin \u00e1nimo de lucro y sus bases de miembros en<\/p>\n","protected":false},"author":33,"featured_media":0,"parent":14897,"menu_order":0,"comment_status":"closed","ping_status":"closed","template":"page-templates\/page-sidebar-none.php","meta":{"_acf_changed":false,"content-type":"","footnotes":""},"class_list":["post-14234","page","type-page","status-publish","hentry"],"acf":[],"_links":{"self":[{"href":"https:\/\/staging.registrarcorp.com\/es\/wp-json\/wp\/v2\/pages\/14234","targetHints":{"allow":["GET"]}}],"collection":[{"href":"https:\/\/staging.registrarcorp.com\/es\/wp-json\/wp\/v2\/pages"}],"about":[{"href":"https:\/\/staging.registrarcorp.com\/es\/wp-json\/wp\/v2\/types\/page"}],"author":[{"embeddable":true,"href":"https:\/\/staging.registrarcorp.com\/es\/wp-json\/wp\/v2\/users\/33"}],"replies":[{"embeddable":true,"href":"https:\/\/staging.registrarcorp.com\/es\/wp-json\/wp\/v2\/comments?post=14234"}],"version-history":[{"count":0,"href":"https:\/\/staging.registrarcorp.com\/es\/wp-json\/wp\/v2\/pages\/14234\/revisions"}],"up":[{"embeddable":true,"href":"https:\/\/staging.registrarcorp.com\/es\/wp-json\/wp\/v2\/pages\/14897"}],"wp:attachment":[{"href":"https:\/\/staging.registrarcorp.com\/es\/wp-json\/wp\/v2\/media?parent=14234"}],"curies":[{"name":"wp","href":"https:\/\/api.w.org\/{rel}","templated":true}]}}