{"id":14209,"date":"2023-05-04T12:04:14","date_gmt":"2023-05-04T12:04:14","guid":{"rendered":"https:\/\/staging.registrarcorp.com\/reviews\/"},"modified":"2025-03-13T11:15:21","modified_gmt":"2025-03-13T11:15:21","slug":"reviews","status":"publish","type":"page","link":"https:\/\/staging.registrarcorp.com\/es\/about-us\/reviews\/","title":{"rendered":"Rese\u00f1as"},"content":{"rendered":"<div class=\"wpb-content-wrapper\">[vc_row el_class=&#8221;hero-section pt-resp-topmost-section&#8221;][vc_column width=&#8221;2\/3&#8243;][vc_custom_heading text=&#8221;Corp. de registroRevisiones&#8221; font_container=&#8221;tag:h1|font_size:56|text_align:left|color:%23003873&#8243; google_fonts=&#8221;font_family:Montserrat%3Aregular%2C700|font_style:700%20bold%20regular%3A700%3Anormal&#8221; css=&#8221;.vc_custom_1727091669693{margin-top: 30px !important;}&#8221;][vc_column_text fnt_family=&#8221;Montserrat&#8221; fnt_size=&#8221;24px&#8221;]Registrar Corp ha sido l\u00edder en cumplimiento normativo durante m\u00e1s de 20 a\u00f1os. Desde entonces, hemos trabajado con m\u00e1s de 30 000 empresas de todo el mundo que conf\u00edan en nosotros para ayudarles a lograr y mantener el cumplimiento. Vea lo que nuestros clientes tienen que decir sobre trabajar con nosotros a continuaci\u00f3n.[\/vc_column_text][vc_column_text fnt_family=&#8221;Montserrat&#8221; fnt_size=&#8221;18px&#8221;]Acerca de nuestra plataforma de rese\u00f1as: Utilizamos Trustpilot para recopilar y compartir opiniones de nuestros clientes. Trustpilot es un sitio de rese\u00f1as transparente e independiente, gratuito y abierto a todo el mundo.[\/vc_column_text][\/vc_column][vc_column width=&#8221;1\/3&#8243;][vc_single_image image=&#8221;1290&#8243; img_size=&#8221;515&#215;700&#8243; css=&#8221;.vc_custom_1683207375922{margin-bottom: 0px !important;}&#8221;][\/vc_column][\/vc_row][vc_row full_width=&#8221;stretch_row&#8221; css=&#8221;.vc_custom_1698929792800{background-color: #ffffff !important;}&#8221;][vc_column][vc_column_text css=&#8221;&#8221;]<!-- TrustBox widget - Grid --><\/p>\n<div id=\"trustbox\" class=\"trustpilot-widget\" data-locale=\"es\" data-template-id=\"539adbd6dec7e10e686debee\" data-businessunit-id=\"50c4aa1600006400051f6371\" data-style-height=\"1200px\" data-style-width=\"100%\" data-theme=\"light\" data-stars=\"4.5,5\" data-review-languages=\"en\"><a href=\"https:\/\/www.trustpilot.com\/review\/www.registrarcorp.com\" target=\"_blank\" rel=\"noopener\">Trustpilot<\/a><\/div>\n[\/vc_column_text][\/vc_column][\/vc_row]\n<\/div>","protected":false},"excerpt":{"rendered":"<p>[vc_row el_class=&#8221;hero-section pt-resp-topmost-section&#8221;][vc_column width=&#8221;2\/3&#8243;][vc_custom_heading text=&#8221;Corp. de registroRevisiones&#8221; font_container=&#8221;tag:h1|font_size:56|text_align:left|color:%23003873&#8243; google_fonts=&#8221;font_family:Montserrat%3Aregular%2C700|font_style:700%20bold%20regular%3A700%3Anormal&#8221; css=&#8221;.vc_custom_1727091669693{margin-top: 30px !important;}&#8221;][vc_column_text fnt_family=&#8221;Montserrat&#8221; fnt_size=&#8221;24px&#8221;]Registrar Corp ha sido l\u00edder en cumplimiento normativo durante m\u00e1s de 20 a\u00f1os. Desde entonces, hemos trabajado con m\u00e1s de 30 000 empresas de todo el mundo que conf\u00edan en nosotros para ayudarles a lograr y mantener el cumplimiento. Vea lo que<\/p>\n","protected":false},"author":33,"featured_media":0,"parent":14897,"menu_order":0,"comment_status":"closed","ping_status":"closed","template":"page-templates\/page-sidebar-none.php","meta":{"_acf_changed":false,"content-type":"","footnotes":""},"class_list":["post-14209","page","type-page","status-publish","hentry"],"acf":[],"_links":{"self":[{"href":"https:\/\/staging.registrarcorp.com\/es\/wp-json\/wp\/v2\/pages\/14209","targetHints":{"allow":["GET"]}}],"collection":[{"href":"https:\/\/staging.registrarcorp.com\/es\/wp-json\/wp\/v2\/pages"}],"about":[{"href":"https:\/\/staging.registrarcorp.com\/es\/wp-json\/wp\/v2\/types\/page"}],"author":[{"embeddable":true,"href":"https:\/\/staging.registrarcorp.com\/es\/wp-json\/wp\/v2\/users\/33"}],"replies":[{"embeddable":true,"href":"https:\/\/staging.registrarcorp.com\/es\/wp-json\/wp\/v2\/comments?post=14209"}],"version-history":[{"count":0,"href":"https:\/\/staging.registrarcorp.com\/es\/wp-json\/wp\/v2\/pages\/14209\/revisions"}],"up":[{"embeddable":true,"href":"https:\/\/staging.registrarcorp.com\/es\/wp-json\/wp\/v2\/pages\/14897"}],"wp:attachment":[{"href":"https:\/\/staging.registrarcorp.com\/es\/wp-json\/wp\/v2\/media?parent=14209"}],"curies":[{"name":"wp","href":"https:\/\/api.w.org\/{rel}","templated":true}]}}