{"id":13754,"date":"2023-05-24T08:21:54","date_gmt":"2023-05-24T08:21:54","guid":{"rendered":"https:\/\/staging.registrarcorp.com\/careers\/"},"modified":"2025-02-13T19:06:21","modified_gmt":"2025-02-13T19:06:21","slug":"careers","status":"publish","type":"page","link":"https:\/\/staging.registrarcorp.com\/es\/careers\/","title":{"rendered":"Empleos"},"content":{"rendered":"<div class=\"wpb-content-wrapper\">[vc_section el_class=&#8221;pt-resp-topmost-section&#8221;][vc_row el_class=&#8221;hero-section&#8221;][vc_column width=&#8221;1\/12&#8243;][\/vc_column][vc_column width=&#8221;10\/12&#8243;][vc_custom_heading text=&#8221;\u00danase al equipo de Registrar Corp&#8221; font_container=&#8221;tag:h1|font_size:72|text_align:center|color:%23003873&#8243; google_fonts=&#8221;font_family:Montserrat%3Aregular%2C700|font_style:700%20bold%20regular%3A700%3Anormal&#8221; css=&#8221;.vc_custom_1739433196093{padding-bottom: 30px !important;}&#8221;][vc_column_text fnt_family=&#8221;Montserrat&#8221; fnt_size=&#8221;20&#8243;]\n<p style=\"text-align: center;\"><span style=\"color: #003873;\">Ofrecemos emocionantes oportunidades profesionales y experiencia global en seguridad y cumplimiento de la cadena de suministro, marketing y desarrollo de productos, SaaS y soluciones de comercio electr\u00f3nico.<\/span><\/p>\n[\/vc_column_text][vc_btn title=&#8221;Explorar puestos vacantes&#8221; align=&#8221;center&#8221; i_align=&#8221;right&#8221; i_icon_fontawesome=&#8221;fas fa-arrow-right&#8221; add_icon=&#8221;true&#8221; link=&#8221;url:%23open-roles|&#8221; el_class=&#8221;primary-btn&#8221; el_id=&#8221;explore-btn&#8221;][\/vc_column][vc_column width=&#8221;1\/12&#8243;][\/vc_column][\/vc_row][vc_row full_width=&#8221;stretch_row&#8221; css=&#8221;.vc_custom_1684922522258{padding-top: 60px !important;}&#8221;][vc_column][vc_single_image image=&#8221;2779&#8243; img_size=&#8221;full&#8221; alignment=&#8221;center&#8221;][\/vc_column][\/vc_row][\/vc_section][vc_section full_width=&#8221;stretch_row&#8221; css=&#8221;.vc_custom_1684923207415{padding-top: 50px !important;padding-bottom: 20px !important;background-color: #ffffff !important;}&#8221;][vc_row content_placement=&#8221;middle&#8221;][vc_column width=&#8221;1\/2&#8243; css=&#8221;.vc_custom_1684922149162{margin-right: 100px !important;}&#8221;][vc_custom_heading text=&#8221;\u00bfPor qu\u00e9 trabajar con nosotros?&#8221; font_container=&#8221;tag:h2|font_size:32|text_align:left|color:%23003873&#8243; google_fonts=&#8221;font_family:Montserrat%3Aregular%2C700|font_style:700%20bold%20regular%3A700%3Anormal&#8221;][vc_column_text fnt_family=&#8221;Montserrat&#8221; fnt_size=&#8221;18&#8243;]\n<p>Registrar Corp es l\u00edder en cumplimiento normativo internacional. Hemos pasado m\u00e1s de dos d\u00e9cadas manteniendo seguras las cadenas de suministro globales, y m\u00e1s de 30 000 empresas en todo el mundo.<\/p>\n[\/vc_column_text][vc_custom_heading text=&#8221;Beneficios&#8221; font_container=&#8221;tag:h4|font_size:24|text_align:left|color:%23003873&#8243; use_theme_fonts=&#8221;yes&#8221;][vc_column_text fnt_family=&#8221;Montserrat&#8221; fnt_size=&#8221;16&#8243;]\n<p>En Registrar Corp, apoyamos el bienestar de nuestros empleados con tiempo de vacaciones remunerado y tiempo libre personal remunerado; contribuci\u00f3n paralela de hasta 4% 401(k); planes m\u00e9dicos, dentales y oftalmol\u00f3gicos opcionales; reembolsos de educaci\u00f3n; y oportunidades de trabajo h\u00edbrido\/remoto para la mayor\u00eda de las funciones.<\/p>\n[\/vc_column_text][vc_custom_heading text=&#8221;Cultura&#8221; font_container=&#8221;tag:h4|font_size:24|text_align:left|color:%23003873&#8243; use_theme_fonts=&#8221;yes&#8221;][vc_column_text fnt_family=&#8221;Montserrat&#8221; fnt_size=&#8221;16&#8243;]Estamos profundamente comprometidos a tener un impacto positivo en la vida de nuestros trabajadores para que amen el trabajo que hacen. Es por eso que tantos miembros del equipo de Registrar Corp han estado con nosotros desde el comienzo: 20 a\u00f1os y contando.[\/vc_column_text][\/vc_column][vc_column width=&#8221;1\/2&#8243;][vc_single_image image=&#8221;2787&#8243; img_size=&#8221;full&#8221; alignment=&#8221;center&#8221;][\/vc_column][\/vc_row][\/vc_section][vc_section el_id=&#8221;openPositions&#8221; el_class=&#8221;anchor-scroll&#8221;][vc_row full_width=&#8221;stretch_row&#8221; el_id=&#8221;open-roles&#8221; el_class=&#8221;anchor-scroll&#8221; css=&#8221;.vc_custom_1709838454782{padding-top: 0px !important;padding-bottom: 40px !important;background-color: #ffffff !important;}&#8221;][vc_column][vc_custom_heading text=&#8221;Nuestras funciones abiertas&#8221; font_container=&#8221;tag:h2|font_size:32|text_align:center|color:%23003873&#8243; google_fonts=&#8221;font_family:Montserrat%3Aregular%2C700|font_style:700%20bold%20regular%3A700%3Anormal&#8221;][vc_separator color=&#8221;custom&#8221; accent_color=&#8221;#003873&#8243;][vc_raw_js]JTNDc2NyaXB0JTIwdHlwZSUzRCUyMnRleHQlMkZqYXZhc2NyaXB0JTIyJTIwaWQlM0QlMjJyYm94LWxvYWRlci1zY3JpcHQlMjIlM0UlMEFpZiUyOCUyMXdpbmRvdy5fcmJveCUyOSU3QiUwQV9yYm94JTIwJTNEJTIwJTdCJTIwaG9zdF9wcm90b2NvbCUzQWRvY3VtZW50LmxvY2F0aW9uLnByb3RvY29sJTJDJTIwcmVhZHklM0FmdW5jdGlvbiUyOGNiJTI5JTdCdGhpcy5vbnJlYWR5JTNEY2IlM0IlN0QlMjAlN0QlM0IlMEElMjhmdW5jdGlvbiUyOGQlMkMlMjBlJTI5JTIwJTdCJTBBJTIwJTIwJTIwJTIwdmFyJTIwcyUyQyUyMHQlMkMlMjBpJTJDJTIwc3JjJTNEJTVCJTI3JTJGc3RhdGljJTJGY2xpZW50LXNyYy1zZXJ2ZWQlMkZ3aWRnZXQlMkY4NTMxNCUyRnJib3hfYXBpLmpzJTI3JTJDJTIwJTI3JTJGc3RhdGljJTJGY2xpZW50LXNyYy1zZXJ2ZWQlMkZ3aWRnZXQlMkY4NTMxNCUyRnJib3hfaW1wbC5qcyUyNyU1RCUzQiUwQSUyMCUyMCUyMCUyMHQlMjAlM0QlMjBkLmdldEVsZW1lbnRzQnlUYWdOYW1lJTI4ZSUyOSUzQiUyMHQlM0R0JTVCdC5sZW5ndGglMjAtJTIwMSU1RCUzQiUwQSUyMCUyMCUyMCUyMGZvciUyOGklM0QwJTNCJTIwaSUzQ3NyYy5sZW5ndGglM0IlMjBpJTJCJTJCJTI5JTIwJTdCJTBBJTIwJTIwJTIwJTIwJTIwJTIwJTIwJTIwcyUyMCUzRCUyMGQuY3JlYXRlRWxlbWVudCUyOGUlMjklM0IlMjBzLnNyYyUyMCUzRCUyMF9yYm94Lmhvc3RfcHJvdG9jb2wlMjAlMkIlMjAlMjclMkYlMkZ3LnJlY3J1aXRlcmJveC5jb20lMjclMjAlMkIlMjBldmFsJTI4JTIyc3JjJTIyJTIwJTJCJTIwU3RyaW5nLmZyb21DaGFyQ29kZSUyODkxJTI5JTIwJTJCJTIwU3RyaW5nJTI4aSUyOSUyMCUyQiUyMFN0cmluZy5mcm9tQ2hhckNvZGUlMjg5MyUyOSUyOSUzQiUwQSUyMCUyMCUyMCUyMCUyMCUyMCUyMCUyMHQucGFyZW50Tm9kZS5pbnNlcnRCZWZvcmUlMjhzJTJDJTIwdC5uZXh0U2libGluZyUyOSUzQiUwQSUyMCUyMCUyMCUyMCU3RCU3RCUyOSUyOGRvY3VtZW50JTJDJTIwJTI3c2NyaXB0JTI3JTI5JTNCJTBBJTdEJTBBJTNDJTJGc2NyaXB0JTNF[\/vc_raw_js][\/vc_column][\/vc_row][\/vc_section][vc_row full_width=&#8221;stretch_row&#8221; css=&#8221;.vc_custom_1689079200674{padding-bottom: 40px !important;background-color: #ffffff !important;}&#8221; el_class=&#8221;business-model-tabs&#8221;][vc_column][vc_row_inner content_placement=&#8221;middle&#8221;][vc_column_inner width=&#8221;1\/4&#8243;][vc_single_image image=&#8221;2544&#8243; img_size=&#8221;large&#8221;][\/vc_column_inner][vc_column_inner width=&#8221;1\/2&#8243;][vc_custom_heading text=&#8221;Facilitar y agilizar el cumplimiento durante 20 a\u00f1os.&#8221; font_container=&#8221;tag:h2|text_align:left|color:%23003873&#8243; google_fonts=&#8221;font_family:Montserrat%3Aregular%2C700|font_style:700%20bold%20regular%3A700%3Anormal&#8221;][vc_column_text fnt_family=&#8221;Montserrat&#8221; fnt_size=&#8221;18&#8243;]Desde 2003, nuestro dedicado equipo de profesionales de cumplimiento y de la industria ha trabajado incansablemente para mantener saludables las cadenas de suministro. Perm\u00edtanos ayudarle a simplificar el cumplimiento normativo hoy mismo.[\/vc_column_text][\/vc_column_inner][vc_column_inner width=&#8221;1\/4&#8243;][vc_single_image image=&#8221;2544&#8243; img_size=&#8221;large&#8221;][\/vc_column_inner][\/vc_row_inner][\/vc_column][\/vc_row][vc_row][vc_column][vc_column_text]\n[\/vc_column_text][\/vc_column][\/vc_row]\n<\/div>","protected":false},"excerpt":{"rendered":"<p>[vc_section el_class=&#8221;pt-resp-topmost-section&#8221;][vc_row el_class=&#8221;hero-section&#8221;][vc_column width=&#8221;1\/12&#8243;][\/vc_column][vc_column width=&#8221;10\/12&#8243;][vc_custom_heading text=&#8221;\u00danase al equipo de Registrar Corp&#8221; font_container=&#8221;tag:h1|font_size:72|text_align:center|color:%23003873&#8243; google_fonts=&#8221;font_family:Montserrat%3Aregular%2C700|font_style:700%20bold%20regular%3A700%3Anormal&#8221; css=&#8221;.vc_custom_1739433196093{padding-bottom: 30px !important;}&#8221;][vc_column_text fnt_family=&#8221;Montserrat&#8221; fnt_size=&#8221;20&#8243;] Ofrecemos emocionantes oportunidades profesionales y experiencia global en seguridad y cumplimiento de la cadena de suministro, marketing y desarrollo de productos, SaaS y soluciones de comercio electr\u00f3nico. [\/vc_column_text][vc_btn title=&#8221;Explorar puestos vacantes&#8221; align=&#8221;center&#8221; i_align=&#8221;right&#8221; i_icon_fontawesome=&#8221;fas fa-arrow-right&#8221; add_icon=&#8221;true&#8221; link=&#8221;url:%23open-roles|&#8221;<\/p>\n","protected":false},"author":33,"featured_media":0,"parent":0,"menu_order":0,"comment_status":"closed","ping_status":"closed","template":"page-templates\/page-sidebar-none.php","meta":{"_acf_changed":false,"content-type":"","footnotes":""},"class_list":["post-13754","page","type-page","status-publish","hentry"],"acf":[],"_links":{"self":[{"href":"https:\/\/staging.registrarcorp.com\/es\/wp-json\/wp\/v2\/pages\/13754","targetHints":{"allow":["GET"]}}],"collection":[{"href":"https:\/\/staging.registrarcorp.com\/es\/wp-json\/wp\/v2\/pages"}],"about":[{"href":"https:\/\/staging.registrarcorp.com\/es\/wp-json\/wp\/v2\/types\/page"}],"author":[{"embeddable":true,"href":"https:\/\/staging.registrarcorp.com\/es\/wp-json\/wp\/v2\/users\/33"}],"replies":[{"embeddable":true,"href":"https:\/\/staging.registrarcorp.com\/es\/wp-json\/wp\/v2\/comments?post=13754"}],"version-history":[{"count":0,"href":"https:\/\/staging.registrarcorp.com\/es\/wp-json\/wp\/v2\/pages\/13754\/revisions"}],"wp:attachment":[{"href":"https:\/\/staging.registrarcorp.com\/es\/wp-json\/wp\/v2\/media?parent=13754"}],"curies":[{"name":"wp","href":"https:\/\/api.w.org\/{rel}","templated":true}]}}