{"id":13709,"date":"2023-05-29T11:53:16","date_gmt":"2023-05-29T11:53:16","guid":{"rendered":"https:\/\/staging.registrarcorp.com\/online-training\/"},"modified":"2025-06-05T20:21:56","modified_gmt":"2025-06-05T20:21:56","slug":"online-training","status":"publish","type":"page","link":"https:\/\/staging.registrarcorp.com\/es\/software\/online-training\/","title":{"rendered":"Capacitaci\u00f3n en l\u00ednea"},"content":{"rendered":"<div class=\"wpb-content-wrapper\">[vc_section full_width=&#8221;stretch_row&#8221; css=&#8221;.vc_custom_1685362376180{padding-top: 100px !important;padding-bottom: 50px !important;background-color: #ffffff !important;}&#8221;][vc_row content_placement=&#8221;middle&#8221; el_class=&#8221;hero-section&#8221;][vc_column width=&#8221;1\/2&#8243;][vc_column_text]\n<h1><strong><span style=\"color: #003873;\">Capacitaci\u00f3n en l\u00ednea sobre cumplimiento <\/span>normativo a<span style=\"color: #0081ff;\"> su propio ritmo.<\/span><\/strong><\/h1>\n[\/vc_column_text][vc_column_text fnt_family=&#8221;Montserrat&#8221; fnt_size=&#8221;24&#8243;]<span style=\"color: #003873;\">En Registrar Corp, sabemos c\u00f3mo es ser un profesional que trabaja muy ocupado, por lo que hemos dise\u00f1ado la capacitaci\u00f3n en l\u00ednea teniendo en cuenta sus necesidades. Ofrecemos cientos de cursos para diversas industrias y puestos de trabajo, accesibles las 24 horas del d\u00eda, los 7 d\u00edas de la semana, para que pueda estudiar a su propio ritmo. Obtenga nuevos conocimientos y capacite a su equipo f\u00e1cilmente con ofertas interactivas, materiales descargables y certificaciones aprobadas por la industria.<\/span>[\/vc_column_text][vc_btn title=&#8221;Comenzar a aprender&#8221; i_align=&#8221;right&#8221; i_icon_fontawesome=&#8221;fas fa-arrow-right&#8221; css=&#8221;&#8221; add_icon=&#8221;true&#8221; link=&#8221;url:https%3A%2F%2Fstaging.registrarcorp.com%2Fes%2Fcompliance-training%2F|title:Formaci%C3%B3n%20sobre%20cumplimiento|&#8221; el_class=&#8221;primary-btn&#8221;][\/vc_column][vc_column width=&#8221;1\/2&#8243;][vc_single_image image=&#8221;24252&#8243; img_size=&#8221;full&#8221; alignment=&#8221;center&#8221;][\/vc_column][\/vc_row][\/vc_section][vc_section full_width=&#8221;stretch_row&#8221; css=&#8221;.vc_custom_1685441025149{padding-top: 100px !important;padding-bottom: 50px !important;background-color: #eceff1 !important;}&#8221;][vc_row][vc_column][vc_column_text]\n<h2 style=\"text-align: center;\"><strong><span style=\"color: #0081ff;\">Algunos de nuestros cursos m\u00e1s populares incluyen:<\/span><\/strong><\/h2>\n[\/vc_column_text][\/vc_column][\/vc_row][vc_row][vc_column width=&#8221;1\/3&#8243;][vc_single_image image=&#8221;3141&#8243; img_size=&#8221;full&#8221; alignment=&#8221;center&#8221;][vc_custom_heading text=&#8221;Capacitaci\u00f3n en l\u00ednea para individuos calificados para controles preventivos (PCQI)&#8221; font_container=&#8221;tag:h2|text_align:center|color:%23003873&#8243; google_fonts=&#8221;font_family:Montserrat%3Aregular%2C700|font_style:700%20bold%20regular%3A700%3Anormal&#8221;][vc_column_text]Obtenga la capacitaci\u00f3n que necesita para convertirse en un PCQI y desarrollar planes de seguridad alimentaria que cumplan con la FSMA. Registrar Corp ofrece la \u00fanica capacitaci\u00f3n en PCQI 100 % en l\u00ednea y a su propio ritmo disponible con un certificado oficial de la FSPCA. Este curso est\u00e1 disponible en ingl\u00e9s, espa\u00f1ol y chino.[\/vc_column_text][vc_btn title=&#8221;Convi\u00e9rtase en un PCQI&#8221; style=&#8221;outline-custom&#8221; outline_custom_color=&#8221;#0081ff&#8221; outline_custom_hover_background=&#8221;#0081ff&#8221; outline_custom_hover_text=&#8221;#ffffff&#8221; shape=&#8221;square&#8221; align=&#8221;left&#8221; i_align=&#8221;right&#8221; i_icon_fontawesome=&#8221;fas fa-arrow-right&#8221; css=&#8221;&#8221; add_icon=&#8221;true&#8221; link=&#8221;url:https%3A%2F%2Fstaging.registrarcorp.com%2Fes%2Fcompliance-training%2Ffood-beverage%2Fpcqi-training%2F|title:Formaci%C3%B3n%20sobre%20cumplimiento%20de%20PCQI%3A%20Controles%20preventivos%20de%20FSPCA%20para%20alimentos%20humanos|&#8221; el_class=&#8221;btnTextBold&#8221;][\/vc_column][vc_column width=&#8221;1\/3&#8243;][vc_single_image image=&#8221;3150&#8243; img_size=&#8221;full&#8221; alignment=&#8221;center&#8221;][vc_custom_heading text=&#8221;Capacitaci\u00f3n para profesionales sobre Safe Quality Food\u00a0(SQF)&#8221; font_container=&#8221;tag:h2|text_align:center|color:%23003873&#8243; google_fonts=&#8221;font_family:Montserrat%3Aregular%2C700|font_style:700%20bold%20regular%3A700%3Anormal&#8221;][vc_column_text]Cumplir con los requisitos de capacitaci\u00f3n de los profesionales de SQF, edici\u00f3n 9 de SQF. Este curso interactivo ense\u00f1a a los profesionales de la industria alimentaria a implementar y documentar un sistema de gesti\u00f3n de inocuidad alimentaria SQF y realizar auditor\u00edas internacionales. Ofrecemos versiones de tres cursos: para fabricantes, fabricantes de envases de alimentos y &amp; distribuci\u00f3n de almacenamiento.[\/vc_column_text][vc_btn title=&#8221;Convi\u00e9rtase en un profesional de SQF&#8221; style=&#8221;outline-custom&#8221; outline_custom_color=&#8221;#0081ff&#8221; outline_custom_hover_background=&#8221;#0081ff&#8221; outline_custom_hover_text=&#8221;#ffffff&#8221; shape=&#8221;square&#8221; align=&#8221;left&#8221; i_align=&#8221;right&#8221; i_icon_fontawesome=&#8221;fas fa-arrow-right&#8221; css=&#8221;&#8221; add_icon=&#8221;true&#8221; link=&#8221;url:https%3A%2F%2Fstaging.registrarcorp.com%2Fes%2Fcompliance-training%2Ffood-beverage%2Fsqf-practitioner-training-implementation-package%2F|title:Paquete%20de%20capacitaci%C3%B3n%20e%20implementaci%C3%B3n%20para%20profesionales%20de%20SQF|&#8221; el_class=&#8221;btnTextBold&#8221;][\/vc_column][vc_column width=&#8221;1\/3&#8243;][vc_single_image image=&#8221;3158&#8243; img_size=&#8221;full&#8221; alignment=&#8221;center&#8221;][vc_custom_heading text=&#8221;Certificaci\u00f3n de an\u00e1lisis de peligros y punto cr\u00edtico de control (HACCP)&#8221; font_container=&#8221;tag:h2|text_align:center|color:%23003873&#8243; google_fonts=&#8221;font_family:Montserrat%3Aregular%2C700|font_style:700%20bold%20regular%3A700%3Anormal&#8221;][vc_column_text]Aprenda a desarrollar, escribir y auditar un plan HACCP con nuestra certificaci\u00f3n HACCP aprobada. La capacitaci\u00f3n de certificaci\u00f3n en HACCP de Registrar Corp se ofrece en ingl\u00e9s, espa\u00f1ol, italiano y chino y viene con el sello de aprobaci\u00f3n de la Alianza Internacional HACCP.[\/vc_column_text][vc_btn title=&#8221;Obtenga su certificaci\u00f3n HACCP&#8221; style=&#8221;outline-custom&#8221; outline_custom_color=&#8221;#0081ff&#8221; outline_custom_hover_background=&#8221;#0081ff&#8221; outline_custom_hover_text=&#8221;#ffffff&#8221; shape=&#8221;square&#8221; align=&#8221;left&#8221; i_align=&#8221;right&#8221; i_icon_fontawesome=&#8221;fas fa-arrow-right&#8221; css=&#8221;&#8221; add_icon=&#8221;true&#8221; link=&#8221;url:https%3A%2F%2Fstaging.registrarcorp.com%2Fes%2Fcompliance-training%2Ffood-beverage%2Fhaccp-certification%2F|title:Certificaci%C3%B3n%20HACCP|&#8221; el_class=&#8221;btnTextBold&#8221;][\/vc_column][\/vc_row][vc_row content_placement=&#8221;bottom&#8221;][vc_column width=&#8221;1\/6&#8243;][vc_single_image image=&#8221;3182&#8243; img_size=&#8221;full&#8221; alignment=&#8221;center&#8221;][\/vc_column][vc_column width=&#8221;2\/6&#8243;][vc_single_image image=&#8221;3166&#8243; img_size=&#8221;full&#8221; alignment=&#8221;center&#8221;][vc_custom_heading text=&#8221;Capacitaci\u00f3n en l\u00ednea del Programa de Verificaci\u00f3n de Proveedores Extranjeros (FSVP)&#8221; font_container=&#8221;tag:h2|text_align:center|color:%23003873&#8243; google_fonts=&#8221;font_family:Montserrat%3Aregular%2C700|font_style:700%20bold%20regular%3A700%3Anormal&#8221;][vc_column_text]Conozca los requisitos de FSVP y c\u00f3mo desarrollar e implementar un plan de FSVP para cumplir con las regulaciones de la FDA. Registrar Corp ofrece la \u00fanica capacitaci\u00f3n 100 % en l\u00ednea, a su propio ritmo y aprobada por la FSPCA para FSVP en el mercado. La capacitaci\u00f3n en l\u00ednea de FSVP viene con un certificado de finalizaci\u00f3n oficial descargable de FSPCA.[\/vc_column_text][vc_btn title=&#8221;M\u00e1s informaci\u00f3n sobre FSVP&#8221; style=&#8221;outline-custom&#8221; outline_custom_color=&#8221;#0081ff&#8221; outline_custom_hover_background=&#8221;#0081ff&#8221; outline_custom_hover_text=&#8221;#ffffff&#8221; shape=&#8221;square&#8221; align=&#8221;left&#8221; i_align=&#8221;right&#8221; i_icon_fontawesome=&#8221;fas fa-arrow-right&#8221; css=&#8221;&#8221; add_icon=&#8221;true&#8221; link=&#8221;url:https%3A%2F%2Fstaging.registrarcorp.com%2Fes%2Fcompliance-training%2Ffood-beverage%2Ffsvp-online-training-fspca-foreign-supplier-verification-programs%2F|title:Capacitaci%C3%B3n%20de%20cumplimiento%20de%20FSVP%3A%20Programas%20de%20verificaci%C3%B3n%20de%20proveedores%20extranjeros%20de%20FSPCA|&#8221; el_class=&#8221;btnTextBold&#8221;][\/vc_column][vc_column width=&#8221;2\/6&#8243;][vc_single_image image=&#8221;3174&#8243; img_size=&#8221;full&#8221; alignment=&#8221;center&#8221;][vc_custom_heading text=&#8221;FSSC 22000&#8243; font_container=&#8221;tag:h2|text_align:center|color:%23003873&#8243; google_fonts=&#8221;font_family:Montserrat%3Aregular%2C700|font_style:700%20bold%20regular%3A700%3Anormal&#8221;][vc_column_text]Conozca los requisitos de FSSC 22000 y c\u00f3mo implementarlos en su instalaci\u00f3n para prepararse para la certificaci\u00f3n. Elija entre cursos para l\u00edderes de equipos de seguridad alimentaria, equipos de seguridad alimentaria, auditores internos y empleados. Tambi\u00e9n incluimos plantillas descargables para que pueda crear y documentar su Sistema de Gesti\u00f3n de Seguridad Alimentaria.[\/vc_column_text][vc_btn title=&#8221;Complete la capacitaci\u00f3n FSSC 22000&#8243; style=&#8221;outline-custom&#8221; outline_custom_color=&#8221;#0081ff&#8221; outline_custom_hover_background=&#8221;#0081ff&#8221; outline_custom_hover_text=&#8221;#ffffff&#8221; shape=&#8221;square&#8221; align=&#8221;left&#8221; i_align=&#8221;right&#8221; i_icon_fontawesome=&#8221;fas fa-arrow-right&#8221; css=&#8221;&#8221; add_icon=&#8221;true&#8221; link=&#8221;url:https%3A%2F%2Fstaging.registrarcorp.com%2Fes%2Fcompliance-training%2Ffood-beverage%2Fcomplete-training-package-for-fssc-22000%2F|title:Paquete%20completo%20de%20formaci%C3%B3n%20de%20cumplimiento%20para%20FSSC%2022000|&#8221; el_class=&#8221;btnTextBold&#8221;][vc_empty_space height=&#8221;70px&#8221;][\/vc_column][vc_column width=&#8221;1\/6&#8243;][vc_single_image image=&#8221;3190&#8243; img_size=&#8221;full&#8221; alignment=&#8221;center&#8221;][\/vc_column][\/vc_row][\/vc_section][vc_section full_width=&#8221;stretch_row&#8221; css=&#8221;.vc_custom_1685439468154{padding-top: 50px !important;padding-bottom: 50px !important;background-color: #ffffff !important;}&#8221;][vc_row content_placement=&#8221;middle&#8221;][vc_column width=&#8221;1\/2&#8243;][vc_single_image image=&#8221;3206&#8243; img_size=&#8221;full&#8221;][vc_column_text fnt_family=&#8221;Montserrat&#8221; fnt_size=&#8221;18&#8243; grad_text_color1=&#8221;#003873&#8243;]Obtenga capacitaci\u00f3n rentable sobre seguridad alimentaria para su equipo bajo demanda. Nuestra plataforma de aprendizaje 100 % en l\u00ednea contiene m\u00e1s de 70 cursos de seguridad alimentaria dise\u00f1ados para capacitar a los trabajadores y gerentes de primera l\u00ednea en cumplimiento. Obtenga acceso las 24 horas del d\u00eda, los 7 d\u00edas de la semana a todos los cursos a su propio ritmo de RegiLearn y administre la capacitaci\u00f3n de cumplimiento del equipo por una tarifa mensual baja por usuario.[\/vc_column_text][vc_btn title=&#8221;Explore RegiLearn&#8221; color=&#8221;primary&#8221; i_align=&#8221;right&#8221; i_icon_fontawesome=&#8221;fas fa-arrow-right&#8221; css=&#8221;.vc_custom_1739363736080{background-color: #0081ff !important;}&#8221; add_icon=&#8221;true&#8221; link=&#8221;url:%23%2Fproducts%2Fonline-training%2Fregilearn%2F|&#8221; el_class=&#8221;primary-btn&#8221;][\/vc_column][vc_column width=&#8221;1\/2&#8243;][vc_single_image image=&#8221;3214&#8243; img_size=&#8221;large&#8221;][\/vc_column][\/vc_row][\/vc_section][vc_section full_width=&#8221;stretch_row&#8221; css=&#8221;.vc_custom_1685440075556{padding-top: 50px !important;padding-bottom: 50px !important;background-color: #a5dbff !important;}&#8221;][vc_row content_placement=&#8221;middle&#8221;][vc_column width=&#8221;1\/2&#8243;][vc_single_image image=&#8221;3222&#8243; img_size=&#8221;large&#8221;][\/vc_column][vc_column width=&#8221;1\/2&#8243;][vc_custom_heading text=&#8221;Capacitaci\u00f3n pr\u00e1ctica sobre cumplimiento para profesionales&#8221; font_container=&#8221;tag:h2|font_size:46px|text_align:left|color:%23003873|line_height:56px&#8221; google_fonts=&#8221;font_family:Montserrat%3Aregular%2C700|font_style:700%20bold%20regular%3A700%3Anormal&#8221; css=&#8221;&#8221;][vc_column_text fnt_family=&#8221;Montserrat&#8221; fnt_size=&#8221;24&#8243; grad_text_color1=&#8221;#003873&#8243;]Obtenga la capacitaci\u00f3n sobre seguridad alimentaria que necesita en su horario, dondequiera que est\u00e9.[\/vc_column_text][vc_btn title=&#8221;Obtenga aprendizaje&#8221; color=&#8221;primary&#8221; i_align=&#8221;right&#8221; i_icon_fontawesome=&#8221;fas fa-arrow-right&#8221; css=&#8221;.vc_custom_1735939018833{background-color: #0081ff !important;}&#8221; add_icon=&#8221;true&#8221; link=&#8221;url:https%3A%2F%2Fstaging.registrarcorp.com%2Fes%2Fcompliance-training%2F|title:Formaci%C3%B3n%20sobre%20cumplimiento|&#8221; el_class=&#8221;primary-btn&#8221;][\/vc_column][\/vc_row][\/vc_section][vc_section full_width=&#8221;stretch_row&#8221; css=&#8221;.vc_custom_1685426929622{padding-bottom: 50px !important;background-color: #eceff1 !important;}&#8221; el_class=&#8221;faq-accordion-section&#8221;][vc_row content_placement=&#8221;bottom&#8221; css=&#8221;.vc_custom_1700046296700{padding-top: 50px !important;}&#8221;][vc_column width=&#8221;2\/3&#8243;][vc_custom_heading text=&#8221;Preguntas frecuentes&#8221; font_container=&#8221;tag:h2|font_size:40|text_align:left|color:%23003873&#8243; google_fonts=&#8221;font_family:Montserrat%3Aregular%2C700|font_style:700%20bold%20regular%3A700%3Anormal&#8221;][\/vc_column][vc_column width=&#8221;1\/3&#8243;][vc_single_image image=&#8221;1012&#8243; img_size=&#8221;medium&#8221; alignment=&#8221;right&#8221; el_class=&#8221;hide-row&#8221;][\/vc_column][\/vc_row][vc_row css=&#8221;.vc_custom_1684137364661{padding-bottom: 50px !important;}&#8221;][vc_column][vc_separator color=&#8221;black&#8221;][vc_tta_accordion section_title_tag=&#8221;h2&#8243; c_icon=&#8221;chevron&#8221; active_section=&#8221;1&#8243; no_fill=&#8221;true&#8221; css=&#8221;.vc_custom_1683291355932{background-color: #eceff1 !important;}&#8221; el_class=&#8221;accordion&#8221;][vc_tta_section title=&#8221;\u00bfCu\u00e1ndo comienza el curso?&#8221; tab_id=&#8221;Whencoursebegin&#8221; el_class=&#8221;accordion-class&#8221;][vc_column_text fnt_family=&#8221;Montserrat&#8221; fnt_size=&#8221;24&#8243; grad_text_color1=&#8221;#003873&#8243;]Los cursos de capacitaci\u00f3n en l\u00ednea son en l\u00ednea y a su propio ritmo, por lo que puede comenzar en cualquier momento despu\u00e9s de su compra y trabajar en la capacitaci\u00f3n seg\u00fan lo permita su horario.[\/vc_column_text][\/vc_tta_section][vc_tta_section title=&#8221;\u00bfCu\u00e1nto tiempo tengo para completar el curso?&#8221; tab_id=&#8221;what-information-is-required54e5-2afa&#8221; el_class=&#8221;accordion-class&#8221;][vc_column_text]Tendr\u00e1 90 d\u00edas para acceder y completar cada curso.[\/vc_column_text][\/vc_tta_section][vc_tta_section title=&#8221;\u00bfCu\u00e1ndo vence el certificado?&#8221; tab_id=&#8221;certificate-expire&#8221; el_class=&#8221;accordion-class&#8221;][vc_column_text]Actualmente no hay ning\u00fan requisito de volver a capacitarse a intervalos prescritos. Su compa\u00f1\u00eda puede determinar que usted debe volver a recibir capacitaci\u00f3n anualmente o con alguna frecuencia espec\u00edfica.[\/vc_column_text][\/vc_tta_section][vc_tta_section title=&#8221;\u00bfSe reconoce el curso en mi pa\u00eds?&#8221; tab_id=&#8221;recognize-in-country&#8221; el_class=&#8221;accordion-class&#8221;][vc_column_text]ISO 22000, SQF, BRC y FSSC no son cursos espec\u00edficos del pa\u00eds. Los requisitos son los mismos a nivel mundial, por lo que los cursos se aplican en cualquier lugar. La FSMA es una regulaci\u00f3n de los EE. UU., por lo que los cursos de PCQI y FSVP solo necesitan ser reconocidos por los EE. UU. Los cursos oficiales se pueden realizar en cualquier pa\u00eds y cumplir\u00e1n con los requisitos de la FSMA.[\/vc_column_text][\/vc_tta_section][\/vc_tta_accordion][\/vc_column][\/vc_row][\/vc_section][vc_row][vc_column][\/vc_column][\/vc_row]\n<\/div>","protected":false},"excerpt":{"rendered":"<p>[vc_section full_width=&#8221;stretch_row&#8221; css=&#8221;.vc_custom_1685362376180{padding-top: 100px !important;padding-bottom: 50px !important;background-color: #ffffff !important;}&#8221;][vc_row content_placement=&#8221;middle&#8221; el_class=&#8221;hero-section&#8221;][vc_column width=&#8221;1\/2&#8243;][vc_column_text] Capacitaci\u00f3n en l\u00ednea sobre cumplimiento normativo a su propio ritmo. [\/vc_column_text][vc_column_text fnt_family=&#8221;Montserrat&#8221; fnt_size=&#8221;24&#8243;]En Registrar Corp, sabemos c\u00f3mo es ser un profesional que trabaja muy ocupado, por lo que hemos dise\u00f1ado la capacitaci\u00f3n en l\u00ednea teniendo en cuenta sus necesidades. Ofrecemos cientos de cursos<\/p>\n","protected":false},"author":33,"featured_media":0,"parent":14943,"menu_order":0,"comment_status":"closed","ping_status":"closed","template":"page-templates\/page-sidebar-none.php","meta":{"_acf_changed":false,"content-type":"","footnotes":""},"class_list":["post-13709","page","type-page","status-publish","hentry"],"acf":[],"_links":{"self":[{"href":"https:\/\/staging.registrarcorp.com\/es\/wp-json\/wp\/v2\/pages\/13709","targetHints":{"allow":["GET"]}}],"collection":[{"href":"https:\/\/staging.registrarcorp.com\/es\/wp-json\/wp\/v2\/pages"}],"about":[{"href":"https:\/\/staging.registrarcorp.com\/es\/wp-json\/wp\/v2\/types\/page"}],"author":[{"embeddable":true,"href":"https:\/\/staging.registrarcorp.com\/es\/wp-json\/wp\/v2\/users\/33"}],"replies":[{"embeddable":true,"href":"https:\/\/staging.registrarcorp.com\/es\/wp-json\/wp\/v2\/comments?post=13709"}],"version-history":[{"count":0,"href":"https:\/\/staging.registrarcorp.com\/es\/wp-json\/wp\/v2\/pages\/13709\/revisions"}],"up":[{"embeddable":true,"href":"https:\/\/staging.registrarcorp.com\/es\/wp-json\/wp\/v2\/pages\/14943"}],"wp:attachment":[{"href":"https:\/\/staging.registrarcorp.com\/es\/wp-json\/wp\/v2\/media?parent=13709"}],"curies":[{"name":"wp","href":"https:\/\/api.w.org\/{rel}","templated":true}]}}