{"id":13304,"date":"2023-06-01T07:23:29","date_gmt":"2023-06-01T07:23:29","guid":{"rendered":"https:\/\/staging.registrarcorp.com\/exporter-solutions\/"},"modified":"2024-09-27T13:21:43","modified_gmt":"2024-09-27T13:21:43","slug":"exporter-solutions","status":"publish","type":"page","link":"https:\/\/staging.registrarcorp.com\/es\/business-model\/exporter-solutions\/","title":{"rendered":"Soluciones para exportadores"},"content":{"rendered":"<div class=\"wpb-content-wrapper\">[vc_section el_class=&#8221;banner-section&#8221; css=&#8221;.vc_custom_1685621691370{padding-top: 80px !important;padding-bottom: 50px !important;}&#8221;][vc_row full_width=&#8221;stretch_row&#8221; el_class=&#8221;topContainer row-wdith hero-section&#8221; el_id=&#8221;headerRow&#8221;][vc_column width=&#8221;1\/2&#8243;][vc_column_text fnt_family=&#8221;Montserrat&#8221; fnt_size=&#8221;46&#8243;]\n<h1 style=\"font-weight: bold;\"><strong><span style=\"color: #003873;\">Cumplimiento normativo<\/span><\/strong><strong><span style=\"color: #0081ff;\">para exportadores de todo el mundo.<\/span><\/strong><\/h1>\n[\/vc_column_text][vc_column_text fnt_family=&#8221;Montserrat&#8221; fnt_size=&#8221;24&#8243;]Cumplir con las extensas regulaciones de la FDA es solo uno de los muchos desaf\u00edos que enfrentan los exportadores cuando intentan ingresar al mercado de los EE. UU. Como consultor l\u00edder en cumplimiento normativo para m\u00e1s de 30 000 empresas en todo el mundo, tenemos la experiencia y la pericia para ayudarlo a preparar sus productos para el mercado de los EE. UU.[\/vc_column_text][vc_btn title=&#8221;Seleccione su industria&#8221; color=&#8221;sky&#8221; i_align=&#8221;right&#8221; i_icon_fontawesome=&#8221;fas fa-arrow-right&#8221; add_icon=&#8221;true&#8221; el_class=&#8221;primary-btn&#8221; link=&#8221;url:%23exporters|&#8221;][\/vc_column][vc_column width=&#8221;1\/2&#8243; el_class=&#8221;container-right&#8221;][vc_single_image image=&#8221;3683&#8243; img_size=&#8221;596&#215;499&#8243; alignment=&#8221;center&#8221;][\/vc_column][\/vc_row][\/vc_section][vc_section full_width=&#8221;stretch_row&#8221; css=&#8221;.vc_custom_1689097172732{padding-bottom: 80px !important;background-color: #ffffff !important;}&#8221; el_id=&#8221;exporters&#8221;][vc_row full_width=&#8221;stretch_row&#8221; css=&#8221;.vc_custom_1685610365935{border-top-width: 40px !important;padding-top: 40px !important;padding-bottom: 20px !important;background-color: #ffffff !important;}&#8221;][vc_column width=&#8221;1\/2&#8243;][vc_single_image image=&#8221;3699&#8243; img_size=&#8221;589&#215;217&#8243;][\/vc_column][vc_column width=&#8221;1\/2&#8243;][vc_custom_heading text=&#8221;Cumplimiento global a local&#8221; font_container=&#8221;tag:h2|font_size:32px|text_align:left|color:%23003873|line_height:40px&#8221; google_fonts=&#8221;font_family:Montserrat%3Aregular%2C700|font_style:700%20bold%20regular%3A700%3Anormal&#8221;][vc_column_text fnt_family=&#8221;Montserrat&#8221; fnt_size=&#8221;18px&#8221; grad_text_color1=&#8221;#003873&#8243;]Con 19 oficinas globales y m\u00e1s de 20 a\u00f1os prestando servicios a empresas estadounidenses e internacionales, nuestro equipo se compromete a ayudarle a navegar por las regulaciones de los EE. UU. como proveedor extranjero. Los especialistas regulatorios de Registrar Corp atienden a exportadores en las industrias de alimentos y bebidas, suplementos alimenticios, medicamentos, dispositivos m\u00e9dicos y cosm\u00e9ticos.[\/vc_column_text][\/vc_column][\/vc_row][vc_row full_width=&#8221;stretch_row&#8221; css=&#8221;.vc_custom_1685610255607{background-color: #FFFFFF !important;}&#8221;][vc_column width=&#8221;1\/2&#8243;][vc_row_inner el_class=&#8221;compliance-details-col&#8221;][vc_column_inner][vc_single_image image=&#8221;3914&#8243; img_size=&#8221;616&#215;120&#8243; alignment=&#8221;center&#8221;][vc_custom_heading text=&#8221;Alimentos y bebidas&#8221; font_container=&#8221;tag:h2|font_size:24px|text_align:left|color:%23003873|line_height:40px&#8221; google_fonts=&#8221;font_family:Montserrat%3Aregular%2C700|font_style:700%20bold%20regular%3A700%3Anormal&#8221;][vc_raw_html]IDxkaXYgY2xhc3M9IkZvb2QtYW5kLUJldmVyYWdlLXVsbGkiPgogICAgPHA+CiAgICAgIFRlbmVtb3MgZMOpY2FkYXMgZGUgZXhwZXJpZW5jaWEgZW4gZWwgY3VtcGxpbWllbnRvIG5vcm1hdGl2byBkZSBhbGltZW50b3MuIFJlZ2lzdHJhciBDb3JwIGFwb3lhIGEgbG9zIGV4cG9ydGFkb3JlcyBkZSBhbGltZW50b3MgeSBiZWJpZGFzIGNvbiBzZXJ2aWNpb3MgZGUgYWdlbnRlcyBkZSBFRS4gVVUuLCBwZXRpY2lvbmVzIGRlIGVsaW1pbmFjacOzbiBkZSBhbGVydGFzIGRlIGltcG9ydGFjacOzbiB5IHNlcnZpY2lvcyBkZSBjdW1wbGltaWVudG8gZGUgZXRpcXVldGFkby4KICAgIDwvcD4KICAgIDxwIHN0eWxlPSJtYXJnaW4tYm90dG9tOiA1cHg7Ij5OdWVzdHJhcyBvZmVydGFzIHBhcmEgZXhwb3J0YWRvcmVzIGRlIGFsaW1lbnRvcyB5IGJlYmlkYXMgaW5jbHV5ZW46PC9wPgogICAgPHVsPgogICAgICA8bGk+UmVnaXN0cm8geSByZW5vdmFjacOzbiBkZSBpbnN0YWxhY2lvbmVzIGRlIGxhIEZEQTwvbGk+CiAgICAgIDxsaT5TZXJ2aWNpb3MgZGUgYXNpc3RlbmNpYSBwYXJhIGRldGVuY2nDs24geSBhbGVydGFzIGRlIGltcG9ydGFjacOzbjwvbGk+CiAgICAgIDxsaT5SZXZpc2lvbmVzIGRlIGV0aXF1ZXRhcyBlIGluZ3JlZGllbnRlczwvbGk+CiAgICAgIDxsaT5TZXJ2aWNpb3MgZGUgZXN0YWJsZWNpbWllbnRvIGRlIGVubGF0YWRvIGRlIGFsaW1lbnRvcyAoRm9vZCBDYW5uaW5nIEVzdGFibGlzaG1lbnQsIEZDRSk8L2xpPgogICAgICA8bGk+VHLDoW1pdGVzIGRlIGF2aXNvcyBwcmV2aW9zPC9saT4KICAgICAgPGxpPlNvZnR3YXJlIGRlIHBsYXRhZm9ybWEgcGFyYSBldGlxdWV0YXMgZGUgZGF0b3MgbnV0cmljaW9uYWxlcyB5IGFuw6FsaXNpcyBkZSByZWNldGFzIEEgbGEgQ2FsYzwvbGk+CiAgICAgIDxsaT5QbGF0YWZvcm1hcyBkZSBjYXBhY2l0YWNpw7NuIGVuIGzDrW5lYSBjb24gY3Vyc29zIGEgcml0bW8gcHJvcGlvIHkgY2VydGlmaWNhZG9zPC9saT4KICAgICAgPGxpPkF1dG9tYXRlZCBDb21wbGlhbmNlIHBhcmEgZXhwb3J0YWRvcmVzOiBudWVzdHJhIHBsYXRhZm9ybWEgZGUgc29mdHdhcmUgZGUgbW9uaXRvcmVvIGRlIGN1bXBsaW1pZW50byB5IG1lcmNhZG8gZXhwb3J0YWRvcjwvbGk+CiAgICA8L3VsPgogIDwvZGl2Pg==[\/vc_raw_html][vc_btn title=&#8221;Explore nuestras ofertas&#8221; color=&#8221;white&#8221; i_align=&#8221;right&#8221; i_icon_fontawesome=&#8221;fas fa-arrow-right&#8221; add_icon=&#8221;true&#8221; link=&#8221;url:https%3A%2F%2Fstaging.registrarcorp.com%2Fes%2Findustries%2Ffood-beverage%2F|&#8221; el_class=&#8221;secondary-btn&#8221;][\/vc_column_inner][\/vc_row_inner][\/vc_column][vc_column width=&#8221;1\/2&#8243;][vc_row_inner el_class=&#8221;compliance-details-col&#8221;][vc_column_inner][vc_single_image image=&#8221;3922&#8243; img_size=&#8221;616&#215;120&#8243; alignment=&#8221;center&#8221;][vc_custom_heading text=&#8221;Suplementos alimenticios&#8221; font_container=&#8221;tag:h2|font_size:24px|text_align:left|color:%23003873|line_height:40px&#8221; google_fonts=&#8221;font_family:Montserrat%3Aregular%2C700|font_style:700%20bold%20regular%3A700%3Anormal&#8221;][vc_raw_html]IDxkaXYgY2xhc3M9IkZvb2QtYW5kLUJldmVyYWdlLXVsbGkiPgogICAgPHA+CiAgICBFbnbDrWUgcHJvZHVjdG9zIGVmZWN0aXZvcyB5IHF1ZSBjdW1wbGFuIGNvbiBsYXMgbm9ybWFzLiBUcmFiYWphbW9zIGNvbiBleHBvcnRhZG9yZXMgZGUgc3VwbGVtZW50b3MgYWxpbWVudGljaW9zIHBhcmEgcmVnaXN0cmFyIHN1cyBpbnN0YWxhY2lvbmVzIGFudGUgbGEgRkRBLCBwcmVzZW50YXIgYXZpc29zIGRlIGVudsOtbyBhbnRpY2lwYWRvcyB5IG3DoXMuCiAgICA8L3A+CiAgICA8cCBzdHlsZT0ibWFyZ2luLWJvdHRvbTogNXB4OyI+TnVlc3RyYXMgb2ZlcnRhcyBwYXJhIGV4cG9ydGFkb3JlcyBkZSBzdXBsZW1lbnRvcyBhbGltZW50aWNpb3MgaW5jbHV5ZW46PC9wPgogICAgPHVsPgogICAgICA8bGk+UmVnaXN0cm8geSByZW5vdmFjacOzbiBkZSBpbnN0YWxhY2lvbmVzIGRlIGxhIEZEQTwvbGk+CiAgICAgIDxsaT5SZXZpc2lvbmVzIGRlIGV0aXF1ZXRhcyBlIGluZ3JlZGllbnRlczwvbGk+CiAgICAgIDxsaT5TZXJ2aWNpb3MgZGUgYXNpc3RlbmNpYSBwYXJhIGRldGVuY2nDs24geSBhbGVydGFzIGRlIGltcG9ydGFjacOzbjwvbGk+CiAgICAgIDxsaT5UcsOhbWl0ZSBkZSBhdmlzb3MgcHJldmlvczwvbGk+CiAgICAgIDxsaT5QbGF0YWZvcm1hcyBkZSBjYXBhY2l0YWNpw7NuIGVuIGzDrW5lYSBjb24gY3Vyc29zIGEgcml0bW8gcHJvcGlvIHkgY2VydGlmaWNhZG9zPC9saT4KICAgICAgPGxpPkF1dG9tYXRlZCBDb21wbGlhbmNlIHBhcmEgZXhwb3J0YWRvcmVzOiBudWVzdHJhIHBsYXRhZm9ybWEgZGUgc29mdHdhcmUgZGUgbW9uaXRvcmVvIGRlIGN1bXBsaW1pZW50byB5IG1lcmNhZG8gZXhwb3J0YWRvcjwvbGk+CiAgICA8L3VsPgogIDwvZGl2Pg==[\/vc_raw_html][vc_btn title=&#8221;Explore nuestras ofertas&#8221; color=&#8221;white&#8221; i_align=&#8221;right&#8221; i_icon_fontawesome=&#8221;fas fa-arrow-right&#8221; add_icon=&#8221;true&#8221; link=&#8221;url:https%3A%2F%2Fstaging.registrarcorp.com%2Fes%2Findustries%2Fdietary-supplements%2F|&#8221; el_class=&#8221;secondary-btn&#8221;][\/vc_column_inner][\/vc_row_inner][\/vc_column][\/vc_row][vc_row full_width=&#8221;stretch_row&#8221; css=&#8221;.vc_custom_1685611950480{background-color: #ffffff !important;}&#8221;][vc_column width=&#8221;1\/2&#8243;][vc_row_inner el_class=&#8221;compliance-details-col&#8221;][vc_column_inner][vc_single_image image=&#8221;3906&#8243; img_size=&#8221;616&#215;120&#8243; alignment=&#8221;center&#8221;][vc_custom_heading text=&#8221;Medicamentos&#8221; font_container=&#8221;tag:h2|font_size:24px|text_align:left|color:%23003873|line_height:40px&#8221; google_fonts=&#8221;font_family:Montserrat%3Aregular%2C700|font_style:700%20bold%20regular%3A700%3Anormal&#8221;][vc_raw_html]IDxkaXYgY2xhc3M9IkZvb2QtYW5kLUJldmVyYWdlLXVsbGkiPgogICAgPHA+CiAgICAgR2FyYW50aWNlIGxhIHNlZ3VyaWRhZCBkZWwgY29uc3VtaWRvciBjb24gUmVnaXN0cmFyIENvcnAuIE51ZXN0cm8gZXF1aXBvIGRlZGljYWRvIGxvIGd1aWFyw6EgYSB0cmF2w6lzIGRlIGxhIHByZXNlbnRhY2nDs24gZGUgbGlzdGFzIGRlIHByb2R1Y3RvcywgbGEgY3JlYWNpw7NuIGRlIGV0aXF1ZXRhcyBkZSBwcm9kdWN0b3MgcXVlIGN1bXBsYW4gY29uIGxhIEZEQSB5IGVsIGVudsOtbyBkZSBhcmNoaXZvcyBtYWVzdHJvcyBhIGFnZW5jaWFzIHJlZ3VsYWRvcmFzLgogICAgPC9wPgogICAgPHAgc3R5bGU9Im1hcmdpbi1ib3R0b206IDVweDsiPk51ZXN0cmFzIG9mZXJ0YXMgcGFyYSBleHBvcnRhZG9yZXMgZGUgbWVkaWNhbWVudG9zIGluY2x1eWVuOjwvcD4KICAgIDx1bD4KICAgICAgPGxpPlJlZ2lzdHJvIGRlIGluc3RhbGFjaW9uZXMgZGUgbGEgRkRBIHkgcHJlc2VudGFjacOzbiBkZSBsaXN0YWRvcyBkZSBwcm9kdWN0b3M8L2xpPgogICAgICA8bGk+UmV2aXNpb25lcyBkZSBldGlxdWV0YXMgZSBpbmdyZWRpZW50ZXM8L2xpPgogICAgICA8bGk+QXl1ZGEgY29uIGVsIEFyY2hpdm8gTWFlc3RybyBkZSBNZWRpY2FtZW50b3MgKERNRik8L2xpPgogICAgPC91bD4KICA8L2Rpdj4=[\/vc_raw_html][vc_btn title=&#8221;Explore nuestras ofertas&#8221; color=&#8221;white&#8221; i_align=&#8221;right&#8221; i_icon_fontawesome=&#8221;fas fa-arrow-right&#8221; add_icon=&#8221;true&#8221; link=&#8221;url:https%3A%2F%2Fstaging.registrarcorp.com%2Fes%2Findustries%2Fdrugs%2F|&#8221; el_class=&#8221;secondary-btn&#8221;][\/vc_column_inner][\/vc_row_inner][\/vc_column][vc_column width=&#8221;1\/2&#8243;][vc_row_inner el_class=&#8221;compliance-details-col&#8221;][vc_column_inner][vc_single_image image=&#8221;3930&#8243; img_size=&#8221;616&#215;120&#8243; alignment=&#8221;center&#8221;][vc_custom_heading text=&#8221;Dispositivos m\u00e9dicos&#8221; font_container=&#8221;tag:h2|font_size:24px|text_align:left|color:%23003873|line_height:40px&#8221; google_fonts=&#8221;font_family:Montserrat%3Aregular%2C700|font_style:700%20bold%20regular%3A700%3Anormal&#8221;][vc_raw_html]IDxkaXYgY2xhc3M9IkZvb2QtYW5kLUJldmVyYWdlLXVsbGkiPgogICAgPHA+CiAgIEN1bXBsYSBjb24gbGFzIGV4dGVuc2FzIHJlZ3VsYWNpb25lcyBkZSBsb3MgRUUuIFVVLiBwYXJhIGRpc3Bvc2l0aXZvcyBtw6lkaWNvcy4gQ29uIFJlZ2lzdHJhciBDb3JwLCBwdWVkZSBwcmVzZW50YXIgZsOhY2lsbWVudGUgcmVwb3J0ZXMgZWxlY3Ryw7NuaWNvcyBkZSBkaXNwb3NpdGl2b3MgbcOpZGljb3MsIGFzZWd1cmFyc2UgZGUgcXVlIGVsIGV0aXF1ZXRhZG8gZGUgc3UgZGlzcG9zaXRpdm8geSBsb3MgcHJvZHVjdG9zIGN1bXBsYW4gY29uIGxvcyByZXF1aXNpdG9zIHJlZ2xhbWVudGFyaW9zIHkgbcOhcy4KICAgIDwvcD4KICAgIDxwIHN0eWxlPSJtYXJnaW4tYm90dG9tOiA1cHg7Ij5OdWVzdHJhcyBvZmVydGFzIHBhcmEgZXhwb3J0YWRvcmVzIGRlIGRpc3Bvc2l0aXZvcyBtw6lkaWNvcyBpbmNsdXllbjo8L3A+CiAgICA8dWw+CiAgICAgIDxsaT5SZWdpc3RybyB5IHJlbm92YWNpw7NuIGRlIGluc3RhbGFjaW9uZXMgZGUgbGEgRkRBPC9saT4KICAgICAgPGxpPlJldmlzaW9uZXMgZGUgZXRpcXVldGFzIGUgaW5ncmVkaWVudGVzPC9saT4KICAgICAgPGxpPkluZm9ybWVzIGVsZWN0csOzbmljb3MgZGUgZGlzcG9zaXRpdm9zIG3DqWRpY29zIChlTURSKTwvbGk+CiAgICAgIDxsaT5BeXVkYSBjb24gZWwgQXJjaGl2byBNYWVzdHJvIGRlIERpc3Bvc2l0aXZvcyBNw6lkaWNvcyAoTUFGKTwvbGk+CjxsaT5BdXRvbWF0ZWQgQ29tcGxpYW5jZSBwYXJhIGV4cG9ydGFkb3JlczogbnVlc3RyYSBwbGF0YWZvcm1hIGRlIHNvZnR3YXJlIGRlIG1vbml0b3JlbyBkZSBjdW1wbGltaWVudG8geSBtZXJjYWRvIGV4cG9ydGFkb3I8L2xpPgogICAgPC91bD4KICA8L2Rpdj4=[\/vc_raw_html][vc_btn title=&#8221;Explore nuestras ofertas&#8221; color=&#8221;white&#8221; i_align=&#8221;right&#8221; i_icon_fontawesome=&#8221;fas fa-arrow-right&#8221; add_icon=&#8221;true&#8221; link=&#8221;url:https%3A%2F%2Fstaging.registrarcorp.com%2Fes%2Findustries%2Fmedical-devices%2F|&#8221; el_class=&#8221;secondary-btn&#8221;][\/vc_column_inner][\/vc_row_inner][\/vc_column][\/vc_row][vc_row full_width=&#8221;stretch_row_content&#8221; content_placement=&#8221;middle&#8221; css=&#8221;.vc_custom_1685624486837{background-color: #ffffff !important;}&#8221;][vc_column width=&#8221;1\/4&#8243; css=&#8221;.vc_custom_1685613086416{border-bottom-width: 20px !important;padding-top: 20px !important;}&#8221;][vc_single_image image=&#8221;3882&#8243; img_size=&#8221;258&#215;330&#8243;][\/vc_column][vc_column width=&#8221;1\/2&#8243;][vc_row_inner el_class=&#8221;compliance-details-col&#8221;][vc_column_inner][vc_single_image image=&#8221;3946&#8243; img_size=&#8221;616&#215;120&#8243; alignment=&#8221;center&#8221;][vc_custom_heading text=&#8221;Cosm\u00e9ticos&#8221; font_container=&#8221;tag:h2|font_size:24px|text_align:left|color:%23003873|line_height:40px&#8221; google_fonts=&#8221;font_family:Montserrat%3Aregular%2C700|font_style:700%20bold%20regular%3A700%3Anormal&#8221;][vc_raw_html]IDxkaXYgY2xhc3M9IkZvb2QtYW5kLUJldmVyYWdlLXVsbGkiPgogICAgPHA+CiAgICAgQ3VtcGxpciBjb24gbG9zIG51ZXZvcyBlc3TDoW5kYXJlcyBjb3Ntw6l0aWNvcyBkZSBsYSBGREEuIFJlZ2lzdHJhciBDb3JwIGVzIHVubyBkZSBsb3MgcHJpbWVyb3MgY29uc3VsdG9yZXMgcmVndWxhdG9yaW9zIGVuIGFtcGxpYXIgc3UgZ2FtYSBkZSBzZXJ2aWNpb3MgZGUgY3VtcGxpbWllbnRvIGNvc23DqXRpY28gcGFyYSBwcm92ZWVkb3JlcyBxdWUgZXhwb3J0YW4gYSBsb3MgRUUuIFVVLgogICAgPC9wPgogICAgPHAgc3R5bGU9Im1hcmdpbi1ib3R0b206IDVweDsiPk51ZXN0cmFzIG9mZXJ0YXMgcGFyYSBleHBvcnRhZG9yZXMgY29zbcOpdGljb3MgaW5jbHV5ZW46PC9wPgogICAgPHVsPgogICAgICA8bGk+UmVnaXN0cm8gZGUgaW5zdGFsYWNpb25lcyBkZSBsYSBGREEgeSBwcmVzZW50YWNpw7NuIGRlIGxpc3RhZG9zIGRlIHByb2R1Y3RvczwvbGk+CiAgICAgIDxsaT5SZXZpc2nDs24gZGUgZXRpcXVldGFzIGUgaW5ncmVkaWVudGVzPC9saT4KICAgICAgPGxpPkNvc21ldHJpOiBudWVzdHJhIGlubm92YWRvcmEgcGxhdGFmb3JtYSBkZSBzb2Z0d2FyZSBub3JtYXRpdm8geSBmb3JtdWxhY2nDs24gZGUgY29zbcOpdGljb3M8L2xpPgogICAgPC91bD4KICA8L2Rpdj4=[\/vc_raw_html][vc_btn title=&#8221;Explore nuestras ofertas&#8221; color=&#8221;white&#8221; i_align=&#8221;right&#8221; i_icon_fontawesome=&#8221;fas fa-arrow-right&#8221; add_icon=&#8221;true&#8221; link=&#8221;url:https%3A%2F%2Fstaging.registrarcorp.com%2Fes%2Findustries%2Fcosmetics%2F|&#8221; el_class=&#8221;secondary-btn&#8221;][\/vc_column_inner][\/vc_row_inner][\/vc_column][vc_column width=&#8221;1\/4&#8243;][vc_single_image image=&#8221;3898&#8243; img_size=&#8221;258&#215;330&#8243; alignment=&#8221;right&#8221;][\/vc_column][\/vc_row][\/vc_section]\n<\/div>","protected":false},"excerpt":{"rendered":"<p>[vc_section el_class=&#8221;banner-section&#8221; css=&#8221;.vc_custom_1685621691370{padding-top: 80px !important;padding-bottom: 50px !important;}&#8221;][vc_row full_width=&#8221;stretch_row&#8221; el_class=&#8221;topContainer row-wdith hero-section&#8221; el_id=&#8221;headerRow&#8221;][vc_column width=&#8221;1\/2&#8243;][vc_column_text fnt_family=&#8221;Montserrat&#8221; fnt_size=&#8221;46&#8243;] Cumplimiento normativopara exportadores de todo el mundo. [\/vc_column_text][vc_column_text fnt_family=&#8221;Montserrat&#8221; fnt_size=&#8221;24&#8243;]Cumplir con las extensas regulaciones de la FDA es solo uno de los muchos desaf\u00edos que enfrentan los exportadores cuando intentan ingresar al mercado de los EE. UU. Como consultor l\u00edder<\/p>\n","protected":false},"author":33,"featured_media":0,"parent":14663,"menu_order":0,"comment_status":"closed","ping_status":"closed","template":"page-templates\/page-sidebar-none.php","meta":{"_acf_changed":false,"content-type":"","footnotes":""},"class_list":["post-13304","page","type-page","status-publish","hentry"],"acf":[],"_links":{"self":[{"href":"https:\/\/staging.registrarcorp.com\/es\/wp-json\/wp\/v2\/pages\/13304","targetHints":{"allow":["GET"]}}],"collection":[{"href":"https:\/\/staging.registrarcorp.com\/es\/wp-json\/wp\/v2\/pages"}],"about":[{"href":"https:\/\/staging.registrarcorp.com\/es\/wp-json\/wp\/v2\/types\/page"}],"author":[{"embeddable":true,"href":"https:\/\/staging.registrarcorp.com\/es\/wp-json\/wp\/v2\/users\/33"}],"replies":[{"embeddable":true,"href":"https:\/\/staging.registrarcorp.com\/es\/wp-json\/wp\/v2\/comments?post=13304"}],"version-history":[{"count":0,"href":"https:\/\/staging.registrarcorp.com\/es\/wp-json\/wp\/v2\/pages\/13304\/revisions"}],"up":[{"embeddable":true,"href":"https:\/\/staging.registrarcorp.com\/es\/wp-json\/wp\/v2\/pages\/14663"}],"wp:attachment":[{"href":"https:\/\/staging.registrarcorp.com\/es\/wp-json\/wp\/v2\/media?parent=13304"}],"curies":[{"name":"wp","href":"https:\/\/api.w.org\/{rel}","templated":true}]}}