{"id":13148,"date":"2023-06-05T09:27:00","date_gmt":"2023-06-05T09:27:00","guid":{"rendered":"https:\/\/staging.registrarcorp.com\/quality-assurance\/"},"modified":"2024-09-27T13:43:37","modified_gmt":"2024-09-27T13:43:37","slug":"quality-assurance","status":"publish","type":"page","link":"https:\/\/staging.registrarcorp.com\/es\/roles\/quality-assurance\/","title":{"rendered":"Aseguramiento de la calidad"},"content":{"rendered":"<div class=\"wpb-content-wrapper\">[vc_row full_width=&#8221;stretch_row&#8221; css=&#8221;.vc_custom_1726760608751{padding-top: 50px !important;padding-bottom: 50px !important;background-color: #eeefef !important;}&#8221; el_class=&#8221;hero-section&#8221;][vc_column width=&#8221;1\/2&#8243;][vc_column_text css=&#8221;&#8221;]\n<h1 class=\"banner-title\"><strong>Mejor cumplimiento para<br \/>\n<span style=\"color: #0081ff;\"> los profesionales de aseguramiento de calidad.<\/span><\/strong><\/h1>\n[\/vc_column_text][vc_column_text fnt_family=&#8221;Montserrat&#8221; fnt_size=&#8221;24px&#8221;]Estamos comprometidos a ayudar a los<br \/>\nprofesionales de aseguramiento de calidad de todo el mundo a mantener los est\u00e1ndares<br \/>\nde seguridad y calidad de los productos. El conjunto de servicios de autoservicio y personalizados, el software y la capacitaci\u00f3n<br \/>\nen l\u00ednea<br \/>\nde Registrar Corp lo apoyan a usted y a su equipo desde el<br \/>\ninicio de su carrera hasta el ejecutivo y la propiedad.[\/vc_column_text][vc_empty_space height=&#8221;15px&#8221;][vc_btn title=&#8221;Explore nuestras ofertas&#8221; style=&#8221;flat&#8221; shape=&#8221;square&#8221; color=&#8221;blue&#8221; size=&#8221;lg&#8221; align=&#8221;left&#8221; i_align=&#8221;right&#8221; i_icon_fontawesome=&#8221;fas fa-arrow-right&#8221; add_icon=&#8221;true&#8221; el_class=&#8221;primary-btn btnTextBold&#8221; link=&#8221;url:%23services|&#8221;][\/vc_column][vc_column width=&#8221;1\/2&#8243;][vc_single_image image=&#8221;4304&#8243; img_size=&#8221;606&#215;513&#8243; alignment=&#8221;right&#8221;][\/vc_column][\/vc_row][vc_row full_width=&#8221;stretch_row&#8221; css=&#8221;.vc_custom_1687352473290{padding-top: 50px !important;background-color: #ffffff !important;}&#8221; el_class=&#8221;vertical-text-align&#8221; el_id=&#8221;services&#8221;][vc_column width=&#8221;1\/2&#8243; el_class=&#8221;col-txt-center&#8221;][vc_single_image image=&#8221;4313&#8243; img_size=&#8221;477&#215;238&#8243;][\/vc_column][vc_column width=&#8221;1\/2&#8243; el_class=&#8221;col-txt-center&#8221;][vc_column_text css=&#8221;&#8221;]\n<h2 style=\"font-size: 32px; line-height: 40px; font-weight: bold; color: #003873;\">Servicios<\/h2>\n[\/vc_column_text][vc_column_text fnt_family=&#8221;Montserrat&#8221; fnt_size=&#8221;18px&#8221;]Administre los est\u00e1ndares de producci\u00f3n y cumpla con las regulaciones para bienes importados y exportados. Nuestras ofertas de\u00a0revisi\u00f3n de etiquetas e ingredientes, plan de inocuidad de alimentos y de registro de\u00a0establecimiento de enlatado de alimentos (Food Canning Establishment, FCE) vienen con apoyo personalizado de profesionales experimentados de la industria.[\/vc_column_text][\/vc_column][\/vc_row][vc_row full_width=&#8221;stretch_row&#8221; css=&#8221;.vc_custom_1685703867766{padding-bottom: 50px !important;background-color: #ffffff !important;}&#8221;][vc_column width=&#8221;1\/3&#8243;][vc_empty_space height=&#8221;11px&#8221;][vc_single_image image=&#8221;4230&#8243; img_size=&#8221;398&#215;116&#8243; alignment=&#8221;center&#8221;][vc_column_text css=&#8221;&#8221;]\n<h3 style=\"font-size: 24px; line-height: 40px; font-weight: 600; color: #003873;\">Revisiones de etiquetas e ingredientes<\/h3>\n[\/vc_column_text][vc_column_text fnt_family=&#8221;Montserrat&#8221; fnt_size=&#8221;18px&#8221;]Promover el consumo y uso saludables<br \/>\ncumpliendo con los requisitos de etiquetado de los EE. UU.<br \/>\nNuestros dedicados especialistas regulatorios<br \/>\nrevisar\u00e1n la etiqueta de su producto, las afirmaciones y<br \/>\nlos ingredientes, y recomendar\u00e1n y<br \/>\ncolaborar\u00e1n en las revisiones. Actualmente ofrecemos servicios<br \/>\nde etiquetado y revisi\u00f3n de ingredientes a empresas de<br \/>\nalimentos y bebidas, pienso para animales,<br \/>\nsuplementos diet\u00e9ticos, dispositivos m\u00e9dicos, medicamentos y<br \/>\ncosm\u00e9ticos.[\/vc_column_text][vc_btn title=&#8221;Solicitar una revisi\u00f3n de etiqueta&#8221; style=&#8221;flat&#8221; shape=&#8221;square&#8221; size=&#8221;lg&#8221; align=&#8221;left&#8221; i_align=&#8221;right&#8221; i_icon_fontawesome=&#8221;fas fa-arrow-right&#8221; add_icon=&#8221;true&#8221; el_class=&#8221;secondary-btn btnTextBold&#8221; link=&#8221;url:https%3A%2F%2Fstaging.registrarcorp.com%2Fes%2Fservices%2Flabel-ingredients-review%2F|&#8221;][\/vc_column][vc_column width=&#8221;1\/3&#8243;][vc_empty_space height=&#8221;11px&#8221;][vc_single_image image=&#8221;4182&#8243; img_size=&#8221;398&#215;116&#8243; alignment=&#8221;center&#8221;][vc_empty_space height=&#8221;3px&#8221;][vc_column_text css=&#8221;&#8221;]\n<h3 style=\"font-size: 24px; line-height: 40px; font-weight: 600; color: #003873;\">Servicios de seguridad alimentaria<\/h3>\n[\/vc_column_text][vc_column_text fnt_family=&#8221;Montserrat&#8221; fnt_size=&#8221;18px&#8221;]Garantizar el control de calidad y mantener el cumplimiento de la<br \/>\nseguridad alimentaria. Nuestro equipo de<br \/>\nprofesionales reguladores apoya las instalaciones de alimentos, bebidas y suplementos<br \/>\ndiet\u00e9ticos que necesitan<br \/>\ncumplir con la<br \/>\nLey de Modernizaci\u00f3n de la Seguridad Alimentaria (FSMA). Ayudamos con las inspecciones simuladas de las<br \/>\ninstalaciones de alimentos de la FDA y del Programa de verificaci\u00f3n de proveedores extranjeros (FSVP), los Planes FSVP, los Planes<br \/>\nHARPC y HACCP, los Planes de<br \/>\ndefensa alimentaria y m\u00e1s.[\/vc_column_text][vc_btn title=&#8221;Obtenga informaci\u00f3n sobre\u00a0 seguridad alimentaria&#8221; style=&#8221;flat&#8221; shape=&#8221;square&#8221; size=&#8221;lg&#8221; align=&#8221;left&#8221; i_align=&#8221;right&#8221; i_icon_fontawesome=&#8221;fas fa-arrow-right&#8221; add_icon=&#8221;true&#8221; el_class=&#8221;secondary-btn btnTextBold&#8221; link=&#8221;url:https%3A%2F%2Fstaging.registrarcorp.com%2Fes%2Fservices%2Ffood-safety%2F|&#8221;][\/vc_column][vc_column width=&#8221;1\/3&#8243;][vc_single_image image=&#8221;4190&#8243; img_size=&#8221;398&#215;116&#8243; alignment=&#8221;center&#8221;][vc_empty_space height=&#8221;14px&#8221;][vc_column_text css=&#8221;&#8221;]\n<h3 style=\"font-size: 24px; line-height: 40px; font-weight: 600; color: #003873;\">Registro en establecimiento de enlatado de alimentos (FCE)<\/h3>\n[\/vc_column_text][vc_column_text fnt_family=&#8221;Montserrat&#8221; fnt_size=&#8221;18px&#8221;]Preparar sus productos para cumplir con las regulaciones de LACF de la FDA para establecimientos de enlatado de alimentos (Food Canning Establishments, FCE) puede llevar mucho tiempo, pero Registrar Corp puede acelerar el proceso. Trabajaremos con usted para confirmar qu\u00e9 regulaciones debe cumplir, registrar su instalaci\u00f3n de alimentos, presentar tr\u00e1mites de procesos de productos y verificar cada n\u00famero de identificador de env\u00edo (SID).[\/vc_column_text][vc_btn title=&#8221;Descubra FCE&#8221; style=&#8221;flat&#8221; shape=&#8221;square&#8221; size=&#8221;lg&#8221; align=&#8221;left&#8221; i_align=&#8221;right&#8221; i_icon_fontawesome=&#8221;fas fa-arrow-right&#8221; add_icon=&#8221;true&#8221; el_class=&#8221;secondary-btn btnTextBold&#8221; link=&#8221;url:https%3A%2F%2Fstaging.registrarcorp.com%2Fes%2Fservices%2Ffce-registration%2F|&#8221;][\/vc_column][\/vc_row][vc_row full_width=&#8221;stretch_row&#8221; css=&#8221;.vc_custom_1685959300354{padding-top: 50px !important;padding-bottom: 50px !important;background-color: #eeefef !important;}&#8221; el_class=&#8221;vertical-text-align&#8221;][vc_column width=&#8221;1\/2&#8243; el_class=&#8221;.col-txt-center&#8221;][vc_column_text css=&#8221;&#8221;]\n<h2 style=\"font-size: 32px; line-height: 40px; font-weight: bold; color: #003873;\">Productos<\/h2>\n[\/vc_column_text][vc_column_text fnt_family=&#8221;Montserrat&#8221; fnt_size=&#8221;18px&#8221;]Facilitamos el aseguramiento de la calidad con nuestros<br \/>\nproductos de software patentados. Garantizar la importaci\u00f3n y exportaci\u00f3n segura y exitosa de<br \/>\nbienes a trav\u00e9s de nuestra soluci\u00f3n de cumplimiento automatizado, y supervisar la formulaci\u00f3n, la producci\u00f3n y el cumplimiento de<br \/>\ncosm\u00e9ticos con Cosmetri.[\/vc_column_text][\/vc_column][vc_column width=&#8221;1\/2&#8243;][vc_single_image image=&#8221;4329&#8243; img_size=&#8221;604&#215;257&#8243; alignment=&#8221;right&#8221;][\/vc_column][\/vc_row][vc_row full_width=&#8221;stretch_row&#8221; css=&#8221;.vc_custom_1685712977175{padding-bottom: 50px !important;background-color: #eeefef !important;}&#8221;][vc_column width=&#8221;1\/2&#8243;][vc_single_image image=&#8221;4270&#8243; img_size=&#8221;232&#215;135&#8243; alignment=&#8221;center&#8221;][vc_column_text css=&#8221;&#8221;]\n<h3 style=\"font-size: 24px; line-height: 40px; font-weight: 600; color: #003873;\">Automated Compliance<\/h3>\n[\/vc_column_text][vc_column_text fnt_family=&#8221;Montserrat&#8221; fnt_size=&#8221;18px&#8221;]Gestione el cumplimiento de las instalaciones y rastree y obtenga mejores proveedores. Automated Compliance se cre\u00f3 para conectar a importadores y exportadores y reducir el riesgo en la cadena de suministro. Reciba informes en tiempo real sobre datos de cumplimiento para que pueda cumplir con las nuevas regulaciones para exportadores y eval\u00fae el historial de proveedores. O bien, utilice nuestra funci\u00f3n Marketplace para conectarse con proveedores nuevos que cumplan con las normas y promocione sus productos.[\/vc_column_text][vc_btn title=&#8221;Descubra Automated Compliance&#8221; style=&#8221;flat&#8221; shape=&#8221;square&#8221; size=&#8221;lg&#8221; align=&#8221;left&#8221; i_align=&#8221;right&#8221; i_icon_fontawesome=&#8221;fas fa-arrow-right&#8221; add_icon=&#8221;true&#8221; el_class=&#8221;secondary-btn btnTextBold&#8221; link=&#8221;url:https%3A%2F%2Fstaging.registrarcorp.com%2Fes%2Fproducts%2Fautomated-compliance%2F|&#8221;][\/vc_column][vc_column width=&#8221;1\/2&#8243;][vc_single_image image=&#8221;4262&#8243; img_size=&#8221;259&#215;121&#8243; alignment=&#8221;center&#8221;][vc_empty_space height=&#8221;14px&#8221;][vc_column_text css=&#8221;&#8221;]\n<h3 style=\"font-size: 24px; line-height: 40px; font-weight: 600; color: #003873;\">Cosmetri<\/h3>\n[\/vc_column_text][vc_column_text fnt_family=&#8221;Montserrat&#8221; fnt_size=&#8221;18px&#8221;]Optimice la producci\u00f3n y el cumplimiento con Cosmetri. Nuestra soluci\u00f3n de software de formulaci\u00f3n y regulaci\u00f3n de<br \/>\ncosm\u00e9ticos ayuda a los profesionales de QA de<br \/>\ncosm\u00e9ticos a lograr una<br \/>\ngesti\u00f3n de calidad m\u00e1s precisa. Cree listas de control de calidad para una trazabilidad completa,<br \/>\ncargue sin problemas materias primas en la plataforma y m\u00e1s.[\/vc_column_text][vc_btn title=&#8221;Ver Cosmetri en acci\u00f3n&#8221; style=&#8221;flat&#8221; shape=&#8221;square&#8221; size=&#8221;lg&#8221; align=&#8221;left&#8221; i_align=&#8221;right&#8221; i_icon_fontawesome=&#8221;fas fa-arrow-right&#8221; add_icon=&#8221;true&#8221; el_class=&#8221;secondary-btn btnTextBold&#8221; link=&#8221;url:https%3A%2F%2Fwww.cosmetri.com%2F|&#8221;][\/vc_column][\/vc_row][vc_row full_width=&#8221;stretch_row&#8221; css=&#8221;.vc_custom_1685949597977{padding-top: 50px !important;padding-bottom: 50px !important;background-color: #ffffff !important;}&#8221;][vc_column width=&#8221;1\/2&#8243;][vc_single_image image=&#8221;4321&#8243; img_size=&#8221;618&#215;458&#8243;][\/vc_column][vc_column width=&#8221;1\/2&#8243;][vc_single_image image=&#8221;4279&#8243; img_size=&#8221;160&#215;134&#8243; css=&#8221;.vc_custom_1685949586253{margin-bottom: 15px !important;}&#8221;][vc_column_text css=&#8221;&#8221;]\n<h2 style=\"font-size: 32px; line-height: 40px; font-weight: bold; color: #003873;\">Capacitaci\u00f3n en l\u00ednea<\/h2>\n[\/vc_column_text][vc_column_text fnt_family=&#8221;Montserrat&#8221; fnt_size=&#8221;18px&#8221;]Prep\u00e1rese para su pr\u00f3ximo paso profesional y capacite a su equipo de<br \/>\nmanera eficiente. Proporcionamos capacitaci\u00f3n y mejora de habilidades a trav\u00e9s de nuestras plataformas Online<br \/>\nTraining y RegiLearn que ofrecen cientos de cursos de seguridad alimentaria a su propio<br \/>\nritmo y a pedido, incluidos HACCP, SQF<br \/>\nPractitioner, PCQI, FSSC 22000, BRCGS, ISO 22000, ISO 13485 e<br \/>\nISO 9001.[\/vc_column_text][vc_btn title=&#8221;Reg\u00edstrese para la capacitaci\u00f3n&#8221; style=&#8221;flat&#8221; shape=&#8221;square&#8221; color=&#8221;blue&#8221; size=&#8221;lg&#8221; align=&#8221;left&#8221; i_align=&#8221;right&#8221; i_icon_fontawesome=&#8221;fas fa-arrow-right&#8221; add_icon=&#8221;true&#8221; el_class=&#8221;primary-btn btnTextBold&#8221; link=&#8221;url:https%3A%2F%2Fstaging.registrarcorp.com%2Fes%2Fproducts%2Fonline-training%2F|&#8221;][\/vc_column][\/vc_row][vc_row full_width=&#8221;stretch_row_content&#8221; css=&#8221;.vc_custom_1685961751159{padding-bottom: 50px !important;background-color: #ffffff !important;}&#8221; el_class=&#8221;vertical-text-align&#8221;][vc_column width=&#8221;1\/4&#8243;][vc_single_image image=&#8221;4345&#8243; img_size=&#8221;266&#215;329&#8243;][\/vc_column][vc_column width=&#8221;1\/2&#8243; el_class=&#8221;col-txt-center&#8221;][vc_row_inner el_class=&#8221;regiLearnSection&#8221;][vc_column_inner][vc_column_text]<img decoding=\"async\" class=\"alignnone size-medium wp-image-4372\" src=\"https:\/\/staging.registrarcorp.com\/wp-content\/uploads\/2023\/06\/regi-learn.png\" alt=\"\" width=\"170\" height=\"26\" srcset=\"https:\/\/staging.registrarcorp.com\/wp-content\/uploads\/2023\/06\/regi-learn.png 2238w, https:\/\/staging.registrarcorp.com\/wp-content\/uploads\/2023\/06\/regi-learn-300x45.png 300w, https:\/\/staging.registrarcorp.com\/wp-content\/uploads\/2023\/06\/regi-learn-1024x153.png 1024w, https:\/\/staging.registrarcorp.com\/wp-content\/uploads\/2023\/06\/regi-learn-768x115.png 768w, https:\/\/staging.registrarcorp.com\/wp-content\/uploads\/2023\/06\/regi-learn-1536x229.png 1536w, https:\/\/staging.registrarcorp.com\/wp-content\/uploads\/2023\/06\/regi-learn-2048x306.png 2048w\" sizes=\"(max-width: 170px) 100vw, 170px\" \/>[\/vc_column_text][vc_column_text fnt_family=&#8221;Montserrat&#8221; fnt_size=&#8221;18px&#8221;]Capacite a su equipo para mantenerse al tanto de las regulaciones con nuestra biblioteca en l\u00ednea de cursos de control de calidad y seguridad alimentaria. La plataforma RegiLearn ofrece m\u00e1s de 70 cursos para trabajadores y gerentes de primera l\u00ednea, incluidos control de peligros, etiquetado nutricional, registro de la FDA y pautas de GMP.[\/vc_column_text][vc_btn title=&#8221;Explore nuestras bibliotecas&#8221; style=&#8221;flat&#8221; shape=&#8221;square&#8221; size=&#8221;lg&#8221; align=&#8221;left&#8221; i_align=&#8221;right&#8221; i_icon_fontawesome=&#8221;fas fa-arrow-right&#8221; add_icon=&#8221;true&#8221; el_class=&#8221;secondary-btn btnTextBold&#8221; link=&#8221;url:https%3A%2F%2Fstaging.registrarcorp.com%2Fes%2Fproducts%2Fonline-training%2Fregilearn%2F|&#8221;][\/vc_column_inner][\/vc_row_inner][\/vc_column][vc_column width=&#8221;1\/4&#8243;][vc_single_image image=&#8221;4337&#8243; img_size=&#8221;266&#215;329&#8243; alignment=&#8221;right&#8221;][\/vc_column][\/vc_row][vc_row full_width=&#8221;stretch_row&#8221; disable_element=&#8221;yes&#8221; css=&#8221;.vc_custom_1690458592059{padding-top: 50px !important;padding-bottom: 50px !important;background-color: #eceff1 !important;}&#8221;][vc_column width=&#8221;1\/2&#8243;][vc_custom_heading text=&#8221;Perm\u00edtanos facilitarle su trabajo.&#8221; font_container=&#8221;tag:h2|font_size:56px|text_align:left|color:%23003873|line_height:66px&#8221; google_fonts=&#8221;font_family:Montserrat%3Aregular%2C700|font_style:700%20bold%20regular%3A700%3Anormal&#8221;][vc_column_text fnt_family=&#8221;Montserrat&#8221; fnt_size=&#8221;24px&#8221;]Ya sea que necesite servicios personalizados, plataformas de software de autoservicio o capacitaci\u00f3n profesional en l\u00ednea, Registrar Corp est\u00e1 aqu\u00ed para ayudarlo a producir productos de calidad que cumplan con las normas.[\/vc_column_text][\/vc_column][vc_column width=&#8221;1\/2&#8243;][vc_raw_js]JTNDc2NyaXB0JTIwY2hhcnNldCUzRCUyMnV0Zi04JTIyJTIwdHlwZSUzRCUyMnRleHQlMkZqYXZhc2NyaXB0JTIyJTIwc3JjJTNEJTIyJTJGJTJGanMuaHNmb3Jtcy5uZXQlMkZmb3JtcyUyRmVtYmVkJTJGdjIuanMlMjIlM0UlM0MlMkZzY3JpcHQlM0UlMEElM0NzY3JpcHQlM0UlMEElMjAlMjBoYnNwdC5mb3Jtcy5jcmVhdGUlMjglN0IlMEElMjAlMjAlMjAlMjByZWdpb24lM0ElMjAlMjJuYTElMjIlMkMlMEElMjAlMjAlMjAlMjBwb3J0YWxJZCUzQSUyMCUyMjIzMzE3OTM3JTIyJTJDJTBBJTIwJTIwJTIwJTIwZm9ybUlkJTNBJTIwJTIyMTgxZmMxMzgtYTNlMy00NGE5LTkzZjktNmM4M2FkYTdiNTZjJTIyJTBBJTIwJTIwJTdEJTI5JTNCJTBBJTNDJTJGc2NyaXB0JTNF[\/vc_raw_js][\/vc_column][\/vc_row][vc_row full_width=&#8221;stretch_row&#8221; css=&#8221;.vc_custom_1685105495486{padding-top: 50px !important;padding-bottom: 50px !important;background-color: #eceff1 !important;}&#8221;][vc_column width=&#8221;1\/2&#8243;][vc_custom_heading text=&#8221;Perm\u00edtanos facilitarle su trabajo.&#8221; font_container=&#8221;tag:h2|font_size:56px|text_align:left|color:%23003873|line_height:66px&#8221; google_fonts=&#8221;font_family:Montserrat%3Aregular%2C700|font_style:700%20bold%20regular%3A700%3Anormal&#8221;][vc_column_text fnt_family=&#8221;Montserrat&#8221; fnt_size=&#8221;24px&#8221;]Ya sea que necesite servicios personalizados, plataformas de software de autoservicio o capacitaci\u00f3n profesional en l\u00ednea, Registrar Corp est\u00e1 aqu\u00ed para ayudarlo a producir productos de calidad que cumplan con las normas.[\/vc_column_text][\/vc_column][vc_column width=&#8221;1\/2&#8243;][vc_raw_html el_class=&#8221;gf-quality-assurance&#8221;]W2dyYXZpdHlmb3JtIGlkPSI2MyIgdGl0bGU9ImZhbHNlIiBkZXNjcmlwdGlvbj0iZmFsc2UiXQ==[\/vc_raw_html][\/vc_column][\/vc_row]\n<\/div>","protected":false},"excerpt":{"rendered":"<p>[vc_row full_width=&#8221;stretch_row&#8221; css=&#8221;.vc_custom_1726760608751{padding-top: 50px !important;padding-bottom: 50px !important;background-color: #eeefef !important;}&#8221; el_class=&#8221;hero-section&#8221;][vc_column width=&#8221;1\/2&#8243;][vc_column_text css=&#8221;&#8221;] Mejor cumplimiento para los profesionales de aseguramiento de calidad. [\/vc_column_text][vc_column_text fnt_family=&#8221;Montserrat&#8221; fnt_size=&#8221;24px&#8221;]Estamos comprometidos a ayudar a los profesionales de aseguramiento de calidad de todo el mundo a mantener los est\u00e1ndares de seguridad y calidad de los productos. El conjunto de servicios de autoservicio<\/p>\n","protected":false},"author":33,"featured_media":0,"parent":14938,"menu_order":0,"comment_status":"closed","ping_status":"closed","template":"page-templates\/page-sidebar-none.php","meta":{"_acf_changed":false,"content-type":"","footnotes":""},"class_list":["post-13148","page","type-page","status-publish","hentry"],"acf":[],"_links":{"self":[{"href":"https:\/\/staging.registrarcorp.com\/es\/wp-json\/wp\/v2\/pages\/13148","targetHints":{"allow":["GET"]}}],"collection":[{"href":"https:\/\/staging.registrarcorp.com\/es\/wp-json\/wp\/v2\/pages"}],"about":[{"href":"https:\/\/staging.registrarcorp.com\/es\/wp-json\/wp\/v2\/types\/page"}],"author":[{"embeddable":true,"href":"https:\/\/staging.registrarcorp.com\/es\/wp-json\/wp\/v2\/users\/33"}],"replies":[{"embeddable":true,"href":"https:\/\/staging.registrarcorp.com\/es\/wp-json\/wp\/v2\/comments?post=13148"}],"version-history":[{"count":0,"href":"https:\/\/staging.registrarcorp.com\/es\/wp-json\/wp\/v2\/pages\/13148\/revisions"}],"up":[{"embeddable":true,"href":"https:\/\/staging.registrarcorp.com\/es\/wp-json\/wp\/v2\/pages\/14938"}],"wp:attachment":[{"href":"https:\/\/staging.registrarcorp.com\/es\/wp-json\/wp\/v2\/media?parent=13148"}],"curies":[{"name":"wp","href":"https:\/\/api.w.org\/{rel}","templated":true}]}}