{"id":12729,"date":"2023-06-20T10:41:12","date_gmt":"2023-06-20T10:41:12","guid":{"rendered":"https:\/\/staging.registrarcorp.com\/certificate-of-registration\/"},"modified":"2025-02-17T20:55:44","modified_gmt":"2025-02-17T20:55:44","slug":"fda-certificate-registration","status":"publish","type":"page","link":"https:\/\/staging.registrarcorp.com\/es\/services\/fda-certificate-registration\/","title":{"rendered":"Certificado de registro"},"content":{"rendered":"<div class=\"wpb-content-wrapper\">[vc_section el_class=&#8221;banner-section&#8221;][vc_row full_width=&#8221;stretch_row&#8221; content_placement=&#8221;middle&#8221; css=&#8221;.vc_custom_1726758894671{padding-top: 50px !important;padding-bottom: 25px !important;background-color: #ffffff !important;}&#8221; el_class=&#8221;topContainer row-wdith hero-section&#8221; el_id=&#8221;headerRow&#8221;][vc_column width=&#8221;1\/2&#8243;][vc_column_text]\n<h1 class=\"bnr-heading\">Obtenga un certificado de registro de la FDA de<span style=\"color: #0081ff;\"> Registrar Corp.<\/span><\/h1>\n[\/vc_column_text][vc_column_text fnt_family=&#8221;Montserrat&#8221; fnt_size=&#8221;24&#8243;]Los importadores y compradores estadounidenses de productos regulados por la FDA frecuentemente solicitan un Certificado de Registro de la FDA a sus proveedores, el cual es un documento que la FDA no suministra. Para ayudar a nuestros clientes a verificar su cumplimiento, ofrecemos Certificados de registro de terceros sin costo alguno para usted.[\/vc_column_text][vc_btn title=&#8221;Obtenga su certificado de registro&#8221; color=&#8221;sky&#8221; i_align=&#8221;right&#8221; i_icon_fontawesome=&#8221;fas fa-arrow-right&#8221; add_icon=&#8221;true&#8221; el_class=&#8221;primary-btn&#8221; link=&#8221;url:%23already-registered|&#8221;][\/vc_column][vc_column width=&#8221;1\/2&#8243; el_class=&#8221;container-right&#8221;][vc_single_image image=&#8221;5868&#8243; img_size=&#8221;full&#8221; alignment=&#8221;center&#8221;][\/vc_column][\/vc_row][vc_row full_width=&#8221;stretch_row&#8221; content_placement=&#8221;middle&#8221; css=&#8221;.vc_custom_1687254289263{padding-top: 40px !important;padding-bottom: 20px !important;background-color: #f4f4f4 !important;}&#8221; el_class=&#8221;topContainer row-wdith&#8221;][vc_column width=&#8221;1\/2&#8243;][vc_column_text]\n<h2 class=\"bnr-heading2\">\u00bfC\u00f3mo puedo obtener un certificado de registro?<\/h2>\n[\/vc_column_text][vc_column_text fnt_family=&#8221;Montserrat&#8221;]\n<div>\n<div class=\"p-main-list\">\n<div class=\"p-list-icon\"><img decoding=\"async\" class=\"alignnone size-full wp-image-1609\" src=\"https:\/\/staging.registrarcorp.com\/wp-content\/uploads\/2023\/06\/fda-reg-icon1.png\" alt=\"fabricaci\u00f3n\"\/><\/div>\n<p><span class=\"txt18\">Las compa\u00f1\u00edas que fabrican productos regulados por la Administraci\u00f3n de Alimentos y Medicamentos (Food and Drug Administration, FDA) de los EE. UU. deben registrar sus instalaciones ante la FDA y renovar sus registros regularmente.<\/span><\/p>\n<\/div>\n<div class=\"p-main-list\">\n<div class=\"p-list-icon\"><img decoding=\"async\" class=\"alignnone size-full wp-image-1601\" src=\"https:\/\/staging.registrarcorp.com\/wp-content\/uploads\/2023\/06\/fda-reg-icon2.png\" alt=\"duns\"\/><\/div>\n<p><span class=\"txt18\">Dependiendo de su industria, tambi\u00e9n puede ser necesario obtener y mantener un n\u00famero de Sistema de numeraci\u00f3n universal de datos (Data Universal Numbering System, DUNS) a trav\u00e9s de Dun &amp; Bradstreet.<\/span><\/p>\n<\/div>\n<div class=\"p-main-list\">\n<div class=\"p-list-icon\"><img decoding=\"async\" class=\"alignnone wp-image-1593 size-full\" src=\"https:\/\/staging.registrarcorp.com\/wp-content\/uploads\/2023\/06\/fda-reg-icon3.png\" alt=\"Registro de la FDA\"\/><\/div>\n<p><span class=\"txt18\">Una vez que su instalaci\u00f3n se haya registrado correctamente, la FDA emitir\u00e1 su n\u00famero de registro, pero no su Certificado de registro, aunque muchos compradores o importadores soliciten la confirmaci\u00f3n de registro a los proveedores.<\/span><\/p>\n<\/div>\n<div class=\"p-main-list\">\n<div class=\"p-list-icon\"><img decoding=\"async\" class=\"alignnone wp-image-1585 size-full\" src=\"https:\/\/staging.registrarcorp.com\/wp-content\/uploads\/2023\/06\/fda-reg-icon4.png\" alt=\"confirmar FDA\"\/><\/div>\n<p><span class=\"txt18\">Una forma r\u00e1pida y f\u00e1cil de confirmar su registro en la FDA es solicitar un Certificado de registro a un tercero como Registrar Corp.<\/span><\/p>\n<\/div>\n<\/div>\n[\/vc_column_text][\/vc_column][vc_column width=&#8221;1\/2&#8243; el_class=&#8221;container-right&#8221;][vc_single_image image=&#8221;5908&#8243; img_size=&#8221;full&#8221; alignment=&#8221;center&#8221;][\/vc_column][\/vc_row][vc_row full_width=&#8221;stretch_row&#8221; content_placement=&#8221;middle&#8221; css=&#8221;.vc_custom_1689353470126{padding-top: 40px !important;padding-bottom: 25px !important;background-color: #ffffff !important;}&#8221; el_class=&#8221;topContainer row-wdith&#8221; el_id=&#8221;already-registered&#8221;][vc_column width=&#8221;1\/2&#8243; el_class=&#8221;container-right&#8221;][vc_single_image image=&#8221;5916&#8243; img_size=&#8221;full&#8221; alignment=&#8221;center&#8221;][\/vc_column][vc_column width=&#8221;1\/2&#8243;][vc_column_text fnt_size=&#8221;32&#8243; el_class=&#8221;text-capitalize&#8221;]\n<div class=\"p-main-list\">\n<div class=\"p-list-icon\"><img decoding=\"async\" class=\"alignnone size-full wp-image-1609\" src=\"https:\/\/staging.registrarcorp.com\/wp-content\/uploads\/2023\/06\/fda-reg-icon5.png\" alt=\"Registro de la FDA\"\/><\/div>\n<p><span class=\"bnr-heading2\">\u00bfYa est\u00e1 registrado en la FDA?<\/span><\/p>\n<\/div>\n[\/vc_column_text][vc_column_text css=&#8221;.vc_custom_1739797682636{padding-left: 55px !important;}&#8221; fnt_family=&#8221;Montserrat&#8221;]\n<div class=\"txt18\">\n<p>Registrar Corp puede proporcionar un Certificado de registro de terceros para que sirva como confirmaci\u00f3n de su registro v\u00e1lido de la FDA a compradores, agentes aduaneros y proveedores. Ofrecemos certificados de registro para las siguientes industrias:<\/p>\n<p>Alimentos, bebidas y suplementos alimenticios<a href=\"https:\/\/staging.registrarcorp.com\/es\/services\/fda-certificate-registration\/\">Obtenga el certificado<\/a> Medicamento<a href=\"https:\/\/staging.registrarcorp.com\/es\/services\/fda-certificate-registration\/drugs-certificate-of-u-s-fda-registration\/\">Obtenga el certificado<\/a>Cosm\u00e9tico<a href=\"https:\/\/staging.registrarcorp.com\/es\/services\/fda-certificate-registration\/cosmetics-certificate-of-u-s-fda-registration\/\">Obtenga el certificado<\/a><\/p>\n<\/div>\n[\/vc_column_text][\/vc_column][\/vc_row][vc_row full_width=&#8221;stretch_row&#8221; content_placement=&#8221;middle&#8221; css=&#8221;.vc_custom_1687254289263{padding-top: 40px !important;padding-bottom: 20px !important;background-color: #f4f4f4 !important;}&#8221; el_class=&#8221;topContainer row-wdith&#8221;][vc_column width=&#8221;1\/2&#8243;][vc_column_text fnt_size=&#8221;32&#8243; el_class=&#8221;text-capitalize&#8221;]\n<div class=\"p-main-list\">\n<div class=\"p-list-icon\"><img decoding=\"async\" class=\"alignnone size-full wp-image-1609\" src=\"https:\/\/staging.registrarcorp.com\/wp-content\/uploads\/2023\/06\/fda-reg-icon6.png\" alt=\"Registro de la FDA\"\/><\/div>\n<p><span class=\"bnr-heading2\">\u00bfA\u00fan no est\u00e1 registrado en la FDA?<\/span><\/p>\n<\/div>\n[\/vc_column_text][vc_column_text css=&#8221;.vc_custom_1689353373413{padding-left: 55px !important;}&#8221; fnt_family=&#8221;Montserrat&#8221; fnt_size=&#8221;18px&#8221;]Registrar Corp apoya a todas las industrias reguladas por la FDA con servicios de registro de la FDA, incluidos alimentos, medicamentos, dispositivos m\u00e9dicos, cosm\u00e9ticos, biol\u00f3gicos y dispositivos emisores de radiaci\u00f3n (RED) o instalaciones electr\u00f3nicas.<\/p>\n<p>Actuamos como su agente de EE. UU. para las comunicaciones de la FDA, lo que ayuda a garantizar el cumplimiento de sus instalaciones con las regulaciones de la FDA.<\/p>\n<p>Nuestros servicios de registro de la FDA incluyen:<\/p>\n<ul>\n<li>Asistencia para el registro y la renovaci\u00f3n de la FDA<\/li>\n<li>Asistencia con el n\u00famero DUNS<\/li>\n<li>Asistencia en caso de detenciones<\/li>\n<li>Tr\u00e1mite de avisos previos<\/li>\n<li>Simulaci\u00f3n de inspecciones de la FDA (por una tarifa adicional reducida)<\/li>\n<li>Revisi\u00f3n de cumplimiento de MMR<\/li>\n<li>Informes electr\u00f3nicos de dispositivos m\u00e9dicos (eMDR)<\/li>\n<\/ul>\n<p>Una vez que su centro se haya registrado en la FDA, podemos proporcionar un Certificado de registro para su centro de alimentos, medicamentos o cosm\u00e9ticos.<br \/>\n[\/vc_column_text][vc_btn title=&#8221;Registre su instalaci\u00f3n hoy mismo&#8221; color=&#8221;sky&#8221; i_align=&#8221;right&#8221; i_icon_fontawesome=&#8221;fas fa-arrow-right&#8221; css=&#8221;.vc_custom_1724956090808{padding-left: 70px !important;}&#8221; add_icon=&#8221;true&#8221; el_class=&#8221;primary-btn&#8221; link=&#8221;url:https%3A%2F%2Fstaging.registrarcorp.com%2Fes%2Ffda-registration-form%2F|&#8221;][\/vc_column][vc_column width=&#8221;1\/2&#8243; el_class=&#8221;container-right&#8221;][vc_single_image image=&#8221;5941&#8243; img_size=&#8221;full&#8221; alignment=&#8221;center&#8221;][\/vc_column][\/vc_row][\/vc_section]\n<\/div>","protected":false},"excerpt":{"rendered":"<p>[vc_section el_class=&#8221;banner-section&#8221;][vc_row full_width=&#8221;stretch_row&#8221; content_placement=&#8221;middle&#8221; css=&#8221;.vc_custom_1726758894671{padding-top: 50px !important;padding-bottom: 25px !important;background-color: #ffffff !important;}&#8221; el_class=&#8221;topContainer row-wdith hero-section&#8221; el_id=&#8221;headerRow&#8221;][vc_column width=&#8221;1\/2&#8243;][vc_column_text] Obtenga un certificado de registro de la FDA de Registrar Corp. [\/vc_column_text][vc_column_text fnt_family=&#8221;Montserrat&#8221; fnt_size=&#8221;24&#8243;]Los importadores y compradores estadounidenses de productos regulados por la FDA frecuentemente solicitan un Certificado de Registro de la FDA a sus proveedores, el cual es<\/p>\n","protected":false},"author":40,"featured_media":0,"parent":14792,"menu_order":0,"comment_status":"closed","ping_status":"closed","template":"page-templates\/page-sidebar-none.php","meta":{"_acf_changed":false,"content-type":"","footnotes":""},"class_list":["post-12729","page","type-page","status-publish","hentry"],"acf":[],"_links":{"self":[{"href":"https:\/\/staging.registrarcorp.com\/es\/wp-json\/wp\/v2\/pages\/12729","targetHints":{"allow":["GET"]}}],"collection":[{"href":"https:\/\/staging.registrarcorp.com\/es\/wp-json\/wp\/v2\/pages"}],"about":[{"href":"https:\/\/staging.registrarcorp.com\/es\/wp-json\/wp\/v2\/types\/page"}],"author":[{"embeddable":true,"href":"https:\/\/staging.registrarcorp.com\/es\/wp-json\/wp\/v2\/users\/40"}],"replies":[{"embeddable":true,"href":"https:\/\/staging.registrarcorp.com\/es\/wp-json\/wp\/v2\/comments?post=12729"}],"version-history":[{"count":0,"href":"https:\/\/staging.registrarcorp.com\/es\/wp-json\/wp\/v2\/pages\/12729\/revisions"}],"up":[{"embeddable":true,"href":"https:\/\/staging.registrarcorp.com\/es\/wp-json\/wp\/v2\/pages\/14792"}],"wp:attachment":[{"href":"https:\/\/staging.registrarcorp.com\/es\/wp-json\/wp\/v2\/media?parent=12729"}],"curies":[{"name":"wp","href":"https:\/\/api.w.org\/{rel}","templated":true}]}}