{"id":12671,"date":"2023-06-27T06:12:43","date_gmt":"2023-06-27T06:12:43","guid":{"rendered":"https:\/\/staging.registrarcorp.com\/iba-cosmetics\/"},"modified":"2024-10-01T18:12:00","modified_gmt":"2024-10-01T18:12:00","slug":"iba-cosmetics","status":"publish","type":"page","link":"https:\/\/staging.registrarcorp.com\/es\/services\/fda-registration\/iba-cosmetics\/","title":{"rendered":"Cosm\u00e9ticos IBA"},"content":{"rendered":"<div class=\"wpb-content-wrapper\">[vc_section el_class=&#8221;banner-section&#8221;][vc_row full_width=&#8221;stretch_row&#8221; content_placement=&#8221;top&#8221; disable_element=&#8221;yes&#8221; css=&#8221;.vc_custom_1709062389910{padding-top: 40px !important;background-color: #f4f4f4 !important;}&#8221;][vc_column][vc_single_image image=&#8221;26291&#8243; img_size=&#8221;full&#8221; alignment=&#8221;center&#8221; onclick=&#8221;custom_link&#8221; link=&#8221;https:\/\/staging.registrarcorp.com\/es\/services\/fda-registration\/cosmetics\/&#8221;][\/vc_column][\/vc_row][vc_row full_width=&#8221;stretch_row&#8221; css=&#8221;.vc_custom_1726758765454{padding-top: 70px !important;padding-bottom: 20px !important;background-color: #f4f4f4 !important;}&#8221; el_class=&#8221;topContainer row-wdith hero-section&#8221; el_id=&#8221;headerRow&#8221;][vc_column width=&#8221;1\/2&#8243;][vc_column_text fnt_family_h1=&#8221;Montserrat&#8221; fnt_size_h1=&#8221;46&#8243;]\n<h1><strong><span style=\"color: #003873;\">Prep\u00e1rese ahora para cumplir con los nuevos requisitos de la FDA de los EE. UU. para<\/span> empresas <span style=\"color: #0081ff;\">cosm\u00e9ticas.<\/span><\/strong><\/h1>\n[\/vc_column_text][vc_column_text fnt_family=&#8221;Montserrat&#8221; fnt_size=&#8221;24&#8243;]Los Estados Unidos recientemente promulgaron la Ley de Modernizaci\u00f3n\u00a0de Regulaci\u00f3n de Cosm\u00e9ticos (Modernization of Cosmetics Regulation Act, MoCRA) de 2022, que ampl\u00eda la autoridad reguladora de la Administraci\u00f3n de Alimentos y Medicamentos (Food and Drug Administration, FDA) de los EE. UU. sobre la industria cosm\u00e9tica. MoCRA exige que la FDA establezca nuevas y extensas regulaciones para las compa\u00f1\u00edas que fabrican y distribuyen cosm\u00e9ticos en los EE. UU.Muchas regulaciones entran en vigencia a partir de 2023.[\/vc_column_text][vc_btn title=&#8221;Comenzar&#8221; color=&#8221;sky&#8221; i_align=&#8221;right&#8221; i_icon_fontawesome=&#8221;fas fa-arrow-right&#8221; add_icon=&#8221;true&#8221; el_class=&#8221;primary-btn&#8221; link=&#8221;url:https%3A%2F%2Fstaging.registrarcorp.com%2Fes%2Ffda-registration-form%2F%3Fflow_type%3Dcosmetics%26industry_type%3DCosmetics%26iba_path%3Dtrue|&#8221;][\/vc_column][vc_column width=&#8221;1\/2&#8243; el_class=&#8221;container-right&#8221;][vc_single_image image=&#8221;6548&#8243; img_size=&#8221;full&#8221; alignment=&#8221;center&#8221;][vc_single_image image=&#8221;6556&#8243; img_size=&#8221;full&#8221; alignment=&#8221;center&#8221;][\/vc_column][\/vc_row][\/vc_section][vc_row full_width=&#8221;stretch_row_content&#8221; css=&#8221;.vc_custom_1687855249229{padding-top: 60px !important;padding-bottom: 60px !important;background-color: #003873 !important;}&#8221; el_class=&#8221;font-white&#8221; el_id=&#8221;where-to-start&#8221;][vc_column][vc_row_inner content_placement=&#8221;middle&#8221; el_class=&#8221;font-white innter-text-content&#8221;][vc_column_inner][vc_custom_heading text=&#8221;\u00bfNo est\u00e1 seguro de por d\u00f3nde empezar? Registrar Corp hace que el cumplimiento de los cosm\u00e9ticos sea r\u00e1pido y f\u00e1cil.&#8221; font_container=&#8221;tag:h2|font_size:46|text_align:center|color:%23ffffff&#8221; google_fonts=&#8221;font_family:Montserrat%3Aregular%2C700|font_style:700%20bold%20regular%3A700%3Anormal&#8221;][vc_column_text fnt_family=&#8221;Montserrat&#8221; fnt_size=&#8221;24&#8243; el_class=&#8221;font-white&#8221;]\n<p style=\"text-align: center;\">Nosotros:<\/p>\n<ul>\n<li style=\"text-align: center;\">Registraremos adecuadamente las instalaciones ante la FDA lo antes posible<\/li>\n<li style=\"text-align: center;\">Actuaremos como agente en los EE. UU. para instalaciones fuera de los EE. UU.<\/li>\n<li style=\"text-align: center;\">Enviaremos y administraremos listados de productos cosm\u00e9ticos<\/li>\n<li style=\"text-align: center;\">Proporcionaremos actualizaciones a medida que la FDA implementa pautas adicionales de MoCRA<\/li>\n<\/ul>\n[\/vc_column_text][\/vc_column_inner][\/vc_row_inner][vc_row_inner content_placement=&#8221;middle&#8221;][vc_column_inner][vc_column_text fnt_family=&#8221;Montserrat&#8221; fnt_size=&#8221;24&#8243; el_class=&#8221;font-white&#8221;]\n<p style=\"text-align: center;\"><strong>Miembros de IBA: Utilice los servicios de registro de Registrar Corp y reciba un 10 % de descuento.<\/strong><\/p>\n[\/vc_column_text][vc_btn title=&#8221;Comenzar&#8221; color=&#8221;sky&#8221; align=&#8221;center&#8221; i_align=&#8221;right&#8221; i_icon_fontawesome=&#8221;fas fa-arrow-right&#8221; add_icon=&#8221;true&#8221; link=&#8221;url:https%3A%2F%2Fstaging.registrarcorp.com%2Fes%2Ffda-registration-form%2F%3Fflow_type%3Dcosmetics%26industry_type%3DCosmetics%26iba_path%3Dtrue|&#8221; el_class=&#8221;primary-btn&#8221;][\/vc_column_inner][\/vc_row_inner][\/vc_column][\/vc_row][vc_section full_width=&#8221;stretch_row&#8221; css=&#8221;.vc_custom_1687865804816{background-color: #ffffff !important;}&#8221; el_id=&#8221;what-does-mocra&#8221;][vc_row full_width=&#8221;stretch_row&#8221; css=&#8221;.vc_custom_1687853762150{padding-top: 40px !important;padding-bottom: 20px !important;}&#8221;][vc_column width=&#8221;1\/2&#8243;][vc_column_text fnt_family_h2=&#8221;Montserrat&#8221; fnt_size_h2=&#8221;40&#8243;]\n<h2><span style=\"color: #003873;\"><strong>\u00bfQu\u00e9 significa MoCRA para las compa\u00f1\u00edas de cosm\u00e9ticos?<\/strong><\/span><\/h2>\n[\/vc_column_text][vc_column_text fnt_family=&#8221;Montserrat&#8221; fnt_size=&#8221;18&#8243;]En virtud de MoCRA, la FDA establecer\u00e1 reglamentaciones que afecten todo el ciclo de vida de sus productos cosm\u00e9ticos, desde la fabricaci\u00f3n hasta la comercializaci\u00f3n. Los nuevos requisitos incluyen:<\/p>\n<ul>\n<li>Registro obligatorio de la FDA para instalaciones de cosm\u00e9ticos<\/li>\n<li>Listado obligatorio de productos para cada producto cosm\u00e9tico comercializado en los EE. UU.<\/li>\n<li>Reporte de eventos adversos<\/li>\n<li>Cumplimiento de las Buenas Pr\u00e1cticas de Fabricaci\u00f3n (GMP) emitidas por la FDA<\/li>\n<li>Mantenimiento de registros, incluidos los registros de eventos adversos y de justificaci\u00f3n de seguridad<\/li>\n<li>Retiros obligatorios<\/li>\n<li>Declaraci\u00f3n de al\u00e9rgenos de fragancias<\/li>\n<\/ul>\n<p>Si bien la FDA a\u00fan no ha establecido regulaciones para estos requisitos, la ley proporciona una perspectiva general para que las compa\u00f1\u00edas de cosm\u00e9ticos puedan comenzar a prepararse para los nuevos requisitos de la FDA.[\/vc_column_text][\/vc_column][vc_column width=&#8221;1\/2&#8243; el_class=&#8221;container-right&#8221;][vc_single_image image=&#8221;6564&#8243; img_size=&#8221;full&#8221; alignment=&#8221;center&#8221; css=&#8221;.vc_custom_1688384500880{padding-top: 15px !important;}&#8221;][\/vc_column][\/vc_row][\/vc_section][vc_section full_width=&#8221;stretch_row&#8221; css=&#8221;.vc_custom_1685426929622{padding-bottom: 50px !important;background-color: #eceff1 !important;}&#8221; el_class=&#8221;faq-accordion-section&#8221;][vc_row content_placement=&#8221;bottom&#8221; css=&#8221;.vc_custom_1700032773103{padding-top: 50px !important;}&#8221;][vc_column width=&#8221;2\/3&#8243;][vc_custom_heading text=&#8221;Preguntas frecuentes&#8221; font_container=&#8221;tag:h2|font_size:40|text_align:left|color:%23003873&#8243; google_fonts=&#8221;font_family:Montserrat%3Aregular%2C700|font_style:700%20bold%20regular%3A700%3Anormal&#8221;][\/vc_column][vc_column width=&#8221;1\/3&#8243;][vc_single_image image=&#8221;1012&#8243; img_size=&#8221;medium&#8221; alignment=&#8221;right&#8221; el_class=&#8221;hide-row&#8221;][\/vc_column][\/vc_row][vc_row css=&#8221;.vc_custom_1684137364661{padding-bottom: 50px !important;}&#8221;][vc_column][vc_separator color=&#8221;black&#8221;][vc_tta_accordion section_title_tag=&#8221;h2&#8243; c_icon=&#8221;chevron&#8221; active_section=&#8221;1&#8243; no_fill=&#8221;true&#8221; css=&#8221;.vc_custom_1683291355932{background-color: #eceff1 !important;}&#8221; el_class=&#8221;accordion&#8221;][vc_tta_section title=&#8221;\u00bfQu\u00e9 es MoCRA?&#8221; tab_id=&#8221;what-is-MoCRA&#8221; el_class=&#8221;accordion-class&#8221;][vc_column_text fnt_family=&#8221;Montserrat&#8221; fnt_size=&#8221;24&#8243; grad_text_color1=&#8221;#003873&#8243;]MoCRA es la Ley de Modernizaci\u00f3n de Regulaci\u00f3n de Cosm\u00e9ticos de 2022 y se promulg\u00f3 el 29 de diciembre de 2022. MoCRA es la reforma m\u00e1s grande de las regulaciones cosm\u00e9ticas existentes en los Estados Unidos en 84 a\u00f1os y establece muchos requisitos nuevos, como:<\/p>\n<ul>\n<li>Registro de instalaciones<\/li>\n<li>Listados de productos<\/li>\n<li>Buenas pr\u00e1cticas de fabricaci\u00f3n (GMP)<\/li>\n<li>Justificaci\u00f3n de seguridad<\/li>\n<li>Nuevos requisitos de etiquetado<\/li>\n<li>Reporte de eventos adversos<\/li>\n<li>Mantenimiento de registros<\/li>\n<\/ul>\n[\/vc_column_text][\/vc_tta_section][vc_tta_section title=&#8221;\u00bfC\u00f3mo afectar\u00e1 MoCRA a las instalaciones cosm\u00e9ticas?&#8221; tab_id=&#8221;how-will-MoCRA-affect&#8221; el_class=&#8221;accordion-class&#8221;][vc_column_text]En virtud de la MoCRA, el t\u00e9rmino \u201cinstalaci\u00f3n\u201d incluye cualquier establecimiento que fabrica o procesa productos cosm\u00e9ticos distribuidos en los Estados Unidos. Las instalaciones deber\u00e1n registrarse y cumplir con las GMP emitidas por la FDA.[\/vc_column_text][\/vc_tta_section][vc_tta_section title=&#8221;\u00bfQui\u00e9n se considera la persona responsable en virtud de MoCRA?&#8221; tab_id=&#8221;who-is-considered&#8221; el_class=&#8221;accordion-class&#8221;][vc_column_text]\n<div class=\"vc_tta-panel-body\">\n<div class=\"wpb_text_column wpb_content_element \">\n<div class=\"wpb_wrapper\">\n<p>El t\u00e9rmino \u201cpersona responsable\u201d se refiere al fabricante, empacador o distribuidor de un producto cosm\u00e9tico cuyo nombre aparece en la etiqueta del producto de acuerdo con la secci\u00f3n 609(a) de la Ley FD&amp;C o la secci\u00f3n 4(a) de la Ley de Empaque y Etiquetado Justo.<\/p>\n<p>La \u201cpersona responsable\u201d ser\u00e1 responsable de:<\/p>\n<ul>\n<li>Listado de productos cosm\u00e9ticos<\/li>\n<li>Eventos adversos<\/li>\n<li>Justificaci\u00f3n de seguridad<\/li>\n<li>Etiquetado<\/li>\n<li>Divulgaciones y registros de al\u00e9rgenos de fragancias<\/li>\n<\/ul>\n<\/div>\n<\/div>\n<\/div>\n[\/vc_column_text][\/vc_tta_section][vc_tta_section title=&#8221;\u00bfExisten exenciones para el registro de instalaciones?&#8221; tab_id=&#8221;are-there-any-exemptions&#8221; el_class=&#8221;accordion-class&#8221;][vc_column_text]\n<div class=\"vc_tta-panel-body\">\n<div class=\"wpb_text_column wpb_content_element \">\n<div class=\"wpb_wrapper\">\n<p>S\u00ed, las peque\u00f1as empresas tendr\u00e1n requisitos m\u00e1s flexibles y simplificados. La FDA define a una peque\u00f1a empresa como una empresa con ventas anuales brutas promedio en los EE. UU. para el per\u00edodo anterior de 3 a\u00f1os de menos de $1,000,000, ajustadas por inflaci\u00f3n. Esto no se aplica a ninguna persona o instalaci\u00f3n responsable que participe en la fabricaci\u00f3n de productos cosm\u00e9ticos que:<\/p>\n<ul>\n<li>Entren en contacto con los ojos,<\/li>\n<li>Se inyectan,<\/li>\n<li>Est\u00e1n dise\u00f1ados para uso interno,<\/li>\n<li>O alteran la apariencia durante m\u00e1s de 24 horas en condiciones de uso que sean habituales o habituales.<\/li>\n<\/ul>\n<\/div>\n<\/div>\n<\/div>\n[\/vc_column_text][\/vc_tta_section][vc_tta_section title=&#8221;\u00bfCu\u00e1ndo se requieren registros de instalaciones y listados de productos?&#8221; tab_id=&#8221;when-are-facility-registrations&#8221; el_class=&#8221;accordion-class&#8221;][vc_column_text]\n<div class=\"vc_tta-panel-body\">\n<div class=\"wpb_text_column wpb_content_element \">\n<div class=\"wpb_wrapper\">\n<p><span class=\"TextRun SCXW134910940 BCX0\" lang=\"EN-US\" xml:lang=\"EN-US\" data-contrast=\"none\"><span class=\"NormalTextRun SCXW134910940 BCX0\">Para las instalaciones existentes, el registro de las instalaciones y los listados de productos vencen el 29 de diciembre de 2023.<\/span><\/span><span class=\"TextRun SCXW134910940 BCX0\" lang=\"EN-US\" xml:lang=\"EN-US\" data-contrast=\"auto\"><span class=\"NormalTextRun SCXW134910940 BCX0\"> Las nuevas instalaciones que fabrican o procesan productos cosm\u00e9ticos para su distribuci\u00f3n en los EE. UU. deben registrarse dentro de los 60 d\u00edas posteriores a la comercializaci\u00f3n del producto o 60 d\u00edas despu\u00e9s de la fecha l\u00edmite para las instalaciones existentes, lo que ocurra m\u00e1s tarde.<\/span><\/span><span class=\"EOP SCXW134910940 BCX0\" data-ccp-props=\"{&quot;201341983&quot;:0,&quot;335559739&quot;:0,&quot;335559740&quot;:259}\"><\/span><\/p>\n<\/div>\n<\/div>\n<\/div>\n[\/vc_column_text][\/vc_tta_section][vc_tta_section title=&#8221;\u00bfQu\u00e9 sucede si tengo varios productos cosm\u00e9ticos? \u00bfC\u00f3mo los enumero a todos?&#8221; tab_id=&#8221;what-if-I-have-multiple&#8221; el_class=&#8221;accordion-class&#8221;][vc_column_text]\n<div class=\"vc_tta-panel-body\">\n<div class=\"wpb_text_column wpb_content_element \">\n<div class=\"wpb_wrapper\">\n<p><span class=\"TextRun SCXW233625468 BCX0\" lang=\"EN-US\" xml:lang=\"EN-US\" data-contrast=\"auto\"><span class=\"NormalTextRun SCXW233625468 BCX0\">MoCRA<\/span> <span class=\"NormalTextRun SCXW233625468 BCX0\">permite<\/span><span class=\"NormalTextRun SCXW233625468 BCX0\"> \u201c<\/span><span class=\"NormalTextRun SCXW233625468 BCX0\">listados <\/span><span class=\"NormalTextRun SCXW233625468 BCX0\"><\/span><span class=\"NormalTextRun SCXW233625468 BCX0\">flexibles<\/span><span class=\"NormalTextRun SCXW233625468 BCX0\"><\/span><span class=\"NormalTextRun SCXW233625468 BCX0\">.<\/span><span class=\"NormalTextRun SCXW233625468 BCX0\">\u201c<\/span><span class=\"NormalTextRun SCXW233625468 BCX0\"> Para listados flexibles, <\/span><span class=\"NormalTextRun SCXW233625468 BCX0\">las empresas pueden presentar un <\/span><span class=\"NormalTextRun SCXW233625468 BCX0\">solo listado para productos<\/span> cosm\u00e9ticos <span class=\"NormalTextRun SCXW233625468 BCX0\">con<\/span><span class=\"NormalTextRun SCXW233625468 BCX0\"> formulaciones id\u00e9nticas, o formulaciones que difieren solo con respecto a colores, fragancias o sabores, o cantidad de contenido.<\/span><\/span><span class=\"EOP SCXW233625468 BCX0\" data-ccp-props=\"{&quot;201341983&quot;:0,&quot;335559739&quot;:0,&quot;335559740&quot;:259}\"><\/span><\/p>\n<\/div>\n<\/div>\n<\/div>\n[\/vc_column_text][\/vc_tta_section][vc_tta_section title=&#8221;\u00bfQu\u00e9 puedo hacer para prepararme para MoCRA ahora?&#8221; tab_id=&#8221;what-can-I-do&#8221; el_class=&#8221;accordion-class&#8221;][vc_column_text]\n<div class=\"vc_tta-panel-body\">\n<div class=\"wpb_text_column wpb_content_element \">\n<div class=\"wpb_wrapper\">\n<p><span class=\"TextRun SCXW252003706 BCX0\" lang=\"EN-US\" xml:lang=\"EN-US\" data-contrast=\"auto\"><span class=\"NormalTextRun SCXW252003706 BCX0\">Comun\u00edquese con Registrar Corp<\/span> <span class=\"NormalTextRun SCXW252003706 BCX0\">para <\/span><span class=\"NormalTextRun SCXW252003706 BCX0\">determinar<\/span> <span class=\"NormalTextRun SCXW252003706 BCX0\">qu\u00e9<\/span><span class=\"NormalTextRun SCXW252003706 BCX0\"> responsabilidades deber\u00e1 cumplir su empresa para cumplir con las normas.<\/span><\/span><span class=\"EOP SCXW252003706 BCX0\" data-ccp-props=\"{&quot;201341983&quot;:0,&quot;335559739&quot;:0,&quot;335559740&quot;:259}\"><\/span><\/p>\n<\/div>\n<\/div>\n<\/div>\n[\/vc_column_text][\/vc_tta_section][vc_tta_section title=&#8221;\u00bfCu\u00e1les son los nuevos requisitos de etiquetado?&#8221; tab_id=&#8221;what-are-the-new-labeling&#8221; el_class=&#8221;accordion-class&#8221;][vc_column_text]\n<ul>\n<li><strong>Una direcci\u00f3n en los EE. UU.<\/strong>,<\/li>\n<li><strong>Un n\u00famero de tel\u00e9fono de los EE. UU.<\/strong>, o<\/li>\n<li>Informaci\u00f3n de contacto electr\u00f3nica en la que una persona responsable puede recibir informes de eventos adversos.<\/li>\n<\/ul>\n<p>Los productos cosm\u00e9ticos que contienen al\u00e9rgenos de fragancias deben actualizar su etiqueta para enumerar esos al\u00e9rgenos. En el caso de los productos cosm\u00e9ticos profesionales, las etiquetas deben indicar una declaraci\u00f3n clara y prominente de que el producto es administrado o utilizado \u00fanicamente por profesionales con licencia y cumple con los requisitos de etiquetado cosm\u00e9tico existentes.[\/vc_column_text][\/vc_tta_section][vc_tta_section title=&#8221;\u00bfCu\u00e1ndo entran en vigencia los nuevos requisitos de etiquetado?&#8221; tab_id=&#8221;when-do-the-new-labeling&#8221; el_class=&#8221;accordion-class&#8221;][vc_column_text]\n<div class=\"vc_tta-panel-body\">\n<div class=\"wpb_text_column wpb_content_element \">\n<div class=\"wpb_wrapper\">\n<p>Dentro de <strong>1 a\u00f1o<\/strong>: Las etiquetas de los productos cosm\u00e9ticos profesionales deben incluir toda la informaci\u00f3n requerida e indicar que solo los profesionales con licencia pueden usar el producto.<\/p>\n<p>Dentro de <strong>2 a\u00f1os<\/strong>: Las etiquetas deben incluir la informaci\u00f3n de contacto de la persona responsable para la presentaci\u00f3n de informes adversos y deben identificar los al\u00e9rgenos de fragancias determinados por la FDA.<\/p>\n<\/div>\n<\/div>\n<\/div>\n[\/vc_column_text][\/vc_tta_section][\/vc_tta_accordion][\/vc_column][\/vc_row][\/vc_section]\n<\/div>","protected":false},"excerpt":{"rendered":"<p>[vc_section el_class=&#8221;banner-section&#8221;][vc_row full_width=&#8221;stretch_row&#8221; content_placement=&#8221;top&#8221; disable_element=&#8221;yes&#8221; css=&#8221;.vc_custom_1709062389910{padding-top: 40px !important;background-color: #f4f4f4 !important;}&#8221;][vc_column][vc_single_image image=&#8221;26291&#8243; img_size=&#8221;full&#8221; alignment=&#8221;center&#8221; onclick=&#8221;custom_link&#8221; link=&#8221;https:\/\/staging.registrarcorp.com\/es\/services\/fda-registration\/cosmetics\/&#8221;][\/vc_column][\/vc_row][vc_row full_width=&#8221;stretch_row&#8221; css=&#8221;.vc_custom_1726758765454{padding-top: 70px !important;padding-bottom: 20px !important;background-color: #f4f4f4 !important;}&#8221; el_class=&#8221;topContainer row-wdith hero-section&#8221; el_id=&#8221;headerRow&#8221;][vc_column width=&#8221;1\/2&#8243;][vc_column_text fnt_family_h1=&#8221;Montserrat&#8221; fnt_size_h1=&#8221;46&#8243;] Prep\u00e1rese ahora para cumplir con los nuevos requisitos de la FDA de los EE. UU. para empresas cosm\u00e9ticas. [\/vc_column_text][vc_column_text fnt_family=&#8221;Montserrat&#8221; fnt_size=&#8221;24&#8243;]Los Estados Unidos recientemente promulgaron<\/p>\n","protected":false},"author":33,"featured_media":0,"parent":12761,"menu_order":0,"comment_status":"closed","ping_status":"closed","template":"page-templates\/page-sidebar-none.php","meta":{"_acf_changed":false,"content-type":"","footnotes":""},"class_list":["post-12671","page","type-page","status-publish","hentry"],"acf":[],"_links":{"self":[{"href":"https:\/\/staging.registrarcorp.com\/es\/wp-json\/wp\/v2\/pages\/12671","targetHints":{"allow":["GET"]}}],"collection":[{"href":"https:\/\/staging.registrarcorp.com\/es\/wp-json\/wp\/v2\/pages"}],"about":[{"href":"https:\/\/staging.registrarcorp.com\/es\/wp-json\/wp\/v2\/types\/page"}],"author":[{"embeddable":true,"href":"https:\/\/staging.registrarcorp.com\/es\/wp-json\/wp\/v2\/users\/33"}],"replies":[{"embeddable":true,"href":"https:\/\/staging.registrarcorp.com\/es\/wp-json\/wp\/v2\/comments?post=12671"}],"version-history":[{"count":0,"href":"https:\/\/staging.registrarcorp.com\/es\/wp-json\/wp\/v2\/pages\/12671\/revisions"}],"up":[{"embeddable":true,"href":"https:\/\/staging.registrarcorp.com\/es\/wp-json\/wp\/v2\/pages\/12761"}],"wp:attachment":[{"href":"https:\/\/staging.registrarcorp.com\/es\/wp-json\/wp\/v2\/media?parent=12671"}],"curies":[{"name":"wp","href":"https:\/\/api.w.org\/{rel}","templated":true}]}}